{"id":27019,"date":"2023-11-08T12:44:31","date_gmt":"2023-11-08T10:44:31","guid":{"rendered":"https:\/\/staging-schaffenburg.nl\/product\/dias\/"},"modified":"2023-11-08T12:44:31","modified_gmt":"2023-11-08T12:44:31","slug":"dias","status":"publish","type":"product","link":"https:\/\/portal.schaffenburg.nl\/de\/produkt\/dias\/","title":{"rendered":"Dias"},"content":{"rendered":"Entwerfen Sie mit unseren St\u00fchlen Dias Ihre eigenen einzigartigen Sitzgelegenheiten. Bei uns haben Sie die Wahl. W\u00e4hlen Sie aus einer wunderbaren Palette von Farben und Materialien f\u00fcr die Sitzfl\u00e4che. Ob Sie nun Kunstleder oder die W\u00e4rme von Stoff bevorzugen, das Ergebnis ist immer bequem und auf Ihren pers\u00f6nlichen Geschmack zugeschnitten. M\u00f6chten Sie eine zus\u00e4tzliche Note? Dann f\u00fcgen Sie Armlehnen hinzu. Oder entscheiden Sie sich f\u00fcr einen schlichten und modernen Barhocker.      \nMit dem Stuhl Dias sind Sie der Designer Ihres eigenen Sitzm\u00f6bels, und bei den vielen Optionen, die wir anbieten, ist f\u00fcr jeden etwas dabei. Kreieren Sie den perfekten Stuhl, der zu Ihnen passt, und genie\u00dfen Sie sowohl Komfort als auch Stil. \n<ul>\n<li>Verschiedene Rahmenoptionen.<\/li>\n<li>Sitz aus Kunstleder oder Stoff.<\/li>\n<li>Viele (Rahmen-)Farben m\u00f6glich.<\/li>\n<li>Erh\u00e4ltlich als Barhocker oder Stuhl mit oder ohne Armlehnen.<\/li>\n<\/ul>\n","protected":false},"excerpt":{"rendered":"<p>Entwerfen Sie mit unseren St\u00fchlen Dias Ihre eigenen einzigartigen Sitzgelegenheiten. Bei uns haben Sie die Wahl. W\u00e4hlen Sie aus einer wunderbaren Palette von Farben und Materialien f\u00fcr die Sitzfl\u00e4che. Ob Sie nun Kunstleder oder die W\u00e4rme von Stoff bevorzugen, das Ergebnis ist immer bequem und auf Ihren pers\u00f6nlichen Geschmack zugeschnitten. M\u00f6chten Sie eine zus\u00e4tzliche Note? [&hellip;]<\/p>\n","protected":false},"featured_media":25024,"comment_status":"closed","ping_status":"closed","template":"","meta":{"_acf_changed":false},"product_brand":[],"product_cat":[2138,2137,2139],"product_tag":[],"class_list":{"0":"post-27019","1":"product","2":"type-product","3":"status-publish","4":"has-post-thumbnail","6":"product_cat-faulenzen-und-treffen","7":"product_cat-projekte","8":"product_cat-weiche-sitzgelegenheiten","9":"pa_stoelframe-freischwingender-rahmen-chrom","10":"pa_stoelframe-kreuzfus-chrom","11":"pa_stoelframe-spinnenfus-chrom","13":"first","14":"instock","15":"product-type-variable"},"acf":{"downloads":[{"label":"","bestand":26900,"toegankelijkheid":"resellers"},{"label":"","bestand":26902,"toegankelijkheid":"resellers"}]},"yoast_head":"<!-- This site is optimized with the Yoast SEO plugin v26.7 - https:\/\/yoast.com\/wordpress\/plugins\/seo\/ -->\n<title>Dias - Schaffenburg<\/title>\n<meta name=\"robots\" content=\"index, follow, max-snippet:-1, max-image-preview:large, max-video-preview:-1\" \/>\n<link rel=\"canonical\" href=\"https:\/\/portal.schaffenburg.nl\/de\/produkt\/dias\/\" \/>\n<meta property=\"og:locale\" content=\"de_DE\" \/>\n<meta property=\"og:type\" content=\"article\" \/>\n<meta property=\"og:title\" content=\"Dias - Schaffenburg\" \/>\n<meta property=\"og:description\" content=\"Entwerfen Sie mit unseren St\u00fchlen Dias Ihre eigenen einzigartigen Sitzgelegenheiten. Bei uns haben Sie die Wahl. W\u00e4hlen Sie aus einer wunderbaren Palette von Farben und Materialien f\u00fcr die Sitzfl\u00e4che. Ob Sie nun Kunstleder oder die W\u00e4rme von Stoff bevorzugen, das Ergebnis ist immer bequem und auf Ihren pers\u00f6nlichen Geschmack zugeschnitten. M\u00f6chten Sie eine zus\u00e4tzliche Note? [&hellip;]\" \/>\n<meta property=\"og:url\" content=\"https:\/\/portal.schaffenburg.nl\/de\/produkt\/dias\/\" \/>\n<meta property=\"og:site_name\" content=\"Schaffenburg\" \/>\n<meta property=\"article:modified_time\" content=\"2023-11-08T12:44:31+00:00\" \/>\n<meta property=\"og:image\" content=\"https:\/\/portal.schaffenburg.nl\/wp-content\/uploads\/2024\/09\/1.png?wsr\" \/>\n\t<meta property=\"og:image:width\" content=\"1200\" \/>\n\t<meta property=\"og:image:height\" content=\"1200\" \/>\n\t<meta property=\"og:image:type\" content=\"image\/png\" \/>\n<meta name=\"twitter:card\" content=\"summary_large_image\" \/>\n<meta name=\"twitter:label1\" content=\"Gesch\u00e4tzte Lesezeit\" \/>\n\t<meta name=\"twitter:data1\" content=\"1\u00a0Minute\" \/>\n<script type=\"application\/ld+json\" class=\"yoast-schema-graph\">{\"@context\":\"https:\/\/schema.org\",\"@graph\":[{\"@type\":\"WebPage\",\"@id\":\"https:\/\/portal.schaffenburg.nl\/de\/produkt\/dias\/\",\"url\":\"https:\/\/portal.schaffenburg.nl\/de\/produkt\/dias\/\",\"name\":\"Dias - Schaffenburg\",\"isPartOf\":{\"@id\":\"https:\/\/portal.schaffenburg.nl\/de\/#website\"},\"primaryImageOfPage\":{\"@id\":\"https:\/\/portal.schaffenburg.nl\/de\/produkt\/dias\/#primaryimage\"},\"image\":{\"@id\":\"https:\/\/portal.schaffenburg.nl\/de\/produkt\/dias\/#primaryimage\"},\"thumbnailUrl\":\"https:\/\/portal.schaffenburg.nl\/wp-content\/uploads\/2024\/09\/1.png?wsr\",\"datePublished\":\"2023-11-08T10:44:31+00:00\",\"dateModified\":\"2023-11-08T12:44:31+00:00\",\"breadcrumb\":{\"@id\":\"https:\/\/portal.schaffenburg.nl\/de\/produkt\/dias\/#breadcrumb\"},\"inLanguage\":\"de\",\"potentialAction\":[{\"@type\":\"ReadAction\",\"target\":[\"https:\/\/portal.schaffenburg.nl\/de\/produkt\/dias\/\"]}]},{\"@type\":\"ImageObject\",\"inLanguage\":\"de\",\"@id\":\"https:\/\/portal.schaffenburg.nl\/de\/produkt\/dias\/#primaryimage\",\"url\":\"https:\/\/portal.schaffenburg.nl\/wp-content\/uploads\/2024\/09\/1.png?wsr\",\"contentUrl\":\"https:\/\/portal.schaffenburg.nl\/wp-content\/uploads\/2024\/09\/1.png?wsr\",\"width\":1200,\"height\":1200},{\"@type\":\"BreadcrumbList\",\"@id\":\"https:\/\/portal.schaffenburg.nl\/de\/produkt\/dias\/#breadcrumb\",\"itemListElement\":[{\"@type\":\"ListItem\",\"position\":1,\"name\":\"Home\",\"item\":\"https:\/\/portal.schaffenburg.nl\/de\/\"},{\"@type\":\"ListItem\",\"position\":2,\"name\":\"Dias\"}]},{\"@type\":\"WebSite\",\"@id\":\"https:\/\/portal.schaffenburg.nl\/de\/#website\",\"url\":\"https:\/\/portal.schaffenburg.nl\/de\/\",\"name\":\"Schaffenburg\",\"description\":\"\",\"potentialAction\":[{\"@type\":\"SearchAction\",\"target\":{\"@type\":\"EntryPoint\",\"urlTemplate\":\"https:\/\/portal.schaffenburg.nl\/de\/?s={search_term_string}\"},\"query-input\":{\"@type\":\"PropertyValueSpecification\",\"valueRequired\":true,\"valueName\":\"search_term_string\"}}],\"inLanguage\":\"de\"}]}<\/script>\n<!-- \/ Yoast SEO plugin. -->","yoast_head_json":{"title":"Dias - Schaffenburg","robots":{"index":"index","follow":"follow","max-snippet":"max-snippet:-1","max-image-preview":"max-image-preview:large","max-video-preview":"max-video-preview:-1"},"canonical":"https:\/\/portal.schaffenburg.nl\/de\/produkt\/dias\/","og_locale":"de_DE","og_type":"article","og_title":"Dias - Schaffenburg","og_description":"Entwerfen Sie mit unseren St\u00fchlen Dias Ihre eigenen einzigartigen Sitzgelegenheiten. Bei uns haben Sie die Wahl. W\u00e4hlen Sie aus einer wunderbaren Palette von Farben und Materialien f\u00fcr die Sitzfl\u00e4che. Ob Sie nun Kunstleder oder die W\u00e4rme von Stoff bevorzugen, das Ergebnis ist immer bequem und auf Ihren pers\u00f6nlichen Geschmack zugeschnitten. M\u00f6chten Sie eine zus\u00e4tzliche Note? [&hellip;]","og_url":"https:\/\/portal.schaffenburg.nl\/de\/produkt\/dias\/","og_site_name":"Schaffenburg","article_modified_time":"2023-11-08T12:44:31+00:00","og_image":[{"width":1200,"height":1200,"url":"https:\/\/portal.schaffenburg.nl\/wp-content\/uploads\/2024\/09\/1.png?wsr","type":"image\/png"}],"twitter_card":"summary_large_image","twitter_misc":{"Gesch\u00e4tzte Lesezeit":"1\u00a0Minute"},"schema":{"@context":"https:\/\/schema.org","@graph":[{"@type":"WebPage","@id":"https:\/\/portal.schaffenburg.nl\/de\/produkt\/dias\/","url":"https:\/\/portal.schaffenburg.nl\/de\/produkt\/dias\/","name":"Dias - Schaffenburg","isPartOf":{"@id":"https:\/\/portal.schaffenburg.nl\/de\/#website"},"primaryImageOfPage":{"@id":"https:\/\/portal.schaffenburg.nl\/de\/produkt\/dias\/#primaryimage"},"image":{"@id":"https:\/\/portal.schaffenburg.nl\/de\/produkt\/dias\/#primaryimage"},"thumbnailUrl":"https:\/\/portal.schaffenburg.nl\/wp-content\/uploads\/2024\/09\/1.png?wsr","datePublished":"2023-11-08T10:44:31+00:00","dateModified":"2023-11-08T12:44:31+00:00","breadcrumb":{"@id":"https:\/\/portal.schaffenburg.nl\/de\/produkt\/dias\/#breadcrumb"},"inLanguage":"de","potentialAction":[{"@type":"ReadAction","target":["https:\/\/portal.schaffenburg.nl\/de\/produkt\/dias\/"]}]},{"@type":"ImageObject","inLanguage":"de","@id":"https:\/\/portal.schaffenburg.nl\/de\/produkt\/dias\/#primaryimage","url":"https:\/\/portal.schaffenburg.nl\/wp-content\/uploads\/2024\/09\/1.png?wsr","contentUrl":"https:\/\/portal.schaffenburg.nl\/wp-content\/uploads\/2024\/09\/1.png?wsr","width":1200,"height":1200},{"@type":"BreadcrumbList","@id":"https:\/\/portal.schaffenburg.nl\/de\/produkt\/dias\/#breadcrumb","itemListElement":[{"@type":"ListItem","position":1,"name":"Home","item":"https:\/\/portal.schaffenburg.nl\/de\/"},{"@type":"ListItem","position":2,"name":"Dias"}]},{"@type":"WebSite","@id":"https:\/\/portal.schaffenburg.nl\/de\/#website","url":"https:\/\/portal.schaffenburg.nl\/de\/","name":"Schaffenburg","description":"","potentialAction":[{"@type":"SearchAction","target":{"@type":"EntryPoint","urlTemplate":"https:\/\/portal.schaffenburg.nl\/de\/?s={search_term_string}"},"query-input":{"@type":"PropertyValueSpecification","valueRequired":true,"valueName":"search_term_string"}}],"inLanguage":"de"}]}},"_links":{"self":[{"href":"https:\/\/portal.schaffenburg.nl\/de\/wp-json\/wp\/v2\/product\/27019","targetHints":{"allow":["GET"]}}],"collection":[{"href":"https:\/\/portal.schaffenburg.nl\/de\/wp-json\/wp\/v2\/product"}],"about":[{"href":"https:\/\/portal.schaffenburg.nl\/de\/wp-json\/wp\/v2\/types\/product"}],"replies":[{"embeddable":true,"href":"https:\/\/portal.schaffenburg.nl\/de\/wp-json\/wp\/v2\/comments?post=27019"}],"wp:featuredmedia":[{"embeddable":true,"href":"https:\/\/portal.schaffenburg.nl\/de\/wp-json\/wp\/v2\/media\/25024"}],"wp:attachment":[{"href":"https:\/\/portal.schaffenburg.nl\/de\/wp-json\/wp\/v2\/media?parent=27019"}],"wp:term":[{"taxonomy":"product_brand","embeddable":true,"href":"https:\/\/portal.schaffenburg.nl\/de\/wp-json\/wp\/v2\/product_brand?post=27019"},{"taxonomy":"product_cat","embeddable":true,"href":"https:\/\/portal.schaffenburg.nl\/de\/wp-json\/wp\/v2\/product_cat?post=27019"},{"taxonomy":"product_tag","embeddable":true,"href":"https:\/\/portal.schaffenburg.nl\/de\/wp-json\/wp\/v2\/product_tag?post=27019"}],"curies":[{"name":"wp","href":"https:\/\/api.w.org\/{rel}","templated":true}]}}