{"id":27077,"date":"2023-09-20T11:54:40","date_gmt":"2023-09-20T09:54:40","guid":{"rendered":"https:\/\/staging-schaffenburg.nl\/product\/universal-kabelrinne-110-cm\/"},"modified":"2023-09-20T11:54:40","modified_gmt":"2023-09-20T11:54:40","slug":"universal-kabelrinne-110-cm","status":"publish","type":"product","link":"https:\/\/portal.schaffenburg.nl\/de\/produkt\/universal-kabelrinne-110-cm\/","title":{"rendered":"Universal-Kabelrinne 110 cm"},"content":{"rendered":"Die Universal-Kabelschublade 110 cm ist eine vielseitige L\u00f6sung f\u00fcr alle, die einen aufger\u00e4umten Arbeitsplatz suchen. Diese Kabelschublade l\u00e4sst sich unter jeder Arbeitsplatte montieren und bietet so eine praktische M\u00f6glichkeit, alle Kabel zu organisieren und aufzur\u00e4umen. \nMit einer Breite von 110 cm haben Sie genug Platz f\u00fcr all Ihre Kabel und Schn\u00fcre. Er ist so konzipiert, dass Sie die Kabel leicht organisieren und verstauen k\u00f6nnen. Dar\u00fcber hinaus k\u00f6nnen Sie die H\u00f6he der Kabelwanne in 3 verschiedene Positionen einstellen, je nach Ihren speziellen Bed\u00fcrfnissen. So k\u00f6nnen Sie sicher sein, dass sich die Kabel in der richtigen H\u00f6he befinden und Ihr Arbeitsbereich aufger\u00e4umt bleibt.   \nDank des kipp- und klappbaren Designs dieser Kabelschublade k\u00f6nnen Sie die ben\u00f6tigten Kabel leicht erreichen. Egal, ob Sie einen Computer, einen Drucker, einen Scanner oder ein anderes Ger\u00e4t verwenden, diese Kabelschublade sorgt daf\u00fcr, dass die Kabel immer ordentlich und organisiert sind. \nDie Universal-Kabelrinne 110 cm ist in 3 verschiedenen Farben erh\u00e4ltlich: Wei\u00df, Schwarz und Aluminium. So k\u00f6nnen Sie die Farbe w\u00e4hlen, die am besten zu Ihrem Arbeitsplatz und Ihrer Einrichtung passt. Diese Farben lassen sich auch gut mit anderen B\u00fcroartikeln und M\u00f6beln kombinieren.  \nDie Bestellung der 110 cm langen klappbaren Kabelrinne ist eine kluge Wahl, wenn Sie einen aufger\u00e4umten Arbeitsplatz haben und eine einfache Kabelverwaltung durchf\u00fchren m\u00f6chten. Dieses Produkt eignet sich auch f\u00fcr eine einzelne Kabelwanne unter Arbeitsplatten bis zu 160 cm. Bestellen Sie noch heute und machen Sie Schluss mit dem Kabelsalat in Ihrem Arbeitsbereich!  \n<h4>Eigenschaften<\/h4>\n<ul>\n<li class=\"p1\">Kabelrinne einzeln f\u00fcr unter der Arbeitsplatte bis zu 160 cm.<\/li>\n<li>Erh\u00e4ltlich in Wei\u00df und Schwarz.<\/li>\n<li>Kippbar\/klappbar<\/li>\n<\/ul>\n<em>F\u00fcr Tischplatten ab 160 cm k\u00f6nnen Sie die <a href=\"https:\/\/www.schaffenburg.nl\/shop\/projects\/accessoires-projects\/kabelgeleiding-projects\/universeel-kabellade-140-cm\/\" target=\"_blank\" rel=\"noopener noreferrer\">Universal Kabelwanne 140 cm<\/a> verwenden.<\/em>\n","protected":false},"excerpt":{"rendered":"<p>Die Universal-Kabelschublade 110 cm ist eine klappbare und kippbare Kabelschublade, die sich leicht unter jeder Arbeitsplatte montieren l\u00e4sst. Mit einer Breite von 110 cm und der in 3 Positionen verstellbaren H\u00f6he bietet sie gen\u00fcgend Platz f\u00fcr alle Ihre Kabel. Erh\u00e4ltlich in Wei\u00df und Schwarz.  <\/p>\n<p><strong>F\u00fcr Arbeitsplatten bis zu einer Breite von 160 cm. <\/strong>F\u00fcr Tischplatten ab 160 cm k\u00f6nnen Sie die <a href=\"https:\/\/www.schaffenburg.nl\/shop\/projects\/accessoires-projects\/kabelgeleiding-projects\/universeel-kabellade-140-cm\/\" target=\"_blank\" rel=\"noopener noreferrer\">Universal-Kabelwanne 140 cm<\/a> verwenden.<\/p>\n","protected":false},"featured_media":23648,"comment_status":"closed","ping_status":"closed","template":"","meta":{"_acf_changed":false},"product_brand":[],"product_cat":[2415,2140,2616],"product_tag":[2623,2639,2624,2625,2626,2627,2628,2629,2630,2145,2631,2427,2632,2617,2633,2618,2634,2619,2635,2620,2636,2621,2637,2622,2638],"class_list":{"0":"post-27077","1":"product","2":"type-product","3":"status-publish","4":"has-post-thumbnail","6":"product_cat-schreibtisch-tischzubehor","7":"product_cat-schnelle-lieferung","8":"product_cat-kabelfuhrung","9":"product_tag-zubehor-fur-den-schreibtisch","10":"product_tag-110-cm-de","11":"product_tag-desktop-de","12":"product_tag-kabel-de","13":"product_tag-kabelmanagement-de-2","14":"product_tag-kabelbox","15":"product_tag-kabelkanal","16":"product_tag-kabelrinne","17":"product_tag-kabel-organisieren","18":"product_tag-schwarz","19":"product_tag-kabelmanagement-de-3","20":"product_tag-weis","21":"product_tag-kippen","22":"product_tag-einstellbar","23":"product_tag-aufgelost","24":"product_tag-heimburo","25":"product_tag-zusammenklappbar","26":"product_tag-buro-de","27":"product_tag-arbeitsblatt","28":"product_tag-kabelmanagement-de","29":"product_tag-arbeitsplatz","30":"product_tag-metall","31":"product_tag-arbeitsplatz-accessoire","32":"product_tag-universal-de","33":"product_tag-schreibtisch-accessoire","34":"pa_staal-kleur-aluminium-de","35":"pa_staal-kleur-schwarz","36":"pa_staal-kleur-weis","38":"first","39":"instock","40":"purchasable","41":"product-type-variable"},"acf":{"downloads":null},"yoast_head":"<!-- This site is optimized with the Yoast SEO plugin v26.7 - https:\/\/yoast.com\/wordpress\/plugins\/seo\/ -->\n<title>Universal-Kabelrinne 110 cm - Schaffenburg<\/title>\n<meta name=\"robots\" content=\"index, follow, max-snippet:-1, max-image-preview:large, max-video-preview:-1\" \/>\n<link rel=\"canonical\" href=\"https:\/\/portal.schaffenburg.nl\/de\/produkt\/universal-kabelrinne-110-cm\/\" \/>\n<meta property=\"og:locale\" content=\"de_DE\" \/>\n<meta property=\"og:type\" content=\"article\" \/>\n<meta property=\"og:title\" content=\"Universal-Kabelrinne 110 cm - Schaffenburg\" \/>\n<meta property=\"og:description\" content=\"Die Universal-Kabelschublade 110 cm ist eine klappbare und kippbare Kabelschublade, die sich leicht unter jeder Arbeitsplatte montieren l\u00e4sst. Mit einer Breite von 110 cm und der in 3 Positionen verstellbaren H\u00f6he bietet sie gen\u00fcgend Platz f\u00fcr alle Ihre Kabel. Erh\u00e4ltlich in Wei\u00df und Schwarz.  F\u00fcr Arbeitsplatten bis zu einer Breite von 160 cm. F\u00fcr Tischplatten ab 160 cm k\u00f6nnen Sie die Universal-Kabelwanne 140 cm verwenden.\" \/>\n<meta property=\"og:url\" content=\"https:\/\/portal.schaffenburg.nl\/de\/produkt\/universal-kabelrinne-110-cm\/\" \/>\n<meta property=\"og:site_name\" content=\"Schaffenburg\" \/>\n<meta property=\"article:modified_time\" content=\"2023-09-20T11:54:40+00:00\" \/>\n<meta property=\"og:image\" content=\"https:\/\/portal.schaffenburg.nl\/wp-content\/uploads\/2024\/09\/Kabellade-140-all.jpg?wsr\" \/>\n\t<meta property=\"og:image:width\" content=\"468\" \/>\n\t<meta property=\"og:image:height\" content=\"434\" \/>\n\t<meta property=\"og:image:type\" content=\"image\/jpeg\" \/>\n<meta name=\"twitter:card\" content=\"summary_large_image\" \/>\n<meta name=\"twitter:label1\" content=\"Gesch\u00e4tzte Lesezeit\" \/>\n\t<meta name=\"twitter:data1\" content=\"1\u00a0Minute\" \/>\n<script type=\"application\/ld+json\" class=\"yoast-schema-graph\">{\"@context\":\"https:\/\/schema.org\",\"@graph\":[{\"@type\":\"WebPage\",\"@id\":\"https:\/\/portal.schaffenburg.nl\/de\/produkt\/universal-kabelrinne-110-cm\/\",\"url\":\"https:\/\/portal.schaffenburg.nl\/de\/produkt\/universal-kabelrinne-110-cm\/\",\"name\":\"Universal-Kabelrinne 110 cm - Schaffenburg\",\"isPartOf\":{\"@id\":\"https:\/\/portal.schaffenburg.nl\/de\/#website\"},\"primaryImageOfPage\":{\"@id\":\"https:\/\/portal.schaffenburg.nl\/de\/produkt\/universal-kabelrinne-110-cm\/#primaryimage\"},\"image\":{\"@id\":\"https:\/\/portal.schaffenburg.nl\/de\/produkt\/universal-kabelrinne-110-cm\/#primaryimage\"},\"thumbnailUrl\":\"https:\/\/portal.schaffenburg.nl\/wp-content\/uploads\/2024\/09\/Kabellade-140-all.jpg?wsr\",\"datePublished\":\"2023-09-20T09:54:40+00:00\",\"dateModified\":\"2023-09-20T11:54:40+00:00\",\"breadcrumb\":{\"@id\":\"https:\/\/portal.schaffenburg.nl\/de\/produkt\/universal-kabelrinne-110-cm\/#breadcrumb\"},\"inLanguage\":\"de\",\"potentialAction\":[{\"@type\":\"ReadAction\",\"target\":[\"https:\/\/portal.schaffenburg.nl\/de\/produkt\/universal-kabelrinne-110-cm\/\"]}]},{\"@type\":\"ImageObject\",\"inLanguage\":\"de\",\"@id\":\"https:\/\/portal.schaffenburg.nl\/de\/produkt\/universal-kabelrinne-110-cm\/#primaryimage\",\"url\":\"https:\/\/portal.schaffenburg.nl\/wp-content\/uploads\/2024\/09\/Kabellade-140-all.jpg?wsr\",\"contentUrl\":\"https:\/\/portal.schaffenburg.nl\/wp-content\/uploads\/2024\/09\/Kabellade-140-all.jpg?wsr\",\"width\":468,\"height\":434},{\"@type\":\"BreadcrumbList\",\"@id\":\"https:\/\/portal.schaffenburg.nl\/de\/produkt\/universal-kabelrinne-110-cm\/#breadcrumb\",\"itemListElement\":[{\"@type\":\"ListItem\",\"position\":1,\"name\":\"Home\",\"item\":\"https:\/\/portal.schaffenburg.nl\/de\/\"},{\"@type\":\"ListItem\",\"position\":2,\"name\":\"Universal-Kabelrinne 110 cm\"}]},{\"@type\":\"WebSite\",\"@id\":\"https:\/\/portal.schaffenburg.nl\/de\/#website\",\"url\":\"https:\/\/portal.schaffenburg.nl\/de\/\",\"name\":\"Schaffenburg\",\"description\":\"\",\"potentialAction\":[{\"@type\":\"SearchAction\",\"target\":{\"@type\":\"EntryPoint\",\"urlTemplate\":\"https:\/\/portal.schaffenburg.nl\/de\/?s={search_term_string}\"},\"query-input\":{\"@type\":\"PropertyValueSpecification\",\"valueRequired\":true,\"valueName\":\"search_term_string\"}}],\"inLanguage\":\"de\"}]}<\/script>\n<!-- \/ Yoast SEO plugin. -->","yoast_head_json":{"title":"Universal-Kabelrinne 110 cm - Schaffenburg","robots":{"index":"index","follow":"follow","max-snippet":"max-snippet:-1","max-image-preview":"max-image-preview:large","max-video-preview":"max-video-preview:-1"},"canonical":"https:\/\/portal.schaffenburg.nl\/de\/produkt\/universal-kabelrinne-110-cm\/","og_locale":"de_DE","og_type":"article","og_title":"Universal-Kabelrinne 110 cm - Schaffenburg","og_description":"Die Universal-Kabelschublade 110 cm ist eine klappbare und kippbare Kabelschublade, die sich leicht unter jeder Arbeitsplatte montieren l\u00e4sst. Mit einer Breite von 110 cm und der in 3 Positionen verstellbaren H\u00f6he bietet sie gen\u00fcgend Platz f\u00fcr alle Ihre Kabel. Erh\u00e4ltlich in Wei\u00df und Schwarz.  F\u00fcr Arbeitsplatten bis zu einer Breite von 160 cm. F\u00fcr Tischplatten ab 160 cm k\u00f6nnen Sie die Universal-Kabelwanne 140 cm verwenden.","og_url":"https:\/\/portal.schaffenburg.nl\/de\/produkt\/universal-kabelrinne-110-cm\/","og_site_name":"Schaffenburg","article_modified_time":"2023-09-20T11:54:40+00:00","og_image":[{"width":468,"height":434,"url":"https:\/\/portal.schaffenburg.nl\/wp-content\/uploads\/2024\/09\/Kabellade-140-all.jpg?wsr","type":"image\/jpeg"}],"twitter_card":"summary_large_image","twitter_misc":{"Gesch\u00e4tzte Lesezeit":"1\u00a0Minute"},"schema":{"@context":"https:\/\/schema.org","@graph":[{"@type":"WebPage","@id":"https:\/\/portal.schaffenburg.nl\/de\/produkt\/universal-kabelrinne-110-cm\/","url":"https:\/\/portal.schaffenburg.nl\/de\/produkt\/universal-kabelrinne-110-cm\/","name":"Universal-Kabelrinne 110 cm - Schaffenburg","isPartOf":{"@id":"https:\/\/portal.schaffenburg.nl\/de\/#website"},"primaryImageOfPage":{"@id":"https:\/\/portal.schaffenburg.nl\/de\/produkt\/universal-kabelrinne-110-cm\/#primaryimage"},"image":{"@id":"https:\/\/portal.schaffenburg.nl\/de\/produkt\/universal-kabelrinne-110-cm\/#primaryimage"},"thumbnailUrl":"https:\/\/portal.schaffenburg.nl\/wp-content\/uploads\/2024\/09\/Kabellade-140-all.jpg?wsr","datePublished":"2023-09-20T09:54:40+00:00","dateModified":"2023-09-20T11:54:40+00:00","breadcrumb":{"@id":"https:\/\/portal.schaffenburg.nl\/de\/produkt\/universal-kabelrinne-110-cm\/#breadcrumb"},"inLanguage":"de","potentialAction":[{"@type":"ReadAction","target":["https:\/\/portal.schaffenburg.nl\/de\/produkt\/universal-kabelrinne-110-cm\/"]}]},{"@type":"ImageObject","inLanguage":"de","@id":"https:\/\/portal.schaffenburg.nl\/de\/produkt\/universal-kabelrinne-110-cm\/#primaryimage","url":"https:\/\/portal.schaffenburg.nl\/wp-content\/uploads\/2024\/09\/Kabellade-140-all.jpg?wsr","contentUrl":"https:\/\/portal.schaffenburg.nl\/wp-content\/uploads\/2024\/09\/Kabellade-140-all.jpg?wsr","width":468,"height":434},{"@type":"BreadcrumbList","@id":"https:\/\/portal.schaffenburg.nl\/de\/produkt\/universal-kabelrinne-110-cm\/#breadcrumb","itemListElement":[{"@type":"ListItem","position":1,"name":"Home","item":"https:\/\/portal.schaffenburg.nl\/de\/"},{"@type":"ListItem","position":2,"name":"Universal-Kabelrinne 110 cm"}]},{"@type":"WebSite","@id":"https:\/\/portal.schaffenburg.nl\/de\/#website","url":"https:\/\/portal.schaffenburg.nl\/de\/","name":"Schaffenburg","description":"","potentialAction":[{"@type":"SearchAction","target":{"@type":"EntryPoint","urlTemplate":"https:\/\/portal.schaffenburg.nl\/de\/?s={search_term_string}"},"query-input":{"@type":"PropertyValueSpecification","valueRequired":true,"valueName":"search_term_string"}}],"inLanguage":"de"}]}},"_links":{"self":[{"href":"https:\/\/portal.schaffenburg.nl\/de\/wp-json\/wp\/v2\/product\/27077","targetHints":{"allow":["GET"]}}],"collection":[{"href":"https:\/\/portal.schaffenburg.nl\/de\/wp-json\/wp\/v2\/product"}],"about":[{"href":"https:\/\/portal.schaffenburg.nl\/de\/wp-json\/wp\/v2\/types\/product"}],"replies":[{"embeddable":true,"href":"https:\/\/portal.schaffenburg.nl\/de\/wp-json\/wp\/v2\/comments?post=27077"}],"wp:featuredmedia":[{"embeddable":true,"href":"https:\/\/portal.schaffenburg.nl\/de\/wp-json\/wp\/v2\/media\/23648"}],"wp:attachment":[{"href":"https:\/\/portal.schaffenburg.nl\/de\/wp-json\/wp\/v2\/media?parent=27077"}],"wp:term":[{"taxonomy":"product_brand","embeddable":true,"href":"https:\/\/portal.schaffenburg.nl\/de\/wp-json\/wp\/v2\/product_brand?post=27077"},{"taxonomy":"product_cat","embeddable":true,"href":"https:\/\/portal.schaffenburg.nl\/de\/wp-json\/wp\/v2\/product_cat?post=27077"},{"taxonomy":"product_tag","embeddable":true,"href":"https:\/\/portal.schaffenburg.nl\/de\/wp-json\/wp\/v2\/product_tag?post=27077"}],"curies":[{"name":"wp","href":"https:\/\/api.w.org\/{rel}","templated":true}]}}