{"id":27082,"date":"2023-11-27T15:10:39","date_gmt":"2023-11-27T13:10:39","guid":{"rendered":"https:\/\/staging-schaffenburg.nl\/product\/talo-acoustic-huddle\/"},"modified":"2023-11-27T15:10:39","modified_gmt":"2023-11-27T15:10:39","slug":"talo-acoustic-huddle","status":"publish","type":"product","link":"https:\/\/portal.schaffenburg.nl\/de\/produkt\/talo-acoustic-huddle\/","title":{"rendered":"TALO Acoustic Huddle"},"content":{"rendered":"TALO wurde mit Blick auf die Bed\u00fcrfnisse des modernen Arbeitsplatzes entwickelt. Diese innovative L\u00f6sung verbessert die Ergonomie Ihrer Arbeitsumgebung durch Komfort und durchdachte Beleuchtung. So entstehen inspirierende R\u00e4ume, die die F\u00e4higkeit zur Zusammenarbeit und zum Austausch verbessern.  \nIn der heutigen Arbeitswelt geht der Trend zu komfortablen R\u00e4umen mit einem hohen Ma\u00df an Funktionalit\u00e4t und Flexibilit\u00e4t. Diese Entwicklung erfordert nicht nur R\u00e4ume, die effizient funktionieren, sondern auch R\u00e4ume, in denen wir uns wohlf\u00fchlen. \nMeetings mit Kollegen sind oft informell und spontan, mit einer kleinen Anzahl von Personen. Hierf\u00fcr ist TALO mit seinen Konfigurationen f\u00fcr zwei, vier oder sechs Personen ideal. Er dient sowohl als lebendiges Zentrum f\u00fcr Ideen und Zusammenarbeit als auch als ruhiger Ort der Konzentration. Das macht TALO zum perfekten akustischen Treffpunkt im B\u00fcro.   \nTALO ist die L\u00f6sung, die diese Bed\u00fcrfnisse erf\u00fcllt, indem sie R\u00e4ume schafft, in denen Sie sich konzentrieren, verbinden, zusammenarbeiten und sich inspirieren lassen k\u00f6nnen.\n<h6>Merkmale:<\/h6>\n<ul>\n<li>Wahlweise f\u00fcr zwei, vier oder sechs Personen<br \/>\nZwei Personen: 700 mm x 2300 mm x 2100 mm (LxBxH)<br \/>\nVier Personen: 1400 mm x 2300 mm x 2100 mm (LxBxH)<br \/>\nSechs Personen: 2100 mm x 2300 mm x 2100 mm (LxBxH)<\/li>\n<li>Auswahl der Stoffgruppen 0,1 und 3<br \/>\nStoffgruppe 0 = Camira Era<br \/>\nStoffgruppe 1 = Camira Xtreme<br \/>\nStoffgruppe 3 = Camira Blazer, Camira Synergy, Camira Hemp<\/li>\n<li>Vier Farben f\u00fcr das Tischgestell zur Auswahl: Schwarz, Wei\u00df, Aluminium und Graphit<\/li>\n<li>Auswahl aus vielen Melamin-Tischplattenfarben<\/li>\n<li>Zur Ausstattung mit 230V-Unterputzger\u00e4ten in Wei\u00df und Schwarz<\/li>\n<li>Zur Ausstattung mit USB A+C Einbauger\u00e4ten in Wei\u00df und Schwarz<\/li>\n<\/ul>\n","protected":false},"excerpt":{"rendered":"<p>TALO ist eine moderne Arbeitsplatzl\u00f6sung, die auf Komfort und Funktionalit\u00e4t ausgerichtet ist. Er verbessert die Ergonomie und die Beleuchtung von R\u00e4umen und macht sie ideal f\u00fcr Zusammenarbeit und Konzentration. TALO bietet Platz f\u00fcr 2-6 Personen und dient als kreativer Mittelpunkt und Konzentrationsraum.  <\/p>\n","protected":false},"featured_media":24964,"comment_status":"closed","ping_status":"closed","template":"","meta":{"_acf_changed":false},"product_brand":[],"product_cat":[2138,2137],"product_tag":[2655,2687,2706,2657,2689,2708,2659,2691,2710,2661,2692,2712,2663,2693,2714,2665,2694,2717,2667,2695,2719,2669,2696,2586,2671,2697,2641,2673,2698,2643,2675,2699,2645,2677,2700,2647,2679,2701,2649,2681,2702,2651,2683,2703,2653,2685,2704],"class_list":{"0":"post-27082","1":"product","2":"type-product","3":"status-publish","4":"has-post-thumbnail","6":"product_cat-faulenzen-und-treffen","7":"product_cat-projekte","8":"product_tag-42-zoll-bildschirm","9":"product_tag-idea-hub-de","10":"product_tag-vier-personen-gesprachsrunde","11":"product_tag-akustik","12":"product_tag-informelle-treffen","13":"product_tag-weise-einbaugerate","14":"product_tag-akustische-isolierung","15":"product_tag-inspirierende-umgebung","16":"product_tag-weise-usb-ac-unterputzgerate","17":"product_tag-rahmen-aus-aluminium","18":"product_tag-burokolloquium","19":"product_tag-huddle-mit-sechs-personen","20":"product_tag-kombinationen-von-polstermobeln","21":"product_tag-kleine-gruppen","22":"product_tag-schwarzer-rahmen","23":"product_tag-camira-blazer-de","24":"product_tag-farben-der-tischgestelle","25":"product_tag-schwarze-einbaugerate","26":"product_tag-camira-ara","27":"product_tag-mfc-tabellen","28":"product_tag-schwarze-usb-ac-unterputzgerate","29":"product_tag-camira-hanf","30":"product_tag-schaumstoffplatten","31":"product_tag-zusammenarbeit","32":"product_tag-camira-synergie","33":"product_tag-substanzgruppen","34":"product_tag-ergonomie-de","35":"product_tag-camira-xtreme-de","36":"product_tag-tischplatten-mfc1","37":"product_tag-flexibilitat","38":"product_tag-komfortabler-platz","39":"product_tag-tischplatten-mfc2","40":"product_tag-akustisch","41":"product_tag-konzentrationsraum","42":"product_tag-talo-de","43":"product_tag-moderner-arbeitsplatz","44":"product_tag-europaische-steckdosen","45":"product_tag-talo-acoustic-huddle-de","46":"product_tag-usb-ladepunkte","47":"product_tag-graphit-rahmen","48":"product_tag-zwei-personen-knauel","49":"product_tag-weiser-rahmen","50":"product_tag-huddle-de","51":"product_tag-usb-ac-einbaugerate","52":"product_tag-230v-einbaugerate","53":"product_tag-hauschen","54":"product_tag-beleuchtungsoptionen","56":"first","57":"instock","58":"purchasable","59":"product-type-simple"},"acf":{"downloads":[{"label":"","bestand":26904,"toegankelijkheid":"resellers"},{"label":"","bestand":26906,"toegankelijkheid":"resellers"},{"label":"","bestand":26908,"toegankelijkheid":"resellers"},{"label":"","bestand":26910,"toegankelijkheid":"resellers"},{"label":"","bestand":26912,"toegankelijkheid":"resellers"},{"label":"","bestand":26914,"toegankelijkheid":"resellers"},{"label":"","bestand":26916,"toegankelijkheid":"resellers"},{"label":"","bestand":"","toegankelijkheid":"resellers"}]},"yoast_head":"<!-- This site is optimized with the Yoast SEO plugin v26.7 - https:\/\/yoast.com\/wordpress\/plugins\/seo\/ -->\n<title>TALO Acoustic Huddle - Akustischer Treffpunkt -Schaffenburg<\/title>\n<meta name=\"description\" content=\"TALO Acoustic Huddle: Schaffen Sie den perfekten modernen Arbeitsplatz mit Ergonomie, Komfort, Konnektivit\u00e4t und Inspiration. Ideal f\u00fcr Zusammenarbeit und Konzentration.\" \/>\n<meta name=\"robots\" content=\"index, follow, max-snippet:-1, max-image-preview:large, max-video-preview:-1\" \/>\n<link rel=\"canonical\" href=\"https:\/\/portal.schaffenburg.nl\/de\/produkt\/talo-acoustic-huddle\/\" \/>\n<meta property=\"og:locale\" content=\"de_DE\" \/>\n<meta property=\"og:type\" content=\"article\" \/>\n<meta property=\"og:title\" content=\"TALO Acoustic Huddle - Akustischer Treffpunkt -Schaffenburg\" \/>\n<meta property=\"og:description\" content=\"TALO Acoustic Huddle: Schaffen Sie den perfekten modernen Arbeitsplatz mit Ergonomie, Komfort, Konnektivit\u00e4t und Inspiration. Ideal f\u00fcr Zusammenarbeit und Konzentration.\" \/>\n<meta property=\"og:url\" content=\"https:\/\/portal.schaffenburg.nl\/de\/produkt\/talo-acoustic-huddle\/\" \/>\n<meta property=\"og:site_name\" content=\"Schaffenburg\" \/>\n<meta property=\"article:modified_time\" content=\"2023-11-27T15:10:39+00:00\" \/>\n<meta property=\"og:image\" content=\"https:\/\/portal.schaffenburg.nl\/wp-content\/uploads\/2024\/09\/TALO_6P_02-scaled-1.jpg?wsr\" \/>\n\t<meta property=\"og:image:width\" content=\"1810\" \/>\n\t<meta property=\"og:image:height\" content=\"2560\" \/>\n\t<meta property=\"og:image:type\" content=\"image\/jpeg\" \/>\n<meta name=\"twitter:card\" content=\"summary_large_image\" \/>\n<meta name=\"twitter:label1\" content=\"Gesch\u00e4tzte Lesezeit\" \/>\n\t<meta name=\"twitter:data1\" content=\"1\u00a0Minute\" \/>\n<script type=\"application\/ld+json\" class=\"yoast-schema-graph\">{\"@context\":\"https:\/\/schema.org\",\"@graph\":[{\"@type\":\"WebPage\",\"@id\":\"https:\/\/portal.schaffenburg.nl\/de\/produkt\/talo-acoustic-huddle\/\",\"url\":\"https:\/\/portal.schaffenburg.nl\/de\/produkt\/talo-acoustic-huddle\/\",\"name\":\"TALO Acoustic Huddle - Akustischer Treffpunkt -Schaffenburg\",\"isPartOf\":{\"@id\":\"https:\/\/portal.schaffenburg.nl\/de\/#website\"},\"primaryImageOfPage\":{\"@id\":\"https:\/\/portal.schaffenburg.nl\/de\/produkt\/talo-acoustic-huddle\/#primaryimage\"},\"image\":{\"@id\":\"https:\/\/portal.schaffenburg.nl\/de\/produkt\/talo-acoustic-huddle\/#primaryimage\"},\"thumbnailUrl\":\"https:\/\/portal.schaffenburg.nl\/wp-content\/uploads\/2024\/09\/TALO_6P_02-scaled-1.jpg?wsr\",\"datePublished\":\"2023-11-27T13:10:39+00:00\",\"dateModified\":\"2023-11-27T15:10:39+00:00\",\"description\":\"TALO Acoustic Huddle: Schaffen Sie den perfekten modernen Arbeitsplatz mit Ergonomie, Komfort, Konnektivit\u00e4t und Inspiration. Ideal f\u00fcr Zusammenarbeit und Konzentration.\",\"breadcrumb\":{\"@id\":\"https:\/\/portal.schaffenburg.nl\/de\/produkt\/talo-acoustic-huddle\/#breadcrumb\"},\"inLanguage\":\"de\",\"potentialAction\":[{\"@type\":\"ReadAction\",\"target\":[\"https:\/\/portal.schaffenburg.nl\/de\/produkt\/talo-acoustic-huddle\/\"]}]},{\"@type\":\"ImageObject\",\"inLanguage\":\"de\",\"@id\":\"https:\/\/portal.schaffenburg.nl\/de\/produkt\/talo-acoustic-huddle\/#primaryimage\",\"url\":\"https:\/\/portal.schaffenburg.nl\/wp-content\/uploads\/2024\/09\/TALO_6P_02-scaled-1.jpg?wsr\",\"contentUrl\":\"https:\/\/portal.schaffenburg.nl\/wp-content\/uploads\/2024\/09\/TALO_6P_02-scaled-1.jpg?wsr\",\"width\":1810,\"height\":2560,\"caption\":\"Talo Acoustic Huddle\"},{\"@type\":\"BreadcrumbList\",\"@id\":\"https:\/\/portal.schaffenburg.nl\/de\/produkt\/talo-acoustic-huddle\/#breadcrumb\",\"itemListElement\":[{\"@type\":\"ListItem\",\"position\":1,\"name\":\"Home\",\"item\":\"https:\/\/portal.schaffenburg.nl\/de\/\"},{\"@type\":\"ListItem\",\"position\":2,\"name\":\"TALO Acoustic Huddle\"}]},{\"@type\":\"WebSite\",\"@id\":\"https:\/\/portal.schaffenburg.nl\/de\/#website\",\"url\":\"https:\/\/portal.schaffenburg.nl\/de\/\",\"name\":\"Schaffenburg\",\"description\":\"\",\"potentialAction\":[{\"@type\":\"SearchAction\",\"target\":{\"@type\":\"EntryPoint\",\"urlTemplate\":\"https:\/\/portal.schaffenburg.nl\/de\/?s={search_term_string}\"},\"query-input\":{\"@type\":\"PropertyValueSpecification\",\"valueRequired\":true,\"valueName\":\"search_term_string\"}}],\"inLanguage\":\"de\"}]}<\/script>\n<!-- \/ Yoast SEO plugin. -->","yoast_head_json":{"title":"TALO Acoustic Huddle - Akustischer Treffpunkt -Schaffenburg","description":"TALO Acoustic Huddle: Schaffen Sie den perfekten modernen Arbeitsplatz mit Ergonomie, Komfort, Konnektivit\u00e4t und Inspiration. Ideal f\u00fcr Zusammenarbeit und Konzentration.","robots":{"index":"index","follow":"follow","max-snippet":"max-snippet:-1","max-image-preview":"max-image-preview:large","max-video-preview":"max-video-preview:-1"},"canonical":"https:\/\/portal.schaffenburg.nl\/de\/produkt\/talo-acoustic-huddle\/","og_locale":"de_DE","og_type":"article","og_title":"TALO Acoustic Huddle - Akustischer Treffpunkt -Schaffenburg","og_description":"TALO Acoustic Huddle: Schaffen Sie den perfekten modernen Arbeitsplatz mit Ergonomie, Komfort, Konnektivit\u00e4t und Inspiration. Ideal f\u00fcr Zusammenarbeit und Konzentration.","og_url":"https:\/\/portal.schaffenburg.nl\/de\/produkt\/talo-acoustic-huddle\/","og_site_name":"Schaffenburg","article_modified_time":"2023-11-27T15:10:39+00:00","og_image":[{"width":1810,"height":2560,"url":"https:\/\/portal.schaffenburg.nl\/wp-content\/uploads\/2024\/09\/TALO_6P_02-scaled-1.jpg?wsr","type":"image\/jpeg"}],"twitter_card":"summary_large_image","twitter_misc":{"Gesch\u00e4tzte Lesezeit":"1\u00a0Minute"},"schema":{"@context":"https:\/\/schema.org","@graph":[{"@type":"WebPage","@id":"https:\/\/portal.schaffenburg.nl\/de\/produkt\/talo-acoustic-huddle\/","url":"https:\/\/portal.schaffenburg.nl\/de\/produkt\/talo-acoustic-huddle\/","name":"TALO Acoustic Huddle - Akustischer Treffpunkt -Schaffenburg","isPartOf":{"@id":"https:\/\/portal.schaffenburg.nl\/de\/#website"},"primaryImageOfPage":{"@id":"https:\/\/portal.schaffenburg.nl\/de\/produkt\/talo-acoustic-huddle\/#primaryimage"},"image":{"@id":"https:\/\/portal.schaffenburg.nl\/de\/produkt\/talo-acoustic-huddle\/#primaryimage"},"thumbnailUrl":"https:\/\/portal.schaffenburg.nl\/wp-content\/uploads\/2024\/09\/TALO_6P_02-scaled-1.jpg?wsr","datePublished":"2023-11-27T13:10:39+00:00","dateModified":"2023-11-27T15:10:39+00:00","description":"TALO Acoustic Huddle: Schaffen Sie den perfekten modernen Arbeitsplatz mit Ergonomie, Komfort, Konnektivit\u00e4t und Inspiration. Ideal f\u00fcr Zusammenarbeit und Konzentration.","breadcrumb":{"@id":"https:\/\/portal.schaffenburg.nl\/de\/produkt\/talo-acoustic-huddle\/#breadcrumb"},"inLanguage":"de","potentialAction":[{"@type":"ReadAction","target":["https:\/\/portal.schaffenburg.nl\/de\/produkt\/talo-acoustic-huddle\/"]}]},{"@type":"ImageObject","inLanguage":"de","@id":"https:\/\/portal.schaffenburg.nl\/de\/produkt\/talo-acoustic-huddle\/#primaryimage","url":"https:\/\/portal.schaffenburg.nl\/wp-content\/uploads\/2024\/09\/TALO_6P_02-scaled-1.jpg?wsr","contentUrl":"https:\/\/portal.schaffenburg.nl\/wp-content\/uploads\/2024\/09\/TALO_6P_02-scaled-1.jpg?wsr","width":1810,"height":2560,"caption":"Talo Acoustic Huddle"},{"@type":"BreadcrumbList","@id":"https:\/\/portal.schaffenburg.nl\/de\/produkt\/talo-acoustic-huddle\/#breadcrumb","itemListElement":[{"@type":"ListItem","position":1,"name":"Home","item":"https:\/\/portal.schaffenburg.nl\/de\/"},{"@type":"ListItem","position":2,"name":"TALO Acoustic Huddle"}]},{"@type":"WebSite","@id":"https:\/\/portal.schaffenburg.nl\/de\/#website","url":"https:\/\/portal.schaffenburg.nl\/de\/","name":"Schaffenburg","description":"","potentialAction":[{"@type":"SearchAction","target":{"@type":"EntryPoint","urlTemplate":"https:\/\/portal.schaffenburg.nl\/de\/?s={search_term_string}"},"query-input":{"@type":"PropertyValueSpecification","valueRequired":true,"valueName":"search_term_string"}}],"inLanguage":"de"}]}},"_links":{"self":[{"href":"https:\/\/portal.schaffenburg.nl\/de\/wp-json\/wp\/v2\/product\/27082","targetHints":{"allow":["GET"]}}],"collection":[{"href":"https:\/\/portal.schaffenburg.nl\/de\/wp-json\/wp\/v2\/product"}],"about":[{"href":"https:\/\/portal.schaffenburg.nl\/de\/wp-json\/wp\/v2\/types\/product"}],"replies":[{"embeddable":true,"href":"https:\/\/portal.schaffenburg.nl\/de\/wp-json\/wp\/v2\/comments?post=27082"}],"wp:featuredmedia":[{"embeddable":true,"href":"https:\/\/portal.schaffenburg.nl\/de\/wp-json\/wp\/v2\/media\/24964"}],"wp:attachment":[{"href":"https:\/\/portal.schaffenburg.nl\/de\/wp-json\/wp\/v2\/media?parent=27082"}],"wp:term":[{"taxonomy":"product_brand","embeddable":true,"href":"https:\/\/portal.schaffenburg.nl\/de\/wp-json\/wp\/v2\/product_brand?post=27082"},{"taxonomy":"product_cat","embeddable":true,"href":"https:\/\/portal.schaffenburg.nl\/de\/wp-json\/wp\/v2\/product_cat?post=27082"},{"taxonomy":"product_tag","embeddable":true,"href":"https:\/\/portal.schaffenburg.nl\/de\/wp-json\/wp\/v2\/product_tag?post=27082"}],"curies":[{"name":"wp","href":"https:\/\/api.w.org\/{rel}","templated":true}]}}