{"id":27472,"date":"2021-03-17T13:10:27","date_gmt":"2021-03-17T11:10:27","guid":{"rendered":"https:\/\/staging-schaffenburg.nl\/product\/schubladenblock-claudius-basic-n\/"},"modified":"2021-03-17T13:10:27","modified_gmt":"2021-03-17T13:10:27","slug":"schubladenblock-claudius-basic-n","status":"publish","type":"product","link":"https:\/\/portal.schaffenburg.nl\/de\/produkt\/schubladenblock-claudius-basic-n\/","title":{"rendered":"Schubladenblock Claudius Basic N"},"content":{"rendered":"Mit dem Schubladenschrank Claudius Basic N haben Sie eine vielseitige Aufbewahrungsl\u00f6sung f\u00fcr all Ihre Habseligkeiten. Er hat drei Schubladen mit schwarzen, kugelgelagerten Schubladenf\u00fchrungen. Au\u00dferdem hat er gerade, grifflose Fronten und ist in Wei\u00df oder Schwarz erh\u00e4ltlich, so dass Sie die Farbe w\u00e4hlen k\u00f6nnen, die am besten zu Ihrem Arbeitsbereich passt.  \nDie Schubladeneinheit enth\u00e4lt eine Stiftablage aus Kunststoff und verf\u00fcgt \u00fcber ein Zentralschloss mit Gelenkschl\u00fcssel und Zahlenschloss, das zus\u00e4tzliche Sicherheit bietet. Die vorderen zwei der f\u00fcnf Rollen sind gebremst, so dass der Schubladenblock bei Bedarf an seinem Platz bleibt. \nDie Kippsicherung sorgt daf\u00fcr, dass der Schubladenblock fest an seinem Platz bleibt, auch wenn Sie die Schubladen ganz herausziehen. So k\u00f6nnen Sie das Schubladenelement sicher und stabil verwenden. \nDieses Schubladenregal ist perfekt f\u00fcr B\u00fcros, Heimb\u00fcros oder andere Arbeitsbereiche, in denen Sie zus\u00e4tzlichen Stauraum ben\u00f6tigen. Ganz gleich, ob Sie Papiere, Dokumente, B\u00fcromaterialien oder pers\u00f6nliche Gegenst\u00e4nde aufbewahren m\u00f6chten, unser Schubladenschrank sorgt daf\u00fcr, dass Sie immer einen aufger\u00e4umten Arbeitsplatz haben. \nBestellen Sie noch heute Ihren Claudius Basic N Schubladenschrank in Wei\u00df oder Schwarz und genie\u00dfen Sie eine vielseitige, zuverl\u00e4ssige und sichere Aufbewahrungsl\u00f6sung.\n<h6>Eigenschaften<\/h6>\n<ul>\n<li>Ausgestattet mit drei Schubladen<\/li>\n<li>Korpus und Schubladen wei\u00df RAL 9016 oder schwarz RAL 9005<\/li>\n<li>Innenseite der Schubladen immer schwarz<\/li>\n<li>Gerade grifflose Fronten<\/li>\n<li>Inklusive Stiftablage aus Kunststoff<\/li>\n<li>Zentralverriegelung mit Gelenkschl\u00fcssel und Zahlenschloss<\/li>\n<li>F\u00fcnf R\u00e4der (die beiden vorderen mit Bremse)<\/li>\n<li>Schubladenf\u00fchrungen mit Kugellager<\/li>\n<li>Anti-Kipp-System<\/li>\n<li>Ma\u00dfe: 42 x 58 x 53,5 cm<\/li>\n<\/ul>\n","protected":false},"excerpt":{"rendered":"<p>Organisieren Sie Ihren Arbeitsbereich mit dem Claudius Basic N Schubladenschrank mit 3 Schubladen, erh\u00e4ltlich in Wei\u00df oder Schwarz. Inklusive Stiftablage aus Kunststoff und Kippschutzsystem. <\/p>\n","protected":false},"featured_media":24162,"comment_status":"closed","ping_status":"closed","template":"","meta":{"_acf_changed":false},"product_brand":[],"product_cat":[2140,2423],"product_tag":[2285,2982,2426,2984,2427,2986,2428,2988,2435,2990,2618,2992,2633,2994,2964,2996,2966,2998,2968,3000,2970,3002,2972,3003,2974,3005,2976,3007,2978,3010,2145,2980],"class_list":{"0":"post-27472","1":"product","2":"type-product","3":"status-publish","4":"has-post-thumbnail","6":"product_cat-schnelle-lieferung","7":"product_cat-lagerung","8":"product_tag-buro","9":"product_tag-drei-schubladen","10":"product_tag-dokumente","11":"product_tag-grifflos","12":"product_tag-weis","13":"product_tag-bueroausstattung","14":"product_tag-claudius-de","15":"product_tag-kugellager-de","16":"product_tag-schublade","17":"product_tag-stiftablage-aus-kunststoff","18":"product_tag-heimburo","19":"product_tag-schubladenblock","20":"product_tag-aufgelost","21":"product_tag-schubladenfuehrungen","22":"product_tag-stabil","23":"product_tag-kommode-mit-schubladen","24":"product_tag-lagerung","25":"product_tag-mit-gelenkigen-tasten","26":"product_tag-lagerung-de","27":"product_tag-papier","28":"product_tag-sichere-aufbewahrung","29":"product_tag-persoenliche-gegenstaende","30":"product_tag-von-zu-hause-aus-arbeiten","31":"product_tag-bremsen","32":"product_tag-basic-de","33":"product_tag-tasten","34":"product_tag-speicherloesung","35":"product_tag-fuenf-raeder","36":"product_tag-anti-kipp-system","37":"product_tag-claudius-basic-n-de","38":"product_tag-schwarz","39":"product_tag-zentralverriegelung","40":"pa_staal-kleur-aluminium-de","41":"pa_staal-kleur-schwarz","42":"pa_staal-kleur-weis","44":"first","45":"instock","46":"purchasable","47":"product-type-variable"},"acf":{"downloads":[{"label":"","bestand":16291,"toegankelijkheid":"resellers"}]},"yoast_head":"<!-- This site is optimized with the Yoast SEO plugin v26.7 - https:\/\/yoast.com\/wordpress\/plugins\/seo\/ -->\n<title>Schubladenblock Claudius Basic N - Schaffenburg<\/title>\n<meta name=\"robots\" content=\"index, follow, max-snippet:-1, max-image-preview:large, max-video-preview:-1\" \/>\n<link rel=\"canonical\" href=\"https:\/\/portal.schaffenburg.nl\/de\/produkt\/schubladenblock-claudius-basic-n\/\" \/>\n<meta property=\"og:locale\" content=\"de_DE\" \/>\n<meta property=\"og:type\" content=\"article\" \/>\n<meta property=\"og:title\" content=\"Schubladenblock Claudius Basic N - Schaffenburg\" \/>\n<meta property=\"og:description\" content=\"Organisieren Sie Ihren Arbeitsbereich mit dem Claudius Basic N Schubladenschrank mit 3 Schubladen, erh\u00e4ltlich in Wei\u00df oder Schwarz. Inklusive Stiftablage aus Kunststoff und Kippschutzsystem.\" \/>\n<meta property=\"og:url\" content=\"https:\/\/portal.schaffenburg.nl\/de\/produkt\/schubladenblock-claudius-basic-n\/\" \/>\n<meta property=\"og:site_name\" content=\"Schaffenburg\" \/>\n<meta property=\"article:modified_time\" content=\"2021-03-17T13:10:27+00:00\" \/>\n<meta property=\"og:image\" content=\"https:\/\/portal.schaffenburg.nl\/wp-content\/uploads\/2024\/09\/CLAUDIUS-BASIC-N_wit-scaled-1.jpg?wsr\" \/>\n\t<meta property=\"og:image:width\" content=\"2560\" \/>\n\t<meta property=\"og:image:height\" content=\"1440\" \/>\n\t<meta property=\"og:image:type\" content=\"image\/jpeg\" \/>\n<meta name=\"twitter:card\" content=\"summary_large_image\" \/>\n<meta name=\"twitter:label1\" content=\"Gesch\u00e4tzte Lesezeit\" \/>\n\t<meta name=\"twitter:data1\" content=\"1\u00a0Minute\" \/>\n<script type=\"application\/ld+json\" class=\"yoast-schema-graph\">{\"@context\":\"https:\/\/schema.org\",\"@graph\":[{\"@type\":\"WebPage\",\"@id\":\"https:\/\/portal.schaffenburg.nl\/de\/produkt\/schubladenblock-claudius-basic-n\/\",\"url\":\"https:\/\/portal.schaffenburg.nl\/de\/produkt\/schubladenblock-claudius-basic-n\/\",\"name\":\"Schubladenblock Claudius Basic N - Schaffenburg\",\"isPartOf\":{\"@id\":\"https:\/\/portal.schaffenburg.nl\/de\/#website\"},\"primaryImageOfPage\":{\"@id\":\"https:\/\/portal.schaffenburg.nl\/de\/produkt\/schubladenblock-claudius-basic-n\/#primaryimage\"},\"image\":{\"@id\":\"https:\/\/portal.schaffenburg.nl\/de\/produkt\/schubladenblock-claudius-basic-n\/#primaryimage\"},\"thumbnailUrl\":\"https:\/\/portal.schaffenburg.nl\/wp-content\/uploads\/2024\/09\/CLAUDIUS-BASIC-N_wit-scaled-1.jpg?wsr\",\"datePublished\":\"2021-03-17T11:10:27+00:00\",\"dateModified\":\"2021-03-17T13:10:27+00:00\",\"breadcrumb\":{\"@id\":\"https:\/\/portal.schaffenburg.nl\/de\/produkt\/schubladenblock-claudius-basic-n\/#breadcrumb\"},\"inLanguage\":\"de\",\"potentialAction\":[{\"@type\":\"ReadAction\",\"target\":[\"https:\/\/portal.schaffenburg.nl\/de\/produkt\/schubladenblock-claudius-basic-n\/\"]}]},{\"@type\":\"ImageObject\",\"inLanguage\":\"de\",\"@id\":\"https:\/\/portal.schaffenburg.nl\/de\/produkt\/schubladenblock-claudius-basic-n\/#primaryimage\",\"url\":\"https:\/\/portal.schaffenburg.nl\/wp-content\/uploads\/2024\/09\/CLAUDIUS-BASIC-N_wit-scaled-1.jpg?wsr\",\"contentUrl\":\"https:\/\/portal.schaffenburg.nl\/wp-content\/uploads\/2024\/09\/CLAUDIUS-BASIC-N_wit-scaled-1.jpg?wsr\",\"width\":2560,\"height\":1440,\"caption\":\"Schubladenblock Claudius Basic N\"},{\"@type\":\"BreadcrumbList\",\"@id\":\"https:\/\/portal.schaffenburg.nl\/de\/produkt\/schubladenblock-claudius-basic-n\/#breadcrumb\",\"itemListElement\":[{\"@type\":\"ListItem\",\"position\":1,\"name\":\"Home\",\"item\":\"https:\/\/portal.schaffenburg.nl\/de\/\"},{\"@type\":\"ListItem\",\"position\":2,\"name\":\"Schubladenblock Claudius Basic N\"}]},{\"@type\":\"WebSite\",\"@id\":\"https:\/\/portal.schaffenburg.nl\/de\/#website\",\"url\":\"https:\/\/portal.schaffenburg.nl\/de\/\",\"name\":\"Schaffenburg\",\"description\":\"\",\"potentialAction\":[{\"@type\":\"SearchAction\",\"target\":{\"@type\":\"EntryPoint\",\"urlTemplate\":\"https:\/\/portal.schaffenburg.nl\/de\/?s={search_term_string}\"},\"query-input\":{\"@type\":\"PropertyValueSpecification\",\"valueRequired\":true,\"valueName\":\"search_term_string\"}}],\"inLanguage\":\"de\"}]}<\/script>\n<!-- \/ Yoast SEO plugin. -->","yoast_head_json":{"title":"Schubladenblock Claudius Basic N - Schaffenburg","robots":{"index":"index","follow":"follow","max-snippet":"max-snippet:-1","max-image-preview":"max-image-preview:large","max-video-preview":"max-video-preview:-1"},"canonical":"https:\/\/portal.schaffenburg.nl\/de\/produkt\/schubladenblock-claudius-basic-n\/","og_locale":"de_DE","og_type":"article","og_title":"Schubladenblock Claudius Basic N - Schaffenburg","og_description":"Organisieren Sie Ihren Arbeitsbereich mit dem Claudius Basic N Schubladenschrank mit 3 Schubladen, erh\u00e4ltlich in Wei\u00df oder Schwarz. Inklusive Stiftablage aus Kunststoff und Kippschutzsystem.","og_url":"https:\/\/portal.schaffenburg.nl\/de\/produkt\/schubladenblock-claudius-basic-n\/","og_site_name":"Schaffenburg","article_modified_time":"2021-03-17T13:10:27+00:00","og_image":[{"width":2560,"height":1440,"url":"https:\/\/portal.schaffenburg.nl\/wp-content\/uploads\/2024\/09\/CLAUDIUS-BASIC-N_wit-scaled-1.jpg?wsr","type":"image\/jpeg"}],"twitter_card":"summary_large_image","twitter_misc":{"Gesch\u00e4tzte Lesezeit":"1\u00a0Minute"},"schema":{"@context":"https:\/\/schema.org","@graph":[{"@type":"WebPage","@id":"https:\/\/portal.schaffenburg.nl\/de\/produkt\/schubladenblock-claudius-basic-n\/","url":"https:\/\/portal.schaffenburg.nl\/de\/produkt\/schubladenblock-claudius-basic-n\/","name":"Schubladenblock Claudius Basic N - Schaffenburg","isPartOf":{"@id":"https:\/\/portal.schaffenburg.nl\/de\/#website"},"primaryImageOfPage":{"@id":"https:\/\/portal.schaffenburg.nl\/de\/produkt\/schubladenblock-claudius-basic-n\/#primaryimage"},"image":{"@id":"https:\/\/portal.schaffenburg.nl\/de\/produkt\/schubladenblock-claudius-basic-n\/#primaryimage"},"thumbnailUrl":"https:\/\/portal.schaffenburg.nl\/wp-content\/uploads\/2024\/09\/CLAUDIUS-BASIC-N_wit-scaled-1.jpg?wsr","datePublished":"2021-03-17T11:10:27+00:00","dateModified":"2021-03-17T13:10:27+00:00","breadcrumb":{"@id":"https:\/\/portal.schaffenburg.nl\/de\/produkt\/schubladenblock-claudius-basic-n\/#breadcrumb"},"inLanguage":"de","potentialAction":[{"@type":"ReadAction","target":["https:\/\/portal.schaffenburg.nl\/de\/produkt\/schubladenblock-claudius-basic-n\/"]}]},{"@type":"ImageObject","inLanguage":"de","@id":"https:\/\/portal.schaffenburg.nl\/de\/produkt\/schubladenblock-claudius-basic-n\/#primaryimage","url":"https:\/\/portal.schaffenburg.nl\/wp-content\/uploads\/2024\/09\/CLAUDIUS-BASIC-N_wit-scaled-1.jpg?wsr","contentUrl":"https:\/\/portal.schaffenburg.nl\/wp-content\/uploads\/2024\/09\/CLAUDIUS-BASIC-N_wit-scaled-1.jpg?wsr","width":2560,"height":1440,"caption":"Schubladenblock Claudius Basic N"},{"@type":"BreadcrumbList","@id":"https:\/\/portal.schaffenburg.nl\/de\/produkt\/schubladenblock-claudius-basic-n\/#breadcrumb","itemListElement":[{"@type":"ListItem","position":1,"name":"Home","item":"https:\/\/portal.schaffenburg.nl\/de\/"},{"@type":"ListItem","position":2,"name":"Schubladenblock Claudius Basic N"}]},{"@type":"WebSite","@id":"https:\/\/portal.schaffenburg.nl\/de\/#website","url":"https:\/\/portal.schaffenburg.nl\/de\/","name":"Schaffenburg","description":"","potentialAction":[{"@type":"SearchAction","target":{"@type":"EntryPoint","urlTemplate":"https:\/\/portal.schaffenburg.nl\/de\/?s={search_term_string}"},"query-input":{"@type":"PropertyValueSpecification","valueRequired":true,"valueName":"search_term_string"}}],"inLanguage":"de"}]}},"_links":{"self":[{"href":"https:\/\/portal.schaffenburg.nl\/de\/wp-json\/wp\/v2\/product\/27472","targetHints":{"allow":["GET"]}}],"collection":[{"href":"https:\/\/portal.schaffenburg.nl\/de\/wp-json\/wp\/v2\/product"}],"about":[{"href":"https:\/\/portal.schaffenburg.nl\/de\/wp-json\/wp\/v2\/types\/product"}],"replies":[{"embeddable":true,"href":"https:\/\/portal.schaffenburg.nl\/de\/wp-json\/wp\/v2\/comments?post=27472"}],"wp:featuredmedia":[{"embeddable":true,"href":"https:\/\/portal.schaffenburg.nl\/de\/wp-json\/wp\/v2\/media\/24162"}],"wp:attachment":[{"href":"https:\/\/portal.schaffenburg.nl\/de\/wp-json\/wp\/v2\/media?parent=27472"}],"wp:term":[{"taxonomy":"product_brand","embeddable":true,"href":"https:\/\/portal.schaffenburg.nl\/de\/wp-json\/wp\/v2\/product_brand?post=27472"},{"taxonomy":"product_cat","embeddable":true,"href":"https:\/\/portal.schaffenburg.nl\/de\/wp-json\/wp\/v2\/product_cat?post=27472"},{"taxonomy":"product_tag","embeddable":true,"href":"https:\/\/portal.schaffenburg.nl\/de\/wp-json\/wp\/v2\/product_tag?post=27472"}],"curies":[{"name":"wp","href":"https:\/\/api.w.org\/{rel}","templated":true}]}}