{"id":27520,"date":"2021-05-05T14:18:03","date_gmt":"2021-05-05T14:18:03","guid":{"rendered":"https:\/\/staging-schaffenburg.nl\/product\/drehstuhl-serie-600-nen\/"},"modified":"2021-05-05T14:18:03","modified_gmt":"2021-05-05T14:18:03","slug":"drehstuhl-serie-600-nen","status":"publish","type":"product","link":"https:\/\/portal.schaffenburg.nl\/de\/produkt\/drehstuhl-serie-600-nen\/","title":{"rendered":"Drehstuhl Serie 600 NEN"},"content":{"rendered":"Sind Sie auf der Suche nach einem B\u00fcrostuhl, der Ihren Arbeitstag auf die n\u00e4chste Stufe hebt? Unser B\u00fcrostuhl der Serie 600 NEN ist die L\u00f6sung! Dieser B\u00fcrostuhl verf\u00fcgt \u00fcber eine schwarz gepolsterte Sitzfl\u00e4che und eine atmungsaktive Netzr\u00fcckenlehne, damit Sie bequem arbeiten k\u00f6nnen.  \nMit der Sitzh\u00f6henverstellung k\u00f6nnen Sie die H\u00f6he des Sitzes an Ihren K\u00f6rper anpassen, w\u00e4hrend die feste R\u00fcckenlehne und die h\u00f6henverstellbare Lendenwirbelst\u00fctze Ihrem R\u00fccken den n\u00f6tigen Halt geben. Die Sitztiefenverstellung von 7 cm und die h\u00f6hen- und breitenverstellbaren Armlehnen mit 3D-Armpolstern sorgen f\u00fcr eine ergonomisch gute Arbeitsposition. \nUnser Kippmechanismus mit synchroner Einstellung und permanentem R\u00fcckenkontakt sorgt f\u00fcr eine nat\u00fcrliche Bewegung und verhindert Erm\u00fcdung. Die gewichtsabh\u00e4ngige Neigungsverstellung und die Gasfeder der Klasse 4 sorgen f\u00fcr zus\u00e4tzliche Stabilit\u00e4t und Sicherheit. \nDas Gestell aus schwarzem, verst\u00e4rktem Kunststoff und die halbgebremsten Rollen sind f\u00fcr harte B\u00f6den geeignet und der Stoff hat eine Martindale-Bewertung von &gt;40.000, d.h. er ist strapazierf\u00e4hig und langlebig. Unser B\u00fcrostuhl ist au\u00dferdem nach der Norm NEN-EN 1335-1:20 getestet und zertifiziert und verf\u00fcgt \u00fcber feuerhemmenden Schaumstoff und Stoff gem\u00e4\u00df CA TB117-2013. \nMit der B\u00fcrostuhlserie 600 NEN erhalten Sie ein qualitativ hochwertiges und ergonomisch einwandfreies Produkt. Bestellen Sie jetzt und entdecken Sie den Unterschied! \n<h6>Eigenschaften<\/h6>\n<ul>\n<li>Netzr\u00fccken und gepolsterter Sitz schwarz<\/li>\n<li>Sitzbreite 52 - 58 cm<\/li>\n<li>Sitzh\u00f6henverstellung (48 - 58 cm vom Boden)<\/li>\n<li>Sitztiefe 49 - 55 cm<\/li>\n<li>Fester R\u00fccken<\/li>\n<li>H\u00f6henverstellbare Lendenwirbelst\u00fctze<\/li>\n<li>Sitztiefenverstellung 6 cm<\/li>\n<li>H\u00f6hen- und breitenverstellbare Armlehnen<\/li>\n<li>3D Achselpolster<\/li>\n<li>Kippmechanismus mit synchroner Einstellung<\/li>\n<li>Permanenter R\u00fcckkontakt<\/li>\n<li>Gewichtsabh\u00e4ngige Neigungsverstellung<\/li>\n<li>Gasfeder Klasse 4<\/li>\n<li>Schwarzer verst\u00e4rkter Kunststoffsockel<\/li>\n<li>Halbgebremste R\u00e4der f\u00fcr harte B\u00f6den<\/li>\n<li>Stoff &gt;40.000 Martindale<\/li>\n<li>Produktbreite 68 - 74 cm<\/li>\n<li>Produkth\u00f6he 123 - 133 cm<\/li>\n<li>Produkttiefe 60 - 66 cm<\/li>\n<li>Produktgewicht 18,4 kg<\/li>\n<li>Getestet und zertifiziert nach der Norm NEN-EN 1335-1:20<\/li>\n<li>Feuerhemmender Schaumstoff und Stoff gem\u00e4\u00df CA TB117-2013<\/li>\n<li>Belastbares Gewicht: 110 kg<\/li>\n<\/ul>\n","protected":false},"excerpt":{"rendered":"<p>Der ergonomische B\u00fcrostuhl 600 NEN mit Netzr\u00fcckenlehne und gepolstertem Sitz bietet dank der verstellbaren Armlehnen, der h\u00f6henverstellbaren Lendenwirbelst\u00fctze, der Sitztiefenverstellung und der Neigemechanik mit Synchroneinstellung optimalen Sitzkomfort. Der B\u00fcrostuhl ist nach der Norm NEN-EN 1335-1:20 zertifiziert und mit feuerhemmendem Schaumstoff und Stoff ausgestattet. Der verst\u00e4rkte Kunststofffu\u00df und die halbverstrebten Rollen machen diesen B\u00fcrostuhl f\u00fcr harte B\u00f6den geeignet. Mit einem Stoff von 40.000 Martindale ist dieser B\u00fcrostuhl sehr langlebig und f\u00fcr eine intensive Nutzung geeignet.   <\/p>\n","protected":false},"featured_media":33868,"comment_status":"closed","ping_status":"closed","template":"","meta":{"_acf_changed":false},"product_brand":[],"product_cat":[2140,3052],"product_tag":[2145,3067,2573,3068,3053,3069,3054,3070,3055,3071,3056,3072,3057,3073,3058,3074,3059,3075,3060,3076,3061,3077,3062,3063,3064,3065,3066],"class_list":{"0":"post-27520","1":"product","2":"type-product","3":"status-publish","4":"has-post-thumbnail","6":"product_cat-schnelle-lieferung","7":"product_cat-buerostuehle","8":"product_tag-schwarz","9":"product_tag-getestet","10":"product_tag-stoff","11":"product_tag-nen-en-1335-120-norm-de","12":"product_tag-3d-armpads-de","13":"product_tag-ca-tb117-2013-de","14":"product_tag-buerostuhl","15":"product_tag-gasfeder-klasse-4","16":"product_tag-gepolstert","17":"product_tag-stoff-40-000-martindale","18":"product_tag-gewichtsabhaengige-neigungsverstellung","19":"product_tag-einstellung-der-sitztiefe","20":"product_tag-harte-boeden","21":"product_tag-feuerhemmender-schaumstoff","22":"product_tag-einstellung-der-sitzhoehe","23":"product_tag-hoehenverstellbare-lendenwirbelstuetze","24":"product_tag-permanenter-rueckkontakt","25":"product_tag-hoehen-und-breitenverstellbare-armlehnen","26":"product_tag-synchrone-einstellung","27":"product_tag-600-nen-serie","28":"product_tag-kippmechanismus","29":"product_tag-verstaerkt","30":"product_tag-fester-ruecken","31":"product_tag-halbgebremste-raeder","32":"product_tag-sockel-aus-kunststoff","33":"product_tag-atmungsaktives-mesh","34":"product_tag-zertifiziert","35":"pa_bekleding-grau","36":"pa_bekleding-schwarz","38":"first","39":"instock","40":"purchasable","41":"product-type-variable"},"acf":{"downloads":[{"label":"","bestand":16288,"toegankelijkheid":"resellers"},{"label":"","bestand":34195,"toegankelijkheid":"resellers"},{"label":"","bestand":34222,"toegankelijkheid":"resellers"},{"label":"","bestand":"","toegankelijkheid":"resellers"},{"label":"","bestand":34198,"toegankelijkheid":"resellers"},{"label":"","bestand":34201,"toegankelijkheid":"resellers"},{"label":"","bestand":34222,"toegankelijkheid":"resellers"},{"label":"","bestand":34204,"toegankelijkheid":"resellers"},{"label":"","bestand":34222,"toegankelijkheid":"resellers"}]},"yoast_head":"<!-- This site is optimized with the Yoast SEO plugin v26.7 - https:\/\/yoast.com\/wordpress\/plugins\/seo\/ -->\n<title>Drehstuhl Serie 600 NEN - Schaffenburg<\/title>\n<meta name=\"robots\" content=\"index, follow, max-snippet:-1, max-image-preview:large, max-video-preview:-1\" \/>\n<link rel=\"canonical\" href=\"https:\/\/portal.schaffenburg.nl\/de\/produkt\/drehstuhl-serie-600-nen\/\" \/>\n<meta property=\"og:locale\" content=\"de_DE\" \/>\n<meta property=\"og:type\" content=\"article\" \/>\n<meta property=\"og:title\" content=\"Drehstuhl Serie 600 NEN - Schaffenburg\" \/>\n<meta property=\"og:description\" content=\"Der ergonomische B\u00fcrostuhl 600 NEN mit Netzr\u00fcckenlehne und gepolstertem Sitz bietet dank der verstellbaren Armlehnen, der h\u00f6henverstellbaren Lendenwirbelst\u00fctze, der Sitztiefenverstellung und der Neigemechanik mit Synchroneinstellung optimalen Sitzkomfort. Der B\u00fcrostuhl ist nach der Norm NEN-EN 1335-1:20 zertifiziert und mit feuerhemmendem Schaumstoff und Stoff ausgestattet. Der verst\u00e4rkte Kunststofffu\u00df und die halbverstrebten Rollen machen diesen B\u00fcrostuhl f\u00fcr harte B\u00f6den geeignet. Mit einem Stoff von 40.000 Martindale ist dieser B\u00fcrostuhl sehr langlebig und f\u00fcr eine intensive Nutzung geeignet.\" \/>\n<meta property=\"og:url\" content=\"https:\/\/portal.schaffenburg.nl\/de\/produkt\/drehstuhl-serie-600-nen\/\" \/>\n<meta property=\"og:site_name\" content=\"Schaffenburg\" \/>\n<meta property=\"og:image\" content=\"https:\/\/portal.schaffenburg.nl\/wp-content\/uploads\/2025\/06\/ATO-600-NEN-BM-BB_001-scaled.jpg?wsr\" \/>\n\t<meta property=\"og:image:width\" content=\"2560\" \/>\n\t<meta property=\"og:image:height\" content=\"2560\" \/>\n\t<meta property=\"og:image:type\" content=\"image\/jpeg\" \/>\n<meta name=\"twitter:card\" content=\"summary_large_image\" \/>\n<meta name=\"twitter:label1\" content=\"Gesch\u00e4tzte Lesezeit\" \/>\n\t<meta name=\"twitter:data1\" content=\"2\u00a0Minuten\" \/>\n<script type=\"application\/ld+json\" class=\"yoast-schema-graph\">{\"@context\":\"https:\/\/schema.org\",\"@graph\":[{\"@type\":\"WebPage\",\"@id\":\"https:\/\/portal.schaffenburg.nl\/de\/produkt\/drehstuhl-serie-600-nen\/\",\"url\":\"https:\/\/portal.schaffenburg.nl\/de\/produkt\/drehstuhl-serie-600-nen\/\",\"name\":\"Drehstuhl Serie 600 NEN - Schaffenburg\",\"isPartOf\":{\"@id\":\"https:\/\/portal.schaffenburg.nl\/de\/#website\"},\"primaryImageOfPage\":{\"@id\":\"https:\/\/portal.schaffenburg.nl\/de\/produkt\/drehstuhl-serie-600-nen\/#primaryimage\"},\"image\":{\"@id\":\"https:\/\/portal.schaffenburg.nl\/de\/produkt\/drehstuhl-serie-600-nen\/#primaryimage\"},\"thumbnailUrl\":\"https:\/\/portal.schaffenburg.nl\/wp-content\/uploads\/2025\/06\/ATO-600-NEN-BM-BB_001-scaled.jpg?wsr\",\"datePublished\":\"2021-05-05T14:18:03+00:00\",\"breadcrumb\":{\"@id\":\"https:\/\/portal.schaffenburg.nl\/de\/produkt\/drehstuhl-serie-600-nen\/#breadcrumb\"},\"inLanguage\":\"de\",\"potentialAction\":[{\"@type\":\"ReadAction\",\"target\":[\"https:\/\/portal.schaffenburg.nl\/de\/produkt\/drehstuhl-serie-600-nen\/\"]}]},{\"@type\":\"ImageObject\",\"inLanguage\":\"de\",\"@id\":\"https:\/\/portal.schaffenburg.nl\/de\/produkt\/drehstuhl-serie-600-nen\/#primaryimage\",\"url\":\"https:\/\/portal.schaffenburg.nl\/wp-content\/uploads\/2025\/06\/ATO-600-NEN-BM-BB_001-scaled.jpg?wsr\",\"contentUrl\":\"https:\/\/portal.schaffenburg.nl\/wp-content\/uploads\/2025\/06\/ATO-600-NEN-BM-BB_001-scaled.jpg?wsr\",\"width\":2560,\"height\":2560},{\"@type\":\"BreadcrumbList\",\"@id\":\"https:\/\/portal.schaffenburg.nl\/de\/produkt\/drehstuhl-serie-600-nen\/#breadcrumb\",\"itemListElement\":[{\"@type\":\"ListItem\",\"position\":1,\"name\":\"Home\",\"item\":\"https:\/\/portal.schaffenburg.nl\/de\/\"},{\"@type\":\"ListItem\",\"position\":2,\"name\":\"Drehstuhl Serie 600 NEN\"}]},{\"@type\":\"WebSite\",\"@id\":\"https:\/\/portal.schaffenburg.nl\/de\/#website\",\"url\":\"https:\/\/portal.schaffenburg.nl\/de\/\",\"name\":\"Schaffenburg\",\"description\":\"\",\"potentialAction\":[{\"@type\":\"SearchAction\",\"target\":{\"@type\":\"EntryPoint\",\"urlTemplate\":\"https:\/\/portal.schaffenburg.nl\/de\/?s={search_term_string}\"},\"query-input\":{\"@type\":\"PropertyValueSpecification\",\"valueRequired\":true,\"valueName\":\"search_term_string\"}}],\"inLanguage\":\"de\"}]}<\/script>\n<!-- \/ Yoast SEO plugin. -->","yoast_head_json":{"title":"Drehstuhl Serie 600 NEN - Schaffenburg","robots":{"index":"index","follow":"follow","max-snippet":"max-snippet:-1","max-image-preview":"max-image-preview:large","max-video-preview":"max-video-preview:-1"},"canonical":"https:\/\/portal.schaffenburg.nl\/de\/produkt\/drehstuhl-serie-600-nen\/","og_locale":"de_DE","og_type":"article","og_title":"Drehstuhl Serie 600 NEN - Schaffenburg","og_description":"Der ergonomische B\u00fcrostuhl 600 NEN mit Netzr\u00fcckenlehne und gepolstertem Sitz bietet dank der verstellbaren Armlehnen, der h\u00f6henverstellbaren Lendenwirbelst\u00fctze, der Sitztiefenverstellung und der Neigemechanik mit Synchroneinstellung optimalen Sitzkomfort. Der B\u00fcrostuhl ist nach der Norm NEN-EN 1335-1:20 zertifiziert und mit feuerhemmendem Schaumstoff und Stoff ausgestattet. Der verst\u00e4rkte Kunststofffu\u00df und die halbverstrebten Rollen machen diesen B\u00fcrostuhl f\u00fcr harte B\u00f6den geeignet. Mit einem Stoff von 40.000 Martindale ist dieser B\u00fcrostuhl sehr langlebig und f\u00fcr eine intensive Nutzung geeignet.","og_url":"https:\/\/portal.schaffenburg.nl\/de\/produkt\/drehstuhl-serie-600-nen\/","og_site_name":"Schaffenburg","og_image":[{"width":2560,"height":2560,"url":"https:\/\/portal.schaffenburg.nl\/wp-content\/uploads\/2025\/06\/ATO-600-NEN-BM-BB_001-scaled.jpg?wsr","type":"image\/jpeg"}],"twitter_card":"summary_large_image","twitter_misc":{"Gesch\u00e4tzte Lesezeit":"2\u00a0Minuten"},"schema":{"@context":"https:\/\/schema.org","@graph":[{"@type":"WebPage","@id":"https:\/\/portal.schaffenburg.nl\/de\/produkt\/drehstuhl-serie-600-nen\/","url":"https:\/\/portal.schaffenburg.nl\/de\/produkt\/drehstuhl-serie-600-nen\/","name":"Drehstuhl Serie 600 NEN - Schaffenburg","isPartOf":{"@id":"https:\/\/portal.schaffenburg.nl\/de\/#website"},"primaryImageOfPage":{"@id":"https:\/\/portal.schaffenburg.nl\/de\/produkt\/drehstuhl-serie-600-nen\/#primaryimage"},"image":{"@id":"https:\/\/portal.schaffenburg.nl\/de\/produkt\/drehstuhl-serie-600-nen\/#primaryimage"},"thumbnailUrl":"https:\/\/portal.schaffenburg.nl\/wp-content\/uploads\/2025\/06\/ATO-600-NEN-BM-BB_001-scaled.jpg?wsr","datePublished":"2021-05-05T14:18:03+00:00","breadcrumb":{"@id":"https:\/\/portal.schaffenburg.nl\/de\/produkt\/drehstuhl-serie-600-nen\/#breadcrumb"},"inLanguage":"de","potentialAction":[{"@type":"ReadAction","target":["https:\/\/portal.schaffenburg.nl\/de\/produkt\/drehstuhl-serie-600-nen\/"]}]},{"@type":"ImageObject","inLanguage":"de","@id":"https:\/\/portal.schaffenburg.nl\/de\/produkt\/drehstuhl-serie-600-nen\/#primaryimage","url":"https:\/\/portal.schaffenburg.nl\/wp-content\/uploads\/2025\/06\/ATO-600-NEN-BM-BB_001-scaled.jpg?wsr","contentUrl":"https:\/\/portal.schaffenburg.nl\/wp-content\/uploads\/2025\/06\/ATO-600-NEN-BM-BB_001-scaled.jpg?wsr","width":2560,"height":2560},{"@type":"BreadcrumbList","@id":"https:\/\/portal.schaffenburg.nl\/de\/produkt\/drehstuhl-serie-600-nen\/#breadcrumb","itemListElement":[{"@type":"ListItem","position":1,"name":"Home","item":"https:\/\/portal.schaffenburg.nl\/de\/"},{"@type":"ListItem","position":2,"name":"Drehstuhl Serie 600 NEN"}]},{"@type":"WebSite","@id":"https:\/\/portal.schaffenburg.nl\/de\/#website","url":"https:\/\/portal.schaffenburg.nl\/de\/","name":"Schaffenburg","description":"","potentialAction":[{"@type":"SearchAction","target":{"@type":"EntryPoint","urlTemplate":"https:\/\/portal.schaffenburg.nl\/de\/?s={search_term_string}"},"query-input":{"@type":"PropertyValueSpecification","valueRequired":true,"valueName":"search_term_string"}}],"inLanguage":"de"}]}},"_links":{"self":[{"href":"https:\/\/portal.schaffenburg.nl\/de\/wp-json\/wp\/v2\/product\/27520","targetHints":{"allow":["GET"]}}],"collection":[{"href":"https:\/\/portal.schaffenburg.nl\/de\/wp-json\/wp\/v2\/product"}],"about":[{"href":"https:\/\/portal.schaffenburg.nl\/de\/wp-json\/wp\/v2\/types\/product"}],"replies":[{"embeddable":true,"href":"https:\/\/portal.schaffenburg.nl\/de\/wp-json\/wp\/v2\/comments?post=27520"}],"wp:featuredmedia":[{"embeddable":true,"href":"https:\/\/portal.schaffenburg.nl\/de\/wp-json\/wp\/v2\/media\/33868"}],"wp:attachment":[{"href":"https:\/\/portal.schaffenburg.nl\/de\/wp-json\/wp\/v2\/media?parent=27520"}],"wp:term":[{"taxonomy":"product_brand","embeddable":true,"href":"https:\/\/portal.schaffenburg.nl\/de\/wp-json\/wp\/v2\/product_brand?post=27520"},{"taxonomy":"product_cat","embeddable":true,"href":"https:\/\/portal.schaffenburg.nl\/de\/wp-json\/wp\/v2\/product_cat?post=27520"},{"taxonomy":"product_tag","embeddable":true,"href":"https:\/\/portal.schaffenburg.nl\/de\/wp-json\/wp\/v2\/product_tag?post=27520"}],"curies":[{"name":"wp","href":"https:\/\/api.w.org\/{rel}","templated":true}]}}