{"id":27763,"date":"2023-02-28T07:42:34","date_gmt":"2023-02-28T05:42:34","guid":{"rendered":"https:\/\/staging-schaffenburg.nl\/product\/tft-arm-fglx-geeignet-fuer-einen-oder-zwei-monitore\/"},"modified":"2023-02-28T07:42:34","modified_gmt":"2023-02-28T07:42:34","slug":"tft-arm-fglx-geeignet-fuer-einen-oder-zwei-monitore","status":"publish","type":"product","link":"https:\/\/portal.schaffenburg.nl\/de\/produkt\/tft-arm-fglx-geeignet-fuer-einen-oder-zwei-monitore\/","title":{"rendered":"TFT-Arm FGLX geeignet f\u00fcr einen oder zwei Monitore"},"content":{"rendered":"<h4>TFT-Arm FGLX<\/h4>\nTFT-Arm FGLX geeignet f\u00fcr einen oder zwei Monitore.\nDer TFT-Arm FGLX ist ein \u00e4u\u00dferst flexibler Monitorarm, der f\u00fcr einen oder zwei Monitore geeignet ist. Wenn Sie sich f\u00fcr die Doppelversion entscheiden, erhalten Sie eine Querstange am Pfosten mit 2 VESA-K\u00f6pfen und haben somit nur 1 Drehpunkt. Dank der Kugelgelenke in den VESA-K\u00f6pfen k\u00f6nnen Sie diesen Monitorarm flexibel auf jeden Blickwinkel einstellen.  \nDer TFT-Arm FGLX ist mit einem universellen VESA-Schnellspannkopf (VESA 75 x 75 und 100 x 100) ausgestattet, mit dem Sie Monitore sowohl im Hoch- als auch im Querformat verwenden k\u00f6nnen. An diesen VESA-Kopf k\u00f6nnen Sie Ihren Bildschirm direkt anschlie\u00dfen. Dar\u00fcber hinaus k\u00f6nnen Sie diesen Monitorarm jederzeit an Ihre eigenen Bed\u00fcrfnisse anpassen, z. B. wenn Sie den Arbeitsplatz anpassen oder weitere Ger\u00e4te kaufen m\u00f6chten. So k\u00f6nnen Sie beispielsweise ein Netzteil mit USB-Ladeger\u00e4t oder einen Netzwerkanschluss an diesem Pfosten befestigen.   \nDer TFT-Arm FGLX hat eine maximale Tragf\u00e4higkeit von 12 kg pro Arm (24 kg insgesamt) und ist f\u00fcr Monitore bis zu 27 Zoll geeignet. Die H\u00f6he dieses St\u00e4nders betr\u00e4gt 45 cm und der patentierte Connector macht es sehr einfach, die H\u00f6he manuell und ohne Werkzeug einzustellen. \nAu\u00dferdem ist der TFT-Arm FGLX zu 100% recycelbar und wird aus nachhaltigen Materialien hergestellt. Der Monitorarm verf\u00fcgt \u00fcber ein statisches H\u00f6henverstellsystem und kann mit einer Klingenklemme befestigt werden, die f\u00fcr eine Klingenst\u00e4rke von bis zu 50 mm geeignet ist. Ein 180-Grad-Anschlag ist ebenfalls vorhanden und eine Kabelf\u00fchrung ist im Lieferumfang enthalten.  \nKurz gesagt, der TFT-Arm FGLX ist ein \u00e4u\u00dferst flexibler und robuster Monitorarm, der f\u00fcr einen oder zwei Monitore geeignet ist. Sie k\u00f6nnen diesen Monitorarm ganz einfach an Ihre eigenen Bed\u00fcrfnisse anpassen und ein optimales Seherlebnis genie\u00dfen. \n<h6>Eigenschaften<\/h6>\n<ul>\n<li>Statisches H\u00f6henverstellsystem<\/li>\n<li>Befestigung mit Klingenklemme<\/li>\n<li>Klingenklammer geeignet bis zu einer Klingenst\u00e4rke von 50 mm<\/li>\n<li>Universal-Schnellverschluss VESA<br \/>\n(VESA 75 x 75 und 100 x 100)<\/li>\n<li>180-Grad-Anschlag<\/li>\n<li>Die doppelte Version ist f\u00fcr 2 Bildschirme geeignet (jeder bis max. 27 Zoll)<\/li>\n<li>Kugelgelenke in den VESA-K\u00f6pfen<\/li>\n<li>Maximale Belastbarkeit 12 kg pro Bildschirm (24 kg insgesamt)<\/li>\n<li>Inklusive Kabelf\u00fchrung<\/li>\n<\/ul>\n","protected":false},"excerpt":{"rendered":"<p>TFT-Arm FGLX geeignet f\u00fcr einen oder zwei Monitore. Geeignet f\u00fcr Monitore bis zu max. 27 Zoll mit einer maximalen Tragf\u00e4higkeit von 12 kg pro Monitor (24 kg insgesamt). Inklusive Kabelf\u00fchrung.  <\/p>\n","protected":false},"featured_media":24460,"comment_status":"closed","ping_status":"closed","template":"","meta":{"_acf_changed":false},"product_brand":[],"product_cat":[3131,2415,2140],"product_tag":[2143,3136,3152,2145,3137,3153,2157,3138,3154,2285,3139,3155,2469,3140,3156,2617,3141,3157,2619,3142,3158,2621,3143,3159,2632,3144,3160,2636,3145,3161,2902,3146,3162,2903,3147,3163,3132,3148,3133,3149,3134,3150,3135,3151],"class_list":{"0":"post-27763","1":"product","2":"type-product","3":"status-publish","4":"has-post-thumbnail","6":"product_cat-monitor-arme","7":"product_cat-schreibtisch-tischzubehor","8":"product_cat-schnelle-lieferung","9":"product_tag-nachhaltig","10":"product_tag-eingebaut","11":"product_tag-24-kg-de","12":"product_tag-schwarz","13":"product_tag-2-bildschirme","14":"product_tag-hoehenverstellsystem","15":"product_tag-modern-de","16":"product_tag-27-zoll","17":"product_tag-kabelfuehrung","18":"product_tag-buro","19":"product_tag-arm-de","20":"product_tag-kugelgelenke","21":"product_tag-zubehor","22":"product_tag-blattklammer","23":"product_tag-landschaft","24":"product_tag-einstellbar","25":"product_tag-querstange","26":"product_tag-maximal-24-kg","27":"product_tag-buro-de","28":"product_tag-arm-ueberwachen","29":"product_tag-portraet","30":"product_tag-metall","31":"product_tag-drehbar","32":"product_tag-wiederverwendbar","33":"product_tag-kippen","34":"product_tag-tft-de","35":"product_tag-statisch-de","36":"product_tag-arbeitsplatz","37":"product_tag-vesa-de","38":"product_tag-tft-arm-fglx-de","39":"product_tag-hoehenverstellbar","40":"product_tag-integriertes-kabelmanagement","41":"product_tag-universal-schnellverschluss-vesa","42":"product_tag-buero","43":"product_tag-1-monitor-de","44":"product_tag-vesa-koepfe","45":"product_tag-arbeitsplatz-de","46":"product_tag-1-bildschirme","47":"product_tag-zubehoer","48":"product_tag-12-kg-de","49":"product_tag-desktop-de-2","50":"product_tag-180-grad-stopp","51":"product_tag-bauwesen","52":"product_tag-2-monitore","54":"first","55":"instock","56":"purchasable","57":"product-type-variable"},"acf":{"downloads":[{"label":"","bestand":26946,"toegankelijkheid":"resellers"},{"label":"","bestand":26948,"toegankelijkheid":"resellers"}]},"yoast_head":"<!-- This site is optimized with the Yoast SEO plugin v26.7 - https:\/\/yoast.com\/wordpress\/plugins\/seo\/ -->\n<title>TFT-Arm FGLX geeignet f\u00fcr einen oder zwei Monitore - Schaffenburg<\/title>\n<meta name=\"robots\" content=\"index, follow, max-snippet:-1, max-image-preview:large, max-video-preview:-1\" \/>\n<link rel=\"canonical\" href=\"https:\/\/portal.schaffenburg.nl\/de\/produkt\/tft-arm-fglx-geeignet-fuer-einen-oder-zwei-monitore\/\" \/>\n<meta property=\"og:locale\" content=\"de_DE\" \/>\n<meta property=\"og:type\" content=\"article\" \/>\n<meta property=\"og:title\" content=\"TFT-Arm FGLX geeignet f\u00fcr einen oder zwei Monitore - Schaffenburg\" \/>\n<meta property=\"og:description\" content=\"TFT-Arm FGLX geeignet f\u00fcr einen oder zwei Monitore. Geeignet f\u00fcr Monitore bis zu max. 27 Zoll mit einer maximalen Tragf\u00e4higkeit von 12 kg pro Monitor (24 kg insgesamt). Inklusive Kabelf\u00fchrung.\" \/>\n<meta property=\"og:url\" content=\"https:\/\/portal.schaffenburg.nl\/de\/produkt\/tft-arm-fglx-geeignet-fuer-einen-oder-zwei-monitore\/\" \/>\n<meta property=\"og:site_name\" content=\"Schaffenburg\" \/>\n<meta property=\"article:modified_time\" content=\"2023-02-28T07:42:34+00:00\" \/>\n<meta property=\"og:image\" content=\"https:\/\/portal.schaffenburg.nl\/wp-content\/uploads\/2024\/09\/TFT-FGLX-2-CRB-ZW_01.jpg?wsr\" \/>\n\t<meta property=\"og:image:width\" content=\"800\" \/>\n\t<meta property=\"og:image:height\" content=\"533\" \/>\n\t<meta property=\"og:image:type\" content=\"image\/jpeg\" \/>\n<meta name=\"twitter:card\" content=\"summary_large_image\" \/>\n<meta name=\"twitter:label1\" content=\"Gesch\u00e4tzte Lesezeit\" \/>\n\t<meta name=\"twitter:data1\" content=\"2\u00a0Minuten\" \/>\n<script type=\"application\/ld+json\" class=\"yoast-schema-graph\">{\"@context\":\"https:\/\/schema.org\",\"@graph\":[{\"@type\":\"WebPage\",\"@id\":\"https:\/\/portal.schaffenburg.nl\/de\/produkt\/tft-arm-fglx-geeignet-fuer-einen-oder-zwei-monitore\/\",\"url\":\"https:\/\/portal.schaffenburg.nl\/de\/produkt\/tft-arm-fglx-geeignet-fuer-einen-oder-zwei-monitore\/\",\"name\":\"TFT-Arm FGLX geeignet f\u00fcr einen oder zwei Monitore - Schaffenburg\",\"isPartOf\":{\"@id\":\"https:\/\/portal.schaffenburg.nl\/de\/#website\"},\"primaryImageOfPage\":{\"@id\":\"https:\/\/portal.schaffenburg.nl\/de\/produkt\/tft-arm-fglx-geeignet-fuer-einen-oder-zwei-monitore\/#primaryimage\"},\"image\":{\"@id\":\"https:\/\/portal.schaffenburg.nl\/de\/produkt\/tft-arm-fglx-geeignet-fuer-einen-oder-zwei-monitore\/#primaryimage\"},\"thumbnailUrl\":\"https:\/\/portal.schaffenburg.nl\/wp-content\/uploads\/2024\/09\/TFT-FGLX-2-CRB-ZW_01.jpg?wsr\",\"datePublished\":\"2023-02-28T05:42:34+00:00\",\"dateModified\":\"2023-02-28T07:42:34+00:00\",\"breadcrumb\":{\"@id\":\"https:\/\/portal.schaffenburg.nl\/de\/produkt\/tft-arm-fglx-geeignet-fuer-einen-oder-zwei-monitore\/#breadcrumb\"},\"inLanguage\":\"de\",\"potentialAction\":[{\"@type\":\"ReadAction\",\"target\":[\"https:\/\/portal.schaffenburg.nl\/de\/produkt\/tft-arm-fglx-geeignet-fuer-einen-oder-zwei-monitore\/\"]}]},{\"@type\":\"ImageObject\",\"inLanguage\":\"de\",\"@id\":\"https:\/\/portal.schaffenburg.nl\/de\/produkt\/tft-arm-fglx-geeignet-fuer-einen-oder-zwei-monitore\/#primaryimage\",\"url\":\"https:\/\/portal.schaffenburg.nl\/wp-content\/uploads\/2024\/09\/TFT-FGLX-2-CRB-ZW_01.jpg?wsr\",\"contentUrl\":\"https:\/\/portal.schaffenburg.nl\/wp-content\/uploads\/2024\/09\/TFT-FGLX-2-CRB-ZW_01.jpg?wsr\",\"width\":800,\"height\":533,\"caption\":\"TFT-Arm FGLX geeignet f\u00fcr einen oder zwei Monitore\"},{\"@type\":\"BreadcrumbList\",\"@id\":\"https:\/\/portal.schaffenburg.nl\/de\/produkt\/tft-arm-fglx-geeignet-fuer-einen-oder-zwei-monitore\/#breadcrumb\",\"itemListElement\":[{\"@type\":\"ListItem\",\"position\":1,\"name\":\"Home\",\"item\":\"https:\/\/portal.schaffenburg.nl\/de\/\"},{\"@type\":\"ListItem\",\"position\":2,\"name\":\"TFT-Arm FGLX geeignet f\u00fcr einen oder zwei Monitore\"}]},{\"@type\":\"WebSite\",\"@id\":\"https:\/\/portal.schaffenburg.nl\/de\/#website\",\"url\":\"https:\/\/portal.schaffenburg.nl\/de\/\",\"name\":\"Schaffenburg\",\"description\":\"\",\"potentialAction\":[{\"@type\":\"SearchAction\",\"target\":{\"@type\":\"EntryPoint\",\"urlTemplate\":\"https:\/\/portal.schaffenburg.nl\/de\/?s={search_term_string}\"},\"query-input\":{\"@type\":\"PropertyValueSpecification\",\"valueRequired\":true,\"valueName\":\"search_term_string\"}}],\"inLanguage\":\"de\"}]}<\/script>\n<!-- \/ Yoast SEO plugin. -->","yoast_head_json":{"title":"TFT-Arm FGLX geeignet f\u00fcr einen oder zwei Monitore - Schaffenburg","robots":{"index":"index","follow":"follow","max-snippet":"max-snippet:-1","max-image-preview":"max-image-preview:large","max-video-preview":"max-video-preview:-1"},"canonical":"https:\/\/portal.schaffenburg.nl\/de\/produkt\/tft-arm-fglx-geeignet-fuer-einen-oder-zwei-monitore\/","og_locale":"de_DE","og_type":"article","og_title":"TFT-Arm FGLX geeignet f\u00fcr einen oder zwei Monitore - Schaffenburg","og_description":"TFT-Arm FGLX geeignet f\u00fcr einen oder zwei Monitore. Geeignet f\u00fcr Monitore bis zu max. 27 Zoll mit einer maximalen Tragf\u00e4higkeit von 12 kg pro Monitor (24 kg insgesamt). Inklusive Kabelf\u00fchrung.","og_url":"https:\/\/portal.schaffenburg.nl\/de\/produkt\/tft-arm-fglx-geeignet-fuer-einen-oder-zwei-monitore\/","og_site_name":"Schaffenburg","article_modified_time":"2023-02-28T07:42:34+00:00","og_image":[{"width":800,"height":533,"url":"https:\/\/portal.schaffenburg.nl\/wp-content\/uploads\/2024\/09\/TFT-FGLX-2-CRB-ZW_01.jpg?wsr","type":"image\/jpeg"}],"twitter_card":"summary_large_image","twitter_misc":{"Gesch\u00e4tzte Lesezeit":"2\u00a0Minuten"},"schema":{"@context":"https:\/\/schema.org","@graph":[{"@type":"WebPage","@id":"https:\/\/portal.schaffenburg.nl\/de\/produkt\/tft-arm-fglx-geeignet-fuer-einen-oder-zwei-monitore\/","url":"https:\/\/portal.schaffenburg.nl\/de\/produkt\/tft-arm-fglx-geeignet-fuer-einen-oder-zwei-monitore\/","name":"TFT-Arm FGLX geeignet f\u00fcr einen oder zwei Monitore - Schaffenburg","isPartOf":{"@id":"https:\/\/portal.schaffenburg.nl\/de\/#website"},"primaryImageOfPage":{"@id":"https:\/\/portal.schaffenburg.nl\/de\/produkt\/tft-arm-fglx-geeignet-fuer-einen-oder-zwei-monitore\/#primaryimage"},"image":{"@id":"https:\/\/portal.schaffenburg.nl\/de\/produkt\/tft-arm-fglx-geeignet-fuer-einen-oder-zwei-monitore\/#primaryimage"},"thumbnailUrl":"https:\/\/portal.schaffenburg.nl\/wp-content\/uploads\/2024\/09\/TFT-FGLX-2-CRB-ZW_01.jpg?wsr","datePublished":"2023-02-28T05:42:34+00:00","dateModified":"2023-02-28T07:42:34+00:00","breadcrumb":{"@id":"https:\/\/portal.schaffenburg.nl\/de\/produkt\/tft-arm-fglx-geeignet-fuer-einen-oder-zwei-monitore\/#breadcrumb"},"inLanguage":"de","potentialAction":[{"@type":"ReadAction","target":["https:\/\/portal.schaffenburg.nl\/de\/produkt\/tft-arm-fglx-geeignet-fuer-einen-oder-zwei-monitore\/"]}]},{"@type":"ImageObject","inLanguage":"de","@id":"https:\/\/portal.schaffenburg.nl\/de\/produkt\/tft-arm-fglx-geeignet-fuer-einen-oder-zwei-monitore\/#primaryimage","url":"https:\/\/portal.schaffenburg.nl\/wp-content\/uploads\/2024\/09\/TFT-FGLX-2-CRB-ZW_01.jpg?wsr","contentUrl":"https:\/\/portal.schaffenburg.nl\/wp-content\/uploads\/2024\/09\/TFT-FGLX-2-CRB-ZW_01.jpg?wsr","width":800,"height":533,"caption":"TFT-Arm FGLX geeignet f\u00fcr einen oder zwei Monitore"},{"@type":"BreadcrumbList","@id":"https:\/\/portal.schaffenburg.nl\/de\/produkt\/tft-arm-fglx-geeignet-fuer-einen-oder-zwei-monitore\/#breadcrumb","itemListElement":[{"@type":"ListItem","position":1,"name":"Home","item":"https:\/\/portal.schaffenburg.nl\/de\/"},{"@type":"ListItem","position":2,"name":"TFT-Arm FGLX geeignet f\u00fcr einen oder zwei Monitore"}]},{"@type":"WebSite","@id":"https:\/\/portal.schaffenburg.nl\/de\/#website","url":"https:\/\/portal.schaffenburg.nl\/de\/","name":"Schaffenburg","description":"","potentialAction":[{"@type":"SearchAction","target":{"@type":"EntryPoint","urlTemplate":"https:\/\/portal.schaffenburg.nl\/de\/?s={search_term_string}"},"query-input":{"@type":"PropertyValueSpecification","valueRequired":true,"valueName":"search_term_string"}}],"inLanguage":"de"}]}},"_links":{"self":[{"href":"https:\/\/portal.schaffenburg.nl\/de\/wp-json\/wp\/v2\/product\/27763","targetHints":{"allow":["GET"]}}],"collection":[{"href":"https:\/\/portal.schaffenburg.nl\/de\/wp-json\/wp\/v2\/product"}],"about":[{"href":"https:\/\/portal.schaffenburg.nl\/de\/wp-json\/wp\/v2\/types\/product"}],"replies":[{"embeddable":true,"href":"https:\/\/portal.schaffenburg.nl\/de\/wp-json\/wp\/v2\/comments?post=27763"}],"wp:featuredmedia":[{"embeddable":true,"href":"https:\/\/portal.schaffenburg.nl\/de\/wp-json\/wp\/v2\/media\/24460"}],"wp:attachment":[{"href":"https:\/\/portal.schaffenburg.nl\/de\/wp-json\/wp\/v2\/media?parent=27763"}],"wp:term":[{"taxonomy":"product_brand","embeddable":true,"href":"https:\/\/portal.schaffenburg.nl\/de\/wp-json\/wp\/v2\/product_brand?post=27763"},{"taxonomy":"product_cat","embeddable":true,"href":"https:\/\/portal.schaffenburg.nl\/de\/wp-json\/wp\/v2\/product_cat?post=27763"},{"taxonomy":"product_tag","embeddable":true,"href":"https:\/\/portal.schaffenburg.nl\/de\/wp-json\/wp\/v2\/product_tag?post=27763"}],"curies":[{"name":"wp","href":"https:\/\/api.w.org\/{rel}","templated":true}]}}