{"id":27804,"date":"2023-02-28T10:10:02","date_gmt":"2023-02-28T08:10:02","guid":{"rendered":"https:\/\/staging-schaffenburg.nl\/product\/aufputz-steckdose\/"},"modified":"2023-02-28T10:10:02","modified_gmt":"2023-02-28T10:10:02","slug":"aufputz-steckdose","status":"publish","type":"product","link":"https:\/\/portal.schaffenburg.nl\/de\/produkt\/aufputz-steckdose\/","title":{"rendered":"Aufputz-Steckdose"},"content":{"rendered":"Die in zwei Varianten erh\u00e4ltliche Aufputzsteckdose hat ein schlankes und modernes Design, das auf Benutzerfreundlichkeit ausgerichtet ist. Diese schlanke Aufputzdose wird standardm\u00e4\u00dfig mit 2 Klemmen f\u00fcr Fl\u00fcgelst\u00e4rken bis zu 50 mm geliefert. Sie kann einfach von oben geklemmt werden. An der R\u00fcckseite des Ger\u00e4ts befindet sich ein festes, 1,5 m langes Verbindungskabel. Um die Steckdose anzuschlie\u00dfen, ben\u00f6tigen Sie ein <a href=\"https:\/\/www.schaffenburg.nl\/shop\/snellever\/accessoires-snellever\/elektrificatie-snellveren\/aansluitkabel\/\" target=\"_blank\" rel=\"noopener noreferrer\">Verbindungskabel (Netzkabel)<\/a> (nicht im Lieferumfang enthalten). Das feste Kupplungskabel muss mit diesem verbunden werden.     \nMit einer maximalen Plattenst\u00e4rke von bis zu 50 mm ist diese Steckdose f\u00fcr die meisten Tische geeignet. Das Ger\u00e4t ist ideal f\u00fcr Menschen, die eine bequeme M\u00f6glichkeit suchen, ihre Ger\u00e4te aufzuladen und dabei die Kabel au\u00dfer Sichtweite zu halten. Ganz gleich, ob Sie zu Hause oder im B\u00fcro arbeiten, die Aufputzsteckdose bietet eine bequeme L\u00f6sung, um Ihre elektronischen Ger\u00e4te aufzuladen, ohne dass Sie einen Kabelsalat auf Ihrem Schreibtisch haben.  \nDie Aufputzsteckdose ist nicht nur praktisch, sondern hat auch ein \u00e4sthetisch ansprechendes Design. Mit ihrem schlanken Design f\u00fcgt sie sich nahtlos in jede moderne Einrichtung ein und ist in zwei verschiedenen Farben erh\u00e4ltlich. Kurzum, dieses Aufputzger\u00e4t ist eine praktische und elegante L\u00f6sung f\u00fcr alle, die eine bequeme M\u00f6glichkeit suchen, ihre Ger\u00e4te aufzuladen.  \n<h6>Eigenschaften<\/h6>\n<ul>\n<li>Inklusive festem 150-mm-Kupplungskabel<\/li>\n<li>Um die Steckdose anzuschlie\u00dfen, ben\u00f6tigen Sie ein <a href=\"https:\/\/www.schaffenburg.nl\/shop\/snellever\/accessoires-snellever\/elektrificatie-snellveren\/aansluitkabel\/\" target=\"_blank\" rel=\"noopener noreferrer\">Verbindungskabel (Netzkabel)<\/a> (nicht im Lieferumfang enthalten).<\/li>\n<li>Einfach zu installieren, ohne Ihre Tischplatte zu besch\u00e4digen<\/li>\n<li>Maximale Blattst\u00e4rke bis zu 50 mm<\/li>\n<li>Modul besteht aus 1 oder 2 x 230V, 1 x USB A+C Charge<br \/>\ndavon 1 x USB A (5V-2.4A) und 1 x USB C (5.0V - 3.1A - 15.5W)<\/li>\n<\/ul>\n","protected":false},"excerpt":{"rendered":"<p>Die Surface Socket ist eine multifunktionale Aufputz-Elektrifizierungseinheit, die an Ihren Schreibtisch geklemmt werden kann. Einfach auf dem Schreibtisch zu montieren. Mit 230V und USB A+C Charge.  <\/p>\n<p>Um die Steckdose anzuschlie\u00dfen, ben\u00f6tigen Sie ein <a href=\"https:\/\/www.schaffenburg.nl\/shop\/snellever\/accessoires-snellever\/elektrificatie-snellveren\/aansluitkabel\/\" target=\"_blank\" rel=\"noopener noreferrer\">Verbindungskabel (Netzkabel)<\/a> (nicht im Lieferumfang enthalten).<\/p>\n","protected":false},"featured_media":24292,"comment_status":"closed","ping_status":"closed","template":"","meta":{"_acf_changed":false},"product_brand":[],"product_cat":[2415,2140,3245],"product_tag":[3246,3262,3247,3263,2145,3248,3264,2157,3249,3265,2285,3250,3266,2427,3251,3267,2469,3252,3268,2475,3253,3269,2619,3254,2620,3255,2622,3256,2636,3257,2903,3258,3133,3259,3134,3260,3135,3261],"class_list":{"0":"post-27804","1":"product","2":"type-product","3":"status-publish","4":"has-post-thumbnail","6":"product_cat-schreibtisch-tischzubehor","7":"product_cat-schnelle-lieferung","8":"product_cat-elektrifizierung","9":"product_tag-plastik","10":"product_tag-aufputzgerat","11":"product_tag-benutzerfreundlichkeit","12":"product_tag-ladegerat-fur-mehrere-gerate","13":"product_tag-schwarz","14":"product_tag-steckdose","15":"product_tag-rechtwinklig","16":"product_tag-modern-de","17":"product_tag-elektrifizierung","18":"product_tag-schlankes-design","19":"product_tag-buro","20":"product_tag-asthetisch-ansprechend","21":"product_tag-stromversorgung-fur-den-tisch","22":"product_tag-weis","23":"product_tag-tabelle-zubehor","24":"product_tag-usb-a-de","25":"product_tag-zubehor","26":"product_tag-230v-de","27":"product_tag-usb-c-de","28":"product_tag-kompakt","29":"product_tag-in-verschiedenen-farben-erhaltlich","30":"product_tag-usb-ladegerat","31":"product_tag-buro-de","32":"product_tag-blattklammern","33":"product_tag-kabelmanagement-de","34":"product_tag-laden-sie","35":"product_tag-universal-de","36":"product_tag-einfache-montage-de-2","37":"product_tag-arbeitsplatz","38":"product_tag-einfache-installation","39":"product_tag-buero","40":"product_tag-geeignet-fur-zuhause-oder-das-buro","41":"product_tag-zubehoer","42":"product_tag-klammern","43":"product_tag-desktop-de-2","44":"product_tag-mit-anschlusskabel","45":"product_tag-bauwesen","46":"product_tag-modernes-design","48":"first","49":"instock","50":"purchasable","51":"product-type-variable"},"acf":{"downloads":null},"yoast_head":"<!-- This site is optimized with the Yoast SEO plugin v26.7 - https:\/\/yoast.com\/wordpress\/plugins\/seo\/ -->\n<title>Aufputz-Steckdose - Schaffenburg<\/title>\n<meta name=\"robots\" content=\"index, follow, max-snippet:-1, max-image-preview:large, max-video-preview:-1\" \/>\n<link rel=\"canonical\" href=\"https:\/\/portal.schaffenburg.nl\/de\/produkt\/aufputz-steckdose\/\" \/>\n<meta property=\"og:locale\" content=\"de_DE\" \/>\n<meta property=\"og:type\" content=\"article\" \/>\n<meta property=\"og:title\" content=\"Aufputz-Steckdose - Schaffenburg\" \/>\n<meta property=\"og:description\" content=\"Die Surface Socket ist eine multifunktionale Aufputz-Elektrifizierungseinheit, die an Ihren Schreibtisch geklemmt werden kann. Einfach auf dem Schreibtisch zu montieren. Mit 230V und USB A+C Charge.  Um die Steckdose anzuschlie\u00dfen, ben\u00f6tigen Sie ein Verbindungskabel (Netzkabel) (nicht im Lieferumfang enthalten).\" \/>\n<meta property=\"og:url\" content=\"https:\/\/portal.schaffenburg.nl\/de\/produkt\/aufputz-steckdose\/\" \/>\n<meta property=\"og:site_name\" content=\"Schaffenburg\" \/>\n<meta property=\"article:modified_time\" content=\"2023-02-28T10:10:02+00:00\" \/>\n<meta property=\"og:image\" content=\"https:\/\/portal.schaffenburg.nl\/wp-content\/uploads\/2024\/09\/ELE-OPB-FLX-1V1UAC-Z_01.jpg?wsr\" \/>\n\t<meta property=\"og:image:width\" content=\"800\" \/>\n\t<meta property=\"og:image:height\" content=\"533\" \/>\n\t<meta property=\"og:image:type\" content=\"image\/jpeg\" \/>\n<meta name=\"twitter:card\" content=\"summary_large_image\" \/>\n<meta name=\"twitter:label1\" content=\"Gesch\u00e4tzte Lesezeit\" \/>\n\t<meta name=\"twitter:data1\" content=\"1\u00a0Minute\" \/>\n<script type=\"application\/ld+json\" class=\"yoast-schema-graph\">{\"@context\":\"https:\/\/schema.org\",\"@graph\":[{\"@type\":\"WebPage\",\"@id\":\"https:\/\/portal.schaffenburg.nl\/de\/produkt\/aufputz-steckdose\/\",\"url\":\"https:\/\/portal.schaffenburg.nl\/de\/produkt\/aufputz-steckdose\/\",\"name\":\"Aufputz-Steckdose - Schaffenburg\",\"isPartOf\":{\"@id\":\"https:\/\/portal.schaffenburg.nl\/de\/#website\"},\"primaryImageOfPage\":{\"@id\":\"https:\/\/portal.schaffenburg.nl\/de\/produkt\/aufputz-steckdose\/#primaryimage\"},\"image\":{\"@id\":\"https:\/\/portal.schaffenburg.nl\/de\/produkt\/aufputz-steckdose\/#primaryimage\"},\"thumbnailUrl\":\"https:\/\/portal.schaffenburg.nl\/wp-content\/uploads\/2024\/09\/ELE-OPB-FLX-1V1UAC-Z_01.jpg?wsr\",\"datePublished\":\"2023-02-28T08:10:02+00:00\",\"dateModified\":\"2023-02-28T10:10:02+00:00\",\"breadcrumb\":{\"@id\":\"https:\/\/portal.schaffenburg.nl\/de\/produkt\/aufputz-steckdose\/#breadcrumb\"},\"inLanguage\":\"de\",\"potentialAction\":[{\"@type\":\"ReadAction\",\"target\":[\"https:\/\/portal.schaffenburg.nl\/de\/produkt\/aufputz-steckdose\/\"]}]},{\"@type\":\"ImageObject\",\"inLanguage\":\"de\",\"@id\":\"https:\/\/portal.schaffenburg.nl\/de\/produkt\/aufputz-steckdose\/#primaryimage\",\"url\":\"https:\/\/portal.schaffenburg.nl\/wp-content\/uploads\/2024\/09\/ELE-OPB-FLX-1V1UAC-Z_01.jpg?wsr\",\"contentUrl\":\"https:\/\/portal.schaffenburg.nl\/wp-content\/uploads\/2024\/09\/ELE-OPB-FLX-1V1UAC-Z_01.jpg?wsr\",\"width\":800,\"height\":533,\"caption\":\"Aufputz-Steckdose\"},{\"@type\":\"BreadcrumbList\",\"@id\":\"https:\/\/portal.schaffenburg.nl\/de\/produkt\/aufputz-steckdose\/#breadcrumb\",\"itemListElement\":[{\"@type\":\"ListItem\",\"position\":1,\"name\":\"Home\",\"item\":\"https:\/\/portal.schaffenburg.nl\/de\/\"},{\"@type\":\"ListItem\",\"position\":2,\"name\":\"Aufputz-Steckdose\"}]},{\"@type\":\"WebSite\",\"@id\":\"https:\/\/portal.schaffenburg.nl\/de\/#website\",\"url\":\"https:\/\/portal.schaffenburg.nl\/de\/\",\"name\":\"Schaffenburg\",\"description\":\"\",\"potentialAction\":[{\"@type\":\"SearchAction\",\"target\":{\"@type\":\"EntryPoint\",\"urlTemplate\":\"https:\/\/portal.schaffenburg.nl\/de\/?s={search_term_string}\"},\"query-input\":{\"@type\":\"PropertyValueSpecification\",\"valueRequired\":true,\"valueName\":\"search_term_string\"}}],\"inLanguage\":\"de\"}]}<\/script>\n<!-- \/ Yoast SEO plugin. -->","yoast_head_json":{"title":"Aufputz-Steckdose - Schaffenburg","robots":{"index":"index","follow":"follow","max-snippet":"max-snippet:-1","max-image-preview":"max-image-preview:large","max-video-preview":"max-video-preview:-1"},"canonical":"https:\/\/portal.schaffenburg.nl\/de\/produkt\/aufputz-steckdose\/","og_locale":"de_DE","og_type":"article","og_title":"Aufputz-Steckdose - Schaffenburg","og_description":"Die Surface Socket ist eine multifunktionale Aufputz-Elektrifizierungseinheit, die an Ihren Schreibtisch geklemmt werden kann. Einfach auf dem Schreibtisch zu montieren. Mit 230V und USB A+C Charge.  Um die Steckdose anzuschlie\u00dfen, ben\u00f6tigen Sie ein Verbindungskabel (Netzkabel) (nicht im Lieferumfang enthalten).","og_url":"https:\/\/portal.schaffenburg.nl\/de\/produkt\/aufputz-steckdose\/","og_site_name":"Schaffenburg","article_modified_time":"2023-02-28T10:10:02+00:00","og_image":[{"width":800,"height":533,"url":"https:\/\/portal.schaffenburg.nl\/wp-content\/uploads\/2024\/09\/ELE-OPB-FLX-1V1UAC-Z_01.jpg?wsr","type":"image\/jpeg"}],"twitter_card":"summary_large_image","twitter_misc":{"Gesch\u00e4tzte Lesezeit":"1\u00a0Minute"},"schema":{"@context":"https:\/\/schema.org","@graph":[{"@type":"WebPage","@id":"https:\/\/portal.schaffenburg.nl\/de\/produkt\/aufputz-steckdose\/","url":"https:\/\/portal.schaffenburg.nl\/de\/produkt\/aufputz-steckdose\/","name":"Aufputz-Steckdose - Schaffenburg","isPartOf":{"@id":"https:\/\/portal.schaffenburg.nl\/de\/#website"},"primaryImageOfPage":{"@id":"https:\/\/portal.schaffenburg.nl\/de\/produkt\/aufputz-steckdose\/#primaryimage"},"image":{"@id":"https:\/\/portal.schaffenburg.nl\/de\/produkt\/aufputz-steckdose\/#primaryimage"},"thumbnailUrl":"https:\/\/portal.schaffenburg.nl\/wp-content\/uploads\/2024\/09\/ELE-OPB-FLX-1V1UAC-Z_01.jpg?wsr","datePublished":"2023-02-28T08:10:02+00:00","dateModified":"2023-02-28T10:10:02+00:00","breadcrumb":{"@id":"https:\/\/portal.schaffenburg.nl\/de\/produkt\/aufputz-steckdose\/#breadcrumb"},"inLanguage":"de","potentialAction":[{"@type":"ReadAction","target":["https:\/\/portal.schaffenburg.nl\/de\/produkt\/aufputz-steckdose\/"]}]},{"@type":"ImageObject","inLanguage":"de","@id":"https:\/\/portal.schaffenburg.nl\/de\/produkt\/aufputz-steckdose\/#primaryimage","url":"https:\/\/portal.schaffenburg.nl\/wp-content\/uploads\/2024\/09\/ELE-OPB-FLX-1V1UAC-Z_01.jpg?wsr","contentUrl":"https:\/\/portal.schaffenburg.nl\/wp-content\/uploads\/2024\/09\/ELE-OPB-FLX-1V1UAC-Z_01.jpg?wsr","width":800,"height":533,"caption":"Aufputz-Steckdose"},{"@type":"BreadcrumbList","@id":"https:\/\/portal.schaffenburg.nl\/de\/produkt\/aufputz-steckdose\/#breadcrumb","itemListElement":[{"@type":"ListItem","position":1,"name":"Home","item":"https:\/\/portal.schaffenburg.nl\/de\/"},{"@type":"ListItem","position":2,"name":"Aufputz-Steckdose"}]},{"@type":"WebSite","@id":"https:\/\/portal.schaffenburg.nl\/de\/#website","url":"https:\/\/portal.schaffenburg.nl\/de\/","name":"Schaffenburg","description":"","potentialAction":[{"@type":"SearchAction","target":{"@type":"EntryPoint","urlTemplate":"https:\/\/portal.schaffenburg.nl\/de\/?s={search_term_string}"},"query-input":{"@type":"PropertyValueSpecification","valueRequired":true,"valueName":"search_term_string"}}],"inLanguage":"de"}]}},"_links":{"self":[{"href":"https:\/\/portal.schaffenburg.nl\/de\/wp-json\/wp\/v2\/product\/27804","targetHints":{"allow":["GET"]}}],"collection":[{"href":"https:\/\/portal.schaffenburg.nl\/de\/wp-json\/wp\/v2\/product"}],"about":[{"href":"https:\/\/portal.schaffenburg.nl\/de\/wp-json\/wp\/v2\/types\/product"}],"replies":[{"embeddable":true,"href":"https:\/\/portal.schaffenburg.nl\/de\/wp-json\/wp\/v2\/comments?post=27804"}],"wp:featuredmedia":[{"embeddable":true,"href":"https:\/\/portal.schaffenburg.nl\/de\/wp-json\/wp\/v2\/media\/24292"}],"wp:attachment":[{"href":"https:\/\/portal.schaffenburg.nl\/de\/wp-json\/wp\/v2\/media?parent=27804"}],"wp:term":[{"taxonomy":"product_brand","embeddable":true,"href":"https:\/\/portal.schaffenburg.nl\/de\/wp-json\/wp\/v2\/product_brand?post=27804"},{"taxonomy":"product_cat","embeddable":true,"href":"https:\/\/portal.schaffenburg.nl\/de\/wp-json\/wp\/v2\/product_cat?post=27804"},{"taxonomy":"product_tag","embeddable":true,"href":"https:\/\/portal.schaffenburg.nl\/de\/wp-json\/wp\/v2\/product_tag?post=27804"}],"curies":[{"name":"wp","href":"https:\/\/api.w.org\/{rel}","templated":true}]}}