{"id":27898,"date":"2023-02-28T10:10:16","date_gmt":"2023-02-28T08:10:16","guid":{"rendered":"https:\/\/staging-schaffenburg.nl\/product\/powerdock-einbaugeraet\/"},"modified":"2023-02-28T10:10:16","modified_gmt":"2023-02-28T10:10:16","slug":"powerdock-einbaugeraet","status":"publish","type":"product","link":"https:\/\/portal.schaffenburg.nl\/de\/produkt\/powerdock-einbaugeraet\/","title":{"rendered":"Powerdock Einbauger\u00e4t"},"content":{"rendered":"Mit dem Powerdock Einbauger\u00e4t schaffen Sie eine elegante und moderne L\u00f6sung f\u00fcr die Elektrifizierung Ihres Arbeitsbereichs. Das Ger\u00e4t hat ein elegantes Design und ist benutzerfreundlich. Die Abdeckklappe l\u00e4sst sich mit einem einfachen Fingerdruck \u00f6ffnen und schlie\u00dfen, so dass Sie schnell und m\u00fchelos auf die Strom- und Keystone-Anschl\u00fcsse zugreifen k\u00f6nnen.  \nDas Ger\u00e4t ist einfach zu montieren und verf\u00fcgt \u00fcber ein 1 Meter langes festes Anschlusskabel mit einem eGST\u00ae-Stecker. Das Einbauger\u00e4t verf\u00fcgt \u00fcber 2 x 230V-Steckdosen und 1 Keystone mit 2 freien Positionen, so dass Sie problemlos verschiedene Ger\u00e4te anschlie\u00dfen k\u00f6nnen. Sie k\u00f6nnen z.B. Daten RJ 45, CAT 5 und CAT 6, USB 2.0\/3.0, USB C, HDMI, VGA-Anschl\u00fcsse verwenden oder den Keystone als Kabeldurchf\u00fchrung nutzen.  \nDas Powerdock Einbauger\u00e4t l\u00e4sst sich auch leicht in Ihren Schreibtisch oder Ihre Arbeitsplatte integrieren, so dass Sie immer einen sauberen und eleganten Look haben. Dank der maximalen Tischplattenst\u00e4rke von 58 mm l\u00e4sst sich das Ger\u00e4t in verschiedene Schreibtische und Arbeitsplatten integrieren. Das Ger\u00e4t ist in drei verschiedenen Farben erh\u00e4ltlich, n\u00e4mlich in Schwarz, Wei\u00df und Edelstahl.  \nDie Abmessungen der Powerdock Recessed Unit betragen 260,4 x 89, wodurch sie kompakt und einfach zu platzieren ist. Au\u00dferdem wird ein 100 mm langes Anschlusskabel mitgeliefert, mit dem Sie das Ger\u00e4t ganz einfach an Ihr Stromnetz anschlie\u00dfen k\u00f6nnen. F\u00fcr den Anschluss des Powerdocks ist ein <a href=\"https:\/\/www.schaffenburg.nl\/shop\/snellever\/accessoires-snellever\/elektrificatie-snellveren\/aansluitkabel\/\" target=\"_blank\" rel=\"noopener noreferrer\">Anschlusskabel (Netzkabel)<\/a> erforderlich (nicht im Lieferumfang enthalten).  \nKurz gesagt, die Powerdock Recessed Unit ist die ideale L\u00f6sung f\u00fcr alle, die nach einer eleganten und modernen L\u00f6sung f\u00fcr die Elektrifizierung ihres Arbeitsplatzes suchen. Das Ger\u00e4t ist einfach zu installieren, hat verschiedene Anschlussm\u00f6glichkeiten und ist in verschiedenen Farben erh\u00e4ltlich. Au\u00dferdem hat das Ger\u00e4t ein elegantes Aussehen und passt zu einer Vielzahl von Arbeitsplatten und Schreibtischen.  \n<h6>Eigenschaften<\/h6>\n<ul>\n<li>Inklusive 100 mm Anschlusskabel<\/li>\n<li>Um das Powerdock anzuschlie\u00dfen, ben\u00f6tigen Sie ein <a href=\"https:\/\/www.schaffenburg.nl\/shop\/snellever\/accessoires-snellever\/elektrificatie-snellveren\/aansluitkabel\/\" target=\"_blank\" rel=\"noopener noreferrer\">Anschlusskabel (Netzkabel)<\/a> (nicht im Lieferumfang enthalten).<\/li>\n<li>Abmessungen: 260,4 x 89<\/li>\n<li>2 x 230V + 1 x Keystone<\/li>\n<li>Keystone enth\u00e4lt 2 freie Positionen<\/li>\n<li>Erh\u00e4ltlich in Schwarz, Wei\u00df, Edelstahl<\/li>\n<li>Maximale Blattst\u00e4rke 58 mm<\/li>\n<\/ul>\n","protected":false},"excerpt":{"rendered":"<p>Die Powerdock Recessed Unit ist eine gro\u00dfartige L\u00f6sung f\u00fcr all Ihre Elektrifizierungsbed\u00fcrfnisse, die bei Nichtgebrauch auf Ihrem Arbeitsplatz oder Konferenztisch sch\u00f6n au\u00dfer Sichtweite ist. Mit den Keystones k\u00f6nnen Sie jeden Anschluss, der Ihnen noch fehlt, hinzuf\u00fcgen. <\/p>\n<p>Um das Powerdock anzuschlie\u00dfen, ben\u00f6tigen Sie ein <a href=\"https:\/\/www.schaffenburg.nl\/shop\/snellever\/accessoires-snellever\/elektrificatie-snellveren\/aansluitkabel\/\" target=\"_blank\" rel=\"noopener noreferrer\">Anschlusskabel (Netzkabel)<\/a> (nicht im Lieferumfang enthalten).<\/p>\n","protected":false},"featured_media":24304,"comment_status":"closed","ping_status":"closed","template":"","meta":{"_acf_changed":false},"product_brand":[],"product_cat":[2415,3245,2140],"product_tag":[2157,3249,3337,2285,3252,3338,2424,3256,3339,2427,3260,3340,2469,3264,3341,2475,3323,3342,2619,3325,3343,2622,3327,2636,3329,2903,3330,3133,3331,3134,3332,3136,3333,3170,3334,3246,3335,2145,3248,3336],"class_list":{"0":"post-27898","1":"product","2":"type-product","3":"status-publish","4":"has-post-thumbnail","6":"product_cat-schreibtisch-tischzubehor","7":"product_cat-elektrifizierung","8":"product_cat-schnelle-lieferung","9":"product_tag-modern-de","10":"product_tag-elektrifizierung","11":"product_tag-keystone-de","12":"product_tag-buro","13":"product_tag-230v-de","14":"product_tag-fein-sauberlich-organisiert","15":"product_tag-aluminium-de","16":"product_tag-einfache-montage-de-2","17":"product_tag-schlankes-aussehen","18":"product_tag-weis","19":"product_tag-mit-anschlusskabel","20":"product_tag-usb-verbindung","21":"product_tag-zubehor","22":"product_tag-rechtwinklig","23":"product_tag-vga-anschluss","24":"product_tag-kompakt","25":"product_tag-benutzerfreundlich","26":"product_tag-weise-version","27":"product_tag-buro-de","28":"product_tag-burobedarf","29":"product_tag-schwarze-version","30":"product_tag-universal-de","31":"product_tag-energieversorgung","32":"product_tag-arbeitsplatz","33":"product_tag-zubehor-fur-den-schreibtisch-de","34":"product_tag-buero","35":"product_tag-einfache-installation-de","36":"product_tag-zubehoer","37":"product_tag-modernes-design-de","38":"product_tag-desktop-de-2","39":"product_tag-umschlagklappe","40":"product_tag-eingebaut","41":"product_tag-kabelmanagement-de-4","42":"product_tag-alu-de","43":"product_tag-kompakte-grose","44":"product_tag-plastik","45":"product_tag-hdmi-verbindung","46":"product_tag-schwarz","47":"product_tag-steckdose","48":"product_tag-version-aus-rostfreiem-stahl","49":"pa_kleuren-accessoires-aluminium-de","50":"pa_kleuren-accessoires-schwarz","51":"pa_kleuren-accessoires-weiss","53":"first","54":"instock","55":"purchasable","56":"product-type-variable"},"acf":{"downloads":null},"yoast_head":"<!-- This site is optimized with the Yoast SEO plugin v26.7 - https:\/\/yoast.com\/wordpress\/plugins\/seo\/ -->\n<title>Powerdock Einbauger\u00e4t - Schaffenburg<\/title>\n<meta name=\"robots\" content=\"index, follow, max-snippet:-1, max-image-preview:large, max-video-preview:-1\" \/>\n<link rel=\"canonical\" href=\"https:\/\/portal.schaffenburg.nl\/de\/produkt\/powerdock-einbaugeraet\/\" \/>\n<meta property=\"og:locale\" content=\"de_DE\" \/>\n<meta property=\"og:type\" content=\"article\" \/>\n<meta property=\"og:title\" content=\"Powerdock Einbauger\u00e4t - Schaffenburg\" \/>\n<meta property=\"og:description\" content=\"Die Powerdock Recessed Unit ist eine gro\u00dfartige L\u00f6sung f\u00fcr all Ihre Elektrifizierungsbed\u00fcrfnisse, die bei Nichtgebrauch auf Ihrem Arbeitsplatz oder Konferenztisch sch\u00f6n au\u00dfer Sichtweite ist. Mit den Keystones k\u00f6nnen Sie jeden Anschluss, der Ihnen noch fehlt, hinzuf\u00fcgen.  Um das Powerdock anzuschlie\u00dfen, ben\u00f6tigen Sie ein Anschlusskabel (Netzkabel) (nicht im Lieferumfang enthalten).\" \/>\n<meta property=\"og:url\" content=\"https:\/\/portal.schaffenburg.nl\/de\/produkt\/powerdock-einbaugeraet\/\" \/>\n<meta property=\"og:site_name\" content=\"Schaffenburg\" \/>\n<meta property=\"article:modified_time\" content=\"2023-02-28T10:10:16+00:00\" \/>\n<meta property=\"og:image\" content=\"https:\/\/portal.schaffenburg.nl\/wp-content\/uploads\/2024\/09\/ELE-INB-FLX-2V-RVS_01.jpg?wsr\" \/>\n\t<meta property=\"og:image:width\" content=\"800\" \/>\n\t<meta property=\"og:image:height\" content=\"533\" \/>\n\t<meta property=\"og:image:type\" content=\"image\/jpeg\" \/>\n<meta name=\"twitter:card\" content=\"summary_large_image\" \/>\n<meta name=\"twitter:label1\" content=\"Gesch\u00e4tzte Lesezeit\" \/>\n\t<meta name=\"twitter:data1\" content=\"2\u00a0Minuten\" \/>\n<script type=\"application\/ld+json\" class=\"yoast-schema-graph\">{\"@context\":\"https:\/\/schema.org\",\"@graph\":[{\"@type\":\"WebPage\",\"@id\":\"https:\/\/portal.schaffenburg.nl\/de\/produkt\/powerdock-einbaugeraet\/\",\"url\":\"https:\/\/portal.schaffenburg.nl\/de\/produkt\/powerdock-einbaugeraet\/\",\"name\":\"Powerdock Einbauger\u00e4t - Schaffenburg\",\"isPartOf\":{\"@id\":\"https:\/\/portal.schaffenburg.nl\/de\/#website\"},\"primaryImageOfPage\":{\"@id\":\"https:\/\/portal.schaffenburg.nl\/de\/produkt\/powerdock-einbaugeraet\/#primaryimage\"},\"image\":{\"@id\":\"https:\/\/portal.schaffenburg.nl\/de\/produkt\/powerdock-einbaugeraet\/#primaryimage\"},\"thumbnailUrl\":\"https:\/\/portal.schaffenburg.nl\/wp-content\/uploads\/2024\/09\/ELE-INB-FLX-2V-RVS_01.jpg?wsr\",\"datePublished\":\"2023-02-28T08:10:16+00:00\",\"dateModified\":\"2023-02-28T10:10:16+00:00\",\"breadcrumb\":{\"@id\":\"https:\/\/portal.schaffenburg.nl\/de\/produkt\/powerdock-einbaugeraet\/#breadcrumb\"},\"inLanguage\":\"de\",\"potentialAction\":[{\"@type\":\"ReadAction\",\"target\":[\"https:\/\/portal.schaffenburg.nl\/de\/produkt\/powerdock-einbaugeraet\/\"]}]},{\"@type\":\"ImageObject\",\"inLanguage\":\"de\",\"@id\":\"https:\/\/portal.schaffenburg.nl\/de\/produkt\/powerdock-einbaugeraet\/#primaryimage\",\"url\":\"https:\/\/portal.schaffenburg.nl\/wp-content\/uploads\/2024\/09\/ELE-INB-FLX-2V-RVS_01.jpg?wsr\",\"contentUrl\":\"https:\/\/portal.schaffenburg.nl\/wp-content\/uploads\/2024\/09\/ELE-INB-FLX-2V-RVS_01.jpg?wsr\",\"width\":800,\"height\":533,\"caption\":\"Powerdock Einbauger\u00e4t\"},{\"@type\":\"BreadcrumbList\",\"@id\":\"https:\/\/portal.schaffenburg.nl\/de\/produkt\/powerdock-einbaugeraet\/#breadcrumb\",\"itemListElement\":[{\"@type\":\"ListItem\",\"position\":1,\"name\":\"Home\",\"item\":\"https:\/\/portal.schaffenburg.nl\/de\/\"},{\"@type\":\"ListItem\",\"position\":2,\"name\":\"Powerdock Einbauger\u00e4t\"}]},{\"@type\":\"WebSite\",\"@id\":\"https:\/\/portal.schaffenburg.nl\/de\/#website\",\"url\":\"https:\/\/portal.schaffenburg.nl\/de\/\",\"name\":\"Schaffenburg\",\"description\":\"\",\"potentialAction\":[{\"@type\":\"SearchAction\",\"target\":{\"@type\":\"EntryPoint\",\"urlTemplate\":\"https:\/\/portal.schaffenburg.nl\/de\/?s={search_term_string}\"},\"query-input\":{\"@type\":\"PropertyValueSpecification\",\"valueRequired\":true,\"valueName\":\"search_term_string\"}}],\"inLanguage\":\"de\"}]}<\/script>\n<!-- \/ Yoast SEO plugin. -->","yoast_head_json":{"title":"Powerdock Einbauger\u00e4t - Schaffenburg","robots":{"index":"index","follow":"follow","max-snippet":"max-snippet:-1","max-image-preview":"max-image-preview:large","max-video-preview":"max-video-preview:-1"},"canonical":"https:\/\/portal.schaffenburg.nl\/de\/produkt\/powerdock-einbaugeraet\/","og_locale":"de_DE","og_type":"article","og_title":"Powerdock Einbauger\u00e4t - Schaffenburg","og_description":"Die Powerdock Recessed Unit ist eine gro\u00dfartige L\u00f6sung f\u00fcr all Ihre Elektrifizierungsbed\u00fcrfnisse, die bei Nichtgebrauch auf Ihrem Arbeitsplatz oder Konferenztisch sch\u00f6n au\u00dfer Sichtweite ist. Mit den Keystones k\u00f6nnen Sie jeden Anschluss, der Ihnen noch fehlt, hinzuf\u00fcgen.  Um das Powerdock anzuschlie\u00dfen, ben\u00f6tigen Sie ein Anschlusskabel (Netzkabel) (nicht im Lieferumfang enthalten).","og_url":"https:\/\/portal.schaffenburg.nl\/de\/produkt\/powerdock-einbaugeraet\/","og_site_name":"Schaffenburg","article_modified_time":"2023-02-28T10:10:16+00:00","og_image":[{"width":800,"height":533,"url":"https:\/\/portal.schaffenburg.nl\/wp-content\/uploads\/2024\/09\/ELE-INB-FLX-2V-RVS_01.jpg?wsr","type":"image\/jpeg"}],"twitter_card":"summary_large_image","twitter_misc":{"Gesch\u00e4tzte Lesezeit":"2\u00a0Minuten"},"schema":{"@context":"https:\/\/schema.org","@graph":[{"@type":"WebPage","@id":"https:\/\/portal.schaffenburg.nl\/de\/produkt\/powerdock-einbaugeraet\/","url":"https:\/\/portal.schaffenburg.nl\/de\/produkt\/powerdock-einbaugeraet\/","name":"Powerdock Einbauger\u00e4t - Schaffenburg","isPartOf":{"@id":"https:\/\/portal.schaffenburg.nl\/de\/#website"},"primaryImageOfPage":{"@id":"https:\/\/portal.schaffenburg.nl\/de\/produkt\/powerdock-einbaugeraet\/#primaryimage"},"image":{"@id":"https:\/\/portal.schaffenburg.nl\/de\/produkt\/powerdock-einbaugeraet\/#primaryimage"},"thumbnailUrl":"https:\/\/portal.schaffenburg.nl\/wp-content\/uploads\/2024\/09\/ELE-INB-FLX-2V-RVS_01.jpg?wsr","datePublished":"2023-02-28T08:10:16+00:00","dateModified":"2023-02-28T10:10:16+00:00","breadcrumb":{"@id":"https:\/\/portal.schaffenburg.nl\/de\/produkt\/powerdock-einbaugeraet\/#breadcrumb"},"inLanguage":"de","potentialAction":[{"@type":"ReadAction","target":["https:\/\/portal.schaffenburg.nl\/de\/produkt\/powerdock-einbaugeraet\/"]}]},{"@type":"ImageObject","inLanguage":"de","@id":"https:\/\/portal.schaffenburg.nl\/de\/produkt\/powerdock-einbaugeraet\/#primaryimage","url":"https:\/\/portal.schaffenburg.nl\/wp-content\/uploads\/2024\/09\/ELE-INB-FLX-2V-RVS_01.jpg?wsr","contentUrl":"https:\/\/portal.schaffenburg.nl\/wp-content\/uploads\/2024\/09\/ELE-INB-FLX-2V-RVS_01.jpg?wsr","width":800,"height":533,"caption":"Powerdock Einbauger\u00e4t"},{"@type":"BreadcrumbList","@id":"https:\/\/portal.schaffenburg.nl\/de\/produkt\/powerdock-einbaugeraet\/#breadcrumb","itemListElement":[{"@type":"ListItem","position":1,"name":"Home","item":"https:\/\/portal.schaffenburg.nl\/de\/"},{"@type":"ListItem","position":2,"name":"Powerdock Einbauger\u00e4t"}]},{"@type":"WebSite","@id":"https:\/\/portal.schaffenburg.nl\/de\/#website","url":"https:\/\/portal.schaffenburg.nl\/de\/","name":"Schaffenburg","description":"","potentialAction":[{"@type":"SearchAction","target":{"@type":"EntryPoint","urlTemplate":"https:\/\/portal.schaffenburg.nl\/de\/?s={search_term_string}"},"query-input":{"@type":"PropertyValueSpecification","valueRequired":true,"valueName":"search_term_string"}}],"inLanguage":"de"}]}},"_links":{"self":[{"href":"https:\/\/portal.schaffenburg.nl\/de\/wp-json\/wp\/v2\/product\/27898","targetHints":{"allow":["GET"]}}],"collection":[{"href":"https:\/\/portal.schaffenburg.nl\/de\/wp-json\/wp\/v2\/product"}],"about":[{"href":"https:\/\/portal.schaffenburg.nl\/de\/wp-json\/wp\/v2\/types\/product"}],"replies":[{"embeddable":true,"href":"https:\/\/portal.schaffenburg.nl\/de\/wp-json\/wp\/v2\/comments?post=27898"}],"wp:featuredmedia":[{"embeddable":true,"href":"https:\/\/portal.schaffenburg.nl\/de\/wp-json\/wp\/v2\/media\/24304"}],"wp:attachment":[{"href":"https:\/\/portal.schaffenburg.nl\/de\/wp-json\/wp\/v2\/media?parent=27898"}],"wp:term":[{"taxonomy":"product_brand","embeddable":true,"href":"https:\/\/portal.schaffenburg.nl\/de\/wp-json\/wp\/v2\/product_brand?post=27898"},{"taxonomy":"product_cat","embeddable":true,"href":"https:\/\/portal.schaffenburg.nl\/de\/wp-json\/wp\/v2\/product_cat?post=27898"},{"taxonomy":"product_tag","embeddable":true,"href":"https:\/\/portal.schaffenburg.nl\/de\/wp-json\/wp\/v2\/product_tag?post=27898"}],"curies":[{"name":"wp","href":"https:\/\/api.w.org\/{rel}","templated":true}]}}