{"id":27918,"date":"2023-02-28T10:10:30","date_gmt":"2023-02-28T08:10:30","guid":{"rendered":"https:\/\/staging-schaffenburg.nl\/product\/powerdock-usb-einbaugeraet\/"},"modified":"2023-02-28T10:10:30","modified_gmt":"2023-02-28T10:10:30","slug":"powerdock-usb-einbaugeraet","status":"publish","type":"product","link":"https:\/\/portal.schaffenburg.nl\/de\/produkt\/powerdock-usb-einbaugeraet\/","title":{"rendered":"Powerdock + USB Einbauger\u00e4t"},"content":{"rendered":"Das Powerdock + USB-Einbauger\u00e4t ist ein vielseitiges Einbauger\u00e4t, das sich perfekt f\u00fcr die Elektrifizierung Ihres Arbeitsplatzes eignet. Es ist eine gro\u00dfartige M\u00f6glichkeit, den verf\u00fcgbaren Platz auf Ihrem Schreibtisch zu optimieren und gleichzeitig Ihre Ger\u00e4te mit Strom zu versorgen. \nDas Powerdock + USB-Unterputzger\u00e4t ist nicht nur praktisch, sondern auch stilvoll. Sein modernes Design passt perfekt zu jedem Schreibtisch und verleiht Ihrem Arbeitsplatz einen professionellen Look. Au\u00dferdem ist das Einbauger\u00e4t in verschiedenen Farben erh\u00e4ltlich, so dass Sie eine Farbe w\u00e4hlen k\u00f6nnen, die zum Rest Ihrer B\u00fcroeinrichtung passt.  \nDas Einbauger\u00e4t verf\u00fcgt \u00fcber zwei Stromanschl\u00fcsse und zwei USB-A-Ladeanschl\u00fcsse, \u00fcber die Sie Ihre Ger\u00e4te problemlos aufladen k\u00f6nnen. Au\u00dferdem verf\u00fcgt das Einbauger\u00e4t \u00fcber eine Keystone-Option, die es Ihnen erm\u00f6glicht, zwei Keystone-Bl\u00f6cke einzusetzen. Dies bietet zus\u00e4tzliche Flexibilit\u00e4t und erm\u00f6glicht es Ihnen, das Einbauger\u00e4t an Ihre speziellen Bed\u00fcrfnisse anzupassen.  \nDie Montage der Powerdock + USB-Einbaueinheit ist sehr einfach und erfordert kein Spezialwerkzeug. Das Einbauger\u00e4t wird mit einem 1 Meter langen festen Verbindungskabel mit einem eGST\u00ae-Stecker am Ende geliefert. Um das Ger\u00e4t anzuschlie\u00dfen, ben\u00f6tigen Sie ein <a href=\"https:\/\/www.schaffenburg.nl\/shop\/snellever\/accessoires-snellever\/elektrificatie-snellveren\/aansluitkabel\/\" target=\"_blank\" rel=\"noopener noreferrer\">Anschlusskabel (Netzkabel)<\/a> (nicht im Lieferumfang enthalten).  \nDer Keystone mit zwei freien Positionen ist ein gro\u00dfartiges Merkmal, das die Unterputzeinheit vielseitig einsetzbar macht. Sie k\u00f6nnen den Keystone zum Beispiel f\u00fcr Daten RJ 45, CAT 5 und CAT 6, USB 2.0\/3.0, USB C, HDMI, VGA-Anschl\u00fcsse oder als Kabeldurchf\u00fchrung verwenden \nKurz gesagt, das Powerdock + USB-Unterputzger\u00e4t ist eine praktische und elegante L\u00f6sung f\u00fcr die Elektrifizierung Ihres Arbeitsplatzes. Es ist einfach zu installieren und bietet vielseitige Funktionen, mit denen Sie Ihren Arbeitsplatz an Ihre speziellen Bed\u00fcrfnisse anpassen k\u00f6nnen. \n<h6>Eigenschaften<\/h6>\n<ul>\n<li>Inklusive 1 m Kupplungskabel<\/li>\n<li>Um das Ger\u00e4t anzuschlie\u00dfen, ben\u00f6tigen Sie ein <a href=\"https:\/\/www.schaffenburg.nl\/shop\/snellever\/accessoires-snellever\/elektrificatie-snellveren\/aansluitkabel\/\" target=\"_blank\" rel=\"noopener noreferrer\">Anschlusskabel (Netzkabel)<\/a> (nicht im Lieferumfang enthalten).<\/li>\n<li>Abmessungen: 303,4 X 89 mm<\/li>\n<li>2 x 230V + 2 x USB A Charge + 1 x Keystone<\/li>\n<li>Keystone enth\u00e4lt 2 freie Positionen<\/li>\n<li>Erh\u00e4ltlich in Schwarz, Wei\u00df, Edelstahl<\/li>\n<li>Maximale Blattst\u00e4rke 58 mm<\/li>\n<\/ul>\n","protected":false},"excerpt":{"rendered":"<p>Die Powerdock Recessed Unit ist eine gro\u00dfartige L\u00f6sung f\u00fcr alle Stromanschl\u00fcsse, die Sie ben\u00f6tigen und die bei Nichtgebrauch auf Ihrem Arbeitsplatz oder Konferenztisch gut versteckt sind! Mit Hilfe der Keystone-Stecker k\u00f6nnen Sie jeden Anschluss hinzuf\u00fcgen, der Ihnen noch fehlt! <\/p>\n<div class=\"woocommerce-product-details__short-description\">\n<p>Um das Ger\u00e4t anzuschlie\u00dfen, ben\u00f6tigen Sie ein <a href=\"https:\/\/www.schaffenburg.nl\/shop\/snellever\/accessoires-snellever\/elektrificatie-snellveren\/aansluitkabel\/\" target=\"_blank\" rel=\"noopener noreferrer\">Anschlusskabel (Netzkabel)<\/a> (nicht im Lieferumfang enthalten).<\/p>\n<\/div>\n","protected":false},"featured_media":24334,"comment_status":"closed","ping_status":"closed","template":"","meta":{"_acf_changed":false},"product_brand":[],"product_cat":[2415,2140,3245],"product_tag":[3132,3384,3133,3385,2145,3134,3386,2148,3136,3387,2151,3170,3389,2157,3246,3391,2285,3248,2424,3249,2427,3252,2469,3255,2475,3256,2619,3260,2622,3264,2636,3269,2643,3332,2903,3337],"class_list":{"0":"post-27918","1":"product","2":"type-product","3":"status-publish","4":"has-post-thumbnail","6":"product_cat-schreibtisch-tischzubehor","7":"product_cat-schnelle-lieferung","8":"product_cat-elektrifizierung","9":"product_tag-arbeitsplatz-de","10":"product_tag-burogestaltung","11":"product_tag-zubehoer","12":"product_tag-kabeldurchfuhrungstulle","13":"product_tag-schwarz","14":"product_tag-desktop-de-2","15":"product_tag-eingebautes-gerat","16":"product_tag-entwurf","17":"product_tag-eingebaut","18":"product_tag-ordentlich-und-organisiert","19":"product_tag-professionell","20":"product_tag-alu-de","21":"product_tag-stromanschluss","22":"product_tag-modern-de","23":"product_tag-plastik","24":"product_tag-usb-de","25":"product_tag-buro","26":"product_tag-steckdose","27":"product_tag-aluminium-de","28":"product_tag-elektrifizierung","29":"product_tag-weis","30":"product_tag-230v-de","31":"product_tag-zubehor","32":"product_tag-laden-sie","33":"product_tag-kompakt","34":"product_tag-einfache-montage-de-2","35":"product_tag-buro-de","36":"product_tag-mit-anschlusskabel","37":"product_tag-universal-de","38":"product_tag-rechtwinklig","39":"product_tag-arbeitsplatz","40":"product_tag-usb-ladegerat","41":"product_tag-flexibilitat","42":"product_tag-umschlagklappe","43":"product_tag-buero","44":"product_tag-keystone-de","45":"pa_kleuren-accessoires-aluminium-de","46":"pa_kleuren-accessoires-schwarz","47":"pa_kleuren-accessoires-weiss","49":"first","50":"instock","51":"purchasable","52":"product-type-variable"},"acf":{"downloads":null},"yoast_head":"<!-- This site is optimized with the Yoast SEO plugin v26.7 - https:\/\/yoast.com\/wordpress\/plugins\/seo\/ -->\n<title>Powerdock + USB Einbauger\u00e4t - Schaffenburg<\/title>\n<meta name=\"robots\" content=\"index, follow, max-snippet:-1, max-image-preview:large, max-video-preview:-1\" \/>\n<link rel=\"canonical\" href=\"https:\/\/portal.schaffenburg.nl\/de\/produkt\/powerdock-usb-einbaugeraet\/\" \/>\n<meta property=\"og:locale\" content=\"de_DE\" \/>\n<meta property=\"og:type\" content=\"article\" \/>\n<meta property=\"og:title\" content=\"Powerdock + USB Einbauger\u00e4t - Schaffenburg\" \/>\n<meta property=\"og:description\" content=\"Die Powerdock Recessed Unit ist eine gro\u00dfartige L\u00f6sung f\u00fcr alle Stromanschl\u00fcsse, die Sie ben\u00f6tigen und die bei Nichtgebrauch auf Ihrem Arbeitsplatz oder Konferenztisch gut versteckt sind! Mit Hilfe der Keystone-Stecker k\u00f6nnen Sie jeden Anschluss hinzuf\u00fcgen, der Ihnen noch fehlt!  Um das Ger\u00e4t anzuschlie\u00dfen, ben\u00f6tigen Sie ein Anschlusskabel (Netzkabel) (nicht im Lieferumfang enthalten).\" \/>\n<meta property=\"og:url\" content=\"https:\/\/portal.schaffenburg.nl\/de\/produkt\/powerdock-usb-einbaugeraet\/\" \/>\n<meta property=\"og:site_name\" content=\"Schaffenburg\" \/>\n<meta property=\"article:modified_time\" content=\"2023-02-28T10:10:30+00:00\" \/>\n<meta property=\"og:image\" content=\"https:\/\/portal.schaffenburg.nl\/wp-content\/uploads\/2024\/09\/ELE-INB-FLX-2V2U-RVS_01.jpg?wsr\" \/>\n\t<meta property=\"og:image:width\" content=\"800\" \/>\n\t<meta property=\"og:image:height\" content=\"533\" \/>\n\t<meta property=\"og:image:type\" content=\"image\/jpeg\" \/>\n<meta name=\"twitter:card\" content=\"summary_large_image\" \/>\n<meta name=\"twitter:label1\" content=\"Gesch\u00e4tzte Lesezeit\" \/>\n\t<meta name=\"twitter:data1\" content=\"2\u00a0Minuten\" \/>\n<script type=\"application\/ld+json\" class=\"yoast-schema-graph\">{\"@context\":\"https:\/\/schema.org\",\"@graph\":[{\"@type\":\"WebPage\",\"@id\":\"https:\/\/portal.schaffenburg.nl\/de\/produkt\/powerdock-usb-einbaugeraet\/\",\"url\":\"https:\/\/portal.schaffenburg.nl\/de\/produkt\/powerdock-usb-einbaugeraet\/\",\"name\":\"Powerdock + USB Einbauger\u00e4t - Schaffenburg\",\"isPartOf\":{\"@id\":\"https:\/\/portal.schaffenburg.nl\/de\/#website\"},\"primaryImageOfPage\":{\"@id\":\"https:\/\/portal.schaffenburg.nl\/de\/produkt\/powerdock-usb-einbaugeraet\/#primaryimage\"},\"image\":{\"@id\":\"https:\/\/portal.schaffenburg.nl\/de\/produkt\/powerdock-usb-einbaugeraet\/#primaryimage\"},\"thumbnailUrl\":\"https:\/\/portal.schaffenburg.nl\/wp-content\/uploads\/2024\/09\/ELE-INB-FLX-2V2U-RVS_01.jpg?wsr\",\"datePublished\":\"2023-02-28T08:10:30+00:00\",\"dateModified\":\"2023-02-28T10:10:30+00:00\",\"breadcrumb\":{\"@id\":\"https:\/\/portal.schaffenburg.nl\/de\/produkt\/powerdock-usb-einbaugeraet\/#breadcrumb\"},\"inLanguage\":\"de\",\"potentialAction\":[{\"@type\":\"ReadAction\",\"target\":[\"https:\/\/portal.schaffenburg.nl\/de\/produkt\/powerdock-usb-einbaugeraet\/\"]}]},{\"@type\":\"ImageObject\",\"inLanguage\":\"de\",\"@id\":\"https:\/\/portal.schaffenburg.nl\/de\/produkt\/powerdock-usb-einbaugeraet\/#primaryimage\",\"url\":\"https:\/\/portal.schaffenburg.nl\/wp-content\/uploads\/2024\/09\/ELE-INB-FLX-2V2U-RVS_01.jpg?wsr\",\"contentUrl\":\"https:\/\/portal.schaffenburg.nl\/wp-content\/uploads\/2024\/09\/ELE-INB-FLX-2V2U-RVS_01.jpg?wsr\",\"width\":800,\"height\":533,\"caption\":\"Powerdock + USB Einbauger\u00e4t\"},{\"@type\":\"BreadcrumbList\",\"@id\":\"https:\/\/portal.schaffenburg.nl\/de\/produkt\/powerdock-usb-einbaugeraet\/#breadcrumb\",\"itemListElement\":[{\"@type\":\"ListItem\",\"position\":1,\"name\":\"Home\",\"item\":\"https:\/\/portal.schaffenburg.nl\/de\/\"},{\"@type\":\"ListItem\",\"position\":2,\"name\":\"Powerdock + USB Einbauger\u00e4t\"}]},{\"@type\":\"WebSite\",\"@id\":\"https:\/\/portal.schaffenburg.nl\/de\/#website\",\"url\":\"https:\/\/portal.schaffenburg.nl\/de\/\",\"name\":\"Schaffenburg\",\"description\":\"\",\"potentialAction\":[{\"@type\":\"SearchAction\",\"target\":{\"@type\":\"EntryPoint\",\"urlTemplate\":\"https:\/\/portal.schaffenburg.nl\/de\/?s={search_term_string}\"},\"query-input\":{\"@type\":\"PropertyValueSpecification\",\"valueRequired\":true,\"valueName\":\"search_term_string\"}}],\"inLanguage\":\"de\"}]}<\/script>\n<!-- \/ Yoast SEO plugin. -->","yoast_head_json":{"title":"Powerdock + USB Einbauger\u00e4t - Schaffenburg","robots":{"index":"index","follow":"follow","max-snippet":"max-snippet:-1","max-image-preview":"max-image-preview:large","max-video-preview":"max-video-preview:-1"},"canonical":"https:\/\/portal.schaffenburg.nl\/de\/produkt\/powerdock-usb-einbaugeraet\/","og_locale":"de_DE","og_type":"article","og_title":"Powerdock + USB Einbauger\u00e4t - Schaffenburg","og_description":"Die Powerdock Recessed Unit ist eine gro\u00dfartige L\u00f6sung f\u00fcr alle Stromanschl\u00fcsse, die Sie ben\u00f6tigen und die bei Nichtgebrauch auf Ihrem Arbeitsplatz oder Konferenztisch gut versteckt sind! Mit Hilfe der Keystone-Stecker k\u00f6nnen Sie jeden Anschluss hinzuf\u00fcgen, der Ihnen noch fehlt!  Um das Ger\u00e4t anzuschlie\u00dfen, ben\u00f6tigen Sie ein Anschlusskabel (Netzkabel) (nicht im Lieferumfang enthalten).","og_url":"https:\/\/portal.schaffenburg.nl\/de\/produkt\/powerdock-usb-einbaugeraet\/","og_site_name":"Schaffenburg","article_modified_time":"2023-02-28T10:10:30+00:00","og_image":[{"width":800,"height":533,"url":"https:\/\/portal.schaffenburg.nl\/wp-content\/uploads\/2024\/09\/ELE-INB-FLX-2V2U-RVS_01.jpg?wsr","type":"image\/jpeg"}],"twitter_card":"summary_large_image","twitter_misc":{"Gesch\u00e4tzte Lesezeit":"2\u00a0Minuten"},"schema":{"@context":"https:\/\/schema.org","@graph":[{"@type":"WebPage","@id":"https:\/\/portal.schaffenburg.nl\/de\/produkt\/powerdock-usb-einbaugeraet\/","url":"https:\/\/portal.schaffenburg.nl\/de\/produkt\/powerdock-usb-einbaugeraet\/","name":"Powerdock + USB Einbauger\u00e4t - Schaffenburg","isPartOf":{"@id":"https:\/\/portal.schaffenburg.nl\/de\/#website"},"primaryImageOfPage":{"@id":"https:\/\/portal.schaffenburg.nl\/de\/produkt\/powerdock-usb-einbaugeraet\/#primaryimage"},"image":{"@id":"https:\/\/portal.schaffenburg.nl\/de\/produkt\/powerdock-usb-einbaugeraet\/#primaryimage"},"thumbnailUrl":"https:\/\/portal.schaffenburg.nl\/wp-content\/uploads\/2024\/09\/ELE-INB-FLX-2V2U-RVS_01.jpg?wsr","datePublished":"2023-02-28T08:10:30+00:00","dateModified":"2023-02-28T10:10:30+00:00","breadcrumb":{"@id":"https:\/\/portal.schaffenburg.nl\/de\/produkt\/powerdock-usb-einbaugeraet\/#breadcrumb"},"inLanguage":"de","potentialAction":[{"@type":"ReadAction","target":["https:\/\/portal.schaffenburg.nl\/de\/produkt\/powerdock-usb-einbaugeraet\/"]}]},{"@type":"ImageObject","inLanguage":"de","@id":"https:\/\/portal.schaffenburg.nl\/de\/produkt\/powerdock-usb-einbaugeraet\/#primaryimage","url":"https:\/\/portal.schaffenburg.nl\/wp-content\/uploads\/2024\/09\/ELE-INB-FLX-2V2U-RVS_01.jpg?wsr","contentUrl":"https:\/\/portal.schaffenburg.nl\/wp-content\/uploads\/2024\/09\/ELE-INB-FLX-2V2U-RVS_01.jpg?wsr","width":800,"height":533,"caption":"Powerdock + USB Einbauger\u00e4t"},{"@type":"BreadcrumbList","@id":"https:\/\/portal.schaffenburg.nl\/de\/produkt\/powerdock-usb-einbaugeraet\/#breadcrumb","itemListElement":[{"@type":"ListItem","position":1,"name":"Home","item":"https:\/\/portal.schaffenburg.nl\/de\/"},{"@type":"ListItem","position":2,"name":"Powerdock + USB Einbauger\u00e4t"}]},{"@type":"WebSite","@id":"https:\/\/portal.schaffenburg.nl\/de\/#website","url":"https:\/\/portal.schaffenburg.nl\/de\/","name":"Schaffenburg","description":"","potentialAction":[{"@type":"SearchAction","target":{"@type":"EntryPoint","urlTemplate":"https:\/\/portal.schaffenburg.nl\/de\/?s={search_term_string}"},"query-input":{"@type":"PropertyValueSpecification","valueRequired":true,"valueName":"search_term_string"}}],"inLanguage":"de"}]}},"_links":{"self":[{"href":"https:\/\/portal.schaffenburg.nl\/de\/wp-json\/wp\/v2\/product\/27918","targetHints":{"allow":["GET"]}}],"collection":[{"href":"https:\/\/portal.schaffenburg.nl\/de\/wp-json\/wp\/v2\/product"}],"about":[{"href":"https:\/\/portal.schaffenburg.nl\/de\/wp-json\/wp\/v2\/types\/product"}],"replies":[{"embeddable":true,"href":"https:\/\/portal.schaffenburg.nl\/de\/wp-json\/wp\/v2\/comments?post=27918"}],"wp:featuredmedia":[{"embeddable":true,"href":"https:\/\/portal.schaffenburg.nl\/de\/wp-json\/wp\/v2\/media\/24334"}],"wp:attachment":[{"href":"https:\/\/portal.schaffenburg.nl\/de\/wp-json\/wp\/v2\/media?parent=27918"}],"wp:term":[{"taxonomy":"product_brand","embeddable":true,"href":"https:\/\/portal.schaffenburg.nl\/de\/wp-json\/wp\/v2\/product_brand?post=27918"},{"taxonomy":"product_cat","embeddable":true,"href":"https:\/\/portal.schaffenburg.nl\/de\/wp-json\/wp\/v2\/product_cat?post=27918"},{"taxonomy":"product_tag","embeddable":true,"href":"https:\/\/portal.schaffenburg.nl\/de\/wp-json\/wp\/v2\/product_tag?post=27918"}],"curies":[{"name":"wp","href":"https:\/\/api.w.org\/{rel}","templated":true}]}}