{"id":27919,"date":"2023-02-28T10:11:11","date_gmt":"2023-02-28T08:11:11","guid":{"rendered":"https:\/\/staging-schaffenburg.nl\/product\/rado-powerdot\/"},"modified":"2023-02-28T10:11:11","modified_gmt":"2023-02-28T10:11:11","slug":"rado-powerdot","status":"publish","type":"product","link":"https:\/\/portal.schaffenburg.nl\/de\/produkt\/rado-powerdot\/","title":{"rendered":"Rado Powerdot"},"content":{"rendered":"Der Rado Powerdot mit USB A Charge ist eine versenkte Elektrifizierungseinheit, die f\u00fcr Komfort an Ihrem Arbeitsplatz oder Konferenztisch sorgt. Dieses Ger\u00e4t hat ein modernes und schlankes Design und l\u00e4sst sich wunderbar in jeden Schreibtisch, zu Hause oder im B\u00fcro einbauen. Es bietet Ihnen alle h\u00e4ufig genutzten Anschl\u00fcsse zur Hand.  \nDer Rado Powerdot ist ein \u00e4hnliches rundes Einbauger\u00e4t, das mit einem 230V-Anschluss und einem USB-Ladeger\u00e4t ausgestattet ist. Dieses Ger\u00e4t hat eine Einbaugr\u00f6\u00dfe von \u00d860 mm und wird mit einem 1,7 Meter langen Anschlusskabel mit eGST\u00ae-Stecker geliefert. So k\u00f6nnen Sie es z.B. direkt an Ihre Steckdosenleiste anschlie\u00dfen.  \nDas Einbauger\u00e4t ist sch\u00f6n und ordentlich in jedem Schreibtisch verborgen, was es nicht nur praktisch, sondern auch \u00e4sthetisch ansprechend macht. Dank der Einbaugr\u00f6\u00dfe von \u00d860mm ist es einfach zu installieren. Dar\u00fcber hinaus ist das Ger\u00e4t mit einem 1 x 230V-Anschluss und 1 x USB A Charge ausgestattet.  \nDer Rado Powerdot ist ein praktisches Ger\u00e4t f\u00fcr alle, die eine Steckdose und einen USB-Anschluss auf ihrem Schreibtisch ben\u00f6tigen. Das 1,7 m lange Anschlusskabel sorgt daf\u00fcr, dass Sie genug Platz haben, um das Ger\u00e4t an einem geeigneten Ort zu platzieren. Das wei\u00dfe Design passt zu jeder Einrichtung.  \nKurzum, der Rado Powerdot ist eine intelligente L\u00f6sung f\u00fcr alle, die schnell und einfach eine Steckdose und einen USB-Anschluss auf ihrem Schreibtisch ben\u00f6tigen. Sein modernes Design und die integrierten Optionen machen ihn zu einer sch\u00f6nen und praktischen Erg\u00e4nzung f\u00fcr jeden Arbeitsplatz, ob zu Hause oder im B\u00fcro. \n<h6>Eigenschaften<\/h6>\n&gt;  Inklusive 1,7 m Anschlusskabel<br \/>\n&gt;  1 x 230V + 1 x USB A Ladeger\u00e4t<br \/>\n&gt;  Einbauma\u00df \u00d860 mm<br \/>\n&gt;  Wei\u00df\n","protected":false},"excerpt":{"rendered":"<p>Der Rado Powerdot mit USB A Charge ist ein Einbauger\u00e4t, das sich wunderbar in Ihren Arbeitsplatz oder Konferenztisch einbauen l\u00e4sst.<\/p>\n","protected":false},"featured_media":24408,"comment_status":"closed","ping_status":"closed","template":"","meta":{"_acf_changed":false},"product_brand":[],"product_cat":[2415,2140,3245],"product_tag":[3134,3396,3136,3397,2157,3246,3398,2164,3247,3399,2285,3249,3400,2427,3252,2469,3255,2475,3260,2619,3267,2623,3331,2636,3388,2903,3390,2913,3392,3107,3393,3132,3394,3133,3395],"class_list":{"0":"post-27919","1":"product","2":"type-product","3":"status-publish","4":"has-post-thumbnail","6":"product_cat-schreibtisch-tischzubehor","7":"product_cat-schnelle-lieferung","8":"product_cat-elektrifizierung","9":"product_tag-desktop-de-2","10":"product_tag-eingebaute-elektrifizierungseinheit","11":"product_tag-eingebaut","12":"product_tag-einbaumas-o60mm","13":"product_tag-modern-de","14":"product_tag-plastik","15":"product_tag-buro-accessoires","16":"product_tag-praktisch-de","17":"product_tag-benutzerfreundlichkeit","18":"product_tag-rado-powerdot-de","19":"product_tag-buro","20":"product_tag-elektrifizierung","21":"product_tag-usb-ladegerat-de","22":"product_tag-weis","23":"product_tag-230v-de","24":"product_tag-zubehor","25":"product_tag-laden-sie","26":"product_tag-kompakt","27":"product_tag-mit-anschlusskabel","28":"product_tag-buro-de","29":"product_tag-usb-a-de","30":"product_tag-zubehor-fur-den-schreibtisch","31":"product_tag-modernes-design-de","32":"product_tag-arbeitsplatz","33":"product_tag-steckdose-de","34":"product_tag-buero","35":"product_tag-schlankes-design-de","36":"product_tag-besprechungstisch","37":"product_tag-verbindungskabel-von-17-m","38":"product_tag-rund","39":"product_tag-egst-stecker","40":"product_tag-arbeitsplatz-de","41":"product_tag-asthetisch-ansprechend-de","42":"product_tag-zubehoer","43":"product_tag-praktische-einheit","45":"first","46":"instock","47":"purchasable","48":"product-type-simple"},"acf":{"downloads":null},"yoast_head":"<!-- This site is optimized with the Yoast SEO plugin v26.7 - https:\/\/yoast.com\/wordpress\/plugins\/seo\/ -->\n<title>Rado Powerdot - Schaffenburg Einbauger\u00e4t mit USB A-Ladung<\/title>\n<meta name=\"description\" content=\"Rado Powerdot mit USB A Charge - eine versenkbare Elektrifizierungseinheit. Modernes und schlankes Design, kann in Ihren Arbeitsplatz oder Konferenztisch eingelassen werden.\" \/>\n<meta name=\"robots\" content=\"index, follow, max-snippet:-1, max-image-preview:large, max-video-preview:-1\" \/>\n<link rel=\"canonical\" href=\"https:\/\/portal.schaffenburg.nl\/de\/produkt\/rado-powerdot\/\" \/>\n<meta property=\"og:locale\" content=\"de_DE\" \/>\n<meta property=\"og:type\" content=\"article\" \/>\n<meta property=\"og:title\" content=\"Rado Powerdot - Schaffenburg Einbauger\u00e4t mit USB A-Ladung\" \/>\n<meta property=\"og:description\" content=\"Rado Powerdot mit USB A Charge - eine versenkbare Elektrifizierungseinheit. Modernes und schlankes Design, kann in Ihren Arbeitsplatz oder Konferenztisch eingelassen werden.\" \/>\n<meta property=\"og:url\" content=\"https:\/\/portal.schaffenburg.nl\/de\/produkt\/rado-powerdot\/\" \/>\n<meta property=\"og:site_name\" content=\"Schaffenburg\" \/>\n<meta property=\"article:modified_time\" content=\"2023-02-28T10:11:11+00:00\" \/>\n<meta property=\"og:image\" content=\"https:\/\/portal.schaffenburg.nl\/wp-content\/uploads\/2024\/09\/RAD-PD-1V1USB-W_01.jpg?wsr\" \/>\n\t<meta property=\"og:image:width\" content=\"800\" \/>\n\t<meta property=\"og:image:height\" content=\"533\" \/>\n\t<meta property=\"og:image:type\" content=\"image\/jpeg\" \/>\n<meta name=\"twitter:card\" content=\"summary_large_image\" \/>\n<meta name=\"twitter:label1\" content=\"Gesch\u00e4tzte Lesezeit\" \/>\n\t<meta name=\"twitter:data1\" content=\"1\u00a0Minute\" \/>\n<script type=\"application\/ld+json\" class=\"yoast-schema-graph\">{\"@context\":\"https:\/\/schema.org\",\"@graph\":[{\"@type\":\"WebPage\",\"@id\":\"https:\/\/portal.schaffenburg.nl\/de\/produkt\/rado-powerdot\/\",\"url\":\"https:\/\/portal.schaffenburg.nl\/de\/produkt\/rado-powerdot\/\",\"name\":\"Rado Powerdot - Schaffenburg Einbauger\u00e4t mit USB A-Ladung\",\"isPartOf\":{\"@id\":\"https:\/\/portal.schaffenburg.nl\/de\/#website\"},\"primaryImageOfPage\":{\"@id\":\"https:\/\/portal.schaffenburg.nl\/de\/produkt\/rado-powerdot\/#primaryimage\"},\"image\":{\"@id\":\"https:\/\/portal.schaffenburg.nl\/de\/produkt\/rado-powerdot\/#primaryimage\"},\"thumbnailUrl\":\"https:\/\/portal.schaffenburg.nl\/wp-content\/uploads\/2024\/09\/RAD-PD-1V1USB-W_01.jpg?wsr\",\"datePublished\":\"2023-02-28T08:11:11+00:00\",\"dateModified\":\"2023-02-28T10:11:11+00:00\",\"description\":\"Rado Powerdot mit USB A Charge - eine versenkbare Elektrifizierungseinheit. Modernes und schlankes Design, kann in Ihren Arbeitsplatz oder Konferenztisch eingelassen werden.\",\"breadcrumb\":{\"@id\":\"https:\/\/portal.schaffenburg.nl\/de\/produkt\/rado-powerdot\/#breadcrumb\"},\"inLanguage\":\"de\",\"potentialAction\":[{\"@type\":\"ReadAction\",\"target\":[\"https:\/\/portal.schaffenburg.nl\/de\/produkt\/rado-powerdot\/\"]}]},{\"@type\":\"ImageObject\",\"inLanguage\":\"de\",\"@id\":\"https:\/\/portal.schaffenburg.nl\/de\/produkt\/rado-powerdot\/#primaryimage\",\"url\":\"https:\/\/portal.schaffenburg.nl\/wp-content\/uploads\/2024\/09\/RAD-PD-1V1USB-W_01.jpg?wsr\",\"contentUrl\":\"https:\/\/portal.schaffenburg.nl\/wp-content\/uploads\/2024\/09\/RAD-PD-1V1USB-W_01.jpg?wsr\",\"width\":800,\"height\":533,\"caption\":\"Rado Powerdot\"},{\"@type\":\"BreadcrumbList\",\"@id\":\"https:\/\/portal.schaffenburg.nl\/de\/produkt\/rado-powerdot\/#breadcrumb\",\"itemListElement\":[{\"@type\":\"ListItem\",\"position\":1,\"name\":\"Home\",\"item\":\"https:\/\/portal.schaffenburg.nl\/de\/\"},{\"@type\":\"ListItem\",\"position\":2,\"name\":\"Rado Powerdot\"}]},{\"@type\":\"WebSite\",\"@id\":\"https:\/\/portal.schaffenburg.nl\/de\/#website\",\"url\":\"https:\/\/portal.schaffenburg.nl\/de\/\",\"name\":\"Schaffenburg\",\"description\":\"\",\"potentialAction\":[{\"@type\":\"SearchAction\",\"target\":{\"@type\":\"EntryPoint\",\"urlTemplate\":\"https:\/\/portal.schaffenburg.nl\/de\/?s={search_term_string}\"},\"query-input\":{\"@type\":\"PropertyValueSpecification\",\"valueRequired\":true,\"valueName\":\"search_term_string\"}}],\"inLanguage\":\"de\"}]}<\/script>\n<!-- \/ Yoast SEO plugin. -->","yoast_head_json":{"title":"Rado Powerdot - Schaffenburg Einbauger\u00e4t mit USB A-Ladung","description":"Rado Powerdot mit USB A Charge - eine versenkbare Elektrifizierungseinheit. Modernes und schlankes Design, kann in Ihren Arbeitsplatz oder Konferenztisch eingelassen werden.","robots":{"index":"index","follow":"follow","max-snippet":"max-snippet:-1","max-image-preview":"max-image-preview:large","max-video-preview":"max-video-preview:-1"},"canonical":"https:\/\/portal.schaffenburg.nl\/de\/produkt\/rado-powerdot\/","og_locale":"de_DE","og_type":"article","og_title":"Rado Powerdot - Schaffenburg Einbauger\u00e4t mit USB A-Ladung","og_description":"Rado Powerdot mit USB A Charge - eine versenkbare Elektrifizierungseinheit. Modernes und schlankes Design, kann in Ihren Arbeitsplatz oder Konferenztisch eingelassen werden.","og_url":"https:\/\/portal.schaffenburg.nl\/de\/produkt\/rado-powerdot\/","og_site_name":"Schaffenburg","article_modified_time":"2023-02-28T10:11:11+00:00","og_image":[{"width":800,"height":533,"url":"https:\/\/portal.schaffenburg.nl\/wp-content\/uploads\/2024\/09\/RAD-PD-1V1USB-W_01.jpg?wsr","type":"image\/jpeg"}],"twitter_card":"summary_large_image","twitter_misc":{"Gesch\u00e4tzte Lesezeit":"1\u00a0Minute"},"schema":{"@context":"https:\/\/schema.org","@graph":[{"@type":"WebPage","@id":"https:\/\/portal.schaffenburg.nl\/de\/produkt\/rado-powerdot\/","url":"https:\/\/portal.schaffenburg.nl\/de\/produkt\/rado-powerdot\/","name":"Rado Powerdot - Schaffenburg Einbauger\u00e4t mit USB A-Ladung","isPartOf":{"@id":"https:\/\/portal.schaffenburg.nl\/de\/#website"},"primaryImageOfPage":{"@id":"https:\/\/portal.schaffenburg.nl\/de\/produkt\/rado-powerdot\/#primaryimage"},"image":{"@id":"https:\/\/portal.schaffenburg.nl\/de\/produkt\/rado-powerdot\/#primaryimage"},"thumbnailUrl":"https:\/\/portal.schaffenburg.nl\/wp-content\/uploads\/2024\/09\/RAD-PD-1V1USB-W_01.jpg?wsr","datePublished":"2023-02-28T08:11:11+00:00","dateModified":"2023-02-28T10:11:11+00:00","description":"Rado Powerdot mit USB A Charge - eine versenkbare Elektrifizierungseinheit. Modernes und schlankes Design, kann in Ihren Arbeitsplatz oder Konferenztisch eingelassen werden.","breadcrumb":{"@id":"https:\/\/portal.schaffenburg.nl\/de\/produkt\/rado-powerdot\/#breadcrumb"},"inLanguage":"de","potentialAction":[{"@type":"ReadAction","target":["https:\/\/portal.schaffenburg.nl\/de\/produkt\/rado-powerdot\/"]}]},{"@type":"ImageObject","inLanguage":"de","@id":"https:\/\/portal.schaffenburg.nl\/de\/produkt\/rado-powerdot\/#primaryimage","url":"https:\/\/portal.schaffenburg.nl\/wp-content\/uploads\/2024\/09\/RAD-PD-1V1USB-W_01.jpg?wsr","contentUrl":"https:\/\/portal.schaffenburg.nl\/wp-content\/uploads\/2024\/09\/RAD-PD-1V1USB-W_01.jpg?wsr","width":800,"height":533,"caption":"Rado Powerdot"},{"@type":"BreadcrumbList","@id":"https:\/\/portal.schaffenburg.nl\/de\/produkt\/rado-powerdot\/#breadcrumb","itemListElement":[{"@type":"ListItem","position":1,"name":"Home","item":"https:\/\/portal.schaffenburg.nl\/de\/"},{"@type":"ListItem","position":2,"name":"Rado Powerdot"}]},{"@type":"WebSite","@id":"https:\/\/portal.schaffenburg.nl\/de\/#website","url":"https:\/\/portal.schaffenburg.nl\/de\/","name":"Schaffenburg","description":"","potentialAction":[{"@type":"SearchAction","target":{"@type":"EntryPoint","urlTemplate":"https:\/\/portal.schaffenburg.nl\/de\/?s={search_term_string}"},"query-input":{"@type":"PropertyValueSpecification","valueRequired":true,"valueName":"search_term_string"}}],"inLanguage":"de"}]}},"_links":{"self":[{"href":"https:\/\/portal.schaffenburg.nl\/de\/wp-json\/wp\/v2\/product\/27919","targetHints":{"allow":["GET"]}}],"collection":[{"href":"https:\/\/portal.schaffenburg.nl\/de\/wp-json\/wp\/v2\/product"}],"about":[{"href":"https:\/\/portal.schaffenburg.nl\/de\/wp-json\/wp\/v2\/types\/product"}],"replies":[{"embeddable":true,"href":"https:\/\/portal.schaffenburg.nl\/de\/wp-json\/wp\/v2\/comments?post=27919"}],"wp:featuredmedia":[{"embeddable":true,"href":"https:\/\/portal.schaffenburg.nl\/de\/wp-json\/wp\/v2\/media\/24408"}],"wp:attachment":[{"href":"https:\/\/portal.schaffenburg.nl\/de\/wp-json\/wp\/v2\/media?parent=27919"}],"wp:term":[{"taxonomy":"product_brand","embeddable":true,"href":"https:\/\/portal.schaffenburg.nl\/de\/wp-json\/wp\/v2\/product_brand?post=27919"},{"taxonomy":"product_cat","embeddable":true,"href":"https:\/\/portal.schaffenburg.nl\/de\/wp-json\/wp\/v2\/product_cat?post=27919"},{"taxonomy":"product_tag","embeddable":true,"href":"https:\/\/portal.schaffenburg.nl\/de\/wp-json\/wp\/v2\/product_tag?post=27919"}],"curies":[{"name":"wp","href":"https:\/\/api.w.org\/{rel}","templated":true}]}}