{"id":27928,"date":"2023-02-28T10:10:43","date_gmt":"2023-02-28T08:10:43","guid":{"rendered":"https:\/\/staging-schaffenburg.nl\/product\/flx-powerdesk-einsatz\/"},"modified":"2023-02-28T10:10:43","modified_gmt":"2023-02-28T10:10:43","slug":"flx-powerdesk-einsatz","status":"publish","type":"product","link":"https:\/\/portal.schaffenburg.nl\/de\/produkt\/flx-powerdesk-einsatz\/","title":{"rendered":"FLX Powerdesk Einsatz"},"content":{"rendered":"Der FLX Powerdesk Insert ist eine perfekte Einbaul\u00f6sung f\u00fcr moderne Arbeitspl\u00e4tze. Die elegante Einheit l\u00e4sst sich leicht montieren und eignet sich f\u00fcr Schreibtische, W\u00e4nde oder M\u00f6bel. Das moderne Design und die passenden modernen Stromversorgungen sorgen f\u00fcr einen eleganten Look.  \nMit seiner geringen Einbauh\u00f6he passt das Ger\u00e4t auch in die kleinsten Einbaur\u00e4ume. Der FLX Powerdesk Insert wird standardm\u00e4\u00dfig mit einem 50 cm langen Festkabel mit eGST\u00ae-Stecker geliefert. Er ist mit 2 x 230V Anschluss, 1 x USB A + 1 x USB C Charge und 1 x Keystone mit 2 freien Positionen ausgestattet. Der Keystone kann mit verschiedenen Anschl\u00fcssen best\u00fcckt werden, wie z.B. Daten RJ 45, CAT 5 und CAT 6, USB 2.0\/3.0, USB C, HDMI, VGA oder kann als Kabeldurchf\u00fchrung verwendet werden.   \nMit seinen Abmessungen von 275 x 46 mm und der Verf\u00fcgbarkeit in Schwarz-Aluminium und Wei\u00df-Aluminium passt dieses Ger\u00e4t perfekt zu jedem modernen Arbeitsplatz. Der FLX Powerdesk Insert ist nicht nur elegant, sondern auch \u00e4u\u00dferst funktionell und einfach zu installieren. \nDas Ger\u00e4t ist mit einem 50 cm langen Verbindungskabel ausgestattet und kann an jedem Schreibtisch, jeder Wand oder jedem M\u00f6belst\u00fcck befestigt werden. Mit 2 x 230V Steckdosen und 1 x USB A + 1 x USB C Charge ist das Ger\u00e4t ideal zum Aufladen Ihrer mobilen Ger\u00e4te. Dar\u00fcber hinaus bietet der Keystone zus\u00e4tzliche Flexibilit\u00e4t f\u00fcr den Anschluss verschiedener Stecker. Um das Ger\u00e4t anzuschlie\u00dfen, ben\u00f6tigen Sie ein <a href=\"https:\/\/www.schaffenburg.nl\/shop\/snellever\/accessoires-snellever\/elektrificatie-snellveren\/aansluitkabel\/\" target=\"_blank\" rel=\"noopener noreferrer\">Anschlusskabel (Netzkabel)<\/a> (nicht im Lieferumfang enthalten).   \nAlles in allem ist der FLX Powerdesk Insert eine ausgezeichnete Wahl f\u00fcr Ihren Arbeitsplatz. Mit seinem eleganten Design und der M\u00f6glichkeit, verschiedene Anschl\u00fcsse zu verbinden, ist dieses Ger\u00e4t eine perfekte Erg\u00e4nzung f\u00fcr jeden modernen Arbeitsplatz. \n<h6>Eigenschaften<\/h6>\n<ul>\n<li>Inklusive 50 cm Kupplungskabel<\/li>\n<li>Um das Ger\u00e4t anzuschlie\u00dfen, ben\u00f6tigen Sie ein <a href=\"https:\/\/www.schaffenburg.nl\/shop\/snellever\/accessoires-snellever\/elektrificatie-snellveren\/aansluitkabel\/\" target=\"_blank\" rel=\"noopener noreferrer\">Anschlusskabel (Netzkabel)<\/a> (nicht im Lieferumfang enthalten).<\/li>\n<li>Abmessungen: 275 X 46 mm<\/li>\n<li>2 x 230V + 1 x USB A + 1 x USB C Ladeger\u00e4t + 1 x Keystone<\/li>\n<li>Keystone enth\u00e4lt 2 freie Positionen<\/li>\n<li>Erh\u00e4ltlich in Schwarz-Aluminium und Wei\u00df-Aluminium<\/li>\n<\/ul>\n","protected":false},"excerpt":{"rendered":"<p>Der FLX Powerdesk Insert ist eine diskrete und modern gestaltete Einbau-Elektrifizierungseinheit, die auf Ihrem Schreibtisch oder Konferenztisch noch fehlt. Dank seines schlanken Designs passt dieses Ger\u00e4t auch problemlos in Ihre Wand oder jedes andere M\u00f6belst\u00fcck und Sie werden nie wieder die richtigen Stromanschl\u00fcsse vermissen. <\/p>\n<p>Um das Ger\u00e4t anzuschlie\u00dfen, ben\u00f6tigen Sie ein <a href=\"https:\/\/www.schaffenburg.nl\/shop\/snellever\/accessoires-snellever\/elektrificatie-snellveren\/aansluitkabel\/\" target=\"_blank\" rel=\"noopener noreferrer\">Anschlusskabel (Netzkabel)<\/a> (nicht im Lieferumfang enthalten).<\/p>\n","protected":false},"featured_media":24364,"comment_status":"closed","ping_status":"closed","template":"","meta":{"_acf_changed":false},"product_brand":[],"product_cat":[2415,2140,3245],"product_tag":[3132,3390,3133,3391,3134,3418,3136,3419,2145,3246,3420,2148,3248,3421,2157,3249,3422,2285,3252,3423,2427,3255,3424,2469,3256,2475,3260,2619,3264,2622,3337,2636,3364,2649,3385,2903,3386],"class_list":{"0":"post-27928","1":"product","2":"type-product","3":"status-publish","4":"has-post-thumbnail","6":"product_cat-schreibtisch-tischzubehor","7":"product_cat-schnelle-lieferung","8":"product_cat-elektrifizierung","9":"product_tag-arbeitsplatz-de","10":"product_tag-schlankes-design-de","11":"product_tag-zubehoer","12":"product_tag-usb-de","13":"product_tag-desktop-de-2","14":"product_tag-diskreter-look","15":"product_tag-eingebaut","16":"product_tag-flexible-anschlussmoglichkeiten","17":"product_tag-schwarz","18":"product_tag-plastik","19":"product_tag-keystone-stecker","20":"product_tag-entwurf","21":"product_tag-steckdose","22":"product_tag-niedriges-profil","23":"product_tag-modern-de","24":"product_tag-elektrifizierung","25":"product_tag-mobel","26":"product_tag-buro","27":"product_tag-230v-de","28":"product_tag-weis-aluminium","29":"product_tag-weis","30":"product_tag-laden-sie","31":"product_tag-schwarz-aluminium","32":"product_tag-zubehor","33":"product_tag-einfache-montage-de-2","34":"product_tag-kompakt","35":"product_tag-mit-anschlusskabel","36":"product_tag-buro-de","37":"product_tag-rechtwinklig","38":"product_tag-universal-de","39":"product_tag-keystone-de","40":"product_tag-arbeitsplatz","41":"product_tag-wand-de","42":"product_tag-usb-ladepunkte","43":"product_tag-kabeldurchfuhrungstulle","44":"product_tag-buero","45":"product_tag-eingebautes-gerat","46":"pa_kleuren-accessoires-schwarz","47":"pa_kleuren-accessoires-weiss","49":"first","50":"instock","51":"purchasable","52":"product-type-variable"},"acf":{"downloads":null},"yoast_head":"<!-- This site is optimized with the Yoast SEO plugin v26.7 - https:\/\/yoast.com\/wordpress\/plugins\/seo\/ -->\n<title>FLX Powerdesk Einsatz - Schaffenburg<\/title>\n<meta name=\"robots\" content=\"index, follow, max-snippet:-1, max-image-preview:large, max-video-preview:-1\" \/>\n<link rel=\"canonical\" href=\"https:\/\/portal.schaffenburg.nl\/de\/produkt\/flx-powerdesk-einsatz\/\" \/>\n<meta property=\"og:locale\" content=\"de_DE\" \/>\n<meta property=\"og:type\" content=\"article\" \/>\n<meta property=\"og:title\" content=\"FLX Powerdesk Einsatz - Schaffenburg\" \/>\n<meta property=\"og:description\" content=\"Der FLX Powerdesk Insert ist eine diskrete und modern gestaltete Einbau-Elektrifizierungseinheit, die auf Ihrem Schreibtisch oder Konferenztisch noch fehlt. Dank seines schlanken Designs passt dieses Ger\u00e4t auch problemlos in Ihre Wand oder jedes andere M\u00f6belst\u00fcck und Sie werden nie wieder die richtigen Stromanschl\u00fcsse vermissen.  Um das Ger\u00e4t anzuschlie\u00dfen, ben\u00f6tigen Sie ein Anschlusskabel (Netzkabel) (nicht im Lieferumfang enthalten).\" \/>\n<meta property=\"og:url\" content=\"https:\/\/portal.schaffenburg.nl\/de\/produkt\/flx-powerdesk-einsatz\/\" \/>\n<meta property=\"og:site_name\" content=\"Schaffenburg\" \/>\n<meta property=\"article:modified_time\" content=\"2023-02-28T10:10:43+00:00\" \/>\n<meta property=\"og:image\" content=\"https:\/\/portal.schaffenburg.nl\/wp-content\/uploads\/2024\/09\/ELE-IN-FLX-2V2UCH-ZA-1.jpg?wsr\" \/>\n\t<meta property=\"og:image:width\" content=\"1706\" \/>\n\t<meta property=\"og:image:height\" content=\"1706\" \/>\n\t<meta property=\"og:image:type\" content=\"image\/jpeg\" \/>\n<meta name=\"twitter:card\" content=\"summary_large_image\" \/>\n<meta name=\"twitter:label1\" content=\"Gesch\u00e4tzte Lesezeit\" \/>\n\t<meta name=\"twitter:data1\" content=\"2\u00a0Minuten\" \/>\n<script type=\"application\/ld+json\" class=\"yoast-schema-graph\">{\"@context\":\"https:\/\/schema.org\",\"@graph\":[{\"@type\":\"WebPage\",\"@id\":\"https:\/\/portal.schaffenburg.nl\/de\/produkt\/flx-powerdesk-einsatz\/\",\"url\":\"https:\/\/portal.schaffenburg.nl\/de\/produkt\/flx-powerdesk-einsatz\/\",\"name\":\"FLX Powerdesk Einsatz - Schaffenburg\",\"isPartOf\":{\"@id\":\"https:\/\/portal.schaffenburg.nl\/de\/#website\"},\"primaryImageOfPage\":{\"@id\":\"https:\/\/portal.schaffenburg.nl\/de\/produkt\/flx-powerdesk-einsatz\/#primaryimage\"},\"image\":{\"@id\":\"https:\/\/portal.schaffenburg.nl\/de\/produkt\/flx-powerdesk-einsatz\/#primaryimage\"},\"thumbnailUrl\":\"https:\/\/portal.schaffenburg.nl\/wp-content\/uploads\/2024\/09\/ELE-IN-FLX-2V2UCH-ZA-1.jpg?wsr\",\"datePublished\":\"2023-02-28T08:10:43+00:00\",\"dateModified\":\"2023-02-28T10:10:43+00:00\",\"breadcrumb\":{\"@id\":\"https:\/\/portal.schaffenburg.nl\/de\/produkt\/flx-powerdesk-einsatz\/#breadcrumb\"},\"inLanguage\":\"de\",\"potentialAction\":[{\"@type\":\"ReadAction\",\"target\":[\"https:\/\/portal.schaffenburg.nl\/de\/produkt\/flx-powerdesk-einsatz\/\"]}]},{\"@type\":\"ImageObject\",\"inLanguage\":\"de\",\"@id\":\"https:\/\/portal.schaffenburg.nl\/de\/produkt\/flx-powerdesk-einsatz\/#primaryimage\",\"url\":\"https:\/\/portal.schaffenburg.nl\/wp-content\/uploads\/2024\/09\/ELE-IN-FLX-2V2UCH-ZA-1.jpg?wsr\",\"contentUrl\":\"https:\/\/portal.schaffenburg.nl\/wp-content\/uploads\/2024\/09\/ELE-IN-FLX-2V2UCH-ZA-1.jpg?wsr\",\"width\":1706,\"height\":1706},{\"@type\":\"BreadcrumbList\",\"@id\":\"https:\/\/portal.schaffenburg.nl\/de\/produkt\/flx-powerdesk-einsatz\/#breadcrumb\",\"itemListElement\":[{\"@type\":\"ListItem\",\"position\":1,\"name\":\"Home\",\"item\":\"https:\/\/portal.schaffenburg.nl\/de\/\"},{\"@type\":\"ListItem\",\"position\":2,\"name\":\"FLX Powerdesk Einsatz\"}]},{\"@type\":\"WebSite\",\"@id\":\"https:\/\/portal.schaffenburg.nl\/de\/#website\",\"url\":\"https:\/\/portal.schaffenburg.nl\/de\/\",\"name\":\"Schaffenburg\",\"description\":\"\",\"potentialAction\":[{\"@type\":\"SearchAction\",\"target\":{\"@type\":\"EntryPoint\",\"urlTemplate\":\"https:\/\/portal.schaffenburg.nl\/de\/?s={search_term_string}\"},\"query-input\":{\"@type\":\"PropertyValueSpecification\",\"valueRequired\":true,\"valueName\":\"search_term_string\"}}],\"inLanguage\":\"de\"}]}<\/script>\n<!-- \/ Yoast SEO plugin. -->","yoast_head_json":{"title":"FLX Powerdesk Einsatz - Schaffenburg","robots":{"index":"index","follow":"follow","max-snippet":"max-snippet:-1","max-image-preview":"max-image-preview:large","max-video-preview":"max-video-preview:-1"},"canonical":"https:\/\/portal.schaffenburg.nl\/de\/produkt\/flx-powerdesk-einsatz\/","og_locale":"de_DE","og_type":"article","og_title":"FLX Powerdesk Einsatz - Schaffenburg","og_description":"Der FLX Powerdesk Insert ist eine diskrete und modern gestaltete Einbau-Elektrifizierungseinheit, die auf Ihrem Schreibtisch oder Konferenztisch noch fehlt. Dank seines schlanken Designs passt dieses Ger\u00e4t auch problemlos in Ihre Wand oder jedes andere M\u00f6belst\u00fcck und Sie werden nie wieder die richtigen Stromanschl\u00fcsse vermissen.  Um das Ger\u00e4t anzuschlie\u00dfen, ben\u00f6tigen Sie ein Anschlusskabel (Netzkabel) (nicht im Lieferumfang enthalten).","og_url":"https:\/\/portal.schaffenburg.nl\/de\/produkt\/flx-powerdesk-einsatz\/","og_site_name":"Schaffenburg","article_modified_time":"2023-02-28T10:10:43+00:00","og_image":[{"width":1706,"height":1706,"url":"https:\/\/portal.schaffenburg.nl\/wp-content\/uploads\/2024\/09\/ELE-IN-FLX-2V2UCH-ZA-1.jpg?wsr","type":"image\/jpeg"}],"twitter_card":"summary_large_image","twitter_misc":{"Gesch\u00e4tzte Lesezeit":"2\u00a0Minuten"},"schema":{"@context":"https:\/\/schema.org","@graph":[{"@type":"WebPage","@id":"https:\/\/portal.schaffenburg.nl\/de\/produkt\/flx-powerdesk-einsatz\/","url":"https:\/\/portal.schaffenburg.nl\/de\/produkt\/flx-powerdesk-einsatz\/","name":"FLX Powerdesk Einsatz - Schaffenburg","isPartOf":{"@id":"https:\/\/portal.schaffenburg.nl\/de\/#website"},"primaryImageOfPage":{"@id":"https:\/\/portal.schaffenburg.nl\/de\/produkt\/flx-powerdesk-einsatz\/#primaryimage"},"image":{"@id":"https:\/\/portal.schaffenburg.nl\/de\/produkt\/flx-powerdesk-einsatz\/#primaryimage"},"thumbnailUrl":"https:\/\/portal.schaffenburg.nl\/wp-content\/uploads\/2024\/09\/ELE-IN-FLX-2V2UCH-ZA-1.jpg?wsr","datePublished":"2023-02-28T08:10:43+00:00","dateModified":"2023-02-28T10:10:43+00:00","breadcrumb":{"@id":"https:\/\/portal.schaffenburg.nl\/de\/produkt\/flx-powerdesk-einsatz\/#breadcrumb"},"inLanguage":"de","potentialAction":[{"@type":"ReadAction","target":["https:\/\/portal.schaffenburg.nl\/de\/produkt\/flx-powerdesk-einsatz\/"]}]},{"@type":"ImageObject","inLanguage":"de","@id":"https:\/\/portal.schaffenburg.nl\/de\/produkt\/flx-powerdesk-einsatz\/#primaryimage","url":"https:\/\/portal.schaffenburg.nl\/wp-content\/uploads\/2024\/09\/ELE-IN-FLX-2V2UCH-ZA-1.jpg?wsr","contentUrl":"https:\/\/portal.schaffenburg.nl\/wp-content\/uploads\/2024\/09\/ELE-IN-FLX-2V2UCH-ZA-1.jpg?wsr","width":1706,"height":1706},{"@type":"BreadcrumbList","@id":"https:\/\/portal.schaffenburg.nl\/de\/produkt\/flx-powerdesk-einsatz\/#breadcrumb","itemListElement":[{"@type":"ListItem","position":1,"name":"Home","item":"https:\/\/portal.schaffenburg.nl\/de\/"},{"@type":"ListItem","position":2,"name":"FLX Powerdesk Einsatz"}]},{"@type":"WebSite","@id":"https:\/\/portal.schaffenburg.nl\/de\/#website","url":"https:\/\/portal.schaffenburg.nl\/de\/","name":"Schaffenburg","description":"","potentialAction":[{"@type":"SearchAction","target":{"@type":"EntryPoint","urlTemplate":"https:\/\/portal.schaffenburg.nl\/de\/?s={search_term_string}"},"query-input":{"@type":"PropertyValueSpecification","valueRequired":true,"valueName":"search_term_string"}}],"inLanguage":"de"}]}},"_links":{"self":[{"href":"https:\/\/portal.schaffenburg.nl\/de\/wp-json\/wp\/v2\/product\/27928","targetHints":{"allow":["GET"]}}],"collection":[{"href":"https:\/\/portal.schaffenburg.nl\/de\/wp-json\/wp\/v2\/product"}],"about":[{"href":"https:\/\/portal.schaffenburg.nl\/de\/wp-json\/wp\/v2\/types\/product"}],"replies":[{"embeddable":true,"href":"https:\/\/portal.schaffenburg.nl\/de\/wp-json\/wp\/v2\/comments?post=27928"}],"wp:featuredmedia":[{"embeddable":true,"href":"https:\/\/portal.schaffenburg.nl\/de\/wp-json\/wp\/v2\/media\/24364"}],"wp:attachment":[{"href":"https:\/\/portal.schaffenburg.nl\/de\/wp-json\/wp\/v2\/media?parent=27928"}],"wp:term":[{"taxonomy":"product_brand","embeddable":true,"href":"https:\/\/portal.schaffenburg.nl\/de\/wp-json\/wp\/v2\/product_brand?post=27928"},{"taxonomy":"product_cat","embeddable":true,"href":"https:\/\/portal.schaffenburg.nl\/de\/wp-json\/wp\/v2\/product_cat?post=27928"},{"taxonomy":"product_tag","embeddable":true,"href":"https:\/\/portal.schaffenburg.nl\/de\/wp-json\/wp\/v2\/product_tag?post=27928"}],"curies":[{"name":"wp","href":"https:\/\/api.w.org\/{rel}","templated":true}]}}