{"id":27929,"date":"2023-02-28T10:11:24","date_gmt":"2023-02-28T08:11:24","guid":{"rendered":"https:\/\/staging-schaffenburg.nl\/product\/power-point\/"},"modified":"2023-02-28T10:11:24","modified_gmt":"2023-02-28T10:11:24","slug":"power-point","status":"publish","type":"product","link":"https:\/\/portal.schaffenburg.nl\/de\/produkt\/power-point\/","title":{"rendered":"Power Point"},"content":{"rendered":"<div class=\"flex-1 overflow-hidden\">\n<div class=\"react-scroll-to-bottom--css-ruhxe-79elbk h-full dark:bg-gray-800\">\n<div class=\"react-scroll-to-bottom--css-ruhxe-1n7m0yu\">\n<div class=\"flex flex-col items-center text-sm dark:bg-gray-800\">\n<div class=\"w-full border-b border-black\/10 dark:border-gray-900\/50 text-gray-800 dark:text-gray-100 group bg-gray-50 dark:bg-[#444654]\">\n<div class=\"text-base gap-4 md:gap-6 m-auto md:max-w-2xl lg:max-w-2xl xl:max-w-3xl p-4 md:py-6 flex lg:px-0\">\n<div class=\"relative flex w-[calc(100%-50px)] flex-col gap-1 md:gap-3 lg:w-[calc(100%-115px)]\">\n<div class=\"flex flex-grow flex-col gap-3\">\n<div class=\"min-h-[20px] flex flex-col items-start gap-4 whitespace-pre-wrap\">\n<div class=\"markdown prose w-full break-words dark:prose-invert light\">\nDer Power Point ist ein unverzichtbares Einbauger\u00e4t f\u00fcr die Stromversorgung, das Ihren Arbeitsplatz oder Konferenztisch effizienter macht. Mit diesem modernen Einbauger\u00e4t m\u00fcssen Sie sich nicht mehr um das Aufladen Ihrer Ger\u00e4te k\u00fcmmern. Das Ger\u00e4t verf\u00fcgt \u00fcber einen USB A- und C-Ladeanschluss sowie eine USB C-Datenerweiterung. So k\u00f6nnen Sie Ihre Ger\u00e4te auf Ihrem Schreibtisch aufladen und Daten von einem anderen Ger\u00e4t hinzuf\u00fcgen.   \nMit dem Kauf dieses Einbauger\u00e4ts k\u00f6nnen Sie kaum etwas falsch machen. Das schlanke Design des Power Point sorgt daf\u00fcr, dass sich das Ger\u00e4t sch\u00f6n in jeden Schreibtisch einf\u00fcgt. Gleichzeitig haben Sie alle am h\u00e4ufigsten verwendeten Anschl\u00fcsse zur Hand. So m\u00fcssen Sie sich nicht mehr darum k\u00fcmmern, den \u00dcberblick \u00fcber verschiedene Kabel und Stecker zu behalten.   \nDieses runde Einbauger\u00e4t verf\u00fcgt \u00fcber 1 x 230V-Anschluss, 1 x USB A+C-Ladeger\u00e4t und USB-C-Datenerweiterung. Die USB-C-Datenerweiterung erm\u00f6glicht es Ihnen, USB-Strom oder Daten von einem anderen Ger\u00e4t auf Ihrem Schreibtisch hinzuzuf\u00fcgen. So k\u00f6nnen Sie z.B. ganz einfach Ihr externes Netzteil f\u00fcr Ihren Laptop oder den USB-Anschluss Ihres PCs aufladen und Daten hinzuf\u00fcgen.  \nDas Einbauger\u00e4t hat eine Einbaugr\u00f6\u00dfe von \u00d860mm und wird standardm\u00e4\u00dfig mit einem 1,7 Meter langen Kabel mit eGST\u00ae-Stecker geliefert. So k\u00f6nnen Sie das Einbauger\u00e4t einfach anschlie\u00dfen. Zum Anschluss des Ger\u00e4ts ist ein <a href=\"https:\/\/www.schaffenburg.nl\/shop\/snellever\/accessoires-snellever\/elektrificatie-snellveren\/aansluitkabel\/\" target=\"_blank\" rel=\"noopener noreferrer\">Anschlusskabel (Netzkabel)<\/a> erforderlich (nicht im Lieferumfang enthalten). Au\u00dferdem ist der Power Point in der Farbe Schwarz erh\u00e4ltlich, so dass er gut zum Rest Ihres Schreibtisches oder Konferenztisches passt.   \nDer Power Point ist ein unverzichtbares und praktisches eingebautes Elektrifizierungsger\u00e4t, das sicherstellt, dass Sie immer mit den am h\u00e4ufigsten verwendeten Anschl\u00fcssen ausgestattet sind. Au\u00dferdem k\u00f6nnen Sie Ihre Ger\u00e4te problemlos aufladen und Daten hinzuf\u00fcgen. Sein schlankes Design und die Anschlussm\u00f6glichkeiten machen ihn zur idealen Erg\u00e4nzung f\u00fcr Ihren Arbeitsplatz oder Konferenztisch.  \n<\/div>\n<\/div>\n<\/div>\n<div class=\"flex justify-between\">\n<h6 class=\"text-gray-400 flex self-end lg:self-center justify-center mt-2 gap-3 md:gap-4 lg:gap-1 lg:absolute lg:top-0 lg:translate-x-full lg:right-0 lg:mt-0 lg:pl-2 visible\">Eigenschaften<\/h6>\n<ul>\n<li>Inklusive Kupplungskabel von 1,7 m<\/li>\n<li>Um das Ger\u00e4t anzuschlie\u00dfen, ben\u00f6tigen Sie ein <a href=\"https:\/\/www.schaffenburg.nl\/shop\/snellever\/accessoires-snellever\/elektrificatie-snellveren\/aansluitkabel\/\" target=\"_blank\" rel=\"noopener noreferrer\">Anschlusskabel (Netzkabel)<\/a> (nicht im Lieferumfang enthalten).<\/li>\n<li>1 x 230V + 1 x USB A und C Laden, 1 x USB C Daten<\/li>\n<li>Einbauma\u00df \u00d860 mm<\/li>\n<li>Erh\u00e4ltlich in Schwarz und Wei\u00df<\/li>\n<\/ul>\n<\/div>\n<\/div>\n<\/div>\n<\/div>\n<div class=\"w-full h-32 md:h-48 flex-shrink-0\"><\/div>\n<\/div>\n&nbsp;\n<\/div>\n<\/div>\n<\/div>\n<div class=\"absolute bottom-0 left-0 w-full border-t md:border-t-0 dark:border-white\/20 md:border-transparent md:dark:border-transparent md:bg-vert-light-gradient bg-white dark:bg-gray-800 md:!bg-transparent dark:md:bg-vert-dark-gradient\">\n<form class=\"stretch mx-2 flex flex-row gap-3 pt-2 last:mb-2 md:last:mb-6 lg:mx-auto lg:max-w-3xl lg:pt-6\">\n<div class=\"relative flex h-full flex-1 md:flex-col\">\n<div class=\"flex ml-1 mt-1.5 md:w-full md:m-auto md:mb-2 gap-0 md:gap-2 justify-center\"><\/div>\n<\/div>\n<\/form>\n<\/div>\n","protected":false},"excerpt":{"rendered":"<p>Das Power Point Einbauger\u00e4t verf\u00fcgt nicht nur \u00fcber USB A und C Charge, sondern auch \u00fcber eine USB C Datenverl\u00e4ngerung! Dieses Einbauger\u00e4t l\u00e4sst sich wunderbar in Ihren Arbeitsplatz oder Konferenztisch einbauen. <\/p>\n<p>Um das Ger\u00e4t anzuschlie\u00dfen, ben\u00f6tigen Sie ein <a href=\"https:\/\/www.schaffenburg.nl\/shop\/snellever\/accessoires-snellever\/elektrificatie-snellveren\/aansluitkabel\/\" target=\"_blank\" rel=\"noopener noreferrer\">Anschlusskabel (Netzkabel)<\/a> (nicht im Lieferumfang enthalten).<\/p>\n","protected":false},"featured_media":24414,"comment_status":"closed","ping_status":"closed","template":"","meta":{"_acf_changed":false},"product_brand":[],"product_cat":[2415,3245,2140],"product_tag":[2285,3260,3435,2427,3267,2468,3268,2469,3327,2475,3331,2619,3386,2636,3425,2903,3426,3107,3427,3133,3428,3134,3429,3136,3430,3246,3431,3249,3432,3252,3433,2157,3255,3434],"class_list":{"0":"post-27929","1":"product","2":"type-product","3":"status-publish","4":"has-post-thumbnail","6":"product_cat-schreibtisch-tischzubehor","7":"product_cat-elektrifizierung","8":"product_cat-schnelle-lieferung","9":"product_tag-buro","10":"product_tag-mit-anschlusskabel","11":"product_tag-zubehor-fur-den-arbeitsplatz","12":"product_tag-weis","13":"product_tag-usb-a-de","14":"product_tag-effizienz","15":"product_tag-usb-c-de","16":"product_tag-zubehor","17":"product_tag-energieversorgung","18":"product_tag-kompakt","19":"product_tag-modernes-design-de","20":"product_tag-buro-de","21":"product_tag-eingebautes-gerat","22":"product_tag-arbeitsplatz","23":"product_tag-einfache-zusammenschaltung","24":"product_tag-buero","25":"product_tag-egst-stecker-de","26":"product_tag-rund","27":"product_tag-elektrifizierungseinheit","28":"product_tag-zubehoer","29":"product_tag-o60mm-einbaumas","30":"product_tag-desktop-de-2","31":"product_tag-schlankes-design-de-2","32":"product_tag-eingebaut","33":"product_tag-usb-ac-ladegerat","34":"product_tag-plastik","35":"product_tag-usb-c-datenerweiterung","36":"product_tag-elektrifizierung","37":"product_tag-usb-datenubertragung","38":"product_tag-230v-de","39":"product_tag-usb-laden","40":"product_tag-modern-de","41":"product_tag-laden-sie","42":"product_tag-zubehor-fur-besprechungstische","44":"first","45":"instock","46":"purchasable","47":"product-type-variable"},"acf":{"downloads":null},"yoast_head":"<!-- This site is optimized with the Yoast SEO plugin v26.7 - https:\/\/yoast.com\/wordpress\/plugins\/seo\/ -->\n<title>Power Point - Schaffenburg<\/title>\n<meta name=\"robots\" content=\"index, follow, max-snippet:-1, max-image-preview:large, max-video-preview:-1\" \/>\n<link rel=\"canonical\" href=\"https:\/\/portal.schaffenburg.nl\/de\/produkt\/power-point\/\" \/>\n<meta property=\"og:locale\" content=\"de_DE\" \/>\n<meta property=\"og:type\" content=\"article\" \/>\n<meta property=\"og:title\" content=\"Power Point - Schaffenburg\" \/>\n<meta property=\"og:description\" content=\"Das Power Point Einbauger\u00e4t verf\u00fcgt nicht nur \u00fcber USB A und C Charge, sondern auch \u00fcber eine USB C Datenverl\u00e4ngerung! Dieses Einbauger\u00e4t l\u00e4sst sich wunderbar in Ihren Arbeitsplatz oder Konferenztisch einbauen.  Um das Ger\u00e4t anzuschlie\u00dfen, ben\u00f6tigen Sie ein Anschlusskabel (Netzkabel) (nicht im Lieferumfang enthalten).\" \/>\n<meta property=\"og:url\" content=\"https:\/\/portal.schaffenburg.nl\/de\/produkt\/power-point\/\" \/>\n<meta property=\"og:site_name\" content=\"Schaffenburg\" \/>\n<meta property=\"article:modified_time\" content=\"2023-02-28T10:11:24+00:00\" \/>\n<meta property=\"og:image\" content=\"https:\/\/portal.schaffenburg.nl\/wp-content\/uploads\/2024\/09\/FLX-PS-1XV1XUAC1XU-Z_01.jpg?wsr\" \/>\n\t<meta property=\"og:image:width\" content=\"800\" \/>\n\t<meta property=\"og:image:height\" content=\"533\" \/>\n\t<meta property=\"og:image:type\" content=\"image\/jpeg\" \/>\n<meta name=\"twitter:card\" content=\"summary_large_image\" \/>\n<meta name=\"twitter:label1\" content=\"Gesch\u00e4tzte Lesezeit\" \/>\n\t<meta name=\"twitter:data1\" content=\"2\u00a0Minuten\" \/>\n<script type=\"application\/ld+json\" class=\"yoast-schema-graph\">{\"@context\":\"https:\/\/schema.org\",\"@graph\":[{\"@type\":\"WebPage\",\"@id\":\"https:\/\/portal.schaffenburg.nl\/de\/produkt\/power-point\/\",\"url\":\"https:\/\/portal.schaffenburg.nl\/de\/produkt\/power-point\/\",\"name\":\"Power Point - Schaffenburg\",\"isPartOf\":{\"@id\":\"https:\/\/portal.schaffenburg.nl\/de\/#website\"},\"primaryImageOfPage\":{\"@id\":\"https:\/\/portal.schaffenburg.nl\/de\/produkt\/power-point\/#primaryimage\"},\"image\":{\"@id\":\"https:\/\/portal.schaffenburg.nl\/de\/produkt\/power-point\/#primaryimage\"},\"thumbnailUrl\":\"https:\/\/portal.schaffenburg.nl\/wp-content\/uploads\/2024\/09\/FLX-PS-1XV1XUAC1XU-Z_01.jpg?wsr\",\"datePublished\":\"2023-02-28T08:11:24+00:00\",\"dateModified\":\"2023-02-28T10:11:24+00:00\",\"breadcrumb\":{\"@id\":\"https:\/\/portal.schaffenburg.nl\/de\/produkt\/power-point\/#breadcrumb\"},\"inLanguage\":\"de\",\"potentialAction\":[{\"@type\":\"ReadAction\",\"target\":[\"https:\/\/portal.schaffenburg.nl\/de\/produkt\/power-point\/\"]}]},{\"@type\":\"ImageObject\",\"inLanguage\":\"de\",\"@id\":\"https:\/\/portal.schaffenburg.nl\/de\/produkt\/power-point\/#primaryimage\",\"url\":\"https:\/\/portal.schaffenburg.nl\/wp-content\/uploads\/2024\/09\/FLX-PS-1XV1XUAC1XU-Z_01.jpg?wsr\",\"contentUrl\":\"https:\/\/portal.schaffenburg.nl\/wp-content\/uploads\/2024\/09\/FLX-PS-1XV1XUAC1XU-Z_01.jpg?wsr\",\"width\":800,\"height\":533,\"caption\":\"Power Point\"},{\"@type\":\"BreadcrumbList\",\"@id\":\"https:\/\/portal.schaffenburg.nl\/de\/produkt\/power-point\/#breadcrumb\",\"itemListElement\":[{\"@type\":\"ListItem\",\"position\":1,\"name\":\"Home\",\"item\":\"https:\/\/portal.schaffenburg.nl\/de\/\"},{\"@type\":\"ListItem\",\"position\":2,\"name\":\"Power Point\"}]},{\"@type\":\"WebSite\",\"@id\":\"https:\/\/portal.schaffenburg.nl\/de\/#website\",\"url\":\"https:\/\/portal.schaffenburg.nl\/de\/\",\"name\":\"Schaffenburg\",\"description\":\"\",\"potentialAction\":[{\"@type\":\"SearchAction\",\"target\":{\"@type\":\"EntryPoint\",\"urlTemplate\":\"https:\/\/portal.schaffenburg.nl\/de\/?s={search_term_string}\"},\"query-input\":{\"@type\":\"PropertyValueSpecification\",\"valueRequired\":true,\"valueName\":\"search_term_string\"}}],\"inLanguage\":\"de\"}]}<\/script>\n<!-- \/ Yoast SEO plugin. -->","yoast_head_json":{"title":"Power Point - Schaffenburg","robots":{"index":"index","follow":"follow","max-snippet":"max-snippet:-1","max-image-preview":"max-image-preview:large","max-video-preview":"max-video-preview:-1"},"canonical":"https:\/\/portal.schaffenburg.nl\/de\/produkt\/power-point\/","og_locale":"de_DE","og_type":"article","og_title":"Power Point - Schaffenburg","og_description":"Das Power Point Einbauger\u00e4t verf\u00fcgt nicht nur \u00fcber USB A und C Charge, sondern auch \u00fcber eine USB C Datenverl\u00e4ngerung! Dieses Einbauger\u00e4t l\u00e4sst sich wunderbar in Ihren Arbeitsplatz oder Konferenztisch einbauen.  Um das Ger\u00e4t anzuschlie\u00dfen, ben\u00f6tigen Sie ein Anschlusskabel (Netzkabel) (nicht im Lieferumfang enthalten).","og_url":"https:\/\/portal.schaffenburg.nl\/de\/produkt\/power-point\/","og_site_name":"Schaffenburg","article_modified_time":"2023-02-28T10:11:24+00:00","og_image":[{"width":800,"height":533,"url":"https:\/\/portal.schaffenburg.nl\/wp-content\/uploads\/2024\/09\/FLX-PS-1XV1XUAC1XU-Z_01.jpg?wsr","type":"image\/jpeg"}],"twitter_card":"summary_large_image","twitter_misc":{"Gesch\u00e4tzte Lesezeit":"2\u00a0Minuten"},"schema":{"@context":"https:\/\/schema.org","@graph":[{"@type":"WebPage","@id":"https:\/\/portal.schaffenburg.nl\/de\/produkt\/power-point\/","url":"https:\/\/portal.schaffenburg.nl\/de\/produkt\/power-point\/","name":"Power Point - Schaffenburg","isPartOf":{"@id":"https:\/\/portal.schaffenburg.nl\/de\/#website"},"primaryImageOfPage":{"@id":"https:\/\/portal.schaffenburg.nl\/de\/produkt\/power-point\/#primaryimage"},"image":{"@id":"https:\/\/portal.schaffenburg.nl\/de\/produkt\/power-point\/#primaryimage"},"thumbnailUrl":"https:\/\/portal.schaffenburg.nl\/wp-content\/uploads\/2024\/09\/FLX-PS-1XV1XUAC1XU-Z_01.jpg?wsr","datePublished":"2023-02-28T08:11:24+00:00","dateModified":"2023-02-28T10:11:24+00:00","breadcrumb":{"@id":"https:\/\/portal.schaffenburg.nl\/de\/produkt\/power-point\/#breadcrumb"},"inLanguage":"de","potentialAction":[{"@type":"ReadAction","target":["https:\/\/portal.schaffenburg.nl\/de\/produkt\/power-point\/"]}]},{"@type":"ImageObject","inLanguage":"de","@id":"https:\/\/portal.schaffenburg.nl\/de\/produkt\/power-point\/#primaryimage","url":"https:\/\/portal.schaffenburg.nl\/wp-content\/uploads\/2024\/09\/FLX-PS-1XV1XUAC1XU-Z_01.jpg?wsr","contentUrl":"https:\/\/portal.schaffenburg.nl\/wp-content\/uploads\/2024\/09\/FLX-PS-1XV1XUAC1XU-Z_01.jpg?wsr","width":800,"height":533,"caption":"Power Point"},{"@type":"BreadcrumbList","@id":"https:\/\/portal.schaffenburg.nl\/de\/produkt\/power-point\/#breadcrumb","itemListElement":[{"@type":"ListItem","position":1,"name":"Home","item":"https:\/\/portal.schaffenburg.nl\/de\/"},{"@type":"ListItem","position":2,"name":"Power Point"}]},{"@type":"WebSite","@id":"https:\/\/portal.schaffenburg.nl\/de\/#website","url":"https:\/\/portal.schaffenburg.nl\/de\/","name":"Schaffenburg","description":"","potentialAction":[{"@type":"SearchAction","target":{"@type":"EntryPoint","urlTemplate":"https:\/\/portal.schaffenburg.nl\/de\/?s={search_term_string}"},"query-input":{"@type":"PropertyValueSpecification","valueRequired":true,"valueName":"search_term_string"}}],"inLanguage":"de"}]}},"_links":{"self":[{"href":"https:\/\/portal.schaffenburg.nl\/de\/wp-json\/wp\/v2\/product\/27929","targetHints":{"allow":["GET"]}}],"collection":[{"href":"https:\/\/portal.schaffenburg.nl\/de\/wp-json\/wp\/v2\/product"}],"about":[{"href":"https:\/\/portal.schaffenburg.nl\/de\/wp-json\/wp\/v2\/types\/product"}],"replies":[{"embeddable":true,"href":"https:\/\/portal.schaffenburg.nl\/de\/wp-json\/wp\/v2\/comments?post=27929"}],"wp:featuredmedia":[{"embeddable":true,"href":"https:\/\/portal.schaffenburg.nl\/de\/wp-json\/wp\/v2\/media\/24414"}],"wp:attachment":[{"href":"https:\/\/portal.schaffenburg.nl\/de\/wp-json\/wp\/v2\/media?parent=27929"}],"wp:term":[{"taxonomy":"product_brand","embeddable":true,"href":"https:\/\/portal.schaffenburg.nl\/de\/wp-json\/wp\/v2\/product_brand?post=27929"},{"taxonomy":"product_cat","embeddable":true,"href":"https:\/\/portal.schaffenburg.nl\/de\/wp-json\/wp\/v2\/product_cat?post=27929"},{"taxonomy":"product_tag","embeddable":true,"href":"https:\/\/portal.schaffenburg.nl\/de\/wp-json\/wp\/v2\/product_tag?post=27929"}],"curies":[{"name":"wp","href":"https:\/\/api.w.org\/{rel}","templated":true}]}}