{"id":27937,"date":"2023-02-28T10:12:02","date_gmt":"2023-02-28T10:12:02","guid":{"rendered":"https:\/\/staging-schaffenburg.nl\/product\/kosten-fuer-den-einbau-eines-runden-lochs-in-einen-schreibtisch-oder-eine-konferenztischplatte\/"},"modified":"2023-02-28T10:12:02","modified_gmt":"2023-02-28T10:12:02","slug":"kosten-fuer-den-einbau-eines-runden-lochs-in-einen-schreibtisch-oder-eine-konferenztischplatte","status":"publish","type":"product","link":"https:\/\/portal.schaffenburg.nl\/de\/produkt\/kosten-fuer-den-einbau-eines-runden-lochs-in-einen-schreibtisch-oder-eine-konferenztischplatte\/","title":{"rendered":"Kosten f\u00fcr den Einbau eines runden Lochs in einen Schreibtisch oder eine Konferenztischplatte"},"content":{"rendered":"Kosten f\u00fcr die Montage eines runden Lochs\nSuchen Sie nach einer M\u00f6glichkeit, Zubeh\u00f6r wie Kabeldurchf\u00fchrungen oder Halterungen an Ihrem Schreibtisch oder Konferenztisch zu befestigen? Dann bieten wir Ihnen eine L\u00f6sung: das Vorbohren runder L\u00f6cher in der Tischplatte. Dieser Service erspart Ihnen Zeit und M\u00fche bei der Montage von Zubeh\u00f6r, so dass Sie Ihren optimierten Arbeitsplatz unbesorgt genie\u00dfen k\u00f6nnen.  \nEs ist wichtig, dass Sie deutlich angeben, ob es sich um einen Schreibtisch oder einen Konferenztisch handelt. Es ist auch wichtig, anzugeben, wo auf der Tischplatte das Loch angebracht werden soll, z.B. links, mittig oder rechts. Wir bohren Standardl\u00f6cher im Abstand von 10 cm von der Kante der Tischplatte, sofern nicht anders gew\u00fcnscht.<br \/>\nDie Kosten f\u00fcr die Montage von runden L\u00f6chern in Schreibtischen oder Konferenztischen werden pro Loch berechnet. Auf Wunsch k\u00f6nnen nat\u00fcrlich auch mehrere L\u00f6cher pro Tisch vorgebohrt werden.   \nWenn Sie spezielle Anforderungen haben, die nicht in unsere Standardm\u00f6glichkeiten fallen, wenden Sie sich bitte an unser Front Office. Wir werden uns gerne mit Ihnen zusammensetzen, um die beste L\u00f6sung f\u00fcr Ihre speziellen Bed\u00fcrfnisse zu finden. \nNeben runden L\u00f6chern bieten wir auch die M\u00f6glichkeit, rechteckige L\u00f6cher zu bohren. Diese finden Sie unter der Artikelnummer S-MONT-RECHTHOEK. Mit diesem Service erhalten Sie garantiert ein perfekt platziertes Loch, das Ihren Bed\u00fcrfnissen und \u00e4sthetischen Vorlieben entspricht. \nEgal, ob Sie zu Hause oder in einer professionellen Umgebung arbeiten, unser Service f\u00fcr vorgebohrte L\u00f6cher bietet Ihnen eine schnelle und einfache M\u00f6glichkeit, Zubeh\u00f6r auf Ihrer Tischplatte zu befestigen. Ersparen Sie sich die M\u00fche und bestellen Sie noch heute! \n<h6>Optionen f\u00fcr die Positionierung runde L\u00f6cher im Schreibtisch oder in der Besprechungsplatte<\/h6>\n<ul>\n<li>Links<\/li>\n<li>Mitte<\/li>\n<li>Rechts<\/li>\n<\/ul>\n","protected":false},"excerpt":{"rendered":"<p>Es ist m\u00f6glich, f\u00fcr Sie L\u00f6cher (10 cm vom Rand entfernt) in die Tischplatten<br \/>\nvorzubohren, um Zubeh\u00f6r zu montieren.<\/p>\n","protected":false},"featured_media":24534,"comment_status":"closed","ping_status":"closed","template":"","meta":{"_acf_changed":false},"product_brand":[],"product_cat":[2415,2140,3245,3443],"product_tag":[2173,3460,2619,3462,2624,2913,3107,3123,3329,3444,3445,3446,3448,3450,3452,3454,3456,3458],"class_list":{"0":"post-27937","1":"product","2":"type-product","3":"status-publish","4":"has-post-thumbnail","6":"product_cat-schreibtisch-tischzubehor","7":"product_cat-schnelle-lieferung","8":"product_cat-elektrifizierung","9":"product_cat-kabeldurchfuhrungstullen","10":"product_tag-konferenz","11":"product_tag-vorbohren","12":"product_tag-buro-de","13":"product_tag-vorgebohrte-locher","14":"product_tag-desktop-de","15":"product_tag-besprechungstisch","16":"product_tag-rund","17":"product_tag-konferenztisch","18":"product_tag-zubehor-fur-den-schreibtisch-de","19":"product_tag-montage-de","20":"product_tag-masgeschneidert","21":"product_tag-blatt","22":"product_tag-loch","23":"product_tag-kundenbetreuung","24":"product_tag-montagekosten-de","25":"product_tag-runde-locher","26":"product_tag-locher-in-der-tischplatte","27":"product_tag-blatt-fur-die-sitzung","29":"first","30":"instock","31":"purchasable","32":"product-type-simple"},"acf":{"downloads":null},"yoast_head":"<!-- This site is optimized with the Yoast SEO plugin v26.7 - https:\/\/yoast.com\/wordpress\/plugins\/seo\/ -->\n<title>Kosten f\u00fcr den Einbau eines runden Lochs in einen Schreibtisch oder eine Konferenztischplatte - Schaffenburg<\/title>\n<meta name=\"robots\" content=\"index, follow, max-snippet:-1, max-image-preview:large, max-video-preview:-1\" \/>\n<link rel=\"canonical\" href=\"https:\/\/portal.schaffenburg.nl\/de\/produkt\/kosten-fuer-den-einbau-eines-runden-lochs-in-einen-schreibtisch-oder-eine-konferenztischplatte\/\" \/>\n<meta property=\"og:locale\" content=\"de_DE\" \/>\n<meta property=\"og:type\" content=\"article\" \/>\n<meta property=\"og:title\" content=\"Kosten f\u00fcr den Einbau eines runden Lochs in einen Schreibtisch oder eine Konferenztischplatte - Schaffenburg\" \/>\n<meta property=\"og:description\" content=\"Es ist m\u00f6glich, f\u00fcr Sie L\u00f6cher (10 cm vom Rand entfernt) in die Tischplatten vorzubohren, um Zubeh\u00f6r zu montieren.\" \/>\n<meta property=\"og:url\" content=\"https:\/\/portal.schaffenburg.nl\/de\/produkt\/kosten-fuer-den-einbau-eines-runden-lochs-in-einen-schreibtisch-oder-eine-konferenztischplatte\/\" \/>\n<meta property=\"og:site_name\" content=\"Schaffenburg\" \/>\n<meta property=\"og:image\" content=\"https:\/\/portal.schaffenburg.nl\/wp-content\/uploads\/2024\/09\/S-MONT-ROND.png?wsr\" \/>\n\t<meta property=\"og:image:width\" content=\"600\" \/>\n\t<meta property=\"og:image:height\" content=\"531\" \/>\n\t<meta property=\"og:image:type\" content=\"image\/png\" \/>\n<meta name=\"twitter:card\" content=\"summary_large_image\" \/>\n<meta name=\"twitter:label1\" content=\"Gesch\u00e4tzte Lesezeit\" \/>\n\t<meta name=\"twitter:data1\" content=\"1\u00a0Minute\" \/>\n<script type=\"application\/ld+json\" class=\"yoast-schema-graph\">{\"@context\":\"https:\/\/schema.org\",\"@graph\":[{\"@type\":\"WebPage\",\"@id\":\"https:\/\/portal.schaffenburg.nl\/de\/produkt\/kosten-fuer-den-einbau-eines-runden-lochs-in-einen-schreibtisch-oder-eine-konferenztischplatte\/\",\"url\":\"https:\/\/portal.schaffenburg.nl\/de\/produkt\/kosten-fuer-den-einbau-eines-runden-lochs-in-einen-schreibtisch-oder-eine-konferenztischplatte\/\",\"name\":\"Kosten f\u00fcr den Einbau eines runden Lochs in einen Schreibtisch oder eine Konferenztischplatte - Schaffenburg\",\"isPartOf\":{\"@id\":\"https:\/\/portal.schaffenburg.nl\/de\/#website\"},\"primaryImageOfPage\":{\"@id\":\"https:\/\/portal.schaffenburg.nl\/de\/produkt\/kosten-fuer-den-einbau-eines-runden-lochs-in-einen-schreibtisch-oder-eine-konferenztischplatte\/#primaryimage\"},\"image\":{\"@id\":\"https:\/\/portal.schaffenburg.nl\/de\/produkt\/kosten-fuer-den-einbau-eines-runden-lochs-in-einen-schreibtisch-oder-eine-konferenztischplatte\/#primaryimage\"},\"thumbnailUrl\":\"https:\/\/portal.schaffenburg.nl\/wp-content\/uploads\/2024\/09\/S-MONT-ROND.png?wsr\",\"datePublished\":\"2023-02-28T10:12:02+00:00\",\"breadcrumb\":{\"@id\":\"https:\/\/portal.schaffenburg.nl\/de\/produkt\/kosten-fuer-den-einbau-eines-runden-lochs-in-einen-schreibtisch-oder-eine-konferenztischplatte\/#breadcrumb\"},\"inLanguage\":\"de\",\"potentialAction\":[{\"@type\":\"ReadAction\",\"target\":[\"https:\/\/portal.schaffenburg.nl\/de\/produkt\/kosten-fuer-den-einbau-eines-runden-lochs-in-einen-schreibtisch-oder-eine-konferenztischplatte\/\"]}]},{\"@type\":\"ImageObject\",\"inLanguage\":\"de\",\"@id\":\"https:\/\/portal.schaffenburg.nl\/de\/produkt\/kosten-fuer-den-einbau-eines-runden-lochs-in-einen-schreibtisch-oder-eine-konferenztischplatte\/#primaryimage\",\"url\":\"https:\/\/portal.schaffenburg.nl\/wp-content\/uploads\/2024\/09\/S-MONT-ROND.png?wsr\",\"contentUrl\":\"https:\/\/portal.schaffenburg.nl\/wp-content\/uploads\/2024\/09\/S-MONT-ROND.png?wsr\",\"width\":600,\"height\":531,\"caption\":\"Kosten f\u00fcr die Montage eines runden Lochs\"},{\"@type\":\"BreadcrumbList\",\"@id\":\"https:\/\/portal.schaffenburg.nl\/de\/produkt\/kosten-fuer-den-einbau-eines-runden-lochs-in-einen-schreibtisch-oder-eine-konferenztischplatte\/#breadcrumb\",\"itemListElement\":[{\"@type\":\"ListItem\",\"position\":1,\"name\":\"Home\",\"item\":\"https:\/\/portal.schaffenburg.nl\/de\/\"},{\"@type\":\"ListItem\",\"position\":2,\"name\":\"Kosten f\u00fcr den Einbau eines runden Lochs in einen Schreibtisch oder eine Konferenztischplatte\"}]},{\"@type\":\"WebSite\",\"@id\":\"https:\/\/portal.schaffenburg.nl\/de\/#website\",\"url\":\"https:\/\/portal.schaffenburg.nl\/de\/\",\"name\":\"Schaffenburg\",\"description\":\"\",\"potentialAction\":[{\"@type\":\"SearchAction\",\"target\":{\"@type\":\"EntryPoint\",\"urlTemplate\":\"https:\/\/portal.schaffenburg.nl\/de\/?s={search_term_string}\"},\"query-input\":{\"@type\":\"PropertyValueSpecification\",\"valueRequired\":true,\"valueName\":\"search_term_string\"}}],\"inLanguage\":\"de\"}]}<\/script>\n<!-- \/ Yoast SEO plugin. -->","yoast_head_json":{"title":"Kosten f\u00fcr den Einbau eines runden Lochs in einen Schreibtisch oder eine Konferenztischplatte - Schaffenburg","robots":{"index":"index","follow":"follow","max-snippet":"max-snippet:-1","max-image-preview":"max-image-preview:large","max-video-preview":"max-video-preview:-1"},"canonical":"https:\/\/portal.schaffenburg.nl\/de\/produkt\/kosten-fuer-den-einbau-eines-runden-lochs-in-einen-schreibtisch-oder-eine-konferenztischplatte\/","og_locale":"de_DE","og_type":"article","og_title":"Kosten f\u00fcr den Einbau eines runden Lochs in einen Schreibtisch oder eine Konferenztischplatte - Schaffenburg","og_description":"Es ist m\u00f6glich, f\u00fcr Sie L\u00f6cher (10 cm vom Rand entfernt) in die Tischplatten vorzubohren, um Zubeh\u00f6r zu montieren.","og_url":"https:\/\/portal.schaffenburg.nl\/de\/produkt\/kosten-fuer-den-einbau-eines-runden-lochs-in-einen-schreibtisch-oder-eine-konferenztischplatte\/","og_site_name":"Schaffenburg","og_image":[{"width":600,"height":531,"url":"https:\/\/portal.schaffenburg.nl\/wp-content\/uploads\/2024\/09\/S-MONT-ROND.png?wsr","type":"image\/png"}],"twitter_card":"summary_large_image","twitter_misc":{"Gesch\u00e4tzte Lesezeit":"1\u00a0Minute"},"schema":{"@context":"https:\/\/schema.org","@graph":[{"@type":"WebPage","@id":"https:\/\/portal.schaffenburg.nl\/de\/produkt\/kosten-fuer-den-einbau-eines-runden-lochs-in-einen-schreibtisch-oder-eine-konferenztischplatte\/","url":"https:\/\/portal.schaffenburg.nl\/de\/produkt\/kosten-fuer-den-einbau-eines-runden-lochs-in-einen-schreibtisch-oder-eine-konferenztischplatte\/","name":"Kosten f\u00fcr den Einbau eines runden Lochs in einen Schreibtisch oder eine Konferenztischplatte - Schaffenburg","isPartOf":{"@id":"https:\/\/portal.schaffenburg.nl\/de\/#website"},"primaryImageOfPage":{"@id":"https:\/\/portal.schaffenburg.nl\/de\/produkt\/kosten-fuer-den-einbau-eines-runden-lochs-in-einen-schreibtisch-oder-eine-konferenztischplatte\/#primaryimage"},"image":{"@id":"https:\/\/portal.schaffenburg.nl\/de\/produkt\/kosten-fuer-den-einbau-eines-runden-lochs-in-einen-schreibtisch-oder-eine-konferenztischplatte\/#primaryimage"},"thumbnailUrl":"https:\/\/portal.schaffenburg.nl\/wp-content\/uploads\/2024\/09\/S-MONT-ROND.png?wsr","datePublished":"2023-02-28T10:12:02+00:00","breadcrumb":{"@id":"https:\/\/portal.schaffenburg.nl\/de\/produkt\/kosten-fuer-den-einbau-eines-runden-lochs-in-einen-schreibtisch-oder-eine-konferenztischplatte\/#breadcrumb"},"inLanguage":"de","potentialAction":[{"@type":"ReadAction","target":["https:\/\/portal.schaffenburg.nl\/de\/produkt\/kosten-fuer-den-einbau-eines-runden-lochs-in-einen-schreibtisch-oder-eine-konferenztischplatte\/"]}]},{"@type":"ImageObject","inLanguage":"de","@id":"https:\/\/portal.schaffenburg.nl\/de\/produkt\/kosten-fuer-den-einbau-eines-runden-lochs-in-einen-schreibtisch-oder-eine-konferenztischplatte\/#primaryimage","url":"https:\/\/portal.schaffenburg.nl\/wp-content\/uploads\/2024\/09\/S-MONT-ROND.png?wsr","contentUrl":"https:\/\/portal.schaffenburg.nl\/wp-content\/uploads\/2024\/09\/S-MONT-ROND.png?wsr","width":600,"height":531,"caption":"Kosten f\u00fcr die Montage eines runden Lochs"},{"@type":"BreadcrumbList","@id":"https:\/\/portal.schaffenburg.nl\/de\/produkt\/kosten-fuer-den-einbau-eines-runden-lochs-in-einen-schreibtisch-oder-eine-konferenztischplatte\/#breadcrumb","itemListElement":[{"@type":"ListItem","position":1,"name":"Home","item":"https:\/\/portal.schaffenburg.nl\/de\/"},{"@type":"ListItem","position":2,"name":"Kosten f\u00fcr den Einbau eines runden Lochs in einen Schreibtisch oder eine Konferenztischplatte"}]},{"@type":"WebSite","@id":"https:\/\/portal.schaffenburg.nl\/de\/#website","url":"https:\/\/portal.schaffenburg.nl\/de\/","name":"Schaffenburg","description":"","potentialAction":[{"@type":"SearchAction","target":{"@type":"EntryPoint","urlTemplate":"https:\/\/portal.schaffenburg.nl\/de\/?s={search_term_string}"},"query-input":{"@type":"PropertyValueSpecification","valueRequired":true,"valueName":"search_term_string"}}],"inLanguage":"de"}]}},"_links":{"self":[{"href":"https:\/\/portal.schaffenburg.nl\/de\/wp-json\/wp\/v2\/product\/27937","targetHints":{"allow":["GET"]}}],"collection":[{"href":"https:\/\/portal.schaffenburg.nl\/de\/wp-json\/wp\/v2\/product"}],"about":[{"href":"https:\/\/portal.schaffenburg.nl\/de\/wp-json\/wp\/v2\/types\/product"}],"replies":[{"embeddable":true,"href":"https:\/\/portal.schaffenburg.nl\/de\/wp-json\/wp\/v2\/comments?post=27937"}],"wp:featuredmedia":[{"embeddable":true,"href":"https:\/\/portal.schaffenburg.nl\/de\/wp-json\/wp\/v2\/media\/24534"}],"wp:attachment":[{"href":"https:\/\/portal.schaffenburg.nl\/de\/wp-json\/wp\/v2\/media?parent=27937"}],"wp:term":[{"taxonomy":"product_brand","embeddable":true,"href":"https:\/\/portal.schaffenburg.nl\/de\/wp-json\/wp\/v2\/product_brand?post=27937"},{"taxonomy":"product_cat","embeddable":true,"href":"https:\/\/portal.schaffenburg.nl\/de\/wp-json\/wp\/v2\/product_cat?post=27937"},{"taxonomy":"product_tag","embeddable":true,"href":"https:\/\/portal.schaffenburg.nl\/de\/wp-json\/wp\/v2\/product_tag?post=27937"}],"curies":[{"name":"wp","href":"https:\/\/api.w.org\/{rel}","templated":true}]}}