{"id":27942,"date":"2023-02-28T10:11:35","date_gmt":"2023-02-28T08:11:35","guid":{"rendered":"https:\/\/staging-schaffenburg.nl\/product\/steckdose-kabelloses-ladegeraet\/"},"modified":"2023-02-28T10:11:35","modified_gmt":"2023-02-28T10:11:35","slug":"steckdose-kabelloses-ladegeraet","status":"publish","type":"product","link":"https:\/\/portal.schaffenburg.nl\/de\/produkt\/steckdose-kabelloses-ladegeraet\/","title":{"rendered":"Steckdose + kabelloses Ladeger\u00e4t"},"content":{"rendered":"<div class=\"w-full border-b border-black\/10 dark:border-gray-900\/50 text-gray-800 dark:text-gray-100 group bg-gray-50 dark:bg-[#444654]\">\n<div class=\"text-base gap-4 md:gap-6 m-auto md:max-w-2xl lg:max-w-2xl xl:max-w-3xl p-4 md:py-6 flex lg:px-0\">\n<div class=\"relative flex w-[calc(100%-50px)] flex-col gap-1 md:gap-3 lg:w-[calc(100%-115px)]\">\n<div class=\"flex flex-grow flex-col gap-3\">\n<div class=\"min-h-[20px] flex flex-col items-start gap-4 whitespace-pre-wrap\">\n<div class=\"markdown prose w-full break-words dark:prose-invert light\">\nDer Power Point + Wireless Charger ist ein praktisches Einbauger\u00e4t, das Ihren Arbeitsplatz mit allen Annehmlichkeiten ausstattet, die Sie brauchen. Ganz gleich, ob Sie zu Hause, im B\u00fcro oder an einem Konferenztisch arbeiten, mit diesem Ger\u00e4t k\u00f6nnen Sie alle Ihre mobilen Ger\u00e4te aufladen und Stromquellen nutzen, ohne nach einer Steckdose suchen zu m\u00fcssen. \nDas runde Einbauger\u00e4t wurde in einem modernen und einzigartigen niederl\u00e4ndischen Design entworfen und hat einen sch\u00f6nen Look. Diese Elektrifizierungseinheit kann in Ihren Schreibtisch eingelassen werden, so dass Ihr Schreibtisch immer ordentlich und aufger\u00e4umt aussieht. Das Ger\u00e4t ist mit einer Abdeckklappe ausgestattet, die verhindert, dass Staub und Schmutz in Ihr Netzteil gelangen. Au\u00dferdem verf\u00fcgt die Abdeckung \u00fcber eine integrierte QI-Technologie, mit der Sie Ihr Smartphone kabellos aufladen k\u00f6nnen.   \nDer Power Point + Wireless Charger verf\u00fcgt au\u00dferdem \u00fcber weitere praktische Funktionen wie eine 230-V-Steckdose, eine USB-A+C-Ladestation und ein austauschbares Pass-Through-Modul, mit dem Sie zwischen HDMI, einer RJ45-Buchse oder einem USB-Erweiterungsmodul wechseln k\u00f6nnen. So haben Sie immer den richtigen Anschluss zur Hand und k\u00f6nnen problemlos zwischen verschiedenen Ger\u00e4ten wechseln. \nDas Unterputzger\u00e4t ist einfach zu installieren und hat eine Einbaugr\u00f6\u00dfe von \u00d8 80 mm. Das Anschlusskabel ist fest und hat eine L\u00e4nge von 2 Metern mit einem Sicherheitsstecker. Der Power Point + Wireless Charger ist in der Farbe Schwarz erh\u00e4ltlich.  \nDieses multifunktionale Einbauger\u00e4t ist ein Must-Have f\u00fcr jeden Arbeitsplatz. Mit der M\u00f6glichkeit, kabellos zu laden und alle Stromversorgungen griffbereit zu haben, k\u00f6nnen Sie effizient und organisiert arbeiten, ohne Unterbrechungen. Bestellen Sie den Power Point + Wireless Charger noch heute und erleben Sie den Komfort dieses praktischen Einbauger\u00e4ts!  \n<\/div>\n<\/div>\n<\/div>\n<div class=\"flex justify-between\">\n<h6 class=\"text-gray-400 flex self-end lg:self-center justify-center mt-2 gap-3 md:gap-4 lg:gap-1 lg:absolute lg:top-0 lg:translate-x-full lg:right-0 lg:mt-0 lg:pl-2 visible\">Eigenschaften<\/h6>\n<\/div>\n<\/div>\n<\/div>\n<\/div>\n<ul>\n<li>Inklusive 2 m Verbindungskabel<\/li>\n<li>1 x 230V + 1 x USB A und C Charge + 1 x Pass-Through +<br \/>\nkabelloses Ladeger\u00e4t<\/li>\n<li>Einbauma\u00dfe \u00d880 mm<\/li>\n<li>Schwarz<\/li>\n<\/ul>\n","protected":false},"excerpt":{"rendered":"<p>Der Power Point + Wireless Charger ist ein rundes, eingebautes Elektrifizierungsger\u00e4t, das Sie mit allen Annehmlichkeiten versorgt. Sie k\u00f6nnen es ganz einfach in Ihr Heimb\u00fcro, Ihr B\u00fcro oder Ihren Konferenztisch einbauen und haben trotzdem alle notwendigen Stromanschl\u00fcsse direkt zur Hand. Sogar kabelloses Laden!  <\/p>\n","protected":false},"featured_media":24422,"comment_status":"closed","ping_status":"closed","template":"","meta":{"_acf_changed":false},"product_brand":[],"product_cat":[2415,2140,3245],"product_tag":[2145,3255,3433,2157,3260,3434,2285,3267,3435,2468,3268,3471,2469,3327,3473,2475,3331,3475,2619,3332,2636,3386,2903,3425,3107,3426,3133,3427,3134,3428,3136,3429,3246,3430,3249,3431,3252,3432],"class_list":{"0":"post-27942","1":"product","2":"type-product","3":"status-publish","4":"has-post-thumbnail","6":"product_cat-schreibtisch-tischzubehor","7":"product_cat-schnelle-lieferung","8":"product_cat-elektrifizierung","9":"product_tag-schwarz","10":"product_tag-laden-sie","11":"product_tag-usb-laden","12":"product_tag-modern-de","13":"product_tag-mit-anschlusskabel","14":"product_tag-zubehor-fur-besprechungstische","15":"product_tag-buro","16":"product_tag-usb-a-de","17":"product_tag-zubehor-fur-den-arbeitsplatz","18":"product_tag-effizienz","19":"product_tag-usb-c-de","20":"product_tag-durchreichemodul","21":"product_tag-zubehor","22":"product_tag-energieversorgung","23":"product_tag-qi-technologie-de","24":"product_tag-kompakt","25":"product_tag-modernes-design-de","26":"product_tag-kabelloses-ladegerat","27":"product_tag-buro-de","28":"product_tag-umschlagklappe","29":"product_tag-arbeitsplatz","30":"product_tag-eingebautes-gerat","31":"product_tag-buero","32":"product_tag-einfache-zusammenschaltung","33":"product_tag-rund","34":"product_tag-egst-stecker-de","35":"product_tag-zubehoer","36":"product_tag-elektrifizierungseinheit","37":"product_tag-desktop-de-2","38":"product_tag-o60mm-einbaumas","39":"product_tag-eingebaut","40":"product_tag-schlankes-design-de-2","41":"product_tag-plastik","42":"product_tag-usb-ac-ladegerat","43":"product_tag-elektrifizierung","44":"product_tag-usb-c-datenerweiterung","45":"product_tag-230v-de","46":"product_tag-usb-datenubertragung","48":"first","49":"instock","50":"purchasable","51":"product-type-simple"},"acf":{"downloads":null},"yoast_head":"<!-- This site is optimized with the Yoast SEO plugin v26.7 - https:\/\/yoast.com\/wordpress\/plugins\/seo\/ -->\n<title>Steckdose + kabelloses Ladeger\u00e4t - Schaffenburg USB A+C, Kabellos, 230V<\/title>\n<meta name=\"description\" content=\"Der Power Point + Wireless Charger ist ein rundes, eingebautes Elektrifizierungsger\u00e4t, das Sie mit allen Annehmlichkeiten versorgt. 230V, USB A+C und sogar kabelloses Laden!\" \/>\n<meta name=\"robots\" content=\"index, follow, max-snippet:-1, max-image-preview:large, max-video-preview:-1\" \/>\n<link rel=\"canonical\" href=\"https:\/\/portal.schaffenburg.nl\/de\/produkt\/steckdose-kabelloses-ladegeraet\/\" \/>\n<meta property=\"og:locale\" content=\"de_DE\" \/>\n<meta property=\"og:type\" content=\"article\" \/>\n<meta property=\"og:title\" content=\"Steckdose + kabelloses Ladeger\u00e4t - Schaffenburg USB A+C, Kabellos, 230V\" \/>\n<meta property=\"og:description\" content=\"Der Power Point + Wireless Charger ist ein rundes, eingebautes Elektrifizierungsger\u00e4t, das Sie mit allen Annehmlichkeiten versorgt. 230V, USB A+C und sogar kabelloses Laden!\" \/>\n<meta property=\"og:url\" content=\"https:\/\/portal.schaffenburg.nl\/de\/produkt\/steckdose-kabelloses-ladegeraet\/\" \/>\n<meta property=\"og:site_name\" content=\"Schaffenburg\" \/>\n<meta property=\"article:modified_time\" content=\"2023-02-28T10:11:35+00:00\" \/>\n<meta property=\"og:image\" content=\"https:\/\/portal.schaffenburg.nl\/wp-content\/uploads\/2024\/09\/FLX-PS-1XV1XUSBAC-Z_01.jpg?wsr\" \/>\n\t<meta property=\"og:image:width\" content=\"800\" \/>\n\t<meta property=\"og:image:height\" content=\"533\" \/>\n\t<meta property=\"og:image:type\" content=\"image\/jpeg\" \/>\n<meta name=\"twitter:card\" content=\"summary_large_image\" \/>\n<meta name=\"twitter:label1\" content=\"Gesch\u00e4tzte Lesezeit\" \/>\n\t<meta name=\"twitter:data1\" content=\"2\u00a0Minuten\" \/>\n<script type=\"application\/ld+json\" class=\"yoast-schema-graph\">{\"@context\":\"https:\/\/schema.org\",\"@graph\":[{\"@type\":\"WebPage\",\"@id\":\"https:\/\/portal.schaffenburg.nl\/de\/produkt\/steckdose-kabelloses-ladegeraet\/\",\"url\":\"https:\/\/portal.schaffenburg.nl\/de\/produkt\/steckdose-kabelloses-ladegeraet\/\",\"name\":\"Steckdose + kabelloses Ladeger\u00e4t - Schaffenburg USB A+C, Kabellos, 230V\",\"isPartOf\":{\"@id\":\"https:\/\/portal.schaffenburg.nl\/de\/#website\"},\"primaryImageOfPage\":{\"@id\":\"https:\/\/portal.schaffenburg.nl\/de\/produkt\/steckdose-kabelloses-ladegeraet\/#primaryimage\"},\"image\":{\"@id\":\"https:\/\/portal.schaffenburg.nl\/de\/produkt\/steckdose-kabelloses-ladegeraet\/#primaryimage\"},\"thumbnailUrl\":\"https:\/\/portal.schaffenburg.nl\/wp-content\/uploads\/2024\/09\/FLX-PS-1XV1XUSBAC-Z_01.jpg?wsr\",\"datePublished\":\"2023-02-28T08:11:35+00:00\",\"dateModified\":\"2023-02-28T10:11:35+00:00\",\"description\":\"Der Power Point + Wireless Charger ist ein rundes, eingebautes Elektrifizierungsger\u00e4t, das Sie mit allen Annehmlichkeiten versorgt. 230V, USB A+C und sogar kabelloses Laden!\",\"breadcrumb\":{\"@id\":\"https:\/\/portal.schaffenburg.nl\/de\/produkt\/steckdose-kabelloses-ladegeraet\/#breadcrumb\"},\"inLanguage\":\"de\",\"potentialAction\":[{\"@type\":\"ReadAction\",\"target\":[\"https:\/\/portal.schaffenburg.nl\/de\/produkt\/steckdose-kabelloses-ladegeraet\/\"]}]},{\"@type\":\"ImageObject\",\"inLanguage\":\"de\",\"@id\":\"https:\/\/portal.schaffenburg.nl\/de\/produkt\/steckdose-kabelloses-ladegeraet\/#primaryimage\",\"url\":\"https:\/\/portal.schaffenburg.nl\/wp-content\/uploads\/2024\/09\/FLX-PS-1XV1XUSBAC-Z_01.jpg?wsr\",\"contentUrl\":\"https:\/\/portal.schaffenburg.nl\/wp-content\/uploads\/2024\/09\/FLX-PS-1XV1XUSBAC-Z_01.jpg?wsr\",\"width\":800,\"height\":533,\"caption\":\"Steckdose + kabelloses Ladeger\u00e4t\"},{\"@type\":\"BreadcrumbList\",\"@id\":\"https:\/\/portal.schaffenburg.nl\/de\/produkt\/steckdose-kabelloses-ladegeraet\/#breadcrumb\",\"itemListElement\":[{\"@type\":\"ListItem\",\"position\":1,\"name\":\"Home\",\"item\":\"https:\/\/portal.schaffenburg.nl\/de\/\"},{\"@type\":\"ListItem\",\"position\":2,\"name\":\"Steckdose + kabelloses Ladeger\u00e4t\"}]},{\"@type\":\"WebSite\",\"@id\":\"https:\/\/portal.schaffenburg.nl\/de\/#website\",\"url\":\"https:\/\/portal.schaffenburg.nl\/de\/\",\"name\":\"Schaffenburg\",\"description\":\"\",\"potentialAction\":[{\"@type\":\"SearchAction\",\"target\":{\"@type\":\"EntryPoint\",\"urlTemplate\":\"https:\/\/portal.schaffenburg.nl\/de\/?s={search_term_string}\"},\"query-input\":{\"@type\":\"PropertyValueSpecification\",\"valueRequired\":true,\"valueName\":\"search_term_string\"}}],\"inLanguage\":\"de\"}]}<\/script>\n<!-- \/ Yoast SEO plugin. -->","yoast_head_json":{"title":"Steckdose + kabelloses Ladeger\u00e4t - Schaffenburg USB A+C, Kabellos, 230V","description":"Der Power Point + Wireless Charger ist ein rundes, eingebautes Elektrifizierungsger\u00e4t, das Sie mit allen Annehmlichkeiten versorgt. 230V, USB A+C und sogar kabelloses Laden!","robots":{"index":"index","follow":"follow","max-snippet":"max-snippet:-1","max-image-preview":"max-image-preview:large","max-video-preview":"max-video-preview:-1"},"canonical":"https:\/\/portal.schaffenburg.nl\/de\/produkt\/steckdose-kabelloses-ladegeraet\/","og_locale":"de_DE","og_type":"article","og_title":"Steckdose + kabelloses Ladeger\u00e4t - Schaffenburg USB A+C, Kabellos, 230V","og_description":"Der Power Point + Wireless Charger ist ein rundes, eingebautes Elektrifizierungsger\u00e4t, das Sie mit allen Annehmlichkeiten versorgt. 230V, USB A+C und sogar kabelloses Laden!","og_url":"https:\/\/portal.schaffenburg.nl\/de\/produkt\/steckdose-kabelloses-ladegeraet\/","og_site_name":"Schaffenburg","article_modified_time":"2023-02-28T10:11:35+00:00","og_image":[{"width":800,"height":533,"url":"https:\/\/portal.schaffenburg.nl\/wp-content\/uploads\/2024\/09\/FLX-PS-1XV1XUSBAC-Z_01.jpg?wsr","type":"image\/jpeg"}],"twitter_card":"summary_large_image","twitter_misc":{"Gesch\u00e4tzte Lesezeit":"2\u00a0Minuten"},"schema":{"@context":"https:\/\/schema.org","@graph":[{"@type":"WebPage","@id":"https:\/\/portal.schaffenburg.nl\/de\/produkt\/steckdose-kabelloses-ladegeraet\/","url":"https:\/\/portal.schaffenburg.nl\/de\/produkt\/steckdose-kabelloses-ladegeraet\/","name":"Steckdose + kabelloses Ladeger\u00e4t - Schaffenburg USB A+C, Kabellos, 230V","isPartOf":{"@id":"https:\/\/portal.schaffenburg.nl\/de\/#website"},"primaryImageOfPage":{"@id":"https:\/\/portal.schaffenburg.nl\/de\/produkt\/steckdose-kabelloses-ladegeraet\/#primaryimage"},"image":{"@id":"https:\/\/portal.schaffenburg.nl\/de\/produkt\/steckdose-kabelloses-ladegeraet\/#primaryimage"},"thumbnailUrl":"https:\/\/portal.schaffenburg.nl\/wp-content\/uploads\/2024\/09\/FLX-PS-1XV1XUSBAC-Z_01.jpg?wsr","datePublished":"2023-02-28T08:11:35+00:00","dateModified":"2023-02-28T10:11:35+00:00","description":"Der Power Point + Wireless Charger ist ein rundes, eingebautes Elektrifizierungsger\u00e4t, das Sie mit allen Annehmlichkeiten versorgt. 230V, USB A+C und sogar kabelloses Laden!","breadcrumb":{"@id":"https:\/\/portal.schaffenburg.nl\/de\/produkt\/steckdose-kabelloses-ladegeraet\/#breadcrumb"},"inLanguage":"de","potentialAction":[{"@type":"ReadAction","target":["https:\/\/portal.schaffenburg.nl\/de\/produkt\/steckdose-kabelloses-ladegeraet\/"]}]},{"@type":"ImageObject","inLanguage":"de","@id":"https:\/\/portal.schaffenburg.nl\/de\/produkt\/steckdose-kabelloses-ladegeraet\/#primaryimage","url":"https:\/\/portal.schaffenburg.nl\/wp-content\/uploads\/2024\/09\/FLX-PS-1XV1XUSBAC-Z_01.jpg?wsr","contentUrl":"https:\/\/portal.schaffenburg.nl\/wp-content\/uploads\/2024\/09\/FLX-PS-1XV1XUSBAC-Z_01.jpg?wsr","width":800,"height":533,"caption":"Steckdose + kabelloses Ladeger\u00e4t"},{"@type":"BreadcrumbList","@id":"https:\/\/portal.schaffenburg.nl\/de\/produkt\/steckdose-kabelloses-ladegeraet\/#breadcrumb","itemListElement":[{"@type":"ListItem","position":1,"name":"Home","item":"https:\/\/portal.schaffenburg.nl\/de\/"},{"@type":"ListItem","position":2,"name":"Steckdose + kabelloses Ladeger\u00e4t"}]},{"@type":"WebSite","@id":"https:\/\/portal.schaffenburg.nl\/de\/#website","url":"https:\/\/portal.schaffenburg.nl\/de\/","name":"Schaffenburg","description":"","potentialAction":[{"@type":"SearchAction","target":{"@type":"EntryPoint","urlTemplate":"https:\/\/portal.schaffenburg.nl\/de\/?s={search_term_string}"},"query-input":{"@type":"PropertyValueSpecification","valueRequired":true,"valueName":"search_term_string"}}],"inLanguage":"de"}]}},"_links":{"self":[{"href":"https:\/\/portal.schaffenburg.nl\/de\/wp-json\/wp\/v2\/product\/27942","targetHints":{"allow":["GET"]}}],"collection":[{"href":"https:\/\/portal.schaffenburg.nl\/de\/wp-json\/wp\/v2\/product"}],"about":[{"href":"https:\/\/portal.schaffenburg.nl\/de\/wp-json\/wp\/v2\/types\/product"}],"replies":[{"embeddable":true,"href":"https:\/\/portal.schaffenburg.nl\/de\/wp-json\/wp\/v2\/comments?post=27942"}],"wp:featuredmedia":[{"embeddable":true,"href":"https:\/\/portal.schaffenburg.nl\/de\/wp-json\/wp\/v2\/media\/24422"}],"wp:attachment":[{"href":"https:\/\/portal.schaffenburg.nl\/de\/wp-json\/wp\/v2\/media?parent=27942"}],"wp:term":[{"taxonomy":"product_brand","embeddable":true,"href":"https:\/\/portal.schaffenburg.nl\/de\/wp-json\/wp\/v2\/product_brand?post=27942"},{"taxonomy":"product_cat","embeddable":true,"href":"https:\/\/portal.schaffenburg.nl\/de\/wp-json\/wp\/v2\/product_cat?post=27942"},{"taxonomy":"product_tag","embeddable":true,"href":"https:\/\/portal.schaffenburg.nl\/de\/wp-json\/wp\/v2\/product_tag?post=27942"}],"curies":[{"name":"wp","href":"https:\/\/api.w.org\/{rel}","templated":true}]}}