{"id":27945,"date":"2023-02-28T10:11:47","date_gmt":"2023-02-28T08:11:47","guid":{"rendered":"https:\/\/staging-schaffenburg.nl\/product\/power-point-ac-kabelloses-ladegeraet\/"},"modified":"2023-02-28T10:11:47","modified_gmt":"2023-02-28T10:11:47","slug":"power-point-ac-kabelloses-ladegeraet","status":"publish","type":"product","link":"https:\/\/portal.schaffenburg.nl\/de\/produkt\/power-point-ac-kabelloses-ladegeraet\/","title":{"rendered":"Power Point AC + kabelloses Ladeger\u00e4t"},"content":{"rendered":"Der Power Point AC + Wireless Charger ist ein multifunktionales eingebautes Netzteil, das sich f\u00fcr jeden Arbeitsplatz und Konferenztisch eignet. Es ist eine All-in-One-L\u00f6sung, mit der Sie alle notwendigen Stromquellen zur Hand haben und Ihr Smartphone, Ihre AirPods und andere Ger\u00e4te kabellos aufladen k\u00f6nnen. Wenn Sie sich einmal an dieses Netzteil gew\u00f6hnt haben, werden Sie kein anderes mehr wollen!  \nDas Aufladen verschiedener mobiler Ger\u00e4te kann eine Herausforderung sein. Mobiltelefone, Tablets und kabellose Ohrst\u00f6psel haben alle unterschiedliche Ladeoptionen, wie USB-A, USB-C oder kabelloses Laden. Mit diesem Ger\u00e4t k\u00f6nnen Sie jedoch alles aufladen!  \nDas runde Netzteil hat eine Einbaugr\u00f6\u00dfe von 60 mm und verf\u00fcgt \u00fcber ein QI-Ladeger\u00e4t f\u00fcr kabelloses Laden, 1 x USB-C und 1 x USB-A Ladeanschluss. Au\u00dferdem wird das Netzteil mit einem 220-V-Adapter geliefert, so dass Sie es einfach anschlie\u00dfen und loslegen k\u00f6nnen! \nDie Installation ist einfach, schnell und \u00fcberall anwendbar. Sie k\u00f6nnen ihn zum Beispiel an Ihrem Arbeitsplatz, Konferenztisch, Loungem\u00f6bel oder Sitz-\/Stehtisch installieren. So haben Sie \u00fcberall Zugang zu allen notwendigen Stromquellen.  \nWas die technischen Daten des eingebauten Ger\u00e4ts betrifft, so hat der USB-A-Anschluss eine maximale Leistung von 10 W, der USB-C-Anschluss eine maximale Leistung von 10 W und das kabellose Ladeger\u00e4t eine maximale Leistung von 15 W.\nAlles in allem ist der Power Point AC + Wireless Charger ein vielseitiges und praktisches Ladeger\u00e4t, das an Ihrem Arbeitsplatz oder Konferenztisch nicht fehlen sollte. Es bietet eine All-in-One-L\u00f6sung f\u00fcr Ihren gesamten Strombedarf und tr\u00e4gt zu einer effizienten und produktiven Arbeitsumgebung bei. \n<h6>Eigenschaften<\/h6>\n<ul>\n<li>Inklusive 1 m Verbindungskabel<\/li>\n<li>1 x USB A und C Ladeger\u00e4t, 1 x kabelloses Ladeger\u00e4t<\/li>\n<li>Einbauma\u00df \u00d860 mm<\/li>\n<li>Wei\u00df<\/li>\n<\/ul>\n","protected":false},"excerpt":{"rendered":"<p>Der Power Point AC + Wireless Charger ist ein multifunktionales Ger\u00e4t f\u00fcr jeden Arbeitsplatz oder Konferenztisch. Sie haben alle notwendigen Stromquellen zur Hand und k\u00f6nnen jetzt auch Ihr Smartphone, Ihre Airpods usw. kabellos aufladen. Wenn Sie sich erst einmal an dieses integrierte Netzteil gew\u00f6hnt haben, werden Sie kein anderes mehr wollen!  <\/p>\n","protected":false},"featured_media":24432,"comment_status":"closed","ping_status":"closed","template":"","meta":{"_acf_changed":false},"product_brand":[],"product_cat":[2415,2140,3245],"product_tag":[2157,3255,2285,3260,2427,3267,2469,3268,2475,3473,2619,3475,2636,3485,2903,3487,2913,3488,3107,3489,3132,3490,3133,3491,3134,3492,3136,3493,3246,3494,3252,3495],"class_list":{"0":"post-27945","1":"product","2":"type-product","3":"status-publish","4":"has-post-thumbnail","6":"product_cat-schreibtisch-tischzubehor","7":"product_cat-schnelle-lieferung","8":"product_cat-elektrifizierung","9":"product_tag-modern-de","10":"product_tag-laden-sie","11":"product_tag-buro","12":"product_tag-mit-anschlusskabel","13":"product_tag-weis","14":"product_tag-usb-a-de","15":"product_tag-zubehor","16":"product_tag-usb-c-de","17":"product_tag-kompakt","18":"product_tag-qi-technologie-de","19":"product_tag-buro-de","20":"product_tag-kabelloses-ladegerat","21":"product_tag-arbeitsplatz","22":"product_tag-plug-and-play-de","23":"product_tag-buero","24":"product_tag-ac-de","25":"product_tag-besprechungstisch","26":"product_tag-airpods-aufladen","27":"product_tag-rund","28":"product_tag-kabelloses-laden","29":"product_tag-arbeitsplatz-de","30":"product_tag-lounge-mobel","31":"product_tag-zubehoer","32":"product_tag-power-point-de","33":"product_tag-desktop-de-2","34":"product_tag-qi-ladegerat","35":"product_tag-eingebaut","36":"product_tag-smartphone-aufladen","37":"product_tag-plastik","38":"product_tag-tablet-aufladen","39":"product_tag-230v-de","40":"product_tag-sitz-stehtisch","42":"first","43":"instock","44":"purchasable","45":"product-type-simple"},"acf":{"downloads":null},"yoast_head":"<!-- This site is optimized with the Yoast SEO plugin v26.7 - https:\/\/yoast.com\/wordpress\/plugins\/seo\/ -->\n<title>Power Point AC + kabelloses Ladeger\u00e4t - Schaffenburg USB A + C &amp; Drahtlos<\/title>\n<meta name=\"description\" content=\"Der Power Point AC + Wireless Charger ist ein multifunktionales Ger\u00e4t f\u00fcr jeden Arbeitsplatz oder Konferenztisch. Alle notwendigen Stromquellen zur Hand!\" \/>\n<meta name=\"robots\" content=\"index, follow, max-snippet:-1, max-image-preview:large, max-video-preview:-1\" \/>\n<link rel=\"canonical\" href=\"https:\/\/portal.schaffenburg.nl\/de\/produkt\/power-point-ac-kabelloses-ladegeraet\/\" \/>\n<meta property=\"og:locale\" content=\"de_DE\" \/>\n<meta property=\"og:type\" content=\"article\" \/>\n<meta property=\"og:title\" content=\"Power Point AC + kabelloses Ladeger\u00e4t - Schaffenburg USB A + C &amp; Drahtlos\" \/>\n<meta property=\"og:description\" content=\"Der Power Point AC + Wireless Charger ist ein multifunktionales Ger\u00e4t f\u00fcr jeden Arbeitsplatz oder Konferenztisch. Alle notwendigen Stromquellen zur Hand!\" \/>\n<meta property=\"og:url\" content=\"https:\/\/portal.schaffenburg.nl\/de\/produkt\/power-point-ac-kabelloses-ladegeraet\/\" \/>\n<meta property=\"og:site_name\" content=\"Schaffenburg\" \/>\n<meta property=\"article:modified_time\" content=\"2023-02-28T10:11:47+00:00\" \/>\n<meta property=\"og:image\" content=\"https:\/\/portal.schaffenburg.nl\/wp-content\/uploads\/2024\/09\/FLX-PS-1XUSBAC-W_01.jpg?wsr\" \/>\n\t<meta property=\"og:image:width\" content=\"800\" \/>\n\t<meta property=\"og:image:height\" content=\"533\" \/>\n\t<meta property=\"og:image:type\" content=\"image\/jpeg\" \/>\n<meta name=\"twitter:card\" content=\"summary_large_image\" \/>\n<meta name=\"twitter:label1\" content=\"Gesch\u00e4tzte Lesezeit\" \/>\n\t<meta name=\"twitter:data1\" content=\"1\u00a0Minute\" \/>\n<script type=\"application\/ld+json\" class=\"yoast-schema-graph\">{\"@context\":\"https:\/\/schema.org\",\"@graph\":[{\"@type\":\"WebPage\",\"@id\":\"https:\/\/portal.schaffenburg.nl\/de\/produkt\/power-point-ac-kabelloses-ladegeraet\/\",\"url\":\"https:\/\/portal.schaffenburg.nl\/de\/produkt\/power-point-ac-kabelloses-ladegeraet\/\",\"name\":\"Power Point AC + kabelloses Ladeger\u00e4t - Schaffenburg USB A + C & Drahtlos\",\"isPartOf\":{\"@id\":\"https:\/\/portal.schaffenburg.nl\/de\/#website\"},\"primaryImageOfPage\":{\"@id\":\"https:\/\/portal.schaffenburg.nl\/de\/produkt\/power-point-ac-kabelloses-ladegeraet\/#primaryimage\"},\"image\":{\"@id\":\"https:\/\/portal.schaffenburg.nl\/de\/produkt\/power-point-ac-kabelloses-ladegeraet\/#primaryimage\"},\"thumbnailUrl\":\"https:\/\/portal.schaffenburg.nl\/wp-content\/uploads\/2024\/09\/FLX-PS-1XUSBAC-W_01.jpg?wsr\",\"datePublished\":\"2023-02-28T08:11:47+00:00\",\"dateModified\":\"2023-02-28T10:11:47+00:00\",\"description\":\"Der Power Point AC + Wireless Charger ist ein multifunktionales Ger\u00e4t f\u00fcr jeden Arbeitsplatz oder Konferenztisch. Alle notwendigen Stromquellen zur Hand!\",\"breadcrumb\":{\"@id\":\"https:\/\/portal.schaffenburg.nl\/de\/produkt\/power-point-ac-kabelloses-ladegeraet\/#breadcrumb\"},\"inLanguage\":\"de\",\"potentialAction\":[{\"@type\":\"ReadAction\",\"target\":[\"https:\/\/portal.schaffenburg.nl\/de\/produkt\/power-point-ac-kabelloses-ladegeraet\/\"]}]},{\"@type\":\"ImageObject\",\"inLanguage\":\"de\",\"@id\":\"https:\/\/portal.schaffenburg.nl\/de\/produkt\/power-point-ac-kabelloses-ladegeraet\/#primaryimage\",\"url\":\"https:\/\/portal.schaffenburg.nl\/wp-content\/uploads\/2024\/09\/FLX-PS-1XUSBAC-W_01.jpg?wsr\",\"contentUrl\":\"https:\/\/portal.schaffenburg.nl\/wp-content\/uploads\/2024\/09\/FLX-PS-1XUSBAC-W_01.jpg?wsr\",\"width\":800,\"height\":533,\"caption\":\"Stromanschluss AC + Drahtlos\"},{\"@type\":\"BreadcrumbList\",\"@id\":\"https:\/\/portal.schaffenburg.nl\/de\/produkt\/power-point-ac-kabelloses-ladegeraet\/#breadcrumb\",\"itemListElement\":[{\"@type\":\"ListItem\",\"position\":1,\"name\":\"Home\",\"item\":\"https:\/\/portal.schaffenburg.nl\/de\/\"},{\"@type\":\"ListItem\",\"position\":2,\"name\":\"Power Point AC + kabelloses Ladeger\u00e4t\"}]},{\"@type\":\"WebSite\",\"@id\":\"https:\/\/portal.schaffenburg.nl\/de\/#website\",\"url\":\"https:\/\/portal.schaffenburg.nl\/de\/\",\"name\":\"Schaffenburg\",\"description\":\"\",\"potentialAction\":[{\"@type\":\"SearchAction\",\"target\":{\"@type\":\"EntryPoint\",\"urlTemplate\":\"https:\/\/portal.schaffenburg.nl\/de\/?s={search_term_string}\"},\"query-input\":{\"@type\":\"PropertyValueSpecification\",\"valueRequired\":true,\"valueName\":\"search_term_string\"}}],\"inLanguage\":\"de\"}]}<\/script>\n<!-- \/ Yoast SEO plugin. -->","yoast_head_json":{"title":"Power Point AC + kabelloses Ladeger\u00e4t - Schaffenburg USB A + C & Drahtlos","description":"Der Power Point AC + Wireless Charger ist ein multifunktionales Ger\u00e4t f\u00fcr jeden Arbeitsplatz oder Konferenztisch. Alle notwendigen Stromquellen zur Hand!","robots":{"index":"index","follow":"follow","max-snippet":"max-snippet:-1","max-image-preview":"max-image-preview:large","max-video-preview":"max-video-preview:-1"},"canonical":"https:\/\/portal.schaffenburg.nl\/de\/produkt\/power-point-ac-kabelloses-ladegeraet\/","og_locale":"de_DE","og_type":"article","og_title":"Power Point AC + kabelloses Ladeger\u00e4t - Schaffenburg USB A + C & Drahtlos","og_description":"Der Power Point AC + Wireless Charger ist ein multifunktionales Ger\u00e4t f\u00fcr jeden Arbeitsplatz oder Konferenztisch. Alle notwendigen Stromquellen zur Hand!","og_url":"https:\/\/portal.schaffenburg.nl\/de\/produkt\/power-point-ac-kabelloses-ladegeraet\/","og_site_name":"Schaffenburg","article_modified_time":"2023-02-28T10:11:47+00:00","og_image":[{"width":800,"height":533,"url":"https:\/\/portal.schaffenburg.nl\/wp-content\/uploads\/2024\/09\/FLX-PS-1XUSBAC-W_01.jpg?wsr","type":"image\/jpeg"}],"twitter_card":"summary_large_image","twitter_misc":{"Gesch\u00e4tzte Lesezeit":"1\u00a0Minute"},"schema":{"@context":"https:\/\/schema.org","@graph":[{"@type":"WebPage","@id":"https:\/\/portal.schaffenburg.nl\/de\/produkt\/power-point-ac-kabelloses-ladegeraet\/","url":"https:\/\/portal.schaffenburg.nl\/de\/produkt\/power-point-ac-kabelloses-ladegeraet\/","name":"Power Point AC + kabelloses Ladeger\u00e4t - Schaffenburg USB A + C & Drahtlos","isPartOf":{"@id":"https:\/\/portal.schaffenburg.nl\/de\/#website"},"primaryImageOfPage":{"@id":"https:\/\/portal.schaffenburg.nl\/de\/produkt\/power-point-ac-kabelloses-ladegeraet\/#primaryimage"},"image":{"@id":"https:\/\/portal.schaffenburg.nl\/de\/produkt\/power-point-ac-kabelloses-ladegeraet\/#primaryimage"},"thumbnailUrl":"https:\/\/portal.schaffenburg.nl\/wp-content\/uploads\/2024\/09\/FLX-PS-1XUSBAC-W_01.jpg?wsr","datePublished":"2023-02-28T08:11:47+00:00","dateModified":"2023-02-28T10:11:47+00:00","description":"Der Power Point AC + Wireless Charger ist ein multifunktionales Ger\u00e4t f\u00fcr jeden Arbeitsplatz oder Konferenztisch. Alle notwendigen Stromquellen zur Hand!","breadcrumb":{"@id":"https:\/\/portal.schaffenburg.nl\/de\/produkt\/power-point-ac-kabelloses-ladegeraet\/#breadcrumb"},"inLanguage":"de","potentialAction":[{"@type":"ReadAction","target":["https:\/\/portal.schaffenburg.nl\/de\/produkt\/power-point-ac-kabelloses-ladegeraet\/"]}]},{"@type":"ImageObject","inLanguage":"de","@id":"https:\/\/portal.schaffenburg.nl\/de\/produkt\/power-point-ac-kabelloses-ladegeraet\/#primaryimage","url":"https:\/\/portal.schaffenburg.nl\/wp-content\/uploads\/2024\/09\/FLX-PS-1XUSBAC-W_01.jpg?wsr","contentUrl":"https:\/\/portal.schaffenburg.nl\/wp-content\/uploads\/2024\/09\/FLX-PS-1XUSBAC-W_01.jpg?wsr","width":800,"height":533,"caption":"Stromanschluss AC + Drahtlos"},{"@type":"BreadcrumbList","@id":"https:\/\/portal.schaffenburg.nl\/de\/produkt\/power-point-ac-kabelloses-ladegeraet\/#breadcrumb","itemListElement":[{"@type":"ListItem","position":1,"name":"Home","item":"https:\/\/portal.schaffenburg.nl\/de\/"},{"@type":"ListItem","position":2,"name":"Power Point AC + kabelloses Ladeger\u00e4t"}]},{"@type":"WebSite","@id":"https:\/\/portal.schaffenburg.nl\/de\/#website","url":"https:\/\/portal.schaffenburg.nl\/de\/","name":"Schaffenburg","description":"","potentialAction":[{"@type":"SearchAction","target":{"@type":"EntryPoint","urlTemplate":"https:\/\/portal.schaffenburg.nl\/de\/?s={search_term_string}"},"query-input":{"@type":"PropertyValueSpecification","valueRequired":true,"valueName":"search_term_string"}}],"inLanguage":"de"}]}},"_links":{"self":[{"href":"https:\/\/portal.schaffenburg.nl\/de\/wp-json\/wp\/v2\/product\/27945","targetHints":{"allow":["GET"]}}],"collection":[{"href":"https:\/\/portal.schaffenburg.nl\/de\/wp-json\/wp\/v2\/product"}],"about":[{"href":"https:\/\/portal.schaffenburg.nl\/de\/wp-json\/wp\/v2\/types\/product"}],"replies":[{"embeddable":true,"href":"https:\/\/portal.schaffenburg.nl\/de\/wp-json\/wp\/v2\/comments?post=27945"}],"wp:featuredmedia":[{"embeddable":true,"href":"https:\/\/portal.schaffenburg.nl\/de\/wp-json\/wp\/v2\/media\/24432"}],"wp:attachment":[{"href":"https:\/\/portal.schaffenburg.nl\/de\/wp-json\/wp\/v2\/media?parent=27945"}],"wp:term":[{"taxonomy":"product_brand","embeddable":true,"href":"https:\/\/portal.schaffenburg.nl\/de\/wp-json\/wp\/v2\/product_brand?post=27945"},{"taxonomy":"product_cat","embeddable":true,"href":"https:\/\/portal.schaffenburg.nl\/de\/wp-json\/wp\/v2\/product_cat?post=27945"},{"taxonomy":"product_tag","embeddable":true,"href":"https:\/\/portal.schaffenburg.nl\/de\/wp-json\/wp\/v2\/product_tag?post=27945"}],"curies":[{"name":"wp","href":"https:\/\/api.w.org\/{rel}","templated":true}]}}