{"id":27952,"date":"2023-02-28T10:13:21","date_gmt":"2023-02-28T08:13:21","guid":{"rendered":"https:\/\/staging-schaffenburg.nl\/product\/tft-arm-swg\/"},"modified":"2023-02-28T10:13:21","modified_gmt":"2023-02-28T10:13:21","slug":"tft-arm-swg","status":"publish","type":"product","link":"https:\/\/portal.schaffenburg.nl\/de\/produkt\/tft-arm-swg\/","title":{"rendered":"TFT-Arm SWG"},"content":{"rendered":"Der TFT-Arm SWG ist ein innovativer Monitorarm f\u00fcr einen oder zwei Bildschirme mit bis zu 32 Zoll pro Bildschirm!\nDie ideale L\u00f6sung f\u00fcr jedes Heimb\u00fcro oder jeden Arbeitsplatz, bei dem wirtschaftliche Vorteile den Ausschlag geben. Dieser ideale und erschwingliche dynamisch verstellbare Monitorarm ist mit allen Annehmlichkeiten ausgestattet. \nMit der praktischen Top-Down-Tischklemme k\u00f6nnen Sie den Arm schnell und einfach von oben an Ihrem Schreibtisch befestigen. Die einzigartige Klemme verf\u00fcgt au\u00dferdem \u00fcber einen einstellbaren 180-Grad-Schwenkanschlag und erm\u00f6glicht den direkten Zugriff auf Ihre USB-Anschl\u00fcsse. Die Klemme kann auch als Blatthalterung montiert werden, da diese standardm\u00e4\u00dfig in der Verpackung enthalten ist. Auf diese Weise behalten Sie alle Befestigungsm\u00f6glichkeiten!   \nSetzen Sie zuerst den abgewinkelten passiven (statischen) Armteil auf die Klammer\/Durchf\u00fchrung und dann den aktiven (gasgefederten) Teil auf den passiven (statischen) Armteil. Verwenden Sie den mitgelieferten Innensechskant, um die Amplitude der Bildschirmdrehung einzustellen.<br \/>\nVerwenden Sie den VESA-Schnellverschluss, um Ihre Bildschirme auf einer VESA 75 x 75 oder 100 x 100 Basis zu montieren, und verwenden Sie den mitgelieferten Innensechskant, um die Federkraft des dynamischen Arms an das Gewicht Ihrer Bildschirme in der horizontalen oder vertikalen Position anzupassen.<br \/>\nDas integrierte Kabelmanagement erm\u00f6glicht es Ihnen, die Anschlusskabel Ihrer Monitore zu verstecken und einen aufger\u00e4umten Arbeitsplatz zu haben. \nDer TFT-Arm SWG ist jetzt einsatzbereit und Sie k\u00f6nnen den Monitor problemlos von links nach rechts oder nach oben und unten bewegen. Kurzum: in jeder Position, um den richtigen Blickwinkel und die beste ergonomische Aufwachposition einzustellen. \n<h6>Eigenschaften<\/h6>\n<ul>\n<li>Dynamische H\u00f6henverstellung<\/li>\n<li>Standardm\u00e4\u00dfig mit Messerdurchf\u00fchrung und Messerklemme<\/li>\n<li>Klingenklammer geeignet bis zu einer Klingenst\u00e4rke von 50 mm<\/li>\n<li>Klingent\u00fclle geeignet f\u00fcr Klingenst\u00e4rken von 10 - 45 mm<br \/>\nund \u00d8 10 - 60 mm<\/li>\n<li>Universal-Schnellverschluss VESA<br \/>\n(VESA 75 x 75 und 100 x 100)<\/li>\n<li>Integriertes Kabelmanagement<\/li>\n<li>Geeignet f\u00fcr einen oder zwei Bildschirme (jeweils bis zu maximal 32 Zoll)<\/li>\n<li>Gasgefederter Monitorarm mit Griff<\/li>\n<li>Frei kippbares Design<\/li>\n<li>Maximale Belastbarkeit 8 kg pro Bildschirm<\/li>\n<li>360\u00b0 drehbarer VESA-Kopf<\/li>\n<li>Um 180\u00b0 drehbarer Befestigungspunkt<\/li>\n<li>Um 90\u00b0 schwenkbarer VESA-Montagepunkt<\/li>\n<\/ul>\n","protected":false},"excerpt":{"rendered":"<p>Der TFT-Arm SWG f\u00fcr einen oder zwei Bildschirme ist der wirtschaftlichste und gasgefederte Monitorarm. Das schlanke und moderne Design ber\u00fccksichtigt ergonomische Arbeitsplatzoptionen und eine saubere Kabelf\u00fchrung. <\/p>\n","protected":false},"featured_media":24452,"comment_status":"closed","ping_status":"closed","template":"","meta":{"_acf_changed":false},"product_brand":[],"product_cat":[3131,2415,2140],"product_tag":[2619,3142,3548,2620,3143,2621,3144,2632,3145,2636,3146,2641,3526,2902,3528,2903,3530,3132,3532,3133,3534,2145,3134,3536,2157,3135,3538,2285,3136,3540,2469,3137,3542,2578,3139,3544,2618,3140,3546],"class_list":{"0":"post-27952","1":"product","2":"type-product","3":"status-publish","4":"has-post-thumbnail","6":"product_cat-monitor-arme","7":"product_cat-schreibtisch-tischzubehor","8":"product_cat-schnelle-lieferung","9":"product_tag-buro-de","10":"product_tag-arm-ueberwachen","11":"product_tag-vesa-schnellverschluss","12":"product_tag-kabelmanagement-de","13":"product_tag-drehbar","14":"product_tag-metall","15":"product_tag-tft-de","16":"product_tag-kippen","17":"product_tag-vesa-de","18":"product_tag-arbeitsplatz","19":"product_tag-integriertes-kabelmanagement","20":"product_tag-ergonomie-de","21":"product_tag-gasfeder","22":"product_tag-hoehenverstellbar","23":"product_tag-blatttulle","24":"product_tag-buero","25":"product_tag-maximal-16-kg","26":"product_tag-arbeitsplatz-de","27":"product_tag-maximale-belastbarkeit-8-kg-pro-bildschirm","28":"product_tag-zubehoer","29":"product_tag-32-zoll","30":"product_tag-schwarz","31":"product_tag-desktop-de-2","32":"product_tag-dynamisch-de","33":"product_tag-modern-de","34":"product_tag-bauwesen","35":"product_tag-dynamische-hohenverstellung","36":"product_tag-buro","37":"product_tag-eingebaut","38":"product_tag-freie-neigung","39":"product_tag-zubehor","40":"product_tag-2-bildschirme","41":"product_tag-betrachtungswinkel","42":"product_tag-grau","43":"product_tag-arm-de","44":"product_tag-monitor-halterung","45":"product_tag-heimburo","46":"product_tag-blattklammer","47":"product_tag-bildschirmhalterung","49":"first","50":"instock","51":"purchasable","52":"product-type-variable"},"acf":{"downloads":[{"label":"","bestand":26950,"toegankelijkheid":"resellers"},{"label":"","bestand":26952,"toegankelijkheid":"resellers"}]},"yoast_head":"<!-- This site is optimized with the Yoast SEO plugin v26.7 - https:\/\/yoast.com\/wordpress\/plugins\/seo\/ -->\n<title>TFT-Arm SWG - Schaffenburg<\/title>\n<meta name=\"robots\" content=\"index, follow, max-snippet:-1, max-image-preview:large, max-video-preview:-1\" \/>\n<link rel=\"canonical\" href=\"https:\/\/portal.schaffenburg.nl\/de\/produkt\/tft-arm-swg\/\" \/>\n<meta property=\"og:locale\" content=\"de_DE\" \/>\n<meta property=\"og:type\" content=\"article\" \/>\n<meta property=\"og:title\" content=\"TFT-Arm SWG - Schaffenburg\" \/>\n<meta property=\"og:description\" content=\"Der TFT-Arm SWG f\u00fcr einen oder zwei Bildschirme ist der wirtschaftlichste und gasgefederte Monitorarm. Das schlanke und moderne Design ber\u00fccksichtigt ergonomische Arbeitsplatzoptionen und eine saubere Kabelf\u00fchrung.\" \/>\n<meta property=\"og:url\" content=\"https:\/\/portal.schaffenburg.nl\/de\/produkt\/tft-arm-swg\/\" \/>\n<meta property=\"og:site_name\" content=\"Schaffenburg\" \/>\n<meta property=\"article:modified_time\" content=\"2023-02-28T10:13:21+00:00\" \/>\n<meta property=\"og:image\" content=\"https:\/\/portal.schaffenburg.nl\/wp-content\/uploads\/2024\/09\/TFT-SWG-DUBBEL-SG_01.jpg?wsr\" \/>\n\t<meta property=\"og:image:width\" content=\"800\" \/>\n\t<meta property=\"og:image:height\" content=\"533\" \/>\n\t<meta property=\"og:image:type\" content=\"image\/jpeg\" \/>\n<meta name=\"twitter:card\" content=\"summary_large_image\" \/>\n<meta name=\"twitter:label1\" content=\"Gesch\u00e4tzte Lesezeit\" \/>\n\t<meta name=\"twitter:data1\" content=\"2\u00a0Minuten\" \/>\n<script type=\"application\/ld+json\" class=\"yoast-schema-graph\">{\"@context\":\"https:\/\/schema.org\",\"@graph\":[{\"@type\":\"WebPage\",\"@id\":\"https:\/\/portal.schaffenburg.nl\/de\/produkt\/tft-arm-swg\/\",\"url\":\"https:\/\/portal.schaffenburg.nl\/de\/produkt\/tft-arm-swg\/\",\"name\":\"TFT-Arm SWG - Schaffenburg\",\"isPartOf\":{\"@id\":\"https:\/\/portal.schaffenburg.nl\/de\/#website\"},\"primaryImageOfPage\":{\"@id\":\"https:\/\/portal.schaffenburg.nl\/de\/produkt\/tft-arm-swg\/#primaryimage\"},\"image\":{\"@id\":\"https:\/\/portal.schaffenburg.nl\/de\/produkt\/tft-arm-swg\/#primaryimage\"},\"thumbnailUrl\":\"https:\/\/portal.schaffenburg.nl\/wp-content\/uploads\/2024\/09\/TFT-SWG-DUBBEL-SG_01.jpg?wsr\",\"datePublished\":\"2023-02-28T08:13:21+00:00\",\"dateModified\":\"2023-02-28T10:13:21+00:00\",\"breadcrumb\":{\"@id\":\"https:\/\/portal.schaffenburg.nl\/de\/produkt\/tft-arm-swg\/#breadcrumb\"},\"inLanguage\":\"de\",\"potentialAction\":[{\"@type\":\"ReadAction\",\"target\":[\"https:\/\/portal.schaffenburg.nl\/de\/produkt\/tft-arm-swg\/\"]}]},{\"@type\":\"ImageObject\",\"inLanguage\":\"de\",\"@id\":\"https:\/\/portal.schaffenburg.nl\/de\/produkt\/tft-arm-swg\/#primaryimage\",\"url\":\"https:\/\/portal.schaffenburg.nl\/wp-content\/uploads\/2024\/09\/TFT-SWG-DUBBEL-SG_01.jpg?wsr\",\"contentUrl\":\"https:\/\/portal.schaffenburg.nl\/wp-content\/uploads\/2024\/09\/TFT-SWG-DUBBEL-SG_01.jpg?wsr\",\"width\":800,\"height\":533,\"caption\":\"TFT-Arm SWG\"},{\"@type\":\"BreadcrumbList\",\"@id\":\"https:\/\/portal.schaffenburg.nl\/de\/produkt\/tft-arm-swg\/#breadcrumb\",\"itemListElement\":[{\"@type\":\"ListItem\",\"position\":1,\"name\":\"Home\",\"item\":\"https:\/\/portal.schaffenburg.nl\/de\/\"},{\"@type\":\"ListItem\",\"position\":2,\"name\":\"TFT-Arm SWG\"}]},{\"@type\":\"WebSite\",\"@id\":\"https:\/\/portal.schaffenburg.nl\/de\/#website\",\"url\":\"https:\/\/portal.schaffenburg.nl\/de\/\",\"name\":\"Schaffenburg\",\"description\":\"\",\"potentialAction\":[{\"@type\":\"SearchAction\",\"target\":{\"@type\":\"EntryPoint\",\"urlTemplate\":\"https:\/\/portal.schaffenburg.nl\/de\/?s={search_term_string}\"},\"query-input\":{\"@type\":\"PropertyValueSpecification\",\"valueRequired\":true,\"valueName\":\"search_term_string\"}}],\"inLanguage\":\"de\"}]}<\/script>\n<!-- \/ Yoast SEO plugin. -->","yoast_head_json":{"title":"TFT-Arm SWG - Schaffenburg","robots":{"index":"index","follow":"follow","max-snippet":"max-snippet:-1","max-image-preview":"max-image-preview:large","max-video-preview":"max-video-preview:-1"},"canonical":"https:\/\/portal.schaffenburg.nl\/de\/produkt\/tft-arm-swg\/","og_locale":"de_DE","og_type":"article","og_title":"TFT-Arm SWG - Schaffenburg","og_description":"Der TFT-Arm SWG f\u00fcr einen oder zwei Bildschirme ist der wirtschaftlichste und gasgefederte Monitorarm. Das schlanke und moderne Design ber\u00fccksichtigt ergonomische Arbeitsplatzoptionen und eine saubere Kabelf\u00fchrung.","og_url":"https:\/\/portal.schaffenburg.nl\/de\/produkt\/tft-arm-swg\/","og_site_name":"Schaffenburg","article_modified_time":"2023-02-28T10:13:21+00:00","og_image":[{"width":800,"height":533,"url":"https:\/\/portal.schaffenburg.nl\/wp-content\/uploads\/2024\/09\/TFT-SWG-DUBBEL-SG_01.jpg?wsr","type":"image\/jpeg"}],"twitter_card":"summary_large_image","twitter_misc":{"Gesch\u00e4tzte Lesezeit":"2\u00a0Minuten"},"schema":{"@context":"https:\/\/schema.org","@graph":[{"@type":"WebPage","@id":"https:\/\/portal.schaffenburg.nl\/de\/produkt\/tft-arm-swg\/","url":"https:\/\/portal.schaffenburg.nl\/de\/produkt\/tft-arm-swg\/","name":"TFT-Arm SWG - Schaffenburg","isPartOf":{"@id":"https:\/\/portal.schaffenburg.nl\/de\/#website"},"primaryImageOfPage":{"@id":"https:\/\/portal.schaffenburg.nl\/de\/produkt\/tft-arm-swg\/#primaryimage"},"image":{"@id":"https:\/\/portal.schaffenburg.nl\/de\/produkt\/tft-arm-swg\/#primaryimage"},"thumbnailUrl":"https:\/\/portal.schaffenburg.nl\/wp-content\/uploads\/2024\/09\/TFT-SWG-DUBBEL-SG_01.jpg?wsr","datePublished":"2023-02-28T08:13:21+00:00","dateModified":"2023-02-28T10:13:21+00:00","breadcrumb":{"@id":"https:\/\/portal.schaffenburg.nl\/de\/produkt\/tft-arm-swg\/#breadcrumb"},"inLanguage":"de","potentialAction":[{"@type":"ReadAction","target":["https:\/\/portal.schaffenburg.nl\/de\/produkt\/tft-arm-swg\/"]}]},{"@type":"ImageObject","inLanguage":"de","@id":"https:\/\/portal.schaffenburg.nl\/de\/produkt\/tft-arm-swg\/#primaryimage","url":"https:\/\/portal.schaffenburg.nl\/wp-content\/uploads\/2024\/09\/TFT-SWG-DUBBEL-SG_01.jpg?wsr","contentUrl":"https:\/\/portal.schaffenburg.nl\/wp-content\/uploads\/2024\/09\/TFT-SWG-DUBBEL-SG_01.jpg?wsr","width":800,"height":533,"caption":"TFT-Arm SWG"},{"@type":"BreadcrumbList","@id":"https:\/\/portal.schaffenburg.nl\/de\/produkt\/tft-arm-swg\/#breadcrumb","itemListElement":[{"@type":"ListItem","position":1,"name":"Home","item":"https:\/\/portal.schaffenburg.nl\/de\/"},{"@type":"ListItem","position":2,"name":"TFT-Arm SWG"}]},{"@type":"WebSite","@id":"https:\/\/portal.schaffenburg.nl\/de\/#website","url":"https:\/\/portal.schaffenburg.nl\/de\/","name":"Schaffenburg","description":"","potentialAction":[{"@type":"SearchAction","target":{"@type":"EntryPoint","urlTemplate":"https:\/\/portal.schaffenburg.nl\/de\/?s={search_term_string}"},"query-input":{"@type":"PropertyValueSpecification","valueRequired":true,"valueName":"search_term_string"}}],"inLanguage":"de"}]}},"_links":{"self":[{"href":"https:\/\/portal.schaffenburg.nl\/de\/wp-json\/wp\/v2\/product\/27952","targetHints":{"allow":["GET"]}}],"collection":[{"href":"https:\/\/portal.schaffenburg.nl\/de\/wp-json\/wp\/v2\/product"}],"about":[{"href":"https:\/\/portal.schaffenburg.nl\/de\/wp-json\/wp\/v2\/types\/product"}],"replies":[{"embeddable":true,"href":"https:\/\/portal.schaffenburg.nl\/de\/wp-json\/wp\/v2\/comments?post=27952"}],"wp:featuredmedia":[{"embeddable":true,"href":"https:\/\/portal.schaffenburg.nl\/de\/wp-json\/wp\/v2\/media\/24452"}],"wp:attachment":[{"href":"https:\/\/portal.schaffenburg.nl\/de\/wp-json\/wp\/v2\/media?parent=27952"}],"wp:term":[{"taxonomy":"product_brand","embeddable":true,"href":"https:\/\/portal.schaffenburg.nl\/de\/wp-json\/wp\/v2\/product_brand?post=27952"},{"taxonomy":"product_cat","embeddable":true,"href":"https:\/\/portal.schaffenburg.nl\/de\/wp-json\/wp\/v2\/product_cat?post=27952"},{"taxonomy":"product_tag","embeddable":true,"href":"https:\/\/portal.schaffenburg.nl\/de\/wp-json\/wp\/v2\/product_tag?post=27952"}],"curies":[{"name":"wp","href":"https:\/\/api.w.org\/{rel}","templated":true}]}}