{"id":27969,"date":"2023-03-07T10:54:46","date_gmt":"2023-03-07T08:54:46","guid":{"rendered":"https:\/\/staging-schaffenburg.nl\/product\/steckdose-inklusive-montagesatz\/"},"modified":"2023-03-07T10:54:46","modified_gmt":"2023-03-07T10:54:46","slug":"steckdose-inklusive-montagesatz","status":"publish","type":"product","link":"https:\/\/portal.schaffenburg.nl\/de\/produkt\/steckdose-inklusive-montagesatz\/","title":{"rendered":"Steckdose inklusive Montagesatz"},"content":{"rendered":"Wenn Sie auf der Suche nach einer zuverl\u00e4ssigen und flexiblen Stromversorgung f\u00fcr Ihren Arbeitsplatz sind, ist diese Steckdose des Herstellers inklusive Montageset die perfekte L\u00f6sung. Es ist wichtig, ohne Unterbrechungen arbeiten zu k\u00f6nnen, und das ist nur m\u00f6glich, wenn eine gute Stromversorgung vorhanden ist, egal welche Art von Arbeitsplatz Sie haben. \nSteckdosenleisten dieses Herstellers sind von hoher Qualit\u00e4t und werden ausgiebig getestet, bevor sie das Werk verlassen. Sie sind CE-gekennzeichnet und erf\u00fcllen alle aktuellen Anforderungen und Zertifikate. Dar\u00fcber hinaus verf\u00fcgen sie \u00fcber einen eGST\u00ae-Eingang und -Ausgang, so dass Sie jedes Netzkabel direkt anschlie\u00dfen oder verbinden k\u00f6nnen. Dies gibt Ihnen die Flexibilit\u00e4t, die Stromversorgung an Ihre Bed\u00fcrfnisse anzupassen, sowohl jetzt als auch in Zukunft.   \nDie Steckdose besteht aus robustem Aluminium und ist in zwei Versionen erh\u00e4ltlich: 5 x 230V Anschluss und 6 x 230V Anschluss. So k\u00f6nnen Sie w\u00e4hlen, welche Variante am besten zu Ihrem Arbeitsplatz passt. Au\u00dferdem wird die Steckdose mit einem praktischen Montageset geliefert, mit dem Sie sie direkt unter Ihrer Arbeitsplatte montieren k\u00f6nnen. Nat\u00fcrlich k\u00f6nnen Sie die Steckdose auch in Ihrem Kabelkanal platzieren. Um die Steckdose anzuschlie\u00dfen, ben\u00f6tigen Sie ein <a href=\"https:\/\/www.schaffenburg.nl\/shop\/snellever\/accessoires-snellever\/elektrificatie-snellveren\/aansluitkabel\/\" target=\"_blank\" rel=\"noopener noreferrer\">Anschlusskabel (Netzkabel)<\/a> (nicht im Lieferumfang enthalten).    \nKurzum, die Steckdose inklusive Montageset bietet eine zuverl\u00e4ssige und flexible Stromversorgung f\u00fcr jeden Arbeitsplatz. Egal, ob Sie einen Sitz-\/Steharbeitsplatz, einen normalen Schreibtisch oder IT-Ger\u00e4te haben, Sie k\u00f6nnen sich auf die hochwertigen Steckdosenleisten verlassen. Bestellen Sie jetzt und profitieren Sie von ausgezeichneter Qualit\u00e4t und Service!  \n<h6>Die Buchse aus Aluminium ist in den folgenden Anschl\u00fcssen erh\u00e4ltlich:<\/h6>\n- 5 x 230V Anschluss<br \/>\n- 6 x 230V Anschluss\n","protected":false},"excerpt":{"rendered":"<p>Die Steckdose aus Aluminium ist in folgenden Anschlussvarianten erh\u00e4ltlich:<br \/>\n- 5 x 230V Anschluss<br \/>\n- 6 x 230V Anschluss<\/p>\n<p>Zum Anschluss der Steckdose ist ein <a href=\"https:\/\/www.schaffenburg.nl\/shop\/snellever\/accessoires-snellever\/elektrificatie-snellveren\/aansluitkabel\/\" target=\"_blank\" rel=\"noopener noreferrer\">Anschlusskabel (Netzkabel<\/a> ) erforderlich (nicht im Lieferumfang enthalten).<\/p>\n","protected":false},"featured_media":24580,"comment_status":"closed","ping_status":"closed","template":"","meta":{"_acf_changed":false},"product_brand":[],"product_cat":[2415,2140,3245],"product_tag":[2143,3578,2424,3580,2469,3582,2619,3584,2628,3585,2720,3588,2781,3590,2925,3592,3132,3248,3249,3257,3327,3329,3544,3576],"class_list":{"0":"post-27969","1":"product","2":"type-product","3":"status-publish","4":"has-post-thumbnail","6":"product_cat-schreibtisch-tischzubehor","7":"product_cat-schnelle-lieferung","8":"product_cat-elektrifizierung","9":"product_tag-nachhaltig","10":"product_tag-anschlussblock","11":"product_tag-aluminium-de","12":"product_tag-5x-230v-de","13":"product_tag-zubehor","14":"product_tag-6x-230v-de","15":"product_tag-buro-de","16":"product_tag-verbindungen","17":"product_tag-kabelkanal","18":"product_tag-ce-kennzeichnung","19":"product_tag-flexibel-de","20":"product_tag-egst-technologie-de","21":"product_tag-hohe-qualitat","22":"product_tag-it-ausrustung","23":"product_tag-sitz-steharbeitsplatz","24":"product_tag-bausatz","25":"product_tag-arbeitsplatz-de","26":"product_tag-steckdose","27":"product_tag-elektrifizierung","28":"product_tag-einfache-installation","29":"product_tag-energieversorgung","30":"product_tag-zubehor-fur-den-schreibtisch-de","31":"product_tag-monitor-halterung","32":"product_tag-zuverlassig","34":"first","35":"instock","36":"purchasable","37":"product-type-variable"},"acf":{"downloads":null},"yoast_head":"<!-- This site is optimized with the Yoast SEO plugin v26.7 - https:\/\/yoast.com\/wordpress\/plugins\/seo\/ -->\n<title>Steckdose inklusive Montagesatz - Schaffenburg<\/title>\n<meta name=\"robots\" content=\"index, follow, max-snippet:-1, max-image-preview:large, max-video-preview:-1\" \/>\n<link rel=\"canonical\" href=\"https:\/\/portal.schaffenburg.nl\/de\/produkt\/steckdose-inklusive-montagesatz\/\" \/>\n<meta property=\"og:locale\" content=\"de_DE\" \/>\n<meta property=\"og:type\" content=\"article\" \/>\n<meta property=\"og:title\" content=\"Steckdose inklusive Montagesatz - Schaffenburg\" \/>\n<meta property=\"og:description\" content=\"Die Steckdose aus Aluminium ist in folgenden Anschlussvarianten erh\u00e4ltlich: - 5 x 230V Anschluss - 6 x 230V Anschluss Zum Anschluss der Steckdose ist ein Anschlusskabel (Netzkabel ) erforderlich (nicht im Lieferumfang enthalten).\" \/>\n<meta property=\"og:url\" content=\"https:\/\/portal.schaffenburg.nl\/de\/produkt\/steckdose-inklusive-montagesatz\/\" \/>\n<meta property=\"og:site_name\" content=\"Schaffenburg\" \/>\n<meta property=\"article:modified_time\" content=\"2023-03-07T10:54:46+00:00\" \/>\n<meta property=\"og:image\" content=\"https:\/\/portal.schaffenburg.nl\/wp-content\/uploads\/2024\/09\/SWCD-5-ZA.jpg?wsr\" \/>\n\t<meta property=\"og:image:width\" content=\"2560\" \/>\n\t<meta property=\"og:image:height\" content=\"1706\" \/>\n\t<meta property=\"og:image:type\" content=\"image\/jpeg\" \/>\n<meta name=\"twitter:card\" content=\"summary_large_image\" \/>\n<meta name=\"twitter:label1\" content=\"Gesch\u00e4tzte Lesezeit\" \/>\n\t<meta name=\"twitter:data1\" content=\"1\u00a0Minute\" \/>\n<script type=\"application\/ld+json\" class=\"yoast-schema-graph\">{\"@context\":\"https:\/\/schema.org\",\"@graph\":[{\"@type\":\"WebPage\",\"@id\":\"https:\/\/portal.schaffenburg.nl\/de\/produkt\/steckdose-inklusive-montagesatz\/\",\"url\":\"https:\/\/portal.schaffenburg.nl\/de\/produkt\/steckdose-inklusive-montagesatz\/\",\"name\":\"Steckdose inklusive Montagesatz - Schaffenburg\",\"isPartOf\":{\"@id\":\"https:\/\/portal.schaffenburg.nl\/de\/#website\"},\"primaryImageOfPage\":{\"@id\":\"https:\/\/portal.schaffenburg.nl\/de\/produkt\/steckdose-inklusive-montagesatz\/#primaryimage\"},\"image\":{\"@id\":\"https:\/\/portal.schaffenburg.nl\/de\/produkt\/steckdose-inklusive-montagesatz\/#primaryimage\"},\"thumbnailUrl\":\"https:\/\/portal.schaffenburg.nl\/wp-content\/uploads\/2024\/09\/SWCD-5-ZA.jpg?wsr\",\"datePublished\":\"2023-03-07T08:54:46+00:00\",\"dateModified\":\"2023-03-07T10:54:46+00:00\",\"breadcrumb\":{\"@id\":\"https:\/\/portal.schaffenburg.nl\/de\/produkt\/steckdose-inklusive-montagesatz\/#breadcrumb\"},\"inLanguage\":\"de\",\"potentialAction\":[{\"@type\":\"ReadAction\",\"target\":[\"https:\/\/portal.schaffenburg.nl\/de\/produkt\/steckdose-inklusive-montagesatz\/\"]}]},{\"@type\":\"ImageObject\",\"inLanguage\":\"de\",\"@id\":\"https:\/\/portal.schaffenburg.nl\/de\/produkt\/steckdose-inklusive-montagesatz\/#primaryimage\",\"url\":\"https:\/\/portal.schaffenburg.nl\/wp-content\/uploads\/2024\/09\/SWCD-5-ZA.jpg?wsr\",\"contentUrl\":\"https:\/\/portal.schaffenburg.nl\/wp-content\/uploads\/2024\/09\/SWCD-5-ZA.jpg?wsr\",\"width\":2560,\"height\":1706,\"caption\":\"Steckdose inklusive Montagesatz\"},{\"@type\":\"BreadcrumbList\",\"@id\":\"https:\/\/portal.schaffenburg.nl\/de\/produkt\/steckdose-inklusive-montagesatz\/#breadcrumb\",\"itemListElement\":[{\"@type\":\"ListItem\",\"position\":1,\"name\":\"Home\",\"item\":\"https:\/\/portal.schaffenburg.nl\/de\/\"},{\"@type\":\"ListItem\",\"position\":2,\"name\":\"Steckdose inklusive Montagesatz\"}]},{\"@type\":\"WebSite\",\"@id\":\"https:\/\/portal.schaffenburg.nl\/de\/#website\",\"url\":\"https:\/\/portal.schaffenburg.nl\/de\/\",\"name\":\"Schaffenburg\",\"description\":\"\",\"potentialAction\":[{\"@type\":\"SearchAction\",\"target\":{\"@type\":\"EntryPoint\",\"urlTemplate\":\"https:\/\/portal.schaffenburg.nl\/de\/?s={search_term_string}\"},\"query-input\":{\"@type\":\"PropertyValueSpecification\",\"valueRequired\":true,\"valueName\":\"search_term_string\"}}],\"inLanguage\":\"de\"}]}<\/script>\n<!-- \/ Yoast SEO plugin. -->","yoast_head_json":{"title":"Steckdose inklusive Montagesatz - Schaffenburg","robots":{"index":"index","follow":"follow","max-snippet":"max-snippet:-1","max-image-preview":"max-image-preview:large","max-video-preview":"max-video-preview:-1"},"canonical":"https:\/\/portal.schaffenburg.nl\/de\/produkt\/steckdose-inklusive-montagesatz\/","og_locale":"de_DE","og_type":"article","og_title":"Steckdose inklusive Montagesatz - Schaffenburg","og_description":"Die Steckdose aus Aluminium ist in folgenden Anschlussvarianten erh\u00e4ltlich: - 5 x 230V Anschluss - 6 x 230V Anschluss Zum Anschluss der Steckdose ist ein Anschlusskabel (Netzkabel ) erforderlich (nicht im Lieferumfang enthalten).","og_url":"https:\/\/portal.schaffenburg.nl\/de\/produkt\/steckdose-inklusive-montagesatz\/","og_site_name":"Schaffenburg","article_modified_time":"2023-03-07T10:54:46+00:00","og_image":[{"width":2560,"height":1706,"url":"https:\/\/portal.schaffenburg.nl\/wp-content\/uploads\/2024\/09\/SWCD-5-ZA.jpg?wsr","type":"image\/jpeg"}],"twitter_card":"summary_large_image","twitter_misc":{"Gesch\u00e4tzte Lesezeit":"1\u00a0Minute"},"schema":{"@context":"https:\/\/schema.org","@graph":[{"@type":"WebPage","@id":"https:\/\/portal.schaffenburg.nl\/de\/produkt\/steckdose-inklusive-montagesatz\/","url":"https:\/\/portal.schaffenburg.nl\/de\/produkt\/steckdose-inklusive-montagesatz\/","name":"Steckdose inklusive Montagesatz - Schaffenburg","isPartOf":{"@id":"https:\/\/portal.schaffenburg.nl\/de\/#website"},"primaryImageOfPage":{"@id":"https:\/\/portal.schaffenburg.nl\/de\/produkt\/steckdose-inklusive-montagesatz\/#primaryimage"},"image":{"@id":"https:\/\/portal.schaffenburg.nl\/de\/produkt\/steckdose-inklusive-montagesatz\/#primaryimage"},"thumbnailUrl":"https:\/\/portal.schaffenburg.nl\/wp-content\/uploads\/2024\/09\/SWCD-5-ZA.jpg?wsr","datePublished":"2023-03-07T08:54:46+00:00","dateModified":"2023-03-07T10:54:46+00:00","breadcrumb":{"@id":"https:\/\/portal.schaffenburg.nl\/de\/produkt\/steckdose-inklusive-montagesatz\/#breadcrumb"},"inLanguage":"de","potentialAction":[{"@type":"ReadAction","target":["https:\/\/portal.schaffenburg.nl\/de\/produkt\/steckdose-inklusive-montagesatz\/"]}]},{"@type":"ImageObject","inLanguage":"de","@id":"https:\/\/portal.schaffenburg.nl\/de\/produkt\/steckdose-inklusive-montagesatz\/#primaryimage","url":"https:\/\/portal.schaffenburg.nl\/wp-content\/uploads\/2024\/09\/SWCD-5-ZA.jpg?wsr","contentUrl":"https:\/\/portal.schaffenburg.nl\/wp-content\/uploads\/2024\/09\/SWCD-5-ZA.jpg?wsr","width":2560,"height":1706,"caption":"Steckdose inklusive Montagesatz"},{"@type":"BreadcrumbList","@id":"https:\/\/portal.schaffenburg.nl\/de\/produkt\/steckdose-inklusive-montagesatz\/#breadcrumb","itemListElement":[{"@type":"ListItem","position":1,"name":"Home","item":"https:\/\/portal.schaffenburg.nl\/de\/"},{"@type":"ListItem","position":2,"name":"Steckdose inklusive Montagesatz"}]},{"@type":"WebSite","@id":"https:\/\/portal.schaffenburg.nl\/de\/#website","url":"https:\/\/portal.schaffenburg.nl\/de\/","name":"Schaffenburg","description":"","potentialAction":[{"@type":"SearchAction","target":{"@type":"EntryPoint","urlTemplate":"https:\/\/portal.schaffenburg.nl\/de\/?s={search_term_string}"},"query-input":{"@type":"PropertyValueSpecification","valueRequired":true,"valueName":"search_term_string"}}],"inLanguage":"de"}]}},"_links":{"self":[{"href":"https:\/\/portal.schaffenburg.nl\/de\/wp-json\/wp\/v2\/product\/27969","targetHints":{"allow":["GET"]}}],"collection":[{"href":"https:\/\/portal.schaffenburg.nl\/de\/wp-json\/wp\/v2\/product"}],"about":[{"href":"https:\/\/portal.schaffenburg.nl\/de\/wp-json\/wp\/v2\/types\/product"}],"replies":[{"embeddable":true,"href":"https:\/\/portal.schaffenburg.nl\/de\/wp-json\/wp\/v2\/comments?post=27969"}],"wp:featuredmedia":[{"embeddable":true,"href":"https:\/\/portal.schaffenburg.nl\/de\/wp-json\/wp\/v2\/media\/24580"}],"wp:attachment":[{"href":"https:\/\/portal.schaffenburg.nl\/de\/wp-json\/wp\/v2\/media?parent=27969"}],"wp:term":[{"taxonomy":"product_brand","embeddable":true,"href":"https:\/\/portal.schaffenburg.nl\/de\/wp-json\/wp\/v2\/product_brand?post=27969"},{"taxonomy":"product_cat","embeddable":true,"href":"https:\/\/portal.schaffenburg.nl\/de\/wp-json\/wp\/v2\/product_cat?post=27969"},{"taxonomy":"product_tag","embeddable":true,"href":"https:\/\/portal.schaffenburg.nl\/de\/wp-json\/wp\/v2\/product_tag?post=27969"}],"curies":[{"name":"wp","href":"https:\/\/api.w.org\/{rel}","templated":true}]}}