{"id":27980,"date":"2023-02-28T10:13:07","date_gmt":"2023-02-28T08:13:07","guid":{"rendered":"https:\/\/staging-schaffenburg.nl\/product\/tft-arm-fcs-kreuz\/"},"modified":"2023-02-28T10:13:07","modified_gmt":"2023-02-28T10:13:07","slug":"tft-arm-fcs-kreuz","status":"publish","type":"product","link":"https:\/\/portal.schaffenburg.nl\/de\/produkt\/tft-arm-fcs-kreuz\/","title":{"rendered":"TFT-Arm FCS Kreuz"},"content":{"rendered":"Der TFT-Arm FCS Cross ist ein moderner und schlank gestalteter Monitorarm mit Crossbar, der f\u00fcr einen oder zwei Monitore geeignet ist. Dieser Monitorarm ist nicht nur ergonomisch gut, sondern auch sehr erschwinglich. \nDer Monitorarm verf\u00fcgt \u00fcber ein intelligentes Design, das stufenlos in der H\u00f6he verstellbar ist. Dank der Querstange mit 2 verschiebbaren VESA-K\u00f6pfen kann dieser Monitorarm die idealste Arbeitsposition bieten. Dar\u00fcber hinaus wird dieser Monitorarm sowohl mit einer T\u00fclle als auch mit einer Klammer (10-88 mm Klingenst\u00e4rke) geliefert, so dass er problemlos an jedem Arbeitsplatz montiert werden kann und eine sch\u00f6ne, platzsparende und ergonomische L\u00f6sung bietet.  \nDer TFT-Arm FCS Cross ist dank seiner universellen VESA-Schnellbefestigung (VESA 75 x 75 und 100 x 100) und der Diebstahlsicherung sehr einfach zu montieren. Zu allem \u00dcberfluss verf\u00fcgt der Arm \u00fcber ein praktisches Kabelmanagementsystem. \nDer Monitorarm ist f\u00fcr einen Bildschirm oder zwei Bildschirme (jeweils bis zu 27 Zoll) geeignet und hat eine maximale Tragf\u00e4higkeit von 8 kg pro Bildschirm. Dank der einfachen H\u00f6henverstellung mit einem Drehknopf und dem um 360\u00b0 drehbaren VESA-Kopf, dem um 180\u00b0 drehbaren Befestigungspunkt und dem um 90\u00b0 neigbaren VESA-Befestigungspunkt k\u00f6nnen Sie mit diesem Monitorarm in beide Richtungen gehen. \nKurz gesagt, der TFT-Arm FCS Cross ist eine erschwingliche, ergonomische und platzsparende L\u00f6sung f\u00fcr Ihren Arbeitsplatz. Er l\u00e4sst sich leicht zusammenbauen und bietet zahlreiche Verstellm\u00f6glichkeiten, so dass Sie immer eine ideale Arbeitsposition finden k\u00f6nnen. Mit seinem intelligenten Design und seinen praktischen Funktionen ist der TFT-Arm FCS Cross eine ausgezeichnete Wahl f\u00fcr zu Hause und im B\u00fcro.  \n<h6>Eigenschaften<\/h6>\n<ul>\n<li>Stufenlos h\u00f6henverstellbar<\/li>\n<li>Standardm\u00e4\u00dfig mit Messerdurchf\u00fchrung und Messerklemme<\/li>\n<li>Klingenklammer geeignet f\u00fcr Klingenst\u00e4rke 10 - 88 mm<\/li>\n<li>Universal-Schnellverschluss VESA<br \/>\n(VESA 75 x 75 und 100 x 100)<\/li>\n<li>Anti-Diebstahl-Schloss<\/li>\n<li>Geeignet f\u00fcr einen Bildschirm oder zwei Bildschirme (jeweils bis zu max. 27 Zoll)<\/li>\n<li>Maximale Belastbarkeit 8 kg pro Bildschirm<\/li>\n<li>Einfache H\u00f6heneinstellung \u00fcber Drehknopf<\/li>\n<li>360\u00b0 drehbarer VESA-Kopf<\/li>\n<li>Um 180\u00b0 drehbarer Befestigungspunkt<\/li>\n<li>Um 90\u00b0 schwenkbarer VESA-Montagepunkt<\/li>\n<\/ul>\n","protected":false},"excerpt":{"rendered":"<p>TFT-Arm FCS Cross mit Querstange, mit dem Sie Ihren Bildschirm bzw. Ihre Bildschirme ganz einfach aufh\u00e4ngen k\u00f6nnen. Wirtschaftlich und daher einzigartig preiswert. Ideal f\u00fcr jedes Heimb\u00fcro oder jeden Arbeitsplatz, bei dem wirtschaftliche Vorteile der entscheidende Faktor sind.  <\/p>\n","protected":false},"featured_media":24440,"comment_status":"closed","ping_status":"closed","template":"","meta":{"_acf_changed":false},"product_brand":[],"product_cat":[3131,2415,2140],"product_tag":[2619,3141,3611,2620,3142,3612,2621,3143,3613,2632,3144,3614,2636,3145,3615,2707,3168,3616,2902,3528,2903,3530,3133,3532,3134,3599,3135,3601,3136,3603,2145,3137,3605,2157,3138,3607,2285,3139,3608,2469,3140,3610],"class_list":{"0":"post-27980","1":"product","2":"type-product","3":"status-publish","4":"has-post-thumbnail","6":"product_cat-monitor-arme","7":"product_cat-schreibtisch-tischzubehor","8":"product_cat-schnelle-lieferung","9":"product_tag-buro-de","10":"product_tag-querstange","11":"product_tag-geeignet-fur-einen-oder-zwei-monitore","12":"product_tag-kabelmanagement-de","13":"product_tag-arm-ueberwachen","14":"product_tag-schnellspanner","15":"product_tag-metall","16":"product_tag-drehbar","17":"product_tag-tft-arm-fcs-kreuz","18":"product_tag-kippen","19":"product_tag-tft-de","20":"product_tag-stufenlos","21":"product_tag-arbeitsplatz","22":"product_tag-vesa-de","23":"product_tag-stufenlos-einstellbar","24":"product_tag-ergonomisch-de","25":"product_tag-erschwinglich","26":"product_tag-vesa-kopf","27":"product_tag-hoehenverstellbar","28":"product_tag-blatttulle","29":"product_tag-buero","30":"product_tag-maximal-16-kg","31":"product_tag-zubehoer","32":"product_tag-maximale-belastbarkeit-8-kg-pro-bildschirm","33":"product_tag-desktop-de-2","34":"product_tag-platzsparend","35":"product_tag-bauwesen","36":"product_tag-um-180-drehbarer-befestigungspunkt","37":"product_tag-eingebaut","38":"product_tag-360-drehbar","39":"product_tag-schwarz","40":"product_tag-2-bildschirme","41":"product_tag-um-90-schwenkbarer-vesa-montagepunkt","42":"product_tag-modern-de","43":"product_tag-27-zoll","44":"product_tag-diebstahlsicherung","45":"product_tag-buro","46":"product_tag-arm-de","47":"product_tag-anti-diebstahl-schloss","48":"product_tag-zubehor","49":"product_tag-blattklammer","50":"product_tag-drehknopf-fur-einfache-hoheneinstellung","52":"first","53":"instock","54":"purchasable","55":"product-type-variable"},"acf":{"downloads":[{"label":"","bestand":26954,"toegankelijkheid":"resellers"},{"label":"","bestand":26956,"toegankelijkheid":"resellers"}]},"yoast_head":"<!-- This site is optimized with the Yoast SEO plugin v26.7 - https:\/\/yoast.com\/wordpress\/plugins\/seo\/ -->\n<title>TFT-Arm FCS Kreuz - Schaffenburg<\/title>\n<meta name=\"robots\" content=\"index, follow, max-snippet:-1, max-image-preview:large, max-video-preview:-1\" \/>\n<link rel=\"canonical\" href=\"https:\/\/portal.schaffenburg.nl\/de\/produkt\/tft-arm-fcs-kreuz\/\" \/>\n<meta property=\"og:locale\" content=\"de_DE\" \/>\n<meta property=\"og:type\" content=\"article\" \/>\n<meta property=\"og:title\" content=\"TFT-Arm FCS Kreuz - Schaffenburg\" \/>\n<meta property=\"og:description\" content=\"TFT-Arm FCS Cross mit Querstange, mit dem Sie Ihren Bildschirm bzw. Ihre Bildschirme ganz einfach aufh\u00e4ngen k\u00f6nnen. Wirtschaftlich und daher einzigartig preiswert. Ideal f\u00fcr jedes Heimb\u00fcro oder jeden Arbeitsplatz, bei dem wirtschaftliche Vorteile der entscheidende Faktor sind.\" \/>\n<meta property=\"og:url\" content=\"https:\/\/portal.schaffenburg.nl\/de\/produkt\/tft-arm-fcs-kreuz\/\" \/>\n<meta property=\"og:site_name\" content=\"Schaffenburg\" \/>\n<meta property=\"article:modified_time\" content=\"2023-02-28T10:13:07+00:00\" \/>\n<meta property=\"og:image\" content=\"https:\/\/portal.schaffenburg.nl\/wp-content\/uploads\/2024\/09\/TFT-FCS-CROSS-Z_01.jpg?wsr\" \/>\n\t<meta property=\"og:image:width\" content=\"800\" \/>\n\t<meta property=\"og:image:height\" content=\"533\" \/>\n\t<meta property=\"og:image:type\" content=\"image\/jpeg\" \/>\n<meta name=\"twitter:card\" content=\"summary_large_image\" \/>\n<meta name=\"twitter:label1\" content=\"Gesch\u00e4tzte Lesezeit\" \/>\n\t<meta name=\"twitter:data1\" content=\"2\u00a0Minuten\" \/>\n<script type=\"application\/ld+json\" class=\"yoast-schema-graph\">{\"@context\":\"https:\/\/schema.org\",\"@graph\":[{\"@type\":\"WebPage\",\"@id\":\"https:\/\/portal.schaffenburg.nl\/de\/produkt\/tft-arm-fcs-kreuz\/\",\"url\":\"https:\/\/portal.schaffenburg.nl\/de\/produkt\/tft-arm-fcs-kreuz\/\",\"name\":\"TFT-Arm FCS Kreuz - Schaffenburg\",\"isPartOf\":{\"@id\":\"https:\/\/portal.schaffenburg.nl\/de\/#website\"},\"primaryImageOfPage\":{\"@id\":\"https:\/\/portal.schaffenburg.nl\/de\/produkt\/tft-arm-fcs-kreuz\/#primaryimage\"},\"image\":{\"@id\":\"https:\/\/portal.schaffenburg.nl\/de\/produkt\/tft-arm-fcs-kreuz\/#primaryimage\"},\"thumbnailUrl\":\"https:\/\/portal.schaffenburg.nl\/wp-content\/uploads\/2024\/09\/TFT-FCS-CROSS-Z_01.jpg?wsr\",\"datePublished\":\"2023-02-28T08:13:07+00:00\",\"dateModified\":\"2023-02-28T10:13:07+00:00\",\"breadcrumb\":{\"@id\":\"https:\/\/portal.schaffenburg.nl\/de\/produkt\/tft-arm-fcs-kreuz\/#breadcrumb\"},\"inLanguage\":\"de\",\"potentialAction\":[{\"@type\":\"ReadAction\",\"target\":[\"https:\/\/portal.schaffenburg.nl\/de\/produkt\/tft-arm-fcs-kreuz\/\"]}]},{\"@type\":\"ImageObject\",\"inLanguage\":\"de\",\"@id\":\"https:\/\/portal.schaffenburg.nl\/de\/produkt\/tft-arm-fcs-kreuz\/#primaryimage\",\"url\":\"https:\/\/portal.schaffenburg.nl\/wp-content\/uploads\/2024\/09\/TFT-FCS-CROSS-Z_01.jpg?wsr\",\"contentUrl\":\"https:\/\/portal.schaffenburg.nl\/wp-content\/uploads\/2024\/09\/TFT-FCS-CROSS-Z_01.jpg?wsr\",\"width\":800,\"height\":533,\"caption\":\"TFT-Arm FCS Kreuz\"},{\"@type\":\"BreadcrumbList\",\"@id\":\"https:\/\/portal.schaffenburg.nl\/de\/produkt\/tft-arm-fcs-kreuz\/#breadcrumb\",\"itemListElement\":[{\"@type\":\"ListItem\",\"position\":1,\"name\":\"Home\",\"item\":\"https:\/\/portal.schaffenburg.nl\/de\/\"},{\"@type\":\"ListItem\",\"position\":2,\"name\":\"TFT-Arm FCS Kreuz\"}]},{\"@type\":\"WebSite\",\"@id\":\"https:\/\/portal.schaffenburg.nl\/de\/#website\",\"url\":\"https:\/\/portal.schaffenburg.nl\/de\/\",\"name\":\"Schaffenburg\",\"description\":\"\",\"potentialAction\":[{\"@type\":\"SearchAction\",\"target\":{\"@type\":\"EntryPoint\",\"urlTemplate\":\"https:\/\/portal.schaffenburg.nl\/de\/?s={search_term_string}\"},\"query-input\":{\"@type\":\"PropertyValueSpecification\",\"valueRequired\":true,\"valueName\":\"search_term_string\"}}],\"inLanguage\":\"de\"}]}<\/script>\n<!-- \/ Yoast SEO plugin. -->","yoast_head_json":{"title":"TFT-Arm FCS Kreuz - Schaffenburg","robots":{"index":"index","follow":"follow","max-snippet":"max-snippet:-1","max-image-preview":"max-image-preview:large","max-video-preview":"max-video-preview:-1"},"canonical":"https:\/\/portal.schaffenburg.nl\/de\/produkt\/tft-arm-fcs-kreuz\/","og_locale":"de_DE","og_type":"article","og_title":"TFT-Arm FCS Kreuz - Schaffenburg","og_description":"TFT-Arm FCS Cross mit Querstange, mit dem Sie Ihren Bildschirm bzw. Ihre Bildschirme ganz einfach aufh\u00e4ngen k\u00f6nnen. Wirtschaftlich und daher einzigartig preiswert. Ideal f\u00fcr jedes Heimb\u00fcro oder jeden Arbeitsplatz, bei dem wirtschaftliche Vorteile der entscheidende Faktor sind.","og_url":"https:\/\/portal.schaffenburg.nl\/de\/produkt\/tft-arm-fcs-kreuz\/","og_site_name":"Schaffenburg","article_modified_time":"2023-02-28T10:13:07+00:00","og_image":[{"width":800,"height":533,"url":"https:\/\/portal.schaffenburg.nl\/wp-content\/uploads\/2024\/09\/TFT-FCS-CROSS-Z_01.jpg?wsr","type":"image\/jpeg"}],"twitter_card":"summary_large_image","twitter_misc":{"Gesch\u00e4tzte Lesezeit":"2\u00a0Minuten"},"schema":{"@context":"https:\/\/schema.org","@graph":[{"@type":"WebPage","@id":"https:\/\/portal.schaffenburg.nl\/de\/produkt\/tft-arm-fcs-kreuz\/","url":"https:\/\/portal.schaffenburg.nl\/de\/produkt\/tft-arm-fcs-kreuz\/","name":"TFT-Arm FCS Kreuz - Schaffenburg","isPartOf":{"@id":"https:\/\/portal.schaffenburg.nl\/de\/#website"},"primaryImageOfPage":{"@id":"https:\/\/portal.schaffenburg.nl\/de\/produkt\/tft-arm-fcs-kreuz\/#primaryimage"},"image":{"@id":"https:\/\/portal.schaffenburg.nl\/de\/produkt\/tft-arm-fcs-kreuz\/#primaryimage"},"thumbnailUrl":"https:\/\/portal.schaffenburg.nl\/wp-content\/uploads\/2024\/09\/TFT-FCS-CROSS-Z_01.jpg?wsr","datePublished":"2023-02-28T08:13:07+00:00","dateModified":"2023-02-28T10:13:07+00:00","breadcrumb":{"@id":"https:\/\/portal.schaffenburg.nl\/de\/produkt\/tft-arm-fcs-kreuz\/#breadcrumb"},"inLanguage":"de","potentialAction":[{"@type":"ReadAction","target":["https:\/\/portal.schaffenburg.nl\/de\/produkt\/tft-arm-fcs-kreuz\/"]}]},{"@type":"ImageObject","inLanguage":"de","@id":"https:\/\/portal.schaffenburg.nl\/de\/produkt\/tft-arm-fcs-kreuz\/#primaryimage","url":"https:\/\/portal.schaffenburg.nl\/wp-content\/uploads\/2024\/09\/TFT-FCS-CROSS-Z_01.jpg?wsr","contentUrl":"https:\/\/portal.schaffenburg.nl\/wp-content\/uploads\/2024\/09\/TFT-FCS-CROSS-Z_01.jpg?wsr","width":800,"height":533,"caption":"TFT-Arm FCS Kreuz"},{"@type":"BreadcrumbList","@id":"https:\/\/portal.schaffenburg.nl\/de\/produkt\/tft-arm-fcs-kreuz\/#breadcrumb","itemListElement":[{"@type":"ListItem","position":1,"name":"Home","item":"https:\/\/portal.schaffenburg.nl\/de\/"},{"@type":"ListItem","position":2,"name":"TFT-Arm FCS Kreuz"}]},{"@type":"WebSite","@id":"https:\/\/portal.schaffenburg.nl\/de\/#website","url":"https:\/\/portal.schaffenburg.nl\/de\/","name":"Schaffenburg","description":"","potentialAction":[{"@type":"SearchAction","target":{"@type":"EntryPoint","urlTemplate":"https:\/\/portal.schaffenburg.nl\/de\/?s={search_term_string}"},"query-input":{"@type":"PropertyValueSpecification","valueRequired":true,"valueName":"search_term_string"}}],"inLanguage":"de"}]}},"_links":{"self":[{"href":"https:\/\/portal.schaffenburg.nl\/de\/wp-json\/wp\/v2\/product\/27980","targetHints":{"allow":["GET"]}}],"collection":[{"href":"https:\/\/portal.schaffenburg.nl\/de\/wp-json\/wp\/v2\/product"}],"about":[{"href":"https:\/\/portal.schaffenburg.nl\/de\/wp-json\/wp\/v2\/types\/product"}],"replies":[{"embeddable":true,"href":"https:\/\/portal.schaffenburg.nl\/de\/wp-json\/wp\/v2\/comments?post=27980"}],"wp:featuredmedia":[{"embeddable":true,"href":"https:\/\/portal.schaffenburg.nl\/de\/wp-json\/wp\/v2\/media\/24440"}],"wp:attachment":[{"href":"https:\/\/portal.schaffenburg.nl\/de\/wp-json\/wp\/v2\/media?parent=27980"}],"wp:term":[{"taxonomy":"product_brand","embeddable":true,"href":"https:\/\/portal.schaffenburg.nl\/de\/wp-json\/wp\/v2\/product_brand?post=27980"},{"taxonomy":"product_cat","embeddable":true,"href":"https:\/\/portal.schaffenburg.nl\/de\/wp-json\/wp\/v2\/product_cat?post=27980"},{"taxonomy":"product_tag","embeddable":true,"href":"https:\/\/portal.schaffenburg.nl\/de\/wp-json\/wp\/v2\/product_tag?post=27980"}],"curies":[{"name":"wp","href":"https:\/\/api.w.org\/{rel}","templated":true}]}}