{"id":28010,"date":"2023-04-04T10:20:43","date_gmt":"2023-04-04T08:20:43","guid":{"rendered":"https:\/\/staging-schaffenburg.nl\/product\/dextro-duo-set-kabelrinne-und-wandklemmen\/"},"modified":"2023-04-04T10:20:43","modified_gmt":"2023-04-04T10:20:43","slug":"dextro-duo-set-kabelrinne-und-wandklemmen","status":"publish","type":"product","link":"https:\/\/portal.schaffenburg.nl\/de\/produkt\/dextro-duo-set-kabelrinne-und-wandklemmen\/","title":{"rendered":"Dextro Duo Set (Kabelrinne und Wandklemmen)"},"content":{"rendered":"<div class=\"flex-1 overflow-hidden\">\n<div class=\"react-scroll-to-bottom--css-reybs-79elbk h-full dark:bg-gray-800\">\n<div class=\"react-scroll-to-bottom--css-reybs-1n7m0yu\">\n<div class=\"flex flex-col items-center text-sm dark:bg-gray-800\">\n<div class=\"group w-full text-gray-800 dark:text-gray-100 border-b border-black\/10 dark:border-gray-900\/50 bg-gray-50 dark:bg-[#444654]\">\n<div class=\"text-base gap-4 md:gap-6 md:max-w-2xl lg:max-w-xl xl:max-w-3xl p-4 md:py-6 flex lg:px-0 m-auto\">\n<div class=\"relative flex w-[calc(100%-50px)] flex-col gap-1 md:gap-3 lg:w-[calc(100%-115px)]\">\n<div class=\"flex flex-grow flex-col gap-3\">\n<div class=\"min-h-[20px] flex flex-col items-start gap-4 whitespace-pre-wrap\">\n<div class=\"markdown prose w-full break-words dark:prose-invert light\">\nDas Kabeltr\u00e4gerset kann einfach auf die Mitteltr\u00e4ger des Dextro Slinger Duo oder Dextro Plus Duo gestellt werden. Das Set bietet nicht nur Platz f\u00fcr Kabel, sondern auch f\u00fcr Steckdosen und Dockingstationen, was zu mehr Arbeitsfl\u00e4che und effizienterem Arbeiten f\u00fchrt. Au\u00dferdem ist das Set mit Wandklemmen f\u00fcr die Befestigung an einer Akustikwand ausgestattet. Erh\u00e4ltlich in Aluminium, Wei\u00df und Schwarz.   \nDas Set l\u00e4sst sich leicht auf dem <a href=\"https:\/\/www.schaffenburg.nl\/shop\/snellever\/bureaus-snellever\/bureaus-zit-sta-snellever\/dextro-slinger-duo-bureaus\/\">Dextro Slinger Duo<\/a> und dem <a href=\"https:\/\/www.schaffenburg.nl\/shop\/snellever\/bureaus-snellever\/bureaus-zit-sta-snellever\/dextro-plus-duo-elektrische-zit-sta-bureaus\/\">Dextro Plus Duo<\/a> anbringen und verleiht dem Ganzen einen stromlinienf\u00f6rmigen Look. Sie haben die Wahl zwischen Wei\u00df, Schwarz und Aluminium, die perfekt zu den verf\u00fcgbaren Rahmenfarben des <a href=\"https:\/\/www.schaffenburg.nl\/shop\/snellever\/bureaus-snellever\/bureaus-zit-sta-snellever\/dextro-slinger-duo-bureaus\/\">Dextro Slinger Duo <\/a>und des <a href=\"https:\/\/www.schaffenburg.nl\/shop\/snellever\/bureaus-snellever\/bureaus-zit-sta-snellever\/dextro-plus-duo-elektrische-zit-sta-bureaus\/\">Dextro Plus Duo<\/a> passen. Dies sorgt f\u00fcr ein einheitliches Erscheinungsbild der Arbeitspl\u00e4tze und vermittelt einen professionellen Eindruck.  \nDieses Set spart nicht nur Zeit und Platz, sondern erh\u00f6ht auch die Produktivit\u00e4t. Sie m\u00fcssen nicht mehr nach Kabeln suchen und Ihr Arbeitsplatz sieht immer ordentlich und aufger\u00e4umt aus. So k\u00f6nnen Sie sich auf Ihre Arbeit konzentrieren und in k\u00fcrzerer Zeit mehr erledigen.  \nKurz gesagt, das Dextro Duo Set ist eine kluge Investition f\u00fcr Arbeitspl\u00e4tze. Das Set bietet nicht nur praktische Vorteile, sondern auch einen stilvollen Look, der zu einem professionellen Arbeitsumfeld beitr\u00e4gt. Bestellen Sie jetzt und genie\u00dfen Sie einen organisierten und effizienten Arbeitstag!  \n<\/div>\n<\/div>\n<\/div>\n<\/div>\n<\/div>\n<\/div>\n<\/div>\n<\/div>\n<\/div>\n<\/div>\n<h6>Eigenschaften<\/h6>\n<ul>\n<li>Material: Metall<\/li>\n<li>Farben: Wei\u00df, Schwarz oder Aluminium<\/li>\n<\/ul>\n","protected":false},"excerpt":{"rendered":"<p>Die Dextro Duo Kabelwanne sorgt f\u00fcr einen organisierten und rationellen Arbeitsplatz. Stellen Sie das Set einfach auf die Mitteltr\u00e4ger des Dextro Slinger Duo oder Dextro Plus Duo und w\u00e4hlen Sie zwischen den Farben Wei\u00df, Schwarz oder Aluminium. <\/p>\n","protected":false},"featured_media":26540,"comment_status":"closed","ping_status":"closed","template":"","meta":{"_acf_changed":false},"product_brand":[],"product_cat":[2415,2140,3723,2616],"product_tag":[2424,2927,3736,2427,3329,3737,2441,3384,3738,2584,3498,3739,2620,3599,3740,2621,3681,3742,2627,3694,3744,2707,3724,3746,2143,2713,3726,3748,2145,2720,3728,3750,2148,2721,3730,3751,2150,2723,3731,3754,2151,2781,3732,3756,2157,2789,3733,3758,2158,2892,3734,3760,2164,2909,3735],"class_list":{"0":"post-28010","1":"product","2":"type-product","3":"status-publish","4":"has-post-thumbnail","6":"product_cat-schreibtisch-tischzubehor","7":"product_cat-schnelle-lieferung","8":"product_cat-partitionen","9":"product_cat-kabelfuhrung","10":"product_tag-aluminium-de","11":"product_tag-dextro-slinger-duo-de","12":"product_tag-steckdosen","13":"product_tag-weis","14":"product_tag-zubehor-fur-den-schreibtisch-de","15":"product_tag-dextro-duo-satz","16":"product_tag-organisierter-arbeitsplatz","17":"product_tag-burogestaltung","18":"product_tag-docking-stationen","19":"product_tag-anpassbar","20":"product_tag-organisation-am-arbeitsplatz","21":"product_tag-nachhaltige-mobel","22":"product_tag-kabelmanagement-de","23":"product_tag-platzsparend","24":"product_tag-ergonomische-mobel","25":"product_tag-metall","26":"product_tag-von-zu-hause-aus-arbeiten-de","27":"product_tag-ergonomisches-arbeiten-von-zu-hause-aus","28":"product_tag-kabelbox","29":"product_tag-leicht-zu-installieren","30":"product_tag-organisiertes-arbeiten-von-zu-hause-aus","31":"product_tag-ergonomisch-de","32":"product_tag-plus-de","33":"product_tag-buromobel-de","34":"product_tag-nachhaltig","35":"product_tag-minimalistisch-de","36":"product_tag-garland","37":"product_tag-burotrends","38":"product_tag-schwarz","39":"product_tag-flexibel-de","40":"product_tag-duo-de","41":"product_tag-mittelbalken","42":"product_tag-entwurf","43":"product_tag-interieur-de","44":"product_tag-effizient-arbeiten","45":"product_tag-gepflegtes-erscheinungsbild","46":"product_tag-funktional","47":"product_tag-buromobel","48":"product_tag-gestrafft","49":"product_tag-online-heimburo","50":"product_tag-professionell","51":"product_tag-hohe-qualitat","52":"product_tag-burogestaltung-de","53":"product_tag-anbaumauer","54":"product_tag-modern-de","55":"product_tag-komfortables-arbeiten","56":"product_tag-akustik-trennwand","57":"product_tag-produktivitat-steigern","58":"product_tag-stilvoll","59":"product_tag-dextro-de","60":"product_tag-geschaftsausstattung","61":"product_tag-geschaftsausstattung-de","62":"product_tag-praktisch-de","63":"product_tag-dextro-plus-duo-de","64":"product_tag-firmensitz","66":"first","67":"instock","68":"shipping-taxable","69":"purchasable","70":"product-type-variable"},"acf":{"downloads":null},"yoast_head":"<!-- This site is optimized with the Yoast SEO plugin v26.7 - https:\/\/yoast.com\/wordpress\/plugins\/seo\/ -->\n<title>Dextro Duo Set (Kabelrinne und Wandklemmen) - Schaffenburg<\/title>\n<meta name=\"robots\" content=\"index, follow, max-snippet:-1, max-image-preview:large, max-video-preview:-1\" \/>\n<link rel=\"canonical\" href=\"https:\/\/portal.schaffenburg.nl\/de\/produkt\/dextro-duo-set-kabelrinne-und-wandklemmen\/\" \/>\n<meta property=\"og:locale\" content=\"de_DE\" \/>\n<meta property=\"og:type\" content=\"article\" \/>\n<meta property=\"og:title\" content=\"Dextro Duo Set (Kabelrinne und Wandklemmen) - Schaffenburg\" \/>\n<meta property=\"og:description\" content=\"Die Dextro Duo Kabelwanne sorgt f\u00fcr einen organisierten und rationellen Arbeitsplatz. Stellen Sie das Set einfach auf die Mitteltr\u00e4ger des Dextro Slinger Duo oder Dextro Plus Duo und w\u00e4hlen Sie zwischen den Farben Wei\u00df, Schwarz oder Aluminium.\" \/>\n<meta property=\"og:url\" content=\"https:\/\/portal.schaffenburg.nl\/de\/produkt\/dextro-duo-set-kabelrinne-und-wandklemmen\/\" \/>\n<meta property=\"og:site_name\" content=\"Schaffenburg\" \/>\n<meta property=\"article:modified_time\" content=\"2023-04-04T10:20:43+00:00\" \/>\n<meta property=\"og:image\" content=\"https:\/\/portal.schaffenburg.nl\/wp-content\/uploads\/2023\/04\/DEX-DUO-SET-A_001.jpg?wsr\" \/>\n\t<meta property=\"og:image:width\" content=\"800\" \/>\n\t<meta property=\"og:image:height\" content=\"539\" \/>\n\t<meta property=\"og:image:type\" content=\"image\/jpeg\" \/>\n<meta name=\"twitter:card\" content=\"summary_large_image\" \/>\n<meta name=\"twitter:label1\" content=\"Gesch\u00e4tzte Lesezeit\" \/>\n\t<meta name=\"twitter:data1\" content=\"1\u00a0Minute\" \/>\n<script type=\"application\/ld+json\" class=\"yoast-schema-graph\">{\"@context\":\"https:\/\/schema.org\",\"@graph\":[{\"@type\":\"WebPage\",\"@id\":\"https:\/\/portal.schaffenburg.nl\/de\/produkt\/dextro-duo-set-kabelrinne-und-wandklemmen\/\",\"url\":\"https:\/\/portal.schaffenburg.nl\/de\/produkt\/dextro-duo-set-kabelrinne-und-wandklemmen\/\",\"name\":\"Dextro Duo Set (Kabelrinne und Wandklemmen) - Schaffenburg\",\"isPartOf\":{\"@id\":\"https:\/\/portal.schaffenburg.nl\/de\/#website\"},\"primaryImageOfPage\":{\"@id\":\"https:\/\/portal.schaffenburg.nl\/de\/produkt\/dextro-duo-set-kabelrinne-und-wandklemmen\/#primaryimage\"},\"image\":{\"@id\":\"https:\/\/portal.schaffenburg.nl\/de\/produkt\/dextro-duo-set-kabelrinne-und-wandklemmen\/#primaryimage\"},\"thumbnailUrl\":\"https:\/\/portal.schaffenburg.nl\/wp-content\/uploads\/2023\/04\/DEX-DUO-SET-A_001.jpg?wsr\",\"datePublished\":\"2023-04-04T08:20:43+00:00\",\"dateModified\":\"2023-04-04T10:20:43+00:00\",\"breadcrumb\":{\"@id\":\"https:\/\/portal.schaffenburg.nl\/de\/produkt\/dextro-duo-set-kabelrinne-und-wandklemmen\/#breadcrumb\"},\"inLanguage\":\"de\",\"potentialAction\":[{\"@type\":\"ReadAction\",\"target\":[\"https:\/\/portal.schaffenburg.nl\/de\/produkt\/dextro-duo-set-kabelrinne-und-wandklemmen\/\"]}]},{\"@type\":\"ImageObject\",\"inLanguage\":\"de\",\"@id\":\"https:\/\/portal.schaffenburg.nl\/de\/produkt\/dextro-duo-set-kabelrinne-und-wandklemmen\/#primaryimage\",\"url\":\"https:\/\/portal.schaffenburg.nl\/wp-content\/uploads\/2023\/04\/DEX-DUO-SET-A_001.jpg?wsr\",\"contentUrl\":\"https:\/\/portal.schaffenburg.nl\/wp-content\/uploads\/2023\/04\/DEX-DUO-SET-A_001.jpg?wsr\",\"width\":800,\"height\":539},{\"@type\":\"BreadcrumbList\",\"@id\":\"https:\/\/portal.schaffenburg.nl\/de\/produkt\/dextro-duo-set-kabelrinne-und-wandklemmen\/#breadcrumb\",\"itemListElement\":[{\"@type\":\"ListItem\",\"position\":1,\"name\":\"Home\",\"item\":\"https:\/\/portal.schaffenburg.nl\/de\/\"},{\"@type\":\"ListItem\",\"position\":2,\"name\":\"Dextro Duo Set (Kabelrinne und Wandklemmen)\"}]},{\"@type\":\"WebSite\",\"@id\":\"https:\/\/portal.schaffenburg.nl\/de\/#website\",\"url\":\"https:\/\/portal.schaffenburg.nl\/de\/\",\"name\":\"Schaffenburg\",\"description\":\"\",\"potentialAction\":[{\"@type\":\"SearchAction\",\"target\":{\"@type\":\"EntryPoint\",\"urlTemplate\":\"https:\/\/portal.schaffenburg.nl\/de\/?s={search_term_string}\"},\"query-input\":{\"@type\":\"PropertyValueSpecification\",\"valueRequired\":true,\"valueName\":\"search_term_string\"}}],\"inLanguage\":\"de\"}]}<\/script>\n<!-- \/ Yoast SEO plugin. -->","yoast_head_json":{"title":"Dextro Duo Set (Kabelrinne und Wandklemmen) - Schaffenburg","robots":{"index":"index","follow":"follow","max-snippet":"max-snippet:-1","max-image-preview":"max-image-preview:large","max-video-preview":"max-video-preview:-1"},"canonical":"https:\/\/portal.schaffenburg.nl\/de\/produkt\/dextro-duo-set-kabelrinne-und-wandklemmen\/","og_locale":"de_DE","og_type":"article","og_title":"Dextro Duo Set (Kabelrinne und Wandklemmen) - Schaffenburg","og_description":"Die Dextro Duo Kabelwanne sorgt f\u00fcr einen organisierten und rationellen Arbeitsplatz. Stellen Sie das Set einfach auf die Mitteltr\u00e4ger des Dextro Slinger Duo oder Dextro Plus Duo und w\u00e4hlen Sie zwischen den Farben Wei\u00df, Schwarz oder Aluminium.","og_url":"https:\/\/portal.schaffenburg.nl\/de\/produkt\/dextro-duo-set-kabelrinne-und-wandklemmen\/","og_site_name":"Schaffenburg","article_modified_time":"2023-04-04T10:20:43+00:00","og_image":[{"width":800,"height":539,"url":"https:\/\/portal.schaffenburg.nl\/wp-content\/uploads\/2023\/04\/DEX-DUO-SET-A_001.jpg?wsr","type":"image\/jpeg"}],"twitter_card":"summary_large_image","twitter_misc":{"Gesch\u00e4tzte Lesezeit":"1\u00a0Minute"},"schema":{"@context":"https:\/\/schema.org","@graph":[{"@type":"WebPage","@id":"https:\/\/portal.schaffenburg.nl\/de\/produkt\/dextro-duo-set-kabelrinne-und-wandklemmen\/","url":"https:\/\/portal.schaffenburg.nl\/de\/produkt\/dextro-duo-set-kabelrinne-und-wandklemmen\/","name":"Dextro Duo Set (Kabelrinne und Wandklemmen) - Schaffenburg","isPartOf":{"@id":"https:\/\/portal.schaffenburg.nl\/de\/#website"},"primaryImageOfPage":{"@id":"https:\/\/portal.schaffenburg.nl\/de\/produkt\/dextro-duo-set-kabelrinne-und-wandklemmen\/#primaryimage"},"image":{"@id":"https:\/\/portal.schaffenburg.nl\/de\/produkt\/dextro-duo-set-kabelrinne-und-wandklemmen\/#primaryimage"},"thumbnailUrl":"https:\/\/portal.schaffenburg.nl\/wp-content\/uploads\/2023\/04\/DEX-DUO-SET-A_001.jpg?wsr","datePublished":"2023-04-04T08:20:43+00:00","dateModified":"2023-04-04T10:20:43+00:00","breadcrumb":{"@id":"https:\/\/portal.schaffenburg.nl\/de\/produkt\/dextro-duo-set-kabelrinne-und-wandklemmen\/#breadcrumb"},"inLanguage":"de","potentialAction":[{"@type":"ReadAction","target":["https:\/\/portal.schaffenburg.nl\/de\/produkt\/dextro-duo-set-kabelrinne-und-wandklemmen\/"]}]},{"@type":"ImageObject","inLanguage":"de","@id":"https:\/\/portal.schaffenburg.nl\/de\/produkt\/dextro-duo-set-kabelrinne-und-wandklemmen\/#primaryimage","url":"https:\/\/portal.schaffenburg.nl\/wp-content\/uploads\/2023\/04\/DEX-DUO-SET-A_001.jpg?wsr","contentUrl":"https:\/\/portal.schaffenburg.nl\/wp-content\/uploads\/2023\/04\/DEX-DUO-SET-A_001.jpg?wsr","width":800,"height":539},{"@type":"BreadcrumbList","@id":"https:\/\/portal.schaffenburg.nl\/de\/produkt\/dextro-duo-set-kabelrinne-und-wandklemmen\/#breadcrumb","itemListElement":[{"@type":"ListItem","position":1,"name":"Home","item":"https:\/\/portal.schaffenburg.nl\/de\/"},{"@type":"ListItem","position":2,"name":"Dextro Duo Set (Kabelrinne und Wandklemmen)"}]},{"@type":"WebSite","@id":"https:\/\/portal.schaffenburg.nl\/de\/#website","url":"https:\/\/portal.schaffenburg.nl\/de\/","name":"Schaffenburg","description":"","potentialAction":[{"@type":"SearchAction","target":{"@type":"EntryPoint","urlTemplate":"https:\/\/portal.schaffenburg.nl\/de\/?s={search_term_string}"},"query-input":{"@type":"PropertyValueSpecification","valueRequired":true,"valueName":"search_term_string"}}],"inLanguage":"de"}]}},"_links":{"self":[{"href":"https:\/\/portal.schaffenburg.nl\/de\/wp-json\/wp\/v2\/product\/28010","targetHints":{"allow":["GET"]}}],"collection":[{"href":"https:\/\/portal.schaffenburg.nl\/de\/wp-json\/wp\/v2\/product"}],"about":[{"href":"https:\/\/portal.schaffenburg.nl\/de\/wp-json\/wp\/v2\/types\/product"}],"replies":[{"embeddable":true,"href":"https:\/\/portal.schaffenburg.nl\/de\/wp-json\/wp\/v2\/comments?post=28010"}],"wp:featuredmedia":[{"embeddable":true,"href":"https:\/\/portal.schaffenburg.nl\/de\/wp-json\/wp\/v2\/media\/26540"}],"wp:attachment":[{"href":"https:\/\/portal.schaffenburg.nl\/de\/wp-json\/wp\/v2\/media?parent=28010"}],"wp:term":[{"taxonomy":"product_brand","embeddable":true,"href":"https:\/\/portal.schaffenburg.nl\/de\/wp-json\/wp\/v2\/product_brand?post=28010"},{"taxonomy":"product_cat","embeddable":true,"href":"https:\/\/portal.schaffenburg.nl\/de\/wp-json\/wp\/v2\/product_cat?post=28010"},{"taxonomy":"product_tag","embeddable":true,"href":"https:\/\/portal.schaffenburg.nl\/de\/wp-json\/wp\/v2\/product_tag?post=28010"}],"curies":[{"name":"wp","href":"https:\/\/api.w.org\/{rel}","templated":true}]}}