{"id":28011,"date":"2023-03-31T12:04:04","date_gmt":"2023-03-31T10:04:04","guid":{"rendered":"https:\/\/staging-schaffenburg.nl\/product\/rollen-fuer-buerostuehle\/"},"modified":"2023-03-31T12:04:04","modified_gmt":"2023-03-31T12:04:04","slug":"rollen-fuer-buerostuehle","status":"publish","type":"product","link":"https:\/\/portal.schaffenburg.nl\/de\/produkt\/rollen-fuer-buerostuehle\/","title":{"rendered":"Rollen f\u00fcr B\u00fcrost\u00fchle"},"content":{"rendered":"Suchen Sie R\u00e4der f\u00fcr Ihren B\u00fcrostuhl? Dann suchen Sie nicht weiter! Unsere R\u00e4der f\u00fcr B\u00fcrost\u00fchle sind in zwei Gr\u00f6\u00dfen erh\u00e4ltlich: 5 cm und 6 cm Durchmesser. Jedes Set ist in einem Blister verpackt und enth\u00e4lt f\u00fcnf R\u00e4der mit zwei Stiften von 10 mm und 11 mm Dicke, so dass Sie sie leicht an Ihrem B\u00fcrostuhl befestigen k\u00f6nnen.   \nUnsere Rollen passen auf alle Arten von B\u00fcrost\u00fchlen. Wir bieten zwei verschiedene Sets an, je nach Art Ihres Bodens. F\u00fcr harte B\u00f6den haben wir weiche Rollen mit einem Durchmesser von 5 und 6 cm im Angebot. Diese Rollen sind ideal f\u00fcr Personen, die sich h\u00e4ufig auf harten B\u00f6den bewegen, da sie den Boden nicht besch\u00e4digen und zudem ger\u00e4uscharm sind.   \nWenn Sie hingegen einen weichen Boden haben, sind unsere harten Rollen die perfekte L\u00f6sung f\u00fcr Sie. Sie sind ebenfalls in 5 und 6 cm Durchmesser erh\u00e4ltlich. Diese Rollen sind langlebig und machen es einfach, Ihren B\u00fcrostuhl \u00fcber den Teppich zu rollen.  \nUnsere Rollen f\u00fcr B\u00fcrost\u00fchle sind von hoher Qualit\u00e4t und f\u00fcr eine lange Lebensdauer ausgelegt. Au\u00dferdem sind sie einfach zu installieren und im Handumdrehen auszutauschen. Egal, ob Sie einen neuen Satz Rollen f\u00fcr Ihren B\u00fcrostuhl zu Hause oder im B\u00fcro ben\u00f6tigen, wir haben die richtigen Rollen f\u00fcr Sie. Bestellen Sie sie noch heute und erleben Sie den Komfort einer sanften und ger\u00e4uschlosen Fahrt auf Ihrem B\u00fcrostuhl!   \n<h6>Eigenschaften<\/h6>\n<ul>\n<li>R\u00e4der mit 5 und 6 cm Durchmesser<\/li>\n<li>Verpackt zu je 5 St\u00fcck im Blister und mit 2 Stiften mit einer Dicke von 10 mm und 11 mm versehen<\/li>\n<li>Passt auf alle B\u00fcrost\u00fchle!<\/li>\n<\/ul>\n","protected":false},"excerpt":{"rendered":"<p>Unsere B\u00fcrostuhlrollen sind mit einem Durchmesser von 5 und 6 cm erh\u00e4ltlich, pro 5 St\u00fcck im Blister verpackt und passen auf alle B\u00fcrost\u00fchle. Erh\u00e4ltlich in weicher oder harter Ausf\u00fchrung f\u00fcr harte bzw. weiche B\u00f6den. Einfach zu installieren und von hoher Qualit\u00e4t.  <\/p>\n","protected":false},"featured_media":24600,"comment_status":"closed","ping_status":"closed","template":"","meta":{"_acf_changed":false},"product_brand":[],"product_cat":[2140,3052],"product_tag":[2469,3752,3772,2618,3753,3773,2643,3755,3774,2707,3757,3775,2781,3759,3776,2787,3761,2142,2914,3762,2143,3057,3763,2151,3110,3764,2157,3128,3765,2158,3694,3766,2164,3741,3767,2285,3743,3768,2466,3745,3769,2467,3747,3770,2468,3749,3771],"class_list":{"0":"post-28011","1":"product","2":"type-product","3":"status-publish","4":"has-post-thumbnail","6":"product_cat-schnelle-lieferung","7":"product_cat-buerostuehle","8":"product_tag-zubehor","9":"product_tag-innovativ","10":"product_tag-verbesserte-bewegung","11":"product_tag-heimburo","12":"product_tag-ersatz","13":"product_tag-bodenschutz","14":"product_tag-flexibilitat","15":"product_tag-10-mm-de","16":"product_tag-preis-leistungs-verhaltnis","17":"product_tag-ergonomisch-de","18":"product_tag-11-mm-de","19":"product_tag-rad","20":"product_tag-hohe-qualitat","21":"product_tag-6-cm-de","22":"product_tag-weiche-rader","23":"product_tag-lange-lebensdauer","24":"product_tag-blisterpackung","25":"product_tag-komfort","26":"product_tag-stumm","27":"product_tag-rollen-fur-burostuhle","28":"product_tag-nachhaltig","29":"product_tag-harte-boeden","30":"product_tag-einfacher-ersatz","31":"product_tag-professionell","32":"product_tag-raeder","33":"product_tag-gerauscharm","34":"product_tag-modern-de","35":"product_tag-mobilitaet","36":"product_tag-billig","37":"product_tag-stilvoll","38":"product_tag-leicht-zu-installieren","39":"product_tag-harte-rader","40":"product_tag-praktisch-de","41":"product_tag-weiche-boden","42":"product_tag-geeignet-fur-alle-burostuhle","43":"product_tag-buro","44":"product_tag-zuverlassigkeit","45":"product_tag-satz-von-5","46":"product_tag-qualitat","47":"product_tag-wartung","48":"product_tag-sanfte-fahrt","49":"product_tag-produktivitat","50":"product_tag-5-cm-de","51":"product_tag-teppich","52":"product_tag-effizienz","53":"product_tag-industrie","54":"product_tag-universelle-passform","56":"first","57":"instock","58":"purchasable","59":"product-type-variable"},"acf":{"downloads":null},"yoast_head":"<!-- This site is optimized with the Yoast SEO plugin v26.7 - https:\/\/yoast.com\/wordpress\/plugins\/seo\/ -->\n<title>Rollen f\u00fcr B\u00fcrost\u00fchle - Schaffenburg<\/title>\n<meta name=\"robots\" content=\"index, follow, max-snippet:-1, max-image-preview:large, max-video-preview:-1\" \/>\n<link rel=\"canonical\" href=\"https:\/\/portal.schaffenburg.nl\/de\/produkt\/rollen-fuer-buerostuehle\/\" \/>\n<meta property=\"og:locale\" content=\"de_DE\" \/>\n<meta property=\"og:type\" content=\"article\" \/>\n<meta property=\"og:title\" content=\"Rollen f\u00fcr B\u00fcrost\u00fchle - Schaffenburg\" \/>\n<meta property=\"og:description\" content=\"Unsere B\u00fcrostuhlrollen sind mit einem Durchmesser von 5 und 6 cm erh\u00e4ltlich, pro 5 St\u00fcck im Blister verpackt und passen auf alle B\u00fcrost\u00fchle. Erh\u00e4ltlich in weicher oder harter Ausf\u00fchrung f\u00fcr harte bzw. weiche B\u00f6den. Einfach zu installieren und von hoher Qualit\u00e4t.\" \/>\n<meta property=\"og:url\" content=\"https:\/\/portal.schaffenburg.nl\/de\/produkt\/rollen-fuer-buerostuehle\/\" \/>\n<meta property=\"og:site_name\" content=\"Schaffenburg\" \/>\n<meta property=\"article:modified_time\" content=\"2023-03-31T12:04:04+00:00\" \/>\n<meta property=\"og:image\" content=\"https:\/\/portal.schaffenburg.nl\/wp-content\/uploads\/2024\/09\/Wielen.jpg?wsr\" \/>\n\t<meta property=\"og:image:width\" content=\"800\" \/>\n\t<meta property=\"og:image:height\" content=\"800\" \/>\n\t<meta property=\"og:image:type\" content=\"image\/jpeg\" \/>\n<meta name=\"twitter:card\" content=\"summary_large_image\" \/>\n<meta name=\"twitter:label1\" content=\"Gesch\u00e4tzte Lesezeit\" \/>\n\t<meta name=\"twitter:data1\" content=\"1\u00a0Minute\" \/>\n<script type=\"application\/ld+json\" class=\"yoast-schema-graph\">{\"@context\":\"https:\/\/schema.org\",\"@graph\":[{\"@type\":\"WebPage\",\"@id\":\"https:\/\/portal.schaffenburg.nl\/de\/produkt\/rollen-fuer-buerostuehle\/\",\"url\":\"https:\/\/portal.schaffenburg.nl\/de\/produkt\/rollen-fuer-buerostuehle\/\",\"name\":\"Rollen f\u00fcr B\u00fcrost\u00fchle - Schaffenburg\",\"isPartOf\":{\"@id\":\"https:\/\/portal.schaffenburg.nl\/de\/#website\"},\"primaryImageOfPage\":{\"@id\":\"https:\/\/portal.schaffenburg.nl\/de\/produkt\/rollen-fuer-buerostuehle\/#primaryimage\"},\"image\":{\"@id\":\"https:\/\/portal.schaffenburg.nl\/de\/produkt\/rollen-fuer-buerostuehle\/#primaryimage\"},\"thumbnailUrl\":\"https:\/\/portal.schaffenburg.nl\/wp-content\/uploads\/2024\/09\/Wielen.jpg?wsr\",\"datePublished\":\"2023-03-31T10:04:04+00:00\",\"dateModified\":\"2023-03-31T12:04:04+00:00\",\"breadcrumb\":{\"@id\":\"https:\/\/portal.schaffenburg.nl\/de\/produkt\/rollen-fuer-buerostuehle\/#breadcrumb\"},\"inLanguage\":\"de\",\"potentialAction\":[{\"@type\":\"ReadAction\",\"target\":[\"https:\/\/portal.schaffenburg.nl\/de\/produkt\/rollen-fuer-buerostuehle\/\"]}]},{\"@type\":\"ImageObject\",\"inLanguage\":\"de\",\"@id\":\"https:\/\/portal.schaffenburg.nl\/de\/produkt\/rollen-fuer-buerostuehle\/#primaryimage\",\"url\":\"https:\/\/portal.schaffenburg.nl\/wp-content\/uploads\/2024\/09\/Wielen.jpg?wsr\",\"contentUrl\":\"https:\/\/portal.schaffenburg.nl\/wp-content\/uploads\/2024\/09\/Wielen.jpg?wsr\",\"width\":800,\"height\":800,\"caption\":\"Rollen f\u00fcr B\u00fcrost\u00fchle\"},{\"@type\":\"BreadcrumbList\",\"@id\":\"https:\/\/portal.schaffenburg.nl\/de\/produkt\/rollen-fuer-buerostuehle\/#breadcrumb\",\"itemListElement\":[{\"@type\":\"ListItem\",\"position\":1,\"name\":\"Home\",\"item\":\"https:\/\/portal.schaffenburg.nl\/de\/\"},{\"@type\":\"ListItem\",\"position\":2,\"name\":\"Rollen f\u00fcr B\u00fcrost\u00fchle\"}]},{\"@type\":\"WebSite\",\"@id\":\"https:\/\/portal.schaffenburg.nl\/de\/#website\",\"url\":\"https:\/\/portal.schaffenburg.nl\/de\/\",\"name\":\"Schaffenburg\",\"description\":\"\",\"potentialAction\":[{\"@type\":\"SearchAction\",\"target\":{\"@type\":\"EntryPoint\",\"urlTemplate\":\"https:\/\/portal.schaffenburg.nl\/de\/?s={search_term_string}\"},\"query-input\":{\"@type\":\"PropertyValueSpecification\",\"valueRequired\":true,\"valueName\":\"search_term_string\"}}],\"inLanguage\":\"de\"}]}<\/script>\n<!-- \/ Yoast SEO plugin. -->","yoast_head_json":{"title":"Rollen f\u00fcr B\u00fcrost\u00fchle - Schaffenburg","robots":{"index":"index","follow":"follow","max-snippet":"max-snippet:-1","max-image-preview":"max-image-preview:large","max-video-preview":"max-video-preview:-1"},"canonical":"https:\/\/portal.schaffenburg.nl\/de\/produkt\/rollen-fuer-buerostuehle\/","og_locale":"de_DE","og_type":"article","og_title":"Rollen f\u00fcr B\u00fcrost\u00fchle - Schaffenburg","og_description":"Unsere B\u00fcrostuhlrollen sind mit einem Durchmesser von 5 und 6 cm erh\u00e4ltlich, pro 5 St\u00fcck im Blister verpackt und passen auf alle B\u00fcrost\u00fchle. Erh\u00e4ltlich in weicher oder harter Ausf\u00fchrung f\u00fcr harte bzw. weiche B\u00f6den. Einfach zu installieren und von hoher Qualit\u00e4t.","og_url":"https:\/\/portal.schaffenburg.nl\/de\/produkt\/rollen-fuer-buerostuehle\/","og_site_name":"Schaffenburg","article_modified_time":"2023-03-31T12:04:04+00:00","og_image":[{"width":800,"height":800,"url":"https:\/\/portal.schaffenburg.nl\/wp-content\/uploads\/2024\/09\/Wielen.jpg?wsr","type":"image\/jpeg"}],"twitter_card":"summary_large_image","twitter_misc":{"Gesch\u00e4tzte Lesezeit":"1\u00a0Minute"},"schema":{"@context":"https:\/\/schema.org","@graph":[{"@type":"WebPage","@id":"https:\/\/portal.schaffenburg.nl\/de\/produkt\/rollen-fuer-buerostuehle\/","url":"https:\/\/portal.schaffenburg.nl\/de\/produkt\/rollen-fuer-buerostuehle\/","name":"Rollen f\u00fcr B\u00fcrost\u00fchle - Schaffenburg","isPartOf":{"@id":"https:\/\/portal.schaffenburg.nl\/de\/#website"},"primaryImageOfPage":{"@id":"https:\/\/portal.schaffenburg.nl\/de\/produkt\/rollen-fuer-buerostuehle\/#primaryimage"},"image":{"@id":"https:\/\/portal.schaffenburg.nl\/de\/produkt\/rollen-fuer-buerostuehle\/#primaryimage"},"thumbnailUrl":"https:\/\/portal.schaffenburg.nl\/wp-content\/uploads\/2024\/09\/Wielen.jpg?wsr","datePublished":"2023-03-31T10:04:04+00:00","dateModified":"2023-03-31T12:04:04+00:00","breadcrumb":{"@id":"https:\/\/portal.schaffenburg.nl\/de\/produkt\/rollen-fuer-buerostuehle\/#breadcrumb"},"inLanguage":"de","potentialAction":[{"@type":"ReadAction","target":["https:\/\/portal.schaffenburg.nl\/de\/produkt\/rollen-fuer-buerostuehle\/"]}]},{"@type":"ImageObject","inLanguage":"de","@id":"https:\/\/portal.schaffenburg.nl\/de\/produkt\/rollen-fuer-buerostuehle\/#primaryimage","url":"https:\/\/portal.schaffenburg.nl\/wp-content\/uploads\/2024\/09\/Wielen.jpg?wsr","contentUrl":"https:\/\/portal.schaffenburg.nl\/wp-content\/uploads\/2024\/09\/Wielen.jpg?wsr","width":800,"height":800,"caption":"Rollen f\u00fcr B\u00fcrost\u00fchle"},{"@type":"BreadcrumbList","@id":"https:\/\/portal.schaffenburg.nl\/de\/produkt\/rollen-fuer-buerostuehle\/#breadcrumb","itemListElement":[{"@type":"ListItem","position":1,"name":"Home","item":"https:\/\/portal.schaffenburg.nl\/de\/"},{"@type":"ListItem","position":2,"name":"Rollen f\u00fcr B\u00fcrost\u00fchle"}]},{"@type":"WebSite","@id":"https:\/\/portal.schaffenburg.nl\/de\/#website","url":"https:\/\/portal.schaffenburg.nl\/de\/","name":"Schaffenburg","description":"","potentialAction":[{"@type":"SearchAction","target":{"@type":"EntryPoint","urlTemplate":"https:\/\/portal.schaffenburg.nl\/de\/?s={search_term_string}"},"query-input":{"@type":"PropertyValueSpecification","valueRequired":true,"valueName":"search_term_string"}}],"inLanguage":"de"}]}},"_links":{"self":[{"href":"https:\/\/portal.schaffenburg.nl\/de\/wp-json\/wp\/v2\/product\/28011","targetHints":{"allow":["GET"]}}],"collection":[{"href":"https:\/\/portal.schaffenburg.nl\/de\/wp-json\/wp\/v2\/product"}],"about":[{"href":"https:\/\/portal.schaffenburg.nl\/de\/wp-json\/wp\/v2\/types\/product"}],"replies":[{"embeddable":true,"href":"https:\/\/portal.schaffenburg.nl\/de\/wp-json\/wp\/v2\/comments?post=28011"}],"wp:featuredmedia":[{"embeddable":true,"href":"https:\/\/portal.schaffenburg.nl\/de\/wp-json\/wp\/v2\/media\/24600"}],"wp:attachment":[{"href":"https:\/\/portal.schaffenburg.nl\/de\/wp-json\/wp\/v2\/media?parent=28011"}],"wp:term":[{"taxonomy":"product_brand","embeddable":true,"href":"https:\/\/portal.schaffenburg.nl\/de\/wp-json\/wp\/v2\/product_brand?post=28011"},{"taxonomy":"product_cat","embeddable":true,"href":"https:\/\/portal.schaffenburg.nl\/de\/wp-json\/wp\/v2\/product_cat?post=28011"},{"taxonomy":"product_tag","embeddable":true,"href":"https:\/\/portal.schaffenburg.nl\/de\/wp-json\/wp\/v2\/product_tag?post=28011"}],"curies":[{"name":"wp","href":"https:\/\/api.w.org\/{rel}","templated":true}]}}