{"id":28036,"date":"2023-04-14T12:14:08","date_gmt":"2023-04-14T12:14:08","guid":{"rendered":"https:\/\/staging-schaffenburg.nl\/product\/klang-der-stille-s\/"},"modified":"2025-03-25T23:54:32","modified_gmt":"2025-03-25T23:54:32","slug":"klang-der-stille-s","status":"publish","type":"product","link":"https:\/\/portal.schaffenburg.nl\/de\/produkt\/klang-der-stille-s\/","title":{"rendered":"SOUND OF SILENCE S"},"content":{"rendered":"Sound of Silence S: Der perfekte schallisolierte Arbeitsplatz!\nIn der heutigen Zeit ist es wichtiger denn je, einen privaten Raum in einer gesch\u00e4ftigen B\u00fcroumgebung zu haben. Ob f\u00fcr vertrauliche Anrufe oder einfach nur zum Entspannen - es gibt Zeiten, in denen Sie einen geschlossenen Raum brauchen, um ungest\u00f6rt arbeiten und kommunizieren zu k\u00f6nnen. Der SOS S bietet hierf\u00fcr die perfekte L\u00f6sung.\nDiese Kabine ist eine elegante und stilvolle M\u00f6glichkeit, einen privaten Raum in einer Gro\u00dfraumb\u00fcroumgebung zu schaffen. Die kompakte Form der Kabine l\u00e4sst sich leicht in verschiedene Raumformen integrieren und passt zu jeder Art von Einrichtung. Der \u00e4u\u00dfere Rahmen ist in Schwarz erh\u00e4ltlich, wodurch ein magisches Quadrat entsteht, das die Landschaft Ihres B\u00fcros versch\u00f6nert.\nDer SOS S ist mit einem versteckten Hebesystem ausgestattet, mit dem sich der Tisch in der H\u00f6he verstellen l\u00e4sst. Dieses System arbeitet leise und reibungslos, so dass es den unterschiedlichen Nutzungsbed\u00fcrfnissen des Benutzers gerecht wird, egal ob er am Tisch arbeitet, telefoniert oder sich einfach nur ausruht.\nDie Kabine ist au\u00dferdem mit einer Stromschienensteckdose ausgestattet, so dass alle Arten von Stromquellen genutzt werden k\u00f6nnen. So k\u00f6nnen Sie Ihren Laptop, Ihr Telefon oder ein anderes Ger\u00e4t ganz einfach aufladen, ohne sich Gedanken \u00fcber die Verf\u00fcgbarkeit von Steckdosen in der N\u00e4he machen zu m\u00fcssen.\nDar\u00fcber hinaus verf\u00fcgt das SOS \u00fcber Sensoren f\u00fcr Beleuchtung und Bel\u00fcftung. Die LED-Beleuchtung ist in die Akustikdecke integriert und reagiert auf Bewegungen, was eine effiziente und energieeffiziente Beleuchtung erm\u00f6glicht. Dar\u00fcber hinaus bietet die Kabine eine optimale Bel\u00fcftung durch eine leistungsstarke Kombination aus regulierbaren Ventilatoren, die sowohl auf Sonnenlicht als auch auf k\u00fcnstliches Licht im B\u00fcro reagieren.\nKurzum, der Sound of Silence S ist die perfekte L\u00f6sung f\u00fcr alle, die einen privaten und unabh\u00e4ngigen Raum in einer gesch\u00e4ftigen B\u00fcroumgebung ben\u00f6tigen. Sie l\u00e4sst sich leicht in verschiedene Raumformen integrieren und passt zu jeder Art von Einrichtung. Mit dem h\u00f6henverstellbaren Tisch, der Steckdose f\u00fcr die Stromschiene und den Sensoren f\u00fcr Beleuchtung und Bel\u00fcftung bietet diese Kabine ein perfektes Benutzererlebnis f\u00fcr jede Situation. Schaffen Sie sich Ihren eigenen privaten Raum und arbeiten Sie in Ruhe mit der Sound of Silence S.\n<h6>Eigenschaften<\/h6>\n<ul>\n<li>Sound of Silence S f\u00fcr eine Person<\/li>\n<li>Au\u00dfenma\u00dfe: 111 cm x 110 cm x 224 cm (BxTxH)<\/li>\n<li>Innenma\u00dfe: 95 cm x 100 cm x 204 cm (BxTxH)<\/li>\n<li>Au\u00dfenverkleidung aus schwarz pulverbeschichtetem Metall, schwarze Schrauben<\/li>\n<li>T\u00fcr und R\u00fcckwand aus geh\u00e4rtetem Glas<\/li>\n<li>T\u00fcr mit Holzknauf (schwarze Farbe)<\/li>\n<li>Rollen und h\u00f6henverstellbare Gleiter unter dem Sockel<\/li>\n<li>Innenverkleidung mit PET-Filz<\/li>\n<li>1 x LED-Leuchte, 4000K\/12V\/6W<\/li>\n<li>1 x Steckdose, Standard-Volt geeignet f\u00fcr EU-Standard + 2 USB<\/li>\n<li>2 x Bel\u00fcftung: 12V \/1W (1 x Zuluft und 1 x Abluft), Bel\u00fcftung: mindestens 300 m3\/h<\/li>\n<li>Elektrisch h\u00f6henverstellbare Tischplatte (Sperrholz, Roteiche furniert, ge\u00f6lt, naturfarben)<\/li>\n<li>Umweltfreundlicher Teppich<\/li>\n<li>BIFMA-Tests: Schalld\u00e4mmklasse Max 26 dB; BIFMA-Tests VOC bestanden<\/li>\n<\/ul>\n<strong>NB: <\/strong>Bitte rechnen Sie mit Montagekosten ab \u20ac 300.00\n","protected":false},"excerpt":{"rendered":"<p>Der Sound of Silence S ist ein stilvoller schallisolierter Arbeitsplatz, der sich perfekt f\u00fcr die Schaffung eines privaten Raums in einer gesch\u00e4ftigen B\u00fcroumgebung eignet. Durch seine kompakte Form l\u00e4sst er sich leicht in verschiedene Raumformen integrieren und passt zu jeder Art von Einrichtung. Mit dem h\u00f6henverstellbaren Tisch, der Stromschienensteckdose und den Sensoren f\u00fcr Licht und Bel\u00fcftung bietet die Kabine ein perfektes Benutzererlebnis. Die Kabine verf\u00fcgt \u00fcber ein integriertes Windsystem und LED-Beleuchtung und erf\u00fcllt die BIFMA-Tests f\u00fcr Schalld\u00e4mmung und VOC.<\/p>\n","protected":false},"featured_media":35241,"comment_status":"closed","ping_status":"closed","template":"","meta":{"_acf_changed":false},"product_brand":[],"product_cat":[2140,3852],"product_tag":[3854,3870,3886,2145,3855,3871,3887,2158,3856,3872,3888,2168,3857,3873,3889,2434,3858,3874,3890,2442,3859,3875,3891,2475,3860,3876,3892,2621,3861,3877,3893,2636,3862,3878,2721,3863,3879,2902,3864,3880,2905,3865,3881,3388,3866,3882,3391,3867,3883,3770,3868,3884,3853,3869,3885],"class_list":{"0":"post-28036","1":"product","2":"type-product","3":"status-publish","4":"has-post-thumbnail","6":"product_cat-schnelle-lieferung","7":"product_cat-akustische-losungen","8":"product_tag-smart","9":"product_tag-lichtzirkulationssystem","10":"product_tag-rest-de","11":"product_tag-schwarz","12":"product_tag-buroumgebung","13":"product_tag-magisches-quadrat","14":"product_tag-verdecktes-hebesystem","15":"product_tag-stilvoll","16":"product_tag-geschlossener-raum","17":"product_tag-laden","18":"product_tag-vertrauliche-gesprache","19":"product_tag-rest","20":"product_tag-gerat","21":"product_tag-perfektes-ambiente","22":"product_tag-voc-bestanden","23":"product_tag-glatt","24":"product_tag-bifma-tests","25":"product_tag-perfekte-temperatur","26":"product_tag-ungestorte-arbeit","27":"product_tag-benutzererfahrung","28":"product_tag-kabine","29":"product_tag-pet-filz","30":"product_tag-windzirkulationssystem","31":"product_tag-kompakt","32":"product_tag-einzelperson","33":"product_tag-stromschienensteckdose","34":"product_tag-schwarze-pulverbeschichtung","35":"product_tag-metall","36":"product_tag-benutzerbedurfnisse","37":"product_tag-privatraum","38":"product_tag-rollen","39":"product_tag-arbeitsplatz","40":"product_tag-gehartetes-glas","41":"product_tag-raumliche-formen","42":"product_tag-interieur-de","43":"product_tag-schallschutzklasse","44":"product_tag-klang-der-stille-ii-s","45":"product_tag-hoehenverstellbar","46":"product_tag-segelflugzeuge","47":"product_tag-schalldicht","48":"product_tag-tabelle","49":"product_tag-holzknopf","50":"product_tag-ruhig","51":"product_tag-steckdose-de","52":"product_tag-integrieren","53":"product_tag-stromquellen","54":"product_tag-usb-de","55":"product_tag-landschaft-de","56":"product_tag-telefon","57":"product_tag-teppich","58":"product_tag-laptop-de","59":"product_tag-telefonat","60":"product_tag-beluftung","61":"product_tag-led-licht-de","62":"product_tag-touchscreen-bedienfeld","64":"first","65":"instock","66":"purchasable","67":"product-type-simple"},"acf":{"downloads":[{"label":"","bestand":26938,"toegankelijkheid":"resellers"},{"label":"","bestand":26940,"toegankelijkheid":"resellers"},{"label":"","bestand":26942,"toegankelijkheid":"resellers"},{"label":"","bestand":26944,"toegankelijkheid":"resellers"},{"label":"","bestand":34418,"toegankelijkheid":"resellers"}]},"yoast_head":"<!-- This site is optimized with the Yoast SEO plugin v26.7 - https:\/\/yoast.com\/wordpress\/plugins\/seo\/ -->\n<title>SOUND OF SILENCE S - Schalldichter Arbeitsplatz - Schaffenburg<\/title>\n<meta name=\"description\" content=\"Schaffen Sie sich einen privaten und unabh\u00e4ngigen Arbeitsbereich mit dem Sound of Silence S. Stilvoller, h\u00f6henverstellbarer Tisch und komplett ausgestattet.\" \/>\n<meta name=\"robots\" content=\"index, follow, max-snippet:-1, max-image-preview:large, max-video-preview:-1\" \/>\n<link rel=\"canonical\" href=\"https:\/\/portal.schaffenburg.nl\/de\/produkt\/klang-der-stille-s\/\" \/>\n<meta property=\"og:locale\" content=\"de_DE\" \/>\n<meta property=\"og:type\" content=\"article\" \/>\n<meta property=\"og:title\" content=\"SOUND OF SILENCE S - Schalldichter Arbeitsplatz - Schaffenburg\" \/>\n<meta property=\"og:description\" content=\"Schaffen Sie sich einen privaten und unabh\u00e4ngigen Arbeitsbereich mit dem Sound of Silence S. Stilvoller, h\u00f6henverstellbarer Tisch und komplett ausgestattet.\" \/>\n<meta property=\"og:url\" content=\"https:\/\/portal.schaffenburg.nl\/de\/produkt\/klang-der-stille-s\/\" \/>\n<meta property=\"og:site_name\" content=\"Schaffenburg\" \/>\n<meta property=\"article:modified_time\" content=\"2025-03-25T23:54:32+00:00\" \/>\n<meta property=\"og:image\" content=\"https:\/\/portal.schaffenburg.nl\/wp-content\/uploads\/2023\/04\/White-to-Black-Booth-S-kopie-scaled.jpg?wsr\" \/>\n\t<meta property=\"og:image:width\" content=\"1704\" \/>\n\t<meta property=\"og:image:height\" content=\"2560\" \/>\n\t<meta property=\"og:image:type\" content=\"image\/jpeg\" \/>\n<meta name=\"twitter:card\" content=\"summary_large_image\" \/>\n<meta name=\"twitter:label1\" content=\"Gesch\u00e4tzte Lesezeit\" \/>\n\t<meta name=\"twitter:data1\" content=\"3\u00a0Minuten\" \/>\n<script type=\"application\/ld+json\" class=\"yoast-schema-graph\">{\"@context\":\"https:\/\/schema.org\",\"@graph\":[{\"@type\":\"WebPage\",\"@id\":\"https:\/\/portal.schaffenburg.nl\/de\/produkt\/klang-der-stille-s\/\",\"url\":\"https:\/\/portal.schaffenburg.nl\/de\/produkt\/klang-der-stille-s\/\",\"name\":\"SOUND OF SILENCE S - Schalldichter Arbeitsplatz - Schaffenburg\",\"isPartOf\":{\"@id\":\"https:\/\/portal.schaffenburg.nl\/de\/#website\"},\"primaryImageOfPage\":{\"@id\":\"https:\/\/portal.schaffenburg.nl\/de\/produkt\/klang-der-stille-s\/#primaryimage\"},\"image\":{\"@id\":\"https:\/\/portal.schaffenburg.nl\/de\/produkt\/klang-der-stille-s\/#primaryimage\"},\"thumbnailUrl\":\"https:\/\/portal.schaffenburg.nl\/wp-content\/uploads\/2023\/04\/White-to-Black-Booth-S-kopie-scaled.jpg?wsr\",\"datePublished\":\"2023-04-14T12:14:08+00:00\",\"dateModified\":\"2025-03-25T23:54:32+00:00\",\"description\":\"Schaffen Sie sich einen privaten und unabh\u00e4ngigen Arbeitsbereich mit dem Sound of Silence S. Stilvoller, h\u00f6henverstellbarer Tisch und komplett ausgestattet.\",\"breadcrumb\":{\"@id\":\"https:\/\/portal.schaffenburg.nl\/de\/produkt\/klang-der-stille-s\/#breadcrumb\"},\"inLanguage\":\"de\",\"potentialAction\":[{\"@type\":\"ReadAction\",\"target\":[\"https:\/\/portal.schaffenburg.nl\/de\/produkt\/klang-der-stille-s\/\"]}]},{\"@type\":\"ImageObject\",\"inLanguage\":\"de\",\"@id\":\"https:\/\/portal.schaffenburg.nl\/de\/produkt\/klang-der-stille-s\/#primaryimage\",\"url\":\"https:\/\/portal.schaffenburg.nl\/wp-content\/uploads\/2023\/04\/White-to-Black-Booth-S-kopie-scaled.jpg?wsr\",\"contentUrl\":\"https:\/\/portal.schaffenburg.nl\/wp-content\/uploads\/2023\/04\/White-to-Black-Booth-S-kopie-scaled.jpg?wsr\",\"width\":1704,\"height\":2560},{\"@type\":\"BreadcrumbList\",\"@id\":\"https:\/\/portal.schaffenburg.nl\/de\/produkt\/klang-der-stille-s\/#breadcrumb\",\"itemListElement\":[{\"@type\":\"ListItem\",\"position\":1,\"name\":\"Home\",\"item\":\"https:\/\/portal.schaffenburg.nl\/de\/\"},{\"@type\":\"ListItem\",\"position\":2,\"name\":\"SOUND OF SILENCE S\"}]},{\"@type\":\"WebSite\",\"@id\":\"https:\/\/portal.schaffenburg.nl\/de\/#website\",\"url\":\"https:\/\/portal.schaffenburg.nl\/de\/\",\"name\":\"Schaffenburg\",\"description\":\"\",\"potentialAction\":[{\"@type\":\"SearchAction\",\"target\":{\"@type\":\"EntryPoint\",\"urlTemplate\":\"https:\/\/portal.schaffenburg.nl\/de\/?s={search_term_string}\"},\"query-input\":{\"@type\":\"PropertyValueSpecification\",\"valueRequired\":true,\"valueName\":\"search_term_string\"}}],\"inLanguage\":\"de\"}]}<\/script>\n<!-- \/ Yoast SEO plugin. -->","yoast_head_json":{"title":"SOUND OF SILENCE S - Schalldichter Arbeitsplatz - Schaffenburg","description":"Schaffen Sie sich einen privaten und unabh\u00e4ngigen Arbeitsbereich mit dem Sound of Silence S. Stilvoller, h\u00f6henverstellbarer Tisch und komplett ausgestattet.","robots":{"index":"index","follow":"follow","max-snippet":"max-snippet:-1","max-image-preview":"max-image-preview:large","max-video-preview":"max-video-preview:-1"},"canonical":"https:\/\/portal.schaffenburg.nl\/de\/produkt\/klang-der-stille-s\/","og_locale":"de_DE","og_type":"article","og_title":"SOUND OF SILENCE S - Schalldichter Arbeitsplatz - Schaffenburg","og_description":"Schaffen Sie sich einen privaten und unabh\u00e4ngigen Arbeitsbereich mit dem Sound of Silence S. Stilvoller, h\u00f6henverstellbarer Tisch und komplett ausgestattet.","og_url":"https:\/\/portal.schaffenburg.nl\/de\/produkt\/klang-der-stille-s\/","og_site_name":"Schaffenburg","article_modified_time":"2025-03-25T23:54:32+00:00","og_image":[{"width":1704,"height":2560,"url":"https:\/\/portal.schaffenburg.nl\/wp-content\/uploads\/2023\/04\/White-to-Black-Booth-S-kopie-scaled.jpg?wsr","type":"image\/jpeg"}],"twitter_card":"summary_large_image","twitter_misc":{"Gesch\u00e4tzte Lesezeit":"3\u00a0Minuten"},"schema":{"@context":"https:\/\/schema.org","@graph":[{"@type":"WebPage","@id":"https:\/\/portal.schaffenburg.nl\/de\/produkt\/klang-der-stille-s\/","url":"https:\/\/portal.schaffenburg.nl\/de\/produkt\/klang-der-stille-s\/","name":"SOUND OF SILENCE S - Schalldichter Arbeitsplatz - Schaffenburg","isPartOf":{"@id":"https:\/\/portal.schaffenburg.nl\/de\/#website"},"primaryImageOfPage":{"@id":"https:\/\/portal.schaffenburg.nl\/de\/produkt\/klang-der-stille-s\/#primaryimage"},"image":{"@id":"https:\/\/portal.schaffenburg.nl\/de\/produkt\/klang-der-stille-s\/#primaryimage"},"thumbnailUrl":"https:\/\/portal.schaffenburg.nl\/wp-content\/uploads\/2023\/04\/White-to-Black-Booth-S-kopie-scaled.jpg?wsr","datePublished":"2023-04-14T12:14:08+00:00","dateModified":"2025-03-25T23:54:32+00:00","description":"Schaffen Sie sich einen privaten und unabh\u00e4ngigen Arbeitsbereich mit dem Sound of Silence S. Stilvoller, h\u00f6henverstellbarer Tisch und komplett ausgestattet.","breadcrumb":{"@id":"https:\/\/portal.schaffenburg.nl\/de\/produkt\/klang-der-stille-s\/#breadcrumb"},"inLanguage":"de","potentialAction":[{"@type":"ReadAction","target":["https:\/\/portal.schaffenburg.nl\/de\/produkt\/klang-der-stille-s\/"]}]},{"@type":"ImageObject","inLanguage":"de","@id":"https:\/\/portal.schaffenburg.nl\/de\/produkt\/klang-der-stille-s\/#primaryimage","url":"https:\/\/portal.schaffenburg.nl\/wp-content\/uploads\/2023\/04\/White-to-Black-Booth-S-kopie-scaled.jpg?wsr","contentUrl":"https:\/\/portal.schaffenburg.nl\/wp-content\/uploads\/2023\/04\/White-to-Black-Booth-S-kopie-scaled.jpg?wsr","width":1704,"height":2560},{"@type":"BreadcrumbList","@id":"https:\/\/portal.schaffenburg.nl\/de\/produkt\/klang-der-stille-s\/#breadcrumb","itemListElement":[{"@type":"ListItem","position":1,"name":"Home","item":"https:\/\/portal.schaffenburg.nl\/de\/"},{"@type":"ListItem","position":2,"name":"SOUND OF SILENCE S"}]},{"@type":"WebSite","@id":"https:\/\/portal.schaffenburg.nl\/de\/#website","url":"https:\/\/portal.schaffenburg.nl\/de\/","name":"Schaffenburg","description":"","potentialAction":[{"@type":"SearchAction","target":{"@type":"EntryPoint","urlTemplate":"https:\/\/portal.schaffenburg.nl\/de\/?s={search_term_string}"},"query-input":{"@type":"PropertyValueSpecification","valueRequired":true,"valueName":"search_term_string"}}],"inLanguage":"de"}]}},"_links":{"self":[{"href":"https:\/\/portal.schaffenburg.nl\/de\/wp-json\/wp\/v2\/product\/28036","targetHints":{"allow":["GET"]}}],"collection":[{"href":"https:\/\/portal.schaffenburg.nl\/de\/wp-json\/wp\/v2\/product"}],"about":[{"href":"https:\/\/portal.schaffenburg.nl\/de\/wp-json\/wp\/v2\/types\/product"}],"replies":[{"embeddable":true,"href":"https:\/\/portal.schaffenburg.nl\/de\/wp-json\/wp\/v2\/comments?post=28036"}],"wp:featuredmedia":[{"embeddable":true,"href":"https:\/\/portal.schaffenburg.nl\/de\/wp-json\/wp\/v2\/media\/35241"}],"wp:attachment":[{"href":"https:\/\/portal.schaffenburg.nl\/de\/wp-json\/wp\/v2\/media?parent=28036"}],"wp:term":[{"taxonomy":"product_brand","embeddable":true,"href":"https:\/\/portal.schaffenburg.nl\/de\/wp-json\/wp\/v2\/product_brand?post=28036"},{"taxonomy":"product_cat","embeddable":true,"href":"https:\/\/portal.schaffenburg.nl\/de\/wp-json\/wp\/v2\/product_cat?post=28036"},{"taxonomy":"product_tag","embeddable":true,"href":"https:\/\/portal.schaffenburg.nl\/de\/wp-json\/wp\/v2\/product_tag?post=28036"}],"curies":[{"name":"wp","href":"https:\/\/api.w.org\/{rel}","templated":true}]}}