{"id":28042,"date":"2023-04-14T12:16:43","date_gmt":"2023-04-14T12:16:43","guid":{"rendered":"https:\/\/staging-schaffenburg.nl\/product\/klang-der-stille-l\/"},"modified":"2025-03-25T23:53:27","modified_gmt":"2025-03-25T23:53:27","slug":"klang-der-stille-l","status":"publish","type":"product","link":"https:\/\/portal.schaffenburg.nl\/de\/produkt\/klang-der-stille-l\/","title":{"rendered":"SOUND OF SILENCE L"},"content":{"rendered":"Sound of Silence L: Der perfekte schallisolierte Arbeitsplatz\/Beratungsraum!\nIn der heutigen Zeit ist es wichtiger denn je, in einer gesch\u00e4ftigen B\u00fcroumgebung einen privaten Raum zu haben. Sei es, um vertrauliche Gespr\u00e4che zu f\u00fchren oder einfach nur, um sich zu entspannen - es gibt Zeiten, in denen Sie einen geschlossenen Raum brauchen, um ungest\u00f6rt arbeiten und kommunizieren zu k\u00f6nnen. Der SOS L bietet hierf\u00fcr die perfekte L\u00f6sung.\nDiese Kabine ist eine elegante und stilvolle M\u00f6glichkeit, einen privaten Raum in einer Gro\u00dfraumb\u00fcroumgebung zu schaffen. Die kompakte Form der Kabine l\u00e4sst sich leicht in verschiedene Raumformen integrieren und passt zu jeder Art von Einrichtung. Der \u00e4u\u00dfere Rahmen ist in Schwarz erh\u00e4ltlich und versch\u00f6nert die Landschaft Ihres B\u00fcroraums.\nDer SOS L verf\u00fcgt au\u00dferdem \u00fcber eine Stromschienenbuchse, so dass alle Arten von Stromquellen verwendet werden k\u00f6nnen. So k\u00f6nnen Sie Ihren Laptop, Ihr Telefon oder ein anderes Ger\u00e4t ganz einfach aufladen, ohne sich Gedanken \u00fcber die Verf\u00fcgbarkeit von Steckdosen in der N\u00e4he machen zu m\u00fcssen.\nDar\u00fcber hinaus verf\u00fcgt das SOS \u00fcber Sensoren f\u00fcr Beleuchtung und Bel\u00fcftung. Die LED-Beleuchtung ist in die Akustikdecke integriert und reagiert auf Bewegungen, was eine effiziente und energieeffiziente Beleuchtung erm\u00f6glicht. Dar\u00fcber hinaus bietet die Kabine eine optimale Bel\u00fcftung durch eine leistungsstarke Kombination aus regulierbaren Ventilatoren, die sowohl auf Sonnenlicht als auch auf k\u00fcnstliches Licht im B\u00fcro reagieren.\nKurzum, der Sound of Silence L ist die perfekte L\u00f6sung f\u00fcr alle, die einen privaten und unabh\u00e4ngigen Raum in einer gesch\u00e4ftigen B\u00fcroumgebung ben\u00f6tigen. Sie l\u00e4sst sich leicht in verschiedene Raumformen integrieren und passt zu jeder Art von Einrichtung. Mit seiner Stromschienensteckdose und den Sensoren f\u00fcr Beleuchtung und Bel\u00fcftung bietet diese Kabine ein perfektes Benutzererlebnis f\u00fcr jede Situation. Schaffen Sie Ihren eigenen privaten Raum und arbeiten oder beraten Sie in Ruhe mit dem Sound of Silence L.\n<h6>Eigenschaften<\/h6>\n<ul>\n<li>Sound of Silence L f\u00fcr vier Personen<\/li>\n<li>Au\u00dfenma\u00dfe: 226 cm x 153 cm x 224 cm (BxTxH)<\/li>\n<li>Innenma\u00dfe: 210 cm x 140 cm x 204 cm (BxTxH)<\/li>\n<li>Au\u00dfenverkleidung aus schwarz pulverbeschichtetem Metall, schwarze Schrauben<\/li>\n<li>T\u00fcr und R\u00fcckwand aus geh\u00e4rtetem Glas<\/li>\n<li>T\u00fcr mit Holzknauf (schwarze Farbe)<\/li>\n<li>Rollen und h\u00f6henverstellbare Gleiter unter dem Sockel<\/li>\n<li>Innenverkleidung mit PET-Filz<\/li>\n<li>2 x LED-Licht, 4000K\/12V\/6W<\/li>\n<li>1 x Steckdose, Standard-Volt geeignet f\u00fcr EU-Standard + 2 USB<\/li>\n<li>4 x Bel\u00fcftung: 12V \/1W (2 x Zuluft und 2 x Abluft), Bel\u00fcftung: mindestens 600 m3\/h<\/li>\n<li>Umweltfreundlicher Teppich<\/li>\n<li>BIFMA-Tests: Schalld\u00e4mmklasse Max 26 dB; BIFMA-Tests VOC bestanden<\/li>\n<\/ul>\n<strong>NB:<\/strong> Bitte rechnen Sie mit Montagekosten ab \u20ac 500,00\n","protected":false},"excerpt":{"rendered":"<p><em>NB: Die Ausstattung dient der Illustration. Bitte fragen Sie nach den Ausstattungsoptionen f\u00fcr eine optimale Nutzung. <\/em><\/p>\n<p>Der Sound of Silence L ist ein stilvoller schallisolierter Arbeitsplatz oder Beratungsraum, der sich perfekt f\u00fcr die Schaffung eines privaten Raums in einer gesch\u00e4ftigen B\u00fcroumgebung eignet. Durch seine kompakte Form l\u00e4sst er sich leicht in verschiedene Raumformen integrieren und passt zu jeder Art von Einrichtung.<\/p>\n","protected":false},"featured_media":35251,"comment_status":"closed","ping_status":"closed","template":"","meta":{"_acf_changed":false},"product_brand":[],"product_cat":[2140,3852],"product_tag":[3857,3875,3893,2145,3858,3876,3937,2158,3859,3877,3941,2168,3861,3878,3966,2442,3862,3880,2475,3863,3881,2621,3864,3882,2636,3865,3883,2721,3866,3884,3388,3867,3885,3391,3868,3886,3770,3869,3888,3853,3870,3889,3854,3872,3890,3855,3873,3891,3856,3874,3892],"class_list":{"0":"post-28042","1":"product","2":"type-product","3":"status-publish","4":"has-post-thumbnail","6":"product_cat-schnelle-lieferung","7":"product_cat-akustische-losungen","8":"product_tag-gerat","9":"product_tag-pet-filz","10":"product_tag-rollen","11":"product_tag-schwarz","12":"product_tag-bifma-tests","13":"product_tag-stromschienensteckdose","14":"product_tag-sprechzimmer-de","15":"product_tag-stilvoll","16":"product_tag-kabine","17":"product_tag-privatraum","18":"product_tag-zwei-personen","19":"product_tag-rest","20":"product_tag-benutzerbedurfnisse","21":"product_tag-raumliche-formen","22":"product_tag-klang-der-stille-ii-l","23":"product_tag-benutzererfahrung","24":"product_tag-gehartetes-glas","25":"product_tag-schalldicht","26":"product_tag-kompakt","27":"product_tag-schallschutzklasse","28":"product_tag-ruhig","29":"product_tag-metall","30":"product_tag-segelflugzeuge","31":"product_tag-stromquellen","32":"product_tag-arbeitsplatz","33":"product_tag-holzknopf","34":"product_tag-telefon","35":"product_tag-interieur-de","36":"product_tag-integrieren","37":"product_tag-telefonat","38":"product_tag-steckdose-de","39":"product_tag-landschaft-de","40":"product_tag-touchscreen-bedienfeld","41":"product_tag-usb-de","42":"product_tag-laptop-de","43":"product_tag-rest-de","44":"product_tag-teppich","45":"product_tag-led-licht-de","46":"product_tag-vertrauliche-gesprache","47":"product_tag-beluftung","48":"product_tag-lichtzirkulationssystem","49":"product_tag-voc-bestanden","50":"product_tag-smart","51":"product_tag-laden","52":"product_tag-ungestorte-arbeit","53":"product_tag-buroumgebung","54":"product_tag-perfektes-ambiente","55":"product_tag-windzirkulationssystem","56":"product_tag-geschlossener-raum","57":"product_tag-perfekte-temperatur","58":"product_tag-schwarze-pulverbeschichtung","60":"first","61":"instock","62":"purchasable","63":"product-type-simple"},"acf":{"downloads":[{"label":"","bestand":26930,"toegankelijkheid":"resellers"},{"label":"","bestand":34424,"toegankelijkheid":"resellers"}]},"yoast_head":"<!-- This site is optimized with the Yoast SEO plugin v26.7 - https:\/\/yoast.com\/wordpress\/plugins\/seo\/ -->\n<title>SOUND OF SILENCE L - Schalldichter Arbeits-\/Beratungsraum - Schaffenburg<\/title>\n<meta name=\"description\" content=\"Schaffen Sie einen privaten und unabh\u00e4ngigen Arbeits-\/Besprechungsraum mit dem Sound of Silence L. Stilvoll, mit Stromschienensteckdose und Touchscreen-Bedienfeld.\" \/>\n<meta name=\"robots\" content=\"index, follow, max-snippet:-1, max-image-preview:large, max-video-preview:-1\" \/>\n<link rel=\"canonical\" href=\"https:\/\/portal.schaffenburg.nl\/de\/produkt\/klang-der-stille-l\/\" \/>\n<meta property=\"og:locale\" content=\"de_DE\" \/>\n<meta property=\"og:type\" content=\"article\" \/>\n<meta property=\"og:title\" content=\"SOUND OF SILENCE L - Schalldichter Arbeits-\/Beratungsraum - Schaffenburg\" \/>\n<meta property=\"og:description\" content=\"Schaffen Sie einen privaten und unabh\u00e4ngigen Arbeits-\/Besprechungsraum mit dem Sound of Silence L. Stilvoll, mit Stromschienensteckdose und Touchscreen-Bedienfeld.\" \/>\n<meta property=\"og:url\" content=\"https:\/\/portal.schaffenburg.nl\/de\/produkt\/klang-der-stille-l\/\" \/>\n<meta property=\"og:site_name\" content=\"Schaffenburg\" \/>\n<meta property=\"article:modified_time\" content=\"2025-03-25T23:53:27+00:00\" \/>\n<meta property=\"og:image\" content=\"https:\/\/portal.schaffenburg.nl\/wp-content\/uploads\/2023\/04\/4-person-booth-2-kopie-scaled.jpg?wsr\" \/>\n\t<meta property=\"og:image:width\" content=\"2560\" \/>\n\t<meta property=\"og:image:height\" content=\"2560\" \/>\n\t<meta property=\"og:image:type\" content=\"image\/jpeg\" \/>\n<meta name=\"twitter:card\" content=\"summary_large_image\" \/>\n<meta name=\"twitter:label1\" content=\"Gesch\u00e4tzte Lesezeit\" \/>\n\t<meta name=\"twitter:data1\" content=\"2\u00a0Minuten\" \/>\n<script type=\"application\/ld+json\" class=\"yoast-schema-graph\">{\"@context\":\"https:\/\/schema.org\",\"@graph\":[{\"@type\":\"WebPage\",\"@id\":\"https:\/\/portal.schaffenburg.nl\/de\/produkt\/klang-der-stille-l\/\",\"url\":\"https:\/\/portal.schaffenburg.nl\/de\/produkt\/klang-der-stille-l\/\",\"name\":\"SOUND OF SILENCE L - Schalldichter Arbeits-\/Beratungsraum - Schaffenburg\",\"isPartOf\":{\"@id\":\"https:\/\/portal.schaffenburg.nl\/de\/#website\"},\"primaryImageOfPage\":{\"@id\":\"https:\/\/portal.schaffenburg.nl\/de\/produkt\/klang-der-stille-l\/#primaryimage\"},\"image\":{\"@id\":\"https:\/\/portal.schaffenburg.nl\/de\/produkt\/klang-der-stille-l\/#primaryimage\"},\"thumbnailUrl\":\"https:\/\/portal.schaffenburg.nl\/wp-content\/uploads\/2023\/04\/4-person-booth-2-kopie-scaled.jpg?wsr\",\"datePublished\":\"2023-04-14T12:16:43+00:00\",\"dateModified\":\"2025-03-25T23:53:27+00:00\",\"description\":\"Schaffen Sie einen privaten und unabh\u00e4ngigen Arbeits-\/Besprechungsraum mit dem Sound of Silence L. Stilvoll, mit Stromschienensteckdose und Touchscreen-Bedienfeld.\",\"breadcrumb\":{\"@id\":\"https:\/\/portal.schaffenburg.nl\/de\/produkt\/klang-der-stille-l\/#breadcrumb\"},\"inLanguage\":\"de\",\"potentialAction\":[{\"@type\":\"ReadAction\",\"target\":[\"https:\/\/portal.schaffenburg.nl\/de\/produkt\/klang-der-stille-l\/\"]}]},{\"@type\":\"ImageObject\",\"inLanguage\":\"de\",\"@id\":\"https:\/\/portal.schaffenburg.nl\/de\/produkt\/klang-der-stille-l\/#primaryimage\",\"url\":\"https:\/\/portal.schaffenburg.nl\/wp-content\/uploads\/2023\/04\/4-person-booth-2-kopie-scaled.jpg?wsr\",\"contentUrl\":\"https:\/\/portal.schaffenburg.nl\/wp-content\/uploads\/2023\/04\/4-person-booth-2-kopie-scaled.jpg?wsr\",\"width\":2560,\"height\":2560},{\"@type\":\"BreadcrumbList\",\"@id\":\"https:\/\/portal.schaffenburg.nl\/de\/produkt\/klang-der-stille-l\/#breadcrumb\",\"itemListElement\":[{\"@type\":\"ListItem\",\"position\":1,\"name\":\"Home\",\"item\":\"https:\/\/portal.schaffenburg.nl\/de\/\"},{\"@type\":\"ListItem\",\"position\":2,\"name\":\"SOUND OF SILENCE L\"}]},{\"@type\":\"WebSite\",\"@id\":\"https:\/\/portal.schaffenburg.nl\/de\/#website\",\"url\":\"https:\/\/portal.schaffenburg.nl\/de\/\",\"name\":\"Schaffenburg\",\"description\":\"\",\"potentialAction\":[{\"@type\":\"SearchAction\",\"target\":{\"@type\":\"EntryPoint\",\"urlTemplate\":\"https:\/\/portal.schaffenburg.nl\/de\/?s={search_term_string}\"},\"query-input\":{\"@type\":\"PropertyValueSpecification\",\"valueRequired\":true,\"valueName\":\"search_term_string\"}}],\"inLanguage\":\"de\"}]}<\/script>\n<!-- \/ Yoast SEO plugin. -->","yoast_head_json":{"title":"SOUND OF SILENCE L - Schalldichter Arbeits-\/Beratungsraum - Schaffenburg","description":"Schaffen Sie einen privaten und unabh\u00e4ngigen Arbeits-\/Besprechungsraum mit dem Sound of Silence L. Stilvoll, mit Stromschienensteckdose und Touchscreen-Bedienfeld.","robots":{"index":"index","follow":"follow","max-snippet":"max-snippet:-1","max-image-preview":"max-image-preview:large","max-video-preview":"max-video-preview:-1"},"canonical":"https:\/\/portal.schaffenburg.nl\/de\/produkt\/klang-der-stille-l\/","og_locale":"de_DE","og_type":"article","og_title":"SOUND OF SILENCE L - Schalldichter Arbeits-\/Beratungsraum - Schaffenburg","og_description":"Schaffen Sie einen privaten und unabh\u00e4ngigen Arbeits-\/Besprechungsraum mit dem Sound of Silence L. Stilvoll, mit Stromschienensteckdose und Touchscreen-Bedienfeld.","og_url":"https:\/\/portal.schaffenburg.nl\/de\/produkt\/klang-der-stille-l\/","og_site_name":"Schaffenburg","article_modified_time":"2025-03-25T23:53:27+00:00","og_image":[{"width":2560,"height":2560,"url":"https:\/\/portal.schaffenburg.nl\/wp-content\/uploads\/2023\/04\/4-person-booth-2-kopie-scaled.jpg?wsr","type":"image\/jpeg"}],"twitter_card":"summary_large_image","twitter_misc":{"Gesch\u00e4tzte Lesezeit":"2\u00a0Minuten"},"schema":{"@context":"https:\/\/schema.org","@graph":[{"@type":"WebPage","@id":"https:\/\/portal.schaffenburg.nl\/de\/produkt\/klang-der-stille-l\/","url":"https:\/\/portal.schaffenburg.nl\/de\/produkt\/klang-der-stille-l\/","name":"SOUND OF SILENCE L - Schalldichter Arbeits-\/Beratungsraum - Schaffenburg","isPartOf":{"@id":"https:\/\/portal.schaffenburg.nl\/de\/#website"},"primaryImageOfPage":{"@id":"https:\/\/portal.schaffenburg.nl\/de\/produkt\/klang-der-stille-l\/#primaryimage"},"image":{"@id":"https:\/\/portal.schaffenburg.nl\/de\/produkt\/klang-der-stille-l\/#primaryimage"},"thumbnailUrl":"https:\/\/portal.schaffenburg.nl\/wp-content\/uploads\/2023\/04\/4-person-booth-2-kopie-scaled.jpg?wsr","datePublished":"2023-04-14T12:16:43+00:00","dateModified":"2025-03-25T23:53:27+00:00","description":"Schaffen Sie einen privaten und unabh\u00e4ngigen Arbeits-\/Besprechungsraum mit dem Sound of Silence L. Stilvoll, mit Stromschienensteckdose und Touchscreen-Bedienfeld.","breadcrumb":{"@id":"https:\/\/portal.schaffenburg.nl\/de\/produkt\/klang-der-stille-l\/#breadcrumb"},"inLanguage":"de","potentialAction":[{"@type":"ReadAction","target":["https:\/\/portal.schaffenburg.nl\/de\/produkt\/klang-der-stille-l\/"]}]},{"@type":"ImageObject","inLanguage":"de","@id":"https:\/\/portal.schaffenburg.nl\/de\/produkt\/klang-der-stille-l\/#primaryimage","url":"https:\/\/portal.schaffenburg.nl\/wp-content\/uploads\/2023\/04\/4-person-booth-2-kopie-scaled.jpg?wsr","contentUrl":"https:\/\/portal.schaffenburg.nl\/wp-content\/uploads\/2023\/04\/4-person-booth-2-kopie-scaled.jpg?wsr","width":2560,"height":2560},{"@type":"BreadcrumbList","@id":"https:\/\/portal.schaffenburg.nl\/de\/produkt\/klang-der-stille-l\/#breadcrumb","itemListElement":[{"@type":"ListItem","position":1,"name":"Home","item":"https:\/\/portal.schaffenburg.nl\/de\/"},{"@type":"ListItem","position":2,"name":"SOUND OF SILENCE L"}]},{"@type":"WebSite","@id":"https:\/\/portal.schaffenburg.nl\/de\/#website","url":"https:\/\/portal.schaffenburg.nl\/de\/","name":"Schaffenburg","description":"","potentialAction":[{"@type":"SearchAction","target":{"@type":"EntryPoint","urlTemplate":"https:\/\/portal.schaffenburg.nl\/de\/?s={search_term_string}"},"query-input":{"@type":"PropertyValueSpecification","valueRequired":true,"valueName":"search_term_string"}}],"inLanguage":"de"}]}},"_links":{"self":[{"href":"https:\/\/portal.schaffenburg.nl\/de\/wp-json\/wp\/v2\/product\/28042","targetHints":{"allow":["GET"]}}],"collection":[{"href":"https:\/\/portal.schaffenburg.nl\/de\/wp-json\/wp\/v2\/product"}],"about":[{"href":"https:\/\/portal.schaffenburg.nl\/de\/wp-json\/wp\/v2\/types\/product"}],"replies":[{"embeddable":true,"href":"https:\/\/portal.schaffenburg.nl\/de\/wp-json\/wp\/v2\/comments?post=28042"}],"wp:featuredmedia":[{"embeddable":true,"href":"https:\/\/portal.schaffenburg.nl\/de\/wp-json\/wp\/v2\/media\/35251"}],"wp:attachment":[{"href":"https:\/\/portal.schaffenburg.nl\/de\/wp-json\/wp\/v2\/media?parent=28042"}],"wp:term":[{"taxonomy":"product_brand","embeddable":true,"href":"https:\/\/portal.schaffenburg.nl\/de\/wp-json\/wp\/v2\/product_brand?post=28042"},{"taxonomy":"product_cat","embeddable":true,"href":"https:\/\/portal.schaffenburg.nl\/de\/wp-json\/wp\/v2\/product_cat?post=28042"},{"taxonomy":"product_tag","embeddable":true,"href":"https:\/\/portal.schaffenburg.nl\/de\/wp-json\/wp\/v2\/product_tag?post=28042"}],"curies":[{"name":"wp","href":"https:\/\/api.w.org\/{rel}","templated":true}]}}