{"id":28062,"date":"2020-05-01T08:16:00","date_gmt":"2020-05-01T08:16:00","guid":{"rendered":"https:\/\/staging-schaffenburg.nl\/product\/plexio-vorbeiflug\/"},"modified":"2020-05-01T08:16:00","modified_gmt":"2020-05-01T08:16:00","slug":"plexio-vorbeiflug","status":"publish","type":"product","link":"https:\/\/portal.schaffenburg.nl\/de\/produkt\/plexio-vorbeiflug\/","title":{"rendered":"Plexio Vorbeiflug"},"content":{"rendered":"<ul>\n<li>Hochwertiges klares Plexiglas<\/li>\n<li>Einfach zu benutzen<\/li>\n<li>Leicht zu reinigen und zu desinfizieren<\/li>\n<li>Optionale Fly-by-Halterungen in Wei\u00df, Schwarz und Aluminium.<\/li>\n<li>Kabeldurchf\u00fchrungsschlitz f\u00fcr die Verkabelung oder den TFT-Arm der Workstation.<\/li>\n<li>Plexio ist 75 cm hoch.<\/li>\n<li>Die Plexiwand ist 5 mm dick<\/li>\n<li>Andere Gr\u00f6\u00dfen auf Anfrage<\/li>\n<li>Optional mit blauem Schimmer oder Satin.<\/li>\n<\/ul>\n&nbsp;\n","protected":false},"excerpt":{"rendered":"<p>Hochwertiges klares Plexiglas Einfach zu benutzen Leicht zu reinigen und zu desinfizieren Optionale Fly-by-Halterungen in Wei\u00df, Schwarz und Aluminium. Kabeldurchf\u00fchrungsschlitz f\u00fcr die Verkabelung oder den TFT-Arm der Workstation. Plexio ist 75 cm hoch. Die Plexiwand ist 5 mm dick Andere Gr\u00f6\u00dfen auf Anfrage Optional mit blauem Schimmer oder Satin. &nbsp;<\/p>\n","protected":false},"featured_media":23308,"comment_status":"closed","ping_status":"closed","template":"","meta":{"_acf_changed":false},"product_brand":[],"product_cat":[2137,4073],"product_tag":[],"class_list":{"0":"post-28062","1":"product","2":"type-product","3":"status-publish","4":"has-post-thumbnail","6":"product_cat-projekte","7":"product_cat-partitionen-de","8":"pa_lengte-140cm-de","9":"pa_lengte-160cm-de","10":"pa_lengte-180cm-de","11":"pa_lengte-80cm-de","13":"first","14":"instock","15":"purchasable","16":"product-type-variable"},"acf":{"downloads":null},"yoast_head":"<!-- This site is optimized with the Yoast SEO plugin v26.7 - https:\/\/yoast.com\/wordpress\/plugins\/seo\/ -->\n<title>Plexio Vorbeiflug - Schaffenburg<\/title>\n<meta name=\"robots\" content=\"index, follow, max-snippet:-1, max-image-preview:large, max-video-preview:-1\" \/>\n<link rel=\"canonical\" href=\"https:\/\/portal.schaffenburg.nl\/de\/produkt\/plexio-vorbeiflug\/\" \/>\n<meta property=\"og:locale\" content=\"de_DE\" \/>\n<meta property=\"og:type\" content=\"article\" \/>\n<meta property=\"og:title\" content=\"Plexio Vorbeiflug - Schaffenburg\" \/>\n<meta property=\"og:description\" content=\"Hochwertiges klares Plexiglas Einfach zu benutzen Leicht zu reinigen und zu desinfizieren Optionale Fly-by-Halterungen in Wei\u00df, Schwarz und Aluminium. Kabeldurchf\u00fchrungsschlitz f\u00fcr die Verkabelung oder den TFT-Arm der Workstation. Plexio ist 75 cm hoch. Die Plexiwand ist 5 mm dick Andere Gr\u00f6\u00dfen auf Anfrage Optional mit blauem Schimmer oder Satin. &nbsp;\" \/>\n<meta property=\"og:url\" content=\"https:\/\/portal.schaffenburg.nl\/de\/produkt\/plexio-vorbeiflug\/\" \/>\n<meta property=\"og:site_name\" content=\"Schaffenburg\" \/>\n<meta property=\"og:image\" content=\"https:\/\/portal.schaffenburg.nl\/wp-content\/uploads\/2024\/09\/PLEXIO-FLY-BY-2.jpg?wsr\" \/>\n\t<meta property=\"og:image:width\" content=\"480\" \/>\n\t<meta property=\"og:image:height\" content=\"640\" \/>\n\t<meta property=\"og:image:type\" content=\"image\/jpeg\" \/>\n<meta name=\"twitter:card\" content=\"summary_large_image\" \/>\n<script type=\"application\/ld+json\" class=\"yoast-schema-graph\">{\"@context\":\"https:\/\/schema.org\",\"@graph\":[{\"@type\":\"WebPage\",\"@id\":\"https:\/\/portal.schaffenburg.nl\/de\/produkt\/plexio-vorbeiflug\/\",\"url\":\"https:\/\/portal.schaffenburg.nl\/de\/produkt\/plexio-vorbeiflug\/\",\"name\":\"Plexio Vorbeiflug - Schaffenburg\",\"isPartOf\":{\"@id\":\"https:\/\/portal.schaffenburg.nl\/de\/#website\"},\"primaryImageOfPage\":{\"@id\":\"https:\/\/portal.schaffenburg.nl\/de\/produkt\/plexio-vorbeiflug\/#primaryimage\"},\"image\":{\"@id\":\"https:\/\/portal.schaffenburg.nl\/de\/produkt\/plexio-vorbeiflug\/#primaryimage\"},\"thumbnailUrl\":\"https:\/\/portal.schaffenburg.nl\/wp-content\/uploads\/2024\/09\/PLEXIO-FLY-BY-2.jpg?wsr\",\"datePublished\":\"2020-05-01T08:16:00+00:00\",\"breadcrumb\":{\"@id\":\"https:\/\/portal.schaffenburg.nl\/de\/produkt\/plexio-vorbeiflug\/#breadcrumb\"},\"inLanguage\":\"de\",\"potentialAction\":[{\"@type\":\"ReadAction\",\"target\":[\"https:\/\/portal.schaffenburg.nl\/de\/produkt\/plexio-vorbeiflug\/\"]}]},{\"@type\":\"ImageObject\",\"inLanguage\":\"de\",\"@id\":\"https:\/\/portal.schaffenburg.nl\/de\/produkt\/plexio-vorbeiflug\/#primaryimage\",\"url\":\"https:\/\/portal.schaffenburg.nl\/wp-content\/uploads\/2024\/09\/PLEXIO-FLY-BY-2.jpg?wsr\",\"contentUrl\":\"https:\/\/portal.schaffenburg.nl\/wp-content\/uploads\/2024\/09\/PLEXIO-FLY-BY-2.jpg?wsr\",\"width\":480,\"height\":640},{\"@type\":\"BreadcrumbList\",\"@id\":\"https:\/\/portal.schaffenburg.nl\/de\/produkt\/plexio-vorbeiflug\/#breadcrumb\",\"itemListElement\":[{\"@type\":\"ListItem\",\"position\":1,\"name\":\"Home\",\"item\":\"https:\/\/portal.schaffenburg.nl\/de\/\"},{\"@type\":\"ListItem\",\"position\":2,\"name\":\"Plexio Vorbeiflug\"}]},{\"@type\":\"WebSite\",\"@id\":\"https:\/\/portal.schaffenburg.nl\/de\/#website\",\"url\":\"https:\/\/portal.schaffenburg.nl\/de\/\",\"name\":\"Schaffenburg\",\"description\":\"\",\"potentialAction\":[{\"@type\":\"SearchAction\",\"target\":{\"@type\":\"EntryPoint\",\"urlTemplate\":\"https:\/\/portal.schaffenburg.nl\/de\/?s={search_term_string}\"},\"query-input\":{\"@type\":\"PropertyValueSpecification\",\"valueRequired\":true,\"valueName\":\"search_term_string\"}}],\"inLanguage\":\"de\"}]}<\/script>\n<!-- \/ Yoast SEO plugin. -->","yoast_head_json":{"title":"Plexio Vorbeiflug - Schaffenburg","robots":{"index":"index","follow":"follow","max-snippet":"max-snippet:-1","max-image-preview":"max-image-preview:large","max-video-preview":"max-video-preview:-1"},"canonical":"https:\/\/portal.schaffenburg.nl\/de\/produkt\/plexio-vorbeiflug\/","og_locale":"de_DE","og_type":"article","og_title":"Plexio Vorbeiflug - Schaffenburg","og_description":"Hochwertiges klares Plexiglas Einfach zu benutzen Leicht zu reinigen und zu desinfizieren Optionale Fly-by-Halterungen in Wei\u00df, Schwarz und Aluminium. Kabeldurchf\u00fchrungsschlitz f\u00fcr die Verkabelung oder den TFT-Arm der Workstation. Plexio ist 75 cm hoch. Die Plexiwand ist 5 mm dick Andere Gr\u00f6\u00dfen auf Anfrage Optional mit blauem Schimmer oder Satin. &nbsp;","og_url":"https:\/\/portal.schaffenburg.nl\/de\/produkt\/plexio-vorbeiflug\/","og_site_name":"Schaffenburg","og_image":[{"width":480,"height":640,"url":"https:\/\/portal.schaffenburg.nl\/wp-content\/uploads\/2024\/09\/PLEXIO-FLY-BY-2.jpg?wsr","type":"image\/jpeg"}],"twitter_card":"summary_large_image","schema":{"@context":"https:\/\/schema.org","@graph":[{"@type":"WebPage","@id":"https:\/\/portal.schaffenburg.nl\/de\/produkt\/plexio-vorbeiflug\/","url":"https:\/\/portal.schaffenburg.nl\/de\/produkt\/plexio-vorbeiflug\/","name":"Plexio Vorbeiflug - Schaffenburg","isPartOf":{"@id":"https:\/\/portal.schaffenburg.nl\/de\/#website"},"primaryImageOfPage":{"@id":"https:\/\/portal.schaffenburg.nl\/de\/produkt\/plexio-vorbeiflug\/#primaryimage"},"image":{"@id":"https:\/\/portal.schaffenburg.nl\/de\/produkt\/plexio-vorbeiflug\/#primaryimage"},"thumbnailUrl":"https:\/\/portal.schaffenburg.nl\/wp-content\/uploads\/2024\/09\/PLEXIO-FLY-BY-2.jpg?wsr","datePublished":"2020-05-01T08:16:00+00:00","breadcrumb":{"@id":"https:\/\/portal.schaffenburg.nl\/de\/produkt\/plexio-vorbeiflug\/#breadcrumb"},"inLanguage":"de","potentialAction":[{"@type":"ReadAction","target":["https:\/\/portal.schaffenburg.nl\/de\/produkt\/plexio-vorbeiflug\/"]}]},{"@type":"ImageObject","inLanguage":"de","@id":"https:\/\/portal.schaffenburg.nl\/de\/produkt\/plexio-vorbeiflug\/#primaryimage","url":"https:\/\/portal.schaffenburg.nl\/wp-content\/uploads\/2024\/09\/PLEXIO-FLY-BY-2.jpg?wsr","contentUrl":"https:\/\/portal.schaffenburg.nl\/wp-content\/uploads\/2024\/09\/PLEXIO-FLY-BY-2.jpg?wsr","width":480,"height":640},{"@type":"BreadcrumbList","@id":"https:\/\/portal.schaffenburg.nl\/de\/produkt\/plexio-vorbeiflug\/#breadcrumb","itemListElement":[{"@type":"ListItem","position":1,"name":"Home","item":"https:\/\/portal.schaffenburg.nl\/de\/"},{"@type":"ListItem","position":2,"name":"Plexio Vorbeiflug"}]},{"@type":"WebSite","@id":"https:\/\/portal.schaffenburg.nl\/de\/#website","url":"https:\/\/portal.schaffenburg.nl\/de\/","name":"Schaffenburg","description":"","potentialAction":[{"@type":"SearchAction","target":{"@type":"EntryPoint","urlTemplate":"https:\/\/portal.schaffenburg.nl\/de\/?s={search_term_string}"},"query-input":{"@type":"PropertyValueSpecification","valueRequired":true,"valueName":"search_term_string"}}],"inLanguage":"de"}]}},"_links":{"self":[{"href":"https:\/\/portal.schaffenburg.nl\/de\/wp-json\/wp\/v2\/product\/28062","targetHints":{"allow":["GET"]}}],"collection":[{"href":"https:\/\/portal.schaffenburg.nl\/de\/wp-json\/wp\/v2\/product"}],"about":[{"href":"https:\/\/portal.schaffenburg.nl\/de\/wp-json\/wp\/v2\/types\/product"}],"replies":[{"embeddable":true,"href":"https:\/\/portal.schaffenburg.nl\/de\/wp-json\/wp\/v2\/comments?post=28062"}],"wp:featuredmedia":[{"embeddable":true,"href":"https:\/\/portal.schaffenburg.nl\/de\/wp-json\/wp\/v2\/media\/23308"}],"wp:attachment":[{"href":"https:\/\/portal.schaffenburg.nl\/de\/wp-json\/wp\/v2\/media?parent=28062"}],"wp:term":[{"taxonomy":"product_brand","embeddable":true,"href":"https:\/\/portal.schaffenburg.nl\/de\/wp-json\/wp\/v2\/product_brand?post=28062"},{"taxonomy":"product_cat","embeddable":true,"href":"https:\/\/portal.schaffenburg.nl\/de\/wp-json\/wp\/v2\/product_cat?post=28062"},{"taxonomy":"product_tag","embeddable":true,"href":"https:\/\/portal.schaffenburg.nl\/de\/wp-json\/wp\/v2\/product_tag?post=28062"}],"curies":[{"name":"wp","href":"https:\/\/api.w.org\/{rel}","templated":true}]}}