{"id":28068,"date":"2020-08-13T11:12:50","date_gmt":"2020-08-13T11:12:50","guid":{"rendered":"https:\/\/staging-schaffenburg.nl\/product\/sitz-stehstuhl-serie-235\/"},"modified":"2020-08-13T11:12:50","modified_gmt":"2020-08-13T11:12:50","slug":"sitz-stehstuhl-serie-235","status":"publish","type":"product","link":"https:\/\/portal.schaffenburg.nl\/de\/produkt\/sitz-stehstuhl-serie-235\/","title":{"rendered":"Sitz-\/Stehstuhl Serie 235"},"content":{"rendered":"Entdecken Sie unseren Sitz-\/Stehstuhl der Serie 235: ein ergonomischer Sitz-\/Stehstuhl mit einem Verstellbereich von 655-850 mm, perfekt f\u00fcr Sitz-\/Steharbeitspl\u00e4tze. Der ergonomisch geformte Sitz und die verstellbare H\u00f6he erm\u00f6glichen ein bequemes Sitzen oder Stehen bei der Arbeit \u00fcber einen l\u00e4ngeren Zeitraum hinweg. Der Sitz-\/Stehstuhl hat eine Sitztiefe von 33,5 cm und ist f\u00fcr Menschen mit unterschiedlichem K\u00f6rperbau geeignet.  \nMit dem Sitz-Steh-Stuhl k\u00f6nnen Sie die H\u00f6he ganz einfach an Ihre pers\u00f6nlichen Vorlieben und Ihren Komfort anpassen. Das Gestell des Sitz-Steh-Stuhls ist in Schwarz gehalten und das Untergestell besteht aus schwarzem Kunststoff, was ihm einen modernen und eleganten Look verleiht. Au\u00dferdem ist der Sitz mit schwarzem Stoff bezogen, der sich nicht nur bequem anf\u00fchlt, sondern auch langlebig ist.  \nEgal, ob Sie ein Heimb\u00fcro oder einen professionellen Arbeitsplatz haben, der Steh-Sitz-Stuhl ist die perfekte Erg\u00e4nzung f\u00fcr Ihren Arbeitsplatz. Dank der H\u00f6henverstellung k\u00f6nnen Sie problemlos zwischen Sitzen und Stehen wechseln, was R\u00fcckenschmerzen und M\u00fcdigkeit vorbeugt und Ihre Produktivit\u00e4t steigert. Dar\u00fcber hinaus ist der Aufstehsessel leicht zu bewegen, was ihn zu einer flexiblen und praktischen L\u00f6sung f\u00fcr jeden Arbeitsplatz macht.  \nDer Sitz-Steh-Stuhl erm\u00f6glicht es Ihnen, sich auf Ihre Arbeit und nicht auf Ihre K\u00f6rperhaltung zu konzentrieren. Ganz gleich, ob Sie den ganzen Tag am Schreibtisch arbeiten oder hin und wieder ein Dokument unterschreiben m\u00fcssen, der Aufstehstuhl bietet Ihnen die richtige Unterst\u00fctzung und den richtigen Komfort. Investieren Sie in Ihre Gesundheit und Produktivit\u00e4t mit dem Serie 235 Steh-Sitz-Stuhl.  \n<h6>Eigenschaften<\/h6>\n<ul>\n<li>Sitzen\/Stehen mit ergonomisch geformtem Sitz<\/li>\n<li>Ideal f\u00fcr Sitz-\/Steharbeitspl\u00e4tze<\/li>\n<li>Verstellbereich 655 - 850 mm<\/li>\n<li>Sitztiefe: 33 cm<\/li>\n<li>H\u00f6henverstellbar<\/li>\n<li>Rahmen schwarz<\/li>\n<li>Fu\u00df schwarzer Kunststoff<\/li>\n<li>Schwarzer Stoff<\/li>\n<\/ul>\n","protected":false},"excerpt":{"rendered":"<p>Entdecken Sie unseren ergonomischen Sitz-\/Stehstuhl der Serie 235, der sich perfekt f\u00fcr Sitz-\/Steharbeitspl\u00e4tze eignet. Die verstellbare H\u00f6he von 655-850 mm und der ergonomisch geformte Sitz bieten Komfort und Halt. Mit seinem modernen schwarzen Gestell und der schwarzen Stoffpolsterung passt der Steh-Sitz-Stuhl perfekt in jeden Arbeitsbereich. Steigern Sie Ihre Produktivit\u00e4t und beugen Sie R\u00fcckenschmerzen vor mit dem Series 235 Sit-stand.   <\/p>\n","protected":false},"featured_media":23236,"comment_status":"closed","ping_status":"closed","template":"","meta":{"_acf_changed":false},"product_brand":[],"product_cat":[2140,3052],"product_tag":[2573,4090,4109,2618,4092,4110,2647,4094,4111,2707,4096,4112,2720,4097,4113,2925,4098,2142,3118,4099,2143,3132,4100,2151,3246,4101,2157,3678,4102,2161,3679,4103,2166,3682,4104,2285,3685,4105,2467,3998,4106,2472,4086,4107,2477,4088,4108],"class_list":{"0":"post-28068","1":"product","2":"type-product","3":"status-publish","4":"has-post-thumbnail","6":"product_cat-schnelle-lieferung","7":"product_cat-buerostuehle","8":"product_tag-stoff","9":"product_tag-sitz","10":"product_tag-studienraum","11":"product_tag-heimburo","12":"product_tag-bewegung","13":"product_tag-fusstutze","14":"product_tag-moderner-arbeitsplatz","15":"product_tag-pravention","16":"product_tag-sitz-steh-hocker","17":"product_tag-ergonomisch-de","18":"product_tag-hohenverstellbar-de","19":"product_tag-aufstehhilfe","20":"product_tag-flexibel-de","21":"product_tag-langlebiges-material","22":"product_tag-schwarzes-design","23":"product_tag-sitz-steharbeitsplatz","24":"product_tag-vielfaltige-arbeitseinstellung","25":"product_tag-komfort","26":"product_tag-tragbar","27":"product_tag-sorte","28":"product_tag-nachhaltig","29":"product_tag-arbeitsplatz-de","30":"product_tag-unterstutzung-des-beckens","31":"product_tag-professionell","32":"product_tag-plastik","33":"product_tag-bequemes-stehen","34":"product_tag-modern-de","35":"product_tag-unterstutzen-sie","36":"product_tag-bequemes-sitzen","37":"product_tag-einfach","38":"product_tag-ruckenschmerzen","39":"product_tag-kompaktes-design","40":"product_tag-rahmen","41":"product_tag-mudigkeit","42":"product_tag-ergonomischer-sitz","43":"product_tag-buro","44":"product_tag-gesundheit","45":"product_tag-korperhaltung","46":"product_tag-produktivitat","47":"product_tag-ruckenstutze","48":"product_tag-langeres-sitzen","49":"product_tag-handy","50":"product_tag-gesunde-arbeit","51":"product_tag-korpertyp","52":"product_tag-investition","53":"product_tag-konzentration","54":"product_tag-korperlichen-beschwerden-vorbeugen","56":"first","57":"instock","58":"purchasable","59":"product-type-simple"},"acf":{"downloads":[{"label":"","bestand":34157,"toegankelijkheid":"resellers"},{"label":"","bestand":34785,"toegankelijkheid":"resellers"},{"label":"","bestand":16213,"toegankelijkheid":"resellers"},{"label":"","bestand":"","toegankelijkheid":"resellers"},{"label":"","bestand":34788,"toegankelijkheid":"resellers"},{"label":"","bestand":16209,"toegankelijkheid":"resellers"},{"label":"","bestand":"","toegankelijkheid":"resellers"},{"label":"","bestand":"","toegankelijkheid":"resellers"},{"label":"","bestand":"","toegankelijkheid":"resellers"},{"label":"","bestand":"","toegankelijkheid":"resellers"},{"label":"","bestand":34791,"toegankelijkheid":"resellers"},{"label":"","bestand":16211,"toegankelijkheid":"resellers"}]},"yoast_head":"<!-- This site is optimized with the Yoast SEO plugin v26.7 - https:\/\/yoast.com\/wordpress\/plugins\/seo\/ -->\n<title>Sitz-\/Stehstuhl Serie 235 - F\u00fcr Sitz-\/Steharbeitspl\u00e4tze - Schaffenburg<\/title>\n<meta name=\"description\" content=\"Entdecken Sie unseren ergonomischen Sitz-\/Stehstuhl der Serie 235, perfekt f\u00fcr Sitz-\/Steharbeitspl\u00e4tze. H\u00f6henverstellbar, ergonomisch geformter Sitz und modernes schwarzes Design.\" \/>\n<meta name=\"robots\" content=\"index, follow, max-snippet:-1, max-image-preview:large, max-video-preview:-1\" \/>\n<link rel=\"canonical\" href=\"https:\/\/portal.schaffenburg.nl\/de\/produkt\/sitz-stehstuhl-serie-235\/\" \/>\n<meta property=\"og:locale\" content=\"de_DE\" \/>\n<meta property=\"og:type\" content=\"article\" \/>\n<meta property=\"og:title\" content=\"Sitz-\/Stehstuhl Serie 235 - F\u00fcr Sitz-\/Steharbeitspl\u00e4tze - Schaffenburg\" \/>\n<meta property=\"og:description\" content=\"Entdecken Sie unseren ergonomischen Sitz-\/Stehstuhl der Serie 235, perfekt f\u00fcr Sitz-\/Steharbeitspl\u00e4tze. H\u00f6henverstellbar, ergonomisch geformter Sitz und modernes schwarzes Design.\" \/>\n<meta property=\"og:url\" content=\"https:\/\/portal.schaffenburg.nl\/de\/produkt\/sitz-stehstuhl-serie-235\/\" \/>\n<meta property=\"og:site_name\" content=\"Schaffenburg\" \/>\n<meta property=\"og:image\" content=\"https:\/\/portal.schaffenburg.nl\/wp-content\/uploads\/2024\/09\/serie-235-hoog-added-height-e1671449403281.png?wsr\" \/>\n\t<meta property=\"og:image:width\" content=\"628\" \/>\n\t<meta property=\"og:image:height\" content=\"1000\" \/>\n\t<meta property=\"og:image:type\" content=\"image\/png\" \/>\n<meta name=\"twitter:card\" content=\"summary_large_image\" \/>\n<meta name=\"twitter:label1\" content=\"Gesch\u00e4tzte Lesezeit\" \/>\n\t<meta name=\"twitter:data1\" content=\"1\u00a0Minute\" \/>\n<script type=\"application\/ld+json\" class=\"yoast-schema-graph\">{\"@context\":\"https:\/\/schema.org\",\"@graph\":[{\"@type\":\"WebPage\",\"@id\":\"https:\/\/portal.schaffenburg.nl\/de\/produkt\/sitz-stehstuhl-serie-235\/\",\"url\":\"https:\/\/portal.schaffenburg.nl\/de\/produkt\/sitz-stehstuhl-serie-235\/\",\"name\":\"Sitz-\/Stehstuhl Serie 235 - F\u00fcr Sitz-\/Steharbeitspl\u00e4tze - Schaffenburg\",\"isPartOf\":{\"@id\":\"https:\/\/portal.schaffenburg.nl\/de\/#website\"},\"primaryImageOfPage\":{\"@id\":\"https:\/\/portal.schaffenburg.nl\/de\/produkt\/sitz-stehstuhl-serie-235\/#primaryimage\"},\"image\":{\"@id\":\"https:\/\/portal.schaffenburg.nl\/de\/produkt\/sitz-stehstuhl-serie-235\/#primaryimage\"},\"thumbnailUrl\":\"https:\/\/portal.schaffenburg.nl\/wp-content\/uploads\/2024\/09\/serie-235-hoog-added-height-e1671449403281.png?wsr\",\"datePublished\":\"2020-08-13T11:12:50+00:00\",\"description\":\"Entdecken Sie unseren ergonomischen Sitz-\/Stehstuhl der Serie 235, perfekt f\u00fcr Sitz-\/Steharbeitspl\u00e4tze. H\u00f6henverstellbar, ergonomisch geformter Sitz und modernes schwarzes Design.\",\"breadcrumb\":{\"@id\":\"https:\/\/portal.schaffenburg.nl\/de\/produkt\/sitz-stehstuhl-serie-235\/#breadcrumb\"},\"inLanguage\":\"de\",\"potentialAction\":[{\"@type\":\"ReadAction\",\"target\":[\"https:\/\/portal.schaffenburg.nl\/de\/produkt\/sitz-stehstuhl-serie-235\/\"]}]},{\"@type\":\"ImageObject\",\"inLanguage\":\"de\",\"@id\":\"https:\/\/portal.schaffenburg.nl\/de\/produkt\/sitz-stehstuhl-serie-235\/#primaryimage\",\"url\":\"https:\/\/portal.schaffenburg.nl\/wp-content\/uploads\/2024\/09\/serie-235-hoog-added-height-e1671449403281.png?wsr\",\"contentUrl\":\"https:\/\/portal.schaffenburg.nl\/wp-content\/uploads\/2024\/09\/serie-235-hoog-added-height-e1671449403281.png?wsr\",\"width\":628,\"height\":1000,\"caption\":\"Sitz-\/Stehstuhl Serie 235\"},{\"@type\":\"BreadcrumbList\",\"@id\":\"https:\/\/portal.schaffenburg.nl\/de\/produkt\/sitz-stehstuhl-serie-235\/#breadcrumb\",\"itemListElement\":[{\"@type\":\"ListItem\",\"position\":1,\"name\":\"Home\",\"item\":\"https:\/\/portal.schaffenburg.nl\/de\/\"},{\"@type\":\"ListItem\",\"position\":2,\"name\":\"Sitz-\/Stehstuhl Serie 235\"}]},{\"@type\":\"WebSite\",\"@id\":\"https:\/\/portal.schaffenburg.nl\/de\/#website\",\"url\":\"https:\/\/portal.schaffenburg.nl\/de\/\",\"name\":\"Schaffenburg\",\"description\":\"\",\"potentialAction\":[{\"@type\":\"SearchAction\",\"target\":{\"@type\":\"EntryPoint\",\"urlTemplate\":\"https:\/\/portal.schaffenburg.nl\/de\/?s={search_term_string}\"},\"query-input\":{\"@type\":\"PropertyValueSpecification\",\"valueRequired\":true,\"valueName\":\"search_term_string\"}}],\"inLanguage\":\"de\"}]}<\/script>\n<!-- \/ Yoast SEO plugin. -->","yoast_head_json":{"title":"Sitz-\/Stehstuhl Serie 235 - F\u00fcr Sitz-\/Steharbeitspl\u00e4tze - Schaffenburg","description":"Entdecken Sie unseren ergonomischen Sitz-\/Stehstuhl der Serie 235, perfekt f\u00fcr Sitz-\/Steharbeitspl\u00e4tze. H\u00f6henverstellbar, ergonomisch geformter Sitz und modernes schwarzes Design.","robots":{"index":"index","follow":"follow","max-snippet":"max-snippet:-1","max-image-preview":"max-image-preview:large","max-video-preview":"max-video-preview:-1"},"canonical":"https:\/\/portal.schaffenburg.nl\/de\/produkt\/sitz-stehstuhl-serie-235\/","og_locale":"de_DE","og_type":"article","og_title":"Sitz-\/Stehstuhl Serie 235 - F\u00fcr Sitz-\/Steharbeitspl\u00e4tze - Schaffenburg","og_description":"Entdecken Sie unseren ergonomischen Sitz-\/Stehstuhl der Serie 235, perfekt f\u00fcr Sitz-\/Steharbeitspl\u00e4tze. H\u00f6henverstellbar, ergonomisch geformter Sitz und modernes schwarzes Design.","og_url":"https:\/\/portal.schaffenburg.nl\/de\/produkt\/sitz-stehstuhl-serie-235\/","og_site_name":"Schaffenburg","og_image":[{"width":628,"height":1000,"url":"https:\/\/portal.schaffenburg.nl\/wp-content\/uploads\/2024\/09\/serie-235-hoog-added-height-e1671449403281.png?wsr","type":"image\/png"}],"twitter_card":"summary_large_image","twitter_misc":{"Gesch\u00e4tzte Lesezeit":"1\u00a0Minute"},"schema":{"@context":"https:\/\/schema.org","@graph":[{"@type":"WebPage","@id":"https:\/\/portal.schaffenburg.nl\/de\/produkt\/sitz-stehstuhl-serie-235\/","url":"https:\/\/portal.schaffenburg.nl\/de\/produkt\/sitz-stehstuhl-serie-235\/","name":"Sitz-\/Stehstuhl Serie 235 - F\u00fcr Sitz-\/Steharbeitspl\u00e4tze - Schaffenburg","isPartOf":{"@id":"https:\/\/portal.schaffenburg.nl\/de\/#website"},"primaryImageOfPage":{"@id":"https:\/\/portal.schaffenburg.nl\/de\/produkt\/sitz-stehstuhl-serie-235\/#primaryimage"},"image":{"@id":"https:\/\/portal.schaffenburg.nl\/de\/produkt\/sitz-stehstuhl-serie-235\/#primaryimage"},"thumbnailUrl":"https:\/\/portal.schaffenburg.nl\/wp-content\/uploads\/2024\/09\/serie-235-hoog-added-height-e1671449403281.png?wsr","datePublished":"2020-08-13T11:12:50+00:00","description":"Entdecken Sie unseren ergonomischen Sitz-\/Stehstuhl der Serie 235, perfekt f\u00fcr Sitz-\/Steharbeitspl\u00e4tze. H\u00f6henverstellbar, ergonomisch geformter Sitz und modernes schwarzes Design.","breadcrumb":{"@id":"https:\/\/portal.schaffenburg.nl\/de\/produkt\/sitz-stehstuhl-serie-235\/#breadcrumb"},"inLanguage":"de","potentialAction":[{"@type":"ReadAction","target":["https:\/\/portal.schaffenburg.nl\/de\/produkt\/sitz-stehstuhl-serie-235\/"]}]},{"@type":"ImageObject","inLanguage":"de","@id":"https:\/\/portal.schaffenburg.nl\/de\/produkt\/sitz-stehstuhl-serie-235\/#primaryimage","url":"https:\/\/portal.schaffenburg.nl\/wp-content\/uploads\/2024\/09\/serie-235-hoog-added-height-e1671449403281.png?wsr","contentUrl":"https:\/\/portal.schaffenburg.nl\/wp-content\/uploads\/2024\/09\/serie-235-hoog-added-height-e1671449403281.png?wsr","width":628,"height":1000,"caption":"Sitz-\/Stehstuhl Serie 235"},{"@type":"BreadcrumbList","@id":"https:\/\/portal.schaffenburg.nl\/de\/produkt\/sitz-stehstuhl-serie-235\/#breadcrumb","itemListElement":[{"@type":"ListItem","position":1,"name":"Home","item":"https:\/\/portal.schaffenburg.nl\/de\/"},{"@type":"ListItem","position":2,"name":"Sitz-\/Stehstuhl Serie 235"}]},{"@type":"WebSite","@id":"https:\/\/portal.schaffenburg.nl\/de\/#website","url":"https:\/\/portal.schaffenburg.nl\/de\/","name":"Schaffenburg","description":"","potentialAction":[{"@type":"SearchAction","target":{"@type":"EntryPoint","urlTemplate":"https:\/\/portal.schaffenburg.nl\/de\/?s={search_term_string}"},"query-input":{"@type":"PropertyValueSpecification","valueRequired":true,"valueName":"search_term_string"}}],"inLanguage":"de"}]}},"_links":{"self":[{"href":"https:\/\/portal.schaffenburg.nl\/de\/wp-json\/wp\/v2\/product\/28068","targetHints":{"allow":["GET"]}}],"collection":[{"href":"https:\/\/portal.schaffenburg.nl\/de\/wp-json\/wp\/v2\/product"}],"about":[{"href":"https:\/\/portal.schaffenburg.nl\/de\/wp-json\/wp\/v2\/types\/product"}],"replies":[{"embeddable":true,"href":"https:\/\/portal.schaffenburg.nl\/de\/wp-json\/wp\/v2\/comments?post=28068"}],"wp:featuredmedia":[{"embeddable":true,"href":"https:\/\/portal.schaffenburg.nl\/de\/wp-json\/wp\/v2\/media\/23236"}],"wp:attachment":[{"href":"https:\/\/portal.schaffenburg.nl\/de\/wp-json\/wp\/v2\/media?parent=28068"}],"wp:term":[{"taxonomy":"product_brand","embeddable":true,"href":"https:\/\/portal.schaffenburg.nl\/de\/wp-json\/wp\/v2\/product_brand?post=28068"},{"taxonomy":"product_cat","embeddable":true,"href":"https:\/\/portal.schaffenburg.nl\/de\/wp-json\/wp\/v2\/product_cat?post=28068"},{"taxonomy":"product_tag","embeddable":true,"href":"https:\/\/portal.schaffenburg.nl\/de\/wp-json\/wp\/v2\/product_tag?post=28068"}],"curies":[{"name":"wp","href":"https:\/\/api.w.org\/{rel}","templated":true}]}}