{"id":28155,"date":"2020-09-01T08:14:17","date_gmt":"2020-09-01T06:14:17","guid":{"rendered":"https:\/\/staging-schaffenburg.nl\/product\/universal-kabelrinne-140-cm\/"},"modified":"2020-09-01T08:14:17","modified_gmt":"2020-09-01T08:14:17","slug":"universal-kabelrinne-140-cm","status":"publish","type":"product","link":"https:\/\/portal.schaffenburg.nl\/de\/produkt\/universal-kabelrinne-140-cm\/","title":{"rendered":"Universal-Kabelrinne 140 cm"},"content":{"rendered":"Die Universal-Kabelschublade 140 cm ist eine vielseitige L\u00f6sung f\u00fcr alle, die auf einen aufger\u00e4umten Arbeitsplatz Wert legen. Die Kabelschublade kann unter jeder Arbeitsplatte montiert werden und bietet so eine praktische M\u00f6glichkeit, alle Kabel zu organisieren und aufzur\u00e4umen. \nMit einer Breite von 140 cm haben Sie genug Platz f\u00fcr all Ihre Kabel und Schn\u00fcre. Er ist so konzipiert, dass Sie die Kabel leicht organisieren und verstauen k\u00f6nnen. Dar\u00fcber hinaus k\u00f6nnen Sie die H\u00f6he der Kabelwanne in 3 verschiedene Positionen einstellen, je nach Ihren speziellen Bed\u00fcrfnissen. So k\u00f6nnen Sie sicher sein, dass sich die Kabel in der richtigen H\u00f6he befinden und Ihr Arbeitsbereich aufger\u00e4umt bleibt.   \nDank des kipp- und klappbaren Designs dieser Kabelschublade k\u00f6nnen Sie die ben\u00f6tigten Kabel leicht erreichen. Egal, ob Sie einen Computer, einen Drucker, einen Scanner oder ein anderes Ger\u00e4t verwenden, diese Kabelschublade sorgt daf\u00fcr, dass die Kabel immer ordentlich und organisiert sind. \nDie Universal-Kabelrinne 140 cm ist in 3 verschiedenen Farben erh\u00e4ltlich: Wei\u00df, Schwarz und Aluminium. So k\u00f6nnen Sie die Farbe w\u00e4hlen, die am besten zu Ihrem Arbeitsplatz und Ihrer Einrichtung passt. Diese Farben lassen sich auch gut mit anderen B\u00fcroartikeln und M\u00f6beln kombinieren.  \nDie Bestellung der klappbaren 140 cm langen Kabelwanne ist eine kluge Wahl, wenn Sie einen aufger\u00e4umten Arbeitsplatz haben und eine einfache Kabelverwaltung durchf\u00fchren m\u00f6chten. Dieses Produkt eignet sich auch f\u00fcr eine einzelne Kabelschublade unter Arbeitsplatten \u00fcber 180 cm. Bestellen Sie noch heute und machen Sie Schluss mit dem Kabelsalat in Ihrem Arbeitsbereich!  \n<h4>Eigenschaften<\/h4>\n<ul>\n<li class=\"p1\">Kabelrinne einzeln f\u00fcr unter der Arbeitsplatte (&gt;180cm).<\/li>\n<li>Erh\u00e4ltlich in Wei\u00df, Aluminium und Schwarz.<\/li>\n<li>Kippbar\/klappbar<\/li>\n<\/ul>\n<em>F\u00fcr Tischplatten unter 180 cm k\u00f6nnen Sie die <a href=\"https:\/\/www.schaffenburg.nl\/shop\/snellever\/accessoires-snellever\/kabelgeleiding-snellever\/universeel-kabellade-110-cm\/\" target=\"_blank\" rel=\"noopener noreferrer\">Universal-Kabelwanne 110 cm<\/a> verwenden.<\/em>\n","protected":false},"excerpt":{"rendered":"<p>Die Universal-Kabelschublade 140 cm ist eine klappbare und kippbare Kabelschublade, die sich leicht unter jeder Arbeitsplatte montieren l\u00e4sst. Mit einer Breite von 140 cm und der in 3 Positionen verstellbaren H\u00f6he bietet sie gen\u00fcgend Platz f\u00fcr alle Ihre Kabel. Erh\u00e4ltlich in Wei\u00df, Schwarz und Aluminium.  <\/p>\n<p><strong>F\u00fcr Arbeitsplatten ab 180 cm Breite. <\/strong>F\u00fcr Tischplatten unter 180 cm k\u00f6nnen Sie die <a href=\"https:\/\/www.schaffenburg.nl\/shop\/snellever\/accessoires-snellever\/kabelgeleiding-snellever\/universeel-kabellade-110-cm\/\" target=\"_blank\" rel=\"noopener noreferrer\">Universal-Kabelwanne 110 cm<\/a> verwenden.<\/p>\n","protected":false},"featured_media":23648,"comment_status":"closed","ping_status":"closed","template":"","meta":{"_acf_changed":false},"product_brand":[],"product_cat":[2415,2140,2616],"product_tag":[2424,2631,2427,2632,2617,2633,2618,2634,2619,2635,2620,2636,2621,3132,2622,3329,2623,4153,2624,2625,2626,2627,2628,2629,2145,2630],"class_list":{"0":"post-28155","1":"product","2":"type-product","3":"status-publish","4":"has-post-thumbnail","6":"product_cat-schreibtisch-tischzubehor","7":"product_cat-schnelle-lieferung","8":"product_cat-kabelfuhrung","9":"product_tag-aluminium-de","10":"product_tag-kabelmanagement-de-3","11":"product_tag-weis","12":"product_tag-kippen","13":"product_tag-einstellbar","14":"product_tag-aufgelost","15":"product_tag-heimburo","16":"product_tag-zusammenklappbar","17":"product_tag-buro-de","18":"product_tag-arbeitsblatt","19":"product_tag-kabelmanagement-de","20":"product_tag-arbeitsplatz","21":"product_tag-metall","22":"product_tag-arbeitsplatz-de","23":"product_tag-universal-de","24":"product_tag-zubehor-fur-den-schreibtisch-de","25":"product_tag-zubehor-fur-den-schreibtisch","26":"product_tag-breite-140-cm","27":"product_tag-desktop-de","28":"product_tag-kabel-de","29":"product_tag-kabelmanagement-de-2","30":"product_tag-kabelbox","31":"product_tag-kabelkanal","32":"product_tag-kabelrinne","33":"product_tag-schwarz","34":"product_tag-kabel-organisieren","35":"pa_kleuren-accessoires-aluminium-de","36":"pa_kleuren-accessoires-schwarz","37":"pa_kleuren-accessoires-weiss","38":"pa_lengte-140cm-de","40":"first","41":"instock","42":"purchasable","43":"product-type-variable"},"acf":{"downloads":null},"yoast_head":"<!-- This site is optimized with the Yoast SEO plugin v26.7 - https:\/\/yoast.com\/wordpress\/plugins\/seo\/ -->\n<title>Universal-Kabelrinne 140 cm - Schaffenburg<\/title>\n<meta name=\"robots\" content=\"index, follow, max-snippet:-1, max-image-preview:large, max-video-preview:-1\" \/>\n<link rel=\"canonical\" href=\"https:\/\/portal.schaffenburg.nl\/de\/produkt\/universal-kabelrinne-140-cm\/\" \/>\n<meta property=\"og:locale\" content=\"de_DE\" \/>\n<meta property=\"og:type\" content=\"article\" \/>\n<meta property=\"og:title\" content=\"Universal-Kabelrinne 140 cm - Schaffenburg\" \/>\n<meta property=\"og:description\" content=\"Die Universal-Kabelschublade 140 cm ist eine klappbare und kippbare Kabelschublade, die sich leicht unter jeder Arbeitsplatte montieren l\u00e4sst. Mit einer Breite von 140 cm und der in 3 Positionen verstellbaren H\u00f6he bietet sie gen\u00fcgend Platz f\u00fcr alle Ihre Kabel. Erh\u00e4ltlich in Wei\u00df, Schwarz und Aluminium.  F\u00fcr Arbeitsplatten ab 180 cm Breite. F\u00fcr Tischplatten unter 180 cm k\u00f6nnen Sie die Universal-Kabelwanne 110 cm verwenden.\" \/>\n<meta property=\"og:url\" content=\"https:\/\/portal.schaffenburg.nl\/de\/produkt\/universal-kabelrinne-140-cm\/\" \/>\n<meta property=\"og:site_name\" content=\"Schaffenburg\" \/>\n<meta property=\"article:modified_time\" content=\"2020-09-01T08:14:17+00:00\" \/>\n<meta property=\"og:image\" content=\"https:\/\/portal.schaffenburg.nl\/wp-content\/uploads\/2024\/09\/Kabellade-140-all.jpg?wsr\" \/>\n\t<meta property=\"og:image:width\" content=\"468\" \/>\n\t<meta property=\"og:image:height\" content=\"434\" \/>\n\t<meta property=\"og:image:type\" content=\"image\/jpeg\" \/>\n<meta name=\"twitter:card\" content=\"summary_large_image\" \/>\n<meta name=\"twitter:label1\" content=\"Gesch\u00e4tzte Lesezeit\" \/>\n\t<meta name=\"twitter:data1\" content=\"1\u00a0Minute\" \/>\n<script type=\"application\/ld+json\" class=\"yoast-schema-graph\">{\"@context\":\"https:\/\/schema.org\",\"@graph\":[{\"@type\":\"WebPage\",\"@id\":\"https:\/\/portal.schaffenburg.nl\/de\/produkt\/universal-kabelrinne-140-cm\/\",\"url\":\"https:\/\/portal.schaffenburg.nl\/de\/produkt\/universal-kabelrinne-140-cm\/\",\"name\":\"Universal-Kabelrinne 140 cm - Schaffenburg\",\"isPartOf\":{\"@id\":\"https:\/\/portal.schaffenburg.nl\/de\/#website\"},\"primaryImageOfPage\":{\"@id\":\"https:\/\/portal.schaffenburg.nl\/de\/produkt\/universal-kabelrinne-140-cm\/#primaryimage\"},\"image\":{\"@id\":\"https:\/\/portal.schaffenburg.nl\/de\/produkt\/universal-kabelrinne-140-cm\/#primaryimage\"},\"thumbnailUrl\":\"https:\/\/portal.schaffenburg.nl\/wp-content\/uploads\/2024\/09\/Kabellade-140-all.jpg?wsr\",\"datePublished\":\"2020-09-01T06:14:17+00:00\",\"dateModified\":\"2020-09-01T08:14:17+00:00\",\"breadcrumb\":{\"@id\":\"https:\/\/portal.schaffenburg.nl\/de\/produkt\/universal-kabelrinne-140-cm\/#breadcrumb\"},\"inLanguage\":\"de\",\"potentialAction\":[{\"@type\":\"ReadAction\",\"target\":[\"https:\/\/portal.schaffenburg.nl\/de\/produkt\/universal-kabelrinne-140-cm\/\"]}]},{\"@type\":\"ImageObject\",\"inLanguage\":\"de\",\"@id\":\"https:\/\/portal.schaffenburg.nl\/de\/produkt\/universal-kabelrinne-140-cm\/#primaryimage\",\"url\":\"https:\/\/portal.schaffenburg.nl\/wp-content\/uploads\/2024\/09\/Kabellade-140-all.jpg?wsr\",\"contentUrl\":\"https:\/\/portal.schaffenburg.nl\/wp-content\/uploads\/2024\/09\/Kabellade-140-all.jpg?wsr\",\"width\":468,\"height\":434},{\"@type\":\"BreadcrumbList\",\"@id\":\"https:\/\/portal.schaffenburg.nl\/de\/produkt\/universal-kabelrinne-140-cm\/#breadcrumb\",\"itemListElement\":[{\"@type\":\"ListItem\",\"position\":1,\"name\":\"Home\",\"item\":\"https:\/\/portal.schaffenburg.nl\/de\/\"},{\"@type\":\"ListItem\",\"position\":2,\"name\":\"Universal-Kabelrinne 140 cm\"}]},{\"@type\":\"WebSite\",\"@id\":\"https:\/\/portal.schaffenburg.nl\/de\/#website\",\"url\":\"https:\/\/portal.schaffenburg.nl\/de\/\",\"name\":\"Schaffenburg\",\"description\":\"\",\"potentialAction\":[{\"@type\":\"SearchAction\",\"target\":{\"@type\":\"EntryPoint\",\"urlTemplate\":\"https:\/\/portal.schaffenburg.nl\/de\/?s={search_term_string}\"},\"query-input\":{\"@type\":\"PropertyValueSpecification\",\"valueRequired\":true,\"valueName\":\"search_term_string\"}}],\"inLanguage\":\"de\"}]}<\/script>\n<!-- \/ Yoast SEO plugin. -->","yoast_head_json":{"title":"Universal-Kabelrinne 140 cm - Schaffenburg","robots":{"index":"index","follow":"follow","max-snippet":"max-snippet:-1","max-image-preview":"max-image-preview:large","max-video-preview":"max-video-preview:-1"},"canonical":"https:\/\/portal.schaffenburg.nl\/de\/produkt\/universal-kabelrinne-140-cm\/","og_locale":"de_DE","og_type":"article","og_title":"Universal-Kabelrinne 140 cm - Schaffenburg","og_description":"Die Universal-Kabelschublade 140 cm ist eine klappbare und kippbare Kabelschublade, die sich leicht unter jeder Arbeitsplatte montieren l\u00e4sst. Mit einer Breite von 140 cm und der in 3 Positionen verstellbaren H\u00f6he bietet sie gen\u00fcgend Platz f\u00fcr alle Ihre Kabel. Erh\u00e4ltlich in Wei\u00df, Schwarz und Aluminium.  F\u00fcr Arbeitsplatten ab 180 cm Breite. F\u00fcr Tischplatten unter 180 cm k\u00f6nnen Sie die Universal-Kabelwanne 110 cm verwenden.","og_url":"https:\/\/portal.schaffenburg.nl\/de\/produkt\/universal-kabelrinne-140-cm\/","og_site_name":"Schaffenburg","article_modified_time":"2020-09-01T08:14:17+00:00","og_image":[{"width":468,"height":434,"url":"https:\/\/portal.schaffenburg.nl\/wp-content\/uploads\/2024\/09\/Kabellade-140-all.jpg?wsr","type":"image\/jpeg"}],"twitter_card":"summary_large_image","twitter_misc":{"Gesch\u00e4tzte Lesezeit":"1\u00a0Minute"},"schema":{"@context":"https:\/\/schema.org","@graph":[{"@type":"WebPage","@id":"https:\/\/portal.schaffenburg.nl\/de\/produkt\/universal-kabelrinne-140-cm\/","url":"https:\/\/portal.schaffenburg.nl\/de\/produkt\/universal-kabelrinne-140-cm\/","name":"Universal-Kabelrinne 140 cm - Schaffenburg","isPartOf":{"@id":"https:\/\/portal.schaffenburg.nl\/de\/#website"},"primaryImageOfPage":{"@id":"https:\/\/portal.schaffenburg.nl\/de\/produkt\/universal-kabelrinne-140-cm\/#primaryimage"},"image":{"@id":"https:\/\/portal.schaffenburg.nl\/de\/produkt\/universal-kabelrinne-140-cm\/#primaryimage"},"thumbnailUrl":"https:\/\/portal.schaffenburg.nl\/wp-content\/uploads\/2024\/09\/Kabellade-140-all.jpg?wsr","datePublished":"2020-09-01T06:14:17+00:00","dateModified":"2020-09-01T08:14:17+00:00","breadcrumb":{"@id":"https:\/\/portal.schaffenburg.nl\/de\/produkt\/universal-kabelrinne-140-cm\/#breadcrumb"},"inLanguage":"de","potentialAction":[{"@type":"ReadAction","target":["https:\/\/portal.schaffenburg.nl\/de\/produkt\/universal-kabelrinne-140-cm\/"]}]},{"@type":"ImageObject","inLanguage":"de","@id":"https:\/\/portal.schaffenburg.nl\/de\/produkt\/universal-kabelrinne-140-cm\/#primaryimage","url":"https:\/\/portal.schaffenburg.nl\/wp-content\/uploads\/2024\/09\/Kabellade-140-all.jpg?wsr","contentUrl":"https:\/\/portal.schaffenburg.nl\/wp-content\/uploads\/2024\/09\/Kabellade-140-all.jpg?wsr","width":468,"height":434},{"@type":"BreadcrumbList","@id":"https:\/\/portal.schaffenburg.nl\/de\/produkt\/universal-kabelrinne-140-cm\/#breadcrumb","itemListElement":[{"@type":"ListItem","position":1,"name":"Home","item":"https:\/\/portal.schaffenburg.nl\/de\/"},{"@type":"ListItem","position":2,"name":"Universal-Kabelrinne 140 cm"}]},{"@type":"WebSite","@id":"https:\/\/portal.schaffenburg.nl\/de\/#website","url":"https:\/\/portal.schaffenburg.nl\/de\/","name":"Schaffenburg","description":"","potentialAction":[{"@type":"SearchAction","target":{"@type":"EntryPoint","urlTemplate":"https:\/\/portal.schaffenburg.nl\/de\/?s={search_term_string}"},"query-input":{"@type":"PropertyValueSpecification","valueRequired":true,"valueName":"search_term_string"}}],"inLanguage":"de"}]}},"_links":{"self":[{"href":"https:\/\/portal.schaffenburg.nl\/de\/wp-json\/wp\/v2\/product\/28155","targetHints":{"allow":["GET"]}}],"collection":[{"href":"https:\/\/portal.schaffenburg.nl\/de\/wp-json\/wp\/v2\/product"}],"about":[{"href":"https:\/\/portal.schaffenburg.nl\/de\/wp-json\/wp\/v2\/types\/product"}],"replies":[{"embeddable":true,"href":"https:\/\/portal.schaffenburg.nl\/de\/wp-json\/wp\/v2\/comments?post=28155"}],"wp:featuredmedia":[{"embeddable":true,"href":"https:\/\/portal.schaffenburg.nl\/de\/wp-json\/wp\/v2\/media\/23648"}],"wp:attachment":[{"href":"https:\/\/portal.schaffenburg.nl\/de\/wp-json\/wp\/v2\/media?parent=28155"}],"wp:term":[{"taxonomy":"product_brand","embeddable":true,"href":"https:\/\/portal.schaffenburg.nl\/de\/wp-json\/wp\/v2\/product_brand?post=28155"},{"taxonomy":"product_cat","embeddable":true,"href":"https:\/\/portal.schaffenburg.nl\/de\/wp-json\/wp\/v2\/product_cat?post=28155"},{"taxonomy":"product_tag","embeddable":true,"href":"https:\/\/portal.schaffenburg.nl\/de\/wp-json\/wp\/v2\/product_tag?post=28155"}],"curies":[{"name":"wp","href":"https:\/\/api.w.org\/{rel}","templated":true}]}}