{"id":28648,"date":"2020-04-07T07:02:06","date_gmt":"2020-04-07T07:02:06","guid":{"rendered":"https:\/\/staging-schaffenburg.nl\/product\/drehstuhl-serie-250-nen\/"},"modified":"2020-04-07T07:02:06","modified_gmt":"2020-04-07T07:02:06","slug":"drehstuhl-serie-250-nen","status":"publish","type":"product","link":"https:\/\/portal.schaffenburg.nl\/de\/produkt\/drehstuhl-serie-250-nen\/","title":{"rendered":"Drehstuhl Serie 250 NEN"},"content":{"rendered":"Der B\u00fcrostuhl Serie 250 NEN ist die perfekte Wahl f\u00fcr jede B\u00fcroumgebung. Mit seiner schwarzen Netzr\u00fcckenlehne und dem gepolsterten Sitz bietet dieser Stuhl ein bequemes Sitzerlebnis f\u00fcr lange Arbeitstage. \nMit der Sitzh\u00f6henverstellung l\u00e4sst sich die H\u00f6he des Stuhls an die Bed\u00fcrfnisse des Benutzers anpassen. Die feste R\u00fcckenlehne bietet zus\u00e4tzlichen Halt und die h\u00f6henverstellbare, zweiteilige Lendenwirbelst\u00fctze bietet genau die richtige Unterst\u00fctzung f\u00fcr den unteren R\u00fccken. \nMit einer Sitztiefenverstellung von 3 cm und in H\u00f6he und Breite verstellbaren Armlehnen l\u00e4sst sich der Stuhl leicht an die individuellen Vorlieben des Benutzers anpassen. Die festen Armauflagen bieten zus\u00e4tzlichen Komfort und Halt bei der Arbeit. \nDie Kippmechanik mit Synchronverstellung und permanentem R\u00fcckenkontakt bietet eine optimale Sitzposition und erm\u00f6glicht die Einstellung des Stuhls auf verschiedene Sitzpositionen. Die gewichtsabh\u00e4ngige Neigungsverstellung erm\u00f6glicht es, den Widerstand des Stuhls an das Gewicht des Benutzers anzupassen. \nDie Gasfeder der Klasse 4 sorgt f\u00fcr eine reibungslose H\u00f6henverstellung des Stuhls. Die Fu\u00dfst\u00fctze aus schwarzem, verst\u00e4rktem Kunststoff bietet Stabilit\u00e4t und Haltbarkeit, w\u00e4hrend die halbgebremsten Rollen f\u00fcr harte B\u00f6den geeignet sind. \nMit einem Stoff von &gt;40.000 Martindale und getestet nach NEN-EN 1335, erf\u00fcllt dieser Stuhl die h\u00f6chsten Qualit\u00e4ts- und Sicherheitsstandards. Dar\u00fcber hinaus ist der Stuhl mit feuerhemmendem Schaum und Stoff gem\u00e4\u00df CA TB117-2013 ausgestattet. \nKurz gesagt, der B\u00fcrostuhl der Serie 250 NEN ist ein komfortabler, anpassungsf\u00e4higer und langlebiger Stuhl, der h\u00f6chsten Anspr\u00fcchen gerecht wird. Ideal f\u00fcr jede B\u00fcroumgebung, sei es ein Heimb\u00fcro oder ein Gro\u00dfraumb\u00fcro. Bestellen Sie noch heute und erleben Sie den Unterschied!  \n<h6>Eigenschaften<\/h6>\n<ul>\n<li>Netzr\u00fccken und gepolsterter Sitz schwarz<\/li>\n<li>Sitzbreite 49 -57 cm<\/li>\n<li>Sitzh\u00f6henverstellung (49 - 57 cm vom Boden)<\/li>\n<li>Sitztiefe 46 - 51 cm<\/li>\n<li>Fester R\u00fccken<\/li>\n<li>H\u00f6henverstellbare Lendenwirbelst\u00fctze in zwei Teilen<\/li>\n<li>Sitztiefenverstellung 5 cm<\/li>\n<li>Armlehnen in H\u00f6he und Breite verstellbar<\/li>\n<li>Feste Achselh\u00f6hlen<\/li>\n<li>Kippmechanismus mit synchroner Einstellung<\/li>\n<li>Permanenter R\u00fcckkontakt<\/li>\n<li>Gewichtsabh\u00e4ngige Neigungsverstellung<\/li>\n<li>Gasfeder Klasse 4<\/li>\n<li>Schwarzer verst\u00e4rkter Kunststoffsockel<\/li>\n<li>Halbgebremste R\u00e4der f\u00fcr harte B\u00f6den<\/li>\n<li>Stoff &gt;40.000 Martindale<\/li>\n<li>Produktbreite 62 - 71 cm<\/li>\n<li>Produkth\u00f6he 104 - 114 cm<\/li>\n<li>Produkttiefe 57 - 62 cm<\/li>\n<li>Produktgewicht 15,7 kg<\/li>\n<li>NEN-EN 1335 getestet<\/li>\n<li>Feuerhemmender Schaumstoff und Stoff gem\u00e4\u00df CA TB117-2013<\/li>\n<li>Belastbares Gewicht: 110 kg<\/li>\n<\/ul>\n","protected":false},"excerpt":{"rendered":"<p>Der B\u00fcrostuhl der Serie 250 NEN bietet optimalen Komfort und Unterst\u00fctzung f\u00fcr lange Arbeitstage. Mit verstellbaren Armlehnen, Sitztiefe und R\u00fcckenlehne ist dieser Stuhl perfekt f\u00fcr jede B\u00fcroumgebung geeignet. Er ist nach der Norm NEN-EN 1335 zertifiziert und verf\u00fcgt \u00fcber feuerhemmenden Schaumstoff und Stoff.  <\/p>\n","protected":false},"featured_media":23260,"comment_status":"closed","ping_status":"closed","template":"","meta":{"_acf_changed":false},"product_brand":[],"product_cat":[2140,3052],"product_tag":[2143,3062,4339,2145,3063,4340,2154,3064,4341,2291,3069,4342,2584,3070,4343,2618,3071,4344,2707,3072,4345,2711,3111,4346,2727,3558,4347,2729,3683,3054,3688,3057,4055,3058,4056,3059,4154,3060,4160,3061,4165],"class_list":{"0":"post-28648","1":"product","2":"type-product","3":"status-publish","4":"has-post-thumbnail","6":"product_cat-schnelle-lieferung","7":"product_cat-buerostuehle","8":"product_tag-nachhaltig","9":"product_tag-fester-ruecken","10":"product_tag-premium-qualitat","11":"product_tag-schwarz","12":"product_tag-halbgebremste-raeder","13":"product_tag-garantie-de","14":"product_tag-stabilitat","15":"product_tag-sockel-aus-kunststoff","16":"product_tag-kippen-de","17":"product_tag-burostuhl","18":"product_tag-ca-tb117-2013-de","19":"product_tag-buroflache-de","20":"product_tag-anpassbar","21":"product_tag-gasfeder-klasse-4","22":"product_tag-unterstutzung","23":"product_tag-heimburo","24":"product_tag-stoff-40-000-martindale","25":"product_tag-nen-en-1335-de","26":"product_tag-ergonomisch-de","27":"product_tag-einstellung-der-sitztiefe","28":"product_tag-anpassungsfahige-teile","29":"product_tag-bequem-de","30":"product_tag-langzeiteinsatz","31":"product_tag-optimale-sitzhaltung","32":"product_tag-breite","33":"product_tag-sicherheit","34":"product_tag-feste-achselpolster","35":"product_tag-hohe","36":"product_tag-einstellbar-de","37":"product_tag-buerostuhl","38":"product_tag-nen-de","39":"product_tag-harte-boeden","40":"product_tag-sitz-gepolstert","41":"product_tag-einstellung-der-sitzhoehe","42":"product_tag-rucken-aus-mesh","43":"product_tag-permanenter-rueckkontakt","44":"product_tag-lendenwirbelstutze","45":"product_tag-synchrone-einstellung","46":"product_tag-armlehnen-de","47":"product_tag-kippmechanismus","48":"product_tag-feuerhemmend","50":"first","51":"instock","52":"purchasable","53":"product-type-simple"},"acf":{"downloads":[{"label":"","bestand":16201,"toegankelijkheid":"resellers"},{"label":"","bestand":34183,"toegankelijkheid":"resellers"},{"label":"","bestand":34186,"toegankelijkheid":"resellers"},{"label":"","bestand":"","toegankelijkheid":"resellers"},{"label":"","bestand":34189,"toegankelijkheid":"resellers"},{"label":"","bestand":"","toegankelijkheid":"resellers"},{"label":"","bestand":"","toegankelijkheid":"resellers"},{"label":"","bestand":34192,"toegankelijkheid":"resellers"},{"label":"","bestand":16204,"toegankelijkheid":"resellers"},{"label":"","bestand":"","toegankelijkheid":"resellers"}]},"yoast_head":"<!-- This site is optimized with the Yoast SEO plugin v26.7 - https:\/\/yoast.com\/wordpress\/plugins\/seo\/ -->\n<title>Drehstuhl Serie 250 NEN - NEN-EN 1335 getestet - Schaffenburg<\/title>\n<meta name=\"description\" content=\"Entdecken Sie die B\u00fcrostuhlserie 250 NEN, die perfekte Kombination aus Komfort und Haltbarkeit. Passen Sie ihn an Ihre Bed\u00fcrfnisse an und erleben Sie den Unterschied.\" \/>\n<meta name=\"robots\" content=\"index, follow, max-snippet:-1, max-image-preview:large, max-video-preview:-1\" \/>\n<link rel=\"canonical\" href=\"https:\/\/portal.schaffenburg.nl\/de\/produkt\/drehstuhl-serie-250-nen\/\" \/>\n<meta property=\"og:locale\" content=\"de_DE\" \/>\n<meta property=\"og:type\" content=\"article\" \/>\n<meta property=\"og:title\" content=\"Drehstuhl Serie 250 NEN - NEN-EN 1335 getestet - Schaffenburg\" \/>\n<meta property=\"og:description\" content=\"Entdecken Sie die B\u00fcrostuhlserie 250 NEN, die perfekte Kombination aus Komfort und Haltbarkeit. Passen Sie ihn an Ihre Bed\u00fcrfnisse an und erleben Sie den Unterschied.\" \/>\n<meta property=\"og:url\" content=\"https:\/\/portal.schaffenburg.nl\/de\/produkt\/drehstuhl-serie-250-nen\/\" \/>\n<meta property=\"og:site_name\" content=\"Schaffenburg\" \/>\n<meta property=\"og:image\" content=\"https:\/\/portal.schaffenburg.nl\/wp-content\/uploads\/2024\/09\/250-NEN-Half-Front-e1673426019902.jpg?wsr\" \/>\n\t<meta property=\"og:image:width\" content=\"1200\" \/>\n\t<meta property=\"og:image:height\" content=\"1200\" \/>\n\t<meta property=\"og:image:type\" content=\"image\/jpeg\" \/>\n<meta name=\"twitter:card\" content=\"summary_large_image\" \/>\n<meta name=\"twitter:label1\" content=\"Gesch\u00e4tzte Lesezeit\" \/>\n\t<meta name=\"twitter:data1\" content=\"2\u00a0Minuten\" \/>\n<script type=\"application\/ld+json\" class=\"yoast-schema-graph\">{\"@context\":\"https:\/\/schema.org\",\"@graph\":[{\"@type\":\"WebPage\",\"@id\":\"https:\/\/portal.schaffenburg.nl\/de\/produkt\/drehstuhl-serie-250-nen\/\",\"url\":\"https:\/\/portal.schaffenburg.nl\/de\/produkt\/drehstuhl-serie-250-nen\/\",\"name\":\"Drehstuhl Serie 250 NEN - NEN-EN 1335 getestet - Schaffenburg\",\"isPartOf\":{\"@id\":\"https:\/\/portal.schaffenburg.nl\/de\/#website\"},\"primaryImageOfPage\":{\"@id\":\"https:\/\/portal.schaffenburg.nl\/de\/produkt\/drehstuhl-serie-250-nen\/#primaryimage\"},\"image\":{\"@id\":\"https:\/\/portal.schaffenburg.nl\/de\/produkt\/drehstuhl-serie-250-nen\/#primaryimage\"},\"thumbnailUrl\":\"https:\/\/portal.schaffenburg.nl\/wp-content\/uploads\/2024\/09\/250-NEN-Half-Front-e1673426019902.jpg?wsr\",\"datePublished\":\"2020-04-07T07:02:06+00:00\",\"description\":\"Entdecken Sie die B\u00fcrostuhlserie 250 NEN, die perfekte Kombination aus Komfort und Haltbarkeit. Passen Sie ihn an Ihre Bed\u00fcrfnisse an und erleben Sie den Unterschied.\",\"breadcrumb\":{\"@id\":\"https:\/\/portal.schaffenburg.nl\/de\/produkt\/drehstuhl-serie-250-nen\/#breadcrumb\"},\"inLanguage\":\"de\",\"potentialAction\":[{\"@type\":\"ReadAction\",\"target\":[\"https:\/\/portal.schaffenburg.nl\/de\/produkt\/drehstuhl-serie-250-nen\/\"]}]},{\"@type\":\"ImageObject\",\"inLanguage\":\"de\",\"@id\":\"https:\/\/portal.schaffenburg.nl\/de\/produkt\/drehstuhl-serie-250-nen\/#primaryimage\",\"url\":\"https:\/\/portal.schaffenburg.nl\/wp-content\/uploads\/2024\/09\/250-NEN-Half-Front-e1673426019902.jpg?wsr\",\"contentUrl\":\"https:\/\/portal.schaffenburg.nl\/wp-content\/uploads\/2024\/09\/250-NEN-Half-Front-e1673426019902.jpg?wsr\",\"width\":1200,\"height\":1200,\"caption\":\"Drehstuhl Serie 250 NEN\"},{\"@type\":\"BreadcrumbList\",\"@id\":\"https:\/\/portal.schaffenburg.nl\/de\/produkt\/drehstuhl-serie-250-nen\/#breadcrumb\",\"itemListElement\":[{\"@type\":\"ListItem\",\"position\":1,\"name\":\"Home\",\"item\":\"https:\/\/portal.schaffenburg.nl\/de\/\"},{\"@type\":\"ListItem\",\"position\":2,\"name\":\"Drehstuhl Serie 250 NEN\"}]},{\"@type\":\"WebSite\",\"@id\":\"https:\/\/portal.schaffenburg.nl\/de\/#website\",\"url\":\"https:\/\/portal.schaffenburg.nl\/de\/\",\"name\":\"Schaffenburg\",\"description\":\"\",\"potentialAction\":[{\"@type\":\"SearchAction\",\"target\":{\"@type\":\"EntryPoint\",\"urlTemplate\":\"https:\/\/portal.schaffenburg.nl\/de\/?s={search_term_string}\"},\"query-input\":{\"@type\":\"PropertyValueSpecification\",\"valueRequired\":true,\"valueName\":\"search_term_string\"}}],\"inLanguage\":\"de\"}]}<\/script>\n<!-- \/ Yoast SEO plugin. -->","yoast_head_json":{"title":"Drehstuhl Serie 250 NEN - NEN-EN 1335 getestet - Schaffenburg","description":"Entdecken Sie die B\u00fcrostuhlserie 250 NEN, die perfekte Kombination aus Komfort und Haltbarkeit. Passen Sie ihn an Ihre Bed\u00fcrfnisse an und erleben Sie den Unterschied.","robots":{"index":"index","follow":"follow","max-snippet":"max-snippet:-1","max-image-preview":"max-image-preview:large","max-video-preview":"max-video-preview:-1"},"canonical":"https:\/\/portal.schaffenburg.nl\/de\/produkt\/drehstuhl-serie-250-nen\/","og_locale":"de_DE","og_type":"article","og_title":"Drehstuhl Serie 250 NEN - NEN-EN 1335 getestet - Schaffenburg","og_description":"Entdecken Sie die B\u00fcrostuhlserie 250 NEN, die perfekte Kombination aus Komfort und Haltbarkeit. Passen Sie ihn an Ihre Bed\u00fcrfnisse an und erleben Sie den Unterschied.","og_url":"https:\/\/portal.schaffenburg.nl\/de\/produkt\/drehstuhl-serie-250-nen\/","og_site_name":"Schaffenburg","og_image":[{"width":1200,"height":1200,"url":"https:\/\/portal.schaffenburg.nl\/wp-content\/uploads\/2024\/09\/250-NEN-Half-Front-e1673426019902.jpg?wsr","type":"image\/jpeg"}],"twitter_card":"summary_large_image","twitter_misc":{"Gesch\u00e4tzte Lesezeit":"2\u00a0Minuten"},"schema":{"@context":"https:\/\/schema.org","@graph":[{"@type":"WebPage","@id":"https:\/\/portal.schaffenburg.nl\/de\/produkt\/drehstuhl-serie-250-nen\/","url":"https:\/\/portal.schaffenburg.nl\/de\/produkt\/drehstuhl-serie-250-nen\/","name":"Drehstuhl Serie 250 NEN - NEN-EN 1335 getestet - Schaffenburg","isPartOf":{"@id":"https:\/\/portal.schaffenburg.nl\/de\/#website"},"primaryImageOfPage":{"@id":"https:\/\/portal.schaffenburg.nl\/de\/produkt\/drehstuhl-serie-250-nen\/#primaryimage"},"image":{"@id":"https:\/\/portal.schaffenburg.nl\/de\/produkt\/drehstuhl-serie-250-nen\/#primaryimage"},"thumbnailUrl":"https:\/\/portal.schaffenburg.nl\/wp-content\/uploads\/2024\/09\/250-NEN-Half-Front-e1673426019902.jpg?wsr","datePublished":"2020-04-07T07:02:06+00:00","description":"Entdecken Sie die B\u00fcrostuhlserie 250 NEN, die perfekte Kombination aus Komfort und Haltbarkeit. Passen Sie ihn an Ihre Bed\u00fcrfnisse an und erleben Sie den Unterschied.","breadcrumb":{"@id":"https:\/\/portal.schaffenburg.nl\/de\/produkt\/drehstuhl-serie-250-nen\/#breadcrumb"},"inLanguage":"de","potentialAction":[{"@type":"ReadAction","target":["https:\/\/portal.schaffenburg.nl\/de\/produkt\/drehstuhl-serie-250-nen\/"]}]},{"@type":"ImageObject","inLanguage":"de","@id":"https:\/\/portal.schaffenburg.nl\/de\/produkt\/drehstuhl-serie-250-nen\/#primaryimage","url":"https:\/\/portal.schaffenburg.nl\/wp-content\/uploads\/2024\/09\/250-NEN-Half-Front-e1673426019902.jpg?wsr","contentUrl":"https:\/\/portal.schaffenburg.nl\/wp-content\/uploads\/2024\/09\/250-NEN-Half-Front-e1673426019902.jpg?wsr","width":1200,"height":1200,"caption":"Drehstuhl Serie 250 NEN"},{"@type":"BreadcrumbList","@id":"https:\/\/portal.schaffenburg.nl\/de\/produkt\/drehstuhl-serie-250-nen\/#breadcrumb","itemListElement":[{"@type":"ListItem","position":1,"name":"Home","item":"https:\/\/portal.schaffenburg.nl\/de\/"},{"@type":"ListItem","position":2,"name":"Drehstuhl Serie 250 NEN"}]},{"@type":"WebSite","@id":"https:\/\/portal.schaffenburg.nl\/de\/#website","url":"https:\/\/portal.schaffenburg.nl\/de\/","name":"Schaffenburg","description":"","potentialAction":[{"@type":"SearchAction","target":{"@type":"EntryPoint","urlTemplate":"https:\/\/portal.schaffenburg.nl\/de\/?s={search_term_string}"},"query-input":{"@type":"PropertyValueSpecification","valueRequired":true,"valueName":"search_term_string"}}],"inLanguage":"de"}]}},"_links":{"self":[{"href":"https:\/\/portal.schaffenburg.nl\/de\/wp-json\/wp\/v2\/product\/28648","targetHints":{"allow":["GET"]}}],"collection":[{"href":"https:\/\/portal.schaffenburg.nl\/de\/wp-json\/wp\/v2\/product"}],"about":[{"href":"https:\/\/portal.schaffenburg.nl\/de\/wp-json\/wp\/v2\/types\/product"}],"replies":[{"embeddable":true,"href":"https:\/\/portal.schaffenburg.nl\/de\/wp-json\/wp\/v2\/comments?post=28648"}],"wp:featuredmedia":[{"embeddable":true,"href":"https:\/\/portal.schaffenburg.nl\/de\/wp-json\/wp\/v2\/media\/23260"}],"wp:attachment":[{"href":"https:\/\/portal.schaffenburg.nl\/de\/wp-json\/wp\/v2\/media?parent=28648"}],"wp:term":[{"taxonomy":"product_brand","embeddable":true,"href":"https:\/\/portal.schaffenburg.nl\/de\/wp-json\/wp\/v2\/product_brand?post=28648"},{"taxonomy":"product_cat","embeddable":true,"href":"https:\/\/portal.schaffenburg.nl\/de\/wp-json\/wp\/v2\/product_cat?post=28648"},{"taxonomy":"product_tag","embeddable":true,"href":"https:\/\/portal.schaffenburg.nl\/de\/wp-json\/wp\/v2\/product_tag?post=28648"}],"curies":[{"name":"wp","href":"https:\/\/api.w.org\/{rel}","templated":true}]}}