{"id":28677,"date":"2020-08-18T09:58:13","date_gmt":"2020-08-18T09:58:13","guid":{"rendered":"https:\/\/staging-schaffenburg.nl\/product\/dextro-slinger-duo-schreibtische\/"},"modified":"2020-08-18T09:58:13","modified_gmt":"2020-08-18T09:58:13","slug":"dextro-slinger-duo-schreibtische","status":"publish","type":"product","link":"https:\/\/portal.schaffenburg.nl\/de\/produkt\/dextro-slinger-duo-schreibtische\/","title":{"rendered":"Dextro Slinger Duo Schreibtische"},"content":{"rendered":"Mit den Dextro Pendulum Duo Schreibtischen k\u00f6nnen Sie ganz einfach einen idealen Arbeitsplatz f\u00fcr zwei Personen schaffen. Die Tische sind mit einem Pendel ausgestattet, mit dem Sie die H\u00f6he des Tisches ganz einfach verstellen k\u00f6nnen. Mit einer maximalen Belastung von 70 kg sind diese Tische sehr robust und stabil.  \nDie Schreibtische haben eine H\u00f6henverstellung von 70 bis 116,5 cm und lassen sich dank der Kurbel leicht verstellen. So kann jeder Kollege die richtige Arbeitsh\u00f6he einstellen. Das Gestell dieser Schreibtische ist aus Metall und mit verstellbaren F\u00fc\u00dfen ausgestattet, wodurch es sehr robust und stabil ist.  \nSie k\u00f6nnen die Dextro Slinger Duo Schreibtische mit verschiedenem Zubeh\u00f6r erweitern, z.B. mit Kabelmanagement und einem CPU-Halter. Au\u00dferdem k\u00f6nnen Sie zwischen verschiedenen Platten- und Gestellfarben w\u00e4hlen, so dass Sie den Arbeitsplatz ganz nach Ihrem Geschmack einrichten k\u00f6nnen. Die Tischplatten sind aus 25 mm starkem Melamin gefertigt, wodurch diese Schreibtische sehr robust sind und eine lange Lebensdauer haben.  \nDiese Schreibtische sind nicht nur funktionell, sondern auch sch\u00f6n anzusehen. Die H-F\u00fc\u00dfe und die festen Abst\u00e4nde an den Tischen sorgen daf\u00fcr, dass die Tische nicht gegeneinander rutschen und gen\u00fcgend Platz zum bequemen Arbeiten vorhanden ist. Die Dextro Slinger Duo Schreibtische sind auch in den Versionen Dextro Basic, Dextro Slinger, Dextro Plus und Dextro Plus Duo erh\u00e4ltlich.  \nKurzum, die Dextro Pendulum Duo Schreibtische sind die perfekte L\u00f6sung f\u00fcr einen Duo-Arbeitsplatz. Die H\u00f6henverstellung \u00fcber die Kurbel, das robuste Metallgestell und die M\u00f6glichkeit, Zubeh\u00f6r hinzuzuf\u00fcgen, machen diese Schreibtische \u00e4u\u00dferst funktionell. Dar\u00fcber hinaus k\u00f6nnen Sie die Schreibtische ganz nach Ihrem Geschmack dekorieren, indem Sie aus verschiedenen Platten- und Gestellfarben w\u00e4hlen.  \n<h6>Eigenschaften<\/h6>\n<ul>\n<li>H\u00f6henverstellbar mit Kurbel.<\/li>\n<li>H\u00f6henverstellbar von 70 bis 116,5 cm.<\/li>\n<li>1 cm pro Pendelumdrehung<\/li>\n<li>Maximale Belastung: 70kg.<\/li>\n<li>Erweiterbar mit Kabelmanagement-Zubeh\u00f6r und CPU-Halter.<\/li>\n<li>Verschiedene Blatt- und Rahmenfarben.<\/li>\n<li>Tischplatten aus 25 mm dickem Melamin.<\/li>\n<li>Sockel aus Metall.<\/li>\n<li>H-Fu\u00df mit verstellbaren F\u00fc\u00dfen.<\/li>\n<li>Auch erh\u00e4ltlich als <a href=\"https:\/\/www.schaffenburg.nl\/shop\/snellever\/bureaus-snellever\/bureaus-zit-sta-snellever\/dextro-basic-elektrisch-bureau\/\" target=\"_blank\" rel=\"noopener noreferrer\">Dextro Basic<\/a>, <a href=\"https:\/\/www.schaffenburg.nl\/shop\/snellever\/bureaus-snellever\/bureaus-zit-sta-snellever\/dextro-slinger-bureau\/\" target=\"_blank\" rel=\"noopener noreferrer\">Dextro Slinger,<\/a> <a href=\"https:\/\/www.schaffenburg.nl\/shop\/snellever\/bureaus-snellever\/bureaus-zit-sta-snellever\/dextro-plus-elektrisch-bureau\/\">Dextro Plus <\/a>und <a href=\"https:\/\/www.schaffenburg.nl\/shop\/snellever\/bureaus-snellever\/bureaus-zit-sta-snellever\/dextro-plus-duo-bureaus\/\">Dextro Plus Duo.<\/a><\/li>\n<\/ul>\n","protected":false},"excerpt":{"rendered":"<p>Die Dextro Pendulum Duo Schreibtische sind per Kurbel h\u00f6henverstellbar, haben einen stabilen Metallfu\u00df und sind mit Zubeh\u00f6r erweiterbar. Perfekt f\u00fcr einen Duo-Arbeitsplatz und in verschiedenen Farben erh\u00e4ltlich. <\/p>\n","protected":false},"featured_media":23484,"comment_status":"closed","ping_status":"closed","template":"","meta":{"_acf_changed":false},"product_brand":[],"product_cat":[2882,4077,2140],"product_tag":[2887,3576,4381,2888,3685,4382,2143,2890,3726,4383,2148,2891,3728,4384,2150,2892,4078,4385,2151,2900,4370,4386,2157,2902,4371,4387,2165,2903,4372,2285,2905,4373,2467,2906,4374,2586,2908,4375,2620,2912,4376,2645,2925,4377,2707,2964,4378,2885,3133,4379,2886,3384,4380],"class_list":{"0":"post-28677","1":"product","2":"type-product","3":"status-publish","4":"has-post-thumbnail","6":"product_cat-schreibtische","7":"product_cat-schreibtische-sitzen-sitzen","8":"product_cat-schnelle-lieferung","9":"product_tag-rahmenfarben","10":"product_tag-zuverlassig","11":"product_tag-zwei-workstations","12":"product_tag-melamin","13":"product_tag-gesundheit","14":"product_tag-zwillinge","15":"product_tag-nachhaltig","16":"product_tag-nivellierfuesse","17":"product_tag-garland","18":"product_tag-feste-abstande","19":"product_tag-entwurf","20":"product_tag-schreibtisch","21":"product_tag-duo-de","22":"product_tag-double","23":"product_tag-funktional","24":"product_tag-dextro-de","25":"product_tag-schreibtisch-de","26":"product_tag-duo-arbeitsplatz-de","27":"product_tag-professionell","28":"product_tag-dextro-schleuder","29":"product_tag-verschiedene-farben-de","30":"product_tag-spitzenqualitat","31":"product_tag-modern-de","32":"product_tag-hoehenverstellbar","33":"product_tag-hohe-einstellbar","34":"product_tag-arbeitszufriedenheit","35":"product_tag-zeitgenossisch","36":"product_tag-buero","37":"product_tag-arbeitshohe","38":"product_tag-buro","39":"product_tag-tabelle","40":"product_tag-stahlkonstruktion","41":"product_tag-produktivitat","42":"product_tag-sit-sta","43":"product_tag-dextro-plus-de","44":"product_tag-zusammenarbeit","45":"product_tag-dextro-basic-de","46":"product_tag-partition","47":"product_tag-kabelmanagement-de","48":"product_tag-metallbasis","49":"product_tag-schreibtische","50":"product_tag-akustisch","51":"product_tag-sitz-steharbeitsplatz","52":"product_tag-schreibtisch-tische","53":"product_tag-ergonomisch-de","54":"product_tag-stabil","55":"product_tag-duo-arbeitsplatz","56":"product_tag-blattfarben","57":"product_tag-zubehoer","58":"product_tag-h-bein","59":"product_tag-cpu-halter","60":"product_tag-burogestaltung","61":"product_tag-tische","62":"pa_blad-kleur-eiche-robbson","63":"pa_blad-kleur-halifax-auswaerts","64":"pa_blad-kleur-havanna-kirsche-hell","65":"pa_blad-kleur-hellgrau","66":"pa_blad-kleur-honig-castello","67":"pa_blad-kleur-kreideweiss","68":"pa_blad-kleur-lindberg-oak-abgehend","69":"pa_blad-kleur-logan-eiche","70":"pa_blad-kleur-schatten-schwarz","71":"pa_bladsoort-25mm-melamin","72":"pa_diepte-80cm-de","73":"pa_frame-kleur-aluminium-ral9006-de","74":"pa_frame-kleur-schwarz-ral9011","75":"pa_frame-kleur-weiss-ral9010","76":"pa_hoogte-64-130cm-de","77":"pa_lengte-120cm-de","78":"pa_lengte-140cm-de","79":"pa_lengte-160cm-de","80":"pa_lengte-180cm-de","81":"pa_onderstel-verstellbarer-sitz-stehplatz-mit-kurbel","82":"pa_soorten-poot-h-bein","83":"pa_vorm-rechtwinklig","85":"first","86":"instock","87":"purchasable","88":"product-type-variable"},"acf":{"downloads":[{"label":"","bestand":34665,"toegankelijkheid":"resellers"},{"label":"","bestand":34668,"toegankelijkheid":"resellers"},{"label":"","bestand":34870,"toegankelijkheid":"resellers"}]},"yoast_head":"<!-- This site is optimized with the Yoast SEO plugin v26.7 - https:\/\/yoast.com\/wordpress\/plugins\/seo\/ -->\n<title>Dextro Slinger Duo Schreibtische - Schaffenburg<\/title>\n<meta name=\"robots\" content=\"index, follow, max-snippet:-1, max-image-preview:large, max-video-preview:-1\" \/>\n<link rel=\"canonical\" href=\"https:\/\/portal.schaffenburg.nl\/de\/produkt\/dextro-slinger-duo-schreibtische\/\" \/>\n<meta property=\"og:locale\" content=\"de_DE\" \/>\n<meta property=\"og:type\" content=\"article\" \/>\n<meta property=\"og:title\" content=\"Dextro Slinger Duo Schreibtische - Schaffenburg\" \/>\n<meta property=\"og:description\" content=\"Die Dextro Pendulum Duo Schreibtische sind per Kurbel h\u00f6henverstellbar, haben einen stabilen Metallfu\u00df und sind mit Zubeh\u00f6r erweiterbar. Perfekt f\u00fcr einen Duo-Arbeitsplatz und in verschiedenen Farben erh\u00e4ltlich.\" \/>\n<meta property=\"og:url\" content=\"https:\/\/portal.schaffenburg.nl\/de\/produkt\/dextro-slinger-duo-schreibtische\/\" \/>\n<meta property=\"og:site_name\" content=\"Schaffenburg\" \/>\n<meta property=\"og:image\" content=\"https:\/\/portal.schaffenburg.nl\/wp-content\/uploads\/2024\/09\/Dextro-Slinger-duo-Web.jpg?wsr\" \/>\n\t<meta property=\"og:image:width\" content=\"1417\" \/>\n\t<meta property=\"og:image:height\" content=\"1417\" \/>\n\t<meta property=\"og:image:type\" content=\"image\/jpeg\" \/>\n<meta name=\"twitter:card\" content=\"summary_large_image\" \/>\n<meta name=\"twitter:label1\" content=\"Gesch\u00e4tzte Lesezeit\" \/>\n\t<meta name=\"twitter:data1\" content=\"2\u00a0Minuten\" \/>\n<script type=\"application\/ld+json\" class=\"yoast-schema-graph\">{\"@context\":\"https:\/\/schema.org\",\"@graph\":[{\"@type\":\"WebPage\",\"@id\":\"https:\/\/portal.schaffenburg.nl\/de\/produkt\/dextro-slinger-duo-schreibtische\/\",\"url\":\"https:\/\/portal.schaffenburg.nl\/de\/produkt\/dextro-slinger-duo-schreibtische\/\",\"name\":\"Dextro Slinger Duo Schreibtische - Schaffenburg\",\"isPartOf\":{\"@id\":\"https:\/\/portal.schaffenburg.nl\/de\/#website\"},\"primaryImageOfPage\":{\"@id\":\"https:\/\/portal.schaffenburg.nl\/de\/produkt\/dextro-slinger-duo-schreibtische\/#primaryimage\"},\"image\":{\"@id\":\"https:\/\/portal.schaffenburg.nl\/de\/produkt\/dextro-slinger-duo-schreibtische\/#primaryimage\"},\"thumbnailUrl\":\"https:\/\/portal.schaffenburg.nl\/wp-content\/uploads\/2024\/09\/Dextro-Slinger-duo-Web.jpg?wsr\",\"datePublished\":\"2020-08-18T09:58:13+00:00\",\"breadcrumb\":{\"@id\":\"https:\/\/portal.schaffenburg.nl\/de\/produkt\/dextro-slinger-duo-schreibtische\/#breadcrumb\"},\"inLanguage\":\"de\",\"potentialAction\":[{\"@type\":\"ReadAction\",\"target\":[\"https:\/\/portal.schaffenburg.nl\/de\/produkt\/dextro-slinger-duo-schreibtische\/\"]}]},{\"@type\":\"ImageObject\",\"inLanguage\":\"de\",\"@id\":\"https:\/\/portal.schaffenburg.nl\/de\/produkt\/dextro-slinger-duo-schreibtische\/#primaryimage\",\"url\":\"https:\/\/portal.schaffenburg.nl\/wp-content\/uploads\/2024\/09\/Dextro-Slinger-duo-Web.jpg?wsr\",\"contentUrl\":\"https:\/\/portal.schaffenburg.nl\/wp-content\/uploads\/2024\/09\/Dextro-Slinger-duo-Web.jpg?wsr\",\"width\":1417,\"height\":1417,\"caption\":\"Dextro Slinger Duo Schreibtische\"},{\"@type\":\"BreadcrumbList\",\"@id\":\"https:\/\/portal.schaffenburg.nl\/de\/produkt\/dextro-slinger-duo-schreibtische\/#breadcrumb\",\"itemListElement\":[{\"@type\":\"ListItem\",\"position\":1,\"name\":\"Home\",\"item\":\"https:\/\/portal.schaffenburg.nl\/de\/\"},{\"@type\":\"ListItem\",\"position\":2,\"name\":\"Dextro Slinger Duo Schreibtische\"}]},{\"@type\":\"WebSite\",\"@id\":\"https:\/\/portal.schaffenburg.nl\/de\/#website\",\"url\":\"https:\/\/portal.schaffenburg.nl\/de\/\",\"name\":\"Schaffenburg\",\"description\":\"\",\"potentialAction\":[{\"@type\":\"SearchAction\",\"target\":{\"@type\":\"EntryPoint\",\"urlTemplate\":\"https:\/\/portal.schaffenburg.nl\/de\/?s={search_term_string}\"},\"query-input\":{\"@type\":\"PropertyValueSpecification\",\"valueRequired\":true,\"valueName\":\"search_term_string\"}}],\"inLanguage\":\"de\"}]}<\/script>\n<!-- \/ Yoast SEO plugin. -->","yoast_head_json":{"title":"Dextro Slinger Duo Schreibtische - Schaffenburg","robots":{"index":"index","follow":"follow","max-snippet":"max-snippet:-1","max-image-preview":"max-image-preview:large","max-video-preview":"max-video-preview:-1"},"canonical":"https:\/\/portal.schaffenburg.nl\/de\/produkt\/dextro-slinger-duo-schreibtische\/","og_locale":"de_DE","og_type":"article","og_title":"Dextro Slinger Duo Schreibtische - Schaffenburg","og_description":"Die Dextro Pendulum Duo Schreibtische sind per Kurbel h\u00f6henverstellbar, haben einen stabilen Metallfu\u00df und sind mit Zubeh\u00f6r erweiterbar. Perfekt f\u00fcr einen Duo-Arbeitsplatz und in verschiedenen Farben erh\u00e4ltlich.","og_url":"https:\/\/portal.schaffenburg.nl\/de\/produkt\/dextro-slinger-duo-schreibtische\/","og_site_name":"Schaffenburg","og_image":[{"width":1417,"height":1417,"url":"https:\/\/portal.schaffenburg.nl\/wp-content\/uploads\/2024\/09\/Dextro-Slinger-duo-Web.jpg?wsr","type":"image\/jpeg"}],"twitter_card":"summary_large_image","twitter_misc":{"Gesch\u00e4tzte Lesezeit":"2\u00a0Minuten"},"schema":{"@context":"https:\/\/schema.org","@graph":[{"@type":"WebPage","@id":"https:\/\/portal.schaffenburg.nl\/de\/produkt\/dextro-slinger-duo-schreibtische\/","url":"https:\/\/portal.schaffenburg.nl\/de\/produkt\/dextro-slinger-duo-schreibtische\/","name":"Dextro Slinger Duo Schreibtische - Schaffenburg","isPartOf":{"@id":"https:\/\/portal.schaffenburg.nl\/de\/#website"},"primaryImageOfPage":{"@id":"https:\/\/portal.schaffenburg.nl\/de\/produkt\/dextro-slinger-duo-schreibtische\/#primaryimage"},"image":{"@id":"https:\/\/portal.schaffenburg.nl\/de\/produkt\/dextro-slinger-duo-schreibtische\/#primaryimage"},"thumbnailUrl":"https:\/\/portal.schaffenburg.nl\/wp-content\/uploads\/2024\/09\/Dextro-Slinger-duo-Web.jpg?wsr","datePublished":"2020-08-18T09:58:13+00:00","breadcrumb":{"@id":"https:\/\/portal.schaffenburg.nl\/de\/produkt\/dextro-slinger-duo-schreibtische\/#breadcrumb"},"inLanguage":"de","potentialAction":[{"@type":"ReadAction","target":["https:\/\/portal.schaffenburg.nl\/de\/produkt\/dextro-slinger-duo-schreibtische\/"]}]},{"@type":"ImageObject","inLanguage":"de","@id":"https:\/\/portal.schaffenburg.nl\/de\/produkt\/dextro-slinger-duo-schreibtische\/#primaryimage","url":"https:\/\/portal.schaffenburg.nl\/wp-content\/uploads\/2024\/09\/Dextro-Slinger-duo-Web.jpg?wsr","contentUrl":"https:\/\/portal.schaffenburg.nl\/wp-content\/uploads\/2024\/09\/Dextro-Slinger-duo-Web.jpg?wsr","width":1417,"height":1417,"caption":"Dextro Slinger Duo Schreibtische"},{"@type":"BreadcrumbList","@id":"https:\/\/portal.schaffenburg.nl\/de\/produkt\/dextro-slinger-duo-schreibtische\/#breadcrumb","itemListElement":[{"@type":"ListItem","position":1,"name":"Home","item":"https:\/\/portal.schaffenburg.nl\/de\/"},{"@type":"ListItem","position":2,"name":"Dextro Slinger Duo Schreibtische"}]},{"@type":"WebSite","@id":"https:\/\/portal.schaffenburg.nl\/de\/#website","url":"https:\/\/portal.schaffenburg.nl\/de\/","name":"Schaffenburg","description":"","potentialAction":[{"@type":"SearchAction","target":{"@type":"EntryPoint","urlTemplate":"https:\/\/portal.schaffenburg.nl\/de\/?s={search_term_string}"},"query-input":{"@type":"PropertyValueSpecification","valueRequired":true,"valueName":"search_term_string"}}],"inLanguage":"de"}]}},"_links":{"self":[{"href":"https:\/\/portal.schaffenburg.nl\/de\/wp-json\/wp\/v2\/product\/28677","targetHints":{"allow":["GET"]}}],"collection":[{"href":"https:\/\/portal.schaffenburg.nl\/de\/wp-json\/wp\/v2\/product"}],"about":[{"href":"https:\/\/portal.schaffenburg.nl\/de\/wp-json\/wp\/v2\/types\/product"}],"replies":[{"embeddable":true,"href":"https:\/\/portal.schaffenburg.nl\/de\/wp-json\/wp\/v2\/comments?post=28677"}],"wp:featuredmedia":[{"embeddable":true,"href":"https:\/\/portal.schaffenburg.nl\/de\/wp-json\/wp\/v2\/media\/23484"}],"wp:attachment":[{"href":"https:\/\/portal.schaffenburg.nl\/de\/wp-json\/wp\/v2\/media?parent=28677"}],"wp:term":[{"taxonomy":"product_brand","embeddable":true,"href":"https:\/\/portal.schaffenburg.nl\/de\/wp-json\/wp\/v2\/product_brand?post=28677"},{"taxonomy":"product_cat","embeddable":true,"href":"https:\/\/portal.schaffenburg.nl\/de\/wp-json\/wp\/v2\/product_cat?post=28677"},{"taxonomy":"product_tag","embeddable":true,"href":"https:\/\/portal.schaffenburg.nl\/de\/wp-json\/wp\/v2\/product_tag?post=28677"}],"curies":[{"name":"wp","href":"https:\/\/api.w.org\/{rel}","templated":true}]}}