{"id":29091,"date":"2020-08-19T13:17:10","date_gmt":"2020-08-19T13:17:10","guid":{"rendered":"https:\/\/staging-schaffenburg.nl\/product\/linesto-n4-schreibtisch\/"},"modified":"2020-08-19T13:17:10","modified_gmt":"2020-08-19T13:17:10","slug":"linesto-n4-schreibtisch","status":"publish","type":"product","link":"https:\/\/portal.schaffenburg.nl\/de\/produkt\/linesto-n4-schreibtisch\/","title":{"rendered":"Linesto N4 Schreibtisch"},"content":{"rendered":"Sind Sie auf der Suche nach einem Arbeitsplatz, an dem Sie sich im B\u00fcro wie zu Hause f\u00fchlen? Der Linesto N4 Schreibtisch bietet Ihnen genau das! Mit seinem vierbeinigen Design und dem rechteckigen, flachen N-Fu\u00df-Gestell und der schwebenden Platte sorgt dieser Schreibtisch daf\u00fcr, dass Sie sich beim Arbeiten wohlf\u00fchlen.  \nDas Gestell des Linesto n4 l\u00e4sst sich ganz einfach ohne Werkzeug zusammenbauen. Au\u00dferdem l\u00e4sst sich die H\u00f6he des Tisches mit Hilfe eines Druckknopfes superschnell einstellen. So k\u00f6nnen Sie die H\u00f6he des Tisches schnell und einfach an Ihre pers\u00f6nlichen Vorlieben anpassen. Die H\u00f6he ist von 65,5 bis 85,5 cm einstellbar und hat eine maximale Belastbarkeit von 70 kg.   \nDer Schreibtisch kann mit einem Anbautisch erweitert werden, so dass Sie noch mehr Platz f\u00fcr Ihre Arbeit haben. Der Linesto N4 Schreibtisch ist in drei Gestellfarben und sieben Plattenfarben erh\u00e4ltlich. So k\u00f6nnen Sie die Farbe w\u00e4hlen, die am besten zu Ihrem Stil passt.  \nDieser Schreibtisch bietet auch Platz f\u00fcr Kabelmanagement-Zubeh\u00f6r, CPU-Halter und Frontplatte aus Stahl. Die Tischplatte hat eine St\u00e4rke von 25 mm Melamin, was den Schreibtisch besonders stabil macht. Die rechteckigen Metallbeine und das N-Fu\u00dfgestell mit verstellbaren F\u00fc\u00dfen verleihen dem Schreibtisch einen eleganten und modernen Look.  \nKurzum, der Linesto N4 Schreibtisch bietet Ihnen nicht nur einen komfortablen Arbeitsplatz, sondern auch einen modernen Look. Er ist die perfekte Wahl f\u00fcr alle, die einen Schreibtisch suchen, der sich schnell und einfach an die pers\u00f6nlichen Vorlieben anpassen l\u00e4sst. Bestellen Sie jetzt und \u00fcberzeugen Sie sich selbst vom Komfort des Linesto N4 Schreibtischs!  \n<h6>Eigenschaften<\/h6>\n<ul>\n<li>Werkzeugloser Montagerahmen.<\/li>\n<li>H\u00f6henverstellbar von 65,5 bis 85,5 cm.<\/li>\n<li>Maximale Belastung: 70 kg.<\/li>\n<li>SCHNELLE &amp; EINFACHE H\u00f6henverstellung per Druckknopf.<\/li>\n<li>Erweiterbar mit Kabelmanagement-Zubeh\u00f6r, CPU-Halter und Frontplattenstahl.<\/li>\n<li>Verschiedene Blatt- und Rahmenfarben.<\/li>\n<li>Tischplatten 25 mm dickes Melamin.<\/li>\n<li>Rechteckige Beine aus Metall.<\/li>\n<li>N-Fu\u00df mit verstellbaren F\u00fc\u00dfen.<\/li>\n<li>Auch als Verl\u00e4ngerungstisch erh\u00e4ltlich<\/li>\n<\/ul>\n","protected":false},"excerpt":{"rendered":"<p>Der Linesto N4 Schreibtisch ist ein moderner und komfortabler Arbeitsplatz. Der Schreibtisch hat ein rechteckiges, flaches N-Fu\u00df-Gestell und eine schwebende Platte. Das Gestell kann ohne Werkzeug zusammengebaut werden und ist mit einem Druckknopf in der H\u00f6he verstellbar. Der Schreibtisch kann mit einem Anbautisch erweitert werden und ist in verschiedenen Platten- und Gestellfarben erh\u00e4ltlich.   <\/p>\n","protected":false},"featured_media":23530,"comment_status":"closed","ping_status":"closed","template":"","meta":{"_acf_changed":false},"product_brand":[],"product_cat":[2882,4077,2140],"product_tag":[2582,4078,2583,4080,2584,4083,2618,4204,2619,4351,2620,4364,2707,4428,2143,2711,4429,2146,2720,4430,2150,2885,4431,2157,2886,4432,2158,2887,4433,2164,2890,4434,2285,2902,4435,2466,3132,4436,2471,3683],"class_list":{"0":"post-29091","1":"product","2":"type-product","3":"status-publish","4":"has-post-thumbnail","6":"product_cat-schreibtische","7":"product_cat-schreibtische-sitzen-sitzen","8":"product_cat-schnelle-lieferung","9":"product_tag-einfach-de-2","10":"product_tag-schreibtisch-de","11":"product_tag-vielseitig","12":"product_tag-verlangerungstisch","13":"product_tag-anpassbar","14":"product_tag-linien-zu-n4","15":"product_tag-heimburo","16":"product_tag-produktiv","17":"product_tag-buro-de","18":"product_tag-schwimmendes-blatt","19":"product_tag-kabelmanagement-de","20":"product_tag-n-bein","21":"product_tag-ergonomisch-de","22":"product_tag-ausbaufahig","23":"product_tag-nachhaltig","24":"product_tag-bequem-de","25":"product_tag-25-mm-dickes-melamin","26":"product_tag-attraktiv","27":"product_tag-flexibel-de","28":"product_tag-schnell","29":"product_tag-funktional","30":"product_tag-blattfarben","31":"product_tag-druckknopf","32":"product_tag-modern-de","33":"product_tag-cpu-halter","34":"product_tag-frontplatte-sta","35":"product_tag-stilvoll","36":"product_tag-rahmenfarben","37":"product_tag-werkzeuglos","38":"product_tag-praktisch-de","39":"product_tag-nivellierfuesse","40":"product_tag-maximale-belastung-70-kg","41":"product_tag-buro","42":"product_tag-hoehenverstellbar","43":"product_tag-rechteckige-beine","44":"product_tag-qualitat","45":"product_tag-arbeitsplatz-de","46":"product_tag-stark","47":"product_tag-effizient","48":"product_tag-einstellbar-de","49":"pa_blad-kleur-eiche-robbson","50":"pa_blad-kleur-halifax-auswaerts","51":"pa_blad-kleur-havanna-kirsche-hell","52":"pa_blad-kleur-hellgrau","53":"pa_blad-kleur-honig-castello","54":"pa_blad-kleur-kreideweiss","55":"pa_blad-kleur-lindberg-oak-abgehend","56":"pa_blad-kleur-logan-eiche","57":"pa_blad-kleur-schatten-schwarz","58":"pa_bladsoort-25mm-melamin","59":"pa_diepte-80cm-de","60":"pa_frame-kleur-aluminium-ral9006-de","61":"pa_frame-kleur-schwarz-ral9011","62":"pa_frame-kleur-weiss-ral9010","63":"pa_hoogte-65-85cm-de","64":"pa_lengte-120cm-de","65":"pa_lengte-140cm-de","66":"pa_lengte-160cm-de","67":"pa_lengte-180cm-de","68":"pa_onderstel-einstellbar","69":"pa_soorten-poot-n-bein","70":"pa_vorm-rechtwinklig","72":"first","73":"instock","74":"purchasable","75":"product-type-variable"},"acf":{"downloads":[{"label":"","bestand":34707,"toegankelijkheid":"resellers"},{"label":"","bestand":34710,"toegankelijkheid":"resellers"},{"label":"","bestand":34713,"toegankelijkheid":"resellers"}]},"yoast_head":"<!-- This site is optimized with the Yoast SEO plugin v26.7 - https:\/\/yoast.com\/wordpress\/plugins\/seo\/ -->\n<title>Linesto N4 Schreibtisch - Schaffenburg<\/title>\n<meta name=\"robots\" content=\"index, follow, max-snippet:-1, max-image-preview:large, max-video-preview:-1\" \/>\n<link rel=\"canonical\" href=\"https:\/\/portal.schaffenburg.nl\/de\/produkt\/linesto-n4-schreibtisch\/\" \/>\n<meta property=\"og:locale\" content=\"de_DE\" \/>\n<meta property=\"og:type\" content=\"article\" \/>\n<meta property=\"og:title\" content=\"Linesto N4 Schreibtisch - Schaffenburg\" \/>\n<meta property=\"og:description\" content=\"Der Linesto N4 Schreibtisch ist ein moderner und komfortabler Arbeitsplatz. Der Schreibtisch hat ein rechteckiges, flaches N-Fu\u00df-Gestell und eine schwebende Platte. Das Gestell kann ohne Werkzeug zusammengebaut werden und ist mit einem Druckknopf in der H\u00f6he verstellbar. Der Schreibtisch kann mit einem Anbautisch erweitert werden und ist in verschiedenen Platten- und Gestellfarben erh\u00e4ltlich.\" \/>\n<meta property=\"og:url\" content=\"https:\/\/portal.schaffenburg.nl\/de\/produkt\/linesto-n4-schreibtisch\/\" \/>\n<meta property=\"og:site_name\" content=\"Schaffenburg\" \/>\n<meta property=\"og:image\" content=\"https:\/\/portal.schaffenburg.nl\/wp-content\/uploads\/2024\/09\/LIN-N4-.-HCW-M25-scaled-e1717079861753.jpg?wsr\" \/>\n\t<meta property=\"og:image:width\" content=\"1830\" \/>\n\t<meta property=\"og:image:height\" content=\"1708\" \/>\n\t<meta property=\"og:image:type\" content=\"image\/jpeg\" \/>\n<meta name=\"twitter:card\" content=\"summary_large_image\" \/>\n<meta name=\"twitter:label1\" content=\"Gesch\u00e4tzte Lesezeit\" \/>\n\t<meta name=\"twitter:data1\" content=\"2\u00a0Minuten\" \/>\n<script type=\"application\/ld+json\" class=\"yoast-schema-graph\">{\"@context\":\"https:\/\/schema.org\",\"@graph\":[{\"@type\":\"WebPage\",\"@id\":\"https:\/\/portal.schaffenburg.nl\/de\/produkt\/linesto-n4-schreibtisch\/\",\"url\":\"https:\/\/portal.schaffenburg.nl\/de\/produkt\/linesto-n4-schreibtisch\/\",\"name\":\"Linesto N4 Schreibtisch - Schaffenburg\",\"isPartOf\":{\"@id\":\"https:\/\/portal.schaffenburg.nl\/de\/#website\"},\"primaryImageOfPage\":{\"@id\":\"https:\/\/portal.schaffenburg.nl\/de\/produkt\/linesto-n4-schreibtisch\/#primaryimage\"},\"image\":{\"@id\":\"https:\/\/portal.schaffenburg.nl\/de\/produkt\/linesto-n4-schreibtisch\/#primaryimage\"},\"thumbnailUrl\":\"https:\/\/portal.schaffenburg.nl\/wp-content\/uploads\/2024\/09\/LIN-N4-.-HCW-M25-scaled-e1717079861753.jpg?wsr\",\"datePublished\":\"2020-08-19T13:17:10+00:00\",\"breadcrumb\":{\"@id\":\"https:\/\/portal.schaffenburg.nl\/de\/produkt\/linesto-n4-schreibtisch\/#breadcrumb\"},\"inLanguage\":\"de\",\"potentialAction\":[{\"@type\":\"ReadAction\",\"target\":[\"https:\/\/portal.schaffenburg.nl\/de\/produkt\/linesto-n4-schreibtisch\/\"]}]},{\"@type\":\"ImageObject\",\"inLanguage\":\"de\",\"@id\":\"https:\/\/portal.schaffenburg.nl\/de\/produkt\/linesto-n4-schreibtisch\/#primaryimage\",\"url\":\"https:\/\/portal.schaffenburg.nl\/wp-content\/uploads\/2024\/09\/LIN-N4-.-HCW-M25-scaled-e1717079861753.jpg?wsr\",\"contentUrl\":\"https:\/\/portal.schaffenburg.nl\/wp-content\/uploads\/2024\/09\/LIN-N4-.-HCW-M25-scaled-e1717079861753.jpg?wsr\",\"width\":1830,\"height\":1708},{\"@type\":\"BreadcrumbList\",\"@id\":\"https:\/\/portal.schaffenburg.nl\/de\/produkt\/linesto-n4-schreibtisch\/#breadcrumb\",\"itemListElement\":[{\"@type\":\"ListItem\",\"position\":1,\"name\":\"Home\",\"item\":\"https:\/\/portal.schaffenburg.nl\/de\/\"},{\"@type\":\"ListItem\",\"position\":2,\"name\":\"Linesto N4 Schreibtisch\"}]},{\"@type\":\"WebSite\",\"@id\":\"https:\/\/portal.schaffenburg.nl\/de\/#website\",\"url\":\"https:\/\/portal.schaffenburg.nl\/de\/\",\"name\":\"Schaffenburg\",\"description\":\"\",\"potentialAction\":[{\"@type\":\"SearchAction\",\"target\":{\"@type\":\"EntryPoint\",\"urlTemplate\":\"https:\/\/portal.schaffenburg.nl\/de\/?s={search_term_string}\"},\"query-input\":{\"@type\":\"PropertyValueSpecification\",\"valueRequired\":true,\"valueName\":\"search_term_string\"}}],\"inLanguage\":\"de\"}]}<\/script>\n<!-- \/ Yoast SEO plugin. -->","yoast_head_json":{"title":"Linesto N4 Schreibtisch - Schaffenburg","robots":{"index":"index","follow":"follow","max-snippet":"max-snippet:-1","max-image-preview":"max-image-preview:large","max-video-preview":"max-video-preview:-1"},"canonical":"https:\/\/portal.schaffenburg.nl\/de\/produkt\/linesto-n4-schreibtisch\/","og_locale":"de_DE","og_type":"article","og_title":"Linesto N4 Schreibtisch - Schaffenburg","og_description":"Der Linesto N4 Schreibtisch ist ein moderner und komfortabler Arbeitsplatz. Der Schreibtisch hat ein rechteckiges, flaches N-Fu\u00df-Gestell und eine schwebende Platte. Das Gestell kann ohne Werkzeug zusammengebaut werden und ist mit einem Druckknopf in der H\u00f6he verstellbar. Der Schreibtisch kann mit einem Anbautisch erweitert werden und ist in verschiedenen Platten- und Gestellfarben erh\u00e4ltlich.","og_url":"https:\/\/portal.schaffenburg.nl\/de\/produkt\/linesto-n4-schreibtisch\/","og_site_name":"Schaffenburg","og_image":[{"width":1830,"height":1708,"url":"https:\/\/portal.schaffenburg.nl\/wp-content\/uploads\/2024\/09\/LIN-N4-.-HCW-M25-scaled-e1717079861753.jpg?wsr","type":"image\/jpeg"}],"twitter_card":"summary_large_image","twitter_misc":{"Gesch\u00e4tzte Lesezeit":"2\u00a0Minuten"},"schema":{"@context":"https:\/\/schema.org","@graph":[{"@type":"WebPage","@id":"https:\/\/portal.schaffenburg.nl\/de\/produkt\/linesto-n4-schreibtisch\/","url":"https:\/\/portal.schaffenburg.nl\/de\/produkt\/linesto-n4-schreibtisch\/","name":"Linesto N4 Schreibtisch - Schaffenburg","isPartOf":{"@id":"https:\/\/portal.schaffenburg.nl\/de\/#website"},"primaryImageOfPage":{"@id":"https:\/\/portal.schaffenburg.nl\/de\/produkt\/linesto-n4-schreibtisch\/#primaryimage"},"image":{"@id":"https:\/\/portal.schaffenburg.nl\/de\/produkt\/linesto-n4-schreibtisch\/#primaryimage"},"thumbnailUrl":"https:\/\/portal.schaffenburg.nl\/wp-content\/uploads\/2024\/09\/LIN-N4-.-HCW-M25-scaled-e1717079861753.jpg?wsr","datePublished":"2020-08-19T13:17:10+00:00","breadcrumb":{"@id":"https:\/\/portal.schaffenburg.nl\/de\/produkt\/linesto-n4-schreibtisch\/#breadcrumb"},"inLanguage":"de","potentialAction":[{"@type":"ReadAction","target":["https:\/\/portal.schaffenburg.nl\/de\/produkt\/linesto-n4-schreibtisch\/"]}]},{"@type":"ImageObject","inLanguage":"de","@id":"https:\/\/portal.schaffenburg.nl\/de\/produkt\/linesto-n4-schreibtisch\/#primaryimage","url":"https:\/\/portal.schaffenburg.nl\/wp-content\/uploads\/2024\/09\/LIN-N4-.-HCW-M25-scaled-e1717079861753.jpg?wsr","contentUrl":"https:\/\/portal.schaffenburg.nl\/wp-content\/uploads\/2024\/09\/LIN-N4-.-HCW-M25-scaled-e1717079861753.jpg?wsr","width":1830,"height":1708},{"@type":"BreadcrumbList","@id":"https:\/\/portal.schaffenburg.nl\/de\/produkt\/linesto-n4-schreibtisch\/#breadcrumb","itemListElement":[{"@type":"ListItem","position":1,"name":"Home","item":"https:\/\/portal.schaffenburg.nl\/de\/"},{"@type":"ListItem","position":2,"name":"Linesto N4 Schreibtisch"}]},{"@type":"WebSite","@id":"https:\/\/portal.schaffenburg.nl\/de\/#website","url":"https:\/\/portal.schaffenburg.nl\/de\/","name":"Schaffenburg","description":"","potentialAction":[{"@type":"SearchAction","target":{"@type":"EntryPoint","urlTemplate":"https:\/\/portal.schaffenburg.nl\/de\/?s={search_term_string}"},"query-input":{"@type":"PropertyValueSpecification","valueRequired":true,"valueName":"search_term_string"}}],"inLanguage":"de"}]}},"_links":{"self":[{"href":"https:\/\/portal.schaffenburg.nl\/de\/wp-json\/wp\/v2\/product\/29091","targetHints":{"allow":["GET"]}}],"collection":[{"href":"https:\/\/portal.schaffenburg.nl\/de\/wp-json\/wp\/v2\/product"}],"about":[{"href":"https:\/\/portal.schaffenburg.nl\/de\/wp-json\/wp\/v2\/types\/product"}],"replies":[{"embeddable":true,"href":"https:\/\/portal.schaffenburg.nl\/de\/wp-json\/wp\/v2\/comments?post=29091"}],"wp:featuredmedia":[{"embeddable":true,"href":"https:\/\/portal.schaffenburg.nl\/de\/wp-json\/wp\/v2\/media\/23530"}],"wp:attachment":[{"href":"https:\/\/portal.schaffenburg.nl\/de\/wp-json\/wp\/v2\/media?parent=29091"}],"wp:term":[{"taxonomy":"product_brand","embeddable":true,"href":"https:\/\/portal.schaffenburg.nl\/de\/wp-json\/wp\/v2\/product_brand?post=29091"},{"taxonomy":"product_cat","embeddable":true,"href":"https:\/\/portal.schaffenburg.nl\/de\/wp-json\/wp\/v2\/product_cat?post=29091"},{"taxonomy":"product_tag","embeddable":true,"href":"https:\/\/portal.schaffenburg.nl\/de\/wp-json\/wp\/v2\/product_tag?post=29091"}],"curies":[{"name":"wp","href":"https:\/\/api.w.org\/{rel}","templated":true}]}}