{"id":29352,"date":"2020-08-20T11:39:49","date_gmt":"2020-08-20T11:39:49","guid":{"rendered":"https:\/\/staging-schaffenburg.nl\/product\/linesto-n3-erweiterungstisch\/"},"modified":"2020-08-20T11:39:49","modified_gmt":"2020-08-20T11:39:49","slug":"linesto-n3-erweiterungstisch","status":"publish","type":"product","link":"https:\/\/portal.schaffenburg.nl\/de\/produkt\/linesto-n3-erweiterungstisch\/","title":{"rendered":"Linesto N3 Erweiterungstisch"},"content":{"rendered":"Erweitern Sie Ihren Arbeitsbereich und steigern Sie Ihre Produktivit\u00e4t mit dem Linesto N3 Erweiterungstisch! Verbessern Sie die Produktivit\u00e4t und den Komfort Ihres Linesto N3 Schreibtisches mit dieser praktischen Erweiterung f\u00fcr zus\u00e4tzlichen Platz. Stellen Sie die H\u00f6he zwischen 65,5 und 85,5 cm ein, um eine bequeme Arbeitsumgebung zu schaffen, die Ihren W\u00fcnschen entspricht.  \nDer Linesto N3 Ausziehtisch ist in sieben verschiedenen Plattenfarben erh\u00e4ltlich. Sie k\u00f6nnen ihn perfekt mit Ihrem vorhandenen Schreibtisch oder den Farben Ihres Arbeitsplatzes kombinieren. Die Tischplatten sind aus strapazierf\u00e4higem, 25 mm dickem Melamin gefertigt und resistent gegen Kratzer, Abnutzung und Flecken. Au\u00dferdem sind sie leicht zu reinigen und zu pflegen.   \nW\u00e4hlen Sie zwischen zwei Gr\u00f6\u00dfen, 80 x 60 cm oder 120 x 60 cm, um den perfekten Arbeitsplatz f\u00fcr Ihre Bed\u00fcrfnisse und Ihren Platz zu finden. Au\u00dferdem haben Sie die Wahl zwischen drei eleganten Farben (Schwarz, Wei\u00df und Aluminium) f\u00fcr das N-Fu\u00df-Gestell, das am besten zu Ihrem Schreibtisch und Ihrem Arbeitsbereich passt. \nDas dreieckige Metallgestell des Erweiterungstisches sorgt f\u00fcr maximale Stabilit\u00e4t und Langlebigkeit, w\u00e4hrend das N-Fu\u00dfgestell mit verstellbaren F\u00fc\u00dfen ausgestattet ist, um sicherzustellen, dass der Tisch auf jeder Oberfl\u00e4che stabil steht. Das passende Design von Gestell und Platte sorgt daf\u00fcr, dass der Anbautisch nahtlos zu Ihrem Linesto N3 Schreibtisch passt und Ihrem Arbeitsbereich ein einheitliches Aussehen verleiht. \nDer Linesto N3 Erweiterungstisch ist die ideale Erg\u00e4nzung f\u00fcr Ihr Heimb\u00fcro, Ihre professionelle Arbeitsumgebung oder Ihr Arbeitszimmer. Dieser einfach zu installierende Tisch bietet Ihnen den zus\u00e4tzlichen Platz und Komfort, den Sie brauchen, um Ihre Arbeit effizient und effektiv zu erledigen. Bestellen Sie jetzt und erleben Sie den Unterschied in Komfort und Effizienz!  \n<h6>Eigenschaften<\/h6>\n<ul>\n<li>Erg\u00e4nzung zum Schreibtisch Linesto n3<\/li>\n<li>H\u00f6henverstellbar (65,5 - 85,5 cm)<\/li>\n<li>Erh\u00e4ltlich in sieben verschiedenen Blattfarben<\/li>\n<li>Oberseite 25 mm. Melamin <\/li>\n<li>Erh\u00e4ltlich in zwei Gr\u00f6\u00dfen: 80 x 60 cm und 120 x 60 cm<\/li>\n<li>Das N-Fu\u00dfgestell ist in Schwarz, Wei\u00df und Aluminium erh\u00e4ltlich<\/li>\n<li>Dreieckiger Rohrsockel aus Metall<\/li>\n<li>N-Fu\u00df mit verstellbaren F\u00fc\u00dfen<\/li>\n<li>Sowohl der Rahmen als auch die Platte k\u00f6nnen an den Tisch angepasst werden<\/li>\n<\/ul>\n","protected":false},"excerpt":{"rendered":"<p>Der Linesto N3 Verl\u00e4ngerungstisch ist eine ideale Erg\u00e4nzung f\u00fcr Ihren Linesto N3 Schreibtisch. Erh\u00e4ltlich in 7 Plattenfarben und 2 Gr\u00f6\u00dfen (80x60cm und 120x60cm) mit einer verstellbaren H\u00f6he von 65,5 bis 85,5 cm. W\u00e4hlen Sie aus 3 Farben f\u00fcr das N-Fu\u00df-Gestell. Die Platte ist aus 25 mm starkem Melamin und das Dreiecksrohrgestell aus Metall bietet maximale Stabilit\u00e4t. Einfach aufzustellen und ideal f\u00fcr zu Hause, die Arbeitsumgebung oder das Arbeitszimmer.    <\/p>\n","protected":false},"featured_media":23598,"comment_status":"closed","ping_status":"closed","template":"","meta":{"_acf_changed":false},"product_brand":[],"product_cat":[2882,4077,2140],"product_tag":[2619,4463,4479,2707,4464,2722,4465,2888,4466,2964,4467,3384,4468,2142,3619,4469,2143,3620,4470,2145,3681,4471,2158,4078,4472,2424,4080,4473,2427,4081,4474,2467,4084,4475,2468,4085,4476,2472,4371,4477,2618,4428,4478],"class_list":{"0":"post-29352","1":"product","2":"type-product","3":"status-publish","4":"has-post-thumbnail","6":"product_cat-schreibtische","7":"product_cat-schreibtische-sitzen-sitzen","8":"product_cat-schnelle-lieferung","9":"product_tag-buro-de","10":"product_tag-einstellbare-nivellierfuse","11":"product_tag-sieben-blattfarben","12":"product_tag-ergonomisch-de","13":"product_tag-passender-schreibtisch","14":"product_tag-pflegeleichte","15":"product_tag-buro-accessoire","16":"product_tag-melamin","17":"product_tag-schreibtisch-losung","18":"product_tag-stabil","19":"product_tag-einfach-zu-installieren","20":"product_tag-burogestaltung","21":"product_tag-leistungsstark","22":"product_tag-komfort","23":"product_tag-leicht-zu-reinigen","24":"product_tag-produktivitatssteigernd","25":"product_tag-nachhaltig","26":"product_tag-einheitliches-erscheinungsbild","27":"product_tag-dreieckiger-rohrsockel","28":"product_tag-schwarz","29":"product_tag-von-zu-hause-aus-arbeiten-de","30":"product_tag-effektivitat","31":"product_tag-stilvoll","32":"product_tag-schreibtisch-de","33":"product_tag-flexibler-arbeitsplatz","34":"product_tag-aluminium-de","35":"product_tag-verlangerungstisch","36":"product_tag-linien-zu-n3","37":"product_tag-weis","38":"product_tag-hohenverstellbar","39":"product_tag-modular-de","40":"product_tag-produktivitat","41":"product_tag-zusatzlicher-platz","42":"product_tag-professionelle-arbeitsumgebung","43":"product_tag-effizienz","44":"product_tag-n-bein-rahmen","45":"product_tag-studie-de","46":"product_tag-handy","47":"product_tag-hohe-einstellbar","48":"product_tag-heimburo-de-2","49":"product_tag-heimburo","50":"product_tag-ausbaufahig","51":"product_tag-verbesserter-arbeitsplatz","52":"pa_blad-kleur-eiche-robbson","53":"pa_blad-kleur-halifax-auswaerts","54":"pa_blad-kleur-havanna-kirsche-hell","55":"pa_blad-kleur-hellgrau","56":"pa_blad-kleur-kreideweiss","57":"pa_blad-kleur-lindberg-oak-abgehend","58":"pa_blad-kleur-logan-eiche","59":"pa_bladsoort-25mm-melamin","60":"pa_diepte-60cm-de","61":"pa_frame-kleur-aluminium-ral9006-de","62":"pa_frame-kleur-schwarz-ral9011","63":"pa_frame-kleur-weiss-ral9010","64":"pa_hoogte-62-85cm-de","65":"pa_lengte-120cm-de","66":"pa_lengte-80cm-de","67":"pa_onderstel-einstellbar","68":"pa_soorten-poot-t-bein","69":"pa_vorm-rechtwinklig","71":"first","72":"instock","73":"purchasable","74":"product-type-variable"},"acf":{"downloads":[{"label":"","bestand":34704,"toegankelijkheid":"resellers"}]},"yoast_head":"<!-- This site is optimized with the Yoast SEO plugin v26.7 - https:\/\/yoast.com\/wordpress\/plugins\/seo\/ -->\n<title>Linesto N3 Erweiterungstisch - Schaffenburg<\/title>\n<meta name=\"robots\" content=\"index, follow, max-snippet:-1, max-image-preview:large, max-video-preview:-1\" \/>\n<link rel=\"canonical\" href=\"https:\/\/portal.schaffenburg.nl\/de\/produkt\/linesto-n3-erweiterungstisch\/\" \/>\n<meta property=\"og:locale\" content=\"de_DE\" \/>\n<meta property=\"og:type\" content=\"article\" \/>\n<meta property=\"og:title\" content=\"Linesto N3 Erweiterungstisch - Schaffenburg\" \/>\n<meta property=\"og:description\" content=\"Der Linesto N3 Verl\u00e4ngerungstisch ist eine ideale Erg\u00e4nzung f\u00fcr Ihren Linesto N3 Schreibtisch. Erh\u00e4ltlich in 7 Plattenfarben und 2 Gr\u00f6\u00dfen (80x60cm und 120x60cm) mit einer verstellbaren H\u00f6he von 65,5 bis 85,5 cm. W\u00e4hlen Sie aus 3 Farben f\u00fcr das N-Fu\u00df-Gestell. Die Platte ist aus 25 mm starkem Melamin und das Dreiecksrohrgestell aus Metall bietet maximale Stabilit\u00e4t. Einfach aufzustellen und ideal f\u00fcr zu Hause, die Arbeitsumgebung oder das Arbeitszimmer.\" \/>\n<meta property=\"og:url\" content=\"https:\/\/portal.schaffenburg.nl\/de\/produkt\/linesto-n3-erweiterungstisch\/\" \/>\n<meta property=\"og:site_name\" content=\"Schaffenburg\" \/>\n<meta property=\"og:image\" content=\"https:\/\/portal.schaffenburg.nl\/wp-content\/uploads\/2024\/09\/Linesto_N3_aanbouwtafel_WI_LI-web.png?wsr\" \/>\n\t<meta property=\"og:image:width\" content=\"1417\" \/>\n\t<meta property=\"og:image:height\" content=\"1417\" \/>\n\t<meta property=\"og:image:type\" content=\"image\/png\" \/>\n<meta name=\"twitter:card\" content=\"summary_large_image\" \/>\n<meta name=\"twitter:label1\" content=\"Gesch\u00e4tzte Lesezeit\" \/>\n\t<meta name=\"twitter:data1\" content=\"2\u00a0Minuten\" \/>\n<script type=\"application\/ld+json\" class=\"yoast-schema-graph\">{\"@context\":\"https:\/\/schema.org\",\"@graph\":[{\"@type\":\"WebPage\",\"@id\":\"https:\/\/portal.schaffenburg.nl\/de\/produkt\/linesto-n3-erweiterungstisch\/\",\"url\":\"https:\/\/portal.schaffenburg.nl\/de\/produkt\/linesto-n3-erweiterungstisch\/\",\"name\":\"Linesto N3 Erweiterungstisch - Schaffenburg\",\"isPartOf\":{\"@id\":\"https:\/\/portal.schaffenburg.nl\/de\/#website\"},\"primaryImageOfPage\":{\"@id\":\"https:\/\/portal.schaffenburg.nl\/de\/produkt\/linesto-n3-erweiterungstisch\/#primaryimage\"},\"image\":{\"@id\":\"https:\/\/portal.schaffenburg.nl\/de\/produkt\/linesto-n3-erweiterungstisch\/#primaryimage\"},\"thumbnailUrl\":\"https:\/\/portal.schaffenburg.nl\/wp-content\/uploads\/2024\/09\/Linesto_N3_aanbouwtafel_WI_LI-web.png?wsr\",\"datePublished\":\"2020-08-20T11:39:49+00:00\",\"breadcrumb\":{\"@id\":\"https:\/\/portal.schaffenburg.nl\/de\/produkt\/linesto-n3-erweiterungstisch\/#breadcrumb\"},\"inLanguage\":\"de\",\"potentialAction\":[{\"@type\":\"ReadAction\",\"target\":[\"https:\/\/portal.schaffenburg.nl\/de\/produkt\/linesto-n3-erweiterungstisch\/\"]}]},{\"@type\":\"ImageObject\",\"inLanguage\":\"de\",\"@id\":\"https:\/\/portal.schaffenburg.nl\/de\/produkt\/linesto-n3-erweiterungstisch\/#primaryimage\",\"url\":\"https:\/\/portal.schaffenburg.nl\/wp-content\/uploads\/2024\/09\/Linesto_N3_aanbouwtafel_WI_LI-web.png?wsr\",\"contentUrl\":\"https:\/\/portal.schaffenburg.nl\/wp-content\/uploads\/2024\/09\/Linesto_N3_aanbouwtafel_WI_LI-web.png?wsr\",\"width\":1417,\"height\":1417,\"caption\":\"Linesto N3 Erweiterungstisch\"},{\"@type\":\"BreadcrumbList\",\"@id\":\"https:\/\/portal.schaffenburg.nl\/de\/produkt\/linesto-n3-erweiterungstisch\/#breadcrumb\",\"itemListElement\":[{\"@type\":\"ListItem\",\"position\":1,\"name\":\"Home\",\"item\":\"https:\/\/portal.schaffenburg.nl\/de\/\"},{\"@type\":\"ListItem\",\"position\":2,\"name\":\"Linesto N3 Erweiterungstisch\"}]},{\"@type\":\"WebSite\",\"@id\":\"https:\/\/portal.schaffenburg.nl\/de\/#website\",\"url\":\"https:\/\/portal.schaffenburg.nl\/de\/\",\"name\":\"Schaffenburg\",\"description\":\"\",\"potentialAction\":[{\"@type\":\"SearchAction\",\"target\":{\"@type\":\"EntryPoint\",\"urlTemplate\":\"https:\/\/portal.schaffenburg.nl\/de\/?s={search_term_string}\"},\"query-input\":{\"@type\":\"PropertyValueSpecification\",\"valueRequired\":true,\"valueName\":\"search_term_string\"}}],\"inLanguage\":\"de\"}]}<\/script>\n<!-- \/ Yoast SEO plugin. -->","yoast_head_json":{"title":"Linesto N3 Erweiterungstisch - Schaffenburg","robots":{"index":"index","follow":"follow","max-snippet":"max-snippet:-1","max-image-preview":"max-image-preview:large","max-video-preview":"max-video-preview:-1"},"canonical":"https:\/\/portal.schaffenburg.nl\/de\/produkt\/linesto-n3-erweiterungstisch\/","og_locale":"de_DE","og_type":"article","og_title":"Linesto N3 Erweiterungstisch - Schaffenburg","og_description":"Der Linesto N3 Verl\u00e4ngerungstisch ist eine ideale Erg\u00e4nzung f\u00fcr Ihren Linesto N3 Schreibtisch. Erh\u00e4ltlich in 7 Plattenfarben und 2 Gr\u00f6\u00dfen (80x60cm und 120x60cm) mit einer verstellbaren H\u00f6he von 65,5 bis 85,5 cm. W\u00e4hlen Sie aus 3 Farben f\u00fcr das N-Fu\u00df-Gestell. Die Platte ist aus 25 mm starkem Melamin und das Dreiecksrohrgestell aus Metall bietet maximale Stabilit\u00e4t. Einfach aufzustellen und ideal f\u00fcr zu Hause, die Arbeitsumgebung oder das Arbeitszimmer.","og_url":"https:\/\/portal.schaffenburg.nl\/de\/produkt\/linesto-n3-erweiterungstisch\/","og_site_name":"Schaffenburg","og_image":[{"width":1417,"height":1417,"url":"https:\/\/portal.schaffenburg.nl\/wp-content\/uploads\/2024\/09\/Linesto_N3_aanbouwtafel_WI_LI-web.png?wsr","type":"image\/png"}],"twitter_card":"summary_large_image","twitter_misc":{"Gesch\u00e4tzte Lesezeit":"2\u00a0Minuten"},"schema":{"@context":"https:\/\/schema.org","@graph":[{"@type":"WebPage","@id":"https:\/\/portal.schaffenburg.nl\/de\/produkt\/linesto-n3-erweiterungstisch\/","url":"https:\/\/portal.schaffenburg.nl\/de\/produkt\/linesto-n3-erweiterungstisch\/","name":"Linesto N3 Erweiterungstisch - Schaffenburg","isPartOf":{"@id":"https:\/\/portal.schaffenburg.nl\/de\/#website"},"primaryImageOfPage":{"@id":"https:\/\/portal.schaffenburg.nl\/de\/produkt\/linesto-n3-erweiterungstisch\/#primaryimage"},"image":{"@id":"https:\/\/portal.schaffenburg.nl\/de\/produkt\/linesto-n3-erweiterungstisch\/#primaryimage"},"thumbnailUrl":"https:\/\/portal.schaffenburg.nl\/wp-content\/uploads\/2024\/09\/Linesto_N3_aanbouwtafel_WI_LI-web.png?wsr","datePublished":"2020-08-20T11:39:49+00:00","breadcrumb":{"@id":"https:\/\/portal.schaffenburg.nl\/de\/produkt\/linesto-n3-erweiterungstisch\/#breadcrumb"},"inLanguage":"de","potentialAction":[{"@type":"ReadAction","target":["https:\/\/portal.schaffenburg.nl\/de\/produkt\/linesto-n3-erweiterungstisch\/"]}]},{"@type":"ImageObject","inLanguage":"de","@id":"https:\/\/portal.schaffenburg.nl\/de\/produkt\/linesto-n3-erweiterungstisch\/#primaryimage","url":"https:\/\/portal.schaffenburg.nl\/wp-content\/uploads\/2024\/09\/Linesto_N3_aanbouwtafel_WI_LI-web.png?wsr","contentUrl":"https:\/\/portal.schaffenburg.nl\/wp-content\/uploads\/2024\/09\/Linesto_N3_aanbouwtafel_WI_LI-web.png?wsr","width":1417,"height":1417,"caption":"Linesto N3 Erweiterungstisch"},{"@type":"BreadcrumbList","@id":"https:\/\/portal.schaffenburg.nl\/de\/produkt\/linesto-n3-erweiterungstisch\/#breadcrumb","itemListElement":[{"@type":"ListItem","position":1,"name":"Home","item":"https:\/\/portal.schaffenburg.nl\/de\/"},{"@type":"ListItem","position":2,"name":"Linesto N3 Erweiterungstisch"}]},{"@type":"WebSite","@id":"https:\/\/portal.schaffenburg.nl\/de\/#website","url":"https:\/\/portal.schaffenburg.nl\/de\/","name":"Schaffenburg","description":"","potentialAction":[{"@type":"SearchAction","target":{"@type":"EntryPoint","urlTemplate":"https:\/\/portal.schaffenburg.nl\/de\/?s={search_term_string}"},"query-input":{"@type":"PropertyValueSpecification","valueRequired":true,"valueName":"search_term_string"}}],"inLanguage":"de"}]}},"_links":{"self":[{"href":"https:\/\/portal.schaffenburg.nl\/de\/wp-json\/wp\/v2\/product\/29352","targetHints":{"allow":["GET"]}}],"collection":[{"href":"https:\/\/portal.schaffenburg.nl\/de\/wp-json\/wp\/v2\/product"}],"about":[{"href":"https:\/\/portal.schaffenburg.nl\/de\/wp-json\/wp\/v2\/types\/product"}],"replies":[{"embeddable":true,"href":"https:\/\/portal.schaffenburg.nl\/de\/wp-json\/wp\/v2\/comments?post=29352"}],"wp:featuredmedia":[{"embeddable":true,"href":"https:\/\/portal.schaffenburg.nl\/de\/wp-json\/wp\/v2\/media\/23598"}],"wp:attachment":[{"href":"https:\/\/portal.schaffenburg.nl\/de\/wp-json\/wp\/v2\/media?parent=29352"}],"wp:term":[{"taxonomy":"product_brand","embeddable":true,"href":"https:\/\/portal.schaffenburg.nl\/de\/wp-json\/wp\/v2\/product_brand?post=29352"},{"taxonomy":"product_cat","embeddable":true,"href":"https:\/\/portal.schaffenburg.nl\/de\/wp-json\/wp\/v2\/product_cat?post=29352"},{"taxonomy":"product_tag","embeddable":true,"href":"https:\/\/portal.schaffenburg.nl\/de\/wp-json\/wp\/v2\/product_tag?post=29352"}],"curies":[{"name":"wp","href":"https:\/\/api.w.org\/{rel}","templated":true}]}}