{"id":29396,"date":"2019-01-31T15:51:29","date_gmt":"2019-01-31T13:51:29","guid":{"rendered":"https:\/\/staging-schaffenburg.nl\/product\/telefonzelle\/"},"modified":"2019-01-31T15:51:29","modified_gmt":"2019-01-31T15:51:29","slug":"telefonzelle","status":"publish","type":"product","link":"https:\/\/portal.schaffenburg.nl\/de\/produkt\/telefonzelle\/","title":{"rendered":"Telefonzelle"},"content":{"rendered":"<ul>\n<li>In zwei Modellen erh\u00e4ltlich<\/li>\n<li>Ma\u00dfe mit Rahmen: 88 x 55 x 210 cm<\/li>\n<li>Ma\u00dfe ohne Rahmen: 85 x 50 x 100 cm<\/li>\n<li>Erh\u00e4ltlich mit Eichenregal und\/oder Sockel<\/li>\n<li>Blazer aus hochwertigem Camira-Stoff. Andere Stoffe auf Anfrage. <\/li>\n<\/ul>\nDesigner: <a href=\"https:\/\/www.schaffenburg.nl\/designers\/philip-peerenboom\/\">Philip Peerenboom<\/a>\n","protected":false},"excerpt":{"rendered":"<p>In zwei Modellen erh\u00e4ltlich Ma\u00dfe mit Rahmen: 88 x 55 x 210 cm Ma\u00dfe ohne Rahmen: 85 x 50 x 100 cm Erh\u00e4ltlich mit Eichenregal und\/oder Sockel Blazer aus hochwertigem Camira-Stoff. Andere Stoffe auf Anfrage. Designer: Philip Peerenboom<\/p>\n","protected":false},"featured_media":22736,"comment_status":"closed","ping_status":"closed","template":"","meta":{"_acf_changed":false},"product_brand":[],"product_cat":[4485,2138,2137],"product_tag":[],"class_list":{"0":"post-29396","1":"product","2":"type-product","3":"status-publish","4":"has-post-thumbnail","6":"product_cat-telefonzelle","7":"product_cat-faulenzen-und-treffen","8":"product_cat-projekte","9":"pa_vorm-quadratisch","10":"pa_vorm-rund","12":"first","13":"instock","14":"product-type-variable"},"acf":{"downloads":[{"label":"","bestand":26842,"toegankelijkheid":"resellers"},{"label":"","bestand":26844,"toegankelijkheid":"resellers"},{"label":"","bestand":26846,"toegankelijkheid":"resellers"}]},"yoast_head":"<!-- This site is optimized with the Yoast SEO plugin v26.7 - https:\/\/yoast.com\/wordpress\/plugins\/seo\/ -->\n<title>Telefonzelle - Schaffenburg<\/title>\n<meta name=\"robots\" content=\"index, follow, max-snippet:-1, max-image-preview:large, max-video-preview:-1\" \/>\n<link rel=\"canonical\" href=\"https:\/\/portal.schaffenburg.nl\/de\/produkt\/telefonzelle\/\" \/>\n<meta property=\"og:locale\" content=\"de_DE\" \/>\n<meta property=\"og:type\" content=\"article\" \/>\n<meta property=\"og:title\" content=\"Telefonzelle - Schaffenburg\" \/>\n<meta property=\"og:description\" content=\"In zwei Modellen erh\u00e4ltlich Ma\u00dfe mit Rahmen: 88 x 55 x 210 cm Ma\u00dfe ohne Rahmen: 85 x 50 x 100 cm Erh\u00e4ltlich mit Eichenregal und\/oder Sockel Blazer aus hochwertigem Camira-Stoff. Andere Stoffe auf Anfrage. Designer: Philip Peerenboom\" \/>\n<meta property=\"og:url\" content=\"https:\/\/portal.schaffenburg.nl\/de\/produkt\/telefonzelle\/\" \/>\n<meta property=\"og:site_name\" content=\"Schaffenburg\" \/>\n<meta property=\"article:modified_time\" content=\"2019-01-31T15:51:29+00:00\" \/>\n<meta property=\"og:image\" content=\"https:\/\/portal.schaffenburg.nl\/wp-content\/uploads\/2024\/09\/phonebox.jpg?wsr\" \/>\n\t<meta property=\"og:image:width\" content=\"1400\" \/>\n\t<meta property=\"og:image:height\" content=\"933\" \/>\n\t<meta property=\"og:image:type\" content=\"image\/jpeg\" \/>\n<meta name=\"twitter:card\" content=\"summary_large_image\" \/>\n<script type=\"application\/ld+json\" class=\"yoast-schema-graph\">{\"@context\":\"https:\/\/schema.org\",\"@graph\":[{\"@type\":\"WebPage\",\"@id\":\"https:\/\/portal.schaffenburg.nl\/de\/produkt\/telefonzelle\/\",\"url\":\"https:\/\/portal.schaffenburg.nl\/de\/produkt\/telefonzelle\/\",\"name\":\"Telefonzelle - Schaffenburg\",\"isPartOf\":{\"@id\":\"https:\/\/portal.schaffenburg.nl\/de\/#website\"},\"primaryImageOfPage\":{\"@id\":\"https:\/\/portal.schaffenburg.nl\/de\/produkt\/telefonzelle\/#primaryimage\"},\"image\":{\"@id\":\"https:\/\/portal.schaffenburg.nl\/de\/produkt\/telefonzelle\/#primaryimage\"},\"thumbnailUrl\":\"https:\/\/portal.schaffenburg.nl\/wp-content\/uploads\/2024\/09\/phonebox.jpg?wsr\",\"datePublished\":\"2019-01-31T13:51:29+00:00\",\"dateModified\":\"2019-01-31T15:51:29+00:00\",\"breadcrumb\":{\"@id\":\"https:\/\/portal.schaffenburg.nl\/de\/produkt\/telefonzelle\/#breadcrumb\"},\"inLanguage\":\"de\",\"potentialAction\":[{\"@type\":\"ReadAction\",\"target\":[\"https:\/\/portal.schaffenburg.nl\/de\/produkt\/telefonzelle\/\"]}]},{\"@type\":\"ImageObject\",\"inLanguage\":\"de\",\"@id\":\"https:\/\/portal.schaffenburg.nl\/de\/produkt\/telefonzelle\/#primaryimage\",\"url\":\"https:\/\/portal.schaffenburg.nl\/wp-content\/uploads\/2024\/09\/phonebox.jpg?wsr\",\"contentUrl\":\"https:\/\/portal.schaffenburg.nl\/wp-content\/uploads\/2024\/09\/phonebox.jpg?wsr\",\"width\":1400,\"height\":933},{\"@type\":\"BreadcrumbList\",\"@id\":\"https:\/\/portal.schaffenburg.nl\/de\/produkt\/telefonzelle\/#breadcrumb\",\"itemListElement\":[{\"@type\":\"ListItem\",\"position\":1,\"name\":\"Home\",\"item\":\"https:\/\/portal.schaffenburg.nl\/de\/\"},{\"@type\":\"ListItem\",\"position\":2,\"name\":\"Telefonzelle\"}]},{\"@type\":\"WebSite\",\"@id\":\"https:\/\/portal.schaffenburg.nl\/de\/#website\",\"url\":\"https:\/\/portal.schaffenburg.nl\/de\/\",\"name\":\"Schaffenburg\",\"description\":\"\",\"potentialAction\":[{\"@type\":\"SearchAction\",\"target\":{\"@type\":\"EntryPoint\",\"urlTemplate\":\"https:\/\/portal.schaffenburg.nl\/de\/?s={search_term_string}\"},\"query-input\":{\"@type\":\"PropertyValueSpecification\",\"valueRequired\":true,\"valueName\":\"search_term_string\"}}],\"inLanguage\":\"de\"}]}<\/script>\n<!-- \/ Yoast SEO plugin. -->","yoast_head_json":{"title":"Telefonzelle - Schaffenburg","robots":{"index":"index","follow":"follow","max-snippet":"max-snippet:-1","max-image-preview":"max-image-preview:large","max-video-preview":"max-video-preview:-1"},"canonical":"https:\/\/portal.schaffenburg.nl\/de\/produkt\/telefonzelle\/","og_locale":"de_DE","og_type":"article","og_title":"Telefonzelle - Schaffenburg","og_description":"In zwei Modellen erh\u00e4ltlich Ma\u00dfe mit Rahmen: 88 x 55 x 210 cm Ma\u00dfe ohne Rahmen: 85 x 50 x 100 cm Erh\u00e4ltlich mit Eichenregal und\/oder Sockel Blazer aus hochwertigem Camira-Stoff. Andere Stoffe auf Anfrage. Designer: Philip Peerenboom","og_url":"https:\/\/portal.schaffenburg.nl\/de\/produkt\/telefonzelle\/","og_site_name":"Schaffenburg","article_modified_time":"2019-01-31T15:51:29+00:00","og_image":[{"width":1400,"height":933,"url":"https:\/\/portal.schaffenburg.nl\/wp-content\/uploads\/2024\/09\/phonebox.jpg?wsr","type":"image\/jpeg"}],"twitter_card":"summary_large_image","schema":{"@context":"https:\/\/schema.org","@graph":[{"@type":"WebPage","@id":"https:\/\/portal.schaffenburg.nl\/de\/produkt\/telefonzelle\/","url":"https:\/\/portal.schaffenburg.nl\/de\/produkt\/telefonzelle\/","name":"Telefonzelle - Schaffenburg","isPartOf":{"@id":"https:\/\/portal.schaffenburg.nl\/de\/#website"},"primaryImageOfPage":{"@id":"https:\/\/portal.schaffenburg.nl\/de\/produkt\/telefonzelle\/#primaryimage"},"image":{"@id":"https:\/\/portal.schaffenburg.nl\/de\/produkt\/telefonzelle\/#primaryimage"},"thumbnailUrl":"https:\/\/portal.schaffenburg.nl\/wp-content\/uploads\/2024\/09\/phonebox.jpg?wsr","datePublished":"2019-01-31T13:51:29+00:00","dateModified":"2019-01-31T15:51:29+00:00","breadcrumb":{"@id":"https:\/\/portal.schaffenburg.nl\/de\/produkt\/telefonzelle\/#breadcrumb"},"inLanguage":"de","potentialAction":[{"@type":"ReadAction","target":["https:\/\/portal.schaffenburg.nl\/de\/produkt\/telefonzelle\/"]}]},{"@type":"ImageObject","inLanguage":"de","@id":"https:\/\/portal.schaffenburg.nl\/de\/produkt\/telefonzelle\/#primaryimage","url":"https:\/\/portal.schaffenburg.nl\/wp-content\/uploads\/2024\/09\/phonebox.jpg?wsr","contentUrl":"https:\/\/portal.schaffenburg.nl\/wp-content\/uploads\/2024\/09\/phonebox.jpg?wsr","width":1400,"height":933},{"@type":"BreadcrumbList","@id":"https:\/\/portal.schaffenburg.nl\/de\/produkt\/telefonzelle\/#breadcrumb","itemListElement":[{"@type":"ListItem","position":1,"name":"Home","item":"https:\/\/portal.schaffenburg.nl\/de\/"},{"@type":"ListItem","position":2,"name":"Telefonzelle"}]},{"@type":"WebSite","@id":"https:\/\/portal.schaffenburg.nl\/de\/#website","url":"https:\/\/portal.schaffenburg.nl\/de\/","name":"Schaffenburg","description":"","potentialAction":[{"@type":"SearchAction","target":{"@type":"EntryPoint","urlTemplate":"https:\/\/portal.schaffenburg.nl\/de\/?s={search_term_string}"},"query-input":{"@type":"PropertyValueSpecification","valueRequired":true,"valueName":"search_term_string"}}],"inLanguage":"de"}]}},"_links":{"self":[{"href":"https:\/\/portal.schaffenburg.nl\/de\/wp-json\/wp\/v2\/product\/29396","targetHints":{"allow":["GET"]}}],"collection":[{"href":"https:\/\/portal.schaffenburg.nl\/de\/wp-json\/wp\/v2\/product"}],"about":[{"href":"https:\/\/portal.schaffenburg.nl\/de\/wp-json\/wp\/v2\/types\/product"}],"replies":[{"embeddable":true,"href":"https:\/\/portal.schaffenburg.nl\/de\/wp-json\/wp\/v2\/comments?post=29396"}],"wp:featuredmedia":[{"embeddable":true,"href":"https:\/\/portal.schaffenburg.nl\/de\/wp-json\/wp\/v2\/media\/22736"}],"wp:attachment":[{"href":"https:\/\/portal.schaffenburg.nl\/de\/wp-json\/wp\/v2\/media?parent=29396"}],"wp:term":[{"taxonomy":"product_brand","embeddable":true,"href":"https:\/\/portal.schaffenburg.nl\/de\/wp-json\/wp\/v2\/product_brand?post=29396"},{"taxonomy":"product_cat","embeddable":true,"href":"https:\/\/portal.schaffenburg.nl\/de\/wp-json\/wp\/v2\/product_cat?post=29396"},{"taxonomy":"product_tag","embeddable":true,"href":"https:\/\/portal.schaffenburg.nl\/de\/wp-json\/wp\/v2\/product_tag?post=29396"}],"curies":[{"name":"wp","href":"https:\/\/api.w.org\/{rel}","templated":true}]}}