{"id":29445,"date":"2019-02-07T18:38:21","date_gmt":"2019-02-07T18:38:21","guid":{"rendered":"https:\/\/staging-schaffenburg.nl\/product\/club-stuhl\/"},"modified":"2019-02-07T18:38:21","modified_gmt":"2019-02-07T18:38:21","slug":"club-stuhl","status":"publish","type":"product","link":"https:\/\/portal.schaffenburg.nl\/de\/produkt\/club-stuhl\/","title":{"rendered":"Club Stuhl"},"content":{"rendered":"Der Club Chair wurde vom italienischen Designer Claudio Bellini als Sessel f\u00fcr Chefb\u00fcros und Wartezimmer entworfen. Mit seinem drehbaren Untergestell und den optionalen Beinen sorgt der Club Chair f\u00fcr Abwechslung, wo auch immer er eingesetzt wird. Mit seinem schlichten und doch eleganten Design ist der Club Chair eine willkommene Erg\u00e4nzung f\u00fcr eine Vielzahl von Einrichtungen.  \n&nbsp;\n<ul>\n<li>Ma\u00dfe: 75 x 70 x 67 cm<\/li>\n<\/ul>\nDesigner: <a href=\"https:\/\/www.schaffenburg.com\/designer-claudio\/\" target=\"_blank\" rel=\"noopener noreferrer\">Claudio Bellini<\/a>\n&nbsp;\n<h4><\/h4>\n","protected":false},"excerpt":{"rendered":"<p>Der Club Chair wurde vom italienischen Designer Claudio Bellini als Sessel f\u00fcr Chefb\u00fcros und Wartezimmer entworfen. Mit seinem drehbaren Untergestell und den optionalen Beinen sorgt der Club Chair f\u00fcr Abwechslung, wo auch immer er eingesetzt wird. Mit seinem schlichten und doch eleganten Design ist der Club Chair eine willkommene Erg\u00e4nzung f\u00fcr eine Vielzahl von Einrichtungen. [&hellip;]<\/p>\n","protected":false},"featured_media":22836,"comment_status":"closed","ping_status":"closed","template":"","meta":{"_acf_changed":false},"product_brand":[],"product_cat":[2138,2137,2139],"product_tag":[],"class_list":{"0":"post-29445","1":"product","2":"type-product","3":"status-publish","4":"has-post-thumbnail","6":"product_cat-faulenzen-und-treffen","7":"product_cat-projekte","8":"product_cat-weiche-sitzgelegenheiten","9":"pa_stoelframe-4-beinig-lackiert","10":"pa_stoelframe-chrom-mit-4-beinen","11":"pa_stoelframe-drehbarer-sockel-lackiert","13":"first","14":"instock","15":"product-type-variable"},"acf":{"downloads":null},"yoast_head":"<!-- This site is optimized with the Yoast SEO plugin v26.7 - https:\/\/yoast.com\/wordpress\/plugins\/seo\/ -->\n<title>Club Stuhl - Schaffenburg<\/title>\n<meta name=\"robots\" content=\"index, follow, max-snippet:-1, max-image-preview:large, max-video-preview:-1\" \/>\n<link rel=\"canonical\" href=\"https:\/\/portal.schaffenburg.nl\/de\/produkt\/club-stuhl\/\" \/>\n<meta property=\"og:locale\" content=\"de_DE\" \/>\n<meta property=\"og:type\" content=\"article\" \/>\n<meta property=\"og:title\" content=\"Club Stuhl - Schaffenburg\" \/>\n<meta property=\"og:description\" content=\"Der Club Chair wurde vom italienischen Designer Claudio Bellini als Sessel f\u00fcr Chefb\u00fcros und Wartezimmer entworfen. Mit seinem drehbaren Untergestell und den optionalen Beinen sorgt der Club Chair f\u00fcr Abwechslung, wo auch immer er eingesetzt wird. Mit seinem schlichten und doch eleganten Design ist der Club Chair eine willkommene Erg\u00e4nzung f\u00fcr eine Vielzahl von Einrichtungen. [&hellip;]\" \/>\n<meta property=\"og:url\" content=\"https:\/\/portal.schaffenburg.nl\/de\/produkt\/club-stuhl\/\" \/>\n<meta property=\"og:site_name\" content=\"Schaffenburg\" \/>\n<meta property=\"og:image\" content=\"https:\/\/portal.schaffenburg.nl\/wp-content\/uploads\/2024\/09\/Club-chair.jpg?wsr\" \/>\n\t<meta property=\"og:image:width\" content=\"1500\" \/>\n\t<meta property=\"og:image:height\" content=\"1500\" \/>\n\t<meta property=\"og:image:type\" content=\"image\/jpeg\" \/>\n<meta name=\"twitter:card\" content=\"summary_large_image\" \/>\n<script type=\"application\/ld+json\" class=\"yoast-schema-graph\">{\"@context\":\"https:\/\/schema.org\",\"@graph\":[{\"@type\":\"WebPage\",\"@id\":\"https:\/\/portal.schaffenburg.nl\/de\/produkt\/club-stuhl\/\",\"url\":\"https:\/\/portal.schaffenburg.nl\/de\/produkt\/club-stuhl\/\",\"name\":\"Club Stuhl - Schaffenburg\",\"isPartOf\":{\"@id\":\"https:\/\/portal.schaffenburg.nl\/de\/#website\"},\"primaryImageOfPage\":{\"@id\":\"https:\/\/portal.schaffenburg.nl\/de\/produkt\/club-stuhl\/#primaryimage\"},\"image\":{\"@id\":\"https:\/\/portal.schaffenburg.nl\/de\/produkt\/club-stuhl\/#primaryimage\"},\"thumbnailUrl\":\"https:\/\/portal.schaffenburg.nl\/wp-content\/uploads\/2024\/09\/Club-chair.jpg?wsr\",\"datePublished\":\"2019-02-07T18:38:21+00:00\",\"breadcrumb\":{\"@id\":\"https:\/\/portal.schaffenburg.nl\/de\/produkt\/club-stuhl\/#breadcrumb\"},\"inLanguage\":\"de\",\"potentialAction\":[{\"@type\":\"ReadAction\",\"target\":[\"https:\/\/portal.schaffenburg.nl\/de\/produkt\/club-stuhl\/\"]}]},{\"@type\":\"ImageObject\",\"inLanguage\":\"de\",\"@id\":\"https:\/\/portal.schaffenburg.nl\/de\/produkt\/club-stuhl\/#primaryimage\",\"url\":\"https:\/\/portal.schaffenburg.nl\/wp-content\/uploads\/2024\/09\/Club-chair.jpg?wsr\",\"contentUrl\":\"https:\/\/portal.schaffenburg.nl\/wp-content\/uploads\/2024\/09\/Club-chair.jpg?wsr\",\"width\":1500,\"height\":1500},{\"@type\":\"BreadcrumbList\",\"@id\":\"https:\/\/portal.schaffenburg.nl\/de\/produkt\/club-stuhl\/#breadcrumb\",\"itemListElement\":[{\"@type\":\"ListItem\",\"position\":1,\"name\":\"Home\",\"item\":\"https:\/\/portal.schaffenburg.nl\/de\/\"},{\"@type\":\"ListItem\",\"position\":2,\"name\":\"Club Stuhl\"}]},{\"@type\":\"WebSite\",\"@id\":\"https:\/\/portal.schaffenburg.nl\/de\/#website\",\"url\":\"https:\/\/portal.schaffenburg.nl\/de\/\",\"name\":\"Schaffenburg\",\"description\":\"\",\"potentialAction\":[{\"@type\":\"SearchAction\",\"target\":{\"@type\":\"EntryPoint\",\"urlTemplate\":\"https:\/\/portal.schaffenburg.nl\/de\/?s={search_term_string}\"},\"query-input\":{\"@type\":\"PropertyValueSpecification\",\"valueRequired\":true,\"valueName\":\"search_term_string\"}}],\"inLanguage\":\"de\"}]}<\/script>\n<!-- \/ Yoast SEO plugin. -->","yoast_head_json":{"title":"Club Stuhl - Schaffenburg","robots":{"index":"index","follow":"follow","max-snippet":"max-snippet:-1","max-image-preview":"max-image-preview:large","max-video-preview":"max-video-preview:-1"},"canonical":"https:\/\/portal.schaffenburg.nl\/de\/produkt\/club-stuhl\/","og_locale":"de_DE","og_type":"article","og_title":"Club Stuhl - Schaffenburg","og_description":"Der Club Chair wurde vom italienischen Designer Claudio Bellini als Sessel f\u00fcr Chefb\u00fcros und Wartezimmer entworfen. Mit seinem drehbaren Untergestell und den optionalen Beinen sorgt der Club Chair f\u00fcr Abwechslung, wo auch immer er eingesetzt wird. Mit seinem schlichten und doch eleganten Design ist der Club Chair eine willkommene Erg\u00e4nzung f\u00fcr eine Vielzahl von Einrichtungen. [&hellip;]","og_url":"https:\/\/portal.schaffenburg.nl\/de\/produkt\/club-stuhl\/","og_site_name":"Schaffenburg","og_image":[{"width":1500,"height":1500,"url":"https:\/\/portal.schaffenburg.nl\/wp-content\/uploads\/2024\/09\/Club-chair.jpg?wsr","type":"image\/jpeg"}],"twitter_card":"summary_large_image","schema":{"@context":"https:\/\/schema.org","@graph":[{"@type":"WebPage","@id":"https:\/\/portal.schaffenburg.nl\/de\/produkt\/club-stuhl\/","url":"https:\/\/portal.schaffenburg.nl\/de\/produkt\/club-stuhl\/","name":"Club Stuhl - Schaffenburg","isPartOf":{"@id":"https:\/\/portal.schaffenburg.nl\/de\/#website"},"primaryImageOfPage":{"@id":"https:\/\/portal.schaffenburg.nl\/de\/produkt\/club-stuhl\/#primaryimage"},"image":{"@id":"https:\/\/portal.schaffenburg.nl\/de\/produkt\/club-stuhl\/#primaryimage"},"thumbnailUrl":"https:\/\/portal.schaffenburg.nl\/wp-content\/uploads\/2024\/09\/Club-chair.jpg?wsr","datePublished":"2019-02-07T18:38:21+00:00","breadcrumb":{"@id":"https:\/\/portal.schaffenburg.nl\/de\/produkt\/club-stuhl\/#breadcrumb"},"inLanguage":"de","potentialAction":[{"@type":"ReadAction","target":["https:\/\/portal.schaffenburg.nl\/de\/produkt\/club-stuhl\/"]}]},{"@type":"ImageObject","inLanguage":"de","@id":"https:\/\/portal.schaffenburg.nl\/de\/produkt\/club-stuhl\/#primaryimage","url":"https:\/\/portal.schaffenburg.nl\/wp-content\/uploads\/2024\/09\/Club-chair.jpg?wsr","contentUrl":"https:\/\/portal.schaffenburg.nl\/wp-content\/uploads\/2024\/09\/Club-chair.jpg?wsr","width":1500,"height":1500},{"@type":"BreadcrumbList","@id":"https:\/\/portal.schaffenburg.nl\/de\/produkt\/club-stuhl\/#breadcrumb","itemListElement":[{"@type":"ListItem","position":1,"name":"Home","item":"https:\/\/portal.schaffenburg.nl\/de\/"},{"@type":"ListItem","position":2,"name":"Club Stuhl"}]},{"@type":"WebSite","@id":"https:\/\/portal.schaffenburg.nl\/de\/#website","url":"https:\/\/portal.schaffenburg.nl\/de\/","name":"Schaffenburg","description":"","potentialAction":[{"@type":"SearchAction","target":{"@type":"EntryPoint","urlTemplate":"https:\/\/portal.schaffenburg.nl\/de\/?s={search_term_string}"},"query-input":{"@type":"PropertyValueSpecification","valueRequired":true,"valueName":"search_term_string"}}],"inLanguage":"de"}]}},"_links":{"self":[{"href":"https:\/\/portal.schaffenburg.nl\/de\/wp-json\/wp\/v2\/product\/29445","targetHints":{"allow":["GET"]}}],"collection":[{"href":"https:\/\/portal.schaffenburg.nl\/de\/wp-json\/wp\/v2\/product"}],"about":[{"href":"https:\/\/portal.schaffenburg.nl\/de\/wp-json\/wp\/v2\/types\/product"}],"replies":[{"embeddable":true,"href":"https:\/\/portal.schaffenburg.nl\/de\/wp-json\/wp\/v2\/comments?post=29445"}],"wp:featuredmedia":[{"embeddable":true,"href":"https:\/\/portal.schaffenburg.nl\/de\/wp-json\/wp\/v2\/media\/22836"}],"wp:attachment":[{"href":"https:\/\/portal.schaffenburg.nl\/de\/wp-json\/wp\/v2\/media?parent=29445"}],"wp:term":[{"taxonomy":"product_brand","embeddable":true,"href":"https:\/\/portal.schaffenburg.nl\/de\/wp-json\/wp\/v2\/product_brand?post=29445"},{"taxonomy":"product_cat","embeddable":true,"href":"https:\/\/portal.schaffenburg.nl\/de\/wp-json\/wp\/v2\/product_cat?post=29445"},{"taxonomy":"product_tag","embeddable":true,"href":"https:\/\/portal.schaffenburg.nl\/de\/wp-json\/wp\/v2\/product_tag?post=29445"}],"curies":[{"name":"wp","href":"https:\/\/api.w.org\/{rel}","templated":true}]}}