{"id":29478,"date":"2019-02-08T16:34:56","date_gmt":"2019-02-08T14:34:56","guid":{"rendered":"https:\/\/staging-schaffenburg.nl\/product\/briefumschlag\/"},"modified":"2019-02-08T16:34:56","modified_gmt":"2019-02-08T16:34:56","slug":"briefumschlag","status":"publish","type":"product","link":"https:\/\/portal.schaffenburg.nl\/de\/produkt\/briefumschlag\/","title":{"rendered":"Briefumschlag"},"content":{"rendered":"Envelope ist f\u00fcr Gro\u00dfraumb\u00fcros und Wartebereiche konzipiert. Es ist ein Sitzelement mit hoher R\u00fcckenlehne und gepolsterten Seitenteilen. Wenn die Seitenteile heruntergeklappt sind, ist es ideal, um einen informellen Raum f\u00fcr geselliges Beisammensein zu schaffen. Wenn die Seitenteile geschlossen sind, eignet er sich f\u00fcr konzentriertes Arbeiten oder Besprechungen.   \n<ul>\n<li>Korpus: Buchenholzkonstruktion kombiniert mit 12 mm MDF, 18 mm OSB, 18 mm Spanplatten und 3 mm Duralit.<\/li>\n<li>Beine: 50 x 30 x 1,5 mm Metallprofile und verstellbare Kunststofff\u00fc\u00dfe.<\/li>\n<li>Sitz: 32 SG-Schaum und HR-Schaum.<\/li>\n<li>Tischplatte: Melamin oder HPL mit Kunststoffkanten.<\/li>\n<li>Abmessungen:<br \/>\n<table>\n<tbody>\n<tr>\n<td width=\"120\"><\/td>\n<td width=\"350\"><\/td>\n<td width=\"80\"><\/td>\n<td width=\"80\"><\/td>\n<td width=\"80\"><\/td>\n<\/tr>\n<tr>\n<td width=\"80\"> HR-HK<\/td>\n<td width=\"350\"> hoher R\u00fccken<\/td>\n<td width=\"80\">146 x<\/td>\n<td width=\"80\">77 x<\/td>\n<td width=\"80\">120 cm<\/td>\n<\/tr>\n<tr>\n<td width=\"80\"> HR-LK<\/td>\n<td width=\"350\"> Kissen f\u00fcr hohen R\u00fccken \/ niedrigen R\u00fccken<\/td>\n<td width=\"80\">146 x<\/td>\n<td width=\"80\">77 x<\/td>\n<td width=\"80\">120 cm<\/td>\n<\/tr>\n<tr>\n<td width=\"80\"> HR-LK-TL<\/td>\n<td width=\"350\"> hohes R\u00fcckenkissen \/ niedriges R\u00fcckenkissen + Tisch links<\/td>\n<td width=\"80\">200 x<\/td>\n<td width=\"80\">77 x<\/td>\n<td width=\"80\">120 cm<\/td>\n<\/tr>\n<tr>\n<td width=\"80\"> HR-LK-TR<\/td>\n<td width=\"350\"> Kissen f\u00fcr hohen R\u00fccken \/ niedrigen R\u00fccken + Tisch rechts<\/td>\n<td width=\"80\">200 x<\/td>\n<td width=\"80\">77 x<\/td>\n<td width=\"80\">120 cm<\/td>\n<\/tr>\n<tr>\n<td width=\"80\"> HR-LK-ZL<\/td>\n<td width=\"350\"> hohe R\u00fcckenlehne \/ niedriges R\u00fcckenkissen + Sitz links<\/td>\n<td width=\"80\">200 x<\/td>\n<td width=\"80\">77 x<\/td>\n<td width=\"80\">120 cm<\/td>\n<\/tr>\n<tr>\n<td width=\"80\"> HR-LK-ZR<\/td>\n<td width=\"350\"> hohes R\u00fcckenkissen \/ niedriges R\u00fcckenkissen + Sitz rechts<\/td>\n<td width=\"80\">200 x<\/td>\n<td width=\"80\">77 x<\/td>\n<td width=\"80\">120 cm<\/td>\n<\/tr>\n<tr>\n<td width=\"80\"> LR-LK<\/td>\n<td width=\"350\"> niedriger R\u00fccken<\/td>\n<td width=\"80\">146 x<\/td>\n<td width=\"80\">77 x<\/td>\n<td width=\"80\">90 cm<\/td>\n<\/tr>\n<tr>\n<td width=\"80\"> LR-LK-TL<\/td>\n<td width=\"350\"> niedriger R\u00fccken + Tisch links<\/td>\n<td width=\"80\">200 x<\/td>\n<td width=\"80\">77 x<\/td>\n<td width=\"80\">90 cm<\/td>\n<\/tr>\n<tr>\n<td width=\"80\"> LR-LK-TR<\/td>\n<td width=\"350\"> niedriger R\u00fccken + Tisch rechts<\/td>\n<td width=\"80\">200 x<\/td>\n<td width=\"80\">77 x<\/td>\n<td width=\"80\">90 cm<\/td>\n<\/tr>\n<tr>\n<td width=\"80\"> LR-LK-ZL<\/td>\n<td width=\"350\"> niedrige R\u00fcckenlehne + Sitz links<\/td>\n<td width=\"80\">200 x<\/td>\n<td width=\"80\">77 x<\/td>\n<td width=\"80\">90 cm<\/td>\n<\/tr>\n<tr>\n<td width=\"80\"> LR-LK-ZR<\/td>\n<td width=\"350\"> niedrige R\u00fcckenlehne + Sitz rechts<\/td>\n<td width=\"80\">200 x<\/td>\n<td width=\"80\">77 x<\/td>\n<td width=\"80\">90 cm<\/td>\n<\/tr>\n<tr>\n<td width=\"80\"> POEF<\/td>\n<td width=\"350\"> Hocker<\/td>\n<td width=\"80\">120 x<\/td>\n<td width=\"80\">50 x<\/td>\n<td width=\"80\">44 cm<\/td>\n<\/tr>\n<\/tbody>\n<\/table>\n&nbsp;<\/li>\n<\/ul>\nDesigner: <a href=\"https:\/\/www.schaffenburg.nl\/designers\/ece-yalim-design-studio\/\">Ece Yal\u0131m Design Studio<\/a>\n","protected":false},"excerpt":{"rendered":"<p>Envelope ist f\u00fcr Gro\u00dfraumb\u00fcros und Wartebereiche konzipiert. Es ist ein Sitzelement mit hoher R\u00fcckenlehne und gepolsterten Seitenteilen. Wenn die Seitenteile heruntergeklappt sind, ist es ideal, um einen informellen Raum f\u00fcr geselliges Beisammensein zu schaffen. Wenn die Seitenteile geschlossen sind, eignet er sich f\u00fcr konzentriertes Arbeiten oder Besprechungen. Korpus: Buchenholzkonstruktion kombiniert mit 12 mm MDF, 18 [&hellip;]<\/p>\n","protected":false},"featured_media":22910,"comment_status":"closed","ping_status":"closed","template":"","meta":{"_acf_changed":false},"product_brand":[],"product_cat":[2138,2137,2139],"product_tag":[],"class_list":{"0":"post-29478","1":"product","2":"type-product","3":"status-publish","4":"has-post-thumbnail","6":"product_cat-faulenzen-und-treffen","7":"product_cat-projekte","8":"product_cat-weiche-sitzgelegenheiten","9":"pa_model-product-hoch-hoch","10":"pa_model-product-hoch-niedrig","11":"pa_model-product-hoch-niedrig-sitz-links","12":"pa_model-product-hoch-niedrig-sitz-rechts","13":"pa_model-product-hoch-niedrig-tisch-links","14":"pa_model-product-hoch-niedrig-tisch-rechts","15":"pa_model-product-hocker","16":"pa_model-product-niedrig-niedrig","17":"pa_model-product-niedrig-niedrig-sitz-links","18":"pa_model-product-niedrig-niedrig-sitz-rechts","19":"pa_model-product-niedrig-niedrig-tisch-links","20":"pa_model-product-niedrig-niedrig-tisch-rechts","22":"first","23":"instock","24":"product-type-variable"},"acf":{"downloads":null},"yoast_head":"<!-- This site is optimized with the Yoast SEO plugin v26.7 - https:\/\/yoast.com\/wordpress\/plugins\/seo\/ -->\n<title>Briefumschlag - Schaffenburg<\/title>\n<meta name=\"robots\" content=\"index, follow, max-snippet:-1, max-image-preview:large, max-video-preview:-1\" \/>\n<link rel=\"canonical\" href=\"https:\/\/portal.schaffenburg.nl\/de\/produkt\/briefumschlag\/\" \/>\n<meta property=\"og:locale\" content=\"de_DE\" \/>\n<meta property=\"og:type\" content=\"article\" \/>\n<meta property=\"og:title\" content=\"Briefumschlag - Schaffenburg\" \/>\n<meta property=\"og:description\" content=\"Envelope ist f\u00fcr Gro\u00dfraumb\u00fcros und Wartebereiche konzipiert. Es ist ein Sitzelement mit hoher R\u00fcckenlehne und gepolsterten Seitenteilen. Wenn die Seitenteile heruntergeklappt sind, ist es ideal, um einen informellen Raum f\u00fcr geselliges Beisammensein zu schaffen. Wenn die Seitenteile geschlossen sind, eignet er sich f\u00fcr konzentriertes Arbeiten oder Besprechungen. Korpus: Buchenholzkonstruktion kombiniert mit 12 mm MDF, 18 [&hellip;]\" \/>\n<meta property=\"og:url\" content=\"https:\/\/portal.schaffenburg.nl\/de\/produkt\/briefumschlag\/\" \/>\n<meta property=\"og:site_name\" content=\"Schaffenburg\" \/>\n<meta property=\"article:modified_time\" content=\"2019-02-08T16:34:56+00:00\" \/>\n<meta property=\"og:image\" content=\"https:\/\/portal.schaffenburg.nl\/wp-content\/uploads\/2024\/09\/envelop-hoge-laag-2.jpg?wsr\" \/>\n\t<meta property=\"og:image:width\" content=\"1400\" \/>\n\t<meta property=\"og:image:height\" content=\"1400\" \/>\n\t<meta property=\"og:image:type\" content=\"image\/jpeg\" \/>\n<meta name=\"twitter:card\" content=\"summary_large_image\" \/>\n<meta name=\"twitter:label1\" content=\"Gesch\u00e4tzte Lesezeit\" \/>\n\t<meta name=\"twitter:data1\" content=\"1\u00a0Minute\" \/>\n<script type=\"application\/ld+json\" class=\"yoast-schema-graph\">{\"@context\":\"https:\/\/schema.org\",\"@graph\":[{\"@type\":\"WebPage\",\"@id\":\"https:\/\/portal.schaffenburg.nl\/de\/produkt\/briefumschlag\/\",\"url\":\"https:\/\/portal.schaffenburg.nl\/de\/produkt\/briefumschlag\/\",\"name\":\"Briefumschlag - Schaffenburg\",\"isPartOf\":{\"@id\":\"https:\/\/portal.schaffenburg.nl\/de\/#website\"},\"primaryImageOfPage\":{\"@id\":\"https:\/\/portal.schaffenburg.nl\/de\/produkt\/briefumschlag\/#primaryimage\"},\"image\":{\"@id\":\"https:\/\/portal.schaffenburg.nl\/de\/produkt\/briefumschlag\/#primaryimage\"},\"thumbnailUrl\":\"https:\/\/portal.schaffenburg.nl\/wp-content\/uploads\/2024\/09\/envelop-hoge-laag-2.jpg?wsr\",\"datePublished\":\"2019-02-08T14:34:56+00:00\",\"dateModified\":\"2019-02-08T16:34:56+00:00\",\"breadcrumb\":{\"@id\":\"https:\/\/portal.schaffenburg.nl\/de\/produkt\/briefumschlag\/#breadcrumb\"},\"inLanguage\":\"de\",\"potentialAction\":[{\"@type\":\"ReadAction\",\"target\":[\"https:\/\/portal.schaffenburg.nl\/de\/produkt\/briefumschlag\/\"]}]},{\"@type\":\"ImageObject\",\"inLanguage\":\"de\",\"@id\":\"https:\/\/portal.schaffenburg.nl\/de\/produkt\/briefumschlag\/#primaryimage\",\"url\":\"https:\/\/portal.schaffenburg.nl\/wp-content\/uploads\/2024\/09\/envelop-hoge-laag-2.jpg?wsr\",\"contentUrl\":\"https:\/\/portal.schaffenburg.nl\/wp-content\/uploads\/2024\/09\/envelop-hoge-laag-2.jpg?wsr\",\"width\":1400,\"height\":1400},{\"@type\":\"BreadcrumbList\",\"@id\":\"https:\/\/portal.schaffenburg.nl\/de\/produkt\/briefumschlag\/#breadcrumb\",\"itemListElement\":[{\"@type\":\"ListItem\",\"position\":1,\"name\":\"Home\",\"item\":\"https:\/\/portal.schaffenburg.nl\/de\/\"},{\"@type\":\"ListItem\",\"position\":2,\"name\":\"Briefumschlag\"}]},{\"@type\":\"WebSite\",\"@id\":\"https:\/\/portal.schaffenburg.nl\/de\/#website\",\"url\":\"https:\/\/portal.schaffenburg.nl\/de\/\",\"name\":\"Schaffenburg\",\"description\":\"\",\"potentialAction\":[{\"@type\":\"SearchAction\",\"target\":{\"@type\":\"EntryPoint\",\"urlTemplate\":\"https:\/\/portal.schaffenburg.nl\/de\/?s={search_term_string}\"},\"query-input\":{\"@type\":\"PropertyValueSpecification\",\"valueRequired\":true,\"valueName\":\"search_term_string\"}}],\"inLanguage\":\"de\"}]}<\/script>\n<!-- \/ Yoast SEO plugin. -->","yoast_head_json":{"title":"Briefumschlag - Schaffenburg","robots":{"index":"index","follow":"follow","max-snippet":"max-snippet:-1","max-image-preview":"max-image-preview:large","max-video-preview":"max-video-preview:-1"},"canonical":"https:\/\/portal.schaffenburg.nl\/de\/produkt\/briefumschlag\/","og_locale":"de_DE","og_type":"article","og_title":"Briefumschlag - Schaffenburg","og_description":"Envelope ist f\u00fcr Gro\u00dfraumb\u00fcros und Wartebereiche konzipiert. Es ist ein Sitzelement mit hoher R\u00fcckenlehne und gepolsterten Seitenteilen. Wenn die Seitenteile heruntergeklappt sind, ist es ideal, um einen informellen Raum f\u00fcr geselliges Beisammensein zu schaffen. Wenn die Seitenteile geschlossen sind, eignet er sich f\u00fcr konzentriertes Arbeiten oder Besprechungen. Korpus: Buchenholzkonstruktion kombiniert mit 12 mm MDF, 18 [&hellip;]","og_url":"https:\/\/portal.schaffenburg.nl\/de\/produkt\/briefumschlag\/","og_site_name":"Schaffenburg","article_modified_time":"2019-02-08T16:34:56+00:00","og_image":[{"width":1400,"height":1400,"url":"https:\/\/portal.schaffenburg.nl\/wp-content\/uploads\/2024\/09\/envelop-hoge-laag-2.jpg?wsr","type":"image\/jpeg"}],"twitter_card":"summary_large_image","twitter_misc":{"Gesch\u00e4tzte Lesezeit":"1\u00a0Minute"},"schema":{"@context":"https:\/\/schema.org","@graph":[{"@type":"WebPage","@id":"https:\/\/portal.schaffenburg.nl\/de\/produkt\/briefumschlag\/","url":"https:\/\/portal.schaffenburg.nl\/de\/produkt\/briefumschlag\/","name":"Briefumschlag - Schaffenburg","isPartOf":{"@id":"https:\/\/portal.schaffenburg.nl\/de\/#website"},"primaryImageOfPage":{"@id":"https:\/\/portal.schaffenburg.nl\/de\/produkt\/briefumschlag\/#primaryimage"},"image":{"@id":"https:\/\/portal.schaffenburg.nl\/de\/produkt\/briefumschlag\/#primaryimage"},"thumbnailUrl":"https:\/\/portal.schaffenburg.nl\/wp-content\/uploads\/2024\/09\/envelop-hoge-laag-2.jpg?wsr","datePublished":"2019-02-08T14:34:56+00:00","dateModified":"2019-02-08T16:34:56+00:00","breadcrumb":{"@id":"https:\/\/portal.schaffenburg.nl\/de\/produkt\/briefumschlag\/#breadcrumb"},"inLanguage":"de","potentialAction":[{"@type":"ReadAction","target":["https:\/\/portal.schaffenburg.nl\/de\/produkt\/briefumschlag\/"]}]},{"@type":"ImageObject","inLanguage":"de","@id":"https:\/\/portal.schaffenburg.nl\/de\/produkt\/briefumschlag\/#primaryimage","url":"https:\/\/portal.schaffenburg.nl\/wp-content\/uploads\/2024\/09\/envelop-hoge-laag-2.jpg?wsr","contentUrl":"https:\/\/portal.schaffenburg.nl\/wp-content\/uploads\/2024\/09\/envelop-hoge-laag-2.jpg?wsr","width":1400,"height":1400},{"@type":"BreadcrumbList","@id":"https:\/\/portal.schaffenburg.nl\/de\/produkt\/briefumschlag\/#breadcrumb","itemListElement":[{"@type":"ListItem","position":1,"name":"Home","item":"https:\/\/portal.schaffenburg.nl\/de\/"},{"@type":"ListItem","position":2,"name":"Briefumschlag"}]},{"@type":"WebSite","@id":"https:\/\/portal.schaffenburg.nl\/de\/#website","url":"https:\/\/portal.schaffenburg.nl\/de\/","name":"Schaffenburg","description":"","potentialAction":[{"@type":"SearchAction","target":{"@type":"EntryPoint","urlTemplate":"https:\/\/portal.schaffenburg.nl\/de\/?s={search_term_string}"},"query-input":{"@type":"PropertyValueSpecification","valueRequired":true,"valueName":"search_term_string"}}],"inLanguage":"de"}]}},"_links":{"self":[{"href":"https:\/\/portal.schaffenburg.nl\/de\/wp-json\/wp\/v2\/product\/29478","targetHints":{"allow":["GET"]}}],"collection":[{"href":"https:\/\/portal.schaffenburg.nl\/de\/wp-json\/wp\/v2\/product"}],"about":[{"href":"https:\/\/portal.schaffenburg.nl\/de\/wp-json\/wp\/v2\/types\/product"}],"replies":[{"embeddable":true,"href":"https:\/\/portal.schaffenburg.nl\/de\/wp-json\/wp\/v2\/comments?post=29478"}],"wp:featuredmedia":[{"embeddable":true,"href":"https:\/\/portal.schaffenburg.nl\/de\/wp-json\/wp\/v2\/media\/22910"}],"wp:attachment":[{"href":"https:\/\/portal.schaffenburg.nl\/de\/wp-json\/wp\/v2\/media?parent=29478"}],"wp:term":[{"taxonomy":"product_brand","embeddable":true,"href":"https:\/\/portal.schaffenburg.nl\/de\/wp-json\/wp\/v2\/product_brand?post=29478"},{"taxonomy":"product_cat","embeddable":true,"href":"https:\/\/portal.schaffenburg.nl\/de\/wp-json\/wp\/v2\/product_cat?post=29478"},{"taxonomy":"product_tag","embeddable":true,"href":"https:\/\/portal.schaffenburg.nl\/de\/wp-json\/wp\/v2\/product_tag?post=29478"}],"curies":[{"name":"wp","href":"https:\/\/api.w.org\/{rel}","templated":true}]}}