{"id":29516,"date":"2019-02-08T16:59:29","date_gmt":"2019-02-08T14:59:29","guid":{"rendered":"https:\/\/staging-schaffenburg.nl\/product\/acrobat\/"},"modified":"2019-02-08T16:59:29","modified_gmt":"2019-02-08T16:59:29","slug":"acrobat","status":"publish","type":"product","link":"https:\/\/portal.schaffenburg.nl\/de\/produkt\/acrobat\/","title":{"rendered":"Acrobat"},"content":{"rendered":"Der Acrobat ist ein wunderbar ausgewogener und farbenfroher Hocker, entworfen von Ece Yalim Design Studio. Dynamische Linien, skurrile Formen, leuchtende Kontrastfarben und unterschiedliche Sitzh\u00f6hen versprechen das Unerwartete am Arbeitsplatz. Mit dieser Serie k\u00f6nnen Sie eint\u00f6nige und langweilige Atmosph\u00e4ren im B\u00fcro in eine fr\u00f6hliche und angenehme Atmosph\u00e4re verwandeln.  \n<ul>\n<li>Erh\u00e4ltlich als 4-Bein-Modell Y1, Y2 und Y3 und als Zickzack-Modell X1 und X2.<\/li>\n<li>Erh\u00e4ltlich in Camira Blazer und Stoff AE.<\/li>\n<li>Rahmen in 6 Standardfarben.<\/li>\n<li>\n<table>\n<tbody>\n<tr>\n<td width=\"80\">Modell<\/td>\n<td width=\"80\"><\/td>\n<td width=\"80\">B x T<\/td>\n<td width=\"20\"><\/td>\n<td width=\"80\">H<\/td>\n<\/tr>\n<tr>\n<td width=\"80\"> X1<\/td>\n<td width=\"80\"> Zickzack<\/td>\n<td width=\"80\">\u00d8 40 cm<\/td>\n<td width=\"20\"><\/td>\n<td width=\"80\">70 cm<\/td>\n<\/tr>\n<tr>\n<td width=\"80\"> X2<\/td>\n<td width=\"80\"> Zickzack<\/td>\n<td width=\"80\">\u00d8 40 cm<\/td>\n<td width=\"20\"><\/td>\n<td width=\"80\">54 cm<\/td>\n<\/tr>\n<tr>\n<td width=\"80\"> Y1<\/td>\n<td width=\"80\"> 4 Bein<\/td>\n<td width=\"80\">\u00d8 44 cm<\/td>\n<td width=\"20\"><\/td>\n<td width=\"80\">75 cm<\/td>\n<\/tr>\n<tr>\n<td width=\"80\"> Y2<\/td>\n<td width=\"80\"> 4 Bein<\/td>\n<td width=\"80\">\u00d8 44 cm<\/td>\n<td width=\"20\"><\/td>\n<td width=\"80\">59 cm<\/td>\n<\/tr>\n<tr>\n<td width=\"80\"> Y3<\/td>\n<td width=\"80\"> 4 Bein<\/td>\n<td width=\"80\">\u00d8 44 cm<\/td>\n<td width=\"20\"><\/td>\n<td width=\"80\">43 cm<\/td>\n<\/tr>\n<\/tbody>\n<\/table>\n<\/li>\n<\/ul>\nDesigner: <a href=\"https:\/\/www.schaffenburg.com\/designer-ece\/\" target=\"_blank\" rel=\"noopener noreferrer\">Ece Yal\u0131m Design Studio<\/a>\n&nbsp;\n","protected":false},"excerpt":{"rendered":"<p>Der Acrobat ist ein wunderbar ausgewogener und farbenfroher Hocker, entworfen von Ece Yalim Design Studio. Dynamische Linien, skurrile Formen, leuchtende Kontrastfarben und unterschiedliche Sitzh\u00f6hen versprechen das Unerwartete am Arbeitsplatz. Mit dieser Serie k\u00f6nnen Sie eint\u00f6nige und langweilige Atmosph\u00e4ren im B\u00fcro in eine fr\u00f6hliche und angenehme Atmosph\u00e4re verwandeln. Erh\u00e4ltlich als 4-Bein-Modell Y1, Y2 und Y3 und [&hellip;]<\/p>\n","protected":false},"featured_media":22934,"comment_status":"closed","ping_status":"closed","template":"","meta":{"_acf_changed":false},"product_brand":[],"product_cat":[2138,2137,2139],"product_tag":[],"class_list":{"0":"post-29516","1":"product","2":"type-product","3":"status-publish","4":"has-post-thumbnail","6":"product_cat-faulenzen-und-treffen","7":"product_cat-projekte","8":"product_cat-weiche-sitzgelegenheiten","9":"pa_model-product-x1-de","10":"pa_model-product-x2-de","11":"pa_model-product-y1-de","12":"pa_model-product-y2-de","13":"pa_model-product-y3-de","14":"pa_stofgroepen-camira-blazer-de","15":"pa_stofgroepen-substanzgruppe-a","17":"first","18":"instock","19":"product-type-variable"},"acf":{"downloads":null},"yoast_head":"<!-- This site is optimized with the Yoast SEO plugin v26.7 - https:\/\/yoast.com\/wordpress\/plugins\/seo\/ -->\n<title>Acrobat - Schaffenburg<\/title>\n<meta name=\"robots\" content=\"index, follow, max-snippet:-1, max-image-preview:large, max-video-preview:-1\" \/>\n<link rel=\"canonical\" href=\"https:\/\/portal.schaffenburg.nl\/de\/produkt\/acrobat\/\" \/>\n<meta property=\"og:locale\" content=\"de_DE\" \/>\n<meta property=\"og:type\" content=\"article\" \/>\n<meta property=\"og:title\" content=\"Acrobat - Schaffenburg\" \/>\n<meta property=\"og:description\" content=\"Der Acrobat ist ein wunderbar ausgewogener und farbenfroher Hocker, entworfen von Ece Yalim Design Studio. Dynamische Linien, skurrile Formen, leuchtende Kontrastfarben und unterschiedliche Sitzh\u00f6hen versprechen das Unerwartete am Arbeitsplatz. Mit dieser Serie k\u00f6nnen Sie eint\u00f6nige und langweilige Atmosph\u00e4ren im B\u00fcro in eine fr\u00f6hliche und angenehme Atmosph\u00e4re verwandeln. Erh\u00e4ltlich als 4-Bein-Modell Y1, Y2 und Y3 und [&hellip;]\" \/>\n<meta property=\"og:url\" content=\"https:\/\/portal.schaffenburg.nl\/de\/produkt\/acrobat\/\" \/>\n<meta property=\"og:site_name\" content=\"Schaffenburg\" \/>\n<meta property=\"article:modified_time\" content=\"2019-02-08T16:59:29+00:00\" \/>\n<meta property=\"og:image\" content=\"https:\/\/portal.schaffenburg.nl\/wp-content\/uploads\/2024\/09\/acrobat-y1.jpg?wsr\" \/>\n\t<meta property=\"og:image:width\" content=\"933\" \/>\n\t<meta property=\"og:image:height\" content=\"933\" \/>\n\t<meta property=\"og:image:type\" content=\"image\/jpeg\" \/>\n<meta name=\"twitter:card\" content=\"summary_large_image\" \/>\n<meta name=\"twitter:label1\" content=\"Gesch\u00e4tzte Lesezeit\" \/>\n\t<meta name=\"twitter:data1\" content=\"1\u00a0Minute\" \/>\n<script type=\"application\/ld+json\" class=\"yoast-schema-graph\">{\"@context\":\"https:\/\/schema.org\",\"@graph\":[{\"@type\":\"WebPage\",\"@id\":\"https:\/\/portal.schaffenburg.nl\/de\/produkt\/acrobat\/\",\"url\":\"https:\/\/portal.schaffenburg.nl\/de\/produkt\/acrobat\/\",\"name\":\"Acrobat - Schaffenburg\",\"isPartOf\":{\"@id\":\"https:\/\/portal.schaffenburg.nl\/de\/#website\"},\"primaryImageOfPage\":{\"@id\":\"https:\/\/portal.schaffenburg.nl\/de\/produkt\/acrobat\/#primaryimage\"},\"image\":{\"@id\":\"https:\/\/portal.schaffenburg.nl\/de\/produkt\/acrobat\/#primaryimage\"},\"thumbnailUrl\":\"https:\/\/portal.schaffenburg.nl\/wp-content\/uploads\/2024\/09\/acrobat-y1.jpg?wsr\",\"datePublished\":\"2019-02-08T14:59:29+00:00\",\"dateModified\":\"2019-02-08T16:59:29+00:00\",\"breadcrumb\":{\"@id\":\"https:\/\/portal.schaffenburg.nl\/de\/produkt\/acrobat\/#breadcrumb\"},\"inLanguage\":\"de\",\"potentialAction\":[{\"@type\":\"ReadAction\",\"target\":[\"https:\/\/portal.schaffenburg.nl\/de\/produkt\/acrobat\/\"]}]},{\"@type\":\"ImageObject\",\"inLanguage\":\"de\",\"@id\":\"https:\/\/portal.schaffenburg.nl\/de\/produkt\/acrobat\/#primaryimage\",\"url\":\"https:\/\/portal.schaffenburg.nl\/wp-content\/uploads\/2024\/09\/acrobat-y1.jpg?wsr\",\"contentUrl\":\"https:\/\/portal.schaffenburg.nl\/wp-content\/uploads\/2024\/09\/acrobat-y1.jpg?wsr\",\"width\":933,\"height\":933},{\"@type\":\"BreadcrumbList\",\"@id\":\"https:\/\/portal.schaffenburg.nl\/de\/produkt\/acrobat\/#breadcrumb\",\"itemListElement\":[{\"@type\":\"ListItem\",\"position\":1,\"name\":\"Home\",\"item\":\"https:\/\/portal.schaffenburg.nl\/de\/\"},{\"@type\":\"ListItem\",\"position\":2,\"name\":\"Acrobat\"}]},{\"@type\":\"WebSite\",\"@id\":\"https:\/\/portal.schaffenburg.nl\/de\/#website\",\"url\":\"https:\/\/portal.schaffenburg.nl\/de\/\",\"name\":\"Schaffenburg\",\"description\":\"\",\"potentialAction\":[{\"@type\":\"SearchAction\",\"target\":{\"@type\":\"EntryPoint\",\"urlTemplate\":\"https:\/\/portal.schaffenburg.nl\/de\/?s={search_term_string}\"},\"query-input\":{\"@type\":\"PropertyValueSpecification\",\"valueRequired\":true,\"valueName\":\"search_term_string\"}}],\"inLanguage\":\"de\"}]}<\/script>\n<!-- \/ Yoast SEO plugin. -->","yoast_head_json":{"title":"Acrobat - Schaffenburg","robots":{"index":"index","follow":"follow","max-snippet":"max-snippet:-1","max-image-preview":"max-image-preview:large","max-video-preview":"max-video-preview:-1"},"canonical":"https:\/\/portal.schaffenburg.nl\/de\/produkt\/acrobat\/","og_locale":"de_DE","og_type":"article","og_title":"Acrobat - Schaffenburg","og_description":"Der Acrobat ist ein wunderbar ausgewogener und farbenfroher Hocker, entworfen von Ece Yalim Design Studio. Dynamische Linien, skurrile Formen, leuchtende Kontrastfarben und unterschiedliche Sitzh\u00f6hen versprechen das Unerwartete am Arbeitsplatz. Mit dieser Serie k\u00f6nnen Sie eint\u00f6nige und langweilige Atmosph\u00e4ren im B\u00fcro in eine fr\u00f6hliche und angenehme Atmosph\u00e4re verwandeln. Erh\u00e4ltlich als 4-Bein-Modell Y1, Y2 und Y3 und [&hellip;]","og_url":"https:\/\/portal.schaffenburg.nl\/de\/produkt\/acrobat\/","og_site_name":"Schaffenburg","article_modified_time":"2019-02-08T16:59:29+00:00","og_image":[{"width":933,"height":933,"url":"https:\/\/portal.schaffenburg.nl\/wp-content\/uploads\/2024\/09\/acrobat-y1.jpg?wsr","type":"image\/jpeg"}],"twitter_card":"summary_large_image","twitter_misc":{"Gesch\u00e4tzte Lesezeit":"1\u00a0Minute"},"schema":{"@context":"https:\/\/schema.org","@graph":[{"@type":"WebPage","@id":"https:\/\/portal.schaffenburg.nl\/de\/produkt\/acrobat\/","url":"https:\/\/portal.schaffenburg.nl\/de\/produkt\/acrobat\/","name":"Acrobat - Schaffenburg","isPartOf":{"@id":"https:\/\/portal.schaffenburg.nl\/de\/#website"},"primaryImageOfPage":{"@id":"https:\/\/portal.schaffenburg.nl\/de\/produkt\/acrobat\/#primaryimage"},"image":{"@id":"https:\/\/portal.schaffenburg.nl\/de\/produkt\/acrobat\/#primaryimage"},"thumbnailUrl":"https:\/\/portal.schaffenburg.nl\/wp-content\/uploads\/2024\/09\/acrobat-y1.jpg?wsr","datePublished":"2019-02-08T14:59:29+00:00","dateModified":"2019-02-08T16:59:29+00:00","breadcrumb":{"@id":"https:\/\/portal.schaffenburg.nl\/de\/produkt\/acrobat\/#breadcrumb"},"inLanguage":"de","potentialAction":[{"@type":"ReadAction","target":["https:\/\/portal.schaffenburg.nl\/de\/produkt\/acrobat\/"]}]},{"@type":"ImageObject","inLanguage":"de","@id":"https:\/\/portal.schaffenburg.nl\/de\/produkt\/acrobat\/#primaryimage","url":"https:\/\/portal.schaffenburg.nl\/wp-content\/uploads\/2024\/09\/acrobat-y1.jpg?wsr","contentUrl":"https:\/\/portal.schaffenburg.nl\/wp-content\/uploads\/2024\/09\/acrobat-y1.jpg?wsr","width":933,"height":933},{"@type":"BreadcrumbList","@id":"https:\/\/portal.schaffenburg.nl\/de\/produkt\/acrobat\/#breadcrumb","itemListElement":[{"@type":"ListItem","position":1,"name":"Home","item":"https:\/\/portal.schaffenburg.nl\/de\/"},{"@type":"ListItem","position":2,"name":"Acrobat"}]},{"@type":"WebSite","@id":"https:\/\/portal.schaffenburg.nl\/de\/#website","url":"https:\/\/portal.schaffenburg.nl\/de\/","name":"Schaffenburg","description":"","potentialAction":[{"@type":"SearchAction","target":{"@type":"EntryPoint","urlTemplate":"https:\/\/portal.schaffenburg.nl\/de\/?s={search_term_string}"},"query-input":{"@type":"PropertyValueSpecification","valueRequired":true,"valueName":"search_term_string"}}],"inLanguage":"de"}]}},"_links":{"self":[{"href":"https:\/\/portal.schaffenburg.nl\/de\/wp-json\/wp\/v2\/product\/29516","targetHints":{"allow":["GET"]}}],"collection":[{"href":"https:\/\/portal.schaffenburg.nl\/de\/wp-json\/wp\/v2\/product"}],"about":[{"href":"https:\/\/portal.schaffenburg.nl\/de\/wp-json\/wp\/v2\/types\/product"}],"replies":[{"embeddable":true,"href":"https:\/\/portal.schaffenburg.nl\/de\/wp-json\/wp\/v2\/comments?post=29516"}],"wp:featuredmedia":[{"embeddable":true,"href":"https:\/\/portal.schaffenburg.nl\/de\/wp-json\/wp\/v2\/media\/22934"}],"wp:attachment":[{"href":"https:\/\/portal.schaffenburg.nl\/de\/wp-json\/wp\/v2\/media?parent=29516"}],"wp:term":[{"taxonomy":"product_brand","embeddable":true,"href":"https:\/\/portal.schaffenburg.nl\/de\/wp-json\/wp\/v2\/product_brand?post=29516"},{"taxonomy":"product_cat","embeddable":true,"href":"https:\/\/portal.schaffenburg.nl\/de\/wp-json\/wp\/v2\/product_cat?post=29516"},{"taxonomy":"product_tag","embeddable":true,"href":"https:\/\/portal.schaffenburg.nl\/de\/wp-json\/wp\/v2\/product_tag?post=29516"}],"curies":[{"name":"wp","href":"https:\/\/api.w.org\/{rel}","templated":true}]}}