{"id":29517,"date":"2019-02-08T16:16:53","date_gmt":"2019-02-08T16:16:53","guid":{"rendered":"https:\/\/staging-schaffenburg.nl\/product\/morgengrauen\/"},"modified":"2019-02-08T16:16:53","modified_gmt":"2019-02-08T16:16:53","slug":"morgengrauen","status":"publish","type":"product","link":"https:\/\/portal.schaffenburg.nl\/de\/produkt\/morgengrauen\/","title":{"rendered":"Morgengrauen"},"content":{"rendered":"Dawn ist ein zeitloses Design von Toine van den Heuvel. Es ist ein praktischer und moderner Stuhl, der sich leicht in verschiedene Einrichtungsstile einf\u00fcgt. Das Freischwingergestell aus Stahl sorgt f\u00fcr lang anhaltenden Sitzkomfort. In Kombination mit der gepolsterten Sitz- und R\u00fcckenschale und den besonderen Details wird dieser Stuhl zu einem begehrten Designobjekt.   \n<ul>\n<li>Stapelbar.<\/li>\n<li>Erh\u00e4ltlich in niedriger und hoher R\u00fcckenlehne.<\/li>\n<li>Viele Farben m\u00f6glich.<\/li>\n<\/ul>\nDesigner: <a href=\"https:\/\/www.schaffenburg.com\/designer-toine\/\" target=\"_blank\" rel=\"noopener noreferrer\">Toine van der Heuvel<\/a>\n&nbsp;\n","protected":false},"excerpt":{"rendered":"<p>Dawn ist ein zeitloses Design von Toine van den Heuvel. Es ist ein praktischer und moderner Stuhl, der sich leicht in verschiedene Einrichtungsstile einf\u00fcgt. Das Freischwingergestell aus Stahl sorgt f\u00fcr lang anhaltenden Sitzkomfort. In Kombination mit der gepolsterten Sitz- und R\u00fcckenschale und den besonderen Details wird dieser Stuhl zu einem begehrten Designobjekt. Stapelbar. Erh\u00e4ltlich in [&hellip;]<\/p>\n","protected":false},"featured_media":22888,"comment_status":"closed","ping_status":"closed","template":"","meta":{"_acf_changed":false},"product_brand":[],"product_cat":[2138,2137,2139],"product_tag":[],"class_list":{"0":"post-29517","1":"product","2":"type-product","3":"status-publish","4":"has-post-thumbnail","6":"product_cat-faulenzen-und-treffen","7":"product_cat-projekte","8":"product_cat-weiche-sitzgelegenheiten","9":"pa_model-product-hoher-rucken","10":"pa_model-product-niedriger-rucken","11":"pa_stoelframe-beschichteter-freischwingerrahmen","12":"pa_stoelframe-freischwingender-rahmen-chrom","14":"first","15":"outofstock","16":"purchasable","17":"product-type-simple"},"acf":{"downloads":null},"yoast_head":"<!-- This site is optimized with the Yoast SEO plugin v26.7 - https:\/\/yoast.com\/wordpress\/plugins\/seo\/ -->\n<title>Morgengrauen - Schaffenburg<\/title>\n<meta name=\"robots\" content=\"index, follow, max-snippet:-1, max-image-preview:large, max-video-preview:-1\" \/>\n<link rel=\"canonical\" href=\"https:\/\/portal.schaffenburg.nl\/de\/produkt\/morgengrauen\/\" \/>\n<meta property=\"og:locale\" content=\"de_DE\" \/>\n<meta property=\"og:type\" content=\"article\" \/>\n<meta property=\"og:title\" content=\"Morgengrauen - Schaffenburg\" \/>\n<meta property=\"og:description\" content=\"Dawn ist ein zeitloses Design von Toine van den Heuvel. Es ist ein praktischer und moderner Stuhl, der sich leicht in verschiedene Einrichtungsstile einf\u00fcgt. Das Freischwingergestell aus Stahl sorgt f\u00fcr lang anhaltenden Sitzkomfort. In Kombination mit der gepolsterten Sitz- und R\u00fcckenschale und den besonderen Details wird dieser Stuhl zu einem begehrten Designobjekt. Stapelbar. Erh\u00e4ltlich in [&hellip;]\" \/>\n<meta property=\"og:url\" content=\"https:\/\/portal.schaffenburg.nl\/de\/produkt\/morgengrauen\/\" \/>\n<meta property=\"og:site_name\" content=\"Schaffenburg\" \/>\n<meta property=\"og:image\" content=\"https:\/\/portal.schaffenburg.nl\/wp-content\/uploads\/2024\/09\/dawn-lage-rug-conferentiestoel-3kw.jpg?wsr\" \/>\n\t<meta property=\"og:image:width\" content=\"934\" \/>\n\t<meta property=\"og:image:height\" content=\"933\" \/>\n\t<meta property=\"og:image:type\" content=\"image\/jpeg\" \/>\n<meta name=\"twitter:card\" content=\"summary_large_image\" \/>\n<script type=\"application\/ld+json\" class=\"yoast-schema-graph\">{\"@context\":\"https:\/\/schema.org\",\"@graph\":[{\"@type\":\"WebPage\",\"@id\":\"https:\/\/portal.schaffenburg.nl\/de\/produkt\/morgengrauen\/\",\"url\":\"https:\/\/portal.schaffenburg.nl\/de\/produkt\/morgengrauen\/\",\"name\":\"Morgengrauen - Schaffenburg\",\"isPartOf\":{\"@id\":\"https:\/\/portal.schaffenburg.nl\/de\/#website\"},\"primaryImageOfPage\":{\"@id\":\"https:\/\/portal.schaffenburg.nl\/de\/produkt\/morgengrauen\/#primaryimage\"},\"image\":{\"@id\":\"https:\/\/portal.schaffenburg.nl\/de\/produkt\/morgengrauen\/#primaryimage\"},\"thumbnailUrl\":\"https:\/\/portal.schaffenburg.nl\/wp-content\/uploads\/2024\/09\/dawn-lage-rug-conferentiestoel-3kw.jpg?wsr\",\"datePublished\":\"2019-02-08T16:16:53+00:00\",\"breadcrumb\":{\"@id\":\"https:\/\/portal.schaffenburg.nl\/de\/produkt\/morgengrauen\/#breadcrumb\"},\"inLanguage\":\"de\",\"potentialAction\":[{\"@type\":\"ReadAction\",\"target\":[\"https:\/\/portal.schaffenburg.nl\/de\/produkt\/morgengrauen\/\"]}]},{\"@type\":\"ImageObject\",\"inLanguage\":\"de\",\"@id\":\"https:\/\/portal.schaffenburg.nl\/de\/produkt\/morgengrauen\/#primaryimage\",\"url\":\"https:\/\/portal.schaffenburg.nl\/wp-content\/uploads\/2024\/09\/dawn-lage-rug-conferentiestoel-3kw.jpg?wsr\",\"contentUrl\":\"https:\/\/portal.schaffenburg.nl\/wp-content\/uploads\/2024\/09\/dawn-lage-rug-conferentiestoel-3kw.jpg?wsr\",\"width\":934,\"height\":933},{\"@type\":\"BreadcrumbList\",\"@id\":\"https:\/\/portal.schaffenburg.nl\/de\/produkt\/morgengrauen\/#breadcrumb\",\"itemListElement\":[{\"@type\":\"ListItem\",\"position\":1,\"name\":\"Home\",\"item\":\"https:\/\/portal.schaffenburg.nl\/de\/\"},{\"@type\":\"ListItem\",\"position\":2,\"name\":\"Morgengrauen\"}]},{\"@type\":\"WebSite\",\"@id\":\"https:\/\/portal.schaffenburg.nl\/de\/#website\",\"url\":\"https:\/\/portal.schaffenburg.nl\/de\/\",\"name\":\"Schaffenburg\",\"description\":\"\",\"potentialAction\":[{\"@type\":\"SearchAction\",\"target\":{\"@type\":\"EntryPoint\",\"urlTemplate\":\"https:\/\/portal.schaffenburg.nl\/de\/?s={search_term_string}\"},\"query-input\":{\"@type\":\"PropertyValueSpecification\",\"valueRequired\":true,\"valueName\":\"search_term_string\"}}],\"inLanguage\":\"de\"}]}<\/script>\n<!-- \/ Yoast SEO plugin. -->","yoast_head_json":{"title":"Morgengrauen - Schaffenburg","robots":{"index":"index","follow":"follow","max-snippet":"max-snippet:-1","max-image-preview":"max-image-preview:large","max-video-preview":"max-video-preview:-1"},"canonical":"https:\/\/portal.schaffenburg.nl\/de\/produkt\/morgengrauen\/","og_locale":"de_DE","og_type":"article","og_title":"Morgengrauen - Schaffenburg","og_description":"Dawn ist ein zeitloses Design von Toine van den Heuvel. Es ist ein praktischer und moderner Stuhl, der sich leicht in verschiedene Einrichtungsstile einf\u00fcgt. Das Freischwingergestell aus Stahl sorgt f\u00fcr lang anhaltenden Sitzkomfort. In Kombination mit der gepolsterten Sitz- und R\u00fcckenschale und den besonderen Details wird dieser Stuhl zu einem begehrten Designobjekt. Stapelbar. Erh\u00e4ltlich in [&hellip;]","og_url":"https:\/\/portal.schaffenburg.nl\/de\/produkt\/morgengrauen\/","og_site_name":"Schaffenburg","og_image":[{"width":934,"height":933,"url":"https:\/\/portal.schaffenburg.nl\/wp-content\/uploads\/2024\/09\/dawn-lage-rug-conferentiestoel-3kw.jpg?wsr","type":"image\/jpeg"}],"twitter_card":"summary_large_image","schema":{"@context":"https:\/\/schema.org","@graph":[{"@type":"WebPage","@id":"https:\/\/portal.schaffenburg.nl\/de\/produkt\/morgengrauen\/","url":"https:\/\/portal.schaffenburg.nl\/de\/produkt\/morgengrauen\/","name":"Morgengrauen - Schaffenburg","isPartOf":{"@id":"https:\/\/portal.schaffenburg.nl\/de\/#website"},"primaryImageOfPage":{"@id":"https:\/\/portal.schaffenburg.nl\/de\/produkt\/morgengrauen\/#primaryimage"},"image":{"@id":"https:\/\/portal.schaffenburg.nl\/de\/produkt\/morgengrauen\/#primaryimage"},"thumbnailUrl":"https:\/\/portal.schaffenburg.nl\/wp-content\/uploads\/2024\/09\/dawn-lage-rug-conferentiestoel-3kw.jpg?wsr","datePublished":"2019-02-08T16:16:53+00:00","breadcrumb":{"@id":"https:\/\/portal.schaffenburg.nl\/de\/produkt\/morgengrauen\/#breadcrumb"},"inLanguage":"de","potentialAction":[{"@type":"ReadAction","target":["https:\/\/portal.schaffenburg.nl\/de\/produkt\/morgengrauen\/"]}]},{"@type":"ImageObject","inLanguage":"de","@id":"https:\/\/portal.schaffenburg.nl\/de\/produkt\/morgengrauen\/#primaryimage","url":"https:\/\/portal.schaffenburg.nl\/wp-content\/uploads\/2024\/09\/dawn-lage-rug-conferentiestoel-3kw.jpg?wsr","contentUrl":"https:\/\/portal.schaffenburg.nl\/wp-content\/uploads\/2024\/09\/dawn-lage-rug-conferentiestoel-3kw.jpg?wsr","width":934,"height":933},{"@type":"BreadcrumbList","@id":"https:\/\/portal.schaffenburg.nl\/de\/produkt\/morgengrauen\/#breadcrumb","itemListElement":[{"@type":"ListItem","position":1,"name":"Home","item":"https:\/\/portal.schaffenburg.nl\/de\/"},{"@type":"ListItem","position":2,"name":"Morgengrauen"}]},{"@type":"WebSite","@id":"https:\/\/portal.schaffenburg.nl\/de\/#website","url":"https:\/\/portal.schaffenburg.nl\/de\/","name":"Schaffenburg","description":"","potentialAction":[{"@type":"SearchAction","target":{"@type":"EntryPoint","urlTemplate":"https:\/\/portal.schaffenburg.nl\/de\/?s={search_term_string}"},"query-input":{"@type":"PropertyValueSpecification","valueRequired":true,"valueName":"search_term_string"}}],"inLanguage":"de"}]}},"_links":{"self":[{"href":"https:\/\/portal.schaffenburg.nl\/de\/wp-json\/wp\/v2\/product\/29517","targetHints":{"allow":["GET"]}}],"collection":[{"href":"https:\/\/portal.schaffenburg.nl\/de\/wp-json\/wp\/v2\/product"}],"about":[{"href":"https:\/\/portal.schaffenburg.nl\/de\/wp-json\/wp\/v2\/types\/product"}],"replies":[{"embeddable":true,"href":"https:\/\/portal.schaffenburg.nl\/de\/wp-json\/wp\/v2\/comments?post=29517"}],"wp:featuredmedia":[{"embeddable":true,"href":"https:\/\/portal.schaffenburg.nl\/de\/wp-json\/wp\/v2\/media\/22888"}],"wp:attachment":[{"href":"https:\/\/portal.schaffenburg.nl\/de\/wp-json\/wp\/v2\/media?parent=29517"}],"wp:term":[{"taxonomy":"product_brand","embeddable":true,"href":"https:\/\/portal.schaffenburg.nl\/de\/wp-json\/wp\/v2\/product_brand?post=29517"},{"taxonomy":"product_cat","embeddable":true,"href":"https:\/\/portal.schaffenburg.nl\/de\/wp-json\/wp\/v2\/product_cat?post=29517"},{"taxonomy":"product_tag","embeddable":true,"href":"https:\/\/portal.schaffenburg.nl\/de\/wp-json\/wp\/v2\/product_tag?post=29517"}],"curies":[{"name":"wp","href":"https:\/\/api.w.org\/{rel}","templated":true}]}}