{"id":29539,"date":"2019-02-12T09:39:00","date_gmt":"2019-02-12T07:39:00","guid":{"rendered":"https:\/\/staging-schaffenburg.nl\/product\/tambour-beistelltisch\/"},"modified":"2019-02-12T09:39:00","modified_gmt":"2019-02-12T09:39:00","slug":"tambour-beistelltisch","status":"publish","type":"product","link":"https:\/\/portal.schaffenburg.nl\/de\/produkt\/tambour-beistelltisch\/","title":{"rendered":"Tambour Beistelltisch"},"content":{"rendered":"Tambour ist ein brillantes Produkt, um die stressige Atmosph\u00e4re am Arbeitsplatz aufzulockern und ihn mit kr\u00e4ftigen Farben zu verwandeln. Die Hocker und Couchtische von Tambour, ob standardm\u00e4\u00dfig oder auf Rollen, werden mit ihrem charmanten Stil die Dynamik jeder Umgebung verst\u00e4rken. \n<ul>\n<li>Platten: 18mm Melaminplatte und 2mm Kunststoffkanten.<\/li>\n<li>F\u00fc\u00dfe: 10mm Stahlrahmen mit Kunststofff\u00fc\u00dfen.<\/li>\n<li>Auch als <a href=\"https:\/\/schaffenburg.nl\/shop\/projects\/loungen-en-ontmoeten-projects\/tambour-poef\/\" target=\"_blank\" rel=\"noopener noreferrer\">Tambour-Pouffe<\/a> erh\u00e4ltlich.<\/li>\n<li>Erh\u00e4ltlich in den runden Modellen O1, O2 und O3 und den quadratischen Modellen Y1 und Y2.<\/li>\n<li>Abmessungen des quadratischen Modells Y1: 45 x 45 x 40,5 cm<\/li>\n<li>Abmessungen des Modells Quadrat Y2: 80 x 80 x 38,5 cm<\/li>\n<li>Abmessungen Modell rund O1: \u00d8 45 x H: 40,5 cm<\/li>\n<li>Ma\u00dfe rundes Modell O2: \u00d8 45 x H: 54,5 cm<\/li>\n<li>Ma\u00dfe rundes Modell O3: \u00d8 80 x H: 38,5 cm<\/li>\n<\/ul>\nDesigner: <a href=\"https:\/\/www.schaffenburg.com\/designer-ece-yalim-design-studio\/\" target=\"_blank\" rel=\"noopener noreferrer\">Ece Yal\u0131m Design Studio<\/a>\n","protected":false},"excerpt":{"rendered":"<p>Tambour ist ein brillantes Produkt, um die stressige Atmosph\u00e4re am Arbeitsplatz aufzulockern und ihn mit kr\u00e4ftigen Farben zu verwandeln. Die Hocker und Couchtische von Tambour, ob standardm\u00e4\u00dfig oder auf Rollen, werden mit ihrem charmanten Stil die Dynamik jeder Umgebung verst\u00e4rken. Platten: 18mm Melaminplatte und 2mm Kunststoffkanten. F\u00fc\u00dfe: 10mm Stahlrahmen mit Kunststofff\u00fc\u00dfen. Auch als Tambour-Pouffe erh\u00e4ltlich. [&hellip;]<\/p>\n","protected":false},"featured_media":22948,"comment_status":"closed","ping_status":"closed","template":"","meta":{"_acf_changed":false},"product_brand":[],"product_cat":[2138,4494,4495,2137,4276],"product_tag":[],"class_list":{"0":"post-29539","1":"product","2":"type-product","3":"status-publish","4":"has-post-thumbnail","6":"product_cat-faulenzen-und-treffen","7":"product_cat-beistelltisch","8":"product_cat-beistelltische","9":"product_cat-projekte","10":"product_cat-tische","11":"pa_model-product-o1-de","12":"pa_model-product-o2-de","13":"pa_model-product-y1-de","14":"pa_model-product-y2-de","16":"first","17":"outofstock","18":"purchasable","19":"product-type-simple"},"acf":{"downloads":null},"yoast_head":"<!-- This site is optimized with the Yoast SEO plugin v26.7 - https:\/\/yoast.com\/wordpress\/plugins\/seo\/ -->\n<title>Tambour Beistelltisch - Schaffenburg<\/title>\n<meta name=\"robots\" content=\"index, follow, max-snippet:-1, max-image-preview:large, max-video-preview:-1\" \/>\n<link rel=\"canonical\" href=\"https:\/\/portal.schaffenburg.nl\/de\/produkt\/tambour-beistelltisch\/\" \/>\n<meta property=\"og:locale\" content=\"de_DE\" \/>\n<meta property=\"og:type\" content=\"article\" \/>\n<meta property=\"og:title\" content=\"Tambour Beistelltisch - Schaffenburg\" \/>\n<meta property=\"og:description\" content=\"Tambour ist ein brillantes Produkt, um die stressige Atmosph\u00e4re am Arbeitsplatz aufzulockern und ihn mit kr\u00e4ftigen Farben zu verwandeln. Die Hocker und Couchtische von Tambour, ob standardm\u00e4\u00dfig oder auf Rollen, werden mit ihrem charmanten Stil die Dynamik jeder Umgebung verst\u00e4rken. Platten: 18mm Melaminplatte und 2mm Kunststoffkanten. F\u00fc\u00dfe: 10mm Stahlrahmen mit Kunststofff\u00fc\u00dfen. Auch als Tambour-Pouffe erh\u00e4ltlich. [&hellip;]\" \/>\n<meta property=\"og:url\" content=\"https:\/\/portal.schaffenburg.nl\/de\/produkt\/tambour-beistelltisch\/\" \/>\n<meta property=\"og:site_name\" content=\"Schaffenburg\" \/>\n<meta property=\"article:modified_time\" content=\"2019-02-12T09:39:00+00:00\" \/>\n<meta property=\"og:image\" content=\"https:\/\/portal.schaffenburg.nl\/wp-content\/uploads\/2024\/09\/tambour-bijzettafel-o1.jpg?wsr\" \/>\n\t<meta property=\"og:image:width\" content=\"1076\" \/>\n\t<meta property=\"og:image:height\" content=\"933\" \/>\n\t<meta property=\"og:image:type\" content=\"image\/jpeg\" \/>\n<meta name=\"twitter:card\" content=\"summary_large_image\" \/>\n<meta name=\"twitter:label1\" content=\"Gesch\u00e4tzte Lesezeit\" \/>\n\t<meta name=\"twitter:data1\" content=\"1\u00a0Minute\" \/>\n<script type=\"application\/ld+json\" class=\"yoast-schema-graph\">{\"@context\":\"https:\/\/schema.org\",\"@graph\":[{\"@type\":\"WebPage\",\"@id\":\"https:\/\/portal.schaffenburg.nl\/de\/produkt\/tambour-beistelltisch\/\",\"url\":\"https:\/\/portal.schaffenburg.nl\/de\/produkt\/tambour-beistelltisch\/\",\"name\":\"Tambour Beistelltisch - Schaffenburg\",\"isPartOf\":{\"@id\":\"https:\/\/portal.schaffenburg.nl\/de\/#website\"},\"primaryImageOfPage\":{\"@id\":\"https:\/\/portal.schaffenburg.nl\/de\/produkt\/tambour-beistelltisch\/#primaryimage\"},\"image\":{\"@id\":\"https:\/\/portal.schaffenburg.nl\/de\/produkt\/tambour-beistelltisch\/#primaryimage\"},\"thumbnailUrl\":\"https:\/\/portal.schaffenburg.nl\/wp-content\/uploads\/2024\/09\/tambour-bijzettafel-o1.jpg?wsr\",\"datePublished\":\"2019-02-12T07:39:00+00:00\",\"dateModified\":\"2019-02-12T09:39:00+00:00\",\"breadcrumb\":{\"@id\":\"https:\/\/portal.schaffenburg.nl\/de\/produkt\/tambour-beistelltisch\/#breadcrumb\"},\"inLanguage\":\"de\",\"potentialAction\":[{\"@type\":\"ReadAction\",\"target\":[\"https:\/\/portal.schaffenburg.nl\/de\/produkt\/tambour-beistelltisch\/\"]}]},{\"@type\":\"ImageObject\",\"inLanguage\":\"de\",\"@id\":\"https:\/\/portal.schaffenburg.nl\/de\/produkt\/tambour-beistelltisch\/#primaryimage\",\"url\":\"https:\/\/portal.schaffenburg.nl\/wp-content\/uploads\/2024\/09\/tambour-bijzettafel-o1.jpg?wsr\",\"contentUrl\":\"https:\/\/portal.schaffenburg.nl\/wp-content\/uploads\/2024\/09\/tambour-bijzettafel-o1.jpg?wsr\",\"width\":1076,\"height\":933},{\"@type\":\"BreadcrumbList\",\"@id\":\"https:\/\/portal.schaffenburg.nl\/de\/produkt\/tambour-beistelltisch\/#breadcrumb\",\"itemListElement\":[{\"@type\":\"ListItem\",\"position\":1,\"name\":\"Home\",\"item\":\"https:\/\/portal.schaffenburg.nl\/de\/\"},{\"@type\":\"ListItem\",\"position\":2,\"name\":\"Tambour Beistelltisch\"}]},{\"@type\":\"WebSite\",\"@id\":\"https:\/\/portal.schaffenburg.nl\/de\/#website\",\"url\":\"https:\/\/portal.schaffenburg.nl\/de\/\",\"name\":\"Schaffenburg\",\"description\":\"\",\"potentialAction\":[{\"@type\":\"SearchAction\",\"target\":{\"@type\":\"EntryPoint\",\"urlTemplate\":\"https:\/\/portal.schaffenburg.nl\/de\/?s={search_term_string}\"},\"query-input\":{\"@type\":\"PropertyValueSpecification\",\"valueRequired\":true,\"valueName\":\"search_term_string\"}}],\"inLanguage\":\"de\"}]}<\/script>\n<!-- \/ Yoast SEO plugin. -->","yoast_head_json":{"title":"Tambour Beistelltisch - Schaffenburg","robots":{"index":"index","follow":"follow","max-snippet":"max-snippet:-1","max-image-preview":"max-image-preview:large","max-video-preview":"max-video-preview:-1"},"canonical":"https:\/\/portal.schaffenburg.nl\/de\/produkt\/tambour-beistelltisch\/","og_locale":"de_DE","og_type":"article","og_title":"Tambour Beistelltisch - Schaffenburg","og_description":"Tambour ist ein brillantes Produkt, um die stressige Atmosph\u00e4re am Arbeitsplatz aufzulockern und ihn mit kr\u00e4ftigen Farben zu verwandeln. Die Hocker und Couchtische von Tambour, ob standardm\u00e4\u00dfig oder auf Rollen, werden mit ihrem charmanten Stil die Dynamik jeder Umgebung verst\u00e4rken. Platten: 18mm Melaminplatte und 2mm Kunststoffkanten. F\u00fc\u00dfe: 10mm Stahlrahmen mit Kunststofff\u00fc\u00dfen. Auch als Tambour-Pouffe erh\u00e4ltlich. [&hellip;]","og_url":"https:\/\/portal.schaffenburg.nl\/de\/produkt\/tambour-beistelltisch\/","og_site_name":"Schaffenburg","article_modified_time":"2019-02-12T09:39:00+00:00","og_image":[{"width":1076,"height":933,"url":"https:\/\/portal.schaffenburg.nl\/wp-content\/uploads\/2024\/09\/tambour-bijzettafel-o1.jpg?wsr","type":"image\/jpeg"}],"twitter_card":"summary_large_image","twitter_misc":{"Gesch\u00e4tzte Lesezeit":"1\u00a0Minute"},"schema":{"@context":"https:\/\/schema.org","@graph":[{"@type":"WebPage","@id":"https:\/\/portal.schaffenburg.nl\/de\/produkt\/tambour-beistelltisch\/","url":"https:\/\/portal.schaffenburg.nl\/de\/produkt\/tambour-beistelltisch\/","name":"Tambour Beistelltisch - Schaffenburg","isPartOf":{"@id":"https:\/\/portal.schaffenburg.nl\/de\/#website"},"primaryImageOfPage":{"@id":"https:\/\/portal.schaffenburg.nl\/de\/produkt\/tambour-beistelltisch\/#primaryimage"},"image":{"@id":"https:\/\/portal.schaffenburg.nl\/de\/produkt\/tambour-beistelltisch\/#primaryimage"},"thumbnailUrl":"https:\/\/portal.schaffenburg.nl\/wp-content\/uploads\/2024\/09\/tambour-bijzettafel-o1.jpg?wsr","datePublished":"2019-02-12T07:39:00+00:00","dateModified":"2019-02-12T09:39:00+00:00","breadcrumb":{"@id":"https:\/\/portal.schaffenburg.nl\/de\/produkt\/tambour-beistelltisch\/#breadcrumb"},"inLanguage":"de","potentialAction":[{"@type":"ReadAction","target":["https:\/\/portal.schaffenburg.nl\/de\/produkt\/tambour-beistelltisch\/"]}]},{"@type":"ImageObject","inLanguage":"de","@id":"https:\/\/portal.schaffenburg.nl\/de\/produkt\/tambour-beistelltisch\/#primaryimage","url":"https:\/\/portal.schaffenburg.nl\/wp-content\/uploads\/2024\/09\/tambour-bijzettafel-o1.jpg?wsr","contentUrl":"https:\/\/portal.schaffenburg.nl\/wp-content\/uploads\/2024\/09\/tambour-bijzettafel-o1.jpg?wsr","width":1076,"height":933},{"@type":"BreadcrumbList","@id":"https:\/\/portal.schaffenburg.nl\/de\/produkt\/tambour-beistelltisch\/#breadcrumb","itemListElement":[{"@type":"ListItem","position":1,"name":"Home","item":"https:\/\/portal.schaffenburg.nl\/de\/"},{"@type":"ListItem","position":2,"name":"Tambour Beistelltisch"}]},{"@type":"WebSite","@id":"https:\/\/portal.schaffenburg.nl\/de\/#website","url":"https:\/\/portal.schaffenburg.nl\/de\/","name":"Schaffenburg","description":"","potentialAction":[{"@type":"SearchAction","target":{"@type":"EntryPoint","urlTemplate":"https:\/\/portal.schaffenburg.nl\/de\/?s={search_term_string}"},"query-input":{"@type":"PropertyValueSpecification","valueRequired":true,"valueName":"search_term_string"}}],"inLanguage":"de"}]}},"_links":{"self":[{"href":"https:\/\/portal.schaffenburg.nl\/de\/wp-json\/wp\/v2\/product\/29539","targetHints":{"allow":["GET"]}}],"collection":[{"href":"https:\/\/portal.schaffenburg.nl\/de\/wp-json\/wp\/v2\/product"}],"about":[{"href":"https:\/\/portal.schaffenburg.nl\/de\/wp-json\/wp\/v2\/types\/product"}],"replies":[{"embeddable":true,"href":"https:\/\/portal.schaffenburg.nl\/de\/wp-json\/wp\/v2\/comments?post=29539"}],"wp:featuredmedia":[{"embeddable":true,"href":"https:\/\/portal.schaffenburg.nl\/de\/wp-json\/wp\/v2\/media\/22948"}],"wp:attachment":[{"href":"https:\/\/portal.schaffenburg.nl\/de\/wp-json\/wp\/v2\/media?parent=29539"}],"wp:term":[{"taxonomy":"product_brand","embeddable":true,"href":"https:\/\/portal.schaffenburg.nl\/de\/wp-json\/wp\/v2\/product_brand?post=29539"},{"taxonomy":"product_cat","embeddable":true,"href":"https:\/\/portal.schaffenburg.nl\/de\/wp-json\/wp\/v2\/product_cat?post=29539"},{"taxonomy":"product_tag","embeddable":true,"href":"https:\/\/portal.schaffenburg.nl\/de\/wp-json\/wp\/v2\/product_tag?post=29539"}],"curies":[{"name":"wp","href":"https:\/\/api.w.org\/{rel}","templated":true}]}}