{"id":29560,"date":"2019-02-12T09:54:12","date_gmt":"2019-02-12T07:54:12","guid":{"rendered":"https:\/\/staging-schaffenburg.nl\/product\/tambourpuff\/"},"modified":"2019-02-12T09:54:12","modified_gmt":"2019-02-12T09:54:12","slug":"tambourpuff","status":"publish","type":"product","link":"https:\/\/portal.schaffenburg.nl\/de\/produkt\/tambourpuff\/","title":{"rendered":"Tambourpuff"},"content":{"rendered":"Tambour ist ein brillantes Produkt, um die stressige Atmosph\u00e4re am Arbeitsplatz aufzulockern und ihn mit kr\u00e4ftigen Farben zu verwandeln. Die Hocker und Couchtische von Tambour, ob standardm\u00e4\u00dfig oder auf Rollen, werden mit ihrem charmanten Stil die Dynamik jeder Umgebung verst\u00e4rken. \n<ul>\n<li>Erh\u00e4ltlich in 4 Modellen: O1, O2, Y1 und Y2.<\/li>\n<li>Erh\u00e4ltlich in Camira Blazer und Stoff AE.<\/li>\n<li>Der Rahmen ist in 6 Farben erh\u00e4ltlich.<\/li>\n<li>Sitz: 8cm 32SG Schaumstoff auf Holzkonstruktion, gepolstert.<\/li>\n<li>Beine: 10mm Stahlrahmen mit Kunststofff\u00fc\u00dfen.<\/li>\n<li>Auch als <a href=\"https:\/\/schaffenburg.nl\/shop\/projects\/loungen-en-ontmoeten-projects\/tambour-bijzettafel\/\" target=\"_blank\" rel=\"noopener noreferrer\">Tambour Couchtisch<\/a> erh\u00e4ltlich.<\/li>\n<li>Abmessungen des Modells Quadrat Y1: 45 x 45 x 68 cm<\/li>\n<li>Abmessungen des Modells Quadrat Y2: 80 x 80 x 68 cm<\/li>\n<li>Abmessungen Modell rund O1: \u00d8 45 x H: 45 cm<\/li>\n<li>Ma\u00dfe rundes Modell O2: \u00d8 80 x H: 52 cm<\/li>\n<\/ul>\nDesigner: <a href=\"https:\/\/www.schaffenburg.com\/designer-ece\/\" target=\"_blank\" rel=\"noopener noreferrer\">Ece Yal\u0131m Design Studio<\/a>\n&nbsp;\n","protected":false},"excerpt":{"rendered":"<p>Tambour ist ein brillantes Produkt, um die stressige Atmosph\u00e4re am Arbeitsplatz aufzulockern und ihn mit kr\u00e4ftigen Farben zu verwandeln. Die Hocker und Couchtische von Tambour, ob standardm\u00e4\u00dfig oder auf Rollen, werden mit ihrem charmanten Stil die Dynamik jeder Umgebung verst\u00e4rken. Erh\u00e4ltlich in 4 Modellen: O1, O2, Y1 und Y2. Erh\u00e4ltlich in Camira Blazer und Stoff [&hellip;]<\/p>\n","protected":false},"featured_media":22958,"comment_status":"closed","ping_status":"closed","template":"","meta":{"_acf_changed":false},"product_brand":[],"product_cat":[2138,2137,2139],"product_tag":[],"class_list":{"0":"post-29560","1":"product","2":"type-product","3":"status-publish","4":"has-post-thumbnail","6":"product_cat-faulenzen-und-treffen","7":"product_cat-projekte","8":"product_cat-weiche-sitzgelegenheiten","9":"pa_model-product-o1-de","10":"pa_model-product-y1-de","11":"pa_model-product-y2-de","12":"pa_stofgroepen-camira-blazer-de","13":"pa_stofgroepen-substanzgruppe-a","15":"first","16":"instock","17":"product-type-variable"},"acf":{"downloads":null},"yoast_head":"<!-- This site is optimized with the Yoast SEO plugin v26.7 - https:\/\/yoast.com\/wordpress\/plugins\/seo\/ -->\n<title>Tambourpuff - Schaffenburg<\/title>\n<meta name=\"robots\" content=\"index, follow, max-snippet:-1, max-image-preview:large, max-video-preview:-1\" \/>\n<link rel=\"canonical\" href=\"https:\/\/portal.schaffenburg.nl\/de\/produkt\/tambourpuff\/\" \/>\n<meta property=\"og:locale\" content=\"de_DE\" \/>\n<meta property=\"og:type\" content=\"article\" \/>\n<meta property=\"og:title\" content=\"Tambourpuff - Schaffenburg\" \/>\n<meta property=\"og:description\" content=\"Tambour ist ein brillantes Produkt, um die stressige Atmosph\u00e4re am Arbeitsplatz aufzulockern und ihn mit kr\u00e4ftigen Farben zu verwandeln. Die Hocker und Couchtische von Tambour, ob standardm\u00e4\u00dfig oder auf Rollen, werden mit ihrem charmanten Stil die Dynamik jeder Umgebung verst\u00e4rken. Erh\u00e4ltlich in 4 Modellen: O1, O2, Y1 und Y2. Erh\u00e4ltlich in Camira Blazer und Stoff [&hellip;]\" \/>\n<meta property=\"og:url\" content=\"https:\/\/portal.schaffenburg.nl\/de\/produkt\/tambourpuff\/\" \/>\n<meta property=\"og:site_name\" content=\"Schaffenburg\" \/>\n<meta property=\"article:modified_time\" content=\"2019-02-12T09:54:12+00:00\" \/>\n<meta property=\"og:image\" content=\"https:\/\/portal.schaffenburg.nl\/wp-content\/uploads\/2024\/09\/tambour-o3.jpg?wsr\" \/>\n\t<meta property=\"og:image:width\" content=\"966\" \/>\n\t<meta property=\"og:image:height\" content=\"837\" \/>\n\t<meta property=\"og:image:type\" content=\"image\/jpeg\" \/>\n<meta name=\"twitter:card\" content=\"summary_large_image\" \/>\n<meta name=\"twitter:label1\" content=\"Gesch\u00e4tzte Lesezeit\" \/>\n\t<meta name=\"twitter:data1\" content=\"1\u00a0Minute\" \/>\n<script type=\"application\/ld+json\" class=\"yoast-schema-graph\">{\"@context\":\"https:\/\/schema.org\",\"@graph\":[{\"@type\":\"WebPage\",\"@id\":\"https:\/\/portal.schaffenburg.nl\/de\/produkt\/tambourpuff\/\",\"url\":\"https:\/\/portal.schaffenburg.nl\/de\/produkt\/tambourpuff\/\",\"name\":\"Tambourpuff - Schaffenburg\",\"isPartOf\":{\"@id\":\"https:\/\/portal.schaffenburg.nl\/de\/#website\"},\"primaryImageOfPage\":{\"@id\":\"https:\/\/portal.schaffenburg.nl\/de\/produkt\/tambourpuff\/#primaryimage\"},\"image\":{\"@id\":\"https:\/\/portal.schaffenburg.nl\/de\/produkt\/tambourpuff\/#primaryimage\"},\"thumbnailUrl\":\"https:\/\/portal.schaffenburg.nl\/wp-content\/uploads\/2024\/09\/tambour-o3.jpg?wsr\",\"datePublished\":\"2019-02-12T07:54:12+00:00\",\"dateModified\":\"2019-02-12T09:54:12+00:00\",\"breadcrumb\":{\"@id\":\"https:\/\/portal.schaffenburg.nl\/de\/produkt\/tambourpuff\/#breadcrumb\"},\"inLanguage\":\"de\",\"potentialAction\":[{\"@type\":\"ReadAction\",\"target\":[\"https:\/\/portal.schaffenburg.nl\/de\/produkt\/tambourpuff\/\"]}]},{\"@type\":\"ImageObject\",\"inLanguage\":\"de\",\"@id\":\"https:\/\/portal.schaffenburg.nl\/de\/produkt\/tambourpuff\/#primaryimage\",\"url\":\"https:\/\/portal.schaffenburg.nl\/wp-content\/uploads\/2024\/09\/tambour-o3.jpg?wsr\",\"contentUrl\":\"https:\/\/portal.schaffenburg.nl\/wp-content\/uploads\/2024\/09\/tambour-o3.jpg?wsr\",\"width\":966,\"height\":837},{\"@type\":\"BreadcrumbList\",\"@id\":\"https:\/\/portal.schaffenburg.nl\/de\/produkt\/tambourpuff\/#breadcrumb\",\"itemListElement\":[{\"@type\":\"ListItem\",\"position\":1,\"name\":\"Home\",\"item\":\"https:\/\/portal.schaffenburg.nl\/de\/\"},{\"@type\":\"ListItem\",\"position\":2,\"name\":\"Tambourpuff\"}]},{\"@type\":\"WebSite\",\"@id\":\"https:\/\/portal.schaffenburg.nl\/de\/#website\",\"url\":\"https:\/\/portal.schaffenburg.nl\/de\/\",\"name\":\"Schaffenburg\",\"description\":\"\",\"potentialAction\":[{\"@type\":\"SearchAction\",\"target\":{\"@type\":\"EntryPoint\",\"urlTemplate\":\"https:\/\/portal.schaffenburg.nl\/de\/?s={search_term_string}\"},\"query-input\":{\"@type\":\"PropertyValueSpecification\",\"valueRequired\":true,\"valueName\":\"search_term_string\"}}],\"inLanguage\":\"de\"}]}<\/script>\n<!-- \/ Yoast SEO plugin. -->","yoast_head_json":{"title":"Tambourpuff - Schaffenburg","robots":{"index":"index","follow":"follow","max-snippet":"max-snippet:-1","max-image-preview":"max-image-preview:large","max-video-preview":"max-video-preview:-1"},"canonical":"https:\/\/portal.schaffenburg.nl\/de\/produkt\/tambourpuff\/","og_locale":"de_DE","og_type":"article","og_title":"Tambourpuff - Schaffenburg","og_description":"Tambour ist ein brillantes Produkt, um die stressige Atmosph\u00e4re am Arbeitsplatz aufzulockern und ihn mit kr\u00e4ftigen Farben zu verwandeln. Die Hocker und Couchtische von Tambour, ob standardm\u00e4\u00dfig oder auf Rollen, werden mit ihrem charmanten Stil die Dynamik jeder Umgebung verst\u00e4rken. Erh\u00e4ltlich in 4 Modellen: O1, O2, Y1 und Y2. Erh\u00e4ltlich in Camira Blazer und Stoff [&hellip;]","og_url":"https:\/\/portal.schaffenburg.nl\/de\/produkt\/tambourpuff\/","og_site_name":"Schaffenburg","article_modified_time":"2019-02-12T09:54:12+00:00","og_image":[{"width":966,"height":837,"url":"https:\/\/portal.schaffenburg.nl\/wp-content\/uploads\/2024\/09\/tambour-o3.jpg?wsr","type":"image\/jpeg"}],"twitter_card":"summary_large_image","twitter_misc":{"Gesch\u00e4tzte Lesezeit":"1\u00a0Minute"},"schema":{"@context":"https:\/\/schema.org","@graph":[{"@type":"WebPage","@id":"https:\/\/portal.schaffenburg.nl\/de\/produkt\/tambourpuff\/","url":"https:\/\/portal.schaffenburg.nl\/de\/produkt\/tambourpuff\/","name":"Tambourpuff - Schaffenburg","isPartOf":{"@id":"https:\/\/portal.schaffenburg.nl\/de\/#website"},"primaryImageOfPage":{"@id":"https:\/\/portal.schaffenburg.nl\/de\/produkt\/tambourpuff\/#primaryimage"},"image":{"@id":"https:\/\/portal.schaffenburg.nl\/de\/produkt\/tambourpuff\/#primaryimage"},"thumbnailUrl":"https:\/\/portal.schaffenburg.nl\/wp-content\/uploads\/2024\/09\/tambour-o3.jpg?wsr","datePublished":"2019-02-12T07:54:12+00:00","dateModified":"2019-02-12T09:54:12+00:00","breadcrumb":{"@id":"https:\/\/portal.schaffenburg.nl\/de\/produkt\/tambourpuff\/#breadcrumb"},"inLanguage":"de","potentialAction":[{"@type":"ReadAction","target":["https:\/\/portal.schaffenburg.nl\/de\/produkt\/tambourpuff\/"]}]},{"@type":"ImageObject","inLanguage":"de","@id":"https:\/\/portal.schaffenburg.nl\/de\/produkt\/tambourpuff\/#primaryimage","url":"https:\/\/portal.schaffenburg.nl\/wp-content\/uploads\/2024\/09\/tambour-o3.jpg?wsr","contentUrl":"https:\/\/portal.schaffenburg.nl\/wp-content\/uploads\/2024\/09\/tambour-o3.jpg?wsr","width":966,"height":837},{"@type":"BreadcrumbList","@id":"https:\/\/portal.schaffenburg.nl\/de\/produkt\/tambourpuff\/#breadcrumb","itemListElement":[{"@type":"ListItem","position":1,"name":"Home","item":"https:\/\/portal.schaffenburg.nl\/de\/"},{"@type":"ListItem","position":2,"name":"Tambourpuff"}]},{"@type":"WebSite","@id":"https:\/\/portal.schaffenburg.nl\/de\/#website","url":"https:\/\/portal.schaffenburg.nl\/de\/","name":"Schaffenburg","description":"","potentialAction":[{"@type":"SearchAction","target":{"@type":"EntryPoint","urlTemplate":"https:\/\/portal.schaffenburg.nl\/de\/?s={search_term_string}"},"query-input":{"@type":"PropertyValueSpecification","valueRequired":true,"valueName":"search_term_string"}}],"inLanguage":"de"}]}},"_links":{"self":[{"href":"https:\/\/portal.schaffenburg.nl\/de\/wp-json\/wp\/v2\/product\/29560","targetHints":{"allow":["GET"]}}],"collection":[{"href":"https:\/\/portal.schaffenburg.nl\/de\/wp-json\/wp\/v2\/product"}],"about":[{"href":"https:\/\/portal.schaffenburg.nl\/de\/wp-json\/wp\/v2\/types\/product"}],"replies":[{"embeddable":true,"href":"https:\/\/portal.schaffenburg.nl\/de\/wp-json\/wp\/v2\/comments?post=29560"}],"wp:featuredmedia":[{"embeddable":true,"href":"https:\/\/portal.schaffenburg.nl\/de\/wp-json\/wp\/v2\/media\/22958"}],"wp:attachment":[{"href":"https:\/\/portal.schaffenburg.nl\/de\/wp-json\/wp\/v2\/media?parent=29560"}],"wp:term":[{"taxonomy":"product_brand","embeddable":true,"href":"https:\/\/portal.schaffenburg.nl\/de\/wp-json\/wp\/v2\/product_brand?post=29560"},{"taxonomy":"product_cat","embeddable":true,"href":"https:\/\/portal.schaffenburg.nl\/de\/wp-json\/wp\/v2\/product_cat?post=29560"},{"taxonomy":"product_tag","embeddable":true,"href":"https:\/\/portal.schaffenburg.nl\/de\/wp-json\/wp\/v2\/product_tag?post=29560"}],"curies":[{"name":"wp","href":"https:\/\/api.w.org\/{rel}","templated":true}]}}