{"id":29582,"date":"2019-02-12T10:05:39","date_gmt":"2019-02-12T08:05:39","guid":{"rendered":"https:\/\/staging-schaffenburg.nl\/product\/trapez\/"},"modified":"2019-02-12T10:05:39","modified_gmt":"2019-02-12T10:05:39","slug":"trapez","status":"publish","type":"product","link":"https:\/\/portal.schaffenburg.nl\/de\/produkt\/trapez\/","title":{"rendered":"Trapez"},"content":{"rendered":"Der Trapeze, ein modulares Sitzsystem mit Zubeh\u00f6r. Mit seinem dynamischen Stil, den witzigen Formen und farbenfrohen Kombinationen bringt das Trapeze frischen Wind in die B\u00fcros. Sein flexibles und dynamisches Design bietet modulare und spielerische L\u00f6sungen.  \n&nbsp;\n<ul>\n<li>Verf\u00fcgbar in 7 Modellen.<\/li>\n<li>\n<table>\n<tbody>\n<tr>\n<td width=\"100\">  Abmessungen<\/td>\n<td width=\"300\"><\/td>\n<td width=\"80\"><\/td>\n<td width=\"80\"><\/td>\n<td width=\"80\"><\/td>\n<\/tr>\n<tr>\n<td width=\"80\"> MOD-1<\/td>\n<td width=\"100\">Zwischenmodul klein<\/td>\n<td width=\"80\">55 x<\/td>\n<td width=\"80\">50 x<\/td>\n<td width=\"80\">43 cm<\/td>\n<\/tr>\n<tr>\n<td width=\"80\"> MOD-2<\/td>\n<td width=\"100\">Endmodul klein<\/td>\n<td width=\"80\">50 x<\/td>\n<td width=\"80\">50 x<\/td>\n<td width=\"80\">43 cm<\/td>\n<\/tr>\n<tr>\n<td width=\"80\"> MOD-3<\/td>\n<td width=\"100\">Zwischenmodul gro\u00df<\/td>\n<td width=\"80\">125 x<\/td>\n<td width=\"80\">50 x<\/td>\n<td width=\"80\">43 cm<\/td>\n<\/tr>\n<tr>\n<td width=\"80\"> MOD-4<\/td>\n<td width=\"100\">Endmodul gro\u00df<\/td>\n<td width=\"80\">120 x<\/td>\n<td width=\"80\">50 x<\/td>\n<td width=\"80\">43 cm<\/td>\n<\/tr>\n<tr>\n<td width=\"80\"> MOD-5<\/td>\n<td width=\"100\">Modul klein + Tisch + Powerdock<\/td>\n<td width=\"80\">35 x<\/td>\n<td width=\"80\">50 x<\/td>\n<td width=\"80\">65 cm<\/td>\n<\/tr>\n<tr>\n<td width=\"80\"> MOD-6<\/td>\n<td width=\"100\">Modul klein + Bildschirm<\/td>\n<td width=\"80\">\u00d8 75 x<\/td>\n<td width=\"80\"><\/td>\n<td width=\"80\">136 cm<\/td>\n<\/tr>\n<tr>\n<td width=\"80\"> MOD-7<\/td>\n<td width=\"100\">Modul klein + stabiler Metalltisch<\/td>\n<td width=\"80\">30 x<\/td>\n<td width=\"80\">50 x<\/td>\n<td width=\"80\">56 cm<\/td>\n<\/tr>\n<tr>\n<td width=\"80\"> SCHAAKSET<\/td>\n<td width=\"100\">Stoffschachbrett mit Holzfiguren<\/td>\n<td width=\"80\">40 x<\/td>\n<td width=\"80\">90 cm<\/td>\n<\/tr>\n<\/tbody>\n<\/table>\n<\/li>\n<li>Erh\u00e4ltlich in Camira Blazer und Stoff AE.<\/li>\n<li>Der Rahmen ist in 6 Farben erh\u00e4ltlich.<\/li>\n<li>Rumpf: Buchenholzkonstruktion kombiniert mit 18mm OSB und 18mm Spanplatten.<\/li>\n<li>F\u00fc\u00dfe: 30 mm hoch mit 4 Kunststofff\u00fc\u00dfen.<\/li>\n<li>Sitz: 42SG Schaumstoff.<\/li>\n<li>Anschluss: verdeckte Stahlverbindungen.<\/li>\n<\/ul>\nDesigner: <a href=\"https:\/\/www.schaffenburg.com\/designer-ece\/\" target=\"_blank\" rel=\"noopener noreferrer\">Ece Yal\u0131m Design Studio<\/a>\n&nbsp;\n","protected":false},"excerpt":{"rendered":"<p>Der Trapeze, ein modulares Sitzsystem mit Zubeh\u00f6r. Mit seinem dynamischen Stil, den witzigen Formen und farbenfrohen Kombinationen bringt das Trapeze frischen Wind in die B\u00fcros. Sein flexibles und dynamisches Design bietet modulare und spielerische L\u00f6sungen. &nbsp; Verf\u00fcgbar in 7 Modellen. Abmessungen MOD-1 Zwischenmodul klein 55 x 50 x 43 cm MOD-2 Endmodul klein 50 x [&hellip;]<\/p>\n","protected":false},"featured_media":22968,"comment_status":"closed","ping_status":"closed","template":"","meta":{"_acf_changed":false},"product_brand":[],"product_cat":[2138,2137,2139],"product_tag":[],"class_list":{"0":"post-29582","1":"product","2":"type-product","3":"status-publish","4":"has-post-thumbnail","6":"product_cat-faulenzen-und-treffen","7":"product_cat-projekte","8":"product_cat-weiche-sitzgelegenheiten","9":"pa_model-product-modell-1","10":"pa_model-product-modell-2","11":"pa_model-product-modell-3","12":"pa_model-product-modell-4","13":"pa_model-product-modell-5","14":"pa_model-product-modell-6","15":"pa_model-product-modell-7","16":"pa_stofgroepen-camira-blazer-de","17":"pa_stofgroepen-substanzgruppe-a","19":"first","20":"instock","21":"product-type-variable"},"acf":{"downloads":null},"yoast_head":"<!-- This site is optimized with the Yoast SEO plugin v26.7 - https:\/\/yoast.com\/wordpress\/plugins\/seo\/ -->\n<title>Trapez - Schaffenburg<\/title>\n<meta name=\"robots\" content=\"index, follow, max-snippet:-1, max-image-preview:large, max-video-preview:-1\" \/>\n<link rel=\"canonical\" href=\"https:\/\/portal.schaffenburg.nl\/de\/produkt\/trapez\/\" \/>\n<meta property=\"og:locale\" content=\"de_DE\" \/>\n<meta property=\"og:type\" content=\"article\" \/>\n<meta property=\"og:title\" content=\"Trapez - Schaffenburg\" \/>\n<meta property=\"og:description\" content=\"Der Trapeze, ein modulares Sitzsystem mit Zubeh\u00f6r. Mit seinem dynamischen Stil, den witzigen Formen und farbenfrohen Kombinationen bringt das Trapeze frischen Wind in die B\u00fcros. Sein flexibles und dynamisches Design bietet modulare und spielerische L\u00f6sungen. &nbsp; Verf\u00fcgbar in 7 Modellen. Abmessungen MOD-1 Zwischenmodul klein 55 x 50 x 43 cm MOD-2 Endmodul klein 50 x [&hellip;]\" \/>\n<meta property=\"og:url\" content=\"https:\/\/portal.schaffenburg.nl\/de\/produkt\/trapez\/\" \/>\n<meta property=\"og:site_name\" content=\"Schaffenburg\" \/>\n<meta property=\"article:modified_time\" content=\"2019-02-12T10:05:39+00:00\" \/>\n<meta property=\"og:image\" content=\"https:\/\/portal.schaffenburg.nl\/wp-content\/uploads\/2024\/09\/trapeze-1.jpg?wsr\" \/>\n\t<meta property=\"og:image:width\" content=\"1400\" \/>\n\t<meta property=\"og:image:height\" content=\"1400\" \/>\n\t<meta property=\"og:image:type\" content=\"image\/jpeg\" \/>\n<meta name=\"twitter:card\" content=\"summary_large_image\" \/>\n<meta name=\"twitter:label1\" content=\"Gesch\u00e4tzte Lesezeit\" \/>\n\t<meta name=\"twitter:data1\" content=\"1\u00a0Minute\" \/>\n<script type=\"application\/ld+json\" class=\"yoast-schema-graph\">{\"@context\":\"https:\/\/schema.org\",\"@graph\":[{\"@type\":\"WebPage\",\"@id\":\"https:\/\/portal.schaffenburg.nl\/de\/produkt\/trapez\/\",\"url\":\"https:\/\/portal.schaffenburg.nl\/de\/produkt\/trapez\/\",\"name\":\"Trapez - Schaffenburg\",\"isPartOf\":{\"@id\":\"https:\/\/portal.schaffenburg.nl\/de\/#website\"},\"primaryImageOfPage\":{\"@id\":\"https:\/\/portal.schaffenburg.nl\/de\/produkt\/trapez\/#primaryimage\"},\"image\":{\"@id\":\"https:\/\/portal.schaffenburg.nl\/de\/produkt\/trapez\/#primaryimage\"},\"thumbnailUrl\":\"https:\/\/portal.schaffenburg.nl\/wp-content\/uploads\/2024\/09\/trapeze-1.jpg?wsr\",\"datePublished\":\"2019-02-12T08:05:39+00:00\",\"dateModified\":\"2019-02-12T10:05:39+00:00\",\"breadcrumb\":{\"@id\":\"https:\/\/portal.schaffenburg.nl\/de\/produkt\/trapez\/#breadcrumb\"},\"inLanguage\":\"de\",\"potentialAction\":[{\"@type\":\"ReadAction\",\"target\":[\"https:\/\/portal.schaffenburg.nl\/de\/produkt\/trapez\/\"]}]},{\"@type\":\"ImageObject\",\"inLanguage\":\"de\",\"@id\":\"https:\/\/portal.schaffenburg.nl\/de\/produkt\/trapez\/#primaryimage\",\"url\":\"https:\/\/portal.schaffenburg.nl\/wp-content\/uploads\/2024\/09\/trapeze-1.jpg?wsr\",\"contentUrl\":\"https:\/\/portal.schaffenburg.nl\/wp-content\/uploads\/2024\/09\/trapeze-1.jpg?wsr\",\"width\":1400,\"height\":1400},{\"@type\":\"BreadcrumbList\",\"@id\":\"https:\/\/portal.schaffenburg.nl\/de\/produkt\/trapez\/#breadcrumb\",\"itemListElement\":[{\"@type\":\"ListItem\",\"position\":1,\"name\":\"Home\",\"item\":\"https:\/\/portal.schaffenburg.nl\/de\/\"},{\"@type\":\"ListItem\",\"position\":2,\"name\":\"Trapez\"}]},{\"@type\":\"WebSite\",\"@id\":\"https:\/\/portal.schaffenburg.nl\/de\/#website\",\"url\":\"https:\/\/portal.schaffenburg.nl\/de\/\",\"name\":\"Schaffenburg\",\"description\":\"\",\"potentialAction\":[{\"@type\":\"SearchAction\",\"target\":{\"@type\":\"EntryPoint\",\"urlTemplate\":\"https:\/\/portal.schaffenburg.nl\/de\/?s={search_term_string}\"},\"query-input\":{\"@type\":\"PropertyValueSpecification\",\"valueRequired\":true,\"valueName\":\"search_term_string\"}}],\"inLanguage\":\"de\"}]}<\/script>\n<!-- \/ Yoast SEO plugin. -->","yoast_head_json":{"title":"Trapez - Schaffenburg","robots":{"index":"index","follow":"follow","max-snippet":"max-snippet:-1","max-image-preview":"max-image-preview:large","max-video-preview":"max-video-preview:-1"},"canonical":"https:\/\/portal.schaffenburg.nl\/de\/produkt\/trapez\/","og_locale":"de_DE","og_type":"article","og_title":"Trapez - Schaffenburg","og_description":"Der Trapeze, ein modulares Sitzsystem mit Zubeh\u00f6r. Mit seinem dynamischen Stil, den witzigen Formen und farbenfrohen Kombinationen bringt das Trapeze frischen Wind in die B\u00fcros. Sein flexibles und dynamisches Design bietet modulare und spielerische L\u00f6sungen. &nbsp; Verf\u00fcgbar in 7 Modellen. Abmessungen MOD-1 Zwischenmodul klein 55 x 50 x 43 cm MOD-2 Endmodul klein 50 x [&hellip;]","og_url":"https:\/\/portal.schaffenburg.nl\/de\/produkt\/trapez\/","og_site_name":"Schaffenburg","article_modified_time":"2019-02-12T10:05:39+00:00","og_image":[{"width":1400,"height":1400,"url":"https:\/\/portal.schaffenburg.nl\/wp-content\/uploads\/2024\/09\/trapeze-1.jpg?wsr","type":"image\/jpeg"}],"twitter_card":"summary_large_image","twitter_misc":{"Gesch\u00e4tzte Lesezeit":"1\u00a0Minute"},"schema":{"@context":"https:\/\/schema.org","@graph":[{"@type":"WebPage","@id":"https:\/\/portal.schaffenburg.nl\/de\/produkt\/trapez\/","url":"https:\/\/portal.schaffenburg.nl\/de\/produkt\/trapez\/","name":"Trapez - Schaffenburg","isPartOf":{"@id":"https:\/\/portal.schaffenburg.nl\/de\/#website"},"primaryImageOfPage":{"@id":"https:\/\/portal.schaffenburg.nl\/de\/produkt\/trapez\/#primaryimage"},"image":{"@id":"https:\/\/portal.schaffenburg.nl\/de\/produkt\/trapez\/#primaryimage"},"thumbnailUrl":"https:\/\/portal.schaffenburg.nl\/wp-content\/uploads\/2024\/09\/trapeze-1.jpg?wsr","datePublished":"2019-02-12T08:05:39+00:00","dateModified":"2019-02-12T10:05:39+00:00","breadcrumb":{"@id":"https:\/\/portal.schaffenburg.nl\/de\/produkt\/trapez\/#breadcrumb"},"inLanguage":"de","potentialAction":[{"@type":"ReadAction","target":["https:\/\/portal.schaffenburg.nl\/de\/produkt\/trapez\/"]}]},{"@type":"ImageObject","inLanguage":"de","@id":"https:\/\/portal.schaffenburg.nl\/de\/produkt\/trapez\/#primaryimage","url":"https:\/\/portal.schaffenburg.nl\/wp-content\/uploads\/2024\/09\/trapeze-1.jpg?wsr","contentUrl":"https:\/\/portal.schaffenburg.nl\/wp-content\/uploads\/2024\/09\/trapeze-1.jpg?wsr","width":1400,"height":1400},{"@type":"BreadcrumbList","@id":"https:\/\/portal.schaffenburg.nl\/de\/produkt\/trapez\/#breadcrumb","itemListElement":[{"@type":"ListItem","position":1,"name":"Home","item":"https:\/\/portal.schaffenburg.nl\/de\/"},{"@type":"ListItem","position":2,"name":"Trapez"}]},{"@type":"WebSite","@id":"https:\/\/portal.schaffenburg.nl\/de\/#website","url":"https:\/\/portal.schaffenburg.nl\/de\/","name":"Schaffenburg","description":"","potentialAction":[{"@type":"SearchAction","target":{"@type":"EntryPoint","urlTemplate":"https:\/\/portal.schaffenburg.nl\/de\/?s={search_term_string}"},"query-input":{"@type":"PropertyValueSpecification","valueRequired":true,"valueName":"search_term_string"}}],"inLanguage":"de"}]}},"_links":{"self":[{"href":"https:\/\/portal.schaffenburg.nl\/de\/wp-json\/wp\/v2\/product\/29582","targetHints":{"allow":["GET"]}}],"collection":[{"href":"https:\/\/portal.schaffenburg.nl\/de\/wp-json\/wp\/v2\/product"}],"about":[{"href":"https:\/\/portal.schaffenburg.nl\/de\/wp-json\/wp\/v2\/types\/product"}],"replies":[{"embeddable":true,"href":"https:\/\/portal.schaffenburg.nl\/de\/wp-json\/wp\/v2\/comments?post=29582"}],"wp:featuredmedia":[{"embeddable":true,"href":"https:\/\/portal.schaffenburg.nl\/de\/wp-json\/wp\/v2\/media\/22968"}],"wp:attachment":[{"href":"https:\/\/portal.schaffenburg.nl\/de\/wp-json\/wp\/v2\/media?parent=29582"}],"wp:term":[{"taxonomy":"product_brand","embeddable":true,"href":"https:\/\/portal.schaffenburg.nl\/de\/wp-json\/wp\/v2\/product_brand?post=29582"},{"taxonomy":"product_cat","embeddable":true,"href":"https:\/\/portal.schaffenburg.nl\/de\/wp-json\/wp\/v2\/product_cat?post=29582"},{"taxonomy":"product_tag","embeddable":true,"href":"https:\/\/portal.schaffenburg.nl\/de\/wp-json\/wp\/v2\/product_tag?post=29582"}],"curies":[{"name":"wp","href":"https:\/\/api.w.org\/{rel}","templated":true}]}}