{"id":29601,"date":"2019-02-20T22:53:13","date_gmt":"2019-02-20T22:53:13","guid":{"rendered":"https:\/\/staging-schaffenburg.nl\/product\/solo-kunst-x\/"},"modified":"2019-02-20T22:53:13","modified_gmt":"2019-02-20T22:53:13","slug":"solo-kunst-x","status":"publish","type":"product","link":"https:\/\/portal.schaffenburg.nl\/de\/produkt\/solo-kunst-x\/","title":{"rendered":"Solo Kunst X"},"content":{"rendered":"Das Ece Yalim Design Studio hat den Solo-Art entworfen, um B\u00fcros und Wartebereichen eine andere Note zu verleihen. Zusammen mit der gro\u00dfen Auswahl an Farben und Stoffen erg\u00e4nzt der Solo-Art die \u00c4sthetik des Raumes mit verschiedenen Nutzungsm\u00f6glichkeiten. \n&nbsp;\n<ul>\n<li>Erh\u00e4ltlich in 4 Modellen.<\/li>\n<li>Abmessungen Modell x1: 75 x 74 x 67 cm<\/li>\n<li>Abmessungen Modell x2, x3 &amp; x4: 87 x 74 x 72 cm<\/li>\n<li>Sitzh\u00f6he: 42 cm<\/li>\n<li>Sockel aus Chrom.<\/li>\n<li>Sitz und R\u00fcckenlehne sind mit dem hochwertigen Camira-Stoff Blazer bezogen.<\/li>\n<li>Andere Stoffe sind auf Anfrage erh\u00e4ltlich.<\/li>\n<\/ul>\nDesigner: <a href=\"https:\/\/www.schaffenburg.com\/designer-ece\/\" target=\"_blank\" rel=\"noopener noreferrer\">Ece Yal\u0131m Design Studio<\/a>\n&nbsp;\n","protected":false},"excerpt":{"rendered":"<p>Das Ece Yalim Design Studio hat den Solo-Art entworfen, um B\u00fcros und Wartebereichen eine andere Note zu verleihen. Zusammen mit der gro\u00dfen Auswahl an Farben und Stoffen erg\u00e4nzt der Solo-Art die \u00c4sthetik des Raumes mit verschiedenen Nutzungsm\u00f6glichkeiten. &nbsp; Erh\u00e4ltlich in 4 Modellen. Abmessungen Modell x1: 75 x 74 x 67 cm Abmessungen Modell x2, x3 [&hellip;]<\/p>\n","protected":false},"featured_media":23004,"comment_status":"closed","ping_status":"closed","template":"","meta":{"_acf_changed":false},"product_brand":[],"product_cat":[2138,2137,2139],"product_tag":[],"class_list":{"0":"post-29601","1":"product","2":"type-product","3":"status-publish","4":"has-post-thumbnail","6":"product_cat-faulenzen-und-treffen","7":"product_cat-projekte","8":"product_cat-weiche-sitzgelegenheiten","9":"pa_model-product-x1-de","10":"pa_model-product-x2-de","11":"pa_model-product-x3-de","12":"pa_model-product-x4-de","13":"pa_stofgroepen-camira-blazer-de","15":"first","16":"instock","17":"product-type-variable"},"acf":{"downloads":null},"yoast_head":"<!-- This site is optimized with the Yoast SEO plugin v26.7 - https:\/\/yoast.com\/wordpress\/plugins\/seo\/ -->\n<title>Solo Kunst X - Schaffenburg<\/title>\n<meta name=\"robots\" content=\"index, follow, max-snippet:-1, max-image-preview:large, max-video-preview:-1\" \/>\n<link rel=\"canonical\" href=\"https:\/\/portal.schaffenburg.nl\/de\/produkt\/solo-kunst-x\/\" \/>\n<meta property=\"og:locale\" content=\"de_DE\" \/>\n<meta property=\"og:type\" content=\"article\" \/>\n<meta property=\"og:title\" content=\"Solo Kunst X - Schaffenburg\" \/>\n<meta property=\"og:description\" content=\"Das Ece Yalim Design Studio hat den Solo-Art entworfen, um B\u00fcros und Wartebereichen eine andere Note zu verleihen. Zusammen mit der gro\u00dfen Auswahl an Farben und Stoffen erg\u00e4nzt der Solo-Art die \u00c4sthetik des Raumes mit verschiedenen Nutzungsm\u00f6glichkeiten. &nbsp; Erh\u00e4ltlich in 4 Modellen. Abmessungen Modell x1: 75 x 74 x 67 cm Abmessungen Modell x2, x3 [&hellip;]\" \/>\n<meta property=\"og:url\" content=\"https:\/\/portal.schaffenburg.nl\/de\/produkt\/solo-kunst-x\/\" \/>\n<meta property=\"og:site_name\" content=\"Schaffenburg\" \/>\n<meta property=\"og:image\" content=\"https:\/\/portal.schaffenburg.nl\/wp-content\/uploads\/2024\/09\/solo-art-x2.jpg?wsr\" \/>\n\t<meta property=\"og:image:width\" content=\"322\" \/>\n\t<meta property=\"og:image:height\" content=\"322\" \/>\n\t<meta property=\"og:image:type\" content=\"image\/jpeg\" \/>\n<meta name=\"twitter:card\" content=\"summary_large_image\" \/>\n<script type=\"application\/ld+json\" class=\"yoast-schema-graph\">{\"@context\":\"https:\/\/schema.org\",\"@graph\":[{\"@type\":\"WebPage\",\"@id\":\"https:\/\/portal.schaffenburg.nl\/de\/produkt\/solo-kunst-x\/\",\"url\":\"https:\/\/portal.schaffenburg.nl\/de\/produkt\/solo-kunst-x\/\",\"name\":\"Solo Kunst X - Schaffenburg\",\"isPartOf\":{\"@id\":\"https:\/\/portal.schaffenburg.nl\/de\/#website\"},\"primaryImageOfPage\":{\"@id\":\"https:\/\/portal.schaffenburg.nl\/de\/produkt\/solo-kunst-x\/#primaryimage\"},\"image\":{\"@id\":\"https:\/\/portal.schaffenburg.nl\/de\/produkt\/solo-kunst-x\/#primaryimage\"},\"thumbnailUrl\":\"https:\/\/portal.schaffenburg.nl\/wp-content\/uploads\/2024\/09\/solo-art-x2.jpg?wsr\",\"datePublished\":\"2019-02-20T22:53:13+00:00\",\"breadcrumb\":{\"@id\":\"https:\/\/portal.schaffenburg.nl\/de\/produkt\/solo-kunst-x\/#breadcrumb\"},\"inLanguage\":\"de\",\"potentialAction\":[{\"@type\":\"ReadAction\",\"target\":[\"https:\/\/portal.schaffenburg.nl\/de\/produkt\/solo-kunst-x\/\"]}]},{\"@type\":\"ImageObject\",\"inLanguage\":\"de\",\"@id\":\"https:\/\/portal.schaffenburg.nl\/de\/produkt\/solo-kunst-x\/#primaryimage\",\"url\":\"https:\/\/portal.schaffenburg.nl\/wp-content\/uploads\/2024\/09\/solo-art-x2.jpg?wsr\",\"contentUrl\":\"https:\/\/portal.schaffenburg.nl\/wp-content\/uploads\/2024\/09\/solo-art-x2.jpg?wsr\",\"width\":322,\"height\":322},{\"@type\":\"BreadcrumbList\",\"@id\":\"https:\/\/portal.schaffenburg.nl\/de\/produkt\/solo-kunst-x\/#breadcrumb\",\"itemListElement\":[{\"@type\":\"ListItem\",\"position\":1,\"name\":\"Home\",\"item\":\"https:\/\/portal.schaffenburg.nl\/de\/\"},{\"@type\":\"ListItem\",\"position\":2,\"name\":\"Solo Kunst X\"}]},{\"@type\":\"WebSite\",\"@id\":\"https:\/\/portal.schaffenburg.nl\/de\/#website\",\"url\":\"https:\/\/portal.schaffenburg.nl\/de\/\",\"name\":\"Schaffenburg\",\"description\":\"\",\"potentialAction\":[{\"@type\":\"SearchAction\",\"target\":{\"@type\":\"EntryPoint\",\"urlTemplate\":\"https:\/\/portal.schaffenburg.nl\/de\/?s={search_term_string}\"},\"query-input\":{\"@type\":\"PropertyValueSpecification\",\"valueRequired\":true,\"valueName\":\"search_term_string\"}}],\"inLanguage\":\"de\"}]}<\/script>\n<!-- \/ Yoast SEO plugin. -->","yoast_head_json":{"title":"Solo Kunst X - Schaffenburg","robots":{"index":"index","follow":"follow","max-snippet":"max-snippet:-1","max-image-preview":"max-image-preview:large","max-video-preview":"max-video-preview:-1"},"canonical":"https:\/\/portal.schaffenburg.nl\/de\/produkt\/solo-kunst-x\/","og_locale":"de_DE","og_type":"article","og_title":"Solo Kunst X - Schaffenburg","og_description":"Das Ece Yalim Design Studio hat den Solo-Art entworfen, um B\u00fcros und Wartebereichen eine andere Note zu verleihen. Zusammen mit der gro\u00dfen Auswahl an Farben und Stoffen erg\u00e4nzt der Solo-Art die \u00c4sthetik des Raumes mit verschiedenen Nutzungsm\u00f6glichkeiten. &nbsp; Erh\u00e4ltlich in 4 Modellen. Abmessungen Modell x1: 75 x 74 x 67 cm Abmessungen Modell x2, x3 [&hellip;]","og_url":"https:\/\/portal.schaffenburg.nl\/de\/produkt\/solo-kunst-x\/","og_site_name":"Schaffenburg","og_image":[{"width":322,"height":322,"url":"https:\/\/portal.schaffenburg.nl\/wp-content\/uploads\/2024\/09\/solo-art-x2.jpg?wsr","type":"image\/jpeg"}],"twitter_card":"summary_large_image","schema":{"@context":"https:\/\/schema.org","@graph":[{"@type":"WebPage","@id":"https:\/\/portal.schaffenburg.nl\/de\/produkt\/solo-kunst-x\/","url":"https:\/\/portal.schaffenburg.nl\/de\/produkt\/solo-kunst-x\/","name":"Solo Kunst X - Schaffenburg","isPartOf":{"@id":"https:\/\/portal.schaffenburg.nl\/de\/#website"},"primaryImageOfPage":{"@id":"https:\/\/portal.schaffenburg.nl\/de\/produkt\/solo-kunst-x\/#primaryimage"},"image":{"@id":"https:\/\/portal.schaffenburg.nl\/de\/produkt\/solo-kunst-x\/#primaryimage"},"thumbnailUrl":"https:\/\/portal.schaffenburg.nl\/wp-content\/uploads\/2024\/09\/solo-art-x2.jpg?wsr","datePublished":"2019-02-20T22:53:13+00:00","breadcrumb":{"@id":"https:\/\/portal.schaffenburg.nl\/de\/produkt\/solo-kunst-x\/#breadcrumb"},"inLanguage":"de","potentialAction":[{"@type":"ReadAction","target":["https:\/\/portal.schaffenburg.nl\/de\/produkt\/solo-kunst-x\/"]}]},{"@type":"ImageObject","inLanguage":"de","@id":"https:\/\/portal.schaffenburg.nl\/de\/produkt\/solo-kunst-x\/#primaryimage","url":"https:\/\/portal.schaffenburg.nl\/wp-content\/uploads\/2024\/09\/solo-art-x2.jpg?wsr","contentUrl":"https:\/\/portal.schaffenburg.nl\/wp-content\/uploads\/2024\/09\/solo-art-x2.jpg?wsr","width":322,"height":322},{"@type":"BreadcrumbList","@id":"https:\/\/portal.schaffenburg.nl\/de\/produkt\/solo-kunst-x\/#breadcrumb","itemListElement":[{"@type":"ListItem","position":1,"name":"Home","item":"https:\/\/portal.schaffenburg.nl\/de\/"},{"@type":"ListItem","position":2,"name":"Solo Kunst X"}]},{"@type":"WebSite","@id":"https:\/\/portal.schaffenburg.nl\/de\/#website","url":"https:\/\/portal.schaffenburg.nl\/de\/","name":"Schaffenburg","description":"","potentialAction":[{"@type":"SearchAction","target":{"@type":"EntryPoint","urlTemplate":"https:\/\/portal.schaffenburg.nl\/de\/?s={search_term_string}"},"query-input":{"@type":"PropertyValueSpecification","valueRequired":true,"valueName":"search_term_string"}}],"inLanguage":"de"}]}},"_links":{"self":[{"href":"https:\/\/portal.schaffenburg.nl\/de\/wp-json\/wp\/v2\/product\/29601","targetHints":{"allow":["GET"]}}],"collection":[{"href":"https:\/\/portal.schaffenburg.nl\/de\/wp-json\/wp\/v2\/product"}],"about":[{"href":"https:\/\/portal.schaffenburg.nl\/de\/wp-json\/wp\/v2\/types\/product"}],"replies":[{"embeddable":true,"href":"https:\/\/portal.schaffenburg.nl\/de\/wp-json\/wp\/v2\/comments?post=29601"}],"wp:featuredmedia":[{"embeddable":true,"href":"https:\/\/portal.schaffenburg.nl\/de\/wp-json\/wp\/v2\/media\/23004"}],"wp:attachment":[{"href":"https:\/\/portal.schaffenburg.nl\/de\/wp-json\/wp\/v2\/media?parent=29601"}],"wp:term":[{"taxonomy":"product_brand","embeddable":true,"href":"https:\/\/portal.schaffenburg.nl\/de\/wp-json\/wp\/v2\/product_brand?post=29601"},{"taxonomy":"product_cat","embeddable":true,"href":"https:\/\/portal.schaffenburg.nl\/de\/wp-json\/wp\/v2\/product_cat?post=29601"},{"taxonomy":"product_tag","embeddable":true,"href":"https:\/\/portal.schaffenburg.nl\/de\/wp-json\/wp\/v2\/product_tag?post=29601"}],"curies":[{"name":"wp","href":"https:\/\/api.w.org\/{rel}","templated":true}]}}