{"id":29623,"date":"2019-02-21T09:55:16","date_gmt":"2019-02-21T07:55:16","guid":{"rendered":"https:\/\/staging-schaffenburg.nl\/product\/cubo-slim\/"},"modified":"2019-02-21T09:55:16","modified_gmt":"2019-02-21T09:55:16","slug":"cubo-slim","status":"publish","type":"product","link":"https:\/\/portal.schaffenburg.nl\/de\/produkt\/cubo-slim\/","title":{"rendered":"Cubo Slim"},"content":{"rendered":"<ul>\n<li>Erh\u00e4ltlich in zwei Gr\u00f6\u00dfen (80\u00d780 cm \/ 40\u00d740 cm).<\/li>\n<li>Feste H\u00f6he. Bei 80&#215;80 cm ist er 40 cm und bei 40&#215;40 cm ist der Tisch 50 cm hoch. <\/li>\n<li>W\u00e4hlen Sie zwischen einer Melaminplatte, klarem geh\u00e4rtetem Glas oder satiniertem Glas (8 mm).<\/li>\n<li>Das Gestell ist in 3 Farben erh\u00e4ltlich: Schwarz, Wei\u00df und Aluminium.<\/li>\n<\/ul>\nDesigner: <a href=\"https:\/\/www.schaffenburg.nl\/designers\/philip-peerenboom\/\">Philip Peerenboom<\/a>\n","protected":false},"excerpt":{"rendered":"<p>Erh\u00e4ltlich in zwei Gr\u00f6\u00dfen (80\u00d780 cm \/ 40\u00d740 cm). Feste H\u00f6he. Bei 80&#215;80 cm ist er 40 cm und bei 40&#215;40 cm ist der Tisch 50 cm hoch. W\u00e4hlen Sie zwischen einer Melaminplatte, klarem geh\u00e4rtetem Glas oder satiniertem Glas (8 mm). Das Gestell ist in 3 Farben erh\u00e4ltlich: Schwarz, Wei\u00df und Aluminium. Designer: Philip Peerenboom<\/p>\n","protected":false},"featured_media":23030,"comment_status":"closed","ping_status":"closed","template":"","meta":{"_acf_changed":false},"product_brand":[],"product_cat":[2138,4494,4495,2137,4276],"product_tag":[],"class_list":{"0":"post-29623","1":"product","2":"type-product","3":"status-publish","4":"has-post-thumbnail","6":"product_cat-faulenzen-und-treffen","7":"product_cat-beistelltisch","8":"product_cat-beistelltische","9":"product_cat-projekte","10":"product_cat-tische","11":"pa_bladsoort-25mm-melamin","12":"pa_bladsoort-entsattigtes-glas-8mm","13":"pa_bladsoort-klares-gehartetes-glas","14":"pa_frame-kleur-aluminium-ral9006-de","15":"pa_frame-kleur-schwarz-ral9011","16":"pa_frame-kleur-weiss-ral9010","17":"pa_model-product-40x40x50cm-de","18":"pa_model-product-80x80x40cm-de","20":"first","21":"instock","22":"product-type-variable"},"acf":{"downloads":null},"yoast_head":"<!-- This site is optimized with the Yoast SEO plugin v26.7 - https:\/\/yoast.com\/wordpress\/plugins\/seo\/ -->\n<title>Cubo Slim - Schaffenburg<\/title>\n<meta name=\"robots\" content=\"index, follow, max-snippet:-1, max-image-preview:large, max-video-preview:-1\" \/>\n<link rel=\"canonical\" href=\"https:\/\/portal.schaffenburg.nl\/de\/produkt\/cubo-slim\/\" \/>\n<meta property=\"og:locale\" content=\"de_DE\" \/>\n<meta property=\"og:type\" content=\"article\" \/>\n<meta property=\"og:title\" content=\"Cubo Slim - Schaffenburg\" \/>\n<meta property=\"og:description\" content=\"Erh\u00e4ltlich in zwei Gr\u00f6\u00dfen (80\u00d780 cm \/ 40\u00d740 cm). Feste H\u00f6he. Bei 80&#215;80 cm ist er 40 cm und bei 40&#215;40 cm ist der Tisch 50 cm hoch. W\u00e4hlen Sie zwischen einer Melaminplatte, klarem geh\u00e4rtetem Glas oder satiniertem Glas (8 mm). Das Gestell ist in 3 Farben erh\u00e4ltlich: Schwarz, Wei\u00df und Aluminium. Designer: Philip Peerenboom\" \/>\n<meta property=\"og:url\" content=\"https:\/\/portal.schaffenburg.nl\/de\/produkt\/cubo-slim\/\" \/>\n<meta property=\"og:site_name\" content=\"Schaffenburg\" \/>\n<meta property=\"article:modified_time\" content=\"2019-02-21T09:55:16+00:00\" \/>\n<meta property=\"og:image\" content=\"https:\/\/portal.schaffenburg.nl\/wp-content\/uploads\/2024\/09\/cuboslim_80x80.jpg?wsr\" \/>\n\t<meta property=\"og:image:width\" content=\"1400\" \/>\n\t<meta property=\"og:image:height\" content=\"1400\" \/>\n\t<meta property=\"og:image:type\" content=\"image\/jpeg\" \/>\n<meta name=\"twitter:card\" content=\"summary_large_image\" \/>\n<script type=\"application\/ld+json\" class=\"yoast-schema-graph\">{\"@context\":\"https:\/\/schema.org\",\"@graph\":[{\"@type\":\"WebPage\",\"@id\":\"https:\/\/portal.schaffenburg.nl\/de\/produkt\/cubo-slim\/\",\"url\":\"https:\/\/portal.schaffenburg.nl\/de\/produkt\/cubo-slim\/\",\"name\":\"Cubo Slim - Schaffenburg\",\"isPartOf\":{\"@id\":\"https:\/\/portal.schaffenburg.nl\/de\/#website\"},\"primaryImageOfPage\":{\"@id\":\"https:\/\/portal.schaffenburg.nl\/de\/produkt\/cubo-slim\/#primaryimage\"},\"image\":{\"@id\":\"https:\/\/portal.schaffenburg.nl\/de\/produkt\/cubo-slim\/#primaryimage\"},\"thumbnailUrl\":\"https:\/\/portal.schaffenburg.nl\/wp-content\/uploads\/2024\/09\/cuboslim_80x80.jpg?wsr\",\"datePublished\":\"2019-02-21T07:55:16+00:00\",\"dateModified\":\"2019-02-21T09:55:16+00:00\",\"breadcrumb\":{\"@id\":\"https:\/\/portal.schaffenburg.nl\/de\/produkt\/cubo-slim\/#breadcrumb\"},\"inLanguage\":\"de\",\"potentialAction\":[{\"@type\":\"ReadAction\",\"target\":[\"https:\/\/portal.schaffenburg.nl\/de\/produkt\/cubo-slim\/\"]}]},{\"@type\":\"ImageObject\",\"inLanguage\":\"de\",\"@id\":\"https:\/\/portal.schaffenburg.nl\/de\/produkt\/cubo-slim\/#primaryimage\",\"url\":\"https:\/\/portal.schaffenburg.nl\/wp-content\/uploads\/2024\/09\/cuboslim_80x80.jpg?wsr\",\"contentUrl\":\"https:\/\/portal.schaffenburg.nl\/wp-content\/uploads\/2024\/09\/cuboslim_80x80.jpg?wsr\",\"width\":1400,\"height\":1400},{\"@type\":\"BreadcrumbList\",\"@id\":\"https:\/\/portal.schaffenburg.nl\/de\/produkt\/cubo-slim\/#breadcrumb\",\"itemListElement\":[{\"@type\":\"ListItem\",\"position\":1,\"name\":\"Home\",\"item\":\"https:\/\/portal.schaffenburg.nl\/de\/\"},{\"@type\":\"ListItem\",\"position\":2,\"name\":\"Cubo Slim\"}]},{\"@type\":\"WebSite\",\"@id\":\"https:\/\/portal.schaffenburg.nl\/de\/#website\",\"url\":\"https:\/\/portal.schaffenburg.nl\/de\/\",\"name\":\"Schaffenburg\",\"description\":\"\",\"potentialAction\":[{\"@type\":\"SearchAction\",\"target\":{\"@type\":\"EntryPoint\",\"urlTemplate\":\"https:\/\/portal.schaffenburg.nl\/de\/?s={search_term_string}\"},\"query-input\":{\"@type\":\"PropertyValueSpecification\",\"valueRequired\":true,\"valueName\":\"search_term_string\"}}],\"inLanguage\":\"de\"}]}<\/script>\n<!-- \/ Yoast SEO plugin. -->","yoast_head_json":{"title":"Cubo Slim - Schaffenburg","robots":{"index":"index","follow":"follow","max-snippet":"max-snippet:-1","max-image-preview":"max-image-preview:large","max-video-preview":"max-video-preview:-1"},"canonical":"https:\/\/portal.schaffenburg.nl\/de\/produkt\/cubo-slim\/","og_locale":"de_DE","og_type":"article","og_title":"Cubo Slim - Schaffenburg","og_description":"Erh\u00e4ltlich in zwei Gr\u00f6\u00dfen (80\u00d780 cm \/ 40\u00d740 cm). Feste H\u00f6he. Bei 80&#215;80 cm ist er 40 cm und bei 40&#215;40 cm ist der Tisch 50 cm hoch. W\u00e4hlen Sie zwischen einer Melaminplatte, klarem geh\u00e4rtetem Glas oder satiniertem Glas (8 mm). Das Gestell ist in 3 Farben erh\u00e4ltlich: Schwarz, Wei\u00df und Aluminium. Designer: Philip Peerenboom","og_url":"https:\/\/portal.schaffenburg.nl\/de\/produkt\/cubo-slim\/","og_site_name":"Schaffenburg","article_modified_time":"2019-02-21T09:55:16+00:00","og_image":[{"width":1400,"height":1400,"url":"https:\/\/portal.schaffenburg.nl\/wp-content\/uploads\/2024\/09\/cuboslim_80x80.jpg?wsr","type":"image\/jpeg"}],"twitter_card":"summary_large_image","schema":{"@context":"https:\/\/schema.org","@graph":[{"@type":"WebPage","@id":"https:\/\/portal.schaffenburg.nl\/de\/produkt\/cubo-slim\/","url":"https:\/\/portal.schaffenburg.nl\/de\/produkt\/cubo-slim\/","name":"Cubo Slim - Schaffenburg","isPartOf":{"@id":"https:\/\/portal.schaffenburg.nl\/de\/#website"},"primaryImageOfPage":{"@id":"https:\/\/portal.schaffenburg.nl\/de\/produkt\/cubo-slim\/#primaryimage"},"image":{"@id":"https:\/\/portal.schaffenburg.nl\/de\/produkt\/cubo-slim\/#primaryimage"},"thumbnailUrl":"https:\/\/portal.schaffenburg.nl\/wp-content\/uploads\/2024\/09\/cuboslim_80x80.jpg?wsr","datePublished":"2019-02-21T07:55:16+00:00","dateModified":"2019-02-21T09:55:16+00:00","breadcrumb":{"@id":"https:\/\/portal.schaffenburg.nl\/de\/produkt\/cubo-slim\/#breadcrumb"},"inLanguage":"de","potentialAction":[{"@type":"ReadAction","target":["https:\/\/portal.schaffenburg.nl\/de\/produkt\/cubo-slim\/"]}]},{"@type":"ImageObject","inLanguage":"de","@id":"https:\/\/portal.schaffenburg.nl\/de\/produkt\/cubo-slim\/#primaryimage","url":"https:\/\/portal.schaffenburg.nl\/wp-content\/uploads\/2024\/09\/cuboslim_80x80.jpg?wsr","contentUrl":"https:\/\/portal.schaffenburg.nl\/wp-content\/uploads\/2024\/09\/cuboslim_80x80.jpg?wsr","width":1400,"height":1400},{"@type":"BreadcrumbList","@id":"https:\/\/portal.schaffenburg.nl\/de\/produkt\/cubo-slim\/#breadcrumb","itemListElement":[{"@type":"ListItem","position":1,"name":"Home","item":"https:\/\/portal.schaffenburg.nl\/de\/"},{"@type":"ListItem","position":2,"name":"Cubo Slim"}]},{"@type":"WebSite","@id":"https:\/\/portal.schaffenburg.nl\/de\/#website","url":"https:\/\/portal.schaffenburg.nl\/de\/","name":"Schaffenburg","description":"","potentialAction":[{"@type":"SearchAction","target":{"@type":"EntryPoint","urlTemplate":"https:\/\/portal.schaffenburg.nl\/de\/?s={search_term_string}"},"query-input":{"@type":"PropertyValueSpecification","valueRequired":true,"valueName":"search_term_string"}}],"inLanguage":"de"}]}},"_links":{"self":[{"href":"https:\/\/portal.schaffenburg.nl\/de\/wp-json\/wp\/v2\/product\/29623","targetHints":{"allow":["GET"]}}],"collection":[{"href":"https:\/\/portal.schaffenburg.nl\/de\/wp-json\/wp\/v2\/product"}],"about":[{"href":"https:\/\/portal.schaffenburg.nl\/de\/wp-json\/wp\/v2\/types\/product"}],"replies":[{"embeddable":true,"href":"https:\/\/portal.schaffenburg.nl\/de\/wp-json\/wp\/v2\/comments?post=29623"}],"wp:featuredmedia":[{"embeddable":true,"href":"https:\/\/portal.schaffenburg.nl\/de\/wp-json\/wp\/v2\/media\/23030"}],"wp:attachment":[{"href":"https:\/\/portal.schaffenburg.nl\/de\/wp-json\/wp\/v2\/media?parent=29623"}],"wp:term":[{"taxonomy":"product_brand","embeddable":true,"href":"https:\/\/portal.schaffenburg.nl\/de\/wp-json\/wp\/v2\/product_brand?post=29623"},{"taxonomy":"product_cat","embeddable":true,"href":"https:\/\/portal.schaffenburg.nl\/de\/wp-json\/wp\/v2\/product_cat?post=29623"},{"taxonomy":"product_tag","embeddable":true,"href":"https:\/\/portal.schaffenburg.nl\/de\/wp-json\/wp\/v2\/product_tag?post=29623"}],"curies":[{"name":"wp","href":"https:\/\/api.w.org\/{rel}","templated":true}]}}