{"id":29710,"date":"2019-02-22T19:36:50","date_gmt":"2019-02-22T19:36:50","guid":{"rendered":"https:\/\/staging-schaffenburg.nl\/product\/frame-hochschrank\/"},"modified":"2019-02-22T19:36:50","modified_gmt":"2019-02-22T19:36:50","slug":"frame-hochschrank","status":"publish","type":"product","link":"https:\/\/portal.schaffenburg.nl\/de\/produkt\/frame-hochschrank\/","title":{"rendered":"Frame Hochschrank"},"content":{"rendered":"Frame ist ein atemberaubendes &#8218;Statement&#8216;, entworfen von Ece Yalim Design Studio. Ein Produktmix aus Schreibtischen, Konferenztischen, Schr\u00e4nken und Accessoires aus starken Metallen, warmem Naturholz und lackiertem MDF schafft eine innovative \u00c4sthetik, die ein wohnliches Gef\u00fchl mit einer modernen Note verbindet. Diese Serie wurde bereits mit 6 Design Awards ausgezeichnet.  \n<ul>\n<li>Das Schubladenelement und die Vitrinen sind mit einem schwarzen oder wei\u00dfen pulverbeschichteten Stahlrahmen erh\u00e4ltlich.<\/li>\n<li>Erh\u00e4ltlich in 3 Modellen: Hochschrank, B\u00fccherregal und B\u00fccherregal mit Schubladen.<\/li>\n<li>Ein erg\u00e4nzendes Angebot an passenden Schreibtischen und Tischen erm\u00f6glicht es dem Einrichter, eine sch\u00f6ne, ma\u00dfgeschneiderte Umgebung zu schaffen.<\/li>\n<\/ul>\nDesigner: <a href=\"https:\/\/www.schaffenburg.nl\/designers\/ece-yalim-design-studio\/\">Ece Yalim Design Studio<\/a>\n","protected":false},"excerpt":{"rendered":"<p>Frame ist ein atemberaubendes &#8218;Statement&#8216;, entworfen von Ece Yalim Design Studio. Ein Produktmix aus Schreibtischen, Konferenztischen, Schr\u00e4nken und Accessoires aus starken Metallen, warmem Naturholz und lackiertem MDF schafft eine innovative \u00c4sthetik, die ein wohnliches Gef\u00fchl mit einer modernen Note verbindet. Diese Serie wurde bereits mit 6 Design Awards ausgezeichnet. Das Schubladenelement und die Vitrinen sind [&hellip;]<\/p>\n","protected":false},"featured_media":23116,"comment_status":"closed","ping_status":"closed","template":"","meta":{"_acf_changed":false},"product_brand":[],"product_cat":[4625,2137],"product_tag":[],"class_list":{"0":"post-29710","1":"product","2":"type-product","3":"status-publish","4":"has-post-thumbnail","6":"product_cat-executive-schranke","7":"product_cat-projekte","8":"pa_model-product-bucherregal-mit-schubladen","9":"pa_model-product-doppeltes-bucherregal","10":"pa_model-product-hochschrank","12":"first","13":"instock","14":"product-type-variable"},"acf":{"downloads":null},"yoast_head":"<!-- This site is optimized with the Yoast SEO plugin v26.7 - https:\/\/yoast.com\/wordpress\/plugins\/seo\/ -->\n<title>Frame Hochschrank - Schaffenburg<\/title>\n<meta name=\"robots\" content=\"index, follow, max-snippet:-1, max-image-preview:large, max-video-preview:-1\" \/>\n<link rel=\"canonical\" href=\"https:\/\/portal.schaffenburg.nl\/de\/produkt\/frame-hochschrank\/\" \/>\n<meta property=\"og:locale\" content=\"de_DE\" \/>\n<meta property=\"og:type\" content=\"article\" \/>\n<meta property=\"og:title\" content=\"Frame Hochschrank - Schaffenburg\" \/>\n<meta property=\"og:description\" content=\"Frame ist ein atemberaubendes &#8218;Statement&#8216;, entworfen von Ece Yalim Design Studio. Ein Produktmix aus Schreibtischen, Konferenztischen, Schr\u00e4nken und Accessoires aus starken Metallen, warmem Naturholz und lackiertem MDF schafft eine innovative \u00c4sthetik, die ein wohnliches Gef\u00fchl mit einer modernen Note verbindet. Diese Serie wurde bereits mit 6 Design Awards ausgezeichnet. Das Schubladenelement und die Vitrinen sind [&hellip;]\" \/>\n<meta property=\"og:url\" content=\"https:\/\/portal.schaffenburg.nl\/de\/produkt\/frame-hochschrank\/\" \/>\n<meta property=\"og:site_name\" content=\"Schaffenburg\" \/>\n<meta property=\"og:image\" content=\"https:\/\/portal.schaffenburg.nl\/wp-content\/uploads\/2024\/09\/frame-directietafel-3-1-1.jpg?wsr\" \/>\n\t<meta property=\"og:image:width\" content=\"933\" \/>\n\t<meta property=\"og:image:height\" content=\"933\" \/>\n\t<meta property=\"og:image:type\" content=\"image\/jpeg\" \/>\n<meta name=\"twitter:card\" content=\"summary_large_image\" \/>\n<meta name=\"twitter:label1\" content=\"Gesch\u00e4tzte Lesezeit\" \/>\n\t<meta name=\"twitter:data1\" content=\"1\u00a0Minute\" \/>\n<script type=\"application\/ld+json\" class=\"yoast-schema-graph\">{\"@context\":\"https:\/\/schema.org\",\"@graph\":[{\"@type\":\"WebPage\",\"@id\":\"https:\/\/portal.schaffenburg.nl\/de\/produkt\/frame-hochschrank\/\",\"url\":\"https:\/\/portal.schaffenburg.nl\/de\/produkt\/frame-hochschrank\/\",\"name\":\"Frame Hochschrank - Schaffenburg\",\"isPartOf\":{\"@id\":\"https:\/\/portal.schaffenburg.nl\/de\/#website\"},\"primaryImageOfPage\":{\"@id\":\"https:\/\/portal.schaffenburg.nl\/de\/produkt\/frame-hochschrank\/#primaryimage\"},\"image\":{\"@id\":\"https:\/\/portal.schaffenburg.nl\/de\/produkt\/frame-hochschrank\/#primaryimage\"},\"thumbnailUrl\":\"https:\/\/portal.schaffenburg.nl\/wp-content\/uploads\/2024\/09\/frame-directietafel-3-1-1.jpg?wsr\",\"datePublished\":\"2019-02-22T19:36:50+00:00\",\"breadcrumb\":{\"@id\":\"https:\/\/portal.schaffenburg.nl\/de\/produkt\/frame-hochschrank\/#breadcrumb\"},\"inLanguage\":\"de\",\"potentialAction\":[{\"@type\":\"ReadAction\",\"target\":[\"https:\/\/portal.schaffenburg.nl\/de\/produkt\/frame-hochschrank\/\"]}]},{\"@type\":\"ImageObject\",\"inLanguage\":\"de\",\"@id\":\"https:\/\/portal.schaffenburg.nl\/de\/produkt\/frame-hochschrank\/#primaryimage\",\"url\":\"https:\/\/portal.schaffenburg.nl\/wp-content\/uploads\/2024\/09\/frame-directietafel-3-1-1.jpg?wsr\",\"contentUrl\":\"https:\/\/portal.schaffenburg.nl\/wp-content\/uploads\/2024\/09\/frame-directietafel-3-1-1.jpg?wsr\",\"width\":933,\"height\":933},{\"@type\":\"BreadcrumbList\",\"@id\":\"https:\/\/portal.schaffenburg.nl\/de\/produkt\/frame-hochschrank\/#breadcrumb\",\"itemListElement\":[{\"@type\":\"ListItem\",\"position\":1,\"name\":\"Home\",\"item\":\"https:\/\/portal.schaffenburg.nl\/de\/\"},{\"@type\":\"ListItem\",\"position\":2,\"name\":\"Frame Hochschrank\"}]},{\"@type\":\"WebSite\",\"@id\":\"https:\/\/portal.schaffenburg.nl\/de\/#website\",\"url\":\"https:\/\/portal.schaffenburg.nl\/de\/\",\"name\":\"Schaffenburg\",\"description\":\"\",\"potentialAction\":[{\"@type\":\"SearchAction\",\"target\":{\"@type\":\"EntryPoint\",\"urlTemplate\":\"https:\/\/portal.schaffenburg.nl\/de\/?s={search_term_string}\"},\"query-input\":{\"@type\":\"PropertyValueSpecification\",\"valueRequired\":true,\"valueName\":\"search_term_string\"}}],\"inLanguage\":\"de\"}]}<\/script>\n<!-- \/ Yoast SEO plugin. -->","yoast_head_json":{"title":"Frame Hochschrank - Schaffenburg","robots":{"index":"index","follow":"follow","max-snippet":"max-snippet:-1","max-image-preview":"max-image-preview:large","max-video-preview":"max-video-preview:-1"},"canonical":"https:\/\/portal.schaffenburg.nl\/de\/produkt\/frame-hochschrank\/","og_locale":"de_DE","og_type":"article","og_title":"Frame Hochschrank - Schaffenburg","og_description":"Frame ist ein atemberaubendes &#8218;Statement&#8216;, entworfen von Ece Yalim Design Studio. Ein Produktmix aus Schreibtischen, Konferenztischen, Schr\u00e4nken und Accessoires aus starken Metallen, warmem Naturholz und lackiertem MDF schafft eine innovative \u00c4sthetik, die ein wohnliches Gef\u00fchl mit einer modernen Note verbindet. Diese Serie wurde bereits mit 6 Design Awards ausgezeichnet. Das Schubladenelement und die Vitrinen sind [&hellip;]","og_url":"https:\/\/portal.schaffenburg.nl\/de\/produkt\/frame-hochschrank\/","og_site_name":"Schaffenburg","og_image":[{"width":933,"height":933,"url":"https:\/\/portal.schaffenburg.nl\/wp-content\/uploads\/2024\/09\/frame-directietafel-3-1-1.jpg?wsr","type":"image\/jpeg"}],"twitter_card":"summary_large_image","twitter_misc":{"Gesch\u00e4tzte Lesezeit":"1\u00a0Minute"},"schema":{"@context":"https:\/\/schema.org","@graph":[{"@type":"WebPage","@id":"https:\/\/portal.schaffenburg.nl\/de\/produkt\/frame-hochschrank\/","url":"https:\/\/portal.schaffenburg.nl\/de\/produkt\/frame-hochschrank\/","name":"Frame Hochschrank - Schaffenburg","isPartOf":{"@id":"https:\/\/portal.schaffenburg.nl\/de\/#website"},"primaryImageOfPage":{"@id":"https:\/\/portal.schaffenburg.nl\/de\/produkt\/frame-hochschrank\/#primaryimage"},"image":{"@id":"https:\/\/portal.schaffenburg.nl\/de\/produkt\/frame-hochschrank\/#primaryimage"},"thumbnailUrl":"https:\/\/portal.schaffenburg.nl\/wp-content\/uploads\/2024\/09\/frame-directietafel-3-1-1.jpg?wsr","datePublished":"2019-02-22T19:36:50+00:00","breadcrumb":{"@id":"https:\/\/portal.schaffenburg.nl\/de\/produkt\/frame-hochschrank\/#breadcrumb"},"inLanguage":"de","potentialAction":[{"@type":"ReadAction","target":["https:\/\/portal.schaffenburg.nl\/de\/produkt\/frame-hochschrank\/"]}]},{"@type":"ImageObject","inLanguage":"de","@id":"https:\/\/portal.schaffenburg.nl\/de\/produkt\/frame-hochschrank\/#primaryimage","url":"https:\/\/portal.schaffenburg.nl\/wp-content\/uploads\/2024\/09\/frame-directietafel-3-1-1.jpg?wsr","contentUrl":"https:\/\/portal.schaffenburg.nl\/wp-content\/uploads\/2024\/09\/frame-directietafel-3-1-1.jpg?wsr","width":933,"height":933},{"@type":"BreadcrumbList","@id":"https:\/\/portal.schaffenburg.nl\/de\/produkt\/frame-hochschrank\/#breadcrumb","itemListElement":[{"@type":"ListItem","position":1,"name":"Home","item":"https:\/\/portal.schaffenburg.nl\/de\/"},{"@type":"ListItem","position":2,"name":"Frame Hochschrank"}]},{"@type":"WebSite","@id":"https:\/\/portal.schaffenburg.nl\/de\/#website","url":"https:\/\/portal.schaffenburg.nl\/de\/","name":"Schaffenburg","description":"","potentialAction":[{"@type":"SearchAction","target":{"@type":"EntryPoint","urlTemplate":"https:\/\/portal.schaffenburg.nl\/de\/?s={search_term_string}"},"query-input":{"@type":"PropertyValueSpecification","valueRequired":true,"valueName":"search_term_string"}}],"inLanguage":"de"}]}},"_links":{"self":[{"href":"https:\/\/portal.schaffenburg.nl\/de\/wp-json\/wp\/v2\/product\/29710","targetHints":{"allow":["GET"]}}],"collection":[{"href":"https:\/\/portal.schaffenburg.nl\/de\/wp-json\/wp\/v2\/product"}],"about":[{"href":"https:\/\/portal.schaffenburg.nl\/de\/wp-json\/wp\/v2\/types\/product"}],"replies":[{"embeddable":true,"href":"https:\/\/portal.schaffenburg.nl\/de\/wp-json\/wp\/v2\/comments?post=29710"}],"wp:featuredmedia":[{"embeddable":true,"href":"https:\/\/portal.schaffenburg.nl\/de\/wp-json\/wp\/v2\/media\/23116"}],"wp:attachment":[{"href":"https:\/\/portal.schaffenburg.nl\/de\/wp-json\/wp\/v2\/media?parent=29710"}],"wp:term":[{"taxonomy":"product_brand","embeddable":true,"href":"https:\/\/portal.schaffenburg.nl\/de\/wp-json\/wp\/v2\/product_brand?post=29710"},{"taxonomy":"product_cat","embeddable":true,"href":"https:\/\/portal.schaffenburg.nl\/de\/wp-json\/wp\/v2\/product_cat?post=29710"},{"taxonomy":"product_tag","embeddable":true,"href":"https:\/\/portal.schaffenburg.nl\/de\/wp-json\/wp\/v2\/product_tag?post=29710"}],"curies":[{"name":"wp","href":"https:\/\/api.w.org\/{rel}","templated":true}]}}