{"id":29714,"date":"2019-02-22T19:11:44","date_gmt":"2019-02-22T19:11:44","guid":{"rendered":"https:\/\/staging-schaffenburg.nl\/product\/rahmenpflanzer\/"},"modified":"2019-02-22T19:11:44","modified_gmt":"2019-02-22T19:11:44","slug":"rahmenpflanzer","status":"publish","type":"product","link":"https:\/\/portal.schaffenburg.nl\/de\/produkt\/rahmenpflanzer\/","title":{"rendered":"Rahmenpflanzer"},"content":{"rendered":"Frame ist ein atemberaubendes &#8218;Statement&#8216;, entworfen von Ece Yalim Design Studio. Ein Produktmix aus Schreibtischen, Konferenztischen, Schr\u00e4nken und Accessoires aus starken Metallen, warmem Naturholz und lackiertem MDF schafft eine innovative \u00c4sthetik, die ein wohnliches Gef\u00fchl mit einer modernen Note verbindet. Diese Serie wurde bereits mit 6 Design Awards ausgezeichnet.  \n&nbsp;\n<ul>\n<li>Das Pflanzgef\u00e4\u00df ist mit einem schwarzen oder wei\u00dfen pulverbeschichteten Stahlrahmen erh\u00e4ltlich.<\/li>\n<li>Ein erg\u00e4nzendes Angebot an passenden Schreibtischen und Tischen erm\u00f6glicht es dem Einrichter, eine sch\u00f6ne, ma\u00dfgeschneiderte Umgebung zu schaffen.<\/li>\n<li>Abmessungen: 50 x 50 x 50 cm<\/li>\n<\/ul>\nDesigner: <a href=\"https:\/\/www.schaffenburg.nl\/designers\/ece-yalim-design-studio\/\">Ece Yalim Design Studio<\/a>\n","protected":false},"excerpt":{"rendered":"<p>Frame ist ein atemberaubendes &#8218;Statement&#8216;, entworfen von Ece Yalim Design Studio. Ein Produktmix aus Schreibtischen, Konferenztischen, Schr\u00e4nken und Accessoires aus starken Metallen, warmem Naturholz und lackiertem MDF schafft eine innovative \u00c4sthetik, die ein wohnliches Gef\u00fchl mit einer modernen Note verbindet. Diese Serie wurde bereits mit 6 Design Awards ausgezeichnet. &nbsp; Das Pflanzgef\u00e4\u00df ist mit einem [&hellip;]<\/p>\n","protected":false},"featured_media":23106,"comment_status":"closed","ping_status":"closed","template":"","meta":{"_acf_changed":false},"product_brand":[],"product_cat":[4490,2137],"product_tag":[],"class_list":{"0":"post-29714","1":"product","2":"type-product","3":"status-publish","4":"has-post-thumbnail","6":"product_cat-projekte-zubehor","7":"product_cat-projekte","8":"pa_model-product-pflanzgefas","10":"first","11":"instock","12":"purchasable","13":"product-type-simple"},"acf":{"downloads":null},"yoast_head":"<!-- This site is optimized with the Yoast SEO plugin v26.7 - https:\/\/yoast.com\/wordpress\/plugins\/seo\/ -->\n<title>Rahmenpflanzer - Schaffenburg<\/title>\n<meta name=\"robots\" content=\"index, follow, max-snippet:-1, max-image-preview:large, max-video-preview:-1\" \/>\n<link rel=\"canonical\" href=\"https:\/\/portal.schaffenburg.nl\/de\/produkt\/rahmenpflanzer\/\" \/>\n<meta property=\"og:locale\" content=\"de_DE\" \/>\n<meta property=\"og:type\" content=\"article\" \/>\n<meta property=\"og:title\" content=\"Rahmenpflanzer - Schaffenburg\" \/>\n<meta property=\"og:description\" content=\"Frame ist ein atemberaubendes &#8218;Statement&#8216;, entworfen von Ece Yalim Design Studio. Ein Produktmix aus Schreibtischen, Konferenztischen, Schr\u00e4nken und Accessoires aus starken Metallen, warmem Naturholz und lackiertem MDF schafft eine innovative \u00c4sthetik, die ein wohnliches Gef\u00fchl mit einer modernen Note verbindet. Diese Serie wurde bereits mit 6 Design Awards ausgezeichnet. &nbsp; Das Pflanzgef\u00e4\u00df ist mit einem [&hellip;]\" \/>\n<meta property=\"og:url\" content=\"https:\/\/portal.schaffenburg.nl\/de\/produkt\/rahmenpflanzer\/\" \/>\n<meta property=\"og:site_name\" content=\"Schaffenburg\" \/>\n<meta property=\"og:image\" content=\"https:\/\/portal.schaffenburg.nl\/wp-content\/uploads\/2024\/09\/frame-directietafel-2-1-1.jpg?wsr\" \/>\n\t<meta property=\"og:image:width\" content=\"933\" \/>\n\t<meta property=\"og:image:height\" content=\"933\" \/>\n\t<meta property=\"og:image:type\" content=\"image\/jpeg\" \/>\n<meta name=\"twitter:card\" content=\"summary_large_image\" \/>\n<script type=\"application\/ld+json\" class=\"yoast-schema-graph\">{\"@context\":\"https:\/\/schema.org\",\"@graph\":[{\"@type\":\"WebPage\",\"@id\":\"https:\/\/portal.schaffenburg.nl\/de\/produkt\/rahmenpflanzer\/\",\"url\":\"https:\/\/portal.schaffenburg.nl\/de\/produkt\/rahmenpflanzer\/\",\"name\":\"Rahmenpflanzer - Schaffenburg\",\"isPartOf\":{\"@id\":\"https:\/\/portal.schaffenburg.nl\/de\/#website\"},\"primaryImageOfPage\":{\"@id\":\"https:\/\/portal.schaffenburg.nl\/de\/produkt\/rahmenpflanzer\/#primaryimage\"},\"image\":{\"@id\":\"https:\/\/portal.schaffenburg.nl\/de\/produkt\/rahmenpflanzer\/#primaryimage\"},\"thumbnailUrl\":\"https:\/\/portal.schaffenburg.nl\/wp-content\/uploads\/2024\/09\/frame-directietafel-2-1-1.jpg?wsr\",\"datePublished\":\"2019-02-22T19:11:44+00:00\",\"breadcrumb\":{\"@id\":\"https:\/\/portal.schaffenburg.nl\/de\/produkt\/rahmenpflanzer\/#breadcrumb\"},\"inLanguage\":\"de\",\"potentialAction\":[{\"@type\":\"ReadAction\",\"target\":[\"https:\/\/portal.schaffenburg.nl\/de\/produkt\/rahmenpflanzer\/\"]}]},{\"@type\":\"ImageObject\",\"inLanguage\":\"de\",\"@id\":\"https:\/\/portal.schaffenburg.nl\/de\/produkt\/rahmenpflanzer\/#primaryimage\",\"url\":\"https:\/\/portal.schaffenburg.nl\/wp-content\/uploads\/2024\/09\/frame-directietafel-2-1-1.jpg?wsr\",\"contentUrl\":\"https:\/\/portal.schaffenburg.nl\/wp-content\/uploads\/2024\/09\/frame-directietafel-2-1-1.jpg?wsr\",\"width\":933,\"height\":933},{\"@type\":\"BreadcrumbList\",\"@id\":\"https:\/\/portal.schaffenburg.nl\/de\/produkt\/rahmenpflanzer\/#breadcrumb\",\"itemListElement\":[{\"@type\":\"ListItem\",\"position\":1,\"name\":\"Home\",\"item\":\"https:\/\/portal.schaffenburg.nl\/de\/\"},{\"@type\":\"ListItem\",\"position\":2,\"name\":\"Rahmenpflanzer\"}]},{\"@type\":\"WebSite\",\"@id\":\"https:\/\/portal.schaffenburg.nl\/de\/#website\",\"url\":\"https:\/\/portal.schaffenburg.nl\/de\/\",\"name\":\"Schaffenburg\",\"description\":\"\",\"potentialAction\":[{\"@type\":\"SearchAction\",\"target\":{\"@type\":\"EntryPoint\",\"urlTemplate\":\"https:\/\/portal.schaffenburg.nl\/de\/?s={search_term_string}\"},\"query-input\":{\"@type\":\"PropertyValueSpecification\",\"valueRequired\":true,\"valueName\":\"search_term_string\"}}],\"inLanguage\":\"de\"}]}<\/script>\n<!-- \/ Yoast SEO plugin. -->","yoast_head_json":{"title":"Rahmenpflanzer - Schaffenburg","robots":{"index":"index","follow":"follow","max-snippet":"max-snippet:-1","max-image-preview":"max-image-preview:large","max-video-preview":"max-video-preview:-1"},"canonical":"https:\/\/portal.schaffenburg.nl\/de\/produkt\/rahmenpflanzer\/","og_locale":"de_DE","og_type":"article","og_title":"Rahmenpflanzer - Schaffenburg","og_description":"Frame ist ein atemberaubendes &#8218;Statement&#8216;, entworfen von Ece Yalim Design Studio. Ein Produktmix aus Schreibtischen, Konferenztischen, Schr\u00e4nken und Accessoires aus starken Metallen, warmem Naturholz und lackiertem MDF schafft eine innovative \u00c4sthetik, die ein wohnliches Gef\u00fchl mit einer modernen Note verbindet. Diese Serie wurde bereits mit 6 Design Awards ausgezeichnet. &nbsp; Das Pflanzgef\u00e4\u00df ist mit einem [&hellip;]","og_url":"https:\/\/portal.schaffenburg.nl\/de\/produkt\/rahmenpflanzer\/","og_site_name":"Schaffenburg","og_image":[{"width":933,"height":933,"url":"https:\/\/portal.schaffenburg.nl\/wp-content\/uploads\/2024\/09\/frame-directietafel-2-1-1.jpg?wsr","type":"image\/jpeg"}],"twitter_card":"summary_large_image","schema":{"@context":"https:\/\/schema.org","@graph":[{"@type":"WebPage","@id":"https:\/\/portal.schaffenburg.nl\/de\/produkt\/rahmenpflanzer\/","url":"https:\/\/portal.schaffenburg.nl\/de\/produkt\/rahmenpflanzer\/","name":"Rahmenpflanzer - Schaffenburg","isPartOf":{"@id":"https:\/\/portal.schaffenburg.nl\/de\/#website"},"primaryImageOfPage":{"@id":"https:\/\/portal.schaffenburg.nl\/de\/produkt\/rahmenpflanzer\/#primaryimage"},"image":{"@id":"https:\/\/portal.schaffenburg.nl\/de\/produkt\/rahmenpflanzer\/#primaryimage"},"thumbnailUrl":"https:\/\/portal.schaffenburg.nl\/wp-content\/uploads\/2024\/09\/frame-directietafel-2-1-1.jpg?wsr","datePublished":"2019-02-22T19:11:44+00:00","breadcrumb":{"@id":"https:\/\/portal.schaffenburg.nl\/de\/produkt\/rahmenpflanzer\/#breadcrumb"},"inLanguage":"de","potentialAction":[{"@type":"ReadAction","target":["https:\/\/portal.schaffenburg.nl\/de\/produkt\/rahmenpflanzer\/"]}]},{"@type":"ImageObject","inLanguage":"de","@id":"https:\/\/portal.schaffenburg.nl\/de\/produkt\/rahmenpflanzer\/#primaryimage","url":"https:\/\/portal.schaffenburg.nl\/wp-content\/uploads\/2024\/09\/frame-directietafel-2-1-1.jpg?wsr","contentUrl":"https:\/\/portal.schaffenburg.nl\/wp-content\/uploads\/2024\/09\/frame-directietafel-2-1-1.jpg?wsr","width":933,"height":933},{"@type":"BreadcrumbList","@id":"https:\/\/portal.schaffenburg.nl\/de\/produkt\/rahmenpflanzer\/#breadcrumb","itemListElement":[{"@type":"ListItem","position":1,"name":"Home","item":"https:\/\/portal.schaffenburg.nl\/de\/"},{"@type":"ListItem","position":2,"name":"Rahmenpflanzer"}]},{"@type":"WebSite","@id":"https:\/\/portal.schaffenburg.nl\/de\/#website","url":"https:\/\/portal.schaffenburg.nl\/de\/","name":"Schaffenburg","description":"","potentialAction":[{"@type":"SearchAction","target":{"@type":"EntryPoint","urlTemplate":"https:\/\/portal.schaffenburg.nl\/de\/?s={search_term_string}"},"query-input":{"@type":"PropertyValueSpecification","valueRequired":true,"valueName":"search_term_string"}}],"inLanguage":"de"}]}},"_links":{"self":[{"href":"https:\/\/portal.schaffenburg.nl\/de\/wp-json\/wp\/v2\/product\/29714","targetHints":{"allow":["GET"]}}],"collection":[{"href":"https:\/\/portal.schaffenburg.nl\/de\/wp-json\/wp\/v2\/product"}],"about":[{"href":"https:\/\/portal.schaffenburg.nl\/de\/wp-json\/wp\/v2\/types\/product"}],"replies":[{"embeddable":true,"href":"https:\/\/portal.schaffenburg.nl\/de\/wp-json\/wp\/v2\/comments?post=29714"}],"wp:featuredmedia":[{"embeddable":true,"href":"https:\/\/portal.schaffenburg.nl\/de\/wp-json\/wp\/v2\/media\/23106"}],"wp:attachment":[{"href":"https:\/\/portal.schaffenburg.nl\/de\/wp-json\/wp\/v2\/media?parent=29714"}],"wp:term":[{"taxonomy":"product_brand","embeddable":true,"href":"https:\/\/portal.schaffenburg.nl\/de\/wp-json\/wp\/v2\/product_brand?post=29714"},{"taxonomy":"product_cat","embeddable":true,"href":"https:\/\/portal.schaffenburg.nl\/de\/wp-json\/wp\/v2\/product_cat?post=29714"},{"taxonomy":"product_tag","embeddable":true,"href":"https:\/\/portal.schaffenburg.nl\/de\/wp-json\/wp\/v2\/product_tag?post=29714"}],"curies":[{"name":"wp","href":"https:\/\/api.w.org\/{rel}","templated":true}]}}