{"id":29749,"date":"2019-02-22T20:20:41","date_gmt":"2019-02-22T20:20:41","guid":{"rendered":"https:\/\/staging-schaffenburg.nl\/product\/arrow-couchtisch\/"},"modified":"2019-02-22T20:20:41","modified_gmt":"2019-02-22T20:20:41","slug":"arrow-couchtisch","status":"publish","type":"product","link":"https:\/\/portal.schaffenburg.nl\/de\/produkt\/arrow-couchtisch\/","title":{"rendered":"ARROW Couchtisch"},"content":{"rendered":"Arrow ist eine dynamische Schreibtischserie, die von Claudio Bellini entworfen wurde. Er hat ihr einen modernen, funktionalen und beeindruckenden Look verliehen. Arrow verf\u00fcgt \u00fcber integrierte Kabell\u00f6sungen und zus\u00e4tzliche Teile sind separat erh\u00e4ltlich, so dass Sie Ihrem Chefb\u00fcro den perfekten Look und die perfekte Funktion verleihen k\u00f6nnen. \n&nbsp;\n<ul>\n<li>Feste H\u00f6he 45,4 cm.<\/li>\n<li>Die Arrow-Serie wird durch passende Schr\u00e4nke und Couchtische erg\u00e4nzt.<\/li>\n<li>Tischplatte: Furnieroberfl\u00e4che.<\/li>\n<li>Bein: 10mm dickes Metall und 30x30mm Rohr pulverbeschichtet.<\/li>\n<li>Arrow Couchtisch klein Ma\u00dfe: 120 x 60 x 45,4 cm<\/li>\n<li>Arrow Couchtisch gro\u00df Ma\u00dfe: 150 x 80 x 45,4 cm<\/li>\n<\/ul>\nDesigner: <a href=\"https:\/\/www.schaffenburg.nl\/designers\/claudio-bellini\/\">Claudio Bellini<\/a>\n","protected":false},"excerpt":{"rendered":"<p>Arrow ist eine dynamische Schreibtischserie, die von Claudio Bellini entworfen wurde. Er hat ihr einen modernen, funktionalen und beeindruckenden Look verliehen. Arrow verf\u00fcgt \u00fcber integrierte Kabell\u00f6sungen und zus\u00e4tzliche Teile sind separat erh\u00e4ltlich, so dass Sie Ihrem Chefb\u00fcro den perfekten Look und die perfekte Funktion verleihen k\u00f6nnen. &nbsp; Feste H\u00f6he 45,4 cm. Die Arrow-Serie wird durch [&hellip;]<\/p>\n","protected":false},"featured_media":23166,"comment_status":"closed","ping_status":"closed","template":"","meta":{"_acf_changed":false},"product_brand":[],"product_cat":[2138,4494,4495,2137,4276],"product_tag":[],"class_list":{"0":"post-29749","1":"product","2":"type-product","3":"status-publish","4":"has-post-thumbnail","6":"product_cat-faulenzen-und-treffen","7":"product_cat-beistelltisch","8":"product_cat-beistelltische","9":"product_cat-projekte","10":"product_cat-tische","12":"first","13":"instock","14":"purchasable","15":"product-type-simple"},"acf":{"downloads":null},"yoast_head":"<!-- This site is optimized with the Yoast SEO plugin v26.7 - https:\/\/yoast.com\/wordpress\/plugins\/seo\/ -->\n<title>ARROW Couchtisch - Schaffenburg<\/title>\n<meta name=\"robots\" content=\"index, follow, max-snippet:-1, max-image-preview:large, max-video-preview:-1\" \/>\n<link rel=\"canonical\" href=\"https:\/\/portal.schaffenburg.nl\/de\/produkt\/arrow-couchtisch\/\" \/>\n<meta property=\"og:locale\" content=\"de_DE\" \/>\n<meta property=\"og:type\" content=\"article\" \/>\n<meta property=\"og:title\" content=\"ARROW Couchtisch - Schaffenburg\" \/>\n<meta property=\"og:description\" content=\"Arrow ist eine dynamische Schreibtischserie, die von Claudio Bellini entworfen wurde. Er hat ihr einen modernen, funktionalen und beeindruckenden Look verliehen. Arrow verf\u00fcgt \u00fcber integrierte Kabell\u00f6sungen und zus\u00e4tzliche Teile sind separat erh\u00e4ltlich, so dass Sie Ihrem Chefb\u00fcro den perfekten Look und die perfekte Funktion verleihen k\u00f6nnen. &nbsp; Feste H\u00f6he 45,4 cm. Die Arrow-Serie wird durch [&hellip;]\" \/>\n<meta property=\"og:url\" content=\"https:\/\/portal.schaffenburg.nl\/de\/produkt\/arrow-couchtisch\/\" \/>\n<meta property=\"og:site_name\" content=\"Schaffenburg\" \/>\n<meta property=\"og:image\" content=\"https:\/\/portal.schaffenburg.nl\/wp-content\/uploads\/2024\/09\/arrow-salontafel-1.jpg?wsr\" \/>\n\t<meta property=\"og:image:width\" content=\"684\" \/>\n\t<meta property=\"og:image:height\" content=\"684\" \/>\n\t<meta property=\"og:image:type\" content=\"image\/jpeg\" \/>\n<meta name=\"twitter:card\" content=\"summary_large_image\" \/>\n<script type=\"application\/ld+json\" class=\"yoast-schema-graph\">{\"@context\":\"https:\/\/schema.org\",\"@graph\":[{\"@type\":\"WebPage\",\"@id\":\"https:\/\/portal.schaffenburg.nl\/de\/produkt\/arrow-couchtisch\/\",\"url\":\"https:\/\/portal.schaffenburg.nl\/de\/produkt\/arrow-couchtisch\/\",\"name\":\"ARROW Couchtisch - Schaffenburg\",\"isPartOf\":{\"@id\":\"https:\/\/portal.schaffenburg.nl\/de\/#website\"},\"primaryImageOfPage\":{\"@id\":\"https:\/\/portal.schaffenburg.nl\/de\/produkt\/arrow-couchtisch\/#primaryimage\"},\"image\":{\"@id\":\"https:\/\/portal.schaffenburg.nl\/de\/produkt\/arrow-couchtisch\/#primaryimage\"},\"thumbnailUrl\":\"https:\/\/portal.schaffenburg.nl\/wp-content\/uploads\/2024\/09\/arrow-salontafel-1.jpg?wsr\",\"datePublished\":\"2019-02-22T20:20:41+00:00\",\"breadcrumb\":{\"@id\":\"https:\/\/portal.schaffenburg.nl\/de\/produkt\/arrow-couchtisch\/#breadcrumb\"},\"inLanguage\":\"de\",\"potentialAction\":[{\"@type\":\"ReadAction\",\"target\":[\"https:\/\/portal.schaffenburg.nl\/de\/produkt\/arrow-couchtisch\/\"]}]},{\"@type\":\"ImageObject\",\"inLanguage\":\"de\",\"@id\":\"https:\/\/portal.schaffenburg.nl\/de\/produkt\/arrow-couchtisch\/#primaryimage\",\"url\":\"https:\/\/portal.schaffenburg.nl\/wp-content\/uploads\/2024\/09\/arrow-salontafel-1.jpg?wsr\",\"contentUrl\":\"https:\/\/portal.schaffenburg.nl\/wp-content\/uploads\/2024\/09\/arrow-salontafel-1.jpg?wsr\",\"width\":684,\"height\":684},{\"@type\":\"BreadcrumbList\",\"@id\":\"https:\/\/portal.schaffenburg.nl\/de\/produkt\/arrow-couchtisch\/#breadcrumb\",\"itemListElement\":[{\"@type\":\"ListItem\",\"position\":1,\"name\":\"Home\",\"item\":\"https:\/\/portal.schaffenburg.nl\/de\/\"},{\"@type\":\"ListItem\",\"position\":2,\"name\":\"ARROW Couchtisch\"}]},{\"@type\":\"WebSite\",\"@id\":\"https:\/\/portal.schaffenburg.nl\/de\/#website\",\"url\":\"https:\/\/portal.schaffenburg.nl\/de\/\",\"name\":\"Schaffenburg\",\"description\":\"\",\"potentialAction\":[{\"@type\":\"SearchAction\",\"target\":{\"@type\":\"EntryPoint\",\"urlTemplate\":\"https:\/\/portal.schaffenburg.nl\/de\/?s={search_term_string}\"},\"query-input\":{\"@type\":\"PropertyValueSpecification\",\"valueRequired\":true,\"valueName\":\"search_term_string\"}}],\"inLanguage\":\"de\"}]}<\/script>\n<!-- \/ Yoast SEO plugin. -->","yoast_head_json":{"title":"ARROW Couchtisch - Schaffenburg","robots":{"index":"index","follow":"follow","max-snippet":"max-snippet:-1","max-image-preview":"max-image-preview:large","max-video-preview":"max-video-preview:-1"},"canonical":"https:\/\/portal.schaffenburg.nl\/de\/produkt\/arrow-couchtisch\/","og_locale":"de_DE","og_type":"article","og_title":"ARROW Couchtisch - Schaffenburg","og_description":"Arrow ist eine dynamische Schreibtischserie, die von Claudio Bellini entworfen wurde. Er hat ihr einen modernen, funktionalen und beeindruckenden Look verliehen. Arrow verf\u00fcgt \u00fcber integrierte Kabell\u00f6sungen und zus\u00e4tzliche Teile sind separat erh\u00e4ltlich, so dass Sie Ihrem Chefb\u00fcro den perfekten Look und die perfekte Funktion verleihen k\u00f6nnen. &nbsp; Feste H\u00f6he 45,4 cm. Die Arrow-Serie wird durch [&hellip;]","og_url":"https:\/\/portal.schaffenburg.nl\/de\/produkt\/arrow-couchtisch\/","og_site_name":"Schaffenburg","og_image":[{"width":684,"height":684,"url":"https:\/\/portal.schaffenburg.nl\/wp-content\/uploads\/2024\/09\/arrow-salontafel-1.jpg?wsr","type":"image\/jpeg"}],"twitter_card":"summary_large_image","schema":{"@context":"https:\/\/schema.org","@graph":[{"@type":"WebPage","@id":"https:\/\/portal.schaffenburg.nl\/de\/produkt\/arrow-couchtisch\/","url":"https:\/\/portal.schaffenburg.nl\/de\/produkt\/arrow-couchtisch\/","name":"ARROW Couchtisch - Schaffenburg","isPartOf":{"@id":"https:\/\/portal.schaffenburg.nl\/de\/#website"},"primaryImageOfPage":{"@id":"https:\/\/portal.schaffenburg.nl\/de\/produkt\/arrow-couchtisch\/#primaryimage"},"image":{"@id":"https:\/\/portal.schaffenburg.nl\/de\/produkt\/arrow-couchtisch\/#primaryimage"},"thumbnailUrl":"https:\/\/portal.schaffenburg.nl\/wp-content\/uploads\/2024\/09\/arrow-salontafel-1.jpg?wsr","datePublished":"2019-02-22T20:20:41+00:00","breadcrumb":{"@id":"https:\/\/portal.schaffenburg.nl\/de\/produkt\/arrow-couchtisch\/#breadcrumb"},"inLanguage":"de","potentialAction":[{"@type":"ReadAction","target":["https:\/\/portal.schaffenburg.nl\/de\/produkt\/arrow-couchtisch\/"]}]},{"@type":"ImageObject","inLanguage":"de","@id":"https:\/\/portal.schaffenburg.nl\/de\/produkt\/arrow-couchtisch\/#primaryimage","url":"https:\/\/portal.schaffenburg.nl\/wp-content\/uploads\/2024\/09\/arrow-salontafel-1.jpg?wsr","contentUrl":"https:\/\/portal.schaffenburg.nl\/wp-content\/uploads\/2024\/09\/arrow-salontafel-1.jpg?wsr","width":684,"height":684},{"@type":"BreadcrumbList","@id":"https:\/\/portal.schaffenburg.nl\/de\/produkt\/arrow-couchtisch\/#breadcrumb","itemListElement":[{"@type":"ListItem","position":1,"name":"Home","item":"https:\/\/portal.schaffenburg.nl\/de\/"},{"@type":"ListItem","position":2,"name":"ARROW Couchtisch"}]},{"@type":"WebSite","@id":"https:\/\/portal.schaffenburg.nl\/de\/#website","url":"https:\/\/portal.schaffenburg.nl\/de\/","name":"Schaffenburg","description":"","potentialAction":[{"@type":"SearchAction","target":{"@type":"EntryPoint","urlTemplate":"https:\/\/portal.schaffenburg.nl\/de\/?s={search_term_string}"},"query-input":{"@type":"PropertyValueSpecification","valueRequired":true,"valueName":"search_term_string"}}],"inLanguage":"de"}]}},"_links":{"self":[{"href":"https:\/\/portal.schaffenburg.nl\/de\/wp-json\/wp\/v2\/product\/29749","targetHints":{"allow":["GET"]}}],"collection":[{"href":"https:\/\/portal.schaffenburg.nl\/de\/wp-json\/wp\/v2\/product"}],"about":[{"href":"https:\/\/portal.schaffenburg.nl\/de\/wp-json\/wp\/v2\/types\/product"}],"replies":[{"embeddable":true,"href":"https:\/\/portal.schaffenburg.nl\/de\/wp-json\/wp\/v2\/comments?post=29749"}],"wp:featuredmedia":[{"embeddable":true,"href":"https:\/\/portal.schaffenburg.nl\/de\/wp-json\/wp\/v2\/media\/23166"}],"wp:attachment":[{"href":"https:\/\/portal.schaffenburg.nl\/de\/wp-json\/wp\/v2\/media?parent=29749"}],"wp:term":[{"taxonomy":"product_brand","embeddable":true,"href":"https:\/\/portal.schaffenburg.nl\/de\/wp-json\/wp\/v2\/product_brand?post=29749"},{"taxonomy":"product_cat","embeddable":true,"href":"https:\/\/portal.schaffenburg.nl\/de\/wp-json\/wp\/v2\/product_cat?post=29749"},{"taxonomy":"product_tag","embeddable":true,"href":"https:\/\/portal.schaffenburg.nl\/de\/wp-json\/wp\/v2\/product_tag?post=29749"}],"curies":[{"name":"wp","href":"https:\/\/api.w.org\/{rel}","templated":true}]}}