{"id":29774,"date":"2019-11-01T13:38:28","date_gmt":"2019-11-01T11:38:28","guid":{"rendered":"https:\/\/staging-schaffenburg.nl\/product\/barhocker-serie-126-outlook\/"},"modified":"2019-11-01T13:38:28","modified_gmt":"2019-11-01T13:38:28","slug":"barhocker-serie-126-outlook","status":"publish","type":"product","link":"https:\/\/portal.schaffenburg.nl\/de\/produkt\/barhocker-serie-126-outlook\/","title":{"rendered":"Barhocker Serie 126 (OUTLOOK)"},"content":{"rendered":"Mit dem Barhocker Serie 126 holen Sie sich nicht nur ein stilvolles M\u00f6belst\u00fcck in Ihr Zuhause, sondern auch eine funktionelle Erg\u00e4nzung Ihrer Einrichtung. Das geschlossene Design des Freischwingergestells verleiht dem Barhocker einen modernen Look, der in fast jede Einrichtung passt. \nDie Sitzfl\u00e4che des Barhockers ist mit einem eleganten anthrazitfarbenen Stoff gepolstert, der f\u00fcr einen warmen Look und optimalen Sitzkomfort sorgt. Der schwarz beschichtete Stahldraht des Fu\u00dfes verleiht dem Hocker nicht nur ein stabiles Gestell, sondern auch einen robusten Look. \nDie Serie 126 ist nicht nur sch\u00f6n anzusehen, sondern auch praktisch in der Anwendung. Zum Beispiel ist dieser Barhocker stapelbar, was Platz spart. Ideal, wenn Sie vor\u00fcbergehend zus\u00e4tzliche Sitzpl\u00e4tze ben\u00f6tigen oder wenn Sie die Hocker bei Nichtgebrauch aufbewahren m\u00f6chten. Au\u00dferdem verf\u00fcgt das Gestell \u00fcber eine Fu\u00dfst\u00fctze, auf der Sie Ihre F\u00fc\u00dfe abstellen k\u00f6nnen.   \nMit Abmessungen von 42,5 x 50 x 85 cm (BxTxH) hat der Barhocker Serie 126 eine angenehme Sitzh\u00f6he und passt problemlos unter einen Tisch oder eine Bar. Die Serie kann auch f\u00fcr verschiedene Zwecke verwendet werden, zum Beispiel im Gastgewerbe oder im B\u00fcro. \nKurzum, der Barhocker Serie 126 ist eine stilvolle und funktionelle Erg\u00e4nzung f\u00fcr jede Einrichtung. Das geschlossene Design des Freischwingergestells, die anthrazitfarbene Polsterung und das schwarz beschichtete Stahldrahtgestell verleihen dem Barhocker einen modernen Look. Au\u00dferdem ist der Hocker stapelbar, was praktisch ist, wenn der Platz begrenzt ist. Mit dieser Serie holen Sie sich einen echten Blickfang in Ihr Zuhause.   \n<h6>Eigenschaften<\/h6>\n<ul>\n<li>Solange der Vorrat reicht<\/li>\n<li>Geschlossener Freischwingerrahmen<\/li>\n<li>Die Sitzfl\u00e4che des Barhockers besteht aus einem anthrazitfarbenen Stoff.<\/li>\n<li>Der Sockel ist aus schwarz beschichtetem Stahldraht gefertigt<\/li>\n<li>Die Serie 126 ist auch stapelbar<\/li>\n<li>Abmessungen: 42,5 x 50 x 85 cm (BxTxH)<\/li>\n<\/ul>\n","protected":false},"excerpt":{"rendered":"<p>Der Barhocker der Serie 126 ist eine stilvolle und funktionelle Erg\u00e4nzung f\u00fcr jede Einrichtung. Das geschlossene Design des Freischwingergestells, die anthrazitfarbene Polsterung und das schwarz beschichtete Stahldrahtgestell verleihen dem Hocker einen modernen Look. Er ist stapelbar und mit den Ma\u00dfen 42,5 x 50 x 85 cm (BxTxH) ideal f\u00fcr den Wohnbereich, das B\u00fcro oder das Gastgewerbe.  <\/p>\n","protected":false},"featured_media":34379,"comment_status":"closed","ping_status":"closed","template":"","meta":{"_acf_changed":false},"product_brand":[],"product_cat":[2140,2705],"product_tag":[2150,3119,4705,2157,3599,4707,2158,3837,4708,2161,3956,4709,2165,3999,4710,2171,4001,4711,2285,4278,4712,2572,4316,4713,2580,4662,2711,4691,2713,4693,2718,4695,2721,4697,2143,2731,4699,2145,2905,4701,2148,3112,4703],"class_list":{"0":"post-29774","1":"product","2":"type-product","3":"status-publish","4":"has-post-thumbnail","6":"product_cat-schnelle-lieferung","7":"product_cat-konferenzstuhle","8":"product_tag-funktional","9":"product_tag-kantine-de","10":"product_tag-schick-de","11":"product_tag-modern-de","12":"product_tag-platzsparend","13":"product_tag-geschlossenes-design","14":"product_tag-stilvoll","15":"product_tag-cool","16":"product_tag-optimaler-sitzkomfort","17":"product_tag-einfach","18":"product_tag-startseite","19":"product_tag-zahler","20":"product_tag-zeitgenossisch","21":"product_tag-trendy-de","22":"product_tag-trendiges-design","23":"product_tag-basis","24":"product_tag-stapelbar","25":"product_tag-warm-de","26":"product_tag-buro","27":"product_tag-freitragender-rahmen","28":"product_tag-live","29":"product_tag-elegant-de","30":"product_tag-anthrazit","31":"product_tag-sitzgelegenheiten","32":"product_tag-polstermobel","33":"product_tag-stahldraht","34":"product_tag-bequem-de","35":"product_tag-mobel-de-2","36":"product_tag-minimalistisch-de","37":"product_tag-bar-de","38":"product_tag-sitzhohe","39":"product_tag-verpflegung","40":"product_tag-interieur-de","41":"product_tag-eigenschaften","42":"product_tag-nachhaltig","43":"product_tag-abmessungen","44":"product_tag-ambiente","45":"product_tag-schwarz","46":"product_tag-tabelle","47":"product_tag-barhocker","48":"product_tag-entwurf","49":"product_tag-robuste","50":"product_tag-blickfang","52":"first","53":"instock","54":"purchasable","55":"product-type-simple"},"acf":{"downloads":[{"label":"","bestand":16216,"toegankelijkheid":"resellers"}]},"yoast_head":"<!-- This site is optimized with the Yoast SEO plugin v26.7 - https:\/\/yoast.com\/wordpress\/plugins\/seo\/ -->\n<title>Barhocker Serie 126 (OUTLOOK) - Stapelbarer Barhocker - Schaffenburg<\/title>\n<meta name=\"description\" content=\"Der Barhocker Serie 126. Mit geschlossenem Freischwinger-Gestell, anthrazitfarbener Polsterung und Stapelbarkeit, perfekt f\u00fcr Zuhause, das B\u00fcro oder die Gastronomie.\" \/>\n<meta name=\"robots\" content=\"index, follow, max-snippet:-1, max-image-preview:large, max-video-preview:-1\" \/>\n<link rel=\"canonical\" href=\"https:\/\/portal.schaffenburg.nl\/de\/produkt\/barhocker-serie-126-outlook\/\" \/>\n<meta property=\"og:locale\" content=\"de_DE\" \/>\n<meta property=\"og:type\" content=\"article\" \/>\n<meta property=\"og:title\" content=\"Barhocker Serie 126 (OUTLOOK) - Stapelbarer Barhocker - Schaffenburg\" \/>\n<meta property=\"og:description\" content=\"Der Barhocker Serie 126. Mit geschlossenem Freischwinger-Gestell, anthrazitfarbener Polsterung und Stapelbarkeit, perfekt f\u00fcr Zuhause, das B\u00fcro oder die Gastronomie.\" \/>\n<meta property=\"og:url\" content=\"https:\/\/portal.schaffenburg.nl\/de\/produkt\/barhocker-serie-126-outlook\/\" \/>\n<meta property=\"og:site_name\" content=\"Schaffenburg\" \/>\n<meta property=\"article:modified_time\" content=\"2019-11-01T13:38:28+00:00\" \/>\n<meta property=\"og:image\" content=\"https:\/\/portal.schaffenburg.nl\/wp-content\/uploads\/2019\/11\/126_3kwart-e1573550169428-1-scaled.jpg?wsr\" \/>\n\t<meta property=\"og:image:width\" content=\"2560\" \/>\n\t<meta property=\"og:image:height\" content=\"2554\" \/>\n\t<meta property=\"og:image:type\" content=\"image\/jpeg\" \/>\n<meta name=\"twitter:card\" content=\"summary_large_image\" \/>\n<meta name=\"twitter:label1\" content=\"Gesch\u00e4tzte Lesezeit\" \/>\n\t<meta name=\"twitter:data1\" content=\"1\u00a0Minute\" \/>\n<script type=\"application\/ld+json\" class=\"yoast-schema-graph\">{\"@context\":\"https:\/\/schema.org\",\"@graph\":[{\"@type\":\"WebPage\",\"@id\":\"https:\/\/portal.schaffenburg.nl\/de\/produkt\/barhocker-serie-126-outlook\/\",\"url\":\"https:\/\/portal.schaffenburg.nl\/de\/produkt\/barhocker-serie-126-outlook\/\",\"name\":\"Barhocker Serie 126 (OUTLOOK) - Stapelbarer Barhocker - Schaffenburg\",\"isPartOf\":{\"@id\":\"https:\/\/portal.schaffenburg.nl\/de\/#website\"},\"primaryImageOfPage\":{\"@id\":\"https:\/\/portal.schaffenburg.nl\/de\/produkt\/barhocker-serie-126-outlook\/#primaryimage\"},\"image\":{\"@id\":\"https:\/\/portal.schaffenburg.nl\/de\/produkt\/barhocker-serie-126-outlook\/#primaryimage\"},\"thumbnailUrl\":\"https:\/\/portal.schaffenburg.nl\/wp-content\/uploads\/2019\/11\/126_3kwart-e1573550169428-1-scaled.jpg?wsr\",\"datePublished\":\"2019-11-01T11:38:28+00:00\",\"dateModified\":\"2019-11-01T13:38:28+00:00\",\"description\":\"Der Barhocker Serie 126. Mit geschlossenem Freischwinger-Gestell, anthrazitfarbener Polsterung und Stapelbarkeit, perfekt f\u00fcr Zuhause, das B\u00fcro oder die Gastronomie.\",\"breadcrumb\":{\"@id\":\"https:\/\/portal.schaffenburg.nl\/de\/produkt\/barhocker-serie-126-outlook\/#breadcrumb\"},\"inLanguage\":\"de\",\"potentialAction\":[{\"@type\":\"ReadAction\",\"target\":[\"https:\/\/portal.schaffenburg.nl\/de\/produkt\/barhocker-serie-126-outlook\/\"]}]},{\"@type\":\"ImageObject\",\"inLanguage\":\"de\",\"@id\":\"https:\/\/portal.schaffenburg.nl\/de\/produkt\/barhocker-serie-126-outlook\/#primaryimage\",\"url\":\"https:\/\/portal.schaffenburg.nl\/wp-content\/uploads\/2019\/11\/126_3kwart-e1573550169428-1-scaled.jpg?wsr\",\"contentUrl\":\"https:\/\/portal.schaffenburg.nl\/wp-content\/uploads\/2019\/11\/126_3kwart-e1573550169428-1-scaled.jpg?wsr\",\"width\":2560,\"height\":2554},{\"@type\":\"BreadcrumbList\",\"@id\":\"https:\/\/portal.schaffenburg.nl\/de\/produkt\/barhocker-serie-126-outlook\/#breadcrumb\",\"itemListElement\":[{\"@type\":\"ListItem\",\"position\":1,\"name\":\"Home\",\"item\":\"https:\/\/portal.schaffenburg.nl\/de\/\"},{\"@type\":\"ListItem\",\"position\":2,\"name\":\"Barhocker Serie 126 (OUTLOOK)\"}]},{\"@type\":\"WebSite\",\"@id\":\"https:\/\/portal.schaffenburg.nl\/de\/#website\",\"url\":\"https:\/\/portal.schaffenburg.nl\/de\/\",\"name\":\"Schaffenburg\",\"description\":\"\",\"potentialAction\":[{\"@type\":\"SearchAction\",\"target\":{\"@type\":\"EntryPoint\",\"urlTemplate\":\"https:\/\/portal.schaffenburg.nl\/de\/?s={search_term_string}\"},\"query-input\":{\"@type\":\"PropertyValueSpecification\",\"valueRequired\":true,\"valueName\":\"search_term_string\"}}],\"inLanguage\":\"de\"}]}<\/script>\n<!-- \/ Yoast SEO plugin. -->","yoast_head_json":{"title":"Barhocker Serie 126 (OUTLOOK) - Stapelbarer Barhocker - Schaffenburg","description":"Der Barhocker Serie 126. Mit geschlossenem Freischwinger-Gestell, anthrazitfarbener Polsterung und Stapelbarkeit, perfekt f\u00fcr Zuhause, das B\u00fcro oder die Gastronomie.","robots":{"index":"index","follow":"follow","max-snippet":"max-snippet:-1","max-image-preview":"max-image-preview:large","max-video-preview":"max-video-preview:-1"},"canonical":"https:\/\/portal.schaffenburg.nl\/de\/produkt\/barhocker-serie-126-outlook\/","og_locale":"de_DE","og_type":"article","og_title":"Barhocker Serie 126 (OUTLOOK) - Stapelbarer Barhocker - Schaffenburg","og_description":"Der Barhocker Serie 126. Mit geschlossenem Freischwinger-Gestell, anthrazitfarbener Polsterung und Stapelbarkeit, perfekt f\u00fcr Zuhause, das B\u00fcro oder die Gastronomie.","og_url":"https:\/\/portal.schaffenburg.nl\/de\/produkt\/barhocker-serie-126-outlook\/","og_site_name":"Schaffenburg","article_modified_time":"2019-11-01T13:38:28+00:00","og_image":[{"width":2560,"height":2554,"url":"https:\/\/portal.schaffenburg.nl\/wp-content\/uploads\/2019\/11\/126_3kwart-e1573550169428-1-scaled.jpg?wsr","type":"image\/jpeg"}],"twitter_card":"summary_large_image","twitter_misc":{"Gesch\u00e4tzte Lesezeit":"1\u00a0Minute"},"schema":{"@context":"https:\/\/schema.org","@graph":[{"@type":"WebPage","@id":"https:\/\/portal.schaffenburg.nl\/de\/produkt\/barhocker-serie-126-outlook\/","url":"https:\/\/portal.schaffenburg.nl\/de\/produkt\/barhocker-serie-126-outlook\/","name":"Barhocker Serie 126 (OUTLOOK) - Stapelbarer Barhocker - Schaffenburg","isPartOf":{"@id":"https:\/\/portal.schaffenburg.nl\/de\/#website"},"primaryImageOfPage":{"@id":"https:\/\/portal.schaffenburg.nl\/de\/produkt\/barhocker-serie-126-outlook\/#primaryimage"},"image":{"@id":"https:\/\/portal.schaffenburg.nl\/de\/produkt\/barhocker-serie-126-outlook\/#primaryimage"},"thumbnailUrl":"https:\/\/portal.schaffenburg.nl\/wp-content\/uploads\/2019\/11\/126_3kwart-e1573550169428-1-scaled.jpg?wsr","datePublished":"2019-11-01T11:38:28+00:00","dateModified":"2019-11-01T13:38:28+00:00","description":"Der Barhocker Serie 126. Mit geschlossenem Freischwinger-Gestell, anthrazitfarbener Polsterung und Stapelbarkeit, perfekt f\u00fcr Zuhause, das B\u00fcro oder die Gastronomie.","breadcrumb":{"@id":"https:\/\/portal.schaffenburg.nl\/de\/produkt\/barhocker-serie-126-outlook\/#breadcrumb"},"inLanguage":"de","potentialAction":[{"@type":"ReadAction","target":["https:\/\/portal.schaffenburg.nl\/de\/produkt\/barhocker-serie-126-outlook\/"]}]},{"@type":"ImageObject","inLanguage":"de","@id":"https:\/\/portal.schaffenburg.nl\/de\/produkt\/barhocker-serie-126-outlook\/#primaryimage","url":"https:\/\/portal.schaffenburg.nl\/wp-content\/uploads\/2019\/11\/126_3kwart-e1573550169428-1-scaled.jpg?wsr","contentUrl":"https:\/\/portal.schaffenburg.nl\/wp-content\/uploads\/2019\/11\/126_3kwart-e1573550169428-1-scaled.jpg?wsr","width":2560,"height":2554},{"@type":"BreadcrumbList","@id":"https:\/\/portal.schaffenburg.nl\/de\/produkt\/barhocker-serie-126-outlook\/#breadcrumb","itemListElement":[{"@type":"ListItem","position":1,"name":"Home","item":"https:\/\/portal.schaffenburg.nl\/de\/"},{"@type":"ListItem","position":2,"name":"Barhocker Serie 126 (OUTLOOK)"}]},{"@type":"WebSite","@id":"https:\/\/portal.schaffenburg.nl\/de\/#website","url":"https:\/\/portal.schaffenburg.nl\/de\/","name":"Schaffenburg","description":"","potentialAction":[{"@type":"SearchAction","target":{"@type":"EntryPoint","urlTemplate":"https:\/\/portal.schaffenburg.nl\/de\/?s={search_term_string}"},"query-input":{"@type":"PropertyValueSpecification","valueRequired":true,"valueName":"search_term_string"}}],"inLanguage":"de"}]}},"_links":{"self":[{"href":"https:\/\/portal.schaffenburg.nl\/de\/wp-json\/wp\/v2\/product\/29774","targetHints":{"allow":["GET"]}}],"collection":[{"href":"https:\/\/portal.schaffenburg.nl\/de\/wp-json\/wp\/v2\/product"}],"about":[{"href":"https:\/\/portal.schaffenburg.nl\/de\/wp-json\/wp\/v2\/types\/product"}],"replies":[{"embeddable":true,"href":"https:\/\/portal.schaffenburg.nl\/de\/wp-json\/wp\/v2\/comments?post=29774"}],"wp:featuredmedia":[{"embeddable":true,"href":"https:\/\/portal.schaffenburg.nl\/de\/wp-json\/wp\/v2\/media\/34379"}],"wp:attachment":[{"href":"https:\/\/portal.schaffenburg.nl\/de\/wp-json\/wp\/v2\/media?parent=29774"}],"wp:term":[{"taxonomy":"product_brand","embeddable":true,"href":"https:\/\/portal.schaffenburg.nl\/de\/wp-json\/wp\/v2\/product_brand?post=29774"},{"taxonomy":"product_cat","embeddable":true,"href":"https:\/\/portal.schaffenburg.nl\/de\/wp-json\/wp\/v2\/product_cat?post=29774"},{"taxonomy":"product_tag","embeddable":true,"href":"https:\/\/portal.schaffenburg.nl\/de\/wp-json\/wp\/v2\/product_tag?post=29774"}],"curies":[{"name":"wp","href":"https:\/\/api.w.org\/{rel}","templated":true}]}}