{"id":29775,"date":"2019-11-01T13:01:56","date_gmt":"2019-11-01T11:01:56","guid":{"rendered":"https:\/\/staging-schaffenburg.nl\/product\/unmittelbare-begegnungen\/"},"modified":"2019-11-01T13:01:56","modified_gmt":"2019-11-01T13:01:56","slug":"unmittelbare-begegnungen","status":"publish","type":"product","link":"https:\/\/portal.schaffenburg.nl\/de\/produkt\/unmittelbare-begegnungen\/","title":{"rendered":"Unmittelbare Begegnungen"},"content":{"rendered":"In jeder Organisation kommen Menschen zusammen, um sich zu beraten. Ob in einem hermetisch abgeriegelten Raum oder an einem zentralen Ort im Unternehmen, Close Encounter unterst\u00fctzt jede Beratung. Das Besprechungsprogramm hat n\u00e4mlich eine einfache Pr\u00e4misse: Alles ist m\u00f6glich.  \n<ul>\n<li>Close Encounter hat eine Standardplattenst\u00e4rke von 25 mm. Andere Fl\u00fcgeldesigns auf Anfrage. <\/li>\n<li>Abmessungen: Feste H\u00f6he von 74 cm<\/li>\n<li>Trompetenfu\u00df in den Farben: Chrom, Aluminium, Wei\u00df und Schwarz. Andere Farben auf Anfrage <\/li>\n<\/ul>\n","protected":false},"excerpt":{"rendered":"<p>In jeder Organisation kommen Menschen zusammen, um sich zu beraten. Ob in einem hermetisch abgeriegelten Raum oder an einem zentralen Ort im Unternehmen, Close Encounter unterst\u00fctzt jede Beratung. Das Besprechungsprogramm hat n\u00e4mlich eine einfache Pr\u00e4misse: Alles ist m\u00f6glich. Close Encounter hat eine Standardplattenst\u00e4rke von 25 mm. Andere Fl\u00fcgeldesigns auf Anfrage. Abmessungen: Feste H\u00f6he von 74 [&hellip;]<\/p>\n","protected":false},"featured_media":34382,"comment_status":"closed","ping_status":"closed","template":"","meta":{"_acf_changed":false},"product_brand":[],"product_cat":[4277,2137,4276],"product_tag":[],"class_list":{"0":"post-29775","1":"product","2":"type-product","3":"status-publish","4":"has-post-thumbnail","6":"product_cat-besprechungstische","7":"product_cat-projekte","8":"product_cat-tische","9":"pa_blad-kleur-eiche-robbson","10":"pa_blad-kleur-halifax-auswaerts","11":"pa_blad-kleur-havanna-kirsche-hell","12":"pa_blad-kleur-hellgrau","13":"pa_blad-kleur-kreideweiss","14":"pa_blad-kleur-lindberg-oak-abgehend","15":"pa_blad-kleur-logan-eiche","16":"pa_diepte-100cm-de","17":"pa_diepte-120cm-de","18":"pa_diepte-140cm-de","19":"pa_diepte-160cm-de","20":"pa_frame-kleur-aluminium-ral9006-de","21":"pa_frame-kleur-chrom","22":"pa_frame-kleur-schwarz-ral9011","23":"pa_frame-kleur-weiss-ral9010","24":"pa_lengte-200cm-de","25":"pa_lengte-240cm-de","26":"pa_lengte-320cm-de","27":"pa_lengte-400cm-de","28":"pa_vorm-fassformig-aufgeweitet","29":"pa_vorm-oval","30":"pa_vorm-oval-rund","31":"pa_vorm-rechtwinklig","32":"pa_vorm-rund","34":"first","35":"outofstock","36":"purchasable","37":"product-type-simple"},"acf":{"downloads":null},"yoast_head":"<!-- This site is optimized with the Yoast SEO plugin v26.7 - https:\/\/yoast.com\/wordpress\/plugins\/seo\/ -->\n<title>Unmittelbare Begegnungen - Schaffenburg<\/title>\n<meta name=\"robots\" content=\"index, follow, max-snippet:-1, max-image-preview:large, max-video-preview:-1\" \/>\n<link rel=\"canonical\" href=\"https:\/\/portal.schaffenburg.nl\/de\/produkt\/unmittelbare-begegnungen\/\" \/>\n<meta property=\"og:locale\" content=\"de_DE\" \/>\n<meta property=\"og:type\" content=\"article\" \/>\n<meta property=\"og:title\" content=\"Unmittelbare Begegnungen - Schaffenburg\" \/>\n<meta property=\"og:description\" content=\"In jeder Organisation kommen Menschen zusammen, um sich zu beraten. Ob in einem hermetisch abgeriegelten Raum oder an einem zentralen Ort im Unternehmen, Close Encounter unterst\u00fctzt jede Beratung. Das Besprechungsprogramm hat n\u00e4mlich eine einfache Pr\u00e4misse: Alles ist m\u00f6glich. Close Encounter hat eine Standardplattenst\u00e4rke von 25 mm. Andere Fl\u00fcgeldesigns auf Anfrage. Abmessungen: Feste H\u00f6he von 74 [&hellip;]\" \/>\n<meta property=\"og:url\" content=\"https:\/\/portal.schaffenburg.nl\/de\/produkt\/unmittelbare-begegnungen\/\" \/>\n<meta property=\"og:site_name\" content=\"Schaffenburg\" \/>\n<meta property=\"article:modified_time\" content=\"2019-11-01T13:01:56+00:00\" \/>\n<meta property=\"og:image\" content=\"https:\/\/portal.schaffenburg.nl\/wp-content\/uploads\/2019\/11\/Close-Encounter-Vergadertafel-tonvorm-CE-2010TV-0067A-M-e1573550456529.jpg?wsr\" \/>\n\t<meta property=\"og:image:width\" content=\"846\" \/>\n\t<meta property=\"og:image:height\" content=\"673\" \/>\n\t<meta property=\"og:image:type\" content=\"image\/jpeg\" \/>\n<meta name=\"twitter:card\" content=\"summary_large_image\" \/>\n<script type=\"application\/ld+json\" class=\"yoast-schema-graph\">{\"@context\":\"https:\/\/schema.org\",\"@graph\":[{\"@type\":\"WebPage\",\"@id\":\"https:\/\/portal.schaffenburg.nl\/de\/produkt\/unmittelbare-begegnungen\/\",\"url\":\"https:\/\/portal.schaffenburg.nl\/de\/produkt\/unmittelbare-begegnungen\/\",\"name\":\"Unmittelbare Begegnungen - Schaffenburg\",\"isPartOf\":{\"@id\":\"https:\/\/portal.schaffenburg.nl\/de\/#website\"},\"primaryImageOfPage\":{\"@id\":\"https:\/\/portal.schaffenburg.nl\/de\/produkt\/unmittelbare-begegnungen\/#primaryimage\"},\"image\":{\"@id\":\"https:\/\/portal.schaffenburg.nl\/de\/produkt\/unmittelbare-begegnungen\/#primaryimage\"},\"thumbnailUrl\":\"https:\/\/portal.schaffenburg.nl\/wp-content\/uploads\/2019\/11\/Close-Encounter-Vergadertafel-tonvorm-CE-2010TV-0067A-M-e1573550456529.jpg?wsr\",\"datePublished\":\"2019-11-01T11:01:56+00:00\",\"dateModified\":\"2019-11-01T13:01:56+00:00\",\"breadcrumb\":{\"@id\":\"https:\/\/portal.schaffenburg.nl\/de\/produkt\/unmittelbare-begegnungen\/#breadcrumb\"},\"inLanguage\":\"de\",\"potentialAction\":[{\"@type\":\"ReadAction\",\"target\":[\"https:\/\/portal.schaffenburg.nl\/de\/produkt\/unmittelbare-begegnungen\/\"]}]},{\"@type\":\"ImageObject\",\"inLanguage\":\"de\",\"@id\":\"https:\/\/portal.schaffenburg.nl\/de\/produkt\/unmittelbare-begegnungen\/#primaryimage\",\"url\":\"https:\/\/portal.schaffenburg.nl\/wp-content\/uploads\/2019\/11\/Close-Encounter-Vergadertafel-tonvorm-CE-2010TV-0067A-M-e1573550456529.jpg?wsr\",\"contentUrl\":\"https:\/\/portal.schaffenburg.nl\/wp-content\/uploads\/2019\/11\/Close-Encounter-Vergadertafel-tonvorm-CE-2010TV-0067A-M-e1573550456529.jpg?wsr\",\"width\":846,\"height\":673},{\"@type\":\"BreadcrumbList\",\"@id\":\"https:\/\/portal.schaffenburg.nl\/de\/produkt\/unmittelbare-begegnungen\/#breadcrumb\",\"itemListElement\":[{\"@type\":\"ListItem\",\"position\":1,\"name\":\"Home\",\"item\":\"https:\/\/portal.schaffenburg.nl\/de\/\"},{\"@type\":\"ListItem\",\"position\":2,\"name\":\"Unmittelbare Begegnungen\"}]},{\"@type\":\"WebSite\",\"@id\":\"https:\/\/portal.schaffenburg.nl\/de\/#website\",\"url\":\"https:\/\/portal.schaffenburg.nl\/de\/\",\"name\":\"Schaffenburg\",\"description\":\"\",\"potentialAction\":[{\"@type\":\"SearchAction\",\"target\":{\"@type\":\"EntryPoint\",\"urlTemplate\":\"https:\/\/portal.schaffenburg.nl\/de\/?s={search_term_string}\"},\"query-input\":{\"@type\":\"PropertyValueSpecification\",\"valueRequired\":true,\"valueName\":\"search_term_string\"}}],\"inLanguage\":\"de\"}]}<\/script>\n<!-- \/ Yoast SEO plugin. -->","yoast_head_json":{"title":"Unmittelbare Begegnungen - Schaffenburg","robots":{"index":"index","follow":"follow","max-snippet":"max-snippet:-1","max-image-preview":"max-image-preview:large","max-video-preview":"max-video-preview:-1"},"canonical":"https:\/\/portal.schaffenburg.nl\/de\/produkt\/unmittelbare-begegnungen\/","og_locale":"de_DE","og_type":"article","og_title":"Unmittelbare Begegnungen - Schaffenburg","og_description":"In jeder Organisation kommen Menschen zusammen, um sich zu beraten. Ob in einem hermetisch abgeriegelten Raum oder an einem zentralen Ort im Unternehmen, Close Encounter unterst\u00fctzt jede Beratung. Das Besprechungsprogramm hat n\u00e4mlich eine einfache Pr\u00e4misse: Alles ist m\u00f6glich. Close Encounter hat eine Standardplattenst\u00e4rke von 25 mm. Andere Fl\u00fcgeldesigns auf Anfrage. Abmessungen: Feste H\u00f6he von 74 [&hellip;]","og_url":"https:\/\/portal.schaffenburg.nl\/de\/produkt\/unmittelbare-begegnungen\/","og_site_name":"Schaffenburg","article_modified_time":"2019-11-01T13:01:56+00:00","og_image":[{"width":846,"height":673,"url":"https:\/\/portal.schaffenburg.nl\/wp-content\/uploads\/2019\/11\/Close-Encounter-Vergadertafel-tonvorm-CE-2010TV-0067A-M-e1573550456529.jpg?wsr","type":"image\/jpeg"}],"twitter_card":"summary_large_image","schema":{"@context":"https:\/\/schema.org","@graph":[{"@type":"WebPage","@id":"https:\/\/portal.schaffenburg.nl\/de\/produkt\/unmittelbare-begegnungen\/","url":"https:\/\/portal.schaffenburg.nl\/de\/produkt\/unmittelbare-begegnungen\/","name":"Unmittelbare Begegnungen - Schaffenburg","isPartOf":{"@id":"https:\/\/portal.schaffenburg.nl\/de\/#website"},"primaryImageOfPage":{"@id":"https:\/\/portal.schaffenburg.nl\/de\/produkt\/unmittelbare-begegnungen\/#primaryimage"},"image":{"@id":"https:\/\/portal.schaffenburg.nl\/de\/produkt\/unmittelbare-begegnungen\/#primaryimage"},"thumbnailUrl":"https:\/\/portal.schaffenburg.nl\/wp-content\/uploads\/2019\/11\/Close-Encounter-Vergadertafel-tonvorm-CE-2010TV-0067A-M-e1573550456529.jpg?wsr","datePublished":"2019-11-01T11:01:56+00:00","dateModified":"2019-11-01T13:01:56+00:00","breadcrumb":{"@id":"https:\/\/portal.schaffenburg.nl\/de\/produkt\/unmittelbare-begegnungen\/#breadcrumb"},"inLanguage":"de","potentialAction":[{"@type":"ReadAction","target":["https:\/\/portal.schaffenburg.nl\/de\/produkt\/unmittelbare-begegnungen\/"]}]},{"@type":"ImageObject","inLanguage":"de","@id":"https:\/\/portal.schaffenburg.nl\/de\/produkt\/unmittelbare-begegnungen\/#primaryimage","url":"https:\/\/portal.schaffenburg.nl\/wp-content\/uploads\/2019\/11\/Close-Encounter-Vergadertafel-tonvorm-CE-2010TV-0067A-M-e1573550456529.jpg?wsr","contentUrl":"https:\/\/portal.schaffenburg.nl\/wp-content\/uploads\/2019\/11\/Close-Encounter-Vergadertafel-tonvorm-CE-2010TV-0067A-M-e1573550456529.jpg?wsr","width":846,"height":673},{"@type":"BreadcrumbList","@id":"https:\/\/portal.schaffenburg.nl\/de\/produkt\/unmittelbare-begegnungen\/#breadcrumb","itemListElement":[{"@type":"ListItem","position":1,"name":"Home","item":"https:\/\/portal.schaffenburg.nl\/de\/"},{"@type":"ListItem","position":2,"name":"Unmittelbare Begegnungen"}]},{"@type":"WebSite","@id":"https:\/\/portal.schaffenburg.nl\/de\/#website","url":"https:\/\/portal.schaffenburg.nl\/de\/","name":"Schaffenburg","description":"","potentialAction":[{"@type":"SearchAction","target":{"@type":"EntryPoint","urlTemplate":"https:\/\/portal.schaffenburg.nl\/de\/?s={search_term_string}"},"query-input":{"@type":"PropertyValueSpecification","valueRequired":true,"valueName":"search_term_string"}}],"inLanguage":"de"}]}},"_links":{"self":[{"href":"https:\/\/portal.schaffenburg.nl\/de\/wp-json\/wp\/v2\/product\/29775","targetHints":{"allow":["GET"]}}],"collection":[{"href":"https:\/\/portal.schaffenburg.nl\/de\/wp-json\/wp\/v2\/product"}],"about":[{"href":"https:\/\/portal.schaffenburg.nl\/de\/wp-json\/wp\/v2\/types\/product"}],"replies":[{"embeddable":true,"href":"https:\/\/portal.schaffenburg.nl\/de\/wp-json\/wp\/v2\/comments?post=29775"}],"wp:featuredmedia":[{"embeddable":true,"href":"https:\/\/portal.schaffenburg.nl\/de\/wp-json\/wp\/v2\/media\/34382"}],"wp:attachment":[{"href":"https:\/\/portal.schaffenburg.nl\/de\/wp-json\/wp\/v2\/media?parent=29775"}],"wp:term":[{"taxonomy":"product_brand","embeddable":true,"href":"https:\/\/portal.schaffenburg.nl\/de\/wp-json\/wp\/v2\/product_brand?post=29775"},{"taxonomy":"product_cat","embeddable":true,"href":"https:\/\/portal.schaffenburg.nl\/de\/wp-json\/wp\/v2\/product_cat?post=29775"},{"taxonomy":"product_tag","embeddable":true,"href":"https:\/\/portal.schaffenburg.nl\/de\/wp-json\/wp\/v2\/product_tag?post=29775"}],"curies":[{"name":"wp","href":"https:\/\/api.w.org\/{rel}","templated":true}]}}