{"id":29827,"date":"2019-01-24T14:19:06","date_gmt":"2019-01-24T12:19:06","guid":{"rendered":"https:\/\/staging-schaffenburg.nl\/product\/planter-akustik-schiebetuerschrank\/"},"modified":"2019-01-24T14:19:06","modified_gmt":"2019-01-24T14:19:06","slug":"planter-akustik-schiebetuerschrank","status":"publish","type":"product","link":"https:\/\/portal.schaffenburg.nl\/de\/produkt\/planter-akustik-schiebetuerschrank\/","title":{"rendered":"Planter Akustik-Schiebet\u00fcrschrank"},"content":{"rendered":"Schaffen Sie eine erfrischende und inspirierende Arbeitsumgebung mit dem bahnbrechenden Pflanzensystem f\u00fcr den Claudius Akustik-Schiebet\u00fcrenschrank. Dieses innovative System ist in zwei Gr\u00f6\u00dfen (160 x 45 cm oder 180 x 45 cm BxT) und zwei stilvollen Farben (wei\u00df und schwarz) erh\u00e4ltlich und wurde speziell entwickelt, um Gr\u00fcn in Ihre B\u00fcror\u00e4ume zu bringen. \nMit dem Pflanzensystem des Claudius Schiebet\u00fcrenschranks k\u00f6nnen Sie einen gr\u00fcnen Akzent in Ihrem B\u00fcro setzen, ohne wertvollen Platz auf dem Boden oder Schreibtisch zu beanspruchen. Verwandeln Sie langweilige und eint\u00f6nige Arbeitspl\u00e4tze in lebendige und gesunde Umgebungen, in denen Kreativit\u00e4t und Produktivit\u00e4t gedeihen. Es bringt eine nat\u00fcrliche Ruhe und Harmonie, die Ihre Mitarbeiter und Besucher zu sch\u00e4tzen wissen werden.  \nDie Installation und Wartung dieses Systems ist einfach und m\u00fchelos, so dass Sie sich auf Ihre Arbeit konzentrieren k\u00f6nnen. Die hochwertigen Materialien und die robuste Konstruktion sorgen daf\u00fcr, dass Ihre Pflanzen sicher und stabil bleiben, auch wenn der Schiebet\u00fcrschrank ge\u00f6ffnet oder geschlossen wird. Dar\u00fcber hinaus ist das System auf Langlebigkeit ausgelegt, was es zu einer langlebigen und sinnvollen Investition f\u00fcr Ihr B\u00fcro macht.  \nDas Pflanzgef\u00e4\u00dfsystem ist standardm\u00e4\u00dfig f\u00fcr Kunstpflanzen ausgelegt. Mit speziellen Innenbeh\u00e4ltern oder Teichfolien, die auf Anfrage bestellt werden k\u00f6nnen, ist es m\u00f6glich, eine Reihe echter Pflanzen, wie luftreinigende Zimmerpflanzen oder beruhigende Farne, zu pr\u00e4sentieren. Dies bietet nicht nur einen \u00e4sthetischen Mehrwert, sondern verbessert auch die Luftqualit\u00e4t und schafft ein ges\u00fcnderes Arbeitsumfeld. Ihre Mitarbeiter werden sich energiegeladener und motivierter f\u00fchlen, was zu einer h\u00f6heren Produktivit\u00e4t und einem gr\u00f6\u00dferen Wohlbefinden am Arbeitsplatz f\u00fchrt.   \nW\u00e4hlen Sie zwischen der zeitlosen wei\u00dfen Ausf\u00fchrung oder der modernen schwarzen Variante, um das Pflanzgef\u00e4\u00dfsystem perfekt an den Stil Ihrer B\u00fcror\u00e4ume anzupassen. Es verleiht jedem Arbeitsplatz einen Hauch von Eleganz und Raffinesse, vom formellen B\u00fcro bis zum kreativen Co-Working Space. \nBringen Sie die Natur in Ihr B\u00fcro und lassen Sie Ihre Arbeitsumgebung mit dem Pflanzensystem f\u00fcr den Claudius Akustik-Schiebet\u00fcrschrank erbl\u00fchen. Bieten Sie Ihren Mitarbeitern und Besuchern eine erfrischende und anregende Erfahrung, die ihr Wohlbefinden und ihre Produktivit\u00e4t steigern wird. Entdecken Sie noch heute die M\u00f6glichkeiten der Begr\u00fcnung in Ihrem B\u00fcro!  \n<h6>Eigenschaften<\/h6>\n<ul>\n<li>Erh\u00e4ltlich in 2 Gr\u00f6\u00dfen:<br \/>\n160 x 45 x 17,5 cm (BxTxH)<br \/>\n180 x 45 x 17,5 cm (BxTxH)<\/li>\n<li>Erh\u00e4ltlich in 2 Farben:<br \/>\nWei\u00df - Strukturiert RAL9010<br \/>\nSchwarz - RAL9005<\/li>\n<li>Standardm\u00e4\u00dfig ist das Pflanzgef\u00e4\u00df f\u00fcr Kunstpflanzen geeignet. Bei Bedarf besteht die M\u00f6glichkeit, spezielle Indoor-Pflanzgef\u00e4\u00dfe oder Teichfolie zu bestellen, um echte Pflanzen in die Pflanzgef\u00e4\u00dfe zu setzen. <\/li>\n<\/ul>\n","protected":false},"excerpt":{"rendered":"<p>Bringen Sie die Natur in Ihr B\u00fcro mit dem Pflanzsystem f\u00fcr den Schiebet\u00fcrenschrank Claudius, der in zwei Gr\u00f6\u00dfen (160 oder 180 cm) und zwei stilvollen Farben (wei\u00df und schwarz) erh\u00e4ltlich ist.<\/p>\n<p>HINWEIS: Das Pflanzgef\u00e4\u00df ist standardm\u00e4\u00dfig f\u00fcr Kunstpflanzen geeignet. Bei Bedarf k\u00f6nnen Sie spezielle Pflanzgef\u00e4\u00dfe f\u00fcr den Innenbereich oder Teichfolie bestellen, um echte Pflanzen in die Pflanzgef\u00e4\u00dfe zu setzen. <\/p>\n","protected":false},"featured_media":22712,"comment_status":"closed","ping_status":"closed","template":"","meta":{"_acf_changed":false},"product_brand":[],"product_cat":[2140,2423],"product_tag":[2721,4798,4827,3132,4800,4828,2145,3384,4801,4829,2149,3599,4804,4830,2153,3622,4805,4831,2155,3691,4808,4832,2156,3745,4809,4833,2169,3855,4812,4834,2170,3999,4814,4835,2427,4342,4815,4836,2428,4353,4817,2430,4469,4819,2467,4790,4822,2582,4792,4824,2587,4794,4825,2645,4796,4826],"class_list":{"0":"post-29827","1":"product","2":"type-product","3":"status-publish","4":"has-post-thumbnail","6":"product_cat-schnelle-lieferung","7":"product_cat-lagerung","8":"product_tag-interieur-de","9":"product_tag-kreativitat","10":"product_tag-mitarbeiter","11":"product_tag-arbeitsplatz-de","12":"product_tag-energetische-arbeitsumgebung","13":"product_tag-natur","14":"product_tag-schwarz","15":"product_tag-burogestaltung","16":"product_tag-offizielle-buros","17":"product_tag-naturliche-ruhe","18":"product_tag-eleganz","19":"product_tag-platzsparend","20":"product_tag-frische","21":"product_tag-pflanzen","22":"product_tag-nachhaltigkeit","23":"product_tag-asthetik-de","24":"product_tag-gesund","25":"product_tag-pflanzmaschine","26":"product_tag-grun","27":"product_tag-wohlfahrt","28":"product_tag-gruner-akzent","29":"product_tag-pflanzenliebhaber","30":"product_tag-hochwertige","31":"product_tag-wartung","32":"product_tag-grune-oase","33":"product_tag-pflanzenpflege","34":"product_tag-materialien","35":"product_tag-buroumgebung","36":"product_tag-grune-umwelt","37":"product_tag-anregend","38":"product_tag-beruhigend","39":"product_tag-trendy-de","40":"product_tag-harmonie-de","41":"product_tag-farne","42":"product_tag-weis","43":"product_tag-buroflache-de","44":"product_tag-inspiration","45":"product_tag-vertikaler-garten","46":"product_tag-claudius-de","47":"product_tag-inspirierend","48":"product_tag-innenarchitektur","49":"product_tag-installation-de","50":"product_tag-produktivitatssteigernd","51":"product_tag-einrichtungsstil","52":"product_tag-produktivitat","53":"product_tag-schwebeturiger-kleiderschrank-claudius-de","54":"product_tag-burobepflanzung","55":"product_tag-einfach-de-2","56":"product_tag-schiebeturenschrank","57":"product_tag-lebendigkeit","58":"product_tag-anspruchsvoll","59":"product_tag-besucher","60":"product_tag-luftqualitat","61":"product_tag-akustisch","62":"product_tag-co-working-spaces-de","63":"product_tag-luftreinigung","64":"pa_kleuren-accessoires-schwarz","65":"pa_kleuren-accessoires-weiss","66":"pa_lengte-160cm-de","67":"pa_lengte-180cm-de","69":"first","70":"instock","71":"purchasable","72":"product-type-variable"},"acf":{"downloads":null},"yoast_head":"<!-- This site is optimized with the Yoast SEO plugin v26.7 - https:\/\/yoast.com\/wordpress\/plugins\/seo\/ -->\n<title>Planter Akustik-Schiebet\u00fcrschrank - Schaffenburg<\/title>\n<meta name=\"robots\" content=\"index, follow, max-snippet:-1, max-image-preview:large, max-video-preview:-1\" \/>\n<link rel=\"canonical\" href=\"https:\/\/portal.schaffenburg.nl\/de\/produkt\/planter-akustik-schiebetuerschrank\/\" \/>\n<meta property=\"og:locale\" content=\"de_DE\" \/>\n<meta property=\"og:type\" content=\"article\" \/>\n<meta property=\"og:title\" content=\"Planter Akustik-Schiebet\u00fcrschrank - Schaffenburg\" \/>\n<meta property=\"og:description\" content=\"Bringen Sie die Natur in Ihr B\u00fcro mit dem Pflanzsystem f\u00fcr den Schiebet\u00fcrenschrank Claudius, der in zwei Gr\u00f6\u00dfen (160 oder 180 cm) und zwei stilvollen Farben (wei\u00df und schwarz) erh\u00e4ltlich ist. HINWEIS: Das Pflanzgef\u00e4\u00df ist standardm\u00e4\u00dfig f\u00fcr Kunstpflanzen geeignet. Bei Bedarf k\u00f6nnen Sie spezielle Pflanzgef\u00e4\u00dfe f\u00fcr den Innenbereich oder Teichfolie bestellen, um echte Pflanzen in die Pflanzgef\u00e4\u00dfe zu setzen.\" \/>\n<meta property=\"og:url\" content=\"https:\/\/portal.schaffenburg.nl\/de\/produkt\/planter-akustik-schiebetuerschrank\/\" \/>\n<meta property=\"og:site_name\" content=\"Schaffenburg\" \/>\n<meta property=\"article:modified_time\" content=\"2019-01-24T14:19:06+00:00\" \/>\n<meta property=\"og:image\" content=\"https:\/\/portal.schaffenburg.nl\/wp-content\/uploads\/2024\/09\/cl_kast_plantebak.jpg?wsr\" \/>\n\t<meta property=\"og:image:width\" content=\"1500\" \/>\n\t<meta property=\"og:image:height\" content=\"1500\" \/>\n\t<meta property=\"og:image:type\" content=\"image\/jpeg\" \/>\n<meta name=\"twitter:card\" content=\"summary_large_image\" \/>\n<meta name=\"twitter:label1\" content=\"Gesch\u00e4tzte Lesezeit\" \/>\n\t<meta name=\"twitter:data1\" content=\"2\u00a0Minuten\" \/>\n<script type=\"application\/ld+json\" class=\"yoast-schema-graph\">{\"@context\":\"https:\/\/schema.org\",\"@graph\":[{\"@type\":\"WebPage\",\"@id\":\"https:\/\/portal.schaffenburg.nl\/de\/produkt\/planter-akustik-schiebetuerschrank\/\",\"url\":\"https:\/\/portal.schaffenburg.nl\/de\/produkt\/planter-akustik-schiebetuerschrank\/\",\"name\":\"Planter Akustik-Schiebet\u00fcrschrank - Schaffenburg\",\"isPartOf\":{\"@id\":\"https:\/\/portal.schaffenburg.nl\/de\/#website\"},\"primaryImageOfPage\":{\"@id\":\"https:\/\/portal.schaffenburg.nl\/de\/produkt\/planter-akustik-schiebetuerschrank\/#primaryimage\"},\"image\":{\"@id\":\"https:\/\/portal.schaffenburg.nl\/de\/produkt\/planter-akustik-schiebetuerschrank\/#primaryimage\"},\"thumbnailUrl\":\"https:\/\/portal.schaffenburg.nl\/wp-content\/uploads\/2024\/09\/cl_kast_plantebak.jpg?wsr\",\"datePublished\":\"2019-01-24T12:19:06+00:00\",\"dateModified\":\"2019-01-24T14:19:06+00:00\",\"breadcrumb\":{\"@id\":\"https:\/\/portal.schaffenburg.nl\/de\/produkt\/planter-akustik-schiebetuerschrank\/#breadcrumb\"},\"inLanguage\":\"de\",\"potentialAction\":[{\"@type\":\"ReadAction\",\"target\":[\"https:\/\/portal.schaffenburg.nl\/de\/produkt\/planter-akustik-schiebetuerschrank\/\"]}]},{\"@type\":\"ImageObject\",\"inLanguage\":\"de\",\"@id\":\"https:\/\/portal.schaffenburg.nl\/de\/produkt\/planter-akustik-schiebetuerschrank\/#primaryimage\",\"url\":\"https:\/\/portal.schaffenburg.nl\/wp-content\/uploads\/2024\/09\/cl_kast_plantebak.jpg?wsr\",\"contentUrl\":\"https:\/\/portal.schaffenburg.nl\/wp-content\/uploads\/2024\/09\/cl_kast_plantebak.jpg?wsr\",\"width\":1500,\"height\":1500},{\"@type\":\"BreadcrumbList\",\"@id\":\"https:\/\/portal.schaffenburg.nl\/de\/produkt\/planter-akustik-schiebetuerschrank\/#breadcrumb\",\"itemListElement\":[{\"@type\":\"ListItem\",\"position\":1,\"name\":\"Home\",\"item\":\"https:\/\/portal.schaffenburg.nl\/de\/\"},{\"@type\":\"ListItem\",\"position\":2,\"name\":\"Planter Akustik-Schiebet\u00fcrschrank\"}]},{\"@type\":\"WebSite\",\"@id\":\"https:\/\/portal.schaffenburg.nl\/de\/#website\",\"url\":\"https:\/\/portal.schaffenburg.nl\/de\/\",\"name\":\"Schaffenburg\",\"description\":\"\",\"potentialAction\":[{\"@type\":\"SearchAction\",\"target\":{\"@type\":\"EntryPoint\",\"urlTemplate\":\"https:\/\/portal.schaffenburg.nl\/de\/?s={search_term_string}\"},\"query-input\":{\"@type\":\"PropertyValueSpecification\",\"valueRequired\":true,\"valueName\":\"search_term_string\"}}],\"inLanguage\":\"de\"}]}<\/script>\n<!-- \/ Yoast SEO plugin. -->","yoast_head_json":{"title":"Planter Akustik-Schiebet\u00fcrschrank - Schaffenburg","robots":{"index":"index","follow":"follow","max-snippet":"max-snippet:-1","max-image-preview":"max-image-preview:large","max-video-preview":"max-video-preview:-1"},"canonical":"https:\/\/portal.schaffenburg.nl\/de\/produkt\/planter-akustik-schiebetuerschrank\/","og_locale":"de_DE","og_type":"article","og_title":"Planter Akustik-Schiebet\u00fcrschrank - Schaffenburg","og_description":"Bringen Sie die Natur in Ihr B\u00fcro mit dem Pflanzsystem f\u00fcr den Schiebet\u00fcrenschrank Claudius, der in zwei Gr\u00f6\u00dfen (160 oder 180 cm) und zwei stilvollen Farben (wei\u00df und schwarz) erh\u00e4ltlich ist. HINWEIS: Das Pflanzgef\u00e4\u00df ist standardm\u00e4\u00dfig f\u00fcr Kunstpflanzen geeignet. Bei Bedarf k\u00f6nnen Sie spezielle Pflanzgef\u00e4\u00dfe f\u00fcr den Innenbereich oder Teichfolie bestellen, um echte Pflanzen in die Pflanzgef\u00e4\u00dfe zu setzen.","og_url":"https:\/\/portal.schaffenburg.nl\/de\/produkt\/planter-akustik-schiebetuerschrank\/","og_site_name":"Schaffenburg","article_modified_time":"2019-01-24T14:19:06+00:00","og_image":[{"width":1500,"height":1500,"url":"https:\/\/portal.schaffenburg.nl\/wp-content\/uploads\/2024\/09\/cl_kast_plantebak.jpg?wsr","type":"image\/jpeg"}],"twitter_card":"summary_large_image","twitter_misc":{"Gesch\u00e4tzte Lesezeit":"2\u00a0Minuten"},"schema":{"@context":"https:\/\/schema.org","@graph":[{"@type":"WebPage","@id":"https:\/\/portal.schaffenburg.nl\/de\/produkt\/planter-akustik-schiebetuerschrank\/","url":"https:\/\/portal.schaffenburg.nl\/de\/produkt\/planter-akustik-schiebetuerschrank\/","name":"Planter Akustik-Schiebet\u00fcrschrank - Schaffenburg","isPartOf":{"@id":"https:\/\/portal.schaffenburg.nl\/de\/#website"},"primaryImageOfPage":{"@id":"https:\/\/portal.schaffenburg.nl\/de\/produkt\/planter-akustik-schiebetuerschrank\/#primaryimage"},"image":{"@id":"https:\/\/portal.schaffenburg.nl\/de\/produkt\/planter-akustik-schiebetuerschrank\/#primaryimage"},"thumbnailUrl":"https:\/\/portal.schaffenburg.nl\/wp-content\/uploads\/2024\/09\/cl_kast_plantebak.jpg?wsr","datePublished":"2019-01-24T12:19:06+00:00","dateModified":"2019-01-24T14:19:06+00:00","breadcrumb":{"@id":"https:\/\/portal.schaffenburg.nl\/de\/produkt\/planter-akustik-schiebetuerschrank\/#breadcrumb"},"inLanguage":"de","potentialAction":[{"@type":"ReadAction","target":["https:\/\/portal.schaffenburg.nl\/de\/produkt\/planter-akustik-schiebetuerschrank\/"]}]},{"@type":"ImageObject","inLanguage":"de","@id":"https:\/\/portal.schaffenburg.nl\/de\/produkt\/planter-akustik-schiebetuerschrank\/#primaryimage","url":"https:\/\/portal.schaffenburg.nl\/wp-content\/uploads\/2024\/09\/cl_kast_plantebak.jpg?wsr","contentUrl":"https:\/\/portal.schaffenburg.nl\/wp-content\/uploads\/2024\/09\/cl_kast_plantebak.jpg?wsr","width":1500,"height":1500},{"@type":"BreadcrumbList","@id":"https:\/\/portal.schaffenburg.nl\/de\/produkt\/planter-akustik-schiebetuerschrank\/#breadcrumb","itemListElement":[{"@type":"ListItem","position":1,"name":"Home","item":"https:\/\/portal.schaffenburg.nl\/de\/"},{"@type":"ListItem","position":2,"name":"Planter Akustik-Schiebet\u00fcrschrank"}]},{"@type":"WebSite","@id":"https:\/\/portal.schaffenburg.nl\/de\/#website","url":"https:\/\/portal.schaffenburg.nl\/de\/","name":"Schaffenburg","description":"","potentialAction":[{"@type":"SearchAction","target":{"@type":"EntryPoint","urlTemplate":"https:\/\/portal.schaffenburg.nl\/de\/?s={search_term_string}"},"query-input":{"@type":"PropertyValueSpecification","valueRequired":true,"valueName":"search_term_string"}}],"inLanguage":"de"}]}},"_links":{"self":[{"href":"https:\/\/portal.schaffenburg.nl\/de\/wp-json\/wp\/v2\/product\/29827","targetHints":{"allow":["GET"]}}],"collection":[{"href":"https:\/\/portal.schaffenburg.nl\/de\/wp-json\/wp\/v2\/product"}],"about":[{"href":"https:\/\/portal.schaffenburg.nl\/de\/wp-json\/wp\/v2\/types\/product"}],"replies":[{"embeddable":true,"href":"https:\/\/portal.schaffenburg.nl\/de\/wp-json\/wp\/v2\/comments?post=29827"}],"wp:featuredmedia":[{"embeddable":true,"href":"https:\/\/portal.schaffenburg.nl\/de\/wp-json\/wp\/v2\/media\/22712"}],"wp:attachment":[{"href":"https:\/\/portal.schaffenburg.nl\/de\/wp-json\/wp\/v2\/media?parent=29827"}],"wp:term":[{"taxonomy":"product_brand","embeddable":true,"href":"https:\/\/portal.schaffenburg.nl\/de\/wp-json\/wp\/v2\/product_brand?post=29827"},{"taxonomy":"product_cat","embeddable":true,"href":"https:\/\/portal.schaffenburg.nl\/de\/wp-json\/wp\/v2\/product_cat?post=29827"},{"taxonomy":"product_tag","embeddable":true,"href":"https:\/\/portal.schaffenburg.nl\/de\/wp-json\/wp\/v2\/product_tag?post=29827"}],"curies":[{"name":"wp","href":"https:\/\/api.w.org\/{rel}","templated":true}]}}