{"id":29950,"date":"2018-10-02T13:58:20","date_gmt":"2018-10-02T11:58:20","guid":{"rendered":"https:\/\/staging-schaffenburg.nl\/product\/schwebetueriger-kleiderschrank-claudius\/"},"modified":"2018-10-02T13:58:20","modified_gmt":"2018-10-02T13:58:20","slug":"schwebetueriger-kleiderschrank-claudius","status":"publish","type":"product","link":"https:\/\/portal.schaffenburg.nl\/de\/produkt\/schwebetueriger-kleiderschrank-claudius\/","title":{"rendered":"Schwebet\u00fcriger Kleiderschrank Claudius"},"content":{"rendered":"Entdecken Sie den Claudius Schiebet\u00fcrenschrank: Stilvoller akustischer Stauraum!\nHaben Sie es satt, st\u00e4ndig mit \u00fcberf\u00fcllten R\u00e4umen und mangelndem Stauraum konfrontiert zu sein? Dann haben wir die L\u00f6sung f\u00fcr Sie: den Claudius Schiebet\u00fcrenschrank. Dieser Schrank kombiniert auf einzigartige Weise Stil und Funktionalit\u00e4t und bietet die perfekte Staurauml\u00f6sung f\u00fcr jeden Raum.  \nMit Abmessungen von 160\/180 x 120 x 45 cm (BxHxT) ist der Claudius Schiebet\u00fcrenschrank ger\u00e4umig genug, um all Ihre Dinge geordnet aufzubewahren. Der Schrank ist in zwei sch\u00f6nen Ausf\u00fchrungen erh\u00e4ltlich: stahlwei\u00dfer Strukturlack (RAL9010) und schwarzer Strukturlack (RAL9011). So k\u00f6nnen Sie den Schrank perfekt auf den Stil Ihrer Einrichtung abstimmen.  \nWas den Claudius Schiebet\u00fcrenschrank wirklich besonders macht, sind die serienm\u00e4\u00dfigen Akustikt\u00fcren und die R\u00fcckwand. Diese sind mit einer akustischen Polsterung versehen, die die Umgebungsger\u00e4usche effektiv d\u00e4mpft. Das schafft in jedem Raum eine ruhige und gelassene Umgebung. Au\u00dferdem sind die T\u00fcren mit Perforationen und Verstellkappen versehen, die nicht nur funktional sind, sondern dem Schrank auch ein \u00e4sthetisches Element verleihen.   \nDie Flexibilit\u00e4t des Claudius Schiebet\u00fcrenschranks ist ein weiterer Vorteil, den Sie nicht ignorieren k\u00f6nnen. Beide F\u00e4cher k\u00f6nnen auf einer Seite oder auf jeweils einer anderen Seite ge\u00f6ffnet werden. So haben Sie leichten Zugang zu all Ihren verstauten Dingen. Au\u00dferdem ist der Schrank sowohl in einer einseitigen als auch in einer doppelseitigen Version erh\u00e4ltlich. Die einseitige Version hat zwei T\u00fcren auf der Vorderseite, w\u00e4hrend die doppelseitige Version eine T\u00fcr auf der Vorderseite und eine T\u00fcr auf der R\u00fcckseite hat.    \nDer Claudius Schiebet\u00fcrenschrank wird mit Einlegeb\u00f6den geliefert, so dass Sie den Raum nach Belieben aufteilen und f\u00fcr Ihre Bed\u00fcrfnisse optimieren k\u00f6nnen.\nBitte beachten Sie, dass die Claudius Schwebet\u00fcrenschr\u00e4nke nur mit dem Service der Montage und des Einzugs geliefert werden. Unsere professionellen Monteure sorgen daf\u00fcr, dass der Schrank perfekt montiert wird, so dass Sie sofort einen aufger\u00e4umten und organisierten Raum genie\u00dfen k\u00f6nnen. \nW\u00e4hlen Sie den Claudius Schiebet\u00fcrenschrank und verwandeln Sie Ihren Raum in ein geordnetes und stilvolles Paradies. Bestellen Sie noch heute und erleben Sie den Komfort und die Sch\u00f6nheit dieser gro\u00dfartigen Aufbewahrungsl\u00f6sung! \n<h6>Eigenschaften<\/h6>\n<ul>\n<li>Abmessungen: 160\/180 x 120 x 45cm (BxHxT)<\/li>\n<li>Oberfl\u00e4che Stahl wei\u00df strukturiert lackiert (RAL9010) und schwarz strukturiert lackiert (RAL9011)<\/li>\n<li>Serienm\u00e4\u00dfig mit Schallschutzt\u00fcren und R\u00fcckwand ausgestattet<\/li>\n<li>T\u00fcren mit Perforationen, Anpassungsst\u00f6pseln und akustischer Polsterung<\/li>\n<li>Beide F\u00e4cher lassen sich auf einer Seite oder jeweils auf einer anderen Seite \u00f6ffnen<\/li>\n<li>Inklusive Regale<\/li>\n<\/ul>\n<strong><em>Bitte beachten Sie, dass diese Schr\u00e4nke nur mit montiertem und eingezogenem Service geliefert werden k\u00f6nnen.  <\/em><\/strong>\n","protected":false},"excerpt":{"rendered":"<p>Entdecken Sie den Claudius Schiebet\u00fcrenschrank: eine stilvolle Aufbewahrungsl\u00f6sung mit Akustikt\u00fcren und R\u00fcckwand. Mit Abmessungen von 160\/180 x 120 x 45 cm (BxHxT) und erh\u00e4ltlich in wei\u00dfem und schwarzem Strukturlack bietet dieser Schrank reichlich Platz f\u00fcr all Ihre Sachen. Die akustische Polsterung in den T\u00fcren und der R\u00fcckwand d\u00e4mpft die Umgebungsger\u00e4usche, so dass Sie eine ruhige Umgebung genie\u00dfen k\u00f6nnen. Die T\u00fcren haben Perforationen und Einstellkappen f\u00fcr einen modernen Look. W\u00e4hlen Sie zwischen einseitiger (zwei T\u00fcren an der Vorderseite) oder doppelseitiger (eine T\u00fcr an der Vorderseite und eine an der R\u00fcckwand) Ausf\u00fchrung. Einlegeb\u00f6den inklusive. Montage und Einzugsservice erforderlich.      <\/p>\n","protected":false},"featured_media":16942,"comment_status":"closed","ping_status":"closed","template":"","meta":{"_acf_changed":false},"product_brand":[],"product_cat":[2140,2423],"product_tag":[2143,2968,4937,4953,2148,2970,4938,4954,2150,3133,4939,4955,2164,3444,4940,2165,3683,4941,2285,3999,4942,2289,4313,4943,2428,4314,4944,2429,4790,4945,2466,4792,4946,2471,4931,4947,2583,4932,4948,2713,4933,4949,2720,4934,4950,2721,4935,4951,2966,4936,4952],"class_list":{"0":"post-29950","1":"product","2":"type-product","3":"status-publish","4":"has-post-thumbnail","6":"product_cat-schnelle-lieferung","7":"product_cat-lagerung","8":"product_tag-nachhaltig","9":"product_tag-lagerung-de","10":"product_tag-einseitige-version","11":"product_tag-stahl-weis-strukturiert-lackiert","12":"product_tag-entwurf","13":"product_tag-sichere-aufbewahrung","14":"product_tag-integrierte-abfullung","15":"product_tag-schlankes-design-de-3","16":"product_tag-funktional","17":"product_tag-zubehoer","18":"product_tag-schalldicht-de","19":"product_tag-schwarzer-strukturlack","20":"product_tag-praktisch-de","21":"product_tag-montage-de","22":"product_tag-montiert","23":"product_tag-zeitgenossisch","24":"product_tag-einstellbar-de","25":"product_tag-einziehen","26":"product_tag-buro","27":"product_tag-trendy-de","28":"product_tag-einstellkappen","29":"product_tag-zeitlos","30":"product_tag-zeitgenossisch-de","31":"product_tag-zimmermobel","32":"product_tag-claudius-de","33":"product_tag-entwurf-de-2","34":"product_tag-kleiderschrank","35":"product_tag-organisiert","36":"product_tag-schwebeturiger-kleiderschrank-claudius-de","37":"product_tag-regale","38":"product_tag-qualitat","39":"product_tag-schiebeturenschrank","40":"product_tag-ablageschrank","41":"product_tag-effizient","42":"product_tag-moderner-stil","43":"product_tag-speicherlosung","44":"product_tag-vielseitig","45":"product_tag-akustische-turen","46":"product_tag-perforationen","47":"product_tag-minimalistisch-de","48":"product_tag-facher","49":"product_tag-ral9010-de","50":"product_tag-flexibel-de","51":"product_tag-dekorativ","52":"product_tag-ral9011-de","53":"product_tag-interieur-de","54":"product_tag-dampfung-von-umgebungsgerauschen","55":"product_tag-grose-abmessungen","56":"product_tag-lagerung","57":"product_tag-doppelseitige-version","58":"product_tag-ruhige-umgebung","59":"pa_diepte-45cm-de","60":"pa_hoogte-120cm-de","61":"pa_lengte-160cm-de","62":"pa_lengte-180cm-de","63":"pa_staal-kleur-schwarz","64":"pa_staal-kleur-weis","66":"first","67":"instock","68":"purchasable","69":"product-type-variable"},"acf":{"downloads":[{"label":"factsheet_CLAUDIUS_SDK_2019-v3","bestand":26710,"toegankelijkheid":"resellers"},{"label":"factsheet_CLAUDIUS_SDK_2019-v2","bestand":26712,"toegankelijkheid":"resellers"}]},"yoast_head":"<!-- This site is optimized with the Yoast SEO plugin v26.7 - https:\/\/yoast.com\/wordpress\/plugins\/seo\/ -->\n<title>Schwebet\u00fcriger Kleiderschrank Claudius - Schaffenburg<\/title>\n<meta name=\"robots\" content=\"index, follow, max-snippet:-1, max-image-preview:large, max-video-preview:-1\" \/>\n<link rel=\"canonical\" href=\"https:\/\/portal.schaffenburg.nl\/de\/produkt\/schwebetueriger-kleiderschrank-claudius\/\" \/>\n<meta property=\"og:locale\" content=\"de_DE\" \/>\n<meta property=\"og:type\" content=\"article\" \/>\n<meta property=\"og:title\" content=\"Schwebet\u00fcriger Kleiderschrank Claudius - Schaffenburg\" \/>\n<meta property=\"og:description\" content=\"Entdecken Sie den Claudius Schiebet\u00fcrenschrank: eine stilvolle Aufbewahrungsl\u00f6sung mit Akustikt\u00fcren und R\u00fcckwand. Mit Abmessungen von 160\/180 x 120 x 45 cm (BxHxT) und erh\u00e4ltlich in wei\u00dfem und schwarzem Strukturlack bietet dieser Schrank reichlich Platz f\u00fcr all Ihre Sachen. Die akustische Polsterung in den T\u00fcren und der R\u00fcckwand d\u00e4mpft die Umgebungsger\u00e4usche, so dass Sie eine ruhige Umgebung genie\u00dfen k\u00f6nnen. Die T\u00fcren haben Perforationen und Einstellkappen f\u00fcr einen modernen Look. W\u00e4hlen Sie zwischen einseitiger (zwei T\u00fcren an der Vorderseite) oder doppelseitiger (eine T\u00fcr an der Vorderseite und eine an der R\u00fcckwand) Ausf\u00fchrung. Einlegeb\u00f6den inklusive. Montage und Einzugsservice erforderlich.\" \/>\n<meta property=\"og:url\" content=\"https:\/\/portal.schaffenburg.nl\/de\/produkt\/schwebetueriger-kleiderschrank-claudius\/\" \/>\n<meta property=\"og:site_name\" content=\"Schaffenburg\" \/>\n<meta property=\"article:modified_time\" content=\"2018-10-02T13:58:20+00:00\" \/>\n<meta property=\"og:image\" content=\"https:\/\/portal.schaffenburg.nl\/wp-content\/uploads\/2024\/09\/claudius-schuifdeurkast-1.jpg?wsr\" \/>\n\t<meta property=\"og:image:width\" content=\"1145\" \/>\n\t<meta property=\"og:image:height\" content=\"1146\" \/>\n\t<meta property=\"og:image:type\" content=\"image\/jpeg\" \/>\n<meta name=\"twitter:card\" content=\"summary_large_image\" \/>\n<meta name=\"twitter:label1\" content=\"Gesch\u00e4tzte Lesezeit\" \/>\n\t<meta name=\"twitter:data1\" content=\"2\u00a0Minuten\" \/>\n<script type=\"application\/ld+json\" class=\"yoast-schema-graph\">{\"@context\":\"https:\/\/schema.org\",\"@graph\":[{\"@type\":\"WebPage\",\"@id\":\"https:\/\/portal.schaffenburg.nl\/de\/produkt\/schwebetueriger-kleiderschrank-claudius\/\",\"url\":\"https:\/\/portal.schaffenburg.nl\/de\/produkt\/schwebetueriger-kleiderschrank-claudius\/\",\"name\":\"Schwebet\u00fcriger Kleiderschrank Claudius - Schaffenburg\",\"isPartOf\":{\"@id\":\"https:\/\/portal.schaffenburg.nl\/de\/#website\"},\"primaryImageOfPage\":{\"@id\":\"https:\/\/portal.schaffenburg.nl\/de\/produkt\/schwebetueriger-kleiderschrank-claudius\/#primaryimage\"},\"image\":{\"@id\":\"https:\/\/portal.schaffenburg.nl\/de\/produkt\/schwebetueriger-kleiderschrank-claudius\/#primaryimage\"},\"thumbnailUrl\":\"https:\/\/portal.schaffenburg.nl\/wp-content\/uploads\/2024\/09\/claudius-schuifdeurkast-1.jpg?wsr\",\"datePublished\":\"2018-10-02T11:58:20+00:00\",\"dateModified\":\"2018-10-02T13:58:20+00:00\",\"breadcrumb\":{\"@id\":\"https:\/\/portal.schaffenburg.nl\/de\/produkt\/schwebetueriger-kleiderschrank-claudius\/#breadcrumb\"},\"inLanguage\":\"de\",\"potentialAction\":[{\"@type\":\"ReadAction\",\"target\":[\"https:\/\/portal.schaffenburg.nl\/de\/produkt\/schwebetueriger-kleiderschrank-claudius\/\"]}]},{\"@type\":\"ImageObject\",\"inLanguage\":\"de\",\"@id\":\"https:\/\/portal.schaffenburg.nl\/de\/produkt\/schwebetueriger-kleiderschrank-claudius\/#primaryimage\",\"url\":\"https:\/\/portal.schaffenburg.nl\/wp-content\/uploads\/2024\/09\/claudius-schuifdeurkast-1.jpg?wsr\",\"contentUrl\":\"https:\/\/portal.schaffenburg.nl\/wp-content\/uploads\/2024\/09\/claudius-schuifdeurkast-1.jpg?wsr\",\"width\":1145,\"height\":1146},{\"@type\":\"BreadcrumbList\",\"@id\":\"https:\/\/portal.schaffenburg.nl\/de\/produkt\/schwebetueriger-kleiderschrank-claudius\/#breadcrumb\",\"itemListElement\":[{\"@type\":\"ListItem\",\"position\":1,\"name\":\"Home\",\"item\":\"https:\/\/portal.schaffenburg.nl\/de\/\"},{\"@type\":\"ListItem\",\"position\":2,\"name\":\"Schwebet\u00fcriger Kleiderschrank Claudius\"}]},{\"@type\":\"WebSite\",\"@id\":\"https:\/\/portal.schaffenburg.nl\/de\/#website\",\"url\":\"https:\/\/portal.schaffenburg.nl\/de\/\",\"name\":\"Schaffenburg\",\"description\":\"\",\"potentialAction\":[{\"@type\":\"SearchAction\",\"target\":{\"@type\":\"EntryPoint\",\"urlTemplate\":\"https:\/\/portal.schaffenburg.nl\/de\/?s={search_term_string}\"},\"query-input\":{\"@type\":\"PropertyValueSpecification\",\"valueRequired\":true,\"valueName\":\"search_term_string\"}}],\"inLanguage\":\"de\"}]}<\/script>\n<!-- \/ Yoast SEO plugin. -->","yoast_head_json":{"title":"Schwebet\u00fcriger Kleiderschrank Claudius - Schaffenburg","robots":{"index":"index","follow":"follow","max-snippet":"max-snippet:-1","max-image-preview":"max-image-preview:large","max-video-preview":"max-video-preview:-1"},"canonical":"https:\/\/portal.schaffenburg.nl\/de\/produkt\/schwebetueriger-kleiderschrank-claudius\/","og_locale":"de_DE","og_type":"article","og_title":"Schwebet\u00fcriger Kleiderschrank Claudius - Schaffenburg","og_description":"Entdecken Sie den Claudius Schiebet\u00fcrenschrank: eine stilvolle Aufbewahrungsl\u00f6sung mit Akustikt\u00fcren und R\u00fcckwand. Mit Abmessungen von 160\/180 x 120 x 45 cm (BxHxT) und erh\u00e4ltlich in wei\u00dfem und schwarzem Strukturlack bietet dieser Schrank reichlich Platz f\u00fcr all Ihre Sachen. Die akustische Polsterung in den T\u00fcren und der R\u00fcckwand d\u00e4mpft die Umgebungsger\u00e4usche, so dass Sie eine ruhige Umgebung genie\u00dfen k\u00f6nnen. Die T\u00fcren haben Perforationen und Einstellkappen f\u00fcr einen modernen Look. W\u00e4hlen Sie zwischen einseitiger (zwei T\u00fcren an der Vorderseite) oder doppelseitiger (eine T\u00fcr an der Vorderseite und eine an der R\u00fcckwand) Ausf\u00fchrung. Einlegeb\u00f6den inklusive. Montage und Einzugsservice erforderlich.","og_url":"https:\/\/portal.schaffenburg.nl\/de\/produkt\/schwebetueriger-kleiderschrank-claudius\/","og_site_name":"Schaffenburg","article_modified_time":"2018-10-02T13:58:20+00:00","og_image":[{"width":1145,"height":1146,"url":"https:\/\/portal.schaffenburg.nl\/wp-content\/uploads\/2024\/09\/claudius-schuifdeurkast-1.jpg?wsr","type":"image\/jpeg"}],"twitter_card":"summary_large_image","twitter_misc":{"Gesch\u00e4tzte Lesezeit":"2\u00a0Minuten"},"schema":{"@context":"https:\/\/schema.org","@graph":[{"@type":"WebPage","@id":"https:\/\/portal.schaffenburg.nl\/de\/produkt\/schwebetueriger-kleiderschrank-claudius\/","url":"https:\/\/portal.schaffenburg.nl\/de\/produkt\/schwebetueriger-kleiderschrank-claudius\/","name":"Schwebet\u00fcriger Kleiderschrank Claudius - Schaffenburg","isPartOf":{"@id":"https:\/\/portal.schaffenburg.nl\/de\/#website"},"primaryImageOfPage":{"@id":"https:\/\/portal.schaffenburg.nl\/de\/produkt\/schwebetueriger-kleiderschrank-claudius\/#primaryimage"},"image":{"@id":"https:\/\/portal.schaffenburg.nl\/de\/produkt\/schwebetueriger-kleiderschrank-claudius\/#primaryimage"},"thumbnailUrl":"https:\/\/portal.schaffenburg.nl\/wp-content\/uploads\/2024\/09\/claudius-schuifdeurkast-1.jpg?wsr","datePublished":"2018-10-02T11:58:20+00:00","dateModified":"2018-10-02T13:58:20+00:00","breadcrumb":{"@id":"https:\/\/portal.schaffenburg.nl\/de\/produkt\/schwebetueriger-kleiderschrank-claudius\/#breadcrumb"},"inLanguage":"de","potentialAction":[{"@type":"ReadAction","target":["https:\/\/portal.schaffenburg.nl\/de\/produkt\/schwebetueriger-kleiderschrank-claudius\/"]}]},{"@type":"ImageObject","inLanguage":"de","@id":"https:\/\/portal.schaffenburg.nl\/de\/produkt\/schwebetueriger-kleiderschrank-claudius\/#primaryimage","url":"https:\/\/portal.schaffenburg.nl\/wp-content\/uploads\/2024\/09\/claudius-schuifdeurkast-1.jpg?wsr","contentUrl":"https:\/\/portal.schaffenburg.nl\/wp-content\/uploads\/2024\/09\/claudius-schuifdeurkast-1.jpg?wsr","width":1145,"height":1146},{"@type":"BreadcrumbList","@id":"https:\/\/portal.schaffenburg.nl\/de\/produkt\/schwebetueriger-kleiderschrank-claudius\/#breadcrumb","itemListElement":[{"@type":"ListItem","position":1,"name":"Home","item":"https:\/\/portal.schaffenburg.nl\/de\/"},{"@type":"ListItem","position":2,"name":"Schwebet\u00fcriger Kleiderschrank Claudius"}]},{"@type":"WebSite","@id":"https:\/\/portal.schaffenburg.nl\/de\/#website","url":"https:\/\/portal.schaffenburg.nl\/de\/","name":"Schaffenburg","description":"","potentialAction":[{"@type":"SearchAction","target":{"@type":"EntryPoint","urlTemplate":"https:\/\/portal.schaffenburg.nl\/de\/?s={search_term_string}"},"query-input":{"@type":"PropertyValueSpecification","valueRequired":true,"valueName":"search_term_string"}}],"inLanguage":"de"}]}},"_links":{"self":[{"href":"https:\/\/portal.schaffenburg.nl\/de\/wp-json\/wp\/v2\/product\/29950","targetHints":{"allow":["GET"]}}],"collection":[{"href":"https:\/\/portal.schaffenburg.nl\/de\/wp-json\/wp\/v2\/product"}],"about":[{"href":"https:\/\/portal.schaffenburg.nl\/de\/wp-json\/wp\/v2\/types\/product"}],"replies":[{"embeddable":true,"href":"https:\/\/portal.schaffenburg.nl\/de\/wp-json\/wp\/v2\/comments?post=29950"}],"wp:featuredmedia":[{"embeddable":true,"href":"https:\/\/portal.schaffenburg.nl\/de\/wp-json\/wp\/v2\/media\/16942"}],"wp:attachment":[{"href":"https:\/\/portal.schaffenburg.nl\/de\/wp-json\/wp\/v2\/media?parent=29950"}],"wp:term":[{"taxonomy":"product_brand","embeddable":true,"href":"https:\/\/portal.schaffenburg.nl\/de\/wp-json\/wp\/v2\/product_brand?post=29950"},{"taxonomy":"product_cat","embeddable":true,"href":"https:\/\/portal.schaffenburg.nl\/de\/wp-json\/wp\/v2\/product_cat?post=29950"},{"taxonomy":"product_tag","embeddable":true,"href":"https:\/\/portal.schaffenburg.nl\/de\/wp-json\/wp\/v2\/product_tag?post=29950"}],"curies":[{"name":"wp","href":"https:\/\/api.w.org\/{rel}","templated":true}]}}