{"id":29955,"date":"2018-10-02T13:58:19","date_gmt":"2018-10-02T11:58:19","guid":{"rendered":"https:\/\/staging-schaffenburg.nl\/product\/claudius-plus-rollladenschrank\/"},"modified":"2018-10-02T13:58:19","modified_gmt":"2018-10-02T13:58:19","slug":"claudius-plus-rollladenschrank","status":"publish","type":"product","link":"https:\/\/portal.schaffenburg.nl\/de\/produkt\/claudius-plus-rollladenschrank\/","title":{"rendered":"Claudius PLUS Rollladenschrank"},"content":{"rendered":"Suchen Sie nach einer praktischen und stilvollen Aufbewahrungsl\u00f6sung f\u00fcr Ihr B\u00fcro? Dann lernen Sie den Claudius PLUS Rollladenschrank kennen - die perfekte Mischung aus Funktionalit\u00e4t und Design. \nMit einem Stahlgeh\u00e4use und vertikalen Standard-Kunststofflamellen bietet dieser Schrank den ultimativen Schutz f\u00fcr Ihre Dokumente und B\u00fcromaterialien. Der Schrank ist in drei modernen Farben erh\u00e4ltlich - Aluminium, Wei\u00df und Schwarz - so dass Sie ganz einfach die richtige Farbe f\u00fcr Ihr B\u00fcro w\u00e4hlen k\u00f6nnen. \nDer Claudius PLUS Rollladenschrank wurde mit Blick auf Ihre Bed\u00fcrfnisse entworfen. Mit von innen verstellbaren Stellf\u00fc\u00dfen, nummerierten Schl\u00f6ssern und einem seitlichen Aufh\u00e4ngungssystem mit einem Achsabstand von 33 cm ist dieser Schrank nicht nur praktisch, sondern auch flexibel und sicher in der Anwendung. \nDas serienm\u00e4\u00dfige Magnetschloss und der versenkte Griff machen den Schrank besonders benutzerfreundlich. Der Boden des Rolltorschranks hat einen flachen Boden und das Schloss und die Abschlussleiste sind aus Stahl, w\u00e4hrend die Rolltorleisten aus hochwertigem Kunststoff gefertigt sind. \nDer Schrank wird standardm\u00e4\u00dfig mit einem oder mehreren Einlegeb\u00f6den geliefert; Tiefenf\u00fchrungen und Abdeckungen sind optional erh\u00e4ltlich. Der Schrank kann mit ausziehbaren Fachb\u00f6den erweitert werden, um noch mehr Stauraum zu schaffen. Und f\u00fcr zus\u00e4tzlichen Komfort k\u00f6nnen Sie den Schrank sogar mit einem Anbauschrank f\u00fcr zwei oder drei Ordner \u00fcbereinander erweitern.  \nKurzum, der Rollladenschrank Claudius PLUS ist die ideale Aufbewahrungsl\u00f6sung f\u00fcr Ihr B\u00fcro. Mit seinem eleganten Design und seinen praktischen Funktionen ist dieser Schrank eine echte Bereicherung f\u00fcr jeden Arbeitsbereich. Bestellen Sie ihn noch heute und erleben Sie den Komfort und die Sicherheit dieses hochwertigen Schranks.  \n<h6>Eigenschaften<\/h6>\n<ul>\n<li>Stahlgeh\u00e4use und vertikale Standard-Kunststofflamellen<\/li>\n<li>Erh\u00e4ltlich in 3 Farben: Aluminium, Wei\u00df oder Schwarz<\/li>\n<li>Verstellbare Stellf\u00fc\u00dfe von innen<br \/>\n(Ausnahme: Aktenschrank mit Rollt\u00fcren f\u00fcr zwei \u00fcbereinander liegende Aktenordner)<\/li>\n<li>Standardm\u00e4\u00dfig mit Magnetverschluss ausgestattet<\/li>\n<li>Nummerierte Schl\u00f6sser.<\/li>\n<li>Seitliches Aufh\u00e4ngesystem mit einem Mittenabstand von 33 cm im Schrankoberteil, au\u00dfer Oberschrank und Schrank f\u00fcr zwei und drei Ordner \u00fcbereinander geeignet<\/li>\n<li>Standardm\u00e4\u00dfig mit Regal(en) und optional erweiterbar mit ausziehbaren Regalen, Tiefenf\u00fchrungen und Aufs\u00e4tzen.<\/li>\n<li>Die Unterseite des Rollladenschranks hat einen eingelegten flachen Boden<\/li>\n<li>Verschluss- und Endleisten sind aus Stahl, Rollladenleisten aus Kunststoff gefertigt<\/li>\n<li>Unterputzgriff, fl\u00e4chenb\u00fcndige Montage<\/li>\n<\/ul>\n","protected":false},"excerpt":{"rendered":"<p>Der Rollladenschrank Claudius PLUS ist die ideale Aufbewahrungsl\u00f6sung f\u00fcr B\u00fcros. Mit einem Stahlgeh\u00e4use und vertikalen Kunststofflamellen bietet dieser Schrank Schutz f\u00fcr Dokumente und Vorr\u00e4te. Der Schrank ist in 3 Farben erh\u00e4ltlich, hat verstellbare Nivellierf\u00fc\u00dfe, ein seitliches Aufh\u00e4ngungssystem und nummerierte Schl\u00f6sser. Die Standardausf\u00fchrung ist mit Einlegeb\u00f6den, Auszugsb\u00f6den und Aufs\u00e4tzen erweiterbar.   <\/p>\n","protected":false},"featured_media":16906,"comment_status":"closed","ping_status":"closed","template":"","meta":{"_acf_changed":false},"product_brand":[],"product_cat":[2140,2423],"product_tag":[2145,4964,4980,2164,4965,4981,2424,4966,2425,4967,2426,4968,2427,4969,2720,4970,2966,4971,2968,4972,3191,4973,3325,4974,4342,4975,4428,4976,4463,4977,4962,4978,2143,4963,4979],"class_list":{"0":"post-29955","1":"product","2":"type-product","3":"status-publish","4":"has-post-thumbnail","6":"product_cat-schnelle-lieferung","7":"product_cat-lagerung","8":"product_tag-schwarz","9":"product_tag-claudius-plus-de","10":"product_tag-einbaugriff","11":"product_tag-praktisch-de","12":"product_tag-tiefenfuhrungen","13":"product_tag-flacher-boden","14":"product_tag-aluminium-de","15":"product_tag-funktionelles-design","16":"product_tag-sicher","17":"product_tag-zahlenschlosser","18":"product_tag-dokumente","19":"product_tag-hochwertiger-kunststoff","20":"product_tag-weis","21":"product_tag-buro-lagerung","22":"product_tag-flexibel-de","23":"product_tag-schrank","24":"product_tag-lagerung","25":"product_tag-kunststofflamellen","26":"product_tag-lagerung-de","27":"product_tag-system-der-seitlichen-federung","28":"product_tag-schutz","29":"product_tag-regal","30":"product_tag-burobedarf","31":"product_tag-magnetverschluss","32":"product_tag-buroflache-de","33":"product_tag-bindemittel","34":"product_tag-ausbaufahig","35":"product_tag-rollladenschrank","36":"product_tag-einstellbare-nivellierfuse","37":"product_tag-stahlmantel","38":"product_tag-aktenschrank","39":"product_tag-tops","40":"product_tag-nachhaltig","41":"product_tag-archiv","42":"product_tag-auszug","43":"pa_diepte-45cm-de","44":"pa_hoogte-105cm-de","45":"pa_hoogte-198cm-de","46":"pa_hoogte-72-8cm-de","47":"pa_lamellen-kleur-aluminium-de","48":"pa_lamellen-kleur-schwarz","49":"pa_lamellen-kleur-weis","50":"pa_lengte-120cm-de","51":"pa_lengte-80cm-de","52":"pa_staal-kleur-aluminium-de","53":"pa_staal-kleur-schwarz","54":"pa_staal-kleur-weis","56":"first","57":"instock","58":"purchasable","59":"product-type-variable"},"acf":{"downloads":[{"label":"Merkblatt_CL_RDK_PLUS-v1","bestand":26714,"toegankelijkheid":"resellers"},{"label":"Factsheet-Projekte-opbergen","bestand":26716,"toegankelijkheid":"resellers"}]},"yoast_head":"<!-- This site is optimized with the Yoast SEO plugin v26.7 - https:\/\/yoast.com\/wordpress\/plugins\/seo\/ -->\n<title>Claudius PLUS Rollladenschrank - Schaffenburg<\/title>\n<meta name=\"robots\" content=\"index, follow, max-snippet:-1, max-image-preview:large, max-video-preview:-1\" \/>\n<link rel=\"canonical\" href=\"https:\/\/portal.schaffenburg.nl\/de\/produkt\/claudius-plus-rollladenschrank\/\" \/>\n<meta property=\"og:locale\" content=\"de_DE\" \/>\n<meta property=\"og:type\" content=\"article\" \/>\n<meta property=\"og:title\" content=\"Claudius PLUS Rollladenschrank - Schaffenburg\" \/>\n<meta property=\"og:description\" content=\"Der Rollladenschrank Claudius PLUS ist die ideale Aufbewahrungsl\u00f6sung f\u00fcr B\u00fcros. Mit einem Stahlgeh\u00e4use und vertikalen Kunststofflamellen bietet dieser Schrank Schutz f\u00fcr Dokumente und Vorr\u00e4te. Der Schrank ist in 3 Farben erh\u00e4ltlich, hat verstellbare Nivellierf\u00fc\u00dfe, ein seitliches Aufh\u00e4ngungssystem und nummerierte Schl\u00f6sser. Die Standardausf\u00fchrung ist mit Einlegeb\u00f6den, Auszugsb\u00f6den und Aufs\u00e4tzen erweiterbar.\" \/>\n<meta property=\"og:url\" content=\"https:\/\/portal.schaffenburg.nl\/de\/produkt\/claudius-plus-rollladenschrank\/\" \/>\n<meta property=\"og:site_name\" content=\"Schaffenburg\" \/>\n<meta property=\"article:modified_time\" content=\"2018-10-02T13:58:19+00:00\" \/>\n<meta property=\"og:image\" content=\"https:\/\/portal.schaffenburg.nl\/wp-content\/uploads\/2024\/09\/CP-R728120-66P.jpg?wsr\" \/>\n\t<meta property=\"og:image:width\" content=\"567\" \/>\n\t<meta property=\"og:image:height\" content=\"567\" \/>\n\t<meta property=\"og:image:type\" content=\"image\/jpeg\" \/>\n<meta name=\"twitter:card\" content=\"summary_large_image\" \/>\n<meta name=\"twitter:label1\" content=\"Gesch\u00e4tzte Lesezeit\" \/>\n\t<meta name=\"twitter:data1\" content=\"2\u00a0Minuten\" \/>\n<script type=\"application\/ld+json\" class=\"yoast-schema-graph\">{\"@context\":\"https:\/\/schema.org\",\"@graph\":[{\"@type\":\"WebPage\",\"@id\":\"https:\/\/portal.schaffenburg.nl\/de\/produkt\/claudius-plus-rollladenschrank\/\",\"url\":\"https:\/\/portal.schaffenburg.nl\/de\/produkt\/claudius-plus-rollladenschrank\/\",\"name\":\"Claudius PLUS Rollladenschrank - Schaffenburg\",\"isPartOf\":{\"@id\":\"https:\/\/portal.schaffenburg.nl\/de\/#website\"},\"primaryImageOfPage\":{\"@id\":\"https:\/\/portal.schaffenburg.nl\/de\/produkt\/claudius-plus-rollladenschrank\/#primaryimage\"},\"image\":{\"@id\":\"https:\/\/portal.schaffenburg.nl\/de\/produkt\/claudius-plus-rollladenschrank\/#primaryimage\"},\"thumbnailUrl\":\"https:\/\/portal.schaffenburg.nl\/wp-content\/uploads\/2024\/09\/CP-R728120-66P.jpg?wsr\",\"datePublished\":\"2018-10-02T11:58:19+00:00\",\"dateModified\":\"2018-10-02T13:58:19+00:00\",\"breadcrumb\":{\"@id\":\"https:\/\/portal.schaffenburg.nl\/de\/produkt\/claudius-plus-rollladenschrank\/#breadcrumb\"},\"inLanguage\":\"de\",\"potentialAction\":[{\"@type\":\"ReadAction\",\"target\":[\"https:\/\/portal.schaffenburg.nl\/de\/produkt\/claudius-plus-rollladenschrank\/\"]}]},{\"@type\":\"ImageObject\",\"inLanguage\":\"de\",\"@id\":\"https:\/\/portal.schaffenburg.nl\/de\/produkt\/claudius-plus-rollladenschrank\/#primaryimage\",\"url\":\"https:\/\/portal.schaffenburg.nl\/wp-content\/uploads\/2024\/09\/CP-R728120-66P.jpg?wsr\",\"contentUrl\":\"https:\/\/portal.schaffenburg.nl\/wp-content\/uploads\/2024\/09\/CP-R728120-66P.jpg?wsr\",\"width\":567,\"height\":567,\"caption\":\"Claudius PLUS Rollladenschrank\"},{\"@type\":\"BreadcrumbList\",\"@id\":\"https:\/\/portal.schaffenburg.nl\/de\/produkt\/claudius-plus-rollladenschrank\/#breadcrumb\",\"itemListElement\":[{\"@type\":\"ListItem\",\"position\":1,\"name\":\"Home\",\"item\":\"https:\/\/portal.schaffenburg.nl\/de\/\"},{\"@type\":\"ListItem\",\"position\":2,\"name\":\"Claudius PLUS Rollladenschrank\"}]},{\"@type\":\"WebSite\",\"@id\":\"https:\/\/portal.schaffenburg.nl\/de\/#website\",\"url\":\"https:\/\/portal.schaffenburg.nl\/de\/\",\"name\":\"Schaffenburg\",\"description\":\"\",\"potentialAction\":[{\"@type\":\"SearchAction\",\"target\":{\"@type\":\"EntryPoint\",\"urlTemplate\":\"https:\/\/portal.schaffenburg.nl\/de\/?s={search_term_string}\"},\"query-input\":{\"@type\":\"PropertyValueSpecification\",\"valueRequired\":true,\"valueName\":\"search_term_string\"}}],\"inLanguage\":\"de\"}]}<\/script>\n<!-- \/ Yoast SEO plugin. -->","yoast_head_json":{"title":"Claudius PLUS Rollladenschrank - Schaffenburg","robots":{"index":"index","follow":"follow","max-snippet":"max-snippet:-1","max-image-preview":"max-image-preview:large","max-video-preview":"max-video-preview:-1"},"canonical":"https:\/\/portal.schaffenburg.nl\/de\/produkt\/claudius-plus-rollladenschrank\/","og_locale":"de_DE","og_type":"article","og_title":"Claudius PLUS Rollladenschrank - Schaffenburg","og_description":"Der Rollladenschrank Claudius PLUS ist die ideale Aufbewahrungsl\u00f6sung f\u00fcr B\u00fcros. Mit einem Stahlgeh\u00e4use und vertikalen Kunststofflamellen bietet dieser Schrank Schutz f\u00fcr Dokumente und Vorr\u00e4te. Der Schrank ist in 3 Farben erh\u00e4ltlich, hat verstellbare Nivellierf\u00fc\u00dfe, ein seitliches Aufh\u00e4ngungssystem und nummerierte Schl\u00f6sser. Die Standardausf\u00fchrung ist mit Einlegeb\u00f6den, Auszugsb\u00f6den und Aufs\u00e4tzen erweiterbar.","og_url":"https:\/\/portal.schaffenburg.nl\/de\/produkt\/claudius-plus-rollladenschrank\/","og_site_name":"Schaffenburg","article_modified_time":"2018-10-02T13:58:19+00:00","og_image":[{"width":567,"height":567,"url":"https:\/\/portal.schaffenburg.nl\/wp-content\/uploads\/2024\/09\/CP-R728120-66P.jpg?wsr","type":"image\/jpeg"}],"twitter_card":"summary_large_image","twitter_misc":{"Gesch\u00e4tzte Lesezeit":"2\u00a0Minuten"},"schema":{"@context":"https:\/\/schema.org","@graph":[{"@type":"WebPage","@id":"https:\/\/portal.schaffenburg.nl\/de\/produkt\/claudius-plus-rollladenschrank\/","url":"https:\/\/portal.schaffenburg.nl\/de\/produkt\/claudius-plus-rollladenschrank\/","name":"Claudius PLUS Rollladenschrank - Schaffenburg","isPartOf":{"@id":"https:\/\/portal.schaffenburg.nl\/de\/#website"},"primaryImageOfPage":{"@id":"https:\/\/portal.schaffenburg.nl\/de\/produkt\/claudius-plus-rollladenschrank\/#primaryimage"},"image":{"@id":"https:\/\/portal.schaffenburg.nl\/de\/produkt\/claudius-plus-rollladenschrank\/#primaryimage"},"thumbnailUrl":"https:\/\/portal.schaffenburg.nl\/wp-content\/uploads\/2024\/09\/CP-R728120-66P.jpg?wsr","datePublished":"2018-10-02T11:58:19+00:00","dateModified":"2018-10-02T13:58:19+00:00","breadcrumb":{"@id":"https:\/\/portal.schaffenburg.nl\/de\/produkt\/claudius-plus-rollladenschrank\/#breadcrumb"},"inLanguage":"de","potentialAction":[{"@type":"ReadAction","target":["https:\/\/portal.schaffenburg.nl\/de\/produkt\/claudius-plus-rollladenschrank\/"]}]},{"@type":"ImageObject","inLanguage":"de","@id":"https:\/\/portal.schaffenburg.nl\/de\/produkt\/claudius-plus-rollladenschrank\/#primaryimage","url":"https:\/\/portal.schaffenburg.nl\/wp-content\/uploads\/2024\/09\/CP-R728120-66P.jpg?wsr","contentUrl":"https:\/\/portal.schaffenburg.nl\/wp-content\/uploads\/2024\/09\/CP-R728120-66P.jpg?wsr","width":567,"height":567,"caption":"Claudius PLUS Rollladenschrank"},{"@type":"BreadcrumbList","@id":"https:\/\/portal.schaffenburg.nl\/de\/produkt\/claudius-plus-rollladenschrank\/#breadcrumb","itemListElement":[{"@type":"ListItem","position":1,"name":"Home","item":"https:\/\/portal.schaffenburg.nl\/de\/"},{"@type":"ListItem","position":2,"name":"Claudius PLUS Rollladenschrank"}]},{"@type":"WebSite","@id":"https:\/\/portal.schaffenburg.nl\/de\/#website","url":"https:\/\/portal.schaffenburg.nl\/de\/","name":"Schaffenburg","description":"","potentialAction":[{"@type":"SearchAction","target":{"@type":"EntryPoint","urlTemplate":"https:\/\/portal.schaffenburg.nl\/de\/?s={search_term_string}"},"query-input":{"@type":"PropertyValueSpecification","valueRequired":true,"valueName":"search_term_string"}}],"inLanguage":"de"}]}},"_links":{"self":[{"href":"https:\/\/portal.schaffenburg.nl\/de\/wp-json\/wp\/v2\/product\/29955","targetHints":{"allow":["GET"]}}],"collection":[{"href":"https:\/\/portal.schaffenburg.nl\/de\/wp-json\/wp\/v2\/product"}],"about":[{"href":"https:\/\/portal.schaffenburg.nl\/de\/wp-json\/wp\/v2\/types\/product"}],"replies":[{"embeddable":true,"href":"https:\/\/portal.schaffenburg.nl\/de\/wp-json\/wp\/v2\/comments?post=29955"}],"wp:featuredmedia":[{"embeddable":true,"href":"https:\/\/portal.schaffenburg.nl\/de\/wp-json\/wp\/v2\/media\/16906"}],"wp:attachment":[{"href":"https:\/\/portal.schaffenburg.nl\/de\/wp-json\/wp\/v2\/media?parent=29955"}],"wp:term":[{"taxonomy":"product_brand","embeddable":true,"href":"https:\/\/portal.schaffenburg.nl\/de\/wp-json\/wp\/v2\/product_brand?post=29955"},{"taxonomy":"product_cat","embeddable":true,"href":"https:\/\/portal.schaffenburg.nl\/de\/wp-json\/wp\/v2\/product_cat?post=29955"},{"taxonomy":"product_tag","embeddable":true,"href":"https:\/\/portal.schaffenburg.nl\/de\/wp-json\/wp\/v2\/product_tag?post=29955"}],"curies":[{"name":"wp","href":"https:\/\/api.w.org\/{rel}","templated":true}]}}