{"id":29995,"date":"2018-10-02T13:58:20","date_gmt":"2018-10-02T13:58:20","guid":{"rendered":"https:\/\/staging-schaffenburg.nl\/product\/dextro-slinger-sitz-steh-schreibtisch\/"},"modified":"2018-10-02T13:58:20","modified_gmt":"2018-10-02T13:58:20","slug":"dextro-slinger-sitz-steh-schreibtisch","status":"publish","type":"product","link":"https:\/\/portal.schaffenburg.nl\/de\/produkt\/dextro-slinger-sitz-steh-schreibtisch\/","title":{"rendered":"Dextro Slinger Sitz-Steh-Schreibtisch"},"content":{"rendered":"Sie suchen einen stabilen Steh-Sitz-Schreibtisch, f\u00fcr den Sie keinen Strom ben\u00f6tigen? Dann w\u00e4hlen Sie den Dextro Pendulum Steh-Sitz-Tisch! Dieser Schreibtisch ist in verschiedenen Farbkombinationen und Gr\u00f6\u00dfen erh\u00e4ltlich, so dass er zu jeder Einrichtung passt. Das Pendel kann entweder links oder rechts angebracht werden und die Tischh\u00f6he ist von 69,5 bis 116 cm verstellbar, mit 1 cm pro Pendelumdrehung. Die robuste Stahlkonstruktion sorgt f\u00fcr maximale Stabilit\u00e4t und die Tischplatten sind aus 25 mm starkem Melamin. Der Schreibtisch ist mit maximal 70 kg belastbar und kann mit Zubeh\u00f6r wie Kabelmanagement, CPU-Halter und Frontplatte aus Stahl erweitert werden.     \nDer Dextro Slinger ist in drei Gestellfarben und sieben Plattenfarben erh\u00e4ltlich, so dass Sie den Schreibtisch ganz nach Ihren pers\u00f6nlichen Vorlieben gestalten k\u00f6nnen. Und wenn Sie mehr Arbeitsfl\u00e4che ben\u00f6tigen, ist der Dextro Slinger auch als Dextro Slinger Duo, Dextro Basic, Dextro Plus, Dextro Plus Corner und Dextro Plus Duo erh\u00e4ltlich. \nMit dem Dextro Pendulum k\u00f6nnen Sie einfach und m\u00fchelos zwischen sitzender und stehender Arbeit wechseln, so dass Sie den ganzen Tag \u00fcber produktiv bleiben. Der Schreibtisch ist perfekt f\u00fcr Heimarbeiter, Freiberufler und alle, die einen ergonomischen Arbeitsplatz suchen, der eine gesunde Arbeitshaltung gew\u00e4hrleistet. \nBestellen Sie jetzt Ihren Dextro Pendulum Sitz-\/Stehtisch und entdecken Sie, wie einfach es ist, produktiv zu sein! Mit dem Pendel k\u00f6nnen Sie die H\u00f6he des Schreibtisches ganz einfach verstellen und mit den verschiedenen Farbkombinationen k\u00f6nnen Sie den Schreibtisch an Ihren pers\u00f6nlichen Stil anpassen. Erleben Sie jetzt die Vorteile eines ergonomischen Arbeitsplatzes!  \n<h6>Eigenschaften<\/h6>\n<ul>\n<li>H\u00f6henverstellung der Handkurbel<\/li>\n<li>H\u00f6henverstellbar von 69,5 bis 116 cm<\/li>\n<li>1 cm pro Pendelumdrehung<\/li>\n<li>Maximale Belastung: 70 kg<\/li>\n<li>Erweiterbar mit Kabelmanagement-Zubeh\u00f6r, CPU-Halter und Frontplattenstahl<\/li>\n<li>Verschiedene Farben f\u00fcr Oberteil und Rahmen<\/li>\n<li>Tischplatten aus 25 mm starkem Melamin<\/li>\n<li>Sockel aus Metall<\/li>\n<li>T-Fu\u00df mit verstellbaren F\u00fc\u00dfen<\/li>\n<li>Auch erh\u00e4ltlich als <a href=\"https:\/\/www.schaffenburg.nl\/shop\/snellever\/bureaus-snellever\/bureaus-zit-sta-snellever\/dextro-slinger-duo-zit-sta-bureaus\/\">Dextro sling Duo<\/a>, <a href=\"https:\/\/www.schaffenburg.nl\/shop\/snellever\/bureaus-snellever\/bureaus-zit-sta-snellever\/dextro-basic-elektrisch-bureau\/\" target=\"_blank\" rel=\"noopener noreferrer\">Dextro Basic<\/a>, <a href=\"https:\/\/www.schaffenburg.nl\/shop\/snellever\/bureaus-snellever\/bureaus-zit-sta-snellever\/dextro-plus-elektrisch-bureau\/\" target=\"_blank\" rel=\"noopener noreferrer\">Dextro Plus<\/a>, <a href=\"https:\/\/www.schaffenburg.nl\/shop\/snellever\/bureaus-snellever\/bureaus-zit-sta-snellever\/dextro-plus-hoek-opstelling-elektrisch-zit-sta-bureau\/\">Dextro Plus Corner<\/a> und <a href=\"https:\/\/www.schaffenburg.nl\/shop\/snellever\/bureaus-snellever\/bureaus-zit-sta-snellever\/dextro-plus-duo-bureaus\/\" target=\"_blank\" rel=\"noopener noreferrer\">Dextro Plus Duo<\/a><\/li>\n<\/ul>\n","protected":false},"excerpt":{"rendered":"<p>Der Dextro Pendulum Schreibtisch ist ein stabiler und h\u00f6henverstellbarer Sitz-Steh-Arbeitsplatz, den Sie leicht an Ihre pers\u00f6nlichen Vorlieben anpassen k\u00f6nnen. Mit seiner robusten Stahlkonstruktion und den verschiedenen Farbkombinationen passt dieser Schreibtisch in jedes Interieur. <\/p>\n","protected":false},"featured_media":16972,"comment_status":"closed","ping_status":"closed","template":"","meta":{"_acf_changed":false},"product_brand":[],"product_cat":[2882,2883,2140],"product_tag":[2143,2890,3685,5040,2148,2891,3726,5041,2285,2892,3829,2466,2900,4078,2468,2901,4079,2584,2902,4088,2618,2903,4204,2619,2904,4228,2620,2905,4352,2641,2906,4373,2643,2964,5034,2707,2972,5035,2711,3132,5036,2721,3617,5037,2886,3681,5038,2888,3683,5039],"class_list":{"0":"post-29995","1":"product","2":"type-product","3":"status-publish","4":"has-post-thumbnail","6":"product_cat-schreibtische","7":"product_cat-sitz-steh-schreibtische","8":"product_cat-schnelle-lieferung","9":"product_tag-nachhaltig","10":"product_tag-nivellierfuesse","11":"product_tag-gesundheit","12":"product_tag-verschiedene-grosen","13":"product_tag-entwurf","14":"product_tag-schreibtisch","15":"product_tag-garland","16":"product_tag-steh-sitz-losung","17":"product_tag-buro","18":"product_tag-dextro-de","19":"product_tag-innovation","20":"product_tag-qualitat","21":"product_tag-dextro-schleuder","22":"product_tag-schreibtisch-de","23":"product_tag-effizienz","24":"product_tag-frontplatte-aus-stahl","25":"product_tag-sesshafte-arbeit","26":"product_tag-anpassbar","27":"product_tag-hoehenverstellbar","28":"product_tag-konzentration","29":"product_tag-heimburo","30":"product_tag-buero","31":"product_tag-produktiv","32":"product_tag-buro-de","33":"product_tag-t-bein","34":"product_tag-steh-sitz-schreibtisch","35":"product_tag-kabelmanagement-de","36":"product_tag-tabelle","37":"product_tag-maximale-belastung-de","38":"product_tag-ergonomie-de","39":"product_tag-sit-sta","40":"product_tag-stahlkonstruktion","41":"product_tag-flexibilitat","42":"product_tag-stabil","43":"product_tag-gesunde-arbeitseinstellung","44":"product_tag-ergonomisch-de","45":"product_tag-von-zu-hause-aus-arbeiten","46":"product_tag-arbeitsbedingungen","47":"product_tag-bequem-de","48":"product_tag-arbeitsplatz-de","49":"product_tag-fokus","50":"product_tag-interieur-de","51":"product_tag-bunt","52":"product_tag-freiberufler","53":"product_tag-cpu-halter","54":"product_tag-von-zu-hause-aus-arbeiten-de","55":"product_tag-hohenverstellbar-de-2","56":"product_tag-melamin","57":"product_tag-einstellbar-de","58":"product_tag-arbeit-im-stehen","59":"pa_blad-kleur-eiche-robbson","60":"pa_blad-kleur-halifax-auswaerts","61":"pa_blad-kleur-havanna-kirsche-hell","62":"pa_blad-kleur-hellgrau","63":"pa_blad-kleur-honig-castello","64":"pa_blad-kleur-kreideweiss","65":"pa_blad-kleur-lindberg-oak-abgehend","66":"pa_blad-kleur-logan-eiche","67":"pa_blad-kleur-schatten-schwarz","68":"pa_diepte-80cm-de","69":"pa_diepte-90cm-de","70":"pa_frame-kleur-aluminium-ral9006-de","71":"pa_frame-kleur-schwarz-ral9011","72":"pa_frame-kleur-weiss-ral9010","73":"pa_hoogte-69-116-5cm","74":"pa_hoogte-75-124-5cm","75":"pa_hoogte-75-5-125cm","76":"pa_lengte-120cm-de","77":"pa_lengte-140cm-de","78":"pa_lengte-160cm-de","79":"pa_lengte-180cm-de","80":"pa_onderstel-verstellbarer-sitz-stehplatz-mit-kurbel","81":"pa_soorten-poot-t-bein","82":"pa_vorm-rechtwinklig","84":"first","85":"instock","86":"purchasable","87":"product-type-variable"},"acf":{"downloads":[{"label":"dextro-slinger-manual-french","bestand":26696,"toegankelijkheid":"resellers"},{"label":"dextro-slinger-manual-DE","bestand":26698,"toegankelijkheid":"resellers"},{"label":"dextro-slinger-manual-english","bestand":26700,"toegankelijkheid":"resellers"},{"label":"Factsheet-Dextro_Slinger","bestand":34646,"toegankelijkheid":"resellers"},{"label":"Datenblatt_OS_Dextro_slinger_2019-v4","bestand":34649,"toegankelijkheid":"resellers"}]},"yoast_head":"<!-- This site is optimized with the Yoast SEO plugin v26.7 - https:\/\/yoast.com\/wordpress\/plugins\/seo\/ -->\n<title>Dextro Slinger Sitz-Steh-Schreibtisch - Schaffenburg<\/title>\n<meta name=\"robots\" content=\"index, follow, max-snippet:-1, max-image-preview:large, max-video-preview:-1\" \/>\n<link rel=\"canonical\" href=\"https:\/\/portal.schaffenburg.nl\/de\/produkt\/dextro-slinger-sitz-steh-schreibtisch\/\" \/>\n<meta property=\"og:locale\" content=\"de_DE\" \/>\n<meta property=\"og:type\" content=\"article\" \/>\n<meta property=\"og:title\" content=\"Dextro Slinger Sitz-Steh-Schreibtisch - Schaffenburg\" \/>\n<meta property=\"og:description\" content=\"Der Dextro Pendulum Schreibtisch ist ein stabiler und h\u00f6henverstellbarer Sitz-Steh-Arbeitsplatz, den Sie leicht an Ihre pers\u00f6nlichen Vorlieben anpassen k\u00f6nnen. Mit seiner robusten Stahlkonstruktion und den verschiedenen Farbkombinationen passt dieser Schreibtisch in jedes Interieur.\" \/>\n<meta property=\"og:url\" content=\"https:\/\/portal.schaffenburg.nl\/de\/produkt\/dextro-slinger-sitz-steh-schreibtisch\/\" \/>\n<meta property=\"og:site_name\" content=\"Schaffenburg\" \/>\n<meta property=\"og:image\" content=\"https:\/\/portal.schaffenburg.nl\/wp-content\/uploads\/2024\/09\/Tafel_verhoging_dextro-slinger.jpg?wsr\" \/>\n\t<meta property=\"og:image:width\" content=\"1772\" \/>\n\t<meta property=\"og:image:height\" content=\"1772\" \/>\n\t<meta property=\"og:image:type\" content=\"image\/jpeg\" \/>\n<meta name=\"twitter:card\" content=\"summary_large_image\" \/>\n<meta name=\"twitter:label1\" content=\"Gesch\u00e4tzte Lesezeit\" \/>\n\t<meta name=\"twitter:data1\" content=\"2\u00a0Minuten\" \/>\n<script type=\"application\/ld+json\" class=\"yoast-schema-graph\">{\"@context\":\"https:\/\/schema.org\",\"@graph\":[{\"@type\":\"WebPage\",\"@id\":\"https:\/\/portal.schaffenburg.nl\/de\/produkt\/dextro-slinger-sitz-steh-schreibtisch\/\",\"url\":\"https:\/\/portal.schaffenburg.nl\/de\/produkt\/dextro-slinger-sitz-steh-schreibtisch\/\",\"name\":\"Dextro Slinger Sitz-Steh-Schreibtisch - Schaffenburg\",\"isPartOf\":{\"@id\":\"https:\/\/portal.schaffenburg.nl\/de\/#website\"},\"primaryImageOfPage\":{\"@id\":\"https:\/\/portal.schaffenburg.nl\/de\/produkt\/dextro-slinger-sitz-steh-schreibtisch\/#primaryimage\"},\"image\":{\"@id\":\"https:\/\/portal.schaffenburg.nl\/de\/produkt\/dextro-slinger-sitz-steh-schreibtisch\/#primaryimage\"},\"thumbnailUrl\":\"https:\/\/portal.schaffenburg.nl\/wp-content\/uploads\/2024\/09\/Tafel_verhoging_dextro-slinger.jpg?wsr\",\"datePublished\":\"2018-10-02T13:58:20+00:00\",\"breadcrumb\":{\"@id\":\"https:\/\/portal.schaffenburg.nl\/de\/produkt\/dextro-slinger-sitz-steh-schreibtisch\/#breadcrumb\"},\"inLanguage\":\"de\",\"potentialAction\":[{\"@type\":\"ReadAction\",\"target\":[\"https:\/\/portal.schaffenburg.nl\/de\/produkt\/dextro-slinger-sitz-steh-schreibtisch\/\"]}]},{\"@type\":\"ImageObject\",\"inLanguage\":\"de\",\"@id\":\"https:\/\/portal.schaffenburg.nl\/de\/produkt\/dextro-slinger-sitz-steh-schreibtisch\/#primaryimage\",\"url\":\"https:\/\/portal.schaffenburg.nl\/wp-content\/uploads\/2024\/09\/Tafel_verhoging_dextro-slinger.jpg?wsr\",\"contentUrl\":\"https:\/\/portal.schaffenburg.nl\/wp-content\/uploads\/2024\/09\/Tafel_verhoging_dextro-slinger.jpg?wsr\",\"width\":1772,\"height\":1772,\"caption\":\"Dextro Slinger Sitz-Steh-Schreibtisch\"},{\"@type\":\"BreadcrumbList\",\"@id\":\"https:\/\/portal.schaffenburg.nl\/de\/produkt\/dextro-slinger-sitz-steh-schreibtisch\/#breadcrumb\",\"itemListElement\":[{\"@type\":\"ListItem\",\"position\":1,\"name\":\"Home\",\"item\":\"https:\/\/portal.schaffenburg.nl\/de\/\"},{\"@type\":\"ListItem\",\"position\":2,\"name\":\"Dextro Slinger Sitz-Steh-Schreibtisch\"}]},{\"@type\":\"WebSite\",\"@id\":\"https:\/\/portal.schaffenburg.nl\/de\/#website\",\"url\":\"https:\/\/portal.schaffenburg.nl\/de\/\",\"name\":\"Schaffenburg\",\"description\":\"\",\"potentialAction\":[{\"@type\":\"SearchAction\",\"target\":{\"@type\":\"EntryPoint\",\"urlTemplate\":\"https:\/\/portal.schaffenburg.nl\/de\/?s={search_term_string}\"},\"query-input\":{\"@type\":\"PropertyValueSpecification\",\"valueRequired\":true,\"valueName\":\"search_term_string\"}}],\"inLanguage\":\"de\"}]}<\/script>\n<!-- \/ Yoast SEO plugin. -->","yoast_head_json":{"title":"Dextro Slinger Sitz-Steh-Schreibtisch - Schaffenburg","robots":{"index":"index","follow":"follow","max-snippet":"max-snippet:-1","max-image-preview":"max-image-preview:large","max-video-preview":"max-video-preview:-1"},"canonical":"https:\/\/portal.schaffenburg.nl\/de\/produkt\/dextro-slinger-sitz-steh-schreibtisch\/","og_locale":"de_DE","og_type":"article","og_title":"Dextro Slinger Sitz-Steh-Schreibtisch - Schaffenburg","og_description":"Der Dextro Pendulum Schreibtisch ist ein stabiler und h\u00f6henverstellbarer Sitz-Steh-Arbeitsplatz, den Sie leicht an Ihre pers\u00f6nlichen Vorlieben anpassen k\u00f6nnen. Mit seiner robusten Stahlkonstruktion und den verschiedenen Farbkombinationen passt dieser Schreibtisch in jedes Interieur.","og_url":"https:\/\/portal.schaffenburg.nl\/de\/produkt\/dextro-slinger-sitz-steh-schreibtisch\/","og_site_name":"Schaffenburg","og_image":[{"width":1772,"height":1772,"url":"https:\/\/portal.schaffenburg.nl\/wp-content\/uploads\/2024\/09\/Tafel_verhoging_dextro-slinger.jpg?wsr","type":"image\/jpeg"}],"twitter_card":"summary_large_image","twitter_misc":{"Gesch\u00e4tzte Lesezeit":"2\u00a0Minuten"},"schema":{"@context":"https:\/\/schema.org","@graph":[{"@type":"WebPage","@id":"https:\/\/portal.schaffenburg.nl\/de\/produkt\/dextro-slinger-sitz-steh-schreibtisch\/","url":"https:\/\/portal.schaffenburg.nl\/de\/produkt\/dextro-slinger-sitz-steh-schreibtisch\/","name":"Dextro Slinger Sitz-Steh-Schreibtisch - Schaffenburg","isPartOf":{"@id":"https:\/\/portal.schaffenburg.nl\/de\/#website"},"primaryImageOfPage":{"@id":"https:\/\/portal.schaffenburg.nl\/de\/produkt\/dextro-slinger-sitz-steh-schreibtisch\/#primaryimage"},"image":{"@id":"https:\/\/portal.schaffenburg.nl\/de\/produkt\/dextro-slinger-sitz-steh-schreibtisch\/#primaryimage"},"thumbnailUrl":"https:\/\/portal.schaffenburg.nl\/wp-content\/uploads\/2024\/09\/Tafel_verhoging_dextro-slinger.jpg?wsr","datePublished":"2018-10-02T13:58:20+00:00","breadcrumb":{"@id":"https:\/\/portal.schaffenburg.nl\/de\/produkt\/dextro-slinger-sitz-steh-schreibtisch\/#breadcrumb"},"inLanguage":"de","potentialAction":[{"@type":"ReadAction","target":["https:\/\/portal.schaffenburg.nl\/de\/produkt\/dextro-slinger-sitz-steh-schreibtisch\/"]}]},{"@type":"ImageObject","inLanguage":"de","@id":"https:\/\/portal.schaffenburg.nl\/de\/produkt\/dextro-slinger-sitz-steh-schreibtisch\/#primaryimage","url":"https:\/\/portal.schaffenburg.nl\/wp-content\/uploads\/2024\/09\/Tafel_verhoging_dextro-slinger.jpg?wsr","contentUrl":"https:\/\/portal.schaffenburg.nl\/wp-content\/uploads\/2024\/09\/Tafel_verhoging_dextro-slinger.jpg?wsr","width":1772,"height":1772,"caption":"Dextro Slinger Sitz-Steh-Schreibtisch"},{"@type":"BreadcrumbList","@id":"https:\/\/portal.schaffenburg.nl\/de\/produkt\/dextro-slinger-sitz-steh-schreibtisch\/#breadcrumb","itemListElement":[{"@type":"ListItem","position":1,"name":"Home","item":"https:\/\/portal.schaffenburg.nl\/de\/"},{"@type":"ListItem","position":2,"name":"Dextro Slinger Sitz-Steh-Schreibtisch"}]},{"@type":"WebSite","@id":"https:\/\/portal.schaffenburg.nl\/de\/#website","url":"https:\/\/portal.schaffenburg.nl\/de\/","name":"Schaffenburg","description":"","potentialAction":[{"@type":"SearchAction","target":{"@type":"EntryPoint","urlTemplate":"https:\/\/portal.schaffenburg.nl\/de\/?s={search_term_string}"},"query-input":{"@type":"PropertyValueSpecification","valueRequired":true,"valueName":"search_term_string"}}],"inLanguage":"de"}]}},"_links":{"self":[{"href":"https:\/\/portal.schaffenburg.nl\/de\/wp-json\/wp\/v2\/product\/29995","targetHints":{"allow":["GET"]}}],"collection":[{"href":"https:\/\/portal.schaffenburg.nl\/de\/wp-json\/wp\/v2\/product"}],"about":[{"href":"https:\/\/portal.schaffenburg.nl\/de\/wp-json\/wp\/v2\/types\/product"}],"replies":[{"embeddable":true,"href":"https:\/\/portal.schaffenburg.nl\/de\/wp-json\/wp\/v2\/comments?post=29995"}],"wp:featuredmedia":[{"embeddable":true,"href":"https:\/\/portal.schaffenburg.nl\/de\/wp-json\/wp\/v2\/media\/16972"}],"wp:attachment":[{"href":"https:\/\/portal.schaffenburg.nl\/de\/wp-json\/wp\/v2\/media?parent=29995"}],"wp:term":[{"taxonomy":"product_brand","embeddable":true,"href":"https:\/\/portal.schaffenburg.nl\/de\/wp-json\/wp\/v2\/product_brand?post=29995"},{"taxonomy":"product_cat","embeddable":true,"href":"https:\/\/portal.schaffenburg.nl\/de\/wp-json\/wp\/v2\/product_cat?post=29995"},{"taxonomy":"product_tag","embeddable":true,"href":"https:\/\/portal.schaffenburg.nl\/de\/wp-json\/wp\/v2\/product_tag?post=29995"}],"curies":[{"name":"wp","href":"https:\/\/api.w.org\/{rel}","templated":true}]}}