{"id":30134,"date":"2018-10-02T13:58:21","date_gmt":"2018-10-02T13:58:21","guid":{"rendered":"https:\/\/staging-schaffenburg.nl\/product\/dextro-basic-elektrischer-sitz-stehtisch\/"},"modified":"2018-10-02T13:58:21","modified_gmt":"2018-10-02T13:58:21","slug":"dextro-basic-elektrischer-sitz-stehtisch","status":"publish","type":"product","link":"https:\/\/portal.schaffenburg.nl\/de\/produkt\/dextro-basic-elektrischer-sitz-stehtisch\/","title":{"rendered":"Dextro Basic elektrischer Sitz-\/Stehtisch"},"content":{"rendered":"Lernen Sie den elektrischen Dextro Basic Sitz-Steh-Schreibtisch kennen: die L\u00f6sung f\u00fcr einen gesunden Arbeitsplatz. Per Knopfdruck vom Sitzen zum Stehen verstellbar. Die H\u00f6henverstellung ist dank des Elektromotors mit einer Geschwindigkeit von 38 mm pro Sekunde einfach. Die maximale Belastung betr\u00e4gt nicht weniger als 70 kg.   \nDieser Schreibtisch ist f\u00fcr das B\u00fcro, das Heimb\u00fcro und den Konferenzraum geeignet. Die einfache Montage und die praktische Verpackung erm\u00f6glichen es, den Schreibtisch selbst zusammenzubauen. W\u00e4hlen Sie aus drei Gestellfarben und sieben Plattenfarben, um den Schreibtisch an Ihre Bed\u00fcrfnisse anzupassen.  \nNeben der Standardversion kann der Dextro Basic Schreibtisch mit Kabelmanagement-Zubeh\u00f6r, CPU-Halter und Frontplatte aus Stahl erweitert werden. Die Bedienelemente des Schreibtisches befinden sich unter der Tischplatte und sind leicht zu erreichen. Die Tischplatten sind aus 25 mm starkem Melamin und das Metallgestell hat T-Beine mit verstellbaren F\u00fc\u00dfen.  \nDer Schreibtisch ist h\u00f6henverstellbar von 70,5 bis 116,5 cm und damit f\u00fcr jeden geeignet. Entscheiden Sie sich f\u00fcr eine gesunde Arbeitshaltung und beugen Sie R\u00fccken-, Nacken- und Schulterbeschwerden vor. M\u00f6chten Sie den Schreibtisch lieber manuell verstellen? Dann ist der Dextro Pendelschreibtisch vielleicht das Richtige f\u00fcr Sie. Oder entscheiden Sie sich f\u00fcr zus\u00e4tzliche Funktionalit\u00e4t mit dem Dextro Plus Schreibtisch, der mehr Zubeh\u00f6r und Erweiterungsm\u00f6glichkeiten bietet. Der Dextro Plus Duo Schreibtisch bietet sogar Platz f\u00fcr zwei Arbeitspl\u00e4tze!     \nDer elektrische Dextro Basic Sitz-\/Stehtisch ist die ideale Wahl f\u00fcr einen gesunden und ergonomischen Arbeitsplatz. Bestellen Sie jetzt und genie\u00dfen Sie die vielen Vorteile, die dieser Schreibtisch zu bieten hat. \n<h6>Eigenschaften<\/h6>\n<ul>\n<li>H\u00f6henverstellbar durch Elektromotor.<\/li>\n<li>H\u00f6henverstellbar von 70,5 bis 116,5 cm.<\/li>\n<li>38 mm pro Sekunde mit einem Motor.<\/li>\n<li>Maximale Belastung: 70 kg.<\/li>\n<li>Erweiterbar mit Kabelmanagement-Zubeh\u00f6r, CPU-Halter und Frontplattenstahl.<\/li>\n<li>Ausgestattet mit einer elektrischen H\u00f6henverstellung (Sitz-Steh-Arbeitsplatz).<\/li>\n<li>Bedienung mit Bedienfeld unter dem Deckel.<\/li>\n<li>Verschiedene Blatt- und Rahmenfarben.<\/li>\n<li>Tischplatten aus 25 mm dickem Melamin.<\/li>\n<li>Sockel aus Metall.<\/li>\n<li>T-Fu\u00df mit verstellbaren F\u00fc\u00dfen.<\/li>\n<li>Auch erh\u00e4ltlich als <a href=\"https:\/\/www.schaffenburg.nl\/shop\/snellever\/bureaus-snellever\/bureaus-zit-sta-snellever\/dextro-slinger-bureau\/\">Dextro Slinger<\/a>, <a href=\"https:\/\/www.schaffenburg.nl\/shop\/snellever\/bureaus-snellever\/bureaus-zit-sta-snellever\/dextro-plus-elektrisch-bureau\/\" target=\"_blank\" rel=\"noopener noreferrer\">Dextro Plus<\/a> und <a href=\"https:\/\/www.schaffenburg.nl\/shop\/snellever\/bureaus-snellever\/bureaus-zit-sta-snellever\/dextro-plus-duo-bureaus\/\" target=\"_blank\" rel=\"noopener noreferrer\">Dextro Plus Duo<\/a>.<\/li>\n<\/ul>\n","protected":false},"excerpt":{"rendered":"<p>Der elektrische Dextro Basic Sitz-\/Stehtisch ist ein einfacher verstellbarer Schreibtisch mit einem Motor. Geeignet f\u00fcr sitzende oder stehende Arbeit im B\u00fcro, Home Office und Konferenzraum. H\u00f6henverstellbar von 70,5 bis 116,5 cm und mit Zubeh\u00f6r erweiterbar. Erh\u00e4ltlich in verschiedenen Platten- und Gestellfarben.   <\/p>\n","protected":false},"featured_media":17030,"comment_status":"closed","ping_status":"closed","template":"","meta":{"_acf_changed":false},"product_brand":[],"product_cat":[2882,2883,2140],"product_tag":[2618,2905,4086,2619,2906,4157,2620,2907,4204,2707,2908,4228,2885,2909,4374,2886,2910,5034,2887,2911,5042,2888,2912,5043,2890,2913,5044,2891,2972,5045,2892,2974,5046,2143,2900,3133,5047,2285,2901,3676,5048,2295,2902,3679,5049,2572,2903,3683,2582,2904,3747],"class_list":{"0":"post-30134","1":"product","2":"type-product","3":"status-publish","4":"has-post-thumbnail","6":"product_cat-schreibtische","7":"product_cat-sitz-steh-schreibtische","8":"product_cat-schnelle-lieferung","9":"product_tag-heimburo","10":"product_tag-tabelle","11":"product_tag-gesunde-arbeit","12":"product_tag-buro-de","13":"product_tag-sit-sta","14":"product_tag-sitztiefe","15":"product_tag-kabelmanagement-de","16":"product_tag-bedienfeld","17":"product_tag-produktiv","18":"product_tag-ergonomisch-de","19":"product_tag-dextro-basic-de","20":"product_tag-steh-sitz-schreibtisch","21":"product_tag-blattfarben","22":"product_tag-dextro-plus-duo-de","23":"product_tag-dextro-plus-de","24":"product_tag-cpu-halter","25":"product_tag-elektrisch-de","26":"product_tag-gesunde-arbeitseinstellung","27":"product_tag-rahmenfarben","28":"product_tag-elektromotor-de","29":"product_tag-schulterbeschwerden","30":"product_tag-melamin","31":"product_tag-metallbasis","32":"product_tag-38-mm-s-de","33":"product_tag-nivellierfuesse","34":"product_tag-besprechungstisch","35":"product_tag-70-kg-de","36":"product_tag-schreibtisch","37":"product_tag-von-zu-hause-aus-arbeiten","38":"product_tag-ein-motor","39":"product_tag-dextro-de","40":"product_tag-basic-de","41":"product_tag-elektrischer-schreibtisch","42":"product_tag-nachhaltig","43":"product_tag-dextro-schleuder","44":"product_tag-zubehoer","45":"product_tag-manuell-einstellbar","46":"product_tag-buro","47":"product_tag-frontplatte-aus-stahl","48":"product_tag-nackenschmerzen","49":"product_tag-t-beine","50":"product_tag-solide-de","51":"product_tag-hoehenverstellbar","52":"product_tag-ruckenschmerzen","53":"product_tag-beschwerden-verhindern","54":"product_tag-elegant-de","55":"product_tag-buero","56":"product_tag-einstellbar-de","57":"product_tag-einfach-de-2","58":"product_tag-t-bein","59":"product_tag-5-cm-de","60":"pa_blad-kleur-eiche-robbson","61":"pa_blad-kleur-halifax-auswaerts","62":"pa_blad-kleur-havanna-kirsche-hell","63":"pa_blad-kleur-hellgrau","64":"pa_blad-kleur-honig-castello","65":"pa_blad-kleur-kreideweiss","66":"pa_blad-kleur-lindberg-oak-abgehend","67":"pa_blad-kleur-logan-eiche","68":"pa_blad-kleur-schatten-schwarz","69":"pa_bladsoort-25mm-melamin","70":"pa_diepte-80cm-de","71":"pa_diepte-90cm-de","72":"pa_frame-kleur-aluminium-ral9006-de","73":"pa_frame-kleur-schwarz-ral9011","74":"pa_frame-kleur-weiss-ral9010","75":"pa_hoogte-71-116-5cm","76":"pa_hoogte-75-5-125cm","77":"pa_lengte-120cm-de","78":"pa_lengte-140cm-de","79":"pa_lengte-160cm-de","80":"pa_lengte-180cm-de","81":"pa_onderstel-elektrische-sitz-stehverstellung","82":"pa_soorten-poot-t-bein","83":"pa_vorm-rechtwinklig","85":"first","86":"instock","87":"purchasable","88":"product-type-variable"},"acf":{"downloads":[{"label":"factsheet_OS_Dextro_basic_2019-v3","bestand":34653,"toegankelijkheid":"resellers"},{"label":"factsheet_OS_Dextro_basic_2019-v2","bestand":34656,"toegankelijkheid":"resellers"},{"label":"Factsheet_OS_Dextro_basic_2019-v1-neue-version","bestand":34659,"toegankelijkheid":"resellers"},{"label":"factsheet_OS_Dextro_basic_2019-v1-copy","bestand":34857,"toegankelijkheid":"resellers"},{"label":"factsheet_OS_Dextro_slinger_2019-v1-1","bestand":34860,"toegankelijkheid":"resellers"},{"label":"factsheet_OS_Dextro_Basic_2019-v1-1","bestand":34863,"toegankelijkheid":"resellers"},{"label":"factsheet_OS_Dextro_Basic_2019-v1","bestand":34866,"toegankelijkheid":"resellers"}]},"yoast_head":"<!-- This site is optimized with the Yoast SEO plugin v26.7 - https:\/\/yoast.com\/wordpress\/plugins\/seo\/ -->\n<title>Dextro Basic elektrischer Sitz-\/Stehtisch - Schaffenburg<\/title>\n<meta name=\"robots\" content=\"index, follow, max-snippet:-1, max-image-preview:large, max-video-preview:-1\" \/>\n<link rel=\"canonical\" href=\"https:\/\/portal.schaffenburg.nl\/de\/produkt\/dextro-basic-elektrischer-sitz-stehtisch\/\" \/>\n<meta property=\"og:locale\" content=\"de_DE\" \/>\n<meta property=\"og:type\" content=\"article\" \/>\n<meta property=\"og:title\" content=\"Dextro Basic elektrischer Sitz-\/Stehtisch - Schaffenburg\" \/>\n<meta property=\"og:description\" content=\"Der elektrische Dextro Basic Sitz-\/Stehtisch ist ein einfacher verstellbarer Schreibtisch mit einem Motor. Geeignet f\u00fcr sitzende oder stehende Arbeit im B\u00fcro, Home Office und Konferenzraum. H\u00f6henverstellbar von 70,5 bis 116,5 cm und mit Zubeh\u00f6r erweiterbar. Erh\u00e4ltlich in verschiedenen Platten- und Gestellfarben.\" \/>\n<meta property=\"og:url\" content=\"https:\/\/portal.schaffenburg.nl\/de\/produkt\/dextro-basic-elektrischer-sitz-stehtisch\/\" \/>\n<meta property=\"og:site_name\" content=\"Schaffenburg\" \/>\n<meta property=\"og:image\" content=\"https:\/\/portal.schaffenburg.nl\/wp-content\/uploads\/2024\/09\/Tafel_verhoging_dextro-basic.jpg?wsr\" \/>\n\t<meta property=\"og:image:width\" content=\"1772\" \/>\n\t<meta property=\"og:image:height\" content=\"1772\" \/>\n\t<meta property=\"og:image:type\" content=\"image\/jpeg\" \/>\n<meta name=\"twitter:card\" content=\"summary_large_image\" \/>\n<meta name=\"twitter:label1\" content=\"Gesch\u00e4tzte Lesezeit\" \/>\n\t<meta name=\"twitter:data1\" content=\"2\u00a0Minuten\" \/>\n<script type=\"application\/ld+json\" class=\"yoast-schema-graph\">{\"@context\":\"https:\/\/schema.org\",\"@graph\":[{\"@type\":\"WebPage\",\"@id\":\"https:\/\/portal.schaffenburg.nl\/de\/produkt\/dextro-basic-elektrischer-sitz-stehtisch\/\",\"url\":\"https:\/\/portal.schaffenburg.nl\/de\/produkt\/dextro-basic-elektrischer-sitz-stehtisch\/\",\"name\":\"Dextro Basic elektrischer Sitz-\/Stehtisch - Schaffenburg\",\"isPartOf\":{\"@id\":\"https:\/\/portal.schaffenburg.nl\/de\/#website\"},\"primaryImageOfPage\":{\"@id\":\"https:\/\/portal.schaffenburg.nl\/de\/produkt\/dextro-basic-elektrischer-sitz-stehtisch\/#primaryimage\"},\"image\":{\"@id\":\"https:\/\/portal.schaffenburg.nl\/de\/produkt\/dextro-basic-elektrischer-sitz-stehtisch\/#primaryimage\"},\"thumbnailUrl\":\"https:\/\/portal.schaffenburg.nl\/wp-content\/uploads\/2024\/09\/Tafel_verhoging_dextro-basic.jpg?wsr\",\"datePublished\":\"2018-10-02T13:58:21+00:00\",\"breadcrumb\":{\"@id\":\"https:\/\/portal.schaffenburg.nl\/de\/produkt\/dextro-basic-elektrischer-sitz-stehtisch\/#breadcrumb\"},\"inLanguage\":\"de\",\"potentialAction\":[{\"@type\":\"ReadAction\",\"target\":[\"https:\/\/portal.schaffenburg.nl\/de\/produkt\/dextro-basic-elektrischer-sitz-stehtisch\/\"]}]},{\"@type\":\"ImageObject\",\"inLanguage\":\"de\",\"@id\":\"https:\/\/portal.schaffenburg.nl\/de\/produkt\/dextro-basic-elektrischer-sitz-stehtisch\/#primaryimage\",\"url\":\"https:\/\/portal.schaffenburg.nl\/wp-content\/uploads\/2024\/09\/Tafel_verhoging_dextro-basic.jpg?wsr\",\"contentUrl\":\"https:\/\/portal.schaffenburg.nl\/wp-content\/uploads\/2024\/09\/Tafel_verhoging_dextro-basic.jpg?wsr\",\"width\":1772,\"height\":1772,\"caption\":\"Dextro Basic elektrischer Sitz-\/Stehtisch\"},{\"@type\":\"BreadcrumbList\",\"@id\":\"https:\/\/portal.schaffenburg.nl\/de\/produkt\/dextro-basic-elektrischer-sitz-stehtisch\/#breadcrumb\",\"itemListElement\":[{\"@type\":\"ListItem\",\"position\":1,\"name\":\"Home\",\"item\":\"https:\/\/portal.schaffenburg.nl\/de\/\"},{\"@type\":\"ListItem\",\"position\":2,\"name\":\"Dextro Basic elektrischer Sitz-\/Stehtisch\"}]},{\"@type\":\"WebSite\",\"@id\":\"https:\/\/portal.schaffenburg.nl\/de\/#website\",\"url\":\"https:\/\/portal.schaffenburg.nl\/de\/\",\"name\":\"Schaffenburg\",\"description\":\"\",\"potentialAction\":[{\"@type\":\"SearchAction\",\"target\":{\"@type\":\"EntryPoint\",\"urlTemplate\":\"https:\/\/portal.schaffenburg.nl\/de\/?s={search_term_string}\"},\"query-input\":{\"@type\":\"PropertyValueSpecification\",\"valueRequired\":true,\"valueName\":\"search_term_string\"}}],\"inLanguage\":\"de\"}]}<\/script>\n<!-- \/ Yoast SEO plugin. -->","yoast_head_json":{"title":"Dextro Basic elektrischer Sitz-\/Stehtisch - Schaffenburg","robots":{"index":"index","follow":"follow","max-snippet":"max-snippet:-1","max-image-preview":"max-image-preview:large","max-video-preview":"max-video-preview:-1"},"canonical":"https:\/\/portal.schaffenburg.nl\/de\/produkt\/dextro-basic-elektrischer-sitz-stehtisch\/","og_locale":"de_DE","og_type":"article","og_title":"Dextro Basic elektrischer Sitz-\/Stehtisch - Schaffenburg","og_description":"Der elektrische Dextro Basic Sitz-\/Stehtisch ist ein einfacher verstellbarer Schreibtisch mit einem Motor. Geeignet f\u00fcr sitzende oder stehende Arbeit im B\u00fcro, Home Office und Konferenzraum. H\u00f6henverstellbar von 70,5 bis 116,5 cm und mit Zubeh\u00f6r erweiterbar. Erh\u00e4ltlich in verschiedenen Platten- und Gestellfarben.","og_url":"https:\/\/portal.schaffenburg.nl\/de\/produkt\/dextro-basic-elektrischer-sitz-stehtisch\/","og_site_name":"Schaffenburg","og_image":[{"width":1772,"height":1772,"url":"https:\/\/portal.schaffenburg.nl\/wp-content\/uploads\/2024\/09\/Tafel_verhoging_dextro-basic.jpg?wsr","type":"image\/jpeg"}],"twitter_card":"summary_large_image","twitter_misc":{"Gesch\u00e4tzte Lesezeit":"2\u00a0Minuten"},"schema":{"@context":"https:\/\/schema.org","@graph":[{"@type":"WebPage","@id":"https:\/\/portal.schaffenburg.nl\/de\/produkt\/dextro-basic-elektrischer-sitz-stehtisch\/","url":"https:\/\/portal.schaffenburg.nl\/de\/produkt\/dextro-basic-elektrischer-sitz-stehtisch\/","name":"Dextro Basic elektrischer Sitz-\/Stehtisch - Schaffenburg","isPartOf":{"@id":"https:\/\/portal.schaffenburg.nl\/de\/#website"},"primaryImageOfPage":{"@id":"https:\/\/portal.schaffenburg.nl\/de\/produkt\/dextro-basic-elektrischer-sitz-stehtisch\/#primaryimage"},"image":{"@id":"https:\/\/portal.schaffenburg.nl\/de\/produkt\/dextro-basic-elektrischer-sitz-stehtisch\/#primaryimage"},"thumbnailUrl":"https:\/\/portal.schaffenburg.nl\/wp-content\/uploads\/2024\/09\/Tafel_verhoging_dextro-basic.jpg?wsr","datePublished":"2018-10-02T13:58:21+00:00","breadcrumb":{"@id":"https:\/\/portal.schaffenburg.nl\/de\/produkt\/dextro-basic-elektrischer-sitz-stehtisch\/#breadcrumb"},"inLanguage":"de","potentialAction":[{"@type":"ReadAction","target":["https:\/\/portal.schaffenburg.nl\/de\/produkt\/dextro-basic-elektrischer-sitz-stehtisch\/"]}]},{"@type":"ImageObject","inLanguage":"de","@id":"https:\/\/portal.schaffenburg.nl\/de\/produkt\/dextro-basic-elektrischer-sitz-stehtisch\/#primaryimage","url":"https:\/\/portal.schaffenburg.nl\/wp-content\/uploads\/2024\/09\/Tafel_verhoging_dextro-basic.jpg?wsr","contentUrl":"https:\/\/portal.schaffenburg.nl\/wp-content\/uploads\/2024\/09\/Tafel_verhoging_dextro-basic.jpg?wsr","width":1772,"height":1772,"caption":"Dextro Basic elektrischer Sitz-\/Stehtisch"},{"@type":"BreadcrumbList","@id":"https:\/\/portal.schaffenburg.nl\/de\/produkt\/dextro-basic-elektrischer-sitz-stehtisch\/#breadcrumb","itemListElement":[{"@type":"ListItem","position":1,"name":"Home","item":"https:\/\/portal.schaffenburg.nl\/de\/"},{"@type":"ListItem","position":2,"name":"Dextro Basic elektrischer Sitz-\/Stehtisch"}]},{"@type":"WebSite","@id":"https:\/\/portal.schaffenburg.nl\/de\/#website","url":"https:\/\/portal.schaffenburg.nl\/de\/","name":"Schaffenburg","description":"","potentialAction":[{"@type":"SearchAction","target":{"@type":"EntryPoint","urlTemplate":"https:\/\/portal.schaffenburg.nl\/de\/?s={search_term_string}"},"query-input":{"@type":"PropertyValueSpecification","valueRequired":true,"valueName":"search_term_string"}}],"inLanguage":"de"}]}},"_links":{"self":[{"href":"https:\/\/portal.schaffenburg.nl\/de\/wp-json\/wp\/v2\/product\/30134","targetHints":{"allow":["GET"]}}],"collection":[{"href":"https:\/\/portal.schaffenburg.nl\/de\/wp-json\/wp\/v2\/product"}],"about":[{"href":"https:\/\/portal.schaffenburg.nl\/de\/wp-json\/wp\/v2\/types\/product"}],"replies":[{"embeddable":true,"href":"https:\/\/portal.schaffenburg.nl\/de\/wp-json\/wp\/v2\/comments?post=30134"}],"wp:featuredmedia":[{"embeddable":true,"href":"https:\/\/portal.schaffenburg.nl\/de\/wp-json\/wp\/v2\/media\/17030"}],"wp:attachment":[{"href":"https:\/\/portal.schaffenburg.nl\/de\/wp-json\/wp\/v2\/media?parent=30134"}],"wp:term":[{"taxonomy":"product_brand","embeddable":true,"href":"https:\/\/portal.schaffenburg.nl\/de\/wp-json\/wp\/v2\/product_brand?post=30134"},{"taxonomy":"product_cat","embeddable":true,"href":"https:\/\/portal.schaffenburg.nl\/de\/wp-json\/wp\/v2\/product_cat?post=30134"},{"taxonomy":"product_tag","embeddable":true,"href":"https:\/\/portal.schaffenburg.nl\/de\/wp-json\/wp\/v2\/product_tag?post=30134"}],"curies":[{"name":"wp","href":"https:\/\/api.w.org\/{rel}","templated":true}]}}