{"id":30528,"date":"2018-10-02T13:58:21","date_gmt":"2018-10-02T11:58:21","guid":{"rendered":"https:\/\/staging-schaffenburg.nl\/product\/dextro-erhoehter-stift-fuer-duo-montage-an-der-wand\/"},"modified":"2018-10-02T13:58:21","modified_gmt":"2018-10-02T13:58:21","slug":"dextro-erhoehter-stift-fuer-duo-montage-an-der-wand","status":"publish","type":"product","link":"https:\/\/portal.schaffenburg.nl\/de\/produkt\/dextro-erhoehter-stift-fuer-duo-montage-an-der-wand\/","title":{"rendered":"Dextro erh\u00f6hter Stift f\u00fcr Duo-Montage an der Wand"},"content":{"rendered":"Der erh\u00f6hte Dextro-Stift f\u00fcr die Duo-Tischwand ist die L\u00f6sung f\u00fcr die Montage einer akustischen Tischwand am Mitteltr\u00e4ger des <a href=\"https:\/\/www.schaffenburg.nl\/shop\/snellever\/bureaus-snellever\/bureaus-zit-sta-snellever\/dextro-plus-duo-elektrische-zit-sta-bureaus\/\">Dextro Duo-Arbeitsplatzes<\/a>. Diese Stiftverbindung ist um nicht weniger als 100 mm erh\u00f6ht, was die Installation der Wand zu einem Kinderspiel macht. Sie schieben die Wand ganz einfach in den Stift und wenn Sie sie wieder herausnehmen m\u00f6chten, ist das ein Kinderspiel. Ideal zum Beispiel f\u00fcr die Reinigung der Wand.   \nAber das ist noch nicht alles! Der Pin ist in drei trendigen Farben erh\u00e4ltlich: Wei\u00df, Schwarz und Aluminium. So k\u00f6nnen Sie den Pin perfekt auf die Farbe Ihres Arbeitsplatzes abstimmen. Auf diese Weise sieht Ihr Arbeitsplatz nicht nur stilvoll aus, sondern ist auch praktisch zu benutzen.   \nAu\u00dferdem erleichtert der Stift die Installation einer Trenn- oder Vorsatzwand erheblich. Sie schieben die Trennwand einfach in den Stift und nehmen sie ebenso einfach wieder heraus. So k\u00f6nnen Sie Ihren Arbeitsplatz ohne viel Aufwand an Ihre W\u00fcnsche und Bed\u00fcrfnisse anpassen.  \nDer Stift ist eine bequeme und praktische L\u00f6sung zur Befestigung einer akustischen Vorsatzwand am Mitteltr\u00e4ger der Dextro Duo Workstation. Mit diesem Stift wird das Anbringen und Entfernen der Wand zum Kinderspiel, und Sie k\u00f6nnen Ihren Arbeitsplatz m\u00fchelos an Ihre Bed\u00fcrfnisse und Anforderungen anpassen. Entscheiden Sie sich jetzt f\u00fcr den erh\u00f6hten Dextro Stift f\u00fcr die Duo Desktop-Wand und genie\u00dfen Sie eine optimale Arbeitsumgebung!  \n<h6>Eigenschaften<\/h6>\n<ul>\n<li>Stiftverbindung f\u00fcr die Montage der oberen Wand am Tr\u00e4ger der Dextro Duo Workstation, 100 mm hoch. <\/li>\n<li>Geeignet f\u00fcr die <a href=\"https:\/\/www.schaffenburg.nl\/shop\/snellever\/bureaus-snellever\/bureaus-zit-sta-snellever\/dextro-plus-duo-elektrische-zit-sta-bureaus\/\">elektrischen Sitz-Steh-Tische Dextro Plus Duo<\/a> und <a href=\"https:\/\/www.schaffenburg.nl\/shop\/snellever\/bureaus-snellever\/bureaus-zit-sta-snellever\/dextro-slinger-duo-bureaus\/\">Dextro Slinger Duo<\/a><\/li>\n<li>Material: Metall<\/li>\n<li>Farben: Wei\u00df, Schwarz und Aluminium.<\/li>\n<\/ul>\n","protected":false},"excerpt":{"rendered":"<p>Der Dextro Hochstift ist die L\u00f6sung f\u00fcr die einfache Montage und Demontage einer akustischen Vorsatzwand am Mitteltr\u00e4ger der Dextro Duo Workstation. Erh\u00e4ltlich in Wei\u00df, Schwarz und Aluminium. <\/p>\n","protected":false},"featured_media":17038,"comment_status":"closed","ping_status":"closed","template":"","meta":{"_acf_changed":false},"product_brand":[],"product_cat":[2415,2140,3723],"product_tag":[2157,2722,4793,5070,2158,2892,4795,5071,2161,2964,4797,2164,3112,4799,2285,3132,4802,2424,3364,4803,2427,3599,4806,2433,3623,4807,2466,3624,4810,2469,3728,4811,2471,3999,4813,2472,4279,4816,2143,2583,4375,4818,2145,2622,4787,4820,2148,2720,4789,4821,2150,2721,4791,4823],"class_list":{"0":"post-30528","1":"product","2":"type-product","3":"status-publish","4":"has-post-thumbnail","6":"product_cat-schreibtisch-tischzubehor","7":"product_cat-schnelle-lieferung","8":"product_cat-partitionen","9":"product_tag-modern-de","10":"product_tag-pflegeleichte","11":"product_tag-dextro-duo-arbeitsplatz","12":"product_tag-100-mm-erhoht","13":"product_tag-stilvoll","14":"product_tag-dextro-de","15":"product_tag-mittelbalken-de","16":"product_tag-mehr","17":"product_tag-einfach","18":"product_tag-stabil","19":"product_tag-zusammenstellen","20":"product_tag-praktisch-de","21":"product_tag-robuste","22":"product_tag-eroffnungen","23":"product_tag-buro","24":"product_tag-arbeitsplatz-de","25":"product_tag-optimieren-sie","26":"product_tag-aluminium-de","27":"product_tag-wand-de","28":"product_tag-stift","29":"product_tag-weis","30":"product_tag-platzsparend","31":"product_tag-pin-anschluss","32":"product_tag-arbeitsumfeld","33":"product_tag-multifunktional","34":"product_tag-verbessern","35":"product_tag-qualitat","36":"product_tag-arbeitsbereich","37":"product_tag-innovativ-de","38":"product_tag-zubehor","39":"product_tag-duo-de","40":"product_tag-starken","41":"product_tag-effizient","42":"product_tag-trendy-de","43":"product_tag-entfernen","44":"product_tag-handy","45":"product_tag-reinigung","46":"product_tag-arbeit-de","47":"product_tag-nachhaltig","48":"product_tag-vielseitig","49":"product_tag-partition","50":"product_tag-arbeitsqualitat","51":"product_tag-schwarz","52":"product_tag-universal-de","53":"product_tag-studie-de-2","54":"product_tag-arbeitsplatz-accessoire-de","55":"product_tag-entwurf","56":"product_tag-flexibel-de","57":"product_tag-anpassen","58":"product_tag-arbeitsplatzmobel","59":"product_tag-funktional","60":"product_tag-interieur-de","61":"product_tag-akustik-anbauwand","62":"product_tag-arbeitsstation","63":"pa_kleuren-accessoires-aluminium-de","64":"pa_kleuren-accessoires-schwarz","65":"pa_kleuren-accessoires-weiss","66":"pa_lengte-stift","68":"first","69":"instock","70":"purchasable","71":"product-type-variable"},"acf":{"downloads":null},"yoast_head":"<!-- This site is optimized with the Yoast SEO plugin v26.7 - https:\/\/yoast.com\/wordpress\/plugins\/seo\/ -->\n<title>Dextro erh\u00f6hter Stift f\u00fcr Duo-Montage an der Wand - Schaffenburg<\/title>\n<meta name=\"robots\" content=\"index, follow, max-snippet:-1, max-image-preview:large, max-video-preview:-1\" \/>\n<link rel=\"canonical\" href=\"https:\/\/portal.schaffenburg.nl\/de\/produkt\/dextro-erhoehter-stift-fuer-duo-montage-an-der-wand\/\" \/>\n<meta property=\"og:locale\" content=\"de_DE\" \/>\n<meta property=\"og:type\" content=\"article\" \/>\n<meta property=\"og:title\" content=\"Dextro erh\u00f6hter Stift f\u00fcr Duo-Montage an der Wand - Schaffenburg\" \/>\n<meta property=\"og:description\" content=\"Der Dextro Hochstift ist die L\u00f6sung f\u00fcr die einfache Montage und Demontage einer akustischen Vorsatzwand am Mitteltr\u00e4ger der Dextro Duo Workstation. Erh\u00e4ltlich in Wei\u00df, Schwarz und Aluminium.\" \/>\n<meta property=\"og:url\" content=\"https:\/\/portal.schaffenburg.nl\/de\/produkt\/dextro-erhoehter-stift-fuer-duo-montage-an-der-wand\/\" \/>\n<meta property=\"og:site_name\" content=\"Schaffenburg\" \/>\n<meta property=\"article:modified_time\" content=\"2018-10-02T13:58:21+00:00\" \/>\n<meta property=\"og:image\" content=\"https:\/\/portal.schaffenburg.nl\/wp-content\/uploads\/2024\/09\/Verhoogde-pin.jpg?wsr\" \/>\n\t<meta property=\"og:image:width\" content=\"263\" \/>\n\t<meta property=\"og:image:height\" content=\"250\" \/>\n\t<meta property=\"og:image:type\" content=\"image\/jpeg\" \/>\n<meta name=\"twitter:card\" content=\"summary_large_image\" \/>\n<meta name=\"twitter:label1\" content=\"Gesch\u00e4tzte Lesezeit\" \/>\n\t<meta name=\"twitter:data1\" content=\"1\u00a0Minute\" \/>\n<script type=\"application\/ld+json\" class=\"yoast-schema-graph\">{\"@context\":\"https:\/\/schema.org\",\"@graph\":[{\"@type\":\"WebPage\",\"@id\":\"https:\/\/portal.schaffenburg.nl\/de\/produkt\/dextro-erhoehter-stift-fuer-duo-montage-an-der-wand\/\",\"url\":\"https:\/\/portal.schaffenburg.nl\/de\/produkt\/dextro-erhoehter-stift-fuer-duo-montage-an-der-wand\/\",\"name\":\"Dextro erh\u00f6hter Stift f\u00fcr Duo-Montage an der Wand - Schaffenburg\",\"isPartOf\":{\"@id\":\"https:\/\/portal.schaffenburg.nl\/de\/#website\"},\"primaryImageOfPage\":{\"@id\":\"https:\/\/portal.schaffenburg.nl\/de\/produkt\/dextro-erhoehter-stift-fuer-duo-montage-an-der-wand\/#primaryimage\"},\"image\":{\"@id\":\"https:\/\/portal.schaffenburg.nl\/de\/produkt\/dextro-erhoehter-stift-fuer-duo-montage-an-der-wand\/#primaryimage\"},\"thumbnailUrl\":\"https:\/\/portal.schaffenburg.nl\/wp-content\/uploads\/2024\/09\/Verhoogde-pin.jpg?wsr\",\"datePublished\":\"2018-10-02T11:58:21+00:00\",\"dateModified\":\"2018-10-02T13:58:21+00:00\",\"breadcrumb\":{\"@id\":\"https:\/\/portal.schaffenburg.nl\/de\/produkt\/dextro-erhoehter-stift-fuer-duo-montage-an-der-wand\/#breadcrumb\"},\"inLanguage\":\"de\",\"potentialAction\":[{\"@type\":\"ReadAction\",\"target\":[\"https:\/\/portal.schaffenburg.nl\/de\/produkt\/dextro-erhoehter-stift-fuer-duo-montage-an-der-wand\/\"]}]},{\"@type\":\"ImageObject\",\"inLanguage\":\"de\",\"@id\":\"https:\/\/portal.schaffenburg.nl\/de\/produkt\/dextro-erhoehter-stift-fuer-duo-montage-an-der-wand\/#primaryimage\",\"url\":\"https:\/\/portal.schaffenburg.nl\/wp-content\/uploads\/2024\/09\/Verhoogde-pin.jpg?wsr\",\"contentUrl\":\"https:\/\/portal.schaffenburg.nl\/wp-content\/uploads\/2024\/09\/Verhoogde-pin.jpg?wsr\",\"width\":263,\"height\":250,\"caption\":\"Dextro angehobener Stift\"},{\"@type\":\"BreadcrumbList\",\"@id\":\"https:\/\/portal.schaffenburg.nl\/de\/produkt\/dextro-erhoehter-stift-fuer-duo-montage-an-der-wand\/#breadcrumb\",\"itemListElement\":[{\"@type\":\"ListItem\",\"position\":1,\"name\":\"Home\",\"item\":\"https:\/\/portal.schaffenburg.nl\/de\/\"},{\"@type\":\"ListItem\",\"position\":2,\"name\":\"Dextro erh\u00f6hter Stift f\u00fcr Duo-Montage an der Wand\"}]},{\"@type\":\"WebSite\",\"@id\":\"https:\/\/portal.schaffenburg.nl\/de\/#website\",\"url\":\"https:\/\/portal.schaffenburg.nl\/de\/\",\"name\":\"Schaffenburg\",\"description\":\"\",\"potentialAction\":[{\"@type\":\"SearchAction\",\"target\":{\"@type\":\"EntryPoint\",\"urlTemplate\":\"https:\/\/portal.schaffenburg.nl\/de\/?s={search_term_string}\"},\"query-input\":{\"@type\":\"PropertyValueSpecification\",\"valueRequired\":true,\"valueName\":\"search_term_string\"}}],\"inLanguage\":\"de\"}]}<\/script>\n<!-- \/ Yoast SEO plugin. -->","yoast_head_json":{"title":"Dextro erh\u00f6hter Stift f\u00fcr Duo-Montage an der Wand - Schaffenburg","robots":{"index":"index","follow":"follow","max-snippet":"max-snippet:-1","max-image-preview":"max-image-preview:large","max-video-preview":"max-video-preview:-1"},"canonical":"https:\/\/portal.schaffenburg.nl\/de\/produkt\/dextro-erhoehter-stift-fuer-duo-montage-an-der-wand\/","og_locale":"de_DE","og_type":"article","og_title":"Dextro erh\u00f6hter Stift f\u00fcr Duo-Montage an der Wand - Schaffenburg","og_description":"Der Dextro Hochstift ist die L\u00f6sung f\u00fcr die einfache Montage und Demontage einer akustischen Vorsatzwand am Mitteltr\u00e4ger der Dextro Duo Workstation. Erh\u00e4ltlich in Wei\u00df, Schwarz und Aluminium.","og_url":"https:\/\/portal.schaffenburg.nl\/de\/produkt\/dextro-erhoehter-stift-fuer-duo-montage-an-der-wand\/","og_site_name":"Schaffenburg","article_modified_time":"2018-10-02T13:58:21+00:00","og_image":[{"width":263,"height":250,"url":"https:\/\/portal.schaffenburg.nl\/wp-content\/uploads\/2024\/09\/Verhoogde-pin.jpg?wsr","type":"image\/jpeg"}],"twitter_card":"summary_large_image","twitter_misc":{"Gesch\u00e4tzte Lesezeit":"1\u00a0Minute"},"schema":{"@context":"https:\/\/schema.org","@graph":[{"@type":"WebPage","@id":"https:\/\/portal.schaffenburg.nl\/de\/produkt\/dextro-erhoehter-stift-fuer-duo-montage-an-der-wand\/","url":"https:\/\/portal.schaffenburg.nl\/de\/produkt\/dextro-erhoehter-stift-fuer-duo-montage-an-der-wand\/","name":"Dextro erh\u00f6hter Stift f\u00fcr Duo-Montage an der Wand - Schaffenburg","isPartOf":{"@id":"https:\/\/portal.schaffenburg.nl\/de\/#website"},"primaryImageOfPage":{"@id":"https:\/\/portal.schaffenburg.nl\/de\/produkt\/dextro-erhoehter-stift-fuer-duo-montage-an-der-wand\/#primaryimage"},"image":{"@id":"https:\/\/portal.schaffenburg.nl\/de\/produkt\/dextro-erhoehter-stift-fuer-duo-montage-an-der-wand\/#primaryimage"},"thumbnailUrl":"https:\/\/portal.schaffenburg.nl\/wp-content\/uploads\/2024\/09\/Verhoogde-pin.jpg?wsr","datePublished":"2018-10-02T11:58:21+00:00","dateModified":"2018-10-02T13:58:21+00:00","breadcrumb":{"@id":"https:\/\/portal.schaffenburg.nl\/de\/produkt\/dextro-erhoehter-stift-fuer-duo-montage-an-der-wand\/#breadcrumb"},"inLanguage":"de","potentialAction":[{"@type":"ReadAction","target":["https:\/\/portal.schaffenburg.nl\/de\/produkt\/dextro-erhoehter-stift-fuer-duo-montage-an-der-wand\/"]}]},{"@type":"ImageObject","inLanguage":"de","@id":"https:\/\/portal.schaffenburg.nl\/de\/produkt\/dextro-erhoehter-stift-fuer-duo-montage-an-der-wand\/#primaryimage","url":"https:\/\/portal.schaffenburg.nl\/wp-content\/uploads\/2024\/09\/Verhoogde-pin.jpg?wsr","contentUrl":"https:\/\/portal.schaffenburg.nl\/wp-content\/uploads\/2024\/09\/Verhoogde-pin.jpg?wsr","width":263,"height":250,"caption":"Dextro angehobener Stift"},{"@type":"BreadcrumbList","@id":"https:\/\/portal.schaffenburg.nl\/de\/produkt\/dextro-erhoehter-stift-fuer-duo-montage-an-der-wand\/#breadcrumb","itemListElement":[{"@type":"ListItem","position":1,"name":"Home","item":"https:\/\/portal.schaffenburg.nl\/de\/"},{"@type":"ListItem","position":2,"name":"Dextro erh\u00f6hter Stift f\u00fcr Duo-Montage an der Wand"}]},{"@type":"WebSite","@id":"https:\/\/portal.schaffenburg.nl\/de\/#website","url":"https:\/\/portal.schaffenburg.nl\/de\/","name":"Schaffenburg","description":"","potentialAction":[{"@type":"SearchAction","target":{"@type":"EntryPoint","urlTemplate":"https:\/\/portal.schaffenburg.nl\/de\/?s={search_term_string}"},"query-input":{"@type":"PropertyValueSpecification","valueRequired":true,"valueName":"search_term_string"}}],"inLanguage":"de"}]}},"_links":{"self":[{"href":"https:\/\/portal.schaffenburg.nl\/de\/wp-json\/wp\/v2\/product\/30528","targetHints":{"allow":["GET"]}}],"collection":[{"href":"https:\/\/portal.schaffenburg.nl\/de\/wp-json\/wp\/v2\/product"}],"about":[{"href":"https:\/\/portal.schaffenburg.nl\/de\/wp-json\/wp\/v2\/types\/product"}],"replies":[{"embeddable":true,"href":"https:\/\/portal.schaffenburg.nl\/de\/wp-json\/wp\/v2\/comments?post=30528"}],"wp:featuredmedia":[{"embeddable":true,"href":"https:\/\/portal.schaffenburg.nl\/de\/wp-json\/wp\/v2\/media\/17038"}],"wp:attachment":[{"href":"https:\/\/portal.schaffenburg.nl\/de\/wp-json\/wp\/v2\/media?parent=30528"}],"wp:term":[{"taxonomy":"product_brand","embeddable":true,"href":"https:\/\/portal.schaffenburg.nl\/de\/wp-json\/wp\/v2\/product_brand?post=30528"},{"taxonomy":"product_cat","embeddable":true,"href":"https:\/\/portal.schaffenburg.nl\/de\/wp-json\/wp\/v2\/product_cat?post=30528"},{"taxonomy":"product_tag","embeddable":true,"href":"https:\/\/portal.schaffenburg.nl\/de\/wp-json\/wp\/v2\/product_tag?post=30528"}],"curies":[{"name":"wp","href":"https:\/\/api.w.org\/{rel}","templated":true}]}}